{"id":3120,"date":"2026-01-04T11:28:50","date_gmt":"2026-01-04T10:28:50","guid":{"rendered":"https:\/\/cornelliastudio.pl\/?post_type=product&#038;p=3120"},"modified":"2026-02-03T12:01:35","modified_gmt":"2026-02-03T11:01:35","slug":"srebrne-kolczyki-925-z-ornamentem-i-koralem-styl-boho","status":"publish","type":"product","link":"https:\/\/cornelliastudio.pl\/en\/product\/srebrne-kolczyki-925-z-ornamentem-i-koralem-styl-boho\/","title":{"rendered":"925 Sterling Silver Ornamental Earrings with Coral"},"content":{"rendered":"<h2 data-start=\"144\" data-end=\"191\"><strong data-start=\"144\" data-end=\"191\">925 Sterling Silver Ornamental Earrings with Coral<\/strong><\/h2>\n<p data-start=\"193\" data-end=\"446\">Handcrafted earrings made from 925 sterling silver, adorned with a decorative silver ornament and natural coral in a delicate teardrop shape. The classic design combined with a striking red accent creates elegant and timeless jewelry.<\/p>\n<p data-start=\"448\" data-end=\"651\">The earrings are finished with a comfortable <strong data-start=\"494\" data-end=\"518\">English lock fastening<\/strong>, which ensures wearing comfort and stability. The slim, elongated shape beautifully highlights the line of the neck and adds a sense of lightness to the overall look.<\/p>\n<p data-start=\"653\" data-end=\"787\">Each pair is handcrafted, so slight variations in details may occur, highlighting the unique character of handmade jewelry.<\/p>\n<h2 data-start=\"789\" data-end=\"812\"><strong data-start=\"789\" data-end=\"812\">Product details:<\/strong><\/h2>\n<ul data-start=\"813\" data-end=\"1128\">\n<li data-start=\"813\" data-end=\"847\">\n<p data-start=\"815\" data-end=\"847\">material: sterling  silver <strong data-start=\"838\" data-end=\"845\">925<\/strong><\/p>\n<\/li>\n<li data-start=\"848\" data-end=\"885\">\n<p data-start=\"850\" data-end=\"885\">decorative element: silver ornament<\/p>\n<\/li>\n<li data-start=\"886\" data-end=\"923\">\n<p data-start=\"888\" data-end=\"923\">ornament size: approx. <strong data-start=\"912\" data-end=\"921\">20 mm<\/strong><\/p>\n<\/li>\n<li data-start=\"924\" data-end=\"955\">\n<p data-start=\"926\" data-end=\"955\">stone: natural <strong data-start=\"944\" data-end=\"953\">coral<\/strong><\/p>\n<\/li>\n<li data-start=\"956\" data-end=\"985\">\n<p data-start=\"958\" data-end=\"985\">coral shape: <strong data-start=\"974\" data-end=\"983\">teardrop<\/strong><\/p>\n<\/li>\n<li data-start=\"986\" data-end=\"1023\">\n<p data-start=\"988\" data-end=\"1023\">coral dimensions: approx. <strong data-start=\"1008\" data-end=\"1021\">10 \u00d7 3 mm<\/strong><\/p>\n<\/li>\n<li data-start=\"1024\" data-end=\"1058\">\n<p data-start=\"1026\" data-end=\"1058\">closure: <strong data-start=\"1036\" data-end=\"1056\">English lock earrings hooks<\/strong><\/p>\n<\/li>\n<li data-start=\"1059\" data-end=\"1106\">\n<p data-start=\"1061\" data-end=\"1106\">total earring length: approx. <strong data-start=\"1094\" data-end=\"1104\">5,5 cm<\/strong><\/p>\n<\/li>\n<\/ul>","protected":false},"excerpt":{"rendered":"<h2>Boho Teardrop Coral Earrings in 925 Sterling Silver<\/h2>\n<p>Handmade boho earrings crafted from 925 sterling silver, adorned with an ornamental design and natural teardrop-shaped coral. Elegant, lightweight, and comfortable to wear thanks to the secure English lock fastening.<\/p>","protected":false},"featured_media":3122,"comment_status":"closed","ping_status":"closed","template":"","meta":{"_uag_custom_page_level_css":"","site-sidebar-layout":"default","site-content-layout":"","ast-site-content-layout":"default","site-content-style":"default","site-sidebar-style":"default","ast-global-header-display":"","ast-banner-title-visibility":"","ast-main-header-display":"","ast-hfb-above-header-display":"","ast-hfb-below-header-display":"","ast-hfb-mobile-header-display":"","site-post-title":"","ast-breadcrumbs-content":"","ast-featured-img":"","footer-sml-layout":"","ast-disable-related-posts":"","theme-transparent-header-meta":"default","adv-header-id-meta":"","stick-header-meta":"","header-above-stick-meta":"","header-main-stick-meta":"","header-below-stick-meta":"","astra-migrate-meta-layouts":"set","ast-page-background-enabled":"default","ast-page-background-meta":{"desktop":{"background-color":"var(--ast-global-color-4)","background-image":"","background-repeat":"repeat","background-position":"center center","background-size":"auto","background-attachment":"scroll","background-type":"","background-media":"","overlay-type":"","overlay-color":"","overlay-opacity":"","overlay-gradient":""},"tablet":{"background-color":"","background-image":"","background-repeat":"repeat","background-position":"center center","background-size":"auto","background-attachment":"scroll","background-type":"","background-media":"","overlay-type":"","overlay-color":"","overlay-opacity":"","overlay-gradient":""},"mobile":{"background-color":"","background-image":"","background-repeat":"repeat","background-position":"center center","background-size":"auto","background-attachment":"scroll","background-type":"","background-media":"","overlay-type":"","overlay-color":"","overlay-opacity":"","overlay-gradient":""}},"ast-content-background-meta":{"desktop":{"background-color":"var(--ast-global-color-5)","background-image":"","background-repeat":"repeat","background-position":"center center","background-size":"auto","background-attachment":"scroll","background-type":"","background-media":"","overlay-type":"","overlay-color":"","overlay-opacity":"","overlay-gradient":""},"tablet":{"background-color":"var(--ast-global-color-5)","background-image":"","background-repeat":"repeat","background-position":"center center","background-size":"auto","background-attachment":"scroll","background-type":"","background-media":"","overlay-type":"","overlay-color":"","overlay-opacity":"","overlay-gradient":""},"mobile":{"background-color":"var(--ast-global-color-5)","background-image":"","background-repeat":"repeat","background-position":"center center","background-size":"auto","background-attachment":"scroll","background-type":"","background-media":"","overlay-type":"","overlay-color":"","overlay-opacity":"","overlay-gradient":""}}},"product_brand":[],"product_cat":[28,31],"product_tag":[189,297,226,71,364,417,389,264,365,349,552,315,208,214],"class_list":{"0":"post-3120","1":"product","2":"type-product","3":"status-publish","4":"has-post-thumbnail","6":"product_cat-kolczyki","7":"product_cat-nowosci","8":"product_tag-bizuteria-handmade","9":"product_tag-bizuteria-srebrna","10":"product_tag-bizuteria-z-czerwonego-korala","11":"product_tag-boho_earrings","12":"product_tag-czerwone-kolczyki","13":"product_tag-kolczyki-boho-srebro","14":"product_tag-kolczyki-koral","15":"product_tag-kolczyki-na-prezent","16":"product_tag-kolczyki-srebrne-925","17":"product_tag-koral-czerwony","18":"product_tag-ornament-925","19":"product_tag-prezent-urodzinowy","20":"product_tag-srebro-proby-925","21":"product_tag-wyjatkowy-prezent","22":"desktop-align-left","23":"tablet-align-left","24":"mobile-align-left","26":"first","27":"outofstock","28":"taxable","29":"shipping-taxable","30":"purchasable","31":"product-type-simple"},"yoast_head":"<!-- This site is optimized with the Yoast SEO plugin v27.4 - https:\/\/yoast.com\/product\/yoast-seo-wordpress\/ -->\n<title>Srebrne kolczyki 925 z ornamentem i koralem \u2013 styl boho - Cornellia Studio<\/title>\n<meta name=\"robots\" content=\"index, follow, max-snippet:-1, max-image-preview:large, max-video-preview:-1\" \/>\n<link rel=\"canonical\" href=\"https:\/\/cornelliastudio.pl\/en\/product\/srebrne-kolczyki-925-z-ornamentem-i-koralem-styl-boho\/\" \/>\n<meta property=\"og:locale\" content=\"en_GB\" \/>\n<meta property=\"og:type\" content=\"article\" \/>\n<meta property=\"og:title\" content=\"Srebrne kolczyki 925 z ornamentem i koralem \u2013 styl boho - Cornellia Studio\" \/>\n<meta property=\"og:description\" content=\"Kolczyki boho z koralem w kszta\u0142cie \u0142ezki i srebrem 925 Boho kolczyki handmade wykonane ze srebra pr\u00f3by 925, ozdobione ornamentem oraz naturalnym koralem w kszta\u0142cie \u0142ezki. Eleganckie, lekkie i wygodne dzi\u0119ki zapi\u0119ciu angielskiemu.\" \/>\n<meta property=\"og:url\" content=\"https:\/\/cornelliastudio.pl\/en\/product\/srebrne-kolczyki-925-z-ornamentem-i-koralem-styl-boho\/\" \/>\n<meta property=\"og:site_name\" content=\"Cornellia Studio\" \/>\n<meta property=\"article:modified_time\" content=\"2026-02-03T11:01:35+00:00\" \/>\n<meta property=\"og:image\" content=\"https:\/\/cornelliastudio.pl\/wp-content\/uploads\/2026\/01\/20250422_172811-scaled.jpg\" \/>\n\t<meta property=\"og:image:width\" content=\"2560\" \/>\n\t<meta property=\"og:image:height\" content=\"2560\" \/>\n\t<meta property=\"og:image:type\" content=\"image\/jpeg\" \/>\n<meta name=\"twitter:card\" content=\"summary_large_image\" \/>\n<meta name=\"twitter:label1\" content=\"Estimated reading time\" \/>\n\t<meta name=\"twitter:data1\" content=\"1 minute\" \/>\n<script type=\"application\/ld+json\" class=\"yoast-schema-graph\">{\"@context\":\"https:\\\/\\\/schema.org\",\"@graph\":[{\"@type\":\"WebPage\",\"@id\":\"https:\\\/\\\/cornelliastudio.pl\\\/produkt\\\/srebrne-kolczyki-925-z-ornamentem-i-koralem-styl-boho\\\/\",\"url\":\"https:\\\/\\\/cornelliastudio.pl\\\/produkt\\\/srebrne-kolczyki-925-z-ornamentem-i-koralem-styl-boho\\\/\",\"name\":\"Srebrne kolczyki 925 z ornamentem i koralem \u2013 styl boho - Cornellia Studio\",\"isPartOf\":{\"@id\":\"https:\\\/\\\/cornelliastudio.pl\\\/#website\"},\"primaryImageOfPage\":{\"@id\":\"https:\\\/\\\/cornelliastudio.pl\\\/produkt\\\/srebrne-kolczyki-925-z-ornamentem-i-koralem-styl-boho\\\/#primaryimage\"},\"image\":{\"@id\":\"https:\\\/\\\/cornelliastudio.pl\\\/produkt\\\/srebrne-kolczyki-925-z-ornamentem-i-koralem-styl-boho\\\/#primaryimage\"},\"thumbnailUrl\":\"https:\\\/\\\/cornelliastudio.pl\\\/wp-content\\\/uploads\\\/2026\\\/01\\\/20250422_172811-scaled.jpg\",\"datePublished\":\"2026-01-04T10:28:50+00:00\",\"dateModified\":\"2026-02-03T11:01:35+00:00\",\"breadcrumb\":{\"@id\":\"https:\\\/\\\/cornelliastudio.pl\\\/produkt\\\/srebrne-kolczyki-925-z-ornamentem-i-koralem-styl-boho\\\/#breadcrumb\"},\"inLanguage\":\"en-GB\",\"potentialAction\":[{\"@type\":\"ReadAction\",\"target\":[\"https:\\\/\\\/cornelliastudio.pl\\\/produkt\\\/srebrne-kolczyki-925-z-ornamentem-i-koralem-styl-boho\\\/\"]}]},{\"@type\":\"ImageObject\",\"inLanguage\":\"en-GB\",\"@id\":\"https:\\\/\\\/cornelliastudio.pl\\\/produkt\\\/srebrne-kolczyki-925-z-ornamentem-i-koralem-styl-boho\\\/#primaryimage\",\"url\":\"https:\\\/\\\/cornelliastudio.pl\\\/wp-content\\\/uploads\\\/2026\\\/01\\\/20250422_172811-scaled.jpg\",\"contentUrl\":\"https:\\\/\\\/cornelliastudio.pl\\\/wp-content\\\/uploads\\\/2026\\\/01\\\/20250422_172811-scaled.jpg\",\"width\":2560,\"height\":2560},{\"@type\":\"BreadcrumbList\",\"@id\":\"https:\\\/\\\/cornelliastudio.pl\\\/produkt\\\/srebrne-kolczyki-925-z-ornamentem-i-koralem-styl-boho\\\/#breadcrumb\",\"itemListElement\":[{\"@type\":\"ListItem\",\"position\":1,\"name\":\"Strona g\u0142\u00f3wna\",\"item\":\"https:\\\/\\\/cornelliastudio.pl\\\/\"},{\"@type\":\"ListItem\",\"position\":2,\"name\":\"Sklep\",\"item\":\"https:\\\/\\\/cornelliastudio.pl\\\/sklep\\\/\"},{\"@type\":\"ListItem\",\"position\":3,\"name\":\"Srebrne kolczyki 925 z ornamentem i koralem \u2013 styl boho\"}]},{\"@type\":\"WebSite\",\"@id\":\"https:\\\/\\\/cornelliastudio.pl\\\/#website\",\"url\":\"https:\\\/\\\/cornelliastudio.pl\\\/\",\"name\":\"Cornellia Studio\",\"description\":\"Bi\u017cuteria artystyczna, hand made\",\"publisher\":{\"@id\":\"https:\\\/\\\/cornelliastudio.pl\\\/#organization\"},\"potentialAction\":[{\"@type\":\"SearchAction\",\"target\":{\"@type\":\"EntryPoint\",\"urlTemplate\":\"https:\\\/\\\/cornelliastudio.pl\\\/?s={search_term_string}\"},\"query-input\":{\"@type\":\"PropertyValueSpecification\",\"valueRequired\":true,\"valueName\":\"search_term_string\"}}],\"inLanguage\":\"en-GB\"},{\"@type\":\"Organization\",\"@id\":\"https:\\\/\\\/cornelliastudio.pl\\\/#organization\",\"name\":\"Cornellia Studio\",\"url\":\"https:\\\/\\\/cornelliastudio.pl\\\/\",\"logo\":{\"@type\":\"ImageObject\",\"inLanguage\":\"en-GB\",\"@id\":\"https:\\\/\\\/cornelliastudio.pl\\\/#\\\/schema\\\/logo\\\/image\\\/\",\"url\":\"https:\\\/\\\/cornelliastudio.pl\\\/wp-content\\\/uploads\\\/2025\\\/10\\\/Cornellia-Studio-logo.png\",\"contentUrl\":\"https:\\\/\\\/cornelliastudio.pl\\\/wp-content\\\/uploads\\\/2025\\\/10\\\/Cornellia-Studio-logo.png\",\"width\":1563,\"height\":1563,\"caption\":\"Cornellia Studio\"},\"image\":{\"@id\":\"https:\\\/\\\/cornelliastudio.pl\\\/#\\\/schema\\\/logo\\\/image\\\/\"}}]}<\/script>\n<!-- \/ Yoast SEO plugin. -->","yoast_head_json":{"title":"Srebrne kolczyki 925 z ornamentem i koralem \u2013 styl boho - Cornellia Studio","robots":{"index":"index","follow":"follow","max-snippet":"max-snippet:-1","max-image-preview":"max-image-preview:large","max-video-preview":"max-video-preview:-1"},"canonical":"https:\/\/cornelliastudio.pl\/en\/product\/srebrne-kolczyki-925-z-ornamentem-i-koralem-styl-boho\/","og_locale":"en_GB","og_type":"article","og_title":"Srebrne kolczyki 925 z ornamentem i koralem \u2013 styl boho - Cornellia Studio","og_description":"Kolczyki boho z koralem w kszta\u0142cie \u0142ezki i srebrem 925 Boho kolczyki handmade wykonane ze srebra pr\u00f3by 925, ozdobione ornamentem oraz naturalnym koralem w kszta\u0142cie \u0142ezki. Eleganckie, lekkie i wygodne dzi\u0119ki zapi\u0119ciu angielskiemu.","og_url":"https:\/\/cornelliastudio.pl\/en\/product\/srebrne-kolczyki-925-z-ornamentem-i-koralem-styl-boho\/","og_site_name":"Cornellia Studio","article_modified_time":"2026-02-03T11:01:35+00:00","og_image":[{"width":2560,"height":2560,"url":"https:\/\/cornelliastudio.pl\/wp-content\/uploads\/2026\/01\/20250422_172811-scaled.jpg","type":"image\/jpeg"}],"twitter_card":"summary_large_image","twitter_misc":{"Estimated reading time":"1 minute"},"schema":{"@context":"https:\/\/schema.org","@graph":[{"@type":"WebPage","@id":"https:\/\/cornelliastudio.pl\/produkt\/srebrne-kolczyki-925-z-ornamentem-i-koralem-styl-boho\/","url":"https:\/\/cornelliastudio.pl\/produkt\/srebrne-kolczyki-925-z-ornamentem-i-koralem-styl-boho\/","name":"Srebrne kolczyki 925 z ornamentem i koralem \u2013 styl boho - Cornellia Studio","isPartOf":{"@id":"https:\/\/cornelliastudio.pl\/#website"},"primaryImageOfPage":{"@id":"https:\/\/cornelliastudio.pl\/produkt\/srebrne-kolczyki-925-z-ornamentem-i-koralem-styl-boho\/#primaryimage"},"image":{"@id":"https:\/\/cornelliastudio.pl\/produkt\/srebrne-kolczyki-925-z-ornamentem-i-koralem-styl-boho\/#primaryimage"},"thumbnailUrl":"https:\/\/cornelliastudio.pl\/wp-content\/uploads\/2026\/01\/20250422_172811-scaled.jpg","datePublished":"2026-01-04T10:28:50+00:00","dateModified":"2026-02-03T11:01:35+00:00","breadcrumb":{"@id":"https:\/\/cornelliastudio.pl\/produkt\/srebrne-kolczyki-925-z-ornamentem-i-koralem-styl-boho\/#breadcrumb"},"inLanguage":"en-GB","potentialAction":[{"@type":"ReadAction","target":["https:\/\/cornelliastudio.pl\/produkt\/srebrne-kolczyki-925-z-ornamentem-i-koralem-styl-boho\/"]}]},{"@type":"ImageObject","inLanguage":"en-GB","@id":"https:\/\/cornelliastudio.pl\/produkt\/srebrne-kolczyki-925-z-ornamentem-i-koralem-styl-boho\/#primaryimage","url":"https:\/\/cornelliastudio.pl\/wp-content\/uploads\/2026\/01\/20250422_172811-scaled.jpg","contentUrl":"https:\/\/cornelliastudio.pl\/wp-content\/uploads\/2026\/01\/20250422_172811-scaled.jpg","width":2560,"height":2560},{"@type":"BreadcrumbList","@id":"https:\/\/cornelliastudio.pl\/produkt\/srebrne-kolczyki-925-z-ornamentem-i-koralem-styl-boho\/#breadcrumb","itemListElement":[{"@type":"ListItem","position":1,"name":"Strona g\u0142\u00f3wna","item":"https:\/\/cornelliastudio.pl\/"},{"@type":"ListItem","position":2,"name":"Sklep","item":"https:\/\/cornelliastudio.pl\/sklep\/"},{"@type":"ListItem","position":3,"name":"Srebrne kolczyki 925 z ornamentem i koralem \u2013 styl boho"}]},{"@type":"WebSite","@id":"https:\/\/cornelliastudio.pl\/#website","url":"https:\/\/cornelliastudio.pl\/","name":"Cornellia Studio","description":"Bi\u017cuteria artystyczna, hand made","publisher":{"@id":"https:\/\/cornelliastudio.pl\/#organization"},"potentialAction":[{"@type":"SearchAction","target":{"@type":"EntryPoint","urlTemplate":"https:\/\/cornelliastudio.pl\/?s={search_term_string}"},"query-input":{"@type":"PropertyValueSpecification","valueRequired":true,"valueName":"search_term_string"}}],"inLanguage":"en-GB"},{"@type":"Organization","@id":"https:\/\/cornelliastudio.pl\/#organization","name":"Cornellia Studio","url":"https:\/\/cornelliastudio.pl\/","logo":{"@type":"ImageObject","inLanguage":"en-GB","@id":"https:\/\/cornelliastudio.pl\/#\/schema\/logo\/image\/","url":"https:\/\/cornelliastudio.pl\/wp-content\/uploads\/2025\/10\/Cornellia-Studio-logo.png","contentUrl":"https:\/\/cornelliastudio.pl\/wp-content\/uploads\/2025\/10\/Cornellia-Studio-logo.png","width":1563,"height":1563,"caption":"Cornellia Studio"},"image":{"@id":"https:\/\/cornelliastudio.pl\/#\/schema\/logo\/image\/"}}]}},"uagb_featured_image_src":{"full":["https:\/\/cornelliastudio.pl\/wp-content\/uploads\/2026\/01\/20250422_172811-scaled.jpg",2560,2560,false],"thumbnail":["https:\/\/cornelliastudio.pl\/wp-content\/uploads\/2026\/01\/20250422_172811-150x150.jpg",150,150,true],"medium":["https:\/\/cornelliastudio.pl\/wp-content\/uploads\/2026\/01\/20250422_172811-300x300.jpg",300,300,true],"medium_large":["https:\/\/cornelliastudio.pl\/wp-content\/uploads\/2026\/01\/20250422_172811-768x768.jpg",768,768,true],"large":["https:\/\/cornelliastudio.pl\/wp-content\/uploads\/2026\/01\/20250422_172811-1024x1024.jpg",1024,1024,true],"1536x1536":["https:\/\/cornelliastudio.pl\/wp-content\/uploads\/2026\/01\/20250422_172811-1536x1536.jpg",1536,1536,true],"2048x2048":["https:\/\/cornelliastudio.pl\/wp-content\/uploads\/2026\/01\/20250422_172811-2048x2048.jpg",2048,2048,true],"trp-custom-language-flag":["https:\/\/cornelliastudio.pl\/wp-content\/uploads\/2026\/01\/20250422_172811-scaled.jpg",12,12,false],"woocommerce_thumbnail":["https:\/\/cornelliastudio.pl\/wp-content\/uploads\/2026\/01\/20250422_172811-300x300.jpg",300,300,true],"woocommerce_single":["https:\/\/cornelliastudio.pl\/wp-content\/uploads\/2026\/01\/20250422_172811-600x600.jpg",600,600,true],"woocommerce_gallery_thumbnail":["https:\/\/cornelliastudio.pl\/wp-content\/uploads\/2026\/01\/20250422_172811-100x100.jpg",100,100,true]},"uagb_author_info":{"display_name":"Cornellia Studio","author_link":"https:\/\/cornelliastudio.pl\/en\/author\/"},"uagb_comment_info":0,"uagb_excerpt":"Kolczyki boho z koralem w kszta\u0142cie \u0142ezki i srebrem 925 Boho kolczyki handmade wykonane ze srebra pr\u00f3by 925, ozdobione ornamentem oraz naturalnym koralem w kszta\u0142cie \u0142ezki. Eleganckie, lekkie i wygodne dzi\u0119ki zapi\u0119ciu angielskiemu.","_links":{"self":[{"href":"https:\/\/cornelliastudio.pl\/en\/wp-json\/wp\/v2\/product\/3120","targetHints":{"allow":["GET"]}}],"collection":[{"href":"https:\/\/cornelliastudio.pl\/en\/wp-json\/wp\/v2\/product"}],"about":[{"href":"https:\/\/cornelliastudio.pl\/en\/wp-json\/wp\/v2\/types\/product"}],"replies":[{"embeddable":true,"href":"https:\/\/cornelliastudio.pl\/en\/wp-json\/wp\/v2\/comments?post=3120"}],"wp:featuredmedia":[{"embeddable":true,"href":"https:\/\/cornelliastudio.pl\/en\/wp-json\/wp\/v2\/media\/3122"}],"wp:attachment":[{"href":"https:\/\/cornelliastudio.pl\/en\/wp-json\/wp\/v2\/media?parent=3120"}],"wp:term":[{"taxonomy":"product_brand","embeddable":true,"href":"https:\/\/cornelliastudio.pl\/en\/wp-json\/wp\/v2\/product_brand?post=3120"},{"taxonomy":"product_cat","embeddable":true,"href":"https:\/\/cornelliastudio.pl\/en\/wp-json\/wp\/v2\/product_cat?post=3120"},{"taxonomy":"product_tag","embeddable":true,"href":"https:\/\/cornelliastudio.pl\/en\/wp-json\/wp\/v2\/product_tag?post=3120"}],"curies":[{"name":"wp","href":"https:\/\/api.w.org\/{rel}","templated":true}]}}