{"id":3041,"date":"2025-12-17T17:50:59","date_gmt":"2025-12-17T16:50:59","guid":{"rendered":"https:\/\/cornelliastudio.pl\/?post_type=product&#038;p=3041"},"modified":"2025-12-17T17:51:01","modified_gmt":"2025-12-17T16:51:01","slug":"artystyczny-naszyjnik-lampwork-niebieskie-szklo-i-srebro-925","status":"publish","type":"product","link":"https:\/\/cornelliastudio.pl\/en\/product\/artystyczny-naszyjnik-lampwork-niebieskie-szklo-i-srebro-925\/","title":{"rendered":"Lampwork Necklace \u2013 Blue Glass &amp; 925 Sterling Silver"},"content":{"rendered":"<p data-start=\"183\" data-end=\"488\">A handcrafted necklace with a unique <strong data-start=\"223\" data-end=\"246\">lampwork bead<\/strong> in subtle shades of blue<strong data-start=\"261\" data-end=\"288\">\u00a0shades<\/strong>which captivates with its depth of color and delicate color transitions. The glass bead was created using the <strong data-start=\"386\" data-end=\"398\">lampwork technique<\/strong>making each piece unique and full of individual character.<\/p>\n<p data-start=\"490\" data-end=\"807\">The central element measures <strong data-start=\"520\" data-end=\"533\">10 \u00d7 8 mm<\/strong> is set in <strong data-start=\"553\" data-end=\"573\">925  sterling silver<\/strong>whose cool luster beautifully enhances the transparency and color of the glass. The necklace\u2019s minimalist design makes it perfect for everyday wear as well as a subtle accent for more elegant outfits.<\/p>\n<p data-start=\"809\" data-end=\"1168\"><strong data-start=\"809\" data-end=\"844\">Necklace length: approx. 46cm<\/strong>allowing the necklace to drape harmoniously along the neck.<\/p>\n<hr data-start=\"1170\" data-end=\"1173\" \/>\n<h2 data-start=\"1175\" data-end=\"1196\">Product details:<\/h2>\n<ul data-start=\"1198\" data-end=\"1629\">\n<li data-start=\"1198\" data-end=\"1232\">\n<p data-start=\"1200\" data-end=\"1232\"><strong data-start=\"1200\" data-end=\"1213\">Material:<\/strong> 925  sterling silver<\/p>\n<\/li>\n<li data-start=\"1233\" data-end=\"1293\">\n<p data-start=\"1235\" data-end=\"1293\"><strong data-start=\"1235\" data-end=\"1257\">Central element:<\/strong> handmade lampwork bead<\/p>\n<\/li>\n<li data-start=\"1294\" data-end=\"1339\">\n<p data-start=\"1296\" data-end=\"1339\"><strong data-start=\"1296\" data-end=\"1306\">Color:<\/strong> blue<\/p>\n<\/li>\n<li data-start=\"1340\" data-end=\"1375\">\n<p data-start=\"1342\" data-end=\"1375\"><strong data-start=\"1342\" data-end=\"1363\">Bead size:<\/strong> 10 \u00d7 8 mm<\/p>\n<\/li>\n<li data-start=\"1376\" data-end=\"1409\">\n<p data-start=\"1378\" data-end=\"1409\"><strong data-start=\"1378\" data-end=\"1401\">Necklace length:<\/strong> 46 cm<\/p>\n<\/li>\n<li data-start=\"1410\" data-end=\"1466\">\n<p data-start=\"1412\" data-end=\"1466\"><strong data-start=\"1412\" data-end=\"1425\">Technique:<\/strong> lampwork (flame-worked glass)<\/p>\n<\/li>\n<li data-start=\"1467\" data-end=\"1509\">\n<p data-start=\"1469\" data-end=\"1509\"><strong data-start=\"1469\" data-end=\"1478\">Style:<\/strong> minimalist, artistic<\/p>\n<\/li>\n<li data-start=\"1510\" data-end=\"1535\">\n<p data-start=\"1512\" data-end=\"1535\"><strong data-start=\"1512\" data-end=\"1526\">Craftsmanship:<\/strong> handcrafted<\/p>\n<\/li>\n<li data-start=\"1536\" data-end=\"1571\">\n<p data-start=\"1538\" data-end=\"1571\"><strong data-start=\"1538\" data-end=\"1552\">Studio:<\/strong> Cornellia Studio<\/p>\n<\/li>\n<li data-start=\"1572\" data-end=\"1629\">\n<p data-start=\"1574\" data-end=\"1629\"><strong data-start=\"1574\" data-end=\"1590\">Uniqueness:<\/strong> each piece is unique<\/p>\n<\/li>\n<\/ul>","protected":false},"excerpt":{"rendered":"<p>R\u0119cznie wykonany naszyjnik z unikatowym koralikiem lampwork w subtelnych, niebieskich\u00a0odcieniach, kt\u00f3ry zachwyca g\u0142\u0119bi\u0105 koloru i delikatnymi przej\u015bciami barw. Szklany koralik powsta\u0142 w technice lampwork, dzi\u0119ki czemu ka\u017cdy egzemplarz jest niepowtarzalny i posiada sw\u00f3j indywidualny charakter. Centralny element o wymiarach 10 \u00d7 8 mm zosta\u0142 oprawiony w srebro pr\u00f3by 925, kt\u00f3rego ch\u0142odny blask pi\u0119knie podkre\u015bla transparentno\u015b\u0107 [&hellip;]<\/p>\n","protected":false},"featured_media":3047,"comment_status":"closed","ping_status":"closed","template":"","meta":{"_uag_custom_page_level_css":"","site-sidebar-layout":"default","site-content-layout":"","ast-site-content-layout":"default","site-content-style":"default","site-sidebar-style":"default","ast-global-header-display":"","ast-banner-title-visibility":"","ast-main-header-display":"","ast-hfb-above-header-display":"","ast-hfb-below-header-display":"","ast-hfb-mobile-header-display":"","site-post-title":"","ast-breadcrumbs-content":"","ast-featured-img":"","footer-sml-layout":"","ast-disable-related-posts":"","theme-transparent-header-meta":"default","adv-header-id-meta":"","stick-header-meta":"","header-above-stick-meta":"","header-main-stick-meta":"","header-below-stick-meta":"","astra-migrate-meta-layouts":"set","ast-page-background-enabled":"default","ast-page-background-meta":{"desktop":{"background-color":"var(--ast-global-color-4)","background-image":"","background-repeat":"repeat","background-position":"center center","background-size":"auto","background-attachment":"scroll","background-type":"","background-media":"","overlay-type":"","overlay-color":"","overlay-opacity":"","overlay-gradient":""},"tablet":{"background-color":"","background-image":"","background-repeat":"repeat","background-position":"center center","background-size":"auto","background-attachment":"scroll","background-type":"","background-media":"","overlay-type":"","overlay-color":"","overlay-opacity":"","overlay-gradient":""},"mobile":{"background-color":"","background-image":"","background-repeat":"repeat","background-position":"center center","background-size":"auto","background-attachment":"scroll","background-type":"","background-media":"","overlay-type":"","overlay-color":"","overlay-opacity":"","overlay-gradient":""}},"ast-content-background-meta":{"desktop":{"background-color":"var(--ast-global-color-5)","background-image":"","background-repeat":"repeat","background-position":"center center","background-size":"auto","background-attachment":"scroll","background-type":"","background-media":"","overlay-type":"","overlay-color":"","overlay-opacity":"","overlay-gradient":""},"tablet":{"background-color":"var(--ast-global-color-5)","background-image":"","background-repeat":"repeat","background-position":"center center","background-size":"auto","background-attachment":"scroll","background-type":"","background-media":"","overlay-type":"","overlay-color":"","overlay-opacity":"","overlay-gradient":""},"mobile":{"background-color":"var(--ast-global-color-5)","background-image":"","background-repeat":"repeat","background-position":"center center","background-size":"auto","background-attachment":"scroll","background-type":"","background-media":"","overlay-type":"","overlay-color":"","overlay-opacity":"","overlay-gradient":""}}},"product_brand":[],"product_cat":[38],"product_tag":[319,189,297,370,543,369,542,346,344,410,215,256,288,214],"class_list":{"0":"post-3041","1":"product","2":"type-product","3":"status-publish","4":"has-post-thumbnail","6":"product_cat-naszyjniki-pendants","7":"product_tag-artystycznay-naszyjnik","8":"product_tag-bizuteria-handmade","9":"product_tag-bizuteria-srebrna","10":"product_tag-cobalt-lampwork","11":"product_tag-handmade-lampwork","12":"product_tag-lampwork","13":"product_tag-naszyjnik-lampwork","14":"product_tag-naszyjnik-minimalistyczny","15":"product_tag-naszyjnik-srebro-925","16":"product_tag-prezent-dla-niej-bizuteria","17":"product_tag-srebro-925","18":"product_tag-srebro-925-handmade","19":"product_tag-szklo-lampwork","20":"product_tag-wyjatkowy-prezent","21":"pa_dlugosc-naszyjnika-36cm","22":"pa_dlugosc-naszyjnika-46cm","23":"pa_dlugosc-naszyjnika-58cm","24":"pa_dlugosc-naszyjnika-71cm","25":"pa_dlugosc-naszyjnika-86cm","26":"desktop-align-left","27":"tablet-align-left","28":"mobile-align-left","30":"first","31":"instock","32":"taxable","33":"shipping-taxable","34":"purchasable","35":"product-type-variable"},"yoast_head":"<!-- This site is optimized with the Yoast SEO plugin v27.4 - https:\/\/yoast.com\/product\/yoast-seo-wordpress\/ -->\n<title>Artystyczny naszyjnik lampwork \u2013 niebieskie szk\u0142o i srebro 925 - Cornellia Studio<\/title>\n<meta name=\"robots\" content=\"index, follow, max-snippet:-1, max-image-preview:large, max-video-preview:-1\" \/>\n<link rel=\"canonical\" href=\"https:\/\/cornelliastudio.pl\/en\/product\/artystyczny-naszyjnik-lampwork-niebieskie-szklo-i-srebro-925\/\" \/>\n<meta property=\"og:locale\" content=\"en_GB\" \/>\n<meta property=\"og:type\" content=\"article\" \/>\n<meta property=\"og:title\" content=\"Artystyczny naszyjnik lampwork \u2013 niebieskie szk\u0142o i srebro 925 - Cornellia Studio\" \/>\n<meta property=\"og:description\" content=\"R\u0119cznie wykonany naszyjnik z unikatowym koralikiem lampwork w subtelnych, niebieskich\u00a0odcieniach, kt\u00f3ry zachwyca g\u0142\u0119bi\u0105 koloru i delikatnymi przej\u015bciami barw. Szklany koralik powsta\u0142 w technice lampwork, dzi\u0119ki czemu ka\u017cdy egzemplarz jest niepowtarzalny i posiada sw\u00f3j indywidualny charakter. Centralny element o wymiarach 10 \u00d7 8 mm zosta\u0142 oprawiony w srebro pr\u00f3by 925, kt\u00f3rego ch\u0142odny blask pi\u0119knie podkre\u015bla transparentno\u015b\u0107 [&hellip;]\" \/>\n<meta property=\"og:url\" content=\"https:\/\/cornelliastudio.pl\/en\/product\/artystyczny-naszyjnik-lampwork-niebieskie-szklo-i-srebro-925\/\" \/>\n<meta property=\"og:site_name\" content=\"Cornellia Studio\" \/>\n<meta property=\"article:modified_time\" content=\"2025-12-17T16:51:01+00:00\" \/>\n<meta property=\"og:image\" content=\"https:\/\/cornelliastudio.pl\/wp-content\/uploads\/2025\/12\/DSC00577-1-scaled.jpg\" \/>\n\t<meta property=\"og:image:width\" content=\"2560\" \/>\n\t<meta property=\"og:image:height\" content=\"1707\" \/>\n\t<meta property=\"og:image:type\" content=\"image\/jpeg\" \/>\n<meta name=\"twitter:card\" content=\"summary_large_image\" \/>\n<meta name=\"twitter:label1\" content=\"Estimated reading time\" \/>\n\t<meta name=\"twitter:data1\" content=\"2 minutes\" \/>\n<script type=\"application\/ld+json\" class=\"yoast-schema-graph\">{\"@context\":\"https:\\\/\\\/schema.org\",\"@graph\":[{\"@type\":\"WebPage\",\"@id\":\"https:\\\/\\\/cornelliastudio.pl\\\/produkt\\\/artystyczny-naszyjnik-lampwork-niebieskie-szklo-i-srebro-925\\\/\",\"url\":\"https:\\\/\\\/cornelliastudio.pl\\\/produkt\\\/artystyczny-naszyjnik-lampwork-niebieskie-szklo-i-srebro-925\\\/\",\"name\":\"Artystyczny naszyjnik lampwork \u2013 niebieskie szk\u0142o i srebro 925 - Cornellia Studio\",\"isPartOf\":{\"@id\":\"https:\\\/\\\/cornelliastudio.pl\\\/#website\"},\"primaryImageOfPage\":{\"@id\":\"https:\\\/\\\/cornelliastudio.pl\\\/produkt\\\/artystyczny-naszyjnik-lampwork-niebieskie-szklo-i-srebro-925\\\/#primaryimage\"},\"image\":{\"@id\":\"https:\\\/\\\/cornelliastudio.pl\\\/produkt\\\/artystyczny-naszyjnik-lampwork-niebieskie-szklo-i-srebro-925\\\/#primaryimage\"},\"thumbnailUrl\":\"https:\\\/\\\/cornelliastudio.pl\\\/wp-content\\\/uploads\\\/2025\\\/12\\\/DSC00577-1-scaled.jpg\",\"datePublished\":\"2025-12-17T16:50:59+00:00\",\"dateModified\":\"2025-12-17T16:51:01+00:00\",\"breadcrumb\":{\"@id\":\"https:\\\/\\\/cornelliastudio.pl\\\/produkt\\\/artystyczny-naszyjnik-lampwork-niebieskie-szklo-i-srebro-925\\\/#breadcrumb\"},\"inLanguage\":\"en-GB\",\"potentialAction\":[{\"@type\":\"ReadAction\",\"target\":[\"https:\\\/\\\/cornelliastudio.pl\\\/produkt\\\/artystyczny-naszyjnik-lampwork-niebieskie-szklo-i-srebro-925\\\/\"]}]},{\"@type\":\"ImageObject\",\"inLanguage\":\"en-GB\",\"@id\":\"https:\\\/\\\/cornelliastudio.pl\\\/produkt\\\/artystyczny-naszyjnik-lampwork-niebieskie-szklo-i-srebro-925\\\/#primaryimage\",\"url\":\"https:\\\/\\\/cornelliastudio.pl\\\/wp-content\\\/uploads\\\/2025\\\/12\\\/DSC00577-1-scaled.jpg\",\"contentUrl\":\"https:\\\/\\\/cornelliastudio.pl\\\/wp-content\\\/uploads\\\/2025\\\/12\\\/DSC00577-1-scaled.jpg\",\"width\":2560,\"height\":1707},{\"@type\":\"BreadcrumbList\",\"@id\":\"https:\\\/\\\/cornelliastudio.pl\\\/produkt\\\/artystyczny-naszyjnik-lampwork-niebieskie-szklo-i-srebro-925\\\/#breadcrumb\",\"itemListElement\":[{\"@type\":\"ListItem\",\"position\":1,\"name\":\"Strona g\u0142\u00f3wna\",\"item\":\"https:\\\/\\\/cornelliastudio.pl\\\/\"},{\"@type\":\"ListItem\",\"position\":2,\"name\":\"Sklep\",\"item\":\"https:\\\/\\\/cornelliastudio.pl\\\/sklep\\\/\"},{\"@type\":\"ListItem\",\"position\":3,\"name\":\"Artystyczny naszyjnik lampwork \u2013 niebieskie szk\u0142o i srebro 925\"}]},{\"@type\":\"WebSite\",\"@id\":\"https:\\\/\\\/cornelliastudio.pl\\\/#website\",\"url\":\"https:\\\/\\\/cornelliastudio.pl\\\/\",\"name\":\"Cornellia Studio\",\"description\":\"Bi\u017cuteria artystyczna, hand made\",\"publisher\":{\"@id\":\"https:\\\/\\\/cornelliastudio.pl\\\/#organization\"},\"potentialAction\":[{\"@type\":\"SearchAction\",\"target\":{\"@type\":\"EntryPoint\",\"urlTemplate\":\"https:\\\/\\\/cornelliastudio.pl\\\/?s={search_term_string}\"},\"query-input\":{\"@type\":\"PropertyValueSpecification\",\"valueRequired\":true,\"valueName\":\"search_term_string\"}}],\"inLanguage\":\"en-GB\"},{\"@type\":\"Organization\",\"@id\":\"https:\\\/\\\/cornelliastudio.pl\\\/#organization\",\"name\":\"Cornellia Studio\",\"url\":\"https:\\\/\\\/cornelliastudio.pl\\\/\",\"logo\":{\"@type\":\"ImageObject\",\"inLanguage\":\"en-GB\",\"@id\":\"https:\\\/\\\/cornelliastudio.pl\\\/#\\\/schema\\\/logo\\\/image\\\/\",\"url\":\"https:\\\/\\\/cornelliastudio.pl\\\/wp-content\\\/uploads\\\/2025\\\/10\\\/Cornellia-Studio-logo.png\",\"contentUrl\":\"https:\\\/\\\/cornelliastudio.pl\\\/wp-content\\\/uploads\\\/2025\\\/10\\\/Cornellia-Studio-logo.png\",\"width\":1563,\"height\":1563,\"caption\":\"Cornellia Studio\"},\"image\":{\"@id\":\"https:\\\/\\\/cornelliastudio.pl\\\/#\\\/schema\\\/logo\\\/image\\\/\"}}]}<\/script>\n<!-- \/ Yoast SEO plugin. -->","yoast_head_json":{"title":"Artystyczny naszyjnik lampwork \u2013 niebieskie szk\u0142o i srebro 925 - Cornellia Studio","robots":{"index":"index","follow":"follow","max-snippet":"max-snippet:-1","max-image-preview":"max-image-preview:large","max-video-preview":"max-video-preview:-1"},"canonical":"https:\/\/cornelliastudio.pl\/en\/product\/artystyczny-naszyjnik-lampwork-niebieskie-szklo-i-srebro-925\/","og_locale":"en_GB","og_type":"article","og_title":"Artystyczny naszyjnik lampwork \u2013 niebieskie szk\u0142o i srebro 925 - Cornellia Studio","og_description":"R\u0119cznie wykonany naszyjnik z unikatowym koralikiem lampwork w subtelnych, niebieskich\u00a0odcieniach, kt\u00f3ry zachwyca g\u0142\u0119bi\u0105 koloru i delikatnymi przej\u015bciami barw. Szklany koralik powsta\u0142 w technice lampwork, dzi\u0119ki czemu ka\u017cdy egzemplarz jest niepowtarzalny i posiada sw\u00f3j indywidualny charakter. Centralny element o wymiarach 10 \u00d7 8 mm zosta\u0142 oprawiony w srebro pr\u00f3by 925, kt\u00f3rego ch\u0142odny blask pi\u0119knie podkre\u015bla transparentno\u015b\u0107 [&hellip;]","og_url":"https:\/\/cornelliastudio.pl\/en\/product\/artystyczny-naszyjnik-lampwork-niebieskie-szklo-i-srebro-925\/","og_site_name":"Cornellia Studio","article_modified_time":"2025-12-17T16:51:01+00:00","og_image":[{"width":2560,"height":1707,"url":"https:\/\/cornelliastudio.pl\/wp-content\/uploads\/2025\/12\/DSC00577-1-scaled.jpg","type":"image\/jpeg"}],"twitter_card":"summary_large_image","twitter_misc":{"Estimated reading time":"2 minutes"},"schema":{"@context":"https:\/\/schema.org","@graph":[{"@type":"WebPage","@id":"https:\/\/cornelliastudio.pl\/produkt\/artystyczny-naszyjnik-lampwork-niebieskie-szklo-i-srebro-925\/","url":"https:\/\/cornelliastudio.pl\/produkt\/artystyczny-naszyjnik-lampwork-niebieskie-szklo-i-srebro-925\/","name":"Artystyczny naszyjnik lampwork \u2013 niebieskie szk\u0142o i srebro 925 - Cornellia Studio","isPartOf":{"@id":"https:\/\/cornelliastudio.pl\/#website"},"primaryImageOfPage":{"@id":"https:\/\/cornelliastudio.pl\/produkt\/artystyczny-naszyjnik-lampwork-niebieskie-szklo-i-srebro-925\/#primaryimage"},"image":{"@id":"https:\/\/cornelliastudio.pl\/produkt\/artystyczny-naszyjnik-lampwork-niebieskie-szklo-i-srebro-925\/#primaryimage"},"thumbnailUrl":"https:\/\/cornelliastudio.pl\/wp-content\/uploads\/2025\/12\/DSC00577-1-scaled.jpg","datePublished":"2025-12-17T16:50:59+00:00","dateModified":"2025-12-17T16:51:01+00:00","breadcrumb":{"@id":"https:\/\/cornelliastudio.pl\/produkt\/artystyczny-naszyjnik-lampwork-niebieskie-szklo-i-srebro-925\/#breadcrumb"},"inLanguage":"en-GB","potentialAction":[{"@type":"ReadAction","target":["https:\/\/cornelliastudio.pl\/produkt\/artystyczny-naszyjnik-lampwork-niebieskie-szklo-i-srebro-925\/"]}]},{"@type":"ImageObject","inLanguage":"en-GB","@id":"https:\/\/cornelliastudio.pl\/produkt\/artystyczny-naszyjnik-lampwork-niebieskie-szklo-i-srebro-925\/#primaryimage","url":"https:\/\/cornelliastudio.pl\/wp-content\/uploads\/2025\/12\/DSC00577-1-scaled.jpg","contentUrl":"https:\/\/cornelliastudio.pl\/wp-content\/uploads\/2025\/12\/DSC00577-1-scaled.jpg","width":2560,"height":1707},{"@type":"BreadcrumbList","@id":"https:\/\/cornelliastudio.pl\/produkt\/artystyczny-naszyjnik-lampwork-niebieskie-szklo-i-srebro-925\/#breadcrumb","itemListElement":[{"@type":"ListItem","position":1,"name":"Strona g\u0142\u00f3wna","item":"https:\/\/cornelliastudio.pl\/"},{"@type":"ListItem","position":2,"name":"Sklep","item":"https:\/\/cornelliastudio.pl\/sklep\/"},{"@type":"ListItem","position":3,"name":"Artystyczny naszyjnik lampwork \u2013 niebieskie szk\u0142o i srebro 925"}]},{"@type":"WebSite","@id":"https:\/\/cornelliastudio.pl\/#website","url":"https:\/\/cornelliastudio.pl\/","name":"Cornellia Studio","description":"Bi\u017cuteria artystyczna, hand made","publisher":{"@id":"https:\/\/cornelliastudio.pl\/#organization"},"potentialAction":[{"@type":"SearchAction","target":{"@type":"EntryPoint","urlTemplate":"https:\/\/cornelliastudio.pl\/?s={search_term_string}"},"query-input":{"@type":"PropertyValueSpecification","valueRequired":true,"valueName":"search_term_string"}}],"inLanguage":"en-GB"},{"@type":"Organization","@id":"https:\/\/cornelliastudio.pl\/#organization","name":"Cornellia Studio","url":"https:\/\/cornelliastudio.pl\/","logo":{"@type":"ImageObject","inLanguage":"en-GB","@id":"https:\/\/cornelliastudio.pl\/#\/schema\/logo\/image\/","url":"https:\/\/cornelliastudio.pl\/wp-content\/uploads\/2025\/10\/Cornellia-Studio-logo.png","contentUrl":"https:\/\/cornelliastudio.pl\/wp-content\/uploads\/2025\/10\/Cornellia-Studio-logo.png","width":1563,"height":1563,"caption":"Cornellia Studio"},"image":{"@id":"https:\/\/cornelliastudio.pl\/#\/schema\/logo\/image\/"}}]}},"uagb_featured_image_src":{"full":["https:\/\/cornelliastudio.pl\/wp-content\/uploads\/2025\/12\/DSC00577-1-scaled.jpg",2560,1707,false],"thumbnail":["https:\/\/cornelliastudio.pl\/wp-content\/uploads\/2025\/12\/DSC00577-1-150x150.jpg",150,150,true],"medium":["https:\/\/cornelliastudio.pl\/wp-content\/uploads\/2025\/12\/DSC00577-1-300x200.jpg",300,200,true],"medium_large":["https:\/\/cornelliastudio.pl\/wp-content\/uploads\/2025\/12\/DSC00577-1-768x512.jpg",768,512,true],"large":["https:\/\/cornelliastudio.pl\/wp-content\/uploads\/2025\/12\/DSC00577-1-1024x683.jpg",1024,683,true],"1536x1536":["https:\/\/cornelliastudio.pl\/wp-content\/uploads\/2025\/12\/DSC00577-1-1536x1024.jpg",1536,1024,true],"2048x2048":["https:\/\/cornelliastudio.pl\/wp-content\/uploads\/2025\/12\/DSC00577-1-2048x1365.jpg",2048,1365,true],"trp-custom-language-flag":["https:\/\/cornelliastudio.pl\/wp-content\/uploads\/2025\/12\/DSC00577-1-scaled.jpg",18,12,false],"woocommerce_thumbnail":["https:\/\/cornelliastudio.pl\/wp-content\/uploads\/2025\/12\/DSC00577-1-300x300.jpg",300,300,true],"woocommerce_single":["https:\/\/cornelliastudio.pl\/wp-content\/uploads\/2025\/12\/DSC00577-1-600x400.jpg",600,400,true],"woocommerce_gallery_thumbnail":["https:\/\/cornelliastudio.pl\/wp-content\/uploads\/2025\/12\/DSC00577-1-100x100.jpg",100,100,true]},"uagb_author_info":{"display_name":"Cornellia Studio","author_link":"https:\/\/cornelliastudio.pl\/en\/author\/"},"uagb_comment_info":0,"uagb_excerpt":"R\u0119cznie wykonany naszyjnik z unikatowym koralikiem lampwork w subtelnych, niebieskich\u00a0odcieniach, kt\u00f3ry zachwyca g\u0142\u0119bi\u0105 koloru i delikatnymi przej\u015bciami barw. Szklany koralik powsta\u0142 w technice lampwork, dzi\u0119ki czemu ka\u017cdy egzemplarz jest niepowtarzalny i posiada sw\u00f3j indywidualny charakter. Centralny element o wymiarach 10 \u00d7 8 mm zosta\u0142 oprawiony w srebro pr\u00f3by 925, kt\u00f3rego ch\u0142odny blask pi\u0119knie podkre\u015bla transparentno\u015b\u0107&hellip;","_links":{"self":[{"href":"https:\/\/cornelliastudio.pl\/en\/wp-json\/wp\/v2\/product\/3041","targetHints":{"allow":["GET"]}}],"collection":[{"href":"https:\/\/cornelliastudio.pl\/en\/wp-json\/wp\/v2\/product"}],"about":[{"href":"https:\/\/cornelliastudio.pl\/en\/wp-json\/wp\/v2\/types\/product"}],"replies":[{"embeddable":true,"href":"https:\/\/cornelliastudio.pl\/en\/wp-json\/wp\/v2\/comments?post=3041"}],"wp:featuredmedia":[{"embeddable":true,"href":"https:\/\/cornelliastudio.pl\/en\/wp-json\/wp\/v2\/media\/3047"}],"wp:attachment":[{"href":"https:\/\/cornelliastudio.pl\/en\/wp-json\/wp\/v2\/media?parent=3041"}],"wp:term":[{"taxonomy":"product_brand","embeddable":true,"href":"https:\/\/cornelliastudio.pl\/en\/wp-json\/wp\/v2\/product_brand?post=3041"},{"taxonomy":"product_cat","embeddable":true,"href":"https:\/\/cornelliastudio.pl\/en\/wp-json\/wp\/v2\/product_cat?post=3041"},{"taxonomy":"product_tag","embeddable":true,"href":"https:\/\/cornelliastudio.pl\/en\/wp-json\/wp\/v2\/product_tag?post=3041"}],"curies":[{"name":"wp","href":"https:\/\/api.w.org\/{rel}","templated":true}]}}