{"id":2816,"date":"2025-12-10T11:21:00","date_gmt":"2025-12-10T10:21:00","guid":{"rendered":"https:\/\/cornelliastudio.pl\/?post_type=product&#038;p=2816"},"modified":"2025-12-15T12:09:43","modified_gmt":"2025-12-15T11:09:43","slug":"srebrna-bransoletka-925-z-turkusem-afrykanskim-boho","status":"publish","type":"product","link":"https:\/\/cornelliastudio.pl\/en\/product\/srebrna-bransoletka-925-z-turkusem-afrykanskim-boho\/","title":{"rendered":"925 Sterling Silver Bracelet with African Turquoise \u2013 Boho Style.\u201d"},"content":{"rendered":"<h2 data-start=\"111\" data-end=\"173\"><strong data-start=\"111\" data-end=\"173\">925 Sterling Silver Bracelet with African Turquoise \u2013 Boho Style.<\/strong><\/h2>\n<p data-start=\"175\" data-end=\"408\">A handcrafted bracelet made of natural African turquoise and 925 sterling silver. The stones are cylindrical in shape, measuring <strong data-start=\"303\" data-end=\"316\">15 \u00d7 4 mm<\/strong> are separated by decorative silver elements, giving the piece a sense of lightness and elegance.<\/p>\n<p data-start=\"410\" data-end=\"545\">The clasp is <strong data-start=\"427\" data-end=\"459\">a large decorative hook clasp (25 mm).<\/strong> and <strong data-start=\"465\" data-end=\"503\">and a parabolic-shaped ring (20 mm)<\/strong> - comfortable, secure, and highly eye-catching.<\/p>\n<p data-start=\"547\" data-end=\"721\"><strong data-start=\"549\" data-end=\"558\">Style:<\/strong> boho<br data-start=\"563\" data-end=\"566\" \/><strong data-start=\"568\" data-end=\"581\">Material:<\/strong> 925 sterling silver, African turquoise<br data-start=\"611\" data-end=\"614\" \/><strong data-start=\"616\" data-end=\"636\">Gemstone dimensions:<\/strong> 15 \u00d7 4 mm<br data-start=\"646\" data-end=\"649\" \/><strong data-start=\"651\" data-end=\"664\">Closure:<\/strong> hook clasp 25 mm + ring 20 mm<br data-start=\"691\" data-end=\"694\" \/><strong data-start=\"696\" data-end=\"710\">Craftsmanship:<\/strong> artisan jewelry<\/p>\n<p data-start=\"723\" data-end=\"843\">The bracelet is perfect as an accessory for casual and summer outfits, as well as an original gift.<\/p>","protected":false},"excerpt":{"rendered":"<h2>A handmade boho bracelet with African turquoise and 925 sterling silver. Perfect for lovers of a free spirit and original accessories.<\/h2>\n<p>Handcrafted <strong data-start=\"60\" data-end=\"110\">925 sterling silver bracelet with African turquoise.<\/strong> in a boho style. Natural stones with unique coloration, combined with a decorative clasp, create light, elegant jewelry perfect for everyday wear.<\/p>","protected":false},"featured_media":2817,"comment_status":"closed","ping_status":"closed","template":"","meta":{"_uag_custom_page_level_css":"","site-sidebar-layout":"default","site-content-layout":"","ast-site-content-layout":"default","site-content-style":"default","site-sidebar-style":"default","ast-global-header-display":"","ast-banner-title-visibility":"","ast-main-header-display":"","ast-hfb-above-header-display":"","ast-hfb-below-header-display":"","ast-hfb-mobile-header-display":"","site-post-title":"","ast-breadcrumbs-content":"","ast-featured-img":"","footer-sml-layout":"","ast-disable-related-posts":"","theme-transparent-header-meta":"default","adv-header-id-meta":"","stick-header-meta":"","header-above-stick-meta":"","header-main-stick-meta":"","header-below-stick-meta":"","astra-migrate-meta-layouts":"set","ast-page-background-enabled":"default","ast-page-background-meta":{"desktop":{"background-color":"var(--ast-global-color-4)","background-image":"","background-repeat":"repeat","background-position":"center center","background-size":"auto","background-attachment":"scroll","background-type":"","background-media":"","overlay-type":"","overlay-color":"","overlay-opacity":"","overlay-gradient":""},"tablet":{"background-color":"","background-image":"","background-repeat":"repeat","background-position":"center center","background-size":"auto","background-attachment":"scroll","background-type":"","background-media":"","overlay-type":"","overlay-color":"","overlay-opacity":"","overlay-gradient":""},"mobile":{"background-color":"","background-image":"","background-repeat":"repeat","background-position":"center center","background-size":"auto","background-attachment":"scroll","background-type":"","background-media":"","overlay-type":"","overlay-color":"","overlay-opacity":"","overlay-gradient":""}},"ast-content-background-meta":{"desktop":{"background-color":"var(--ast-global-color-5)","background-image":"","background-repeat":"repeat","background-position":"center center","background-size":"auto","background-attachment":"scroll","background-type":"","background-media":"","overlay-type":"","overlay-color":"","overlay-opacity":"","overlay-gradient":""},"tablet":{"background-color":"var(--ast-global-color-5)","background-image":"","background-repeat":"repeat","background-position":"center center","background-size":"auto","background-attachment":"scroll","background-type":"","background-media":"","overlay-type":"","overlay-color":"","overlay-opacity":"","overlay-gradient":""},"mobile":{"background-color":"var(--ast-global-color-5)","background-image":"","background-repeat":"repeat","background-position":"center center","background-size":"auto","background-attachment":"scroll","background-type":"","background-media":"","overlay-type":"","overlay-color":"","overlay-opacity":"","overlay-gradient":""}}},"product_brand":[201],"product_cat":[30,29,31],"product_tag":[444,212,458,189,317,277,119,252,284,503,394,257,187,315,215,399,462,214],"class_list":{"0":"post-2816","1":"product","2":"type-product","3":"status-publish","4":"has-post-thumbnail","6":"product_brand-cornellia-studio","7":"product_cat-bestsellery","8":"product_cat-bransoletki","9":"product_cat-nowosci","10":"product_tag-afrykanski-turkus","11":"product_tag-bizuteria-boho","12":"product_tag-bizuteria-boho-z-kamieni-naturalnych","13":"product_tag-bizuteria-handmade","14":"product_tag-bizuteria-naturalna","15":"product_tag-bizuteria-z-naturalnych-kamieni","16":"product_tag-boho_chic","17":"product_tag-bransoletka-srebrna-925","18":"product_tag-bransoletka-srebro-925","19":"product_tag-haczyk","20":"product_tag-handmade-srebro","21":"product_tag-prezent-dla-kobiety","22":"product_tag-prezent-dla-niej","23":"product_tag-prezent-urodzinowy","24":"product_tag-srebro-925","25":"product_tag-srebro-925-recznie-robione","26":"product_tag-unikatowa-bizuteria-boho","27":"product_tag-wyjatkowy-prezent","28":"pa_dlugosc-bransoletki-15-cm","29":"pa_dlugosc-bransoletki-17-cm","30":"pa_dlugosc-bransoletki-19-cm","31":"pa_dlugosc-bransoletki-21-cm","32":"desktop-align-left","33":"tablet-align-left","34":"mobile-align-left","36":"first","37":"instock","38":"taxable","39":"shipping-taxable","40":"purchasable","41":"product-type-variable"},"yoast_head":"<!-- This site is optimized with the Yoast SEO plugin v27.4 - https:\/\/yoast.com\/product\/yoast-seo-wordpress\/ -->\n<title>Srebrna bransoletka 925 z turkusem afryka\u0144skim \u2013 boho - Cornellia Studio<\/title>\n<meta name=\"robots\" content=\"index, follow, max-snippet:-1, max-image-preview:large, max-video-preview:-1\" \/>\n<link rel=\"canonical\" href=\"https:\/\/cornelliastudio.pl\/en\/product\/srebrna-bransoletka-925-z-turkusem-afrykanskim-boho\/\" \/>\n<meta property=\"og:locale\" content=\"en_GB\" \/>\n<meta property=\"og:type\" content=\"article\" \/>\n<meta property=\"og:title\" content=\"Srebrna bransoletka 925 z turkusem afryka\u0144skim \u2013 boho - Cornellia Studio\" \/>\n<meta property=\"og:description\" content=\"R\u0119cznie wykonana bransoletka boho z turkusem afryka\u0144skim i srebrem 925. Idealna dla mi\u0142o\u015bniczek wolnego ducha i oryginalnych dodatk\u00f3w. R\u0119cznie wykonana srebrna bransoletka 925 z turkusem afryka\u0144skim w stylu boho. Naturalne kamienie o unikalnej kolorystyce po\u0142\u0105czone z ozdobnym zapi\u0119ciem tworz\u0105 lekk\u0105, eleganck\u0105 bi\u017cuteri\u0119 idealn\u0105 na co dzie\u0144\" \/>\n<meta property=\"og:url\" content=\"https:\/\/cornelliastudio.pl\/en\/product\/srebrna-bransoletka-925-z-turkusem-afrykanskim-boho\/\" \/>\n<meta property=\"og:site_name\" content=\"Cornellia Studio\" \/>\n<meta property=\"article:modified_time\" content=\"2025-12-15T11:09:43+00:00\" \/>\n<meta property=\"og:image\" content=\"https:\/\/cornelliastudio.pl\/wp-content\/uploads\/2025\/12\/20250428_133158-scaled.jpg\" \/>\n\t<meta property=\"og:image:width\" content=\"2560\" \/>\n\t<meta property=\"og:image:height\" content=\"2560\" \/>\n\t<meta property=\"og:image:type\" content=\"image\/jpeg\" \/>\n<meta name=\"twitter:card\" content=\"summary_large_image\" \/>\n<meta name=\"twitter:label1\" content=\"Estimated reading time\" \/>\n\t<meta name=\"twitter:data1\" content=\"1 minute\" \/>\n<script type=\"application\/ld+json\" class=\"yoast-schema-graph\">{\"@context\":\"https:\\\/\\\/schema.org\",\"@graph\":[{\"@type\":\"WebPage\",\"@id\":\"https:\\\/\\\/cornelliastudio.pl\\\/produkt\\\/srebrna-bransoletka-925-z-turkusem-afrykanskim-boho\\\/\",\"url\":\"https:\\\/\\\/cornelliastudio.pl\\\/produkt\\\/srebrna-bransoletka-925-z-turkusem-afrykanskim-boho\\\/\",\"name\":\"Srebrna bransoletka 925 z turkusem afryka\u0144skim \u2013 boho - Cornellia Studio\",\"isPartOf\":{\"@id\":\"https:\\\/\\\/cornelliastudio.pl\\\/#website\"},\"primaryImageOfPage\":{\"@id\":\"https:\\\/\\\/cornelliastudio.pl\\\/produkt\\\/srebrna-bransoletka-925-z-turkusem-afrykanskim-boho\\\/#primaryimage\"},\"image\":{\"@id\":\"https:\\\/\\\/cornelliastudio.pl\\\/produkt\\\/srebrna-bransoletka-925-z-turkusem-afrykanskim-boho\\\/#primaryimage\"},\"thumbnailUrl\":\"https:\\\/\\\/cornelliastudio.pl\\\/wp-content\\\/uploads\\\/2025\\\/12\\\/20250428_133158-scaled.jpg\",\"datePublished\":\"2025-12-10T10:21:00+00:00\",\"dateModified\":\"2025-12-15T11:09:43+00:00\",\"breadcrumb\":{\"@id\":\"https:\\\/\\\/cornelliastudio.pl\\\/produkt\\\/srebrna-bransoletka-925-z-turkusem-afrykanskim-boho\\\/#breadcrumb\"},\"inLanguage\":\"en-GB\",\"potentialAction\":[{\"@type\":\"ReadAction\",\"target\":[\"https:\\\/\\\/cornelliastudio.pl\\\/produkt\\\/srebrna-bransoletka-925-z-turkusem-afrykanskim-boho\\\/\"]}]},{\"@type\":\"ImageObject\",\"inLanguage\":\"en-GB\",\"@id\":\"https:\\\/\\\/cornelliastudio.pl\\\/produkt\\\/srebrna-bransoletka-925-z-turkusem-afrykanskim-boho\\\/#primaryimage\",\"url\":\"https:\\\/\\\/cornelliastudio.pl\\\/wp-content\\\/uploads\\\/2025\\\/12\\\/20250428_133158-scaled.jpg\",\"contentUrl\":\"https:\\\/\\\/cornelliastudio.pl\\\/wp-content\\\/uploads\\\/2025\\\/12\\\/20250428_133158-scaled.jpg\",\"width\":2560,\"height\":2560},{\"@type\":\"BreadcrumbList\",\"@id\":\"https:\\\/\\\/cornelliastudio.pl\\\/produkt\\\/srebrna-bransoletka-925-z-turkusem-afrykanskim-boho\\\/#breadcrumb\",\"itemListElement\":[{\"@type\":\"ListItem\",\"position\":1,\"name\":\"Strona g\u0142\u00f3wna\",\"item\":\"https:\\\/\\\/cornelliastudio.pl\\\/\"},{\"@type\":\"ListItem\",\"position\":2,\"name\":\"Sklep\",\"item\":\"https:\\\/\\\/cornelliastudio.pl\\\/sklep\\\/\"},{\"@type\":\"ListItem\",\"position\":3,\"name\":\"Srebrna bransoletka 925 z turkusem afryka\u0144skim \u2013 boho\"}]},{\"@type\":\"WebSite\",\"@id\":\"https:\\\/\\\/cornelliastudio.pl\\\/#website\",\"url\":\"https:\\\/\\\/cornelliastudio.pl\\\/\",\"name\":\"Cornellia Studio\",\"description\":\"Bi\u017cuteria artystyczna, hand made\",\"publisher\":{\"@id\":\"https:\\\/\\\/cornelliastudio.pl\\\/#organization\"},\"potentialAction\":[{\"@type\":\"SearchAction\",\"target\":{\"@type\":\"EntryPoint\",\"urlTemplate\":\"https:\\\/\\\/cornelliastudio.pl\\\/?s={search_term_string}\"},\"query-input\":{\"@type\":\"PropertyValueSpecification\",\"valueRequired\":true,\"valueName\":\"search_term_string\"}}],\"inLanguage\":\"en-GB\"},{\"@type\":\"Organization\",\"@id\":\"https:\\\/\\\/cornelliastudio.pl\\\/#organization\",\"name\":\"Cornellia Studio\",\"url\":\"https:\\\/\\\/cornelliastudio.pl\\\/\",\"logo\":{\"@type\":\"ImageObject\",\"inLanguage\":\"en-GB\",\"@id\":\"https:\\\/\\\/cornelliastudio.pl\\\/#\\\/schema\\\/logo\\\/image\\\/\",\"url\":\"https:\\\/\\\/cornelliastudio.pl\\\/wp-content\\\/uploads\\\/2025\\\/10\\\/Cornellia-Studio-logo.png\",\"contentUrl\":\"https:\\\/\\\/cornelliastudio.pl\\\/wp-content\\\/uploads\\\/2025\\\/10\\\/Cornellia-Studio-logo.png\",\"width\":1563,\"height\":1563,\"caption\":\"Cornellia Studio\"},\"image\":{\"@id\":\"https:\\\/\\\/cornelliastudio.pl\\\/#\\\/schema\\\/logo\\\/image\\\/\"}}]}<\/script>\n<!-- \/ Yoast SEO plugin. -->","yoast_head_json":{"title":"Srebrna bransoletka 925 z turkusem afryka\u0144skim \u2013 boho - Cornellia Studio","robots":{"index":"index","follow":"follow","max-snippet":"max-snippet:-1","max-image-preview":"max-image-preview:large","max-video-preview":"max-video-preview:-1"},"canonical":"https:\/\/cornelliastudio.pl\/en\/product\/srebrna-bransoletka-925-z-turkusem-afrykanskim-boho\/","og_locale":"en_GB","og_type":"article","og_title":"Srebrna bransoletka 925 z turkusem afryka\u0144skim \u2013 boho - Cornellia Studio","og_description":"R\u0119cznie wykonana bransoletka boho z turkusem afryka\u0144skim i srebrem 925. Idealna dla mi\u0142o\u015bniczek wolnego ducha i oryginalnych dodatk\u00f3w. R\u0119cznie wykonana srebrna bransoletka 925 z turkusem afryka\u0144skim w stylu boho. Naturalne kamienie o unikalnej kolorystyce po\u0142\u0105czone z ozdobnym zapi\u0119ciem tworz\u0105 lekk\u0105, eleganck\u0105 bi\u017cuteri\u0119 idealn\u0105 na co dzie\u0144","og_url":"https:\/\/cornelliastudio.pl\/en\/product\/srebrna-bransoletka-925-z-turkusem-afrykanskim-boho\/","og_site_name":"Cornellia Studio","article_modified_time":"2025-12-15T11:09:43+00:00","og_image":[{"width":2560,"height":2560,"url":"https:\/\/cornelliastudio.pl\/wp-content\/uploads\/2025\/12\/20250428_133158-scaled.jpg","type":"image\/jpeg"}],"twitter_card":"summary_large_image","twitter_misc":{"Estimated reading time":"1 minute"},"schema":{"@context":"https:\/\/schema.org","@graph":[{"@type":"WebPage","@id":"https:\/\/cornelliastudio.pl\/produkt\/srebrna-bransoletka-925-z-turkusem-afrykanskim-boho\/","url":"https:\/\/cornelliastudio.pl\/produkt\/srebrna-bransoletka-925-z-turkusem-afrykanskim-boho\/","name":"Srebrna bransoletka 925 z turkusem afryka\u0144skim \u2013 boho - Cornellia Studio","isPartOf":{"@id":"https:\/\/cornelliastudio.pl\/#website"},"primaryImageOfPage":{"@id":"https:\/\/cornelliastudio.pl\/produkt\/srebrna-bransoletka-925-z-turkusem-afrykanskim-boho\/#primaryimage"},"image":{"@id":"https:\/\/cornelliastudio.pl\/produkt\/srebrna-bransoletka-925-z-turkusem-afrykanskim-boho\/#primaryimage"},"thumbnailUrl":"https:\/\/cornelliastudio.pl\/wp-content\/uploads\/2025\/12\/20250428_133158-scaled.jpg","datePublished":"2025-12-10T10:21:00+00:00","dateModified":"2025-12-15T11:09:43+00:00","breadcrumb":{"@id":"https:\/\/cornelliastudio.pl\/produkt\/srebrna-bransoletka-925-z-turkusem-afrykanskim-boho\/#breadcrumb"},"inLanguage":"en-GB","potentialAction":[{"@type":"ReadAction","target":["https:\/\/cornelliastudio.pl\/produkt\/srebrna-bransoletka-925-z-turkusem-afrykanskim-boho\/"]}]},{"@type":"ImageObject","inLanguage":"en-GB","@id":"https:\/\/cornelliastudio.pl\/produkt\/srebrna-bransoletka-925-z-turkusem-afrykanskim-boho\/#primaryimage","url":"https:\/\/cornelliastudio.pl\/wp-content\/uploads\/2025\/12\/20250428_133158-scaled.jpg","contentUrl":"https:\/\/cornelliastudio.pl\/wp-content\/uploads\/2025\/12\/20250428_133158-scaled.jpg","width":2560,"height":2560},{"@type":"BreadcrumbList","@id":"https:\/\/cornelliastudio.pl\/produkt\/srebrna-bransoletka-925-z-turkusem-afrykanskim-boho\/#breadcrumb","itemListElement":[{"@type":"ListItem","position":1,"name":"Strona g\u0142\u00f3wna","item":"https:\/\/cornelliastudio.pl\/"},{"@type":"ListItem","position":2,"name":"Sklep","item":"https:\/\/cornelliastudio.pl\/sklep\/"},{"@type":"ListItem","position":3,"name":"Srebrna bransoletka 925 z turkusem afryka\u0144skim \u2013 boho"}]},{"@type":"WebSite","@id":"https:\/\/cornelliastudio.pl\/#website","url":"https:\/\/cornelliastudio.pl\/","name":"Cornellia Studio","description":"Bi\u017cuteria artystyczna, hand made","publisher":{"@id":"https:\/\/cornelliastudio.pl\/#organization"},"potentialAction":[{"@type":"SearchAction","target":{"@type":"EntryPoint","urlTemplate":"https:\/\/cornelliastudio.pl\/?s={search_term_string}"},"query-input":{"@type":"PropertyValueSpecification","valueRequired":true,"valueName":"search_term_string"}}],"inLanguage":"en-GB"},{"@type":"Organization","@id":"https:\/\/cornelliastudio.pl\/#organization","name":"Cornellia Studio","url":"https:\/\/cornelliastudio.pl\/","logo":{"@type":"ImageObject","inLanguage":"en-GB","@id":"https:\/\/cornelliastudio.pl\/#\/schema\/logo\/image\/","url":"https:\/\/cornelliastudio.pl\/wp-content\/uploads\/2025\/10\/Cornellia-Studio-logo.png","contentUrl":"https:\/\/cornelliastudio.pl\/wp-content\/uploads\/2025\/10\/Cornellia-Studio-logo.png","width":1563,"height":1563,"caption":"Cornellia Studio"},"image":{"@id":"https:\/\/cornelliastudio.pl\/#\/schema\/logo\/image\/"}}]}},"uagb_featured_image_src":{"full":["https:\/\/cornelliastudio.pl\/wp-content\/uploads\/2025\/12\/20250428_133158-scaled.jpg",2560,2560,false],"thumbnail":["https:\/\/cornelliastudio.pl\/wp-content\/uploads\/2025\/12\/20250428_133158-150x150.jpg",150,150,true],"medium":["https:\/\/cornelliastudio.pl\/wp-content\/uploads\/2025\/12\/20250428_133158-300x300.jpg",300,300,true],"medium_large":["https:\/\/cornelliastudio.pl\/wp-content\/uploads\/2025\/12\/20250428_133158-768x768.jpg",768,768,true],"large":["https:\/\/cornelliastudio.pl\/wp-content\/uploads\/2025\/12\/20250428_133158-1024x1024.jpg",1024,1024,true],"1536x1536":["https:\/\/cornelliastudio.pl\/wp-content\/uploads\/2025\/12\/20250428_133158-1536x1536.jpg",1536,1536,true],"2048x2048":["https:\/\/cornelliastudio.pl\/wp-content\/uploads\/2025\/12\/20250428_133158-2048x2048.jpg",2048,2048,true],"trp-custom-language-flag":["https:\/\/cornelliastudio.pl\/wp-content\/uploads\/2025\/12\/20250428_133158-scaled.jpg",12,12,false],"woocommerce_thumbnail":["https:\/\/cornelliastudio.pl\/wp-content\/uploads\/2025\/12\/20250428_133158-300x300.jpg",300,300,true],"woocommerce_single":["https:\/\/cornelliastudio.pl\/wp-content\/uploads\/2025\/12\/20250428_133158-600x600.jpg",600,600,true],"woocommerce_gallery_thumbnail":["https:\/\/cornelliastudio.pl\/wp-content\/uploads\/2025\/12\/20250428_133158-100x100.jpg",100,100,true]},"uagb_author_info":{"display_name":"Cornellia Studio","author_link":"https:\/\/cornelliastudio.pl\/en\/author\/"},"uagb_comment_info":0,"uagb_excerpt":"R\u0119cznie wykonana bransoletka boho z turkusem afryka\u0144skim i srebrem 925. Idealna dla mi\u0142o\u015bniczek wolnego ducha i oryginalnych dodatk\u00f3w. R\u0119cznie wykonana srebrna bransoletka 925 z turkusem afryka\u0144skim w stylu boho. Naturalne kamienie o unikalnej kolorystyce po\u0142\u0105czone z ozdobnym zapi\u0119ciem tworz\u0105 lekk\u0105, eleganck\u0105 bi\u017cuteri\u0119 idealn\u0105 na co dzie\u0144","_links":{"self":[{"href":"https:\/\/cornelliastudio.pl\/en\/wp-json\/wp\/v2\/product\/2816","targetHints":{"allow":["GET"]}}],"collection":[{"href":"https:\/\/cornelliastudio.pl\/en\/wp-json\/wp\/v2\/product"}],"about":[{"href":"https:\/\/cornelliastudio.pl\/en\/wp-json\/wp\/v2\/types\/product"}],"replies":[{"embeddable":true,"href":"https:\/\/cornelliastudio.pl\/en\/wp-json\/wp\/v2\/comments?post=2816"}],"wp:featuredmedia":[{"embeddable":true,"href":"https:\/\/cornelliastudio.pl\/en\/wp-json\/wp\/v2\/media\/2817"}],"wp:attachment":[{"href":"https:\/\/cornelliastudio.pl\/en\/wp-json\/wp\/v2\/media?parent=2816"}],"wp:term":[{"taxonomy":"product_brand","embeddable":true,"href":"https:\/\/cornelliastudio.pl\/en\/wp-json\/wp\/v2\/product_brand?post=2816"},{"taxonomy":"product_cat","embeddable":true,"href":"https:\/\/cornelliastudio.pl\/en\/wp-json\/wp\/v2\/product_cat?post=2816"},{"taxonomy":"product_tag","embeddable":true,"href":"https:\/\/cornelliastudio.pl\/en\/wp-json\/wp\/v2\/product_tag?post=2816"}],"curies":[{"name":"wp","href":"https:\/\/api.w.org\/{rel}","templated":true}]}}