{"id":2801,"date":"2025-12-09T16:23:14","date_gmt":"2025-12-09T15:23:14","guid":{"rendered":"https:\/\/cornelliastudio.pl\/?post_type=product&#038;p=2801"},"modified":"2025-12-15T12:19:57","modified_gmt":"2025-12-15T11:19:57","slug":"srebrna-bransoletka-warstwowa-z-hematytem-i-koniczyna-proba-925","status":"publish","type":"product","link":"https:\/\/cornelliastudio.pl\/en\/product\/srebrna-bransoletka-warstwowa-z-hematytem-i-koniczyna-proba-925\/","title":{"rendered":"Layered 925 Sterling Silver Bracelet with Hematite and Clover."},"content":{"rendered":"<h2 data-start=\"111\" data-end=\"186\"><strong data-start=\"115\" data-end=\"186\">Layered 925 Sterling Silver Bracelet with Hematite and Clover Pendant.<\/strong><\/h2>\n<p data-start=\"188\" data-end=\"451\">Elegant and modern <strong data-start=\"211\" data-end=\"265\">a layered bracelet made of 925 sterling silver<\/strong>, combining a delicate chain with geometric stones <strong data-start=\"323\" data-end=\"335\">of hematite<\/strong>The piece is completed by a subtle <strong data-start=\"362\" data-end=\"397\">a clover charm<\/strong>, symbolizing luck, prosperity, and positive energy.<\/p>\n<p data-start=\"453\" data-end=\"654\">The bracelet is perfect for everyday wear as well as a unique accent for elegant outfits. It is an ideal gift for someone who appreciates minimalism, symbolism, and handcrafted jewelry.<\/p>\n<hr data-start=\"656\" data-end=\"659\" \/>\n<h2 data-start=\"661\" data-end=\"688\"><strong data-start=\"665\" data-end=\"688\">Product details:<\/strong><\/h2>\n<ul data-start=\"689\" data-end=\"1031\">\n<li data-start=\"689\" data-end=\"723\">\n<p data-start=\"691\" data-end=\"723\"><strong data-start=\"691\" data-end=\"704\">Material:<\/strong> 925  sterling silver<\/p>\n<\/li>\n<li data-start=\"724\" data-end=\"749\">\n<p data-start=\"726\" data-end=\"749\"><strong data-start=\"726\" data-end=\"739\">Gemstones:<\/strong> hematite<\/p>\n<\/li>\n<li data-start=\"750\" data-end=\"784\">\n<p data-start=\"752\" data-end=\"784\"><strong data-start=\"752\" data-end=\"776\">Bracelet length:<\/strong> 19 cm<\/p>\n<\/li>\n<li data-start=\"785\" data-end=\"819\">\n<p data-start=\"787\" data-end=\"819\"><strong data-start=\"787\" data-end=\"808\">Stone size:<\/strong> 8 \u00d7 2 mm<\/p>\n<\/li>\n<li data-start=\"820\" data-end=\"854\">\n<p data-start=\"822\" data-end=\"854\"><strong data-start=\"822\" data-end=\"846\">Clover pendant:<\/strong> 15 mm<\/p>\n<\/li>\n<li data-start=\"855\" data-end=\"894\">\n<p data-start=\"857\" data-end=\"894\"><strong data-start=\"857\" data-end=\"886\">Decorative ring \/ clasp:<\/strong> 14 mm<\/p>\n<\/li>\n<li data-start=\"895\" data-end=\"943\">\n<p data-start=\"897\" data-end=\"943\"><strong data-start=\"897\" data-end=\"908\">Type:<\/strong> layered bracelet (double)<\/p>\n<\/li>\n<li data-start=\"944\" data-end=\"978\">\n<p data-start=\"946\" data-end=\"978\"><strong data-start=\"946\" data-end=\"960\">Craftsmanship:<\/strong> handmade<\/p>\n<\/li>\n<li data-start=\"979\" data-end=\"1031\">\n<p data-start=\"981\" data-end=\"1031\"><strong data-start=\"981\" data-end=\"990\">Style:<\/strong> minimalist, modern, elegant<\/p>\n<\/li>\n<\/ul>\n<hr data-start=\"1033\" data-end=\"1036\" \/>\n<h2 data-start=\"1038\" data-end=\"1077\"><strong data-start=\"1042\" data-end=\"1077\">Symbolism of hematite and the clover:<\/strong><\/h2>\n<ul data-start=\"1078\" data-end=\"1198\">\n<li data-start=\"1078\" data-end=\"1128\">\n<p data-start=\"1080\" data-end=\"1128\"><strong data-start=\"1080\" data-end=\"1091\">Hematite<\/strong> \u2013 a stone of strength, balance, and protection.<\/p>\n<\/li>\n<li data-start=\"1129\" data-end=\"1198\">\n<p data-start=\"1131\" data-end=\"1198\"><strong data-start=\"1131\" data-end=\"1144\">Clover<\/strong> \u2013 a symbol of luck, good fortune, and positive energy.<\/p>\n<\/li>\n<\/ul>\n<hr data-start=\"1200\" data-end=\"1203\" \/>\n<h3 data-start=\"1205\" data-end=\"1231\"><strong data-start=\"1209\" data-end=\"1231\">Perfect as a gift.<\/strong><\/h3>\n<p data-start=\"1232\" data-end=\"1282\">The bracelet makes a perfect gift for:<\/p>\n<ul data-start=\"1283\" data-end=\"1364\">\n<li data-start=\"1283\" data-end=\"1295\">\n<p data-start=\"1285\" data-end=\"1295\">birthdays<\/p>\n<\/li>\n<li data-start=\"1296\" data-end=\"1308\">\n<p data-start=\"1298\" data-end=\"1308\">name days<\/p>\n<\/li>\n<li data-start=\"1309\" data-end=\"1321\">\n<p data-start=\"1311\" data-end=\"1321\">anniversary<\/p>\n<\/li>\n<li data-start=\"1322\" data-end=\"1338\">\n<p data-start=\"1324\" data-end=\"1338\">Women\u2019s Day<\/p>\n<\/li>\n<li data-start=\"1339\" data-end=\"1353\">\n<p data-start=\"1341\" data-end=\"1353\">Valentine\u2019s Day<\/p>\n<\/li>\n<li data-start=\"1354\" data-end=\"1364\">\n<p data-start=\"1356\" data-end=\"1364\">holidays<\/p>\n<\/li>\n<\/ul>","protected":false},"excerpt":{"rendered":"<p>A layered 925 sterling silver bracelet with hematite and a clover charm. Length: 19 cm; stones: 8 \u00d7 2 mm; clover: 15 mm. Elegant, minimalist, and handcrafted. Perfect as a gift<\/p>","protected":false},"featured_media":2804,"comment_status":"closed","ping_status":"closed","template":"","meta":{"_uag_custom_page_level_css":"","site-sidebar-layout":"default","site-content-layout":"","ast-site-content-layout":"default","site-content-style":"default","site-sidebar-style":"default","ast-global-header-display":"","ast-banner-title-visibility":"","ast-main-header-display":"","ast-hfb-above-header-display":"","ast-hfb-below-header-display":"","ast-hfb-mobile-header-display":"","site-post-title":"","ast-breadcrumbs-content":"","ast-featured-img":"","footer-sml-layout":"","ast-disable-related-posts":"","theme-transparent-header-meta":"default","adv-header-id-meta":"","stick-header-meta":"","header-above-stick-meta":"","header-main-stick-meta":"","header-below-stick-meta":"","astra-migrate-meta-layouts":"set","ast-page-background-enabled":"default","ast-page-background-meta":{"desktop":{"background-color":"var(--ast-global-color-4)","background-image":"","background-repeat":"repeat","background-position":"center center","background-size":"auto","background-attachment":"scroll","background-type":"","background-media":"","overlay-type":"","overlay-color":"","overlay-opacity":"","overlay-gradient":""},"tablet":{"background-color":"","background-image":"","background-repeat":"repeat","background-position":"center center","background-size":"auto","background-attachment":"scroll","background-type":"","background-media":"","overlay-type":"","overlay-color":"","overlay-opacity":"","overlay-gradient":""},"mobile":{"background-color":"","background-image":"","background-repeat":"repeat","background-position":"center center","background-size":"auto","background-attachment":"scroll","background-type":"","background-media":"","overlay-type":"","overlay-color":"","overlay-opacity":"","overlay-gradient":""}},"ast-content-background-meta":{"desktop":{"background-color":"var(--ast-global-color-5)","background-image":"","background-repeat":"repeat","background-position":"center center","background-size":"auto","background-attachment":"scroll","background-type":"","background-media":"","overlay-type":"","overlay-color":"","overlay-opacity":"","overlay-gradient":""},"tablet":{"background-color":"var(--ast-global-color-5)","background-image":"","background-repeat":"repeat","background-position":"center center","background-size":"auto","background-attachment":"scroll","background-type":"","background-media":"","overlay-type":"","overlay-color":"","overlay-opacity":"","overlay-gradient":""},"mobile":{"background-color":"var(--ast-global-color-5)","background-image":"","background-repeat":"repeat","background-position":"center center","background-size":"auto","background-attachment":"scroll","background-type":"","background-media":"","overlay-type":"","overlay-color":"","overlay-opacity":"","overlay-gradient":""}}},"product_brand":[201],"product_cat":[30,29,31],"product_tag":[501,502,189,500,499,257,301,187,410,315,256,214],"class_list":{"0":"post-2801","1":"product","2":"type-product","3":"status-publish","4":"has-post-thumbnail","6":"product_brand-cornellia-studio","7":"product_cat-bestsellery","8":"product_cat-bransoletki","9":"product_cat-nowosci","10":"product_tag-925-srebna-koniczyna","11":"product_tag-925-zawieszka","12":"product_tag-bizuteria-handmade","13":"product_tag-brasnoletka-z-hematytem","14":"product_tag-hematyt","15":"product_tag-prezent-dla-kobiety","16":"product_tag-prezent-dla-mamy","17":"product_tag-prezent-dla-niej","18":"product_tag-prezent-dla-niej-bizuteria","19":"product_tag-prezent-urodzinowy","20":"product_tag-srebro-925-handmade","21":"product_tag-wyjatkowy-prezent","22":"pa_dlugosc-bransoletki-15-cm","23":"pa_dlugosc-bransoletki-17-cm","24":"pa_dlugosc-bransoletki-19-cm","25":"pa_dlugosc-bransoletki-21-cm","26":"desktop-align-left","27":"tablet-align-left","28":"mobile-align-left","30":"first","31":"instock","32":"taxable","33":"shipping-taxable","34":"purchasable","35":"product-type-variable"},"yoast_head":"<!-- This site is optimized with the Yoast SEO plugin v27.4 - https:\/\/yoast.com\/product\/yoast-seo-wordpress\/ -->\n<title>Srebrna bransoletka warstwowa z hematytem i koniczyn\u0105 \u2013 pr\u00f3ba 925 - Cornellia Studio<\/title>\n<meta name=\"robots\" content=\"index, follow, max-snippet:-1, max-image-preview:large, max-video-preview:-1\" \/>\n<link rel=\"canonical\" href=\"https:\/\/cornelliastudio.pl\/en\/product\/srebrna-bransoletka-warstwowa-z-hematytem-i-koniczyna-proba-925\/\" \/>\n<meta property=\"og:locale\" content=\"en_GB\" \/>\n<meta property=\"og:type\" content=\"article\" \/>\n<meta property=\"og:title\" content=\"Srebrna bransoletka warstwowa z hematytem i koniczyn\u0105 \u2013 pr\u00f3ba 925 - Cornellia Studio\" \/>\n<meta property=\"og:description\" content=\"Srebrna bransoletka warstwowa 925 z hematytem i zawieszk\u0105 koniczyny. D\u0142ugo\u015b\u0107 19 cm, kamienie 8\u00d72 mm, koniczyna 15 mm. Elegancka, minimalistyczna, r\u0119cznie wykonana. Idealna na prezent.\" \/>\n<meta property=\"og:url\" content=\"https:\/\/cornelliastudio.pl\/en\/product\/srebrna-bransoletka-warstwowa-z-hematytem-i-koniczyna-proba-925\/\" \/>\n<meta property=\"og:site_name\" content=\"Cornellia Studio\" \/>\n<meta property=\"article:modified_time\" content=\"2025-12-15T11:19:57+00:00\" \/>\n<meta property=\"og:image\" content=\"https:\/\/cornelliastudio.pl\/wp-content\/uploads\/2025\/12\/20250717_101324-scaled.jpg\" \/>\n\t<meta property=\"og:image:width\" content=\"2560\" \/>\n\t<meta property=\"og:image:height\" content=\"2560\" \/>\n\t<meta property=\"og:image:type\" content=\"image\/jpeg\" \/>\n<meta name=\"twitter:card\" content=\"summary_large_image\" \/>\n<meta name=\"twitter:label1\" content=\"Estimated reading time\" \/>\n\t<meta name=\"twitter:data1\" content=\"2 minutes\" \/>\n<script type=\"application\/ld+json\" class=\"yoast-schema-graph\">{\"@context\":\"https:\\\/\\\/schema.org\",\"@graph\":[{\"@type\":\"WebPage\",\"@id\":\"https:\\\/\\\/cornelliastudio.pl\\\/produkt\\\/srebrna-bransoletka-warstwowa-z-hematytem-i-koniczyna-proba-925\\\/\",\"url\":\"https:\\\/\\\/cornelliastudio.pl\\\/produkt\\\/srebrna-bransoletka-warstwowa-z-hematytem-i-koniczyna-proba-925\\\/\",\"name\":\"Srebrna bransoletka warstwowa z hematytem i koniczyn\u0105 \u2013 pr\u00f3ba 925 - Cornellia Studio\",\"isPartOf\":{\"@id\":\"https:\\\/\\\/cornelliastudio.pl\\\/#website\"},\"primaryImageOfPage\":{\"@id\":\"https:\\\/\\\/cornelliastudio.pl\\\/produkt\\\/srebrna-bransoletka-warstwowa-z-hematytem-i-koniczyna-proba-925\\\/#primaryimage\"},\"image\":{\"@id\":\"https:\\\/\\\/cornelliastudio.pl\\\/produkt\\\/srebrna-bransoletka-warstwowa-z-hematytem-i-koniczyna-proba-925\\\/#primaryimage\"},\"thumbnailUrl\":\"https:\\\/\\\/cornelliastudio.pl\\\/wp-content\\\/uploads\\\/2025\\\/12\\\/20250717_101324-scaled.jpg\",\"datePublished\":\"2025-12-09T15:23:14+00:00\",\"dateModified\":\"2025-12-15T11:19:57+00:00\",\"breadcrumb\":{\"@id\":\"https:\\\/\\\/cornelliastudio.pl\\\/produkt\\\/srebrna-bransoletka-warstwowa-z-hematytem-i-koniczyna-proba-925\\\/#breadcrumb\"},\"inLanguage\":\"en-GB\",\"potentialAction\":[{\"@type\":\"ReadAction\",\"target\":[\"https:\\\/\\\/cornelliastudio.pl\\\/produkt\\\/srebrna-bransoletka-warstwowa-z-hematytem-i-koniczyna-proba-925\\\/\"]}]},{\"@type\":\"ImageObject\",\"inLanguage\":\"en-GB\",\"@id\":\"https:\\\/\\\/cornelliastudio.pl\\\/produkt\\\/srebrna-bransoletka-warstwowa-z-hematytem-i-koniczyna-proba-925\\\/#primaryimage\",\"url\":\"https:\\\/\\\/cornelliastudio.pl\\\/wp-content\\\/uploads\\\/2025\\\/12\\\/20250717_101324-scaled.jpg\",\"contentUrl\":\"https:\\\/\\\/cornelliastudio.pl\\\/wp-content\\\/uploads\\\/2025\\\/12\\\/20250717_101324-scaled.jpg\",\"width\":2560,\"height\":2560},{\"@type\":\"BreadcrumbList\",\"@id\":\"https:\\\/\\\/cornelliastudio.pl\\\/produkt\\\/srebrna-bransoletka-warstwowa-z-hematytem-i-koniczyna-proba-925\\\/#breadcrumb\",\"itemListElement\":[{\"@type\":\"ListItem\",\"position\":1,\"name\":\"Strona g\u0142\u00f3wna\",\"item\":\"https:\\\/\\\/cornelliastudio.pl\\\/\"},{\"@type\":\"ListItem\",\"position\":2,\"name\":\"Sklep\",\"item\":\"https:\\\/\\\/cornelliastudio.pl\\\/sklep\\\/\"},{\"@type\":\"ListItem\",\"position\":3,\"name\":\"Srebrna bransoletka warstwowa z hematytem i koniczyn\u0105 \u2013 pr\u00f3ba 925\"}]},{\"@type\":\"WebSite\",\"@id\":\"https:\\\/\\\/cornelliastudio.pl\\\/#website\",\"url\":\"https:\\\/\\\/cornelliastudio.pl\\\/\",\"name\":\"Cornellia Studio\",\"description\":\"Bi\u017cuteria artystyczna, hand made\",\"publisher\":{\"@id\":\"https:\\\/\\\/cornelliastudio.pl\\\/#organization\"},\"potentialAction\":[{\"@type\":\"SearchAction\",\"target\":{\"@type\":\"EntryPoint\",\"urlTemplate\":\"https:\\\/\\\/cornelliastudio.pl\\\/?s={search_term_string}\"},\"query-input\":{\"@type\":\"PropertyValueSpecification\",\"valueRequired\":true,\"valueName\":\"search_term_string\"}}],\"inLanguage\":\"en-GB\"},{\"@type\":\"Organization\",\"@id\":\"https:\\\/\\\/cornelliastudio.pl\\\/#organization\",\"name\":\"Cornellia Studio\",\"url\":\"https:\\\/\\\/cornelliastudio.pl\\\/\",\"logo\":{\"@type\":\"ImageObject\",\"inLanguage\":\"en-GB\",\"@id\":\"https:\\\/\\\/cornelliastudio.pl\\\/#\\\/schema\\\/logo\\\/image\\\/\",\"url\":\"https:\\\/\\\/cornelliastudio.pl\\\/wp-content\\\/uploads\\\/2025\\\/10\\\/Cornellia-Studio-logo.png\",\"contentUrl\":\"https:\\\/\\\/cornelliastudio.pl\\\/wp-content\\\/uploads\\\/2025\\\/10\\\/Cornellia-Studio-logo.png\",\"width\":1563,\"height\":1563,\"caption\":\"Cornellia Studio\"},\"image\":{\"@id\":\"https:\\\/\\\/cornelliastudio.pl\\\/#\\\/schema\\\/logo\\\/image\\\/\"}}]}<\/script>\n<!-- \/ Yoast SEO plugin. -->","yoast_head_json":{"title":"Srebrna bransoletka warstwowa z hematytem i koniczyn\u0105 \u2013 pr\u00f3ba 925 - Cornellia Studio","robots":{"index":"index","follow":"follow","max-snippet":"max-snippet:-1","max-image-preview":"max-image-preview:large","max-video-preview":"max-video-preview:-1"},"canonical":"https:\/\/cornelliastudio.pl\/en\/product\/srebrna-bransoletka-warstwowa-z-hematytem-i-koniczyna-proba-925\/","og_locale":"en_GB","og_type":"article","og_title":"Srebrna bransoletka warstwowa z hematytem i koniczyn\u0105 \u2013 pr\u00f3ba 925 - Cornellia Studio","og_description":"Srebrna bransoletka warstwowa 925 z hematytem i zawieszk\u0105 koniczyny. D\u0142ugo\u015b\u0107 19 cm, kamienie 8\u00d72 mm, koniczyna 15 mm. Elegancka, minimalistyczna, r\u0119cznie wykonana. Idealna na prezent.","og_url":"https:\/\/cornelliastudio.pl\/en\/product\/srebrna-bransoletka-warstwowa-z-hematytem-i-koniczyna-proba-925\/","og_site_name":"Cornellia Studio","article_modified_time":"2025-12-15T11:19:57+00:00","og_image":[{"width":2560,"height":2560,"url":"https:\/\/cornelliastudio.pl\/wp-content\/uploads\/2025\/12\/20250717_101324-scaled.jpg","type":"image\/jpeg"}],"twitter_card":"summary_large_image","twitter_misc":{"Estimated reading time":"2 minutes"},"schema":{"@context":"https:\/\/schema.org","@graph":[{"@type":"WebPage","@id":"https:\/\/cornelliastudio.pl\/produkt\/srebrna-bransoletka-warstwowa-z-hematytem-i-koniczyna-proba-925\/","url":"https:\/\/cornelliastudio.pl\/produkt\/srebrna-bransoletka-warstwowa-z-hematytem-i-koniczyna-proba-925\/","name":"Srebrna bransoletka warstwowa z hematytem i koniczyn\u0105 \u2013 pr\u00f3ba 925 - Cornellia Studio","isPartOf":{"@id":"https:\/\/cornelliastudio.pl\/#website"},"primaryImageOfPage":{"@id":"https:\/\/cornelliastudio.pl\/produkt\/srebrna-bransoletka-warstwowa-z-hematytem-i-koniczyna-proba-925\/#primaryimage"},"image":{"@id":"https:\/\/cornelliastudio.pl\/produkt\/srebrna-bransoletka-warstwowa-z-hematytem-i-koniczyna-proba-925\/#primaryimage"},"thumbnailUrl":"https:\/\/cornelliastudio.pl\/wp-content\/uploads\/2025\/12\/20250717_101324-scaled.jpg","datePublished":"2025-12-09T15:23:14+00:00","dateModified":"2025-12-15T11:19:57+00:00","breadcrumb":{"@id":"https:\/\/cornelliastudio.pl\/produkt\/srebrna-bransoletka-warstwowa-z-hematytem-i-koniczyna-proba-925\/#breadcrumb"},"inLanguage":"en-GB","potentialAction":[{"@type":"ReadAction","target":["https:\/\/cornelliastudio.pl\/produkt\/srebrna-bransoletka-warstwowa-z-hematytem-i-koniczyna-proba-925\/"]}]},{"@type":"ImageObject","inLanguage":"en-GB","@id":"https:\/\/cornelliastudio.pl\/produkt\/srebrna-bransoletka-warstwowa-z-hematytem-i-koniczyna-proba-925\/#primaryimage","url":"https:\/\/cornelliastudio.pl\/wp-content\/uploads\/2025\/12\/20250717_101324-scaled.jpg","contentUrl":"https:\/\/cornelliastudio.pl\/wp-content\/uploads\/2025\/12\/20250717_101324-scaled.jpg","width":2560,"height":2560},{"@type":"BreadcrumbList","@id":"https:\/\/cornelliastudio.pl\/produkt\/srebrna-bransoletka-warstwowa-z-hematytem-i-koniczyna-proba-925\/#breadcrumb","itemListElement":[{"@type":"ListItem","position":1,"name":"Strona g\u0142\u00f3wna","item":"https:\/\/cornelliastudio.pl\/"},{"@type":"ListItem","position":2,"name":"Sklep","item":"https:\/\/cornelliastudio.pl\/sklep\/"},{"@type":"ListItem","position":3,"name":"Srebrna bransoletka warstwowa z hematytem i koniczyn\u0105 \u2013 pr\u00f3ba 925"}]},{"@type":"WebSite","@id":"https:\/\/cornelliastudio.pl\/#website","url":"https:\/\/cornelliastudio.pl\/","name":"Cornellia Studio","description":"Bi\u017cuteria artystyczna, hand made","publisher":{"@id":"https:\/\/cornelliastudio.pl\/#organization"},"potentialAction":[{"@type":"SearchAction","target":{"@type":"EntryPoint","urlTemplate":"https:\/\/cornelliastudio.pl\/?s={search_term_string}"},"query-input":{"@type":"PropertyValueSpecification","valueRequired":true,"valueName":"search_term_string"}}],"inLanguage":"en-GB"},{"@type":"Organization","@id":"https:\/\/cornelliastudio.pl\/#organization","name":"Cornellia Studio","url":"https:\/\/cornelliastudio.pl\/","logo":{"@type":"ImageObject","inLanguage":"en-GB","@id":"https:\/\/cornelliastudio.pl\/#\/schema\/logo\/image\/","url":"https:\/\/cornelliastudio.pl\/wp-content\/uploads\/2025\/10\/Cornellia-Studio-logo.png","contentUrl":"https:\/\/cornelliastudio.pl\/wp-content\/uploads\/2025\/10\/Cornellia-Studio-logo.png","width":1563,"height":1563,"caption":"Cornellia Studio"},"image":{"@id":"https:\/\/cornelliastudio.pl\/#\/schema\/logo\/image\/"}}]}},"uagb_featured_image_src":{"full":["https:\/\/cornelliastudio.pl\/wp-content\/uploads\/2025\/12\/20250717_101324-scaled.jpg",2560,2560,false],"thumbnail":["https:\/\/cornelliastudio.pl\/wp-content\/uploads\/2025\/12\/20250717_101324-150x150.jpg",150,150,true],"medium":["https:\/\/cornelliastudio.pl\/wp-content\/uploads\/2025\/12\/20250717_101324-300x300.jpg",300,300,true],"medium_large":["https:\/\/cornelliastudio.pl\/wp-content\/uploads\/2025\/12\/20250717_101324-768x768.jpg",768,768,true],"large":["https:\/\/cornelliastudio.pl\/wp-content\/uploads\/2025\/12\/20250717_101324-1024x1024.jpg",1024,1024,true],"1536x1536":["https:\/\/cornelliastudio.pl\/wp-content\/uploads\/2025\/12\/20250717_101324-1536x1536.jpg",1536,1536,true],"2048x2048":["https:\/\/cornelliastudio.pl\/wp-content\/uploads\/2025\/12\/20250717_101324-2048x2048.jpg",2048,2048,true],"trp-custom-language-flag":["https:\/\/cornelliastudio.pl\/wp-content\/uploads\/2025\/12\/20250717_101324-scaled.jpg",12,12,false],"woocommerce_thumbnail":["https:\/\/cornelliastudio.pl\/wp-content\/uploads\/2025\/12\/20250717_101324-300x300.jpg",300,300,true],"woocommerce_single":["https:\/\/cornelliastudio.pl\/wp-content\/uploads\/2025\/12\/20250717_101324-600x600.jpg",600,600,true],"woocommerce_gallery_thumbnail":["https:\/\/cornelliastudio.pl\/wp-content\/uploads\/2025\/12\/20250717_101324-100x100.jpg",100,100,true]},"uagb_author_info":{"display_name":"Cornellia Studio","author_link":"https:\/\/cornelliastudio.pl\/en\/author\/"},"uagb_comment_info":0,"uagb_excerpt":"Srebrna bransoletka warstwowa 925 z hematytem i zawieszk\u0105 koniczyny. D\u0142ugo\u015b\u0107 19 cm, kamienie 8\u00d72 mm, koniczyna 15 mm. Elegancka, minimalistyczna, r\u0119cznie wykonana. Idealna na prezent.","_links":{"self":[{"href":"https:\/\/cornelliastudio.pl\/en\/wp-json\/wp\/v2\/product\/2801","targetHints":{"allow":["GET"]}}],"collection":[{"href":"https:\/\/cornelliastudio.pl\/en\/wp-json\/wp\/v2\/product"}],"about":[{"href":"https:\/\/cornelliastudio.pl\/en\/wp-json\/wp\/v2\/types\/product"}],"replies":[{"embeddable":true,"href":"https:\/\/cornelliastudio.pl\/en\/wp-json\/wp\/v2\/comments?post=2801"}],"wp:featuredmedia":[{"embeddable":true,"href":"https:\/\/cornelliastudio.pl\/en\/wp-json\/wp\/v2\/media\/2804"}],"wp:attachment":[{"href":"https:\/\/cornelliastudio.pl\/en\/wp-json\/wp\/v2\/media?parent=2801"}],"wp:term":[{"taxonomy":"product_brand","embeddable":true,"href":"https:\/\/cornelliastudio.pl\/en\/wp-json\/wp\/v2\/product_brand?post=2801"},{"taxonomy":"product_cat","embeddable":true,"href":"https:\/\/cornelliastudio.pl\/en\/wp-json\/wp\/v2\/product_cat?post=2801"},{"taxonomy":"product_tag","embeddable":true,"href":"https:\/\/cornelliastudio.pl\/en\/wp-json\/wp\/v2\/product_tag?post=2801"}],"curies":[{"name":"wp","href":"https:\/\/api.w.org\/{rel}","templated":true}]}}