{"id":2785,"date":"2025-12-09T13:39:56","date_gmt":"2025-12-09T12:39:56","guid":{"rendered":"https:\/\/cornelliastudio.pl\/?post_type=product&#038;p=2785"},"modified":"2026-01-31T09:17:15","modified_gmt":"2026-01-31T08:17:15","slug":"2785","status":"publish","type":"product","link":"https:\/\/cornelliastudio.pl\/en\/product\/2785\/","title":{"rendered":"Layered 925 sterling silver bracelet with turquoise and coin"},"content":{"rendered":"<h2 data-start=\"152\" data-end=\"236\">Layered 925 Sterling Silver Bracelet with Turquoise and Coin \u2013 Classic and Lightweight<\/h2>\n<p data-start=\"238\" data-end=\"496\">Elegant, <strong data-start=\"249\" data-end=\"309\">a lightweight layered bracelet made of 925 sterling silver<\/strong>, adorned with natural <strong data-start=\"332\" data-end=\"344\">with turquoise<\/strong> and a decorative <strong data-start=\"362\" data-end=\"405\">a coin-shaped charm \u2013 parabola<\/strong>Three delicate chains create a fashionable yet timeless effect of classic jewelry.<\/p>\n<p data-start=\"498\" data-end=\"748\">Turquoise stones measuring <strong data-start=\"529\" data-end=\"541\">2 \u00d7 4 mm<\/strong> beautifully contrast with the cool shine of silver, giving the bracelet a fresh, summery character. The whole design is completed by <strong data-start=\"659\" data-end=\"715\">a disc-shaped charm \u2013 parabola, measuring 12 \u00d7 6 mm<\/strong>, which subtly reflects the light.<\/p>\n<p data-start=\"750\" data-end=\"885\">The bracelet features <strong data-start=\"765\" data-end=\"782\">a length of 20 cm<\/strong> and is fastened with <strong data-start=\"802\" data-end=\"836\">a sturdy spring ring clasp<\/strong>, ensuring safety and comfort when worn.<\/p>\n<h2 data-start=\"887\" data-end=\"910\">Product details:<\/h2>\n<ul data-start=\"911\" data-end=\"1222\">\n<li data-start=\"911\" data-end=\"943\">\n<p data-start=\"913\" data-end=\"943\">Material: <strong data-start=\"923\" data-end=\"943\">925  sterling silver<\/strong><\/p>\n<\/li>\n<li data-start=\"944\" data-end=\"976\">\n<p data-start=\"946\" data-end=\"976\">Bracelet length: <strong data-start=\"967\" data-end=\"976\">20 cm<\/strong><\/p>\n<\/li>\n<li data-start=\"977\" data-end=\"1026\">\n<p data-start=\"979\" data-end=\"1026\">Design: <strong data-start=\"992\" data-end=\"1026\">3 layered chains, each 13 cm long<\/strong><\/p>\n<\/li>\n<li data-start=\"1027\" data-end=\"1070\">\n<p data-start=\"1029\" data-end=\"1070\">Gemstones: <strong data-start=\"1039\" data-end=\"1070\">natural turquoise \u2013 2 \u00d7 4 mm<\/strong><\/p>\n<\/li>\n<li data-start=\"1071\" data-end=\"1124\">\n<p data-start=\"1073\" data-end=\"1124\">Charm: <strong data-start=\"1084\" data-end=\"1124\">coin \/ disc \u2018parabola\u2019 \u2013 12 \u00d7 6 mm<\/strong><\/p>\n<\/li>\n<li data-start=\"1125\" data-end=\"1157\">\n<p data-start=\"1127\" data-end=\"1157\">Closure: <strong data-start=\"1137\" data-end=\"1157\">silver spring ring clasp<\/strong><\/p>\n<\/li>\n<li data-start=\"1158\" data-end=\"1198\">\n<p data-start=\"1160\" data-end=\"1198\">Style: <strong data-start=\"1166\" data-end=\"1198\">classic, lightweight, modern<\/strong><\/p>\n<\/li>\n<li data-start=\"1199\" data-end=\"1222\">\n<p data-start=\"1201\" data-end=\"1222\">Craftsmanship: <strong data-start=\"1212\" data-end=\"1222\">handcrafted<\/strong><\/p>\n<\/li>\n<\/ul>\n<p data-start=\"1224\" data-end=\"1389\">This is <strong data-start=\"1227\" data-end=\"1275\">a fashionable, subtle, and very feminine bracelet<\/strong>, perfect for everyday wear as well as a delicate accent for elegant outfits. A perfect gift idea.<\/p>","protected":false},"excerpt":{"rendered":"<h2>Pure form, lightness, and timeless simplicity. A subtle combination of silver and turquoise in a minimalist style that goes with everything.\u201d<\/h2>\n<p>A lightweight, layered 925 sterling silver bracelet with turquoise and a coin-shaped charm. Subtle, classic, and very feminine \u2014 perfect for everyday wear and as a gift.<\/p>","protected":false},"featured_media":2786,"comment_status":"closed","ping_status":"closed","template":"","meta":{"_uag_custom_page_level_css":"","site-sidebar-layout":"default","site-content-layout":"","ast-site-content-layout":"default","site-content-style":"default","site-sidebar-style":"default","ast-global-header-display":"","ast-banner-title-visibility":"","ast-main-header-display":"","ast-hfb-above-header-display":"","ast-hfb-below-header-display":"","ast-hfb-mobile-header-display":"","site-post-title":"","ast-breadcrumbs-content":"","ast-featured-img":"","footer-sml-layout":"","ast-disable-related-posts":"","theme-transparent-header-meta":"default","adv-header-id-meta":"","stick-header-meta":"","header-above-stick-meta":"","header-main-stick-meta":"","header-below-stick-meta":"","astra-migrate-meta-layouts":"set","ast-page-background-enabled":"default","ast-page-background-meta":{"desktop":{"background-color":"var(--ast-global-color-4)","background-image":"","background-repeat":"repeat","background-position":"center center","background-size":"auto","background-attachment":"scroll","background-type":"","background-media":"","overlay-type":"","overlay-color":"","overlay-opacity":"","overlay-gradient":""},"tablet":{"background-color":"","background-image":"","background-repeat":"repeat","background-position":"center center","background-size":"auto","background-attachment":"scroll","background-type":"","background-media":"","overlay-type":"","overlay-color":"","overlay-opacity":"","overlay-gradient":""},"mobile":{"background-color":"","background-image":"","background-repeat":"repeat","background-position":"center center","background-size":"auto","background-attachment":"scroll","background-type":"","background-media":"","overlay-type":"","overlay-color":"","overlay-opacity":"","overlay-gradient":""}},"ast-content-background-meta":{"desktop":{"background-color":"var(--ast-global-color-5)","background-image":"","background-repeat":"repeat","background-position":"center center","background-size":"auto","background-attachment":"scroll","background-type":"","background-media":"","overlay-type":"","overlay-color":"","overlay-opacity":"","overlay-gradient":""},"tablet":{"background-color":"var(--ast-global-color-5)","background-image":"","background-repeat":"repeat","background-position":"center center","background-size":"auto","background-attachment":"scroll","background-type":"","background-media":"","overlay-type":"","overlay-color":"","overlay-opacity":"","overlay-gradient":""},"mobile":{"background-color":"var(--ast-global-color-5)","background-image":"","background-repeat":"repeat","background-position":"center center","background-size":"auto","background-attachment":"scroll","background-type":"","background-media":"","overlay-type":"","overlay-color":"","overlay-opacity":"","overlay-gradient":""}}},"product_brand":[201],"product_cat":[30,29,31],"product_tag":[81,189,223,83,469,254,497,285,495,207,187,315,215,256,208,433,214,496],"class_list":{"0":"post-2785","1":"product","2":"type-product","3":"status-publish","4":"has-post-thumbnail","6":"product_brand-cornellia-studio","7":"product_cat-bestsellery","8":"product_cat-bransoletki","9":"product_cat-nowosci","10":"product_tag-925__silver_bracelet","11":"product_tag-bizuteria-handmade","12":"product_tag-bizuteria-minimalistyczna","13":"product_tag-boho_minimalist","14":"product_tag-bransoletka-warstwowa","15":"product_tag-bransoletka-z-turkusem","16":"product_tag-elegacka","17":"product_tag-lekka-bransoletka","18":"product_tag-modern","19":"product_tag-nowoczesna-bizuteria","20":"product_tag-prezent-dla-niej","21":"product_tag-prezent-urodzinowy","22":"product_tag-srebro-925","23":"product_tag-srebro-925-handmade","24":"product_tag-srebro-proby-925","25":"product_tag-turkus","26":"product_tag-wyjatkowy-prezent","27":"product_tag-zawieszka-z-discem","28":"pa_dlugosc-bransoletki-15cm","29":"pa_dlugosc-bransoletki-17-cm","30":"pa_dlugosc-bransoletki-19-cm","31":"pa_dlugosc-bransoletki-21-cm","32":"desktop-align-left","33":"tablet-align-left","34":"mobile-align-left","36":"first","37":"outofstock","38":"taxable","39":"shipping-taxable","40":"product-type-simple"},"yoast_head":"<!-- This site is optimized with the Yoast SEO plugin v27.4 - https:\/\/yoast.com\/product\/yoast-seo-wordpress\/ -->\n<title>Warstwowa srebrna bransoletka 925 z turkusem i monet\u0105 - Cornellia Studio<\/title>\n<meta name=\"robots\" content=\"index, follow, max-snippet:-1, max-image-preview:large, max-video-preview:-1\" \/>\n<link rel=\"canonical\" href=\"https:\/\/cornelliastudio.pl\/en\/product\/2785\/\" \/>\n<meta property=\"og:locale\" content=\"en_GB\" \/>\n<meta property=\"og:type\" content=\"article\" \/>\n<meta property=\"og:title\" content=\"Warstwowa srebrna bransoletka 925 z turkusem i monet\u0105 - Cornellia Studio\" \/>\n<meta property=\"og:description\" content=\"Czysta forma, lekko\u015b\u0107 i ponadczasowa prostota. Subtelne po\u0142\u0105czenie srebra i turkusu w minimalistycznym stylu, kt\u00f3ry pasuje do wszystkiego. Lekka, warstwowa bransoletka ze srebra 925 z turkusem i zawieszk\u0105 w kszta\u0142cie monety. Subtelna, klasyczna i bardzo kobieca \u2014 idealna na co dzie\u0144 i na prezent.\" \/>\n<meta property=\"og:url\" content=\"https:\/\/cornelliastudio.pl\/en\/product\/2785\/\" \/>\n<meta property=\"og:site_name\" content=\"Cornellia Studio\" \/>\n<meta property=\"article:modified_time\" content=\"2026-01-31T08:17:15+00:00\" \/>\n<meta property=\"og:image\" content=\"https:\/\/cornelliastudio.pl\/wp-content\/uploads\/2025\/12\/20250529_144859-scaled.jpg\" \/>\n\t<meta property=\"og:image:width\" content=\"2560\" \/>\n\t<meta property=\"og:image:height\" content=\"2560\" \/>\n\t<meta property=\"og:image:type\" content=\"image\/jpeg\" \/>\n<meta name=\"twitter:card\" content=\"summary_large_image\" \/>\n<meta name=\"twitter:label1\" content=\"Estimated reading time\" \/>\n\t<meta name=\"twitter:data1\" content=\"2 minutes\" \/>\n<script type=\"application\/ld+json\" class=\"yoast-schema-graph\">{\"@context\":\"https:\\\/\\\/schema.org\",\"@graph\":[{\"@type\":\"WebPage\",\"@id\":\"https:\\\/\\\/cornelliastudio.pl\\\/produkt\\\/2785\\\/\",\"url\":\"https:\\\/\\\/cornelliastudio.pl\\\/produkt\\\/2785\\\/\",\"name\":\"Warstwowa srebrna bransoletka 925 z turkusem i monet\u0105 - Cornellia Studio\",\"isPartOf\":{\"@id\":\"https:\\\/\\\/cornelliastudio.pl\\\/#website\"},\"primaryImageOfPage\":{\"@id\":\"https:\\\/\\\/cornelliastudio.pl\\\/produkt\\\/2785\\\/#primaryimage\"},\"image\":{\"@id\":\"https:\\\/\\\/cornelliastudio.pl\\\/produkt\\\/2785\\\/#primaryimage\"},\"thumbnailUrl\":\"https:\\\/\\\/cornelliastudio.pl\\\/wp-content\\\/uploads\\\/2025\\\/12\\\/20250529_144859-scaled.jpg\",\"datePublished\":\"2025-12-09T12:39:56+00:00\",\"dateModified\":\"2026-01-31T08:17:15+00:00\",\"breadcrumb\":{\"@id\":\"https:\\\/\\\/cornelliastudio.pl\\\/produkt\\\/2785\\\/#breadcrumb\"},\"inLanguage\":\"en-GB\",\"potentialAction\":[{\"@type\":\"ReadAction\",\"target\":[\"https:\\\/\\\/cornelliastudio.pl\\\/produkt\\\/2785\\\/\"]}]},{\"@type\":\"ImageObject\",\"inLanguage\":\"en-GB\",\"@id\":\"https:\\\/\\\/cornelliastudio.pl\\\/produkt\\\/2785\\\/#primaryimage\",\"url\":\"https:\\\/\\\/cornelliastudio.pl\\\/wp-content\\\/uploads\\\/2025\\\/12\\\/20250529_144859-scaled.jpg\",\"contentUrl\":\"https:\\\/\\\/cornelliastudio.pl\\\/wp-content\\\/uploads\\\/2025\\\/12\\\/20250529_144859-scaled.jpg\",\"width\":2560,\"height\":2560},{\"@type\":\"BreadcrumbList\",\"@id\":\"https:\\\/\\\/cornelliastudio.pl\\\/produkt\\\/2785\\\/#breadcrumb\",\"itemListElement\":[{\"@type\":\"ListItem\",\"position\":1,\"name\":\"Strona g\u0142\u00f3wna\",\"item\":\"https:\\\/\\\/cornelliastudio.pl\\\/\"},{\"@type\":\"ListItem\",\"position\":2,\"name\":\"Sklep\",\"item\":\"https:\\\/\\\/cornelliastudio.pl\\\/sklep\\\/\"},{\"@type\":\"ListItem\",\"position\":3,\"name\":\"Warstwowa srebrna bransoletka 925 z turkusem i monet\u0105\"}]},{\"@type\":\"WebSite\",\"@id\":\"https:\\\/\\\/cornelliastudio.pl\\\/#website\",\"url\":\"https:\\\/\\\/cornelliastudio.pl\\\/\",\"name\":\"Cornellia Studio\",\"description\":\"Bi\u017cuteria artystyczna, hand made\",\"publisher\":{\"@id\":\"https:\\\/\\\/cornelliastudio.pl\\\/#organization\"},\"potentialAction\":[{\"@type\":\"SearchAction\",\"target\":{\"@type\":\"EntryPoint\",\"urlTemplate\":\"https:\\\/\\\/cornelliastudio.pl\\\/?s={search_term_string}\"},\"query-input\":{\"@type\":\"PropertyValueSpecification\",\"valueRequired\":true,\"valueName\":\"search_term_string\"}}],\"inLanguage\":\"en-GB\"},{\"@type\":\"Organization\",\"@id\":\"https:\\\/\\\/cornelliastudio.pl\\\/#organization\",\"name\":\"Cornellia Studio\",\"url\":\"https:\\\/\\\/cornelliastudio.pl\\\/\",\"logo\":{\"@type\":\"ImageObject\",\"inLanguage\":\"en-GB\",\"@id\":\"https:\\\/\\\/cornelliastudio.pl\\\/#\\\/schema\\\/logo\\\/image\\\/\",\"url\":\"https:\\\/\\\/cornelliastudio.pl\\\/wp-content\\\/uploads\\\/2025\\\/10\\\/Cornellia-Studio-logo.png\",\"contentUrl\":\"https:\\\/\\\/cornelliastudio.pl\\\/wp-content\\\/uploads\\\/2025\\\/10\\\/Cornellia-Studio-logo.png\",\"width\":1563,\"height\":1563,\"caption\":\"Cornellia Studio\"},\"image\":{\"@id\":\"https:\\\/\\\/cornelliastudio.pl\\\/#\\\/schema\\\/logo\\\/image\\\/\"}}]}<\/script>\n<!-- \/ Yoast SEO plugin. -->","yoast_head_json":{"title":"Warstwowa srebrna bransoletka 925 z turkusem i monet\u0105 - Cornellia Studio","robots":{"index":"index","follow":"follow","max-snippet":"max-snippet:-1","max-image-preview":"max-image-preview:large","max-video-preview":"max-video-preview:-1"},"canonical":"https:\/\/cornelliastudio.pl\/en\/product\/2785\/","og_locale":"en_GB","og_type":"article","og_title":"Warstwowa srebrna bransoletka 925 z turkusem i monet\u0105 - Cornellia Studio","og_description":"Czysta forma, lekko\u015b\u0107 i ponadczasowa prostota. Subtelne po\u0142\u0105czenie srebra i turkusu w minimalistycznym stylu, kt\u00f3ry pasuje do wszystkiego. Lekka, warstwowa bransoletka ze srebra 925 z turkusem i zawieszk\u0105 w kszta\u0142cie monety. Subtelna, klasyczna i bardzo kobieca \u2014 idealna na co dzie\u0144 i na prezent.","og_url":"https:\/\/cornelliastudio.pl\/en\/product\/2785\/","og_site_name":"Cornellia Studio","article_modified_time":"2026-01-31T08:17:15+00:00","og_image":[{"width":2560,"height":2560,"url":"https:\/\/cornelliastudio.pl\/wp-content\/uploads\/2025\/12\/20250529_144859-scaled.jpg","type":"image\/jpeg"}],"twitter_card":"summary_large_image","twitter_misc":{"Estimated reading time":"2 minutes"},"schema":{"@context":"https:\/\/schema.org","@graph":[{"@type":"WebPage","@id":"https:\/\/cornelliastudio.pl\/produkt\/2785\/","url":"https:\/\/cornelliastudio.pl\/produkt\/2785\/","name":"Warstwowa srebrna bransoletka 925 z turkusem i monet\u0105 - Cornellia Studio","isPartOf":{"@id":"https:\/\/cornelliastudio.pl\/#website"},"primaryImageOfPage":{"@id":"https:\/\/cornelliastudio.pl\/produkt\/2785\/#primaryimage"},"image":{"@id":"https:\/\/cornelliastudio.pl\/produkt\/2785\/#primaryimage"},"thumbnailUrl":"https:\/\/cornelliastudio.pl\/wp-content\/uploads\/2025\/12\/20250529_144859-scaled.jpg","datePublished":"2025-12-09T12:39:56+00:00","dateModified":"2026-01-31T08:17:15+00:00","breadcrumb":{"@id":"https:\/\/cornelliastudio.pl\/produkt\/2785\/#breadcrumb"},"inLanguage":"en-GB","potentialAction":[{"@type":"ReadAction","target":["https:\/\/cornelliastudio.pl\/produkt\/2785\/"]}]},{"@type":"ImageObject","inLanguage":"en-GB","@id":"https:\/\/cornelliastudio.pl\/produkt\/2785\/#primaryimage","url":"https:\/\/cornelliastudio.pl\/wp-content\/uploads\/2025\/12\/20250529_144859-scaled.jpg","contentUrl":"https:\/\/cornelliastudio.pl\/wp-content\/uploads\/2025\/12\/20250529_144859-scaled.jpg","width":2560,"height":2560},{"@type":"BreadcrumbList","@id":"https:\/\/cornelliastudio.pl\/produkt\/2785\/#breadcrumb","itemListElement":[{"@type":"ListItem","position":1,"name":"Strona g\u0142\u00f3wna","item":"https:\/\/cornelliastudio.pl\/"},{"@type":"ListItem","position":2,"name":"Sklep","item":"https:\/\/cornelliastudio.pl\/sklep\/"},{"@type":"ListItem","position":3,"name":"Warstwowa srebrna bransoletka 925 z turkusem i monet\u0105"}]},{"@type":"WebSite","@id":"https:\/\/cornelliastudio.pl\/#website","url":"https:\/\/cornelliastudio.pl\/","name":"Cornellia Studio","description":"Bi\u017cuteria artystyczna, hand made","publisher":{"@id":"https:\/\/cornelliastudio.pl\/#organization"},"potentialAction":[{"@type":"SearchAction","target":{"@type":"EntryPoint","urlTemplate":"https:\/\/cornelliastudio.pl\/?s={search_term_string}"},"query-input":{"@type":"PropertyValueSpecification","valueRequired":true,"valueName":"search_term_string"}}],"inLanguage":"en-GB"},{"@type":"Organization","@id":"https:\/\/cornelliastudio.pl\/#organization","name":"Cornellia Studio","url":"https:\/\/cornelliastudio.pl\/","logo":{"@type":"ImageObject","inLanguage":"en-GB","@id":"https:\/\/cornelliastudio.pl\/#\/schema\/logo\/image\/","url":"https:\/\/cornelliastudio.pl\/wp-content\/uploads\/2025\/10\/Cornellia-Studio-logo.png","contentUrl":"https:\/\/cornelliastudio.pl\/wp-content\/uploads\/2025\/10\/Cornellia-Studio-logo.png","width":1563,"height":1563,"caption":"Cornellia Studio"},"image":{"@id":"https:\/\/cornelliastudio.pl\/#\/schema\/logo\/image\/"}}]}},"uagb_featured_image_src":{"full":["https:\/\/cornelliastudio.pl\/wp-content\/uploads\/2025\/12\/20250529_144859-scaled.jpg",2560,2560,false],"thumbnail":["https:\/\/cornelliastudio.pl\/wp-content\/uploads\/2025\/12\/20250529_144859-150x150.jpg",150,150,true],"medium":["https:\/\/cornelliastudio.pl\/wp-content\/uploads\/2025\/12\/20250529_144859-300x300.jpg",300,300,true],"medium_large":["https:\/\/cornelliastudio.pl\/wp-content\/uploads\/2025\/12\/20250529_144859-768x768.jpg",768,768,true],"large":["https:\/\/cornelliastudio.pl\/wp-content\/uploads\/2025\/12\/20250529_144859-1024x1024.jpg",1024,1024,true],"1536x1536":["https:\/\/cornelliastudio.pl\/wp-content\/uploads\/2025\/12\/20250529_144859-1536x1536.jpg",1536,1536,true],"2048x2048":["https:\/\/cornelliastudio.pl\/wp-content\/uploads\/2025\/12\/20250529_144859-2048x2048.jpg",2048,2048,true],"trp-custom-language-flag":["https:\/\/cornelliastudio.pl\/wp-content\/uploads\/2025\/12\/20250529_144859-scaled.jpg",12,12,false],"woocommerce_thumbnail":["https:\/\/cornelliastudio.pl\/wp-content\/uploads\/2025\/12\/20250529_144859-300x300.jpg",300,300,true],"woocommerce_single":["https:\/\/cornelliastudio.pl\/wp-content\/uploads\/2025\/12\/20250529_144859-600x600.jpg",600,600,true],"woocommerce_gallery_thumbnail":["https:\/\/cornelliastudio.pl\/wp-content\/uploads\/2025\/12\/20250529_144859-100x100.jpg",100,100,true]},"uagb_author_info":{"display_name":"Cornellia Studio","author_link":"https:\/\/cornelliastudio.pl\/en\/author\/"},"uagb_comment_info":0,"uagb_excerpt":"Czysta forma, lekko\u015b\u0107 i ponadczasowa prostota. Subtelne po\u0142\u0105czenie srebra i turkusu w minimalistycznym stylu, kt\u00f3ry pasuje do wszystkiego. Lekka, warstwowa bransoletka ze srebra 925 z turkusem i zawieszk\u0105 w kszta\u0142cie monety. Subtelna, klasyczna i bardzo kobieca \u2014 idealna na co dzie\u0144 i na prezent.","_links":{"self":[{"href":"https:\/\/cornelliastudio.pl\/en\/wp-json\/wp\/v2\/product\/2785","targetHints":{"allow":["GET"]}}],"collection":[{"href":"https:\/\/cornelliastudio.pl\/en\/wp-json\/wp\/v2\/product"}],"about":[{"href":"https:\/\/cornelliastudio.pl\/en\/wp-json\/wp\/v2\/types\/product"}],"replies":[{"embeddable":true,"href":"https:\/\/cornelliastudio.pl\/en\/wp-json\/wp\/v2\/comments?post=2785"}],"wp:featuredmedia":[{"embeddable":true,"href":"https:\/\/cornelliastudio.pl\/en\/wp-json\/wp\/v2\/media\/2786"}],"wp:attachment":[{"href":"https:\/\/cornelliastudio.pl\/en\/wp-json\/wp\/v2\/media?parent=2785"}],"wp:term":[{"taxonomy":"product_brand","embeddable":true,"href":"https:\/\/cornelliastudio.pl\/en\/wp-json\/wp\/v2\/product_brand?post=2785"},{"taxonomy":"product_cat","embeddable":true,"href":"https:\/\/cornelliastudio.pl\/en\/wp-json\/wp\/v2\/product_cat?post=2785"},{"taxonomy":"product_tag","embeddable":true,"href":"https:\/\/cornelliastudio.pl\/en\/wp-json\/wp\/v2\/product_tag?post=2785"}],"curies":[{"name":"wp","href":"https:\/\/api.w.org\/{rel}","templated":true}]}}