{"id":2755,"date":"2025-12-08T16:56:34","date_gmt":"2025-12-08T15:56:34","guid":{"rendered":"https:\/\/cornelliastudio.pl\/?post_type=product&#038;p=2755"},"modified":"2025-12-16T14:39:52","modified_gmt":"2025-12-16T13:39:52","slug":"srebrna-bransoletka-925-z-krzyzykiem-i-zawieszka-kuleczka","status":"publish","type":"product","link":"https:\/\/cornelliastudio.pl\/en\/product\/srebrna-bransoletka-925-z-krzyzykiem-i-zawieszka-kuleczka\/","title":{"rendered":"925 sterling silver bracelet with a cross and a small ball charm"},"content":{"rendered":"<h2 data-start=\"76\" data-end=\"157\"><strong data-start=\"76\" data-end=\"157\">A lightweight and delicate 925 sterling silver bracelet with a cross and a small ball charm.<\/strong><\/h2>\n<p data-start=\"159\" data-end=\"564\">An elegant, handcrafted bracelet made of sterling silver. <strong data-start=\"215\" data-end=\"222\">925<\/strong>designed in a light and subtle form. The bracelet is adorned with small stones measuring <strong data-start=\"311\" data-end=\"323\">4 \u00d7 2 mm<\/strong>which give the piece a delicate character. The central element is <strong data-start=\"396\" data-end=\"437\">a 925 sterling silver cross measuring 20 \u00d7 8 mm<\/strong>symbolizing faith, protection, and spiritual strength. The design is completed by <strong data-start=\"504\" data-end=\"563\">a subtle ball-shaped charm with a diameter of 3 mm<\/strong>.<\/p>\n<p data-start=\"566\" data-end=\"780\">The bracelet is <strong data-start=\"583\" data-end=\"613\">lightweight, delicate, and feminine<\/strong>perfect for everyday wear as well as a unique gift with symbolic meaning. Thanks to <strong data-start=\"716\" data-end=\"740\">with an adjustable length<\/strong> It adjusts perfectly to the wrist.<\/p>\n<h2 data-start=\"782\" data-end=\"805\"><strong data-start=\"782\" data-end=\"805\">Product details:<\/strong><\/h2>\n<ul data-start=\"806\" data-end=\"1105\">\n<li data-start=\"806\" data-end=\"838\">\n<p data-start=\"808\" data-end=\"838\">Material: <strong data-start=\"818\" data-end=\"838\">925  sterling silver<\/strong><\/p>\n<\/li>\n<li data-start=\"839\" data-end=\"871\">\n<p data-start=\"841\" data-end=\"871\">Stone size: <strong data-start=\"859\" data-end=\"871\">4 \u00d7 2 mm<\/strong><\/p>\n<\/li>\n<li data-start=\"872\" data-end=\"920\">\n<p data-start=\"874\" data-end=\"920\">Decorative element: <strong data-start=\"891\" data-end=\"920\">sterling silver cross \u2013 20 \u00d7 8 mm<\/strong><\/p>\n<\/li>\n<li data-start=\"921\" data-end=\"961\">\n<p data-start=\"923\" data-end=\"961\">Charm: <strong data-start=\"934\" data-end=\"961\">sterling silver ball charm \u2013 3 mm<\/strong><\/p>\n<\/li>\n<li data-start=\"962\" data-end=\"1011\">\n<p data-start=\"964\" data-end=\"1011\">Bracelet length: <strong data-start=\"985\" data-end=\"1011\">21cm<\/strong><\/p>\n<\/li>\n<li data-start=\"1012\" data-end=\"1079\">\n<p data-start=\"1014\" data-end=\"1079\">Style: <strong data-start=\"1020\" data-end=\"1079\">lightweight, delicate, feminine, minimalist, symbolic<\/strong><\/p>\n<\/li>\n<li data-start=\"1080\" data-end=\"1105\">\n<p data-start=\"1082\" data-end=\"1105\">Craftsmanship: <strong data-start=\"1093\" data-end=\"1105\">handmade<\/strong><\/p>\n<\/li>\n<\/ul>\n<p data-start=\"1107\" data-end=\"1237\">The bracelet works perfectly as a subtle everyday accessory as well as an elegant, symbolic gift for a special occasion.<\/p>","protected":false},"excerpt":{"rendered":"<h2>A delicate silver bracelet, perfect for everyday wear.<\/h2>\n<p>A delicate 925 sterling silver bracelet adorned with small stones (4 \u00d7 2 mm), a cross (20 \u00d7 8 mm), and a 3 mm ball charm. Length: 19 cm + 2 cm extension. Lightweight, feminine, and symbolic.<\/p>","protected":false},"featured_media":2761,"comment_status":"closed","ping_status":"closed","template":"","meta":{"_uag_custom_page_level_css":"","site-sidebar-layout":"default","site-content-layout":"","ast-site-content-layout":"default","site-content-style":"default","site-sidebar-style":"default","ast-global-header-display":"","ast-banner-title-visibility":"","ast-main-header-display":"","ast-hfb-above-header-display":"","ast-hfb-below-header-display":"","ast-hfb-mobile-header-display":"","site-post-title":"","ast-breadcrumbs-content":"","ast-featured-img":"","footer-sml-layout":"","ast-disable-related-posts":"","theme-transparent-header-meta":"default","adv-header-id-meta":"","stick-header-meta":"","header-above-stick-meta":"","header-main-stick-meta":"","header-below-stick-meta":"","astra-migrate-meta-layouts":"set","ast-page-background-enabled":"default","ast-page-background-meta":{"desktop":{"background-color":"var(--ast-global-color-4)","background-image":"","background-repeat":"repeat","background-position":"center center","background-size":"auto","background-attachment":"scroll","background-type":"","background-media":"","overlay-type":"","overlay-color":"","overlay-opacity":"","overlay-gradient":""},"tablet":{"background-color":"","background-image":"","background-repeat":"repeat","background-position":"center center","background-size":"auto","background-attachment":"scroll","background-type":"","background-media":"","overlay-type":"","overlay-color":"","overlay-opacity":"","overlay-gradient":""},"mobile":{"background-color":"","background-image":"","background-repeat":"repeat","background-position":"center center","background-size":"auto","background-attachment":"scroll","background-type":"","background-media":"","overlay-type":"","overlay-color":"","overlay-opacity":"","overlay-gradient":""}},"ast-content-background-meta":{"desktop":{"background-color":"var(--ast-global-color-5)","background-image":"","background-repeat":"repeat","background-position":"center center","background-size":"auto","background-attachment":"scroll","background-type":"","background-media":"","overlay-type":"","overlay-color":"","overlay-opacity":"","overlay-gradient":""},"tablet":{"background-color":"var(--ast-global-color-5)","background-image":"","background-repeat":"repeat","background-position":"center center","background-size":"auto","background-attachment":"scroll","background-type":"","background-media":"","overlay-type":"","overlay-color":"","overlay-opacity":"","overlay-gradient":""},"mobile":{"background-color":"var(--ast-global-color-5)","background-image":"","background-repeat":"repeat","background-position":"center center","background-size":"auto","background-attachment":"scroll","background-type":"","background-media":"","overlay-type":"","overlay-color":"","overlay-opacity":"","overlay-gradient":""}}},"product_brand":[201],"product_cat":[30,29,31],"product_tag":[458,223,470,284,254,394,285,187,315,445,215,194,423,214],"class_list":{"0":"post-2755","1":"product","2":"type-product","3":"status-publish","4":"has-post-thumbnail","6":"product_brand-cornellia-studio","7":"product_cat-bestsellery","8":"product_cat-bransoletki","9":"product_cat-nowosci","10":"product_tag-bizuteria-boho-z-kamieni-naturalnych","11":"product_tag-bizuteria-minimalistyczna","12":"product_tag-boho-bransoletka","13":"product_tag-bransoletka-srebro-925","14":"product_tag-bransoletka-z-turkusem","15":"product_tag-handmade-srebro","16":"product_tag-lekka-bransoletka","17":"product_tag-prezent-dla-niej","18":"product_tag-prezent-urodzinowy","19":"product_tag-srebrny-krzyzyk-925","20":"product_tag-srebro-925","21":"product_tag-subtelna-bransoletka","22":"product_tag-turkus-naturalny","23":"product_tag-wyjatkowy-prezent","24":"pa_dlugosc-bransoletki-15cm","25":"pa_dlugosc-bransoletki-17-cm","26":"pa_dlugosc-bransoletki-19-cm","27":"pa_dlugosc-bransoletki-21-cm","28":"desktop-align-left","29":"tablet-align-left","30":"mobile-align-left","32":"first","33":"instock","34":"taxable","35":"shipping-taxable","36":"purchasable","37":"product-type-variable"},"yoast_head":"<!-- This site is optimized with the Yoast SEO plugin v27.4 - https:\/\/yoast.com\/product\/yoast-seo-wordpress\/ -->\n<title>Srebrna bransoletka 925 z krzy\u017cykiem i zawieszk\u0105 kuleczk\u0105 - Cornellia Studio<\/title>\n<meta name=\"robots\" content=\"index, follow, max-snippet:-1, max-image-preview:large, max-video-preview:-1\" \/>\n<link rel=\"canonical\" href=\"https:\/\/cornelliastudio.pl\/en\/product\/srebrna-bransoletka-925-z-krzyzykiem-i-zawieszka-kuleczka\/\" \/>\n<meta property=\"og:locale\" content=\"en_GB\" \/>\n<meta property=\"og:type\" content=\"article\" \/>\n<meta property=\"og:title\" content=\"Srebrna bransoletka 925 z krzy\u017cykiem i zawieszk\u0105 kuleczk\u0105 - Cornellia Studio\" \/>\n<meta property=\"og:description\" content=\"Subtelna srebrna bransoletka idealna do noszenia ka\u017cdego dnia. Delikatna srebrna bransoletka 925 z drobnymi kamieniami (4 \u00d7 2 mm), krzy\u017cykiem 20 \u00d7 8 mm oraz zawieszk\u0105 kuleczk\u0105 3 mm. D\u0142ugo\u015b\u0107 19 cm + 2 cm regulacji. Lekka, kobieca i symboliczna.\" \/>\n<meta property=\"og:url\" content=\"https:\/\/cornelliastudio.pl\/en\/product\/srebrna-bransoletka-925-z-krzyzykiem-i-zawieszka-kuleczka\/\" \/>\n<meta property=\"og:site_name\" content=\"Cornellia Studio\" \/>\n<meta property=\"article:modified_time\" content=\"2025-12-16T13:39:52+00:00\" \/>\n<meta property=\"og:image\" content=\"https:\/\/cornelliastudio.pl\/wp-content\/uploads\/2025\/12\/20251001_114142-\u2014-kopia-scaled.jpg\" \/>\n\t<meta property=\"og:image:width\" content=\"2560\" \/>\n\t<meta property=\"og:image:height\" content=\"2560\" \/>\n\t<meta property=\"og:image:type\" content=\"image\/jpeg\" \/>\n<meta name=\"twitter:card\" content=\"summary_large_image\" \/>\n<meta name=\"twitter:label1\" content=\"Estimated reading time\" \/>\n\t<meta name=\"twitter:data1\" content=\"2 minutes\" \/>\n<script type=\"application\/ld+json\" class=\"yoast-schema-graph\">{\"@context\":\"https:\\\/\\\/schema.org\",\"@graph\":[{\"@type\":\"WebPage\",\"@id\":\"https:\\\/\\\/cornelliastudio.pl\\\/produkt\\\/srebrna-bransoletka-925-z-krzyzykiem-i-zawieszka-kuleczka\\\/\",\"url\":\"https:\\\/\\\/cornelliastudio.pl\\\/produkt\\\/srebrna-bransoletka-925-z-krzyzykiem-i-zawieszka-kuleczka\\\/\",\"name\":\"Srebrna bransoletka 925 z krzy\u017cykiem i zawieszk\u0105 kuleczk\u0105 - Cornellia Studio\",\"isPartOf\":{\"@id\":\"https:\\\/\\\/cornelliastudio.pl\\\/#website\"},\"primaryImageOfPage\":{\"@id\":\"https:\\\/\\\/cornelliastudio.pl\\\/produkt\\\/srebrna-bransoletka-925-z-krzyzykiem-i-zawieszka-kuleczka\\\/#primaryimage\"},\"image\":{\"@id\":\"https:\\\/\\\/cornelliastudio.pl\\\/produkt\\\/srebrna-bransoletka-925-z-krzyzykiem-i-zawieszka-kuleczka\\\/#primaryimage\"},\"thumbnailUrl\":\"https:\\\/\\\/cornelliastudio.pl\\\/wp-content\\\/uploads\\\/2025\\\/12\\\/20251001_114142-\u2014-kopia-scaled.jpg\",\"datePublished\":\"2025-12-08T15:56:34+00:00\",\"dateModified\":\"2025-12-16T13:39:52+00:00\",\"breadcrumb\":{\"@id\":\"https:\\\/\\\/cornelliastudio.pl\\\/produkt\\\/srebrna-bransoletka-925-z-krzyzykiem-i-zawieszka-kuleczka\\\/#breadcrumb\"},\"inLanguage\":\"en-GB\",\"potentialAction\":[{\"@type\":\"ReadAction\",\"target\":[\"https:\\\/\\\/cornelliastudio.pl\\\/produkt\\\/srebrna-bransoletka-925-z-krzyzykiem-i-zawieszka-kuleczka\\\/\"]}]},{\"@type\":\"ImageObject\",\"inLanguage\":\"en-GB\",\"@id\":\"https:\\\/\\\/cornelliastudio.pl\\\/produkt\\\/srebrna-bransoletka-925-z-krzyzykiem-i-zawieszka-kuleczka\\\/#primaryimage\",\"url\":\"https:\\\/\\\/cornelliastudio.pl\\\/wp-content\\\/uploads\\\/2025\\\/12\\\/20251001_114142-\u2014-kopia-scaled.jpg\",\"contentUrl\":\"https:\\\/\\\/cornelliastudio.pl\\\/wp-content\\\/uploads\\\/2025\\\/12\\\/20251001_114142-\u2014-kopia-scaled.jpg\",\"width\":2560,\"height\":2560},{\"@type\":\"BreadcrumbList\",\"@id\":\"https:\\\/\\\/cornelliastudio.pl\\\/produkt\\\/srebrna-bransoletka-925-z-krzyzykiem-i-zawieszka-kuleczka\\\/#breadcrumb\",\"itemListElement\":[{\"@type\":\"ListItem\",\"position\":1,\"name\":\"Strona g\u0142\u00f3wna\",\"item\":\"https:\\\/\\\/cornelliastudio.pl\\\/\"},{\"@type\":\"ListItem\",\"position\":2,\"name\":\"Sklep\",\"item\":\"https:\\\/\\\/cornelliastudio.pl\\\/sklep\\\/\"},{\"@type\":\"ListItem\",\"position\":3,\"name\":\"Srebrna bransoletka 925 z krzy\u017cykiem i zawieszk\u0105 kuleczk\u0105\"}]},{\"@type\":\"WebSite\",\"@id\":\"https:\\\/\\\/cornelliastudio.pl\\\/#website\",\"url\":\"https:\\\/\\\/cornelliastudio.pl\\\/\",\"name\":\"Cornellia Studio\",\"description\":\"Bi\u017cuteria artystyczna, hand made\",\"publisher\":{\"@id\":\"https:\\\/\\\/cornelliastudio.pl\\\/#organization\"},\"potentialAction\":[{\"@type\":\"SearchAction\",\"target\":{\"@type\":\"EntryPoint\",\"urlTemplate\":\"https:\\\/\\\/cornelliastudio.pl\\\/?s={search_term_string}\"},\"query-input\":{\"@type\":\"PropertyValueSpecification\",\"valueRequired\":true,\"valueName\":\"search_term_string\"}}],\"inLanguage\":\"en-GB\"},{\"@type\":\"Organization\",\"@id\":\"https:\\\/\\\/cornelliastudio.pl\\\/#organization\",\"name\":\"Cornellia Studio\",\"url\":\"https:\\\/\\\/cornelliastudio.pl\\\/\",\"logo\":{\"@type\":\"ImageObject\",\"inLanguage\":\"en-GB\",\"@id\":\"https:\\\/\\\/cornelliastudio.pl\\\/#\\\/schema\\\/logo\\\/image\\\/\",\"url\":\"https:\\\/\\\/cornelliastudio.pl\\\/wp-content\\\/uploads\\\/2025\\\/10\\\/Cornellia-Studio-logo.png\",\"contentUrl\":\"https:\\\/\\\/cornelliastudio.pl\\\/wp-content\\\/uploads\\\/2025\\\/10\\\/Cornellia-Studio-logo.png\",\"width\":1563,\"height\":1563,\"caption\":\"Cornellia Studio\"},\"image\":{\"@id\":\"https:\\\/\\\/cornelliastudio.pl\\\/#\\\/schema\\\/logo\\\/image\\\/\"}}]}<\/script>\n<!-- \/ Yoast SEO plugin. -->","yoast_head_json":{"title":"Srebrna bransoletka 925 z krzy\u017cykiem i zawieszk\u0105 kuleczk\u0105 - Cornellia Studio","robots":{"index":"index","follow":"follow","max-snippet":"max-snippet:-1","max-image-preview":"max-image-preview:large","max-video-preview":"max-video-preview:-1"},"canonical":"https:\/\/cornelliastudio.pl\/en\/product\/srebrna-bransoletka-925-z-krzyzykiem-i-zawieszka-kuleczka\/","og_locale":"en_GB","og_type":"article","og_title":"Srebrna bransoletka 925 z krzy\u017cykiem i zawieszk\u0105 kuleczk\u0105 - Cornellia Studio","og_description":"Subtelna srebrna bransoletka idealna do noszenia ka\u017cdego dnia. Delikatna srebrna bransoletka 925 z drobnymi kamieniami (4 \u00d7 2 mm), krzy\u017cykiem 20 \u00d7 8 mm oraz zawieszk\u0105 kuleczk\u0105 3 mm. D\u0142ugo\u015b\u0107 19 cm + 2 cm regulacji. Lekka, kobieca i symboliczna.","og_url":"https:\/\/cornelliastudio.pl\/en\/product\/srebrna-bransoletka-925-z-krzyzykiem-i-zawieszka-kuleczka\/","og_site_name":"Cornellia Studio","article_modified_time":"2025-12-16T13:39:52+00:00","og_image":[{"width":2560,"height":2560,"url":"https:\/\/cornelliastudio.pl\/wp-content\/uploads\/2025\/12\/20251001_114142-\u2014-kopia-scaled.jpg","type":"image\/jpeg"}],"twitter_card":"summary_large_image","twitter_misc":{"Estimated reading time":"2 minutes"},"schema":{"@context":"https:\/\/schema.org","@graph":[{"@type":"WebPage","@id":"https:\/\/cornelliastudio.pl\/produkt\/srebrna-bransoletka-925-z-krzyzykiem-i-zawieszka-kuleczka\/","url":"https:\/\/cornelliastudio.pl\/produkt\/srebrna-bransoletka-925-z-krzyzykiem-i-zawieszka-kuleczka\/","name":"Srebrna bransoletka 925 z krzy\u017cykiem i zawieszk\u0105 kuleczk\u0105 - Cornellia Studio","isPartOf":{"@id":"https:\/\/cornelliastudio.pl\/#website"},"primaryImageOfPage":{"@id":"https:\/\/cornelliastudio.pl\/produkt\/srebrna-bransoletka-925-z-krzyzykiem-i-zawieszka-kuleczka\/#primaryimage"},"image":{"@id":"https:\/\/cornelliastudio.pl\/produkt\/srebrna-bransoletka-925-z-krzyzykiem-i-zawieszka-kuleczka\/#primaryimage"},"thumbnailUrl":"https:\/\/cornelliastudio.pl\/wp-content\/uploads\/2025\/12\/20251001_114142-\u2014-kopia-scaled.jpg","datePublished":"2025-12-08T15:56:34+00:00","dateModified":"2025-12-16T13:39:52+00:00","breadcrumb":{"@id":"https:\/\/cornelliastudio.pl\/produkt\/srebrna-bransoletka-925-z-krzyzykiem-i-zawieszka-kuleczka\/#breadcrumb"},"inLanguage":"en-GB","potentialAction":[{"@type":"ReadAction","target":["https:\/\/cornelliastudio.pl\/produkt\/srebrna-bransoletka-925-z-krzyzykiem-i-zawieszka-kuleczka\/"]}]},{"@type":"ImageObject","inLanguage":"en-GB","@id":"https:\/\/cornelliastudio.pl\/produkt\/srebrna-bransoletka-925-z-krzyzykiem-i-zawieszka-kuleczka\/#primaryimage","url":"https:\/\/cornelliastudio.pl\/wp-content\/uploads\/2025\/12\/20251001_114142-\u2014-kopia-scaled.jpg","contentUrl":"https:\/\/cornelliastudio.pl\/wp-content\/uploads\/2025\/12\/20251001_114142-\u2014-kopia-scaled.jpg","width":2560,"height":2560},{"@type":"BreadcrumbList","@id":"https:\/\/cornelliastudio.pl\/produkt\/srebrna-bransoletka-925-z-krzyzykiem-i-zawieszka-kuleczka\/#breadcrumb","itemListElement":[{"@type":"ListItem","position":1,"name":"Strona g\u0142\u00f3wna","item":"https:\/\/cornelliastudio.pl\/"},{"@type":"ListItem","position":2,"name":"Sklep","item":"https:\/\/cornelliastudio.pl\/sklep\/"},{"@type":"ListItem","position":3,"name":"Srebrna bransoletka 925 z krzy\u017cykiem i zawieszk\u0105 kuleczk\u0105"}]},{"@type":"WebSite","@id":"https:\/\/cornelliastudio.pl\/#website","url":"https:\/\/cornelliastudio.pl\/","name":"Cornellia Studio","description":"Bi\u017cuteria artystyczna, hand made","publisher":{"@id":"https:\/\/cornelliastudio.pl\/#organization"},"potentialAction":[{"@type":"SearchAction","target":{"@type":"EntryPoint","urlTemplate":"https:\/\/cornelliastudio.pl\/?s={search_term_string}"},"query-input":{"@type":"PropertyValueSpecification","valueRequired":true,"valueName":"search_term_string"}}],"inLanguage":"en-GB"},{"@type":"Organization","@id":"https:\/\/cornelliastudio.pl\/#organization","name":"Cornellia Studio","url":"https:\/\/cornelliastudio.pl\/","logo":{"@type":"ImageObject","inLanguage":"en-GB","@id":"https:\/\/cornelliastudio.pl\/#\/schema\/logo\/image\/","url":"https:\/\/cornelliastudio.pl\/wp-content\/uploads\/2025\/10\/Cornellia-Studio-logo.png","contentUrl":"https:\/\/cornelliastudio.pl\/wp-content\/uploads\/2025\/10\/Cornellia-Studio-logo.png","width":1563,"height":1563,"caption":"Cornellia Studio"},"image":{"@id":"https:\/\/cornelliastudio.pl\/#\/schema\/logo\/image\/"}}]}},"uagb_featured_image_src":{"full":["https:\/\/cornelliastudio.pl\/wp-content\/uploads\/2025\/12\/20251001_114142-\u2014-kopia-scaled.jpg",2560,2560,false],"thumbnail":["https:\/\/cornelliastudio.pl\/wp-content\/uploads\/2025\/12\/20251001_114142-\u2014-kopia-150x150.jpg",150,150,true],"medium":["https:\/\/cornelliastudio.pl\/wp-content\/uploads\/2025\/12\/20251001_114142-\u2014-kopia-300x300.jpg",300,300,true],"medium_large":["https:\/\/cornelliastudio.pl\/wp-content\/uploads\/2025\/12\/20251001_114142-\u2014-kopia-768x768.jpg",768,768,true],"large":["https:\/\/cornelliastudio.pl\/wp-content\/uploads\/2025\/12\/20251001_114142-\u2014-kopia-1024x1024.jpg",1024,1024,true],"1536x1536":["https:\/\/cornelliastudio.pl\/wp-content\/uploads\/2025\/12\/20251001_114142-\u2014-kopia-1536x1536.jpg",1536,1536,true],"2048x2048":["https:\/\/cornelliastudio.pl\/wp-content\/uploads\/2025\/12\/20251001_114142-\u2014-kopia-2048x2048.jpg",2048,2048,true],"trp-custom-language-flag":["https:\/\/cornelliastudio.pl\/wp-content\/uploads\/2025\/12\/20251001_114142-\u2014-kopia-scaled.jpg",12,12,false],"woocommerce_thumbnail":["https:\/\/cornelliastudio.pl\/wp-content\/uploads\/2025\/12\/20251001_114142-\u2014-kopia-300x300.jpg",300,300,true],"woocommerce_single":["https:\/\/cornelliastudio.pl\/wp-content\/uploads\/2025\/12\/20251001_114142-\u2014-kopia-600x600.jpg",600,600,true],"woocommerce_gallery_thumbnail":["https:\/\/cornelliastudio.pl\/wp-content\/uploads\/2025\/12\/20251001_114142-\u2014-kopia-100x100.jpg",100,100,true]},"uagb_author_info":{"display_name":"Cornellia Studio","author_link":"https:\/\/cornelliastudio.pl\/en\/author\/"},"uagb_comment_info":0,"uagb_excerpt":"Subtelna srebrna bransoletka idealna do noszenia ka\u017cdego dnia. Delikatna srebrna bransoletka 925 z drobnymi kamieniami (4 \u00d7 2 mm), krzy\u017cykiem 20 \u00d7 8 mm oraz zawieszk\u0105 kuleczk\u0105 3 mm. D\u0142ugo\u015b\u0107 19 cm + 2 cm regulacji. Lekka, kobieca i symboliczna.","_links":{"self":[{"href":"https:\/\/cornelliastudio.pl\/en\/wp-json\/wp\/v2\/product\/2755","targetHints":{"allow":["GET"]}}],"collection":[{"href":"https:\/\/cornelliastudio.pl\/en\/wp-json\/wp\/v2\/product"}],"about":[{"href":"https:\/\/cornelliastudio.pl\/en\/wp-json\/wp\/v2\/types\/product"}],"replies":[{"embeddable":true,"href":"https:\/\/cornelliastudio.pl\/en\/wp-json\/wp\/v2\/comments?post=2755"}],"wp:featuredmedia":[{"embeddable":true,"href":"https:\/\/cornelliastudio.pl\/en\/wp-json\/wp\/v2\/media\/2761"}],"wp:attachment":[{"href":"https:\/\/cornelliastudio.pl\/en\/wp-json\/wp\/v2\/media?parent=2755"}],"wp:term":[{"taxonomy":"product_brand","embeddable":true,"href":"https:\/\/cornelliastudio.pl\/en\/wp-json\/wp\/v2\/product_brand?post=2755"},{"taxonomy":"product_cat","embeddable":true,"href":"https:\/\/cornelliastudio.pl\/en\/wp-json\/wp\/v2\/product_cat?post=2755"},{"taxonomy":"product_tag","embeddable":true,"href":"https:\/\/cornelliastudio.pl\/en\/wp-json\/wp\/v2\/product_tag?post=2755"}],"curies":[{"name":"wp","href":"https:\/\/api.w.org\/{rel}","templated":true}]}}