{"id":2705,"date":"2025-12-08T12:40:36","date_gmt":"2025-12-08T11:40:36","guid":{"rendered":"https:\/\/cornelliastudio.pl\/?post_type=product&#038;p=2705"},"modified":"2025-12-16T14:52:08","modified_gmt":"2025-12-16T13:52:08","slug":"925-srebna-brasnoletka-z-turkusem","status":"publish","type":"product","link":"https:\/\/cornelliastudio.pl\/en\/product\/925-srebna-brasnoletka-z-turkusem\/","title":{"rendered":"925 sterling silver bracelet with Tibetan turquoise."},"content":{"rendered":"<h2 data-start=\"76\" data-end=\"154\"><strong data-start=\"76\" data-end=\"154\">925 sterling silver bracelet with Tibetan turquoise \u2013 delicate, light, and feminine<\/strong><\/h2>\n<p data-start=\"156\" data-end=\"476\">Subtle and elegant bracelet, handmade from sterling silver <strong data-start=\"222\" data-end=\"229\">925<\/strong>, adorned with natural <strong data-start=\"252\" data-end=\"276\">with Tibetan turquoise<\/strong> with a beautiful, natural texture. Stone measuring <strong data-start=\"330\" data-end=\"342\">9 \u00d7 5 mm<\/strong> serves as a central, eye-catching accent, while the small <strong data-start=\"399\" data-end=\"431\">silver rings measuring 7 mm and 5 mm<\/strong> adding lightness and a modern touch to the design.<\/p>\n<p data-start=\"478\" data-end=\"635\">The bracelet is <strong data-start=\"495\" data-end=\"532\">light, delicate, and very feminine<\/strong>, perfect as an everyday adornment, yet also as an elegant accessory for special occasions.<\/p>\n<h2 data-start=\"637\" data-end=\"660\"><strong data-start=\"637\" data-end=\"660\">Product details:<\/strong><\/h2>\n<ul data-start=\"661\" data-end=\"942\">\n<li data-start=\"661\" data-end=\"693\">\n<p data-start=\"663\" data-end=\"693\">Material: <strong data-start=\"673\" data-end=\"693\">925  sterling silver<\/strong><\/p>\n<\/li>\n<li data-start=\"694\" data-end=\"735\">\n<p data-start=\"696\" data-end=\"735\">Stone: <strong data-start=\"704\" data-end=\"735\">natural Tibetan turquoise<\/strong><\/p>\n<\/li>\n<li data-start=\"736\" data-end=\"768\">\n<p data-start=\"738\" data-end=\"768\">Turquoise size: <strong data-start=\"756\" data-end=\"768\">9 \u00d7 5 mm<\/strong><\/p>\n<\/li>\n<li data-start=\"769\" data-end=\"835\">\n<p data-start=\"771\" data-end=\"790\">Silver elements:<\/p>\n<ul data-start=\"793\" data-end=\"835\">\n<li data-start=\"793\" data-end=\"811\">\n<p data-start=\"795\" data-end=\"811\">ring <strong data-start=\"801\" data-end=\"809\">7 mm<\/strong><\/p>\n<\/li>\n<li data-start=\"814\" data-end=\"835\">\n<p data-start=\"816\" data-end=\"835\">small silver ring <strong data-start=\"827\" data-end=\"835\">5 mm<\/strong><\/p>\n<\/li>\n<\/ul>\n<\/li>\n<li data-start=\"836\" data-end=\"868\">\n<p data-start=\"838\" data-end=\"868\">Bracelet length: <strong data-start=\"859\" data-end=\"868\">19 cm<\/strong><\/p>\n<\/li>\n<li data-start=\"869\" data-end=\"916\">\n<p data-start=\"871\" data-end=\"916\">Style: <strong data-start=\"877\" data-end=\"916\">delicate, feminine, and minimalist<\/strong><\/p>\n<\/li>\n<li data-start=\"917\" data-end=\"942\">\n<p data-start=\"919\" data-end=\"942\">Craftsmanship: <strong data-start=\"930\" data-end=\"942\">handmade<\/strong><\/p>\n<\/li>\n<\/ul>","protected":false},"excerpt":{"rendered":"<article class=\"text-token-text-primary w-full focus:outline-none [--shadow-height:45px] has-data-writing-block:pointer-events-none has-data-writing-block:-mt-(--shadow-height) has-data-writing-block:pt-(--shadow-height) [&amp;:has([data-writing-block])&gt;*]:pointer-events-auto scroll-mt-[calc(var(--header-height)+min(200px,max(70px,20svh)))]\" dir=\"auto\" data-turn-id=\"request-WEB:cc55676d-f1a6-45b9-aa78-e203dda0f583-14\" data-testid=\"conversation-turn-30\" data-scroll-anchor=\"true\" data-turn=\"assistant\">\n<div class=\"text-base my-auto mx-auto pb-10 [--thread-content-margin:--spacing(4)] @w-sm\/main:[--thread-content-margin:--spacing(6)] @w-lg\/main:[--thread-content-margin:--spacing(16)] px-(--thread-content-margin)\">\n<div class=\"[--thread-content-max-width:40rem] @w-lg\/main:[--thread-content-max-width:48rem] mx-auto max-w-(--thread-content-max-width) flex-1 group\/turn-messages focus-visible:outline-hidden relative flex w-full min-w-0 flex-col agent-turn\">\n<div class=\"flex max-w-full flex-col grow\">\n<div class=\"min-h-8 text-message relative flex w-full flex-col items-end gap-2 text-start break-words whitespace-normal [.text-message+&amp;]:mt-1\" dir=\"auto\" data-message-author-role=\"assistant\" data-message-id=\"a586fa91-6b88-4a80-9b96-c5d43882051b\" data-message-model-slug=\"gpt-5-1\">\n<div class=\"flex w-full flex-col gap-1 empty:hidden first:pt-[1px]\">\n<div class=\"markdown prose dark:prose-invert w-full break-words light markdown-new-styling\">\n<h2 data-start=\"0\" data-end=\"176\">\u00a0Bransoletka z turkusem i drobnymi srebrnymi k\u00f3\u0142kami \u2013 prosta i stylowa.<\/h2>\n<p data-start=\"0\" data-end=\"176\" data-is-last-node=\"\" data-is-only-node=\"\">Delikatna i lekka srebrna bransoletka 925 z turkusem tybeta\u0144skim (9 \u00d7 5 mm) oraz drobnymi srebrnymi k\u00f3\u0142kami 7 mm i 5 mm. D\u0142ugo\u015b\u0107 19 cm. Subtelna, kobieca i idealna na co dzie\u0144.<\/p>\n<\/div>\n<\/div>\n<\/div>\n<\/div>\n<div class=\"z-0 flex min-h-[46px] justify-start\"><\/div>\n<div class=\"mt-3 w-full empty:hidden\">\n<div class=\"text-center\"><\/div>\n<\/div>\n<\/div>\n<\/div>\n<\/article>\n<div class=\"pointer-events-none h-px w-px\" aria-hidden=\"true\" data-edge=\"true\"><\/div>\n","protected":false},"featured_media":2711,"comment_status":"closed","ping_status":"closed","template":"","meta":{"_uag_custom_page_level_css":"","site-sidebar-layout":"default","site-content-layout":"","ast-site-content-layout":"default","site-content-style":"default","site-sidebar-style":"default","ast-global-header-display":"","ast-banner-title-visibility":"","ast-main-header-display":"","ast-hfb-above-header-display":"","ast-hfb-below-header-display":"","ast-hfb-mobile-header-display":"","site-post-title":"","ast-breadcrumbs-content":"","ast-featured-img":"","footer-sml-layout":"","ast-disable-related-posts":"","theme-transparent-header-meta":"default","adv-header-id-meta":"","stick-header-meta":"","header-above-stick-meta":"","header-main-stick-meta":"","header-below-stick-meta":"","astra-migrate-meta-layouts":"set","ast-page-background-enabled":"default","ast-page-background-meta":{"desktop":{"background-color":"var(--ast-global-color-4)","background-image":"","background-repeat":"repeat","background-position":"center center","background-size":"auto","background-attachment":"scroll","background-type":"","background-media":"","overlay-type":"","overlay-color":"","overlay-opacity":"","overlay-gradient":""},"tablet":{"background-color":"","background-image":"","background-repeat":"repeat","background-position":"center center","background-size":"auto","background-attachment":"scroll","background-type":"","background-media":"","overlay-type":"","overlay-color":"","overlay-opacity":"","overlay-gradient":""},"mobile":{"background-color":"","background-image":"","background-repeat":"repeat","background-position":"center center","background-size":"auto","background-attachment":"scroll","background-type":"","background-media":"","overlay-type":"","overlay-color":"","overlay-opacity":"","overlay-gradient":""}},"ast-content-background-meta":{"desktop":{"background-color":"var(--ast-global-color-5)","background-image":"","background-repeat":"repeat","background-position":"center center","background-size":"auto","background-attachment":"scroll","background-type":"","background-media":"","overlay-type":"","overlay-color":"","overlay-opacity":"","overlay-gradient":""},"tablet":{"background-color":"var(--ast-global-color-5)","background-image":"","background-repeat":"repeat","background-position":"center center","background-size":"auto","background-attachment":"scroll","background-type":"","background-media":"","overlay-type":"","overlay-color":"","overlay-opacity":"","overlay-gradient":""},"mobile":{"background-color":"var(--ast-global-color-5)","background-image":"","background-repeat":"repeat","background-position":"center center","background-size":"auto","background-attachment":"scroll","background-type":"","background-media":"","overlay-type":"","overlay-color":"","overlay-opacity":"","overlay-gradient":""}}},"product_brand":[201],"product_cat":[30,29,31],"product_tag":[458,223,83,229,254,304,285,410,315,433,423,333,214],"class_list":{"0":"post-2705","1":"product","2":"type-product","3":"status-publish","4":"has-post-thumbnail","6":"product_brand-cornellia-studio","7":"product_cat-bestsellery","8":"product_cat-bransoletki","9":"product_cat-nowosci","10":"product_tag-bizuteria-boho-z-kamieni-naturalnych","11":"product_tag-bizuteria-minimalistyczna","12":"product_tag-boho_minimalist","13":"product_tag-bransoletka-minimalistyczna","14":"product_tag-bransoletka-z-turkusem","15":"product_tag-codzienna-bizuteria","16":"product_tag-lekka-bransoletka","17":"product_tag-prezent-dla-niej-bizuteria","18":"product_tag-prezent-urodzinowy","19":"product_tag-turkus","20":"product_tag-turkus-naturalny","21":"product_tag-turkus-tybetanski","22":"product_tag-wyjatkowy-prezent","23":"pa_dlugosc-bransoletki-15cm","24":"pa_dlugosc-bransoletki-17-cm","25":"pa_dlugosc-bransoletki-19-cm","26":"pa_dlugosc-bransoletki-21-cm","27":"desktop-align-left","28":"tablet-align-left","29":"mobile-align-left","31":"first","32":"instock","33":"taxable","34":"shipping-taxable","35":"purchasable","36":"product-type-variable"},"yoast_head":"<!-- This site is optimized with the Yoast SEO plugin v27.4 - https:\/\/yoast.com\/product\/yoast-seo-wordpress\/ -->\n<title>Srebrna bransoletka 925 z turkusem tybeta\u0144skim - Cornellia Studio<\/title>\n<meta name=\"robots\" content=\"index, follow, max-snippet:-1, max-image-preview:large, max-video-preview:-1\" \/>\n<link rel=\"canonical\" href=\"https:\/\/cornelliastudio.pl\/en\/product\/925-srebna-brasnoletka-z-turkusem\/\" \/>\n<meta property=\"og:locale\" content=\"en_GB\" \/>\n<meta property=\"og:type\" content=\"article\" \/>\n<meta property=\"og:title\" content=\"Srebrna bransoletka 925 z turkusem tybeta\u0144skim - Cornellia Studio\" \/>\n<meta property=\"og:description\" content=\"\u00a0Bransoletka z turkusem i drobnymi srebrnymi k\u00f3\u0142kami \u2013 prosta i stylowa. Delikatna i lekka srebrna bransoletka 925 z turkusem tybeta\u0144skim (9 \u00d7 5 mm) oraz drobnymi srebrnymi k\u00f3\u0142kami 7 mm i 5 mm. D\u0142ugo\u015b\u0107 19 cm. Subtelna, kobieca i idealna na co dzie\u0144.\" \/>\n<meta property=\"og:url\" content=\"https:\/\/cornelliastudio.pl\/en\/product\/925-srebna-brasnoletka-z-turkusem\/\" \/>\n<meta property=\"og:site_name\" content=\"Cornellia Studio\" \/>\n<meta property=\"article:modified_time\" content=\"2025-12-16T13:52:08+00:00\" \/>\n<meta property=\"og:image\" content=\"https:\/\/cornelliastudio.pl\/wp-content\/uploads\/2025\/12\/20251001_125518-\u2014-kopia-scaled.jpg\" \/>\n\t<meta property=\"og:image:width\" content=\"2560\" \/>\n\t<meta property=\"og:image:height\" content=\"2560\" \/>\n\t<meta property=\"og:image:type\" content=\"image\/jpeg\" \/>\n<meta name=\"twitter:card\" content=\"summary_large_image\" \/>\n<meta name=\"twitter:label1\" content=\"Estimated reading time\" \/>\n\t<meta name=\"twitter:data1\" content=\"1 minute\" \/>\n<script type=\"application\/ld+json\" class=\"yoast-schema-graph\">{\"@context\":\"https:\\\/\\\/schema.org\",\"@graph\":[{\"@type\":\"WebPage\",\"@id\":\"https:\\\/\\\/cornelliastudio.pl\\\/produkt\\\/925-srebna-brasnoletka-z-turkusem\\\/\",\"url\":\"https:\\\/\\\/cornelliastudio.pl\\\/produkt\\\/925-srebna-brasnoletka-z-turkusem\\\/\",\"name\":\"Srebrna bransoletka 925 z turkusem tybeta\u0144skim - Cornellia Studio\",\"isPartOf\":{\"@id\":\"https:\\\/\\\/cornelliastudio.pl\\\/#website\"},\"primaryImageOfPage\":{\"@id\":\"https:\\\/\\\/cornelliastudio.pl\\\/produkt\\\/925-srebna-brasnoletka-z-turkusem\\\/#primaryimage\"},\"image\":{\"@id\":\"https:\\\/\\\/cornelliastudio.pl\\\/produkt\\\/925-srebna-brasnoletka-z-turkusem\\\/#primaryimage\"},\"thumbnailUrl\":\"https:\\\/\\\/cornelliastudio.pl\\\/wp-content\\\/uploads\\\/2025\\\/12\\\/20251001_125518-\u2014-kopia-scaled.jpg\",\"datePublished\":\"2025-12-08T11:40:36+00:00\",\"dateModified\":\"2025-12-16T13:52:08+00:00\",\"breadcrumb\":{\"@id\":\"https:\\\/\\\/cornelliastudio.pl\\\/produkt\\\/925-srebna-brasnoletka-z-turkusem\\\/#breadcrumb\"},\"inLanguage\":\"en-GB\",\"potentialAction\":[{\"@type\":\"ReadAction\",\"target\":[\"https:\\\/\\\/cornelliastudio.pl\\\/produkt\\\/925-srebna-brasnoletka-z-turkusem\\\/\"]}]},{\"@type\":\"ImageObject\",\"inLanguage\":\"en-GB\",\"@id\":\"https:\\\/\\\/cornelliastudio.pl\\\/produkt\\\/925-srebna-brasnoletka-z-turkusem\\\/#primaryimage\",\"url\":\"https:\\\/\\\/cornelliastudio.pl\\\/wp-content\\\/uploads\\\/2025\\\/12\\\/20251001_125518-\u2014-kopia-scaled.jpg\",\"contentUrl\":\"https:\\\/\\\/cornelliastudio.pl\\\/wp-content\\\/uploads\\\/2025\\\/12\\\/20251001_125518-\u2014-kopia-scaled.jpg\",\"width\":2560,\"height\":2560},{\"@type\":\"BreadcrumbList\",\"@id\":\"https:\\\/\\\/cornelliastudio.pl\\\/produkt\\\/925-srebna-brasnoletka-z-turkusem\\\/#breadcrumb\",\"itemListElement\":[{\"@type\":\"ListItem\",\"position\":1,\"name\":\"Strona g\u0142\u00f3wna\",\"item\":\"https:\\\/\\\/cornelliastudio.pl\\\/\"},{\"@type\":\"ListItem\",\"position\":2,\"name\":\"Sklep\",\"item\":\"https:\\\/\\\/cornelliastudio.pl\\\/sklep\\\/\"},{\"@type\":\"ListItem\",\"position\":3,\"name\":\"Srebrna bransoletka 925 z turkusem tybeta\u0144skim\"}]},{\"@type\":\"WebSite\",\"@id\":\"https:\\\/\\\/cornelliastudio.pl\\\/#website\",\"url\":\"https:\\\/\\\/cornelliastudio.pl\\\/\",\"name\":\"Cornellia Studio\",\"description\":\"Bi\u017cuteria artystyczna, hand made\",\"publisher\":{\"@id\":\"https:\\\/\\\/cornelliastudio.pl\\\/#organization\"},\"potentialAction\":[{\"@type\":\"SearchAction\",\"target\":{\"@type\":\"EntryPoint\",\"urlTemplate\":\"https:\\\/\\\/cornelliastudio.pl\\\/?s={search_term_string}\"},\"query-input\":{\"@type\":\"PropertyValueSpecification\",\"valueRequired\":true,\"valueName\":\"search_term_string\"}}],\"inLanguage\":\"en-GB\"},{\"@type\":\"Organization\",\"@id\":\"https:\\\/\\\/cornelliastudio.pl\\\/#organization\",\"name\":\"Cornellia Studio\",\"url\":\"https:\\\/\\\/cornelliastudio.pl\\\/\",\"logo\":{\"@type\":\"ImageObject\",\"inLanguage\":\"en-GB\",\"@id\":\"https:\\\/\\\/cornelliastudio.pl\\\/#\\\/schema\\\/logo\\\/image\\\/\",\"url\":\"https:\\\/\\\/cornelliastudio.pl\\\/wp-content\\\/uploads\\\/2025\\\/10\\\/Cornellia-Studio-logo.png\",\"contentUrl\":\"https:\\\/\\\/cornelliastudio.pl\\\/wp-content\\\/uploads\\\/2025\\\/10\\\/Cornellia-Studio-logo.png\",\"width\":1563,\"height\":1563,\"caption\":\"Cornellia Studio\"},\"image\":{\"@id\":\"https:\\\/\\\/cornelliastudio.pl\\\/#\\\/schema\\\/logo\\\/image\\\/\"}}]}<\/script>\n<!-- \/ Yoast SEO plugin. -->","yoast_head_json":{"title":"Srebrna bransoletka 925 z turkusem tybeta\u0144skim - Cornellia Studio","robots":{"index":"index","follow":"follow","max-snippet":"max-snippet:-1","max-image-preview":"max-image-preview:large","max-video-preview":"max-video-preview:-1"},"canonical":"https:\/\/cornelliastudio.pl\/en\/product\/925-srebna-brasnoletka-z-turkusem\/","og_locale":"en_GB","og_type":"article","og_title":"Srebrna bransoletka 925 z turkusem tybeta\u0144skim - Cornellia Studio","og_description":"\u00a0Bransoletka z turkusem i drobnymi srebrnymi k\u00f3\u0142kami \u2013 prosta i stylowa. Delikatna i lekka srebrna bransoletka 925 z turkusem tybeta\u0144skim (9 \u00d7 5 mm) oraz drobnymi srebrnymi k\u00f3\u0142kami 7 mm i 5 mm. D\u0142ugo\u015b\u0107 19 cm. Subtelna, kobieca i idealna na co dzie\u0144.","og_url":"https:\/\/cornelliastudio.pl\/en\/product\/925-srebna-brasnoletka-z-turkusem\/","og_site_name":"Cornellia Studio","article_modified_time":"2025-12-16T13:52:08+00:00","og_image":[{"width":2560,"height":2560,"url":"https:\/\/cornelliastudio.pl\/wp-content\/uploads\/2025\/12\/20251001_125518-\u2014-kopia-scaled.jpg","type":"image\/jpeg"}],"twitter_card":"summary_large_image","twitter_misc":{"Estimated reading time":"1 minute"},"schema":{"@context":"https:\/\/schema.org","@graph":[{"@type":"WebPage","@id":"https:\/\/cornelliastudio.pl\/produkt\/925-srebna-brasnoletka-z-turkusem\/","url":"https:\/\/cornelliastudio.pl\/produkt\/925-srebna-brasnoletka-z-turkusem\/","name":"Srebrna bransoletka 925 z turkusem tybeta\u0144skim - Cornellia Studio","isPartOf":{"@id":"https:\/\/cornelliastudio.pl\/#website"},"primaryImageOfPage":{"@id":"https:\/\/cornelliastudio.pl\/produkt\/925-srebna-brasnoletka-z-turkusem\/#primaryimage"},"image":{"@id":"https:\/\/cornelliastudio.pl\/produkt\/925-srebna-brasnoletka-z-turkusem\/#primaryimage"},"thumbnailUrl":"https:\/\/cornelliastudio.pl\/wp-content\/uploads\/2025\/12\/20251001_125518-\u2014-kopia-scaled.jpg","datePublished":"2025-12-08T11:40:36+00:00","dateModified":"2025-12-16T13:52:08+00:00","breadcrumb":{"@id":"https:\/\/cornelliastudio.pl\/produkt\/925-srebna-brasnoletka-z-turkusem\/#breadcrumb"},"inLanguage":"en-GB","potentialAction":[{"@type":"ReadAction","target":["https:\/\/cornelliastudio.pl\/produkt\/925-srebna-brasnoletka-z-turkusem\/"]}]},{"@type":"ImageObject","inLanguage":"en-GB","@id":"https:\/\/cornelliastudio.pl\/produkt\/925-srebna-brasnoletka-z-turkusem\/#primaryimage","url":"https:\/\/cornelliastudio.pl\/wp-content\/uploads\/2025\/12\/20251001_125518-\u2014-kopia-scaled.jpg","contentUrl":"https:\/\/cornelliastudio.pl\/wp-content\/uploads\/2025\/12\/20251001_125518-\u2014-kopia-scaled.jpg","width":2560,"height":2560},{"@type":"BreadcrumbList","@id":"https:\/\/cornelliastudio.pl\/produkt\/925-srebna-brasnoletka-z-turkusem\/#breadcrumb","itemListElement":[{"@type":"ListItem","position":1,"name":"Strona g\u0142\u00f3wna","item":"https:\/\/cornelliastudio.pl\/"},{"@type":"ListItem","position":2,"name":"Sklep","item":"https:\/\/cornelliastudio.pl\/sklep\/"},{"@type":"ListItem","position":3,"name":"Srebrna bransoletka 925 z turkusem tybeta\u0144skim"}]},{"@type":"WebSite","@id":"https:\/\/cornelliastudio.pl\/#website","url":"https:\/\/cornelliastudio.pl\/","name":"Cornellia Studio","description":"Bi\u017cuteria artystyczna, hand made","publisher":{"@id":"https:\/\/cornelliastudio.pl\/#organization"},"potentialAction":[{"@type":"SearchAction","target":{"@type":"EntryPoint","urlTemplate":"https:\/\/cornelliastudio.pl\/?s={search_term_string}"},"query-input":{"@type":"PropertyValueSpecification","valueRequired":true,"valueName":"search_term_string"}}],"inLanguage":"en-GB"},{"@type":"Organization","@id":"https:\/\/cornelliastudio.pl\/#organization","name":"Cornellia Studio","url":"https:\/\/cornelliastudio.pl\/","logo":{"@type":"ImageObject","inLanguage":"en-GB","@id":"https:\/\/cornelliastudio.pl\/#\/schema\/logo\/image\/","url":"https:\/\/cornelliastudio.pl\/wp-content\/uploads\/2025\/10\/Cornellia-Studio-logo.png","contentUrl":"https:\/\/cornelliastudio.pl\/wp-content\/uploads\/2025\/10\/Cornellia-Studio-logo.png","width":1563,"height":1563,"caption":"Cornellia Studio"},"image":{"@id":"https:\/\/cornelliastudio.pl\/#\/schema\/logo\/image\/"}}]}},"uagb_featured_image_src":{"full":["https:\/\/cornelliastudio.pl\/wp-content\/uploads\/2025\/12\/20251001_125518-\u2014-kopia-scaled.jpg",2560,2560,false],"thumbnail":["https:\/\/cornelliastudio.pl\/wp-content\/uploads\/2025\/12\/20251001_125518-\u2014-kopia-150x150.jpg",150,150,true],"medium":["https:\/\/cornelliastudio.pl\/wp-content\/uploads\/2025\/12\/20251001_125518-\u2014-kopia-300x300.jpg",300,300,true],"medium_large":["https:\/\/cornelliastudio.pl\/wp-content\/uploads\/2025\/12\/20251001_125518-\u2014-kopia-768x768.jpg",768,768,true],"large":["https:\/\/cornelliastudio.pl\/wp-content\/uploads\/2025\/12\/20251001_125518-\u2014-kopia-1024x1024.jpg",1024,1024,true],"1536x1536":["https:\/\/cornelliastudio.pl\/wp-content\/uploads\/2025\/12\/20251001_125518-\u2014-kopia-1536x1536.jpg",1536,1536,true],"2048x2048":["https:\/\/cornelliastudio.pl\/wp-content\/uploads\/2025\/12\/20251001_125518-\u2014-kopia-2048x2048.jpg",2048,2048,true],"trp-custom-language-flag":["https:\/\/cornelliastudio.pl\/wp-content\/uploads\/2025\/12\/20251001_125518-\u2014-kopia-scaled.jpg",12,12,false],"woocommerce_thumbnail":["https:\/\/cornelliastudio.pl\/wp-content\/uploads\/2025\/12\/20251001_125518-\u2014-kopia-300x300.jpg",300,300,true],"woocommerce_single":["https:\/\/cornelliastudio.pl\/wp-content\/uploads\/2025\/12\/20251001_125518-\u2014-kopia-600x600.jpg",600,600,true],"woocommerce_gallery_thumbnail":["https:\/\/cornelliastudio.pl\/wp-content\/uploads\/2025\/12\/20251001_125518-\u2014-kopia-100x100.jpg",100,100,true]},"uagb_author_info":{"display_name":"Cornellia Studio","author_link":"https:\/\/cornelliastudio.pl\/en\/author\/"},"uagb_comment_info":0,"uagb_excerpt":"\u00a0Bransoletka z turkusem i drobnymi srebrnymi k\u00f3\u0142kami \u2013 prosta i stylowa. Delikatna i lekka srebrna bransoletka 925 z turkusem tybeta\u0144skim (9 \u00d7 5 mm) oraz drobnymi srebrnymi k\u00f3\u0142kami 7 mm i 5 mm. D\u0142ugo\u015b\u0107 19 cm. Subtelna, kobieca i idealna na co dzie\u0144.","_links":{"self":[{"href":"https:\/\/cornelliastudio.pl\/en\/wp-json\/wp\/v2\/product\/2705","targetHints":{"allow":["GET"]}}],"collection":[{"href":"https:\/\/cornelliastudio.pl\/en\/wp-json\/wp\/v2\/product"}],"about":[{"href":"https:\/\/cornelliastudio.pl\/en\/wp-json\/wp\/v2\/types\/product"}],"replies":[{"embeddable":true,"href":"https:\/\/cornelliastudio.pl\/en\/wp-json\/wp\/v2\/comments?post=2705"}],"wp:featuredmedia":[{"embeddable":true,"href":"https:\/\/cornelliastudio.pl\/en\/wp-json\/wp\/v2\/media\/2711"}],"wp:attachment":[{"href":"https:\/\/cornelliastudio.pl\/en\/wp-json\/wp\/v2\/media?parent=2705"}],"wp:term":[{"taxonomy":"product_brand","embeddable":true,"href":"https:\/\/cornelliastudio.pl\/en\/wp-json\/wp\/v2\/product_brand?post=2705"},{"taxonomy":"product_cat","embeddable":true,"href":"https:\/\/cornelliastudio.pl\/en\/wp-json\/wp\/v2\/product_cat?post=2705"},{"taxonomy":"product_tag","embeddable":true,"href":"https:\/\/cornelliastudio.pl\/en\/wp-json\/wp\/v2\/product_tag?post=2705"}],"curies":[{"name":"wp","href":"https:\/\/api.w.org\/{rel}","templated":true}]}}