{"id":2684,"date":"2025-12-08T11:39:46","date_gmt":"2025-12-08T10:39:46","guid":{"rendered":"https:\/\/cornelliastudio.pl\/?post_type=product&#038;p=2684"},"modified":"2025-12-16T15:04:29","modified_gmt":"2025-12-16T14:04:29","slug":"925-srebna-brasnoletka-lapis-lazuli","status":"publish","type":"product","link":"https:\/\/cornelliastudio.pl\/en\/product\/925-srebna-brasnoletka-lapis-lazuli\/","title":{"rendered":"925 sterling silver bracelet with Lapis Lazuli"},"content":{"rendered":"<h2 data-start=\"72\" data-end=\"146\"><strong data-start=\"72\" data-end=\"146\">925 sterling silver bracelet with Lapis Lazuli and a lotus charm \u2013 handmade.<\/strong><\/h2>\n<p data-start=\"148\" data-end=\"525\">Handmade bracelet crafted from sterling silver <strong data-start=\"193\" data-end=\"200\">925<\/strong> with natural <strong data-start=\"214\" data-end=\"232\">Lapis Lazuli<\/strong> \u2013 a stone symbolizing wisdom, harmony, and inner strength. The deep navy-blue stones beautifully contrast with the silver, creating an elegant and timeless composition. The bracelet is adorned with a delicate <strong data-start=\"433\" data-end=\"484\">a silver coin charm with a lotus motif, 8 mm in diameter<\/strong>, symbolizing purity and rebirth.<\/p>\n<p data-start=\"527\" data-end=\"676\">The bracelet features a comfortable <strong data-start=\"555\" data-end=\"596\">a hook clasp measuring 17 mm<\/strong> and <strong data-start=\"602\" data-end=\"617\">12 mm jump ring<\/strong>, and an extension allows for a perfect fit on the wrist.<\/p>\n<h2 data-start=\"678\" data-end=\"701\"><strong data-start=\"678\" data-end=\"701\">Product details:<\/strong><\/h2>\n<ul data-start=\"702\" data-end=\"944\">\n<li data-start=\"702\" data-end=\"734\">\n<p data-start=\"704\" data-end=\"734\">Material: <strong data-start=\"714\" data-end=\"734\">925  sterling silver<\/strong><\/p>\n<\/li>\n<li data-start=\"735\" data-end=\"771\">\n<p data-start=\"737\" data-end=\"771\">Stone: <strong data-start=\"745\" data-end=\"771\">natural lapis lazuli<\/strong><\/p>\n<\/li>\n<li data-start=\"772\" data-end=\"821\">\n<p data-start=\"774\" data-end=\"821\">Bracelet length: <strong data-start=\"795\" data-end=\"821\">19 cm + 1 cm extension<\/strong><\/p>\n<\/li>\n<li data-start=\"822\" data-end=\"870\">\n<p data-start=\"824\" data-end=\"870\">Charm: <strong data-start=\"835\" data-end=\"870\">silver lotus coin charm \u2013 8 mm<\/strong><\/p>\n<\/li>\n<li data-start=\"871\" data-end=\"899\">\n<p data-start=\"873\" data-end=\"899\">Closure: <strong data-start=\"883\" data-end=\"899\">hook 17mm<\/strong><\/p>\n<\/li>\n<li data-start=\"900\" data-end=\"918\">\n<p data-start=\"902\" data-end=\"918\">jump ring <strong data-start=\"909\" data-end=\"918\">12 mm<\/strong><\/p>\n<\/li>\n<li data-start=\"919\" data-end=\"944\">\n<p data-start=\"921\" data-end=\"944\">Craftsmanship: <strong data-start=\"932\" data-end=\"944\">handmade<\/strong><\/p>\n<\/li>\n<\/ul>\n<p data-start=\"946\" data-end=\"1075\">The bracelet is perfect as an elegant everyday accessory, as well as a unique gift with a symbolic meaning.<\/p>","protected":false},"excerpt":{"rendered":"<h2>925 sterling silver bracelet with Lapis Lazuli and a delicate lotus charm \u2013 timeless elegance.<\/h2>\n<p>925 sterling silver bracelet with natural Lapis Lazuli and an 8 mm lotus coin charm. Handmade, 19 cm length with 1 cm adjustable extension. Elegant, symbolic, and perfect as a gift.<\/p>","protected":false},"featured_media":2685,"comment_status":"closed","ping_status":"closed","template":"","meta":{"_uag_custom_page_level_css":"","site-sidebar-layout":"default","site-content-layout":"","ast-site-content-layout":"default","site-content-style":"default","site-sidebar-style":"default","ast-global-header-display":"","ast-banner-title-visibility":"","ast-main-header-display":"","ast-hfb-above-header-display":"","ast-hfb-below-header-display":"","ast-hfb-mobile-header-display":"","site-post-title":"","ast-breadcrumbs-content":"","ast-featured-img":"","footer-sml-layout":"","ast-disable-related-posts":"","theme-transparent-header-meta":"default","adv-header-id-meta":"","stick-header-meta":"","header-above-stick-meta":"","header-main-stick-meta":"","header-below-stick-meta":"","astra-migrate-meta-layouts":"set","ast-page-background-enabled":"default","ast-page-background-meta":{"desktop":{"background-color":"var(--ast-global-color-4)","background-image":"","background-repeat":"repeat","background-position":"center center","background-size":"auto","background-attachment":"scroll","background-type":"","background-media":"","overlay-type":"","overlay-color":"","overlay-opacity":"","overlay-gradient":""},"tablet":{"background-color":"","background-image":"","background-repeat":"repeat","background-position":"center center","background-size":"auto","background-attachment":"scroll","background-type":"","background-media":"","overlay-type":"","overlay-color":"","overlay-opacity":"","overlay-gradient":""},"mobile":{"background-color":"","background-image":"","background-repeat":"repeat","background-position":"center center","background-size":"auto","background-attachment":"scroll","background-type":"","background-media":"","overlay-type":"","overlay-color":"","overlay-opacity":"","overlay-gradient":""}},"ast-content-background-meta":{"desktop":{"background-color":"var(--ast-global-color-5)","background-image":"","background-repeat":"repeat","background-position":"center center","background-size":"auto","background-attachment":"scroll","background-type":"","background-media":"","overlay-type":"","overlay-color":"","overlay-opacity":"","overlay-gradient":""},"tablet":{"background-color":"var(--ast-global-color-5)","background-image":"","background-repeat":"repeat","background-position":"center center","background-size":"auto","background-attachment":"scroll","background-type":"","background-media":"","overlay-type":"","overlay-color":"","overlay-opacity":"","overlay-gradient":""},"mobile":{"background-color":"var(--ast-global-color-5)","background-image":"","background-repeat":"repeat","background-position":"center center","background-size":"auto","background-attachment":"scroll","background-type":"","background-media":"","overlay-type":"","overlay-color":"","overlay-opacity":"","overlay-gradient":""}}},"product_brand":[201],"product_cat":[39,29,31],"product_tag":[189,227,259,260,490,187,315,483,215,256,214],"class_list":{"0":"post-2684","1":"product","2":"type-product","3":"status-publish","4":"has-post-thumbnail","6":"product_brand-cornellia-studio","7":"product_cat-anklet","8":"product_cat-bransoletki","9":"product_cat-nowosci","10":"product_tag-bizuteria-handmade","11":"product_tag-bransoletka-z-lapis-lazuli","12":"product_tag-brasnoletka-artystyczna","13":"product_tag-lapis-lazuli","14":"product_tag-niebieska-brasnoletka","15":"product_tag-prezent-dla-niej","16":"product_tag-prezent-urodzinowy","17":"product_tag-srebrna-bransoletka-925","18":"product_tag-srebro-925","19":"product_tag-srebro-925-handmade","20":"product_tag-wyjatkowy-prezent","21":"pa_dlugosc-bransoletki-15cm","22":"pa_dlugosc-bransoletki-17-cm","23":"pa_dlugosc-bransoletki-19-cm","24":"pa_dlugosc-bransoletki-21-cm","25":"desktop-align-left","26":"tablet-align-left","27":"mobile-align-left","29":"first","30":"instock","31":"taxable","32":"shipping-taxable","33":"purchasable","34":"product-type-variable"},"yoast_head":"<!-- This site is optimized with the Yoast SEO plugin v27.4 - https:\/\/yoast.com\/product\/yoast-seo-wordpress\/ -->\n<title>925 srebna brasnoletka Lapis Lazuli - Cornellia Studio<\/title>\n<meta name=\"robots\" content=\"index, follow, max-snippet:-1, max-image-preview:large, max-video-preview:-1\" \/>\n<link rel=\"canonical\" href=\"https:\/\/cornelliastudio.pl\/en\/product\/925-srebna-brasnoletka-lapis-lazuli\/\" \/>\n<meta property=\"og:locale\" content=\"en_GB\" \/>\n<meta property=\"og:type\" content=\"article\" \/>\n<meta property=\"og:title\" content=\"925 srebna brasnoletka Lapis Lazuli - Cornellia Studio\" \/>\n<meta property=\"og:description\" content=\"Srebrna bransoletka 925 z lapisem lazuli i subteln\u0105 zawieszk\u0105 z lotosem \u2013 ponadczasowa elegancja. Srebrna bransoletka 925 z naturalnym lapisem lazuli i zawieszk\u0105 w kszta\u0142cie monety z lotosem (8 mm). R\u0119cznie wykonana, d\u0142ugo\u015b\u0107 19 cm + 1 cm regulacji. Elegancka, symboliczna i idealna na prezent.\" \/>\n<meta property=\"og:url\" content=\"https:\/\/cornelliastudio.pl\/en\/product\/925-srebna-brasnoletka-lapis-lazuli\/\" \/>\n<meta property=\"og:site_name\" content=\"Cornellia Studio\" \/>\n<meta property=\"article:modified_time\" content=\"2025-12-16T14:04:29+00:00\" \/>\n<meta property=\"og:image\" content=\"https:\/\/cornelliastudio.pl\/wp-content\/uploads\/2025\/12\/20250422_180444-scaled.jpg\" \/>\n\t<meta property=\"og:image:width\" content=\"2560\" \/>\n\t<meta property=\"og:image:height\" content=\"2560\" \/>\n\t<meta property=\"og:image:type\" content=\"image\/jpeg\" \/>\n<meta name=\"twitter:card\" content=\"summary_large_image\" \/>\n<meta name=\"twitter:label1\" content=\"Estimated reading time\" \/>\n\t<meta name=\"twitter:data1\" content=\"1 minute\" \/>\n<script type=\"application\/ld+json\" class=\"yoast-schema-graph\">{\"@context\":\"https:\\\/\\\/schema.org\",\"@graph\":[{\"@type\":\"WebPage\",\"@id\":\"https:\\\/\\\/cornelliastudio.pl\\\/produkt\\\/925-srebna-brasnoletka-lapis-lazuli\\\/\",\"url\":\"https:\\\/\\\/cornelliastudio.pl\\\/produkt\\\/925-srebna-brasnoletka-lapis-lazuli\\\/\",\"name\":\"925 srebna brasnoletka Lapis Lazuli - Cornellia Studio\",\"isPartOf\":{\"@id\":\"https:\\\/\\\/cornelliastudio.pl\\\/#website\"},\"primaryImageOfPage\":{\"@id\":\"https:\\\/\\\/cornelliastudio.pl\\\/produkt\\\/925-srebna-brasnoletka-lapis-lazuli\\\/#primaryimage\"},\"image\":{\"@id\":\"https:\\\/\\\/cornelliastudio.pl\\\/produkt\\\/925-srebna-brasnoletka-lapis-lazuli\\\/#primaryimage\"},\"thumbnailUrl\":\"https:\\\/\\\/cornelliastudio.pl\\\/wp-content\\\/uploads\\\/2025\\\/12\\\/20250422_180444-scaled.jpg\",\"datePublished\":\"2025-12-08T10:39:46+00:00\",\"dateModified\":\"2025-12-16T14:04:29+00:00\",\"breadcrumb\":{\"@id\":\"https:\\\/\\\/cornelliastudio.pl\\\/produkt\\\/925-srebna-brasnoletka-lapis-lazuli\\\/#breadcrumb\"},\"inLanguage\":\"en-GB\",\"potentialAction\":[{\"@type\":\"ReadAction\",\"target\":[\"https:\\\/\\\/cornelliastudio.pl\\\/produkt\\\/925-srebna-brasnoletka-lapis-lazuli\\\/\"]}]},{\"@type\":\"ImageObject\",\"inLanguage\":\"en-GB\",\"@id\":\"https:\\\/\\\/cornelliastudio.pl\\\/produkt\\\/925-srebna-brasnoletka-lapis-lazuli\\\/#primaryimage\",\"url\":\"https:\\\/\\\/cornelliastudio.pl\\\/wp-content\\\/uploads\\\/2025\\\/12\\\/20250422_180444-scaled.jpg\",\"contentUrl\":\"https:\\\/\\\/cornelliastudio.pl\\\/wp-content\\\/uploads\\\/2025\\\/12\\\/20250422_180444-scaled.jpg\",\"width\":2560,\"height\":2560},{\"@type\":\"BreadcrumbList\",\"@id\":\"https:\\\/\\\/cornelliastudio.pl\\\/produkt\\\/925-srebna-brasnoletka-lapis-lazuli\\\/#breadcrumb\",\"itemListElement\":[{\"@type\":\"ListItem\",\"position\":1,\"name\":\"Strona g\u0142\u00f3wna\",\"item\":\"https:\\\/\\\/cornelliastudio.pl\\\/\"},{\"@type\":\"ListItem\",\"position\":2,\"name\":\"Sklep\",\"item\":\"https:\\\/\\\/cornelliastudio.pl\\\/sklep\\\/\"},{\"@type\":\"ListItem\",\"position\":3,\"name\":\"925 srebna brasnoletka Lapis Lazuli\"}]},{\"@type\":\"WebSite\",\"@id\":\"https:\\\/\\\/cornelliastudio.pl\\\/#website\",\"url\":\"https:\\\/\\\/cornelliastudio.pl\\\/\",\"name\":\"Cornellia Studio\",\"description\":\"Bi\u017cuteria artystyczna, hand made\",\"publisher\":{\"@id\":\"https:\\\/\\\/cornelliastudio.pl\\\/#organization\"},\"potentialAction\":[{\"@type\":\"SearchAction\",\"target\":{\"@type\":\"EntryPoint\",\"urlTemplate\":\"https:\\\/\\\/cornelliastudio.pl\\\/?s={search_term_string}\"},\"query-input\":{\"@type\":\"PropertyValueSpecification\",\"valueRequired\":true,\"valueName\":\"search_term_string\"}}],\"inLanguage\":\"en-GB\"},{\"@type\":\"Organization\",\"@id\":\"https:\\\/\\\/cornelliastudio.pl\\\/#organization\",\"name\":\"Cornellia Studio\",\"url\":\"https:\\\/\\\/cornelliastudio.pl\\\/\",\"logo\":{\"@type\":\"ImageObject\",\"inLanguage\":\"en-GB\",\"@id\":\"https:\\\/\\\/cornelliastudio.pl\\\/#\\\/schema\\\/logo\\\/image\\\/\",\"url\":\"https:\\\/\\\/cornelliastudio.pl\\\/wp-content\\\/uploads\\\/2025\\\/10\\\/Cornellia-Studio-logo.png\",\"contentUrl\":\"https:\\\/\\\/cornelliastudio.pl\\\/wp-content\\\/uploads\\\/2025\\\/10\\\/Cornellia-Studio-logo.png\",\"width\":1563,\"height\":1563,\"caption\":\"Cornellia Studio\"},\"image\":{\"@id\":\"https:\\\/\\\/cornelliastudio.pl\\\/#\\\/schema\\\/logo\\\/image\\\/\"}}]}<\/script>\n<!-- \/ Yoast SEO plugin. -->","yoast_head_json":{"title":"925 srebna brasnoletka Lapis Lazuli - Cornellia Studio","robots":{"index":"index","follow":"follow","max-snippet":"max-snippet:-1","max-image-preview":"max-image-preview:large","max-video-preview":"max-video-preview:-1"},"canonical":"https:\/\/cornelliastudio.pl\/en\/product\/925-srebna-brasnoletka-lapis-lazuli\/","og_locale":"en_GB","og_type":"article","og_title":"925 srebna brasnoletka Lapis Lazuli - Cornellia Studio","og_description":"Srebrna bransoletka 925 z lapisem lazuli i subteln\u0105 zawieszk\u0105 z lotosem \u2013 ponadczasowa elegancja. Srebrna bransoletka 925 z naturalnym lapisem lazuli i zawieszk\u0105 w kszta\u0142cie monety z lotosem (8 mm). R\u0119cznie wykonana, d\u0142ugo\u015b\u0107 19 cm + 1 cm regulacji. Elegancka, symboliczna i idealna na prezent.","og_url":"https:\/\/cornelliastudio.pl\/en\/product\/925-srebna-brasnoletka-lapis-lazuli\/","og_site_name":"Cornellia Studio","article_modified_time":"2025-12-16T14:04:29+00:00","og_image":[{"width":2560,"height":2560,"url":"https:\/\/cornelliastudio.pl\/wp-content\/uploads\/2025\/12\/20250422_180444-scaled.jpg","type":"image\/jpeg"}],"twitter_card":"summary_large_image","twitter_misc":{"Estimated reading time":"1 minute"},"schema":{"@context":"https:\/\/schema.org","@graph":[{"@type":"WebPage","@id":"https:\/\/cornelliastudio.pl\/produkt\/925-srebna-brasnoletka-lapis-lazuli\/","url":"https:\/\/cornelliastudio.pl\/produkt\/925-srebna-brasnoletka-lapis-lazuli\/","name":"925 srebna brasnoletka Lapis Lazuli - Cornellia Studio","isPartOf":{"@id":"https:\/\/cornelliastudio.pl\/#website"},"primaryImageOfPage":{"@id":"https:\/\/cornelliastudio.pl\/produkt\/925-srebna-brasnoletka-lapis-lazuli\/#primaryimage"},"image":{"@id":"https:\/\/cornelliastudio.pl\/produkt\/925-srebna-brasnoletka-lapis-lazuli\/#primaryimage"},"thumbnailUrl":"https:\/\/cornelliastudio.pl\/wp-content\/uploads\/2025\/12\/20250422_180444-scaled.jpg","datePublished":"2025-12-08T10:39:46+00:00","dateModified":"2025-12-16T14:04:29+00:00","breadcrumb":{"@id":"https:\/\/cornelliastudio.pl\/produkt\/925-srebna-brasnoletka-lapis-lazuli\/#breadcrumb"},"inLanguage":"en-GB","potentialAction":[{"@type":"ReadAction","target":["https:\/\/cornelliastudio.pl\/produkt\/925-srebna-brasnoletka-lapis-lazuli\/"]}]},{"@type":"ImageObject","inLanguage":"en-GB","@id":"https:\/\/cornelliastudio.pl\/produkt\/925-srebna-brasnoletka-lapis-lazuli\/#primaryimage","url":"https:\/\/cornelliastudio.pl\/wp-content\/uploads\/2025\/12\/20250422_180444-scaled.jpg","contentUrl":"https:\/\/cornelliastudio.pl\/wp-content\/uploads\/2025\/12\/20250422_180444-scaled.jpg","width":2560,"height":2560},{"@type":"BreadcrumbList","@id":"https:\/\/cornelliastudio.pl\/produkt\/925-srebna-brasnoletka-lapis-lazuli\/#breadcrumb","itemListElement":[{"@type":"ListItem","position":1,"name":"Strona g\u0142\u00f3wna","item":"https:\/\/cornelliastudio.pl\/"},{"@type":"ListItem","position":2,"name":"Sklep","item":"https:\/\/cornelliastudio.pl\/sklep\/"},{"@type":"ListItem","position":3,"name":"925 srebna brasnoletka Lapis Lazuli"}]},{"@type":"WebSite","@id":"https:\/\/cornelliastudio.pl\/#website","url":"https:\/\/cornelliastudio.pl\/","name":"Cornellia Studio","description":"Bi\u017cuteria artystyczna, hand made","publisher":{"@id":"https:\/\/cornelliastudio.pl\/#organization"},"potentialAction":[{"@type":"SearchAction","target":{"@type":"EntryPoint","urlTemplate":"https:\/\/cornelliastudio.pl\/?s={search_term_string}"},"query-input":{"@type":"PropertyValueSpecification","valueRequired":true,"valueName":"search_term_string"}}],"inLanguage":"en-GB"},{"@type":"Organization","@id":"https:\/\/cornelliastudio.pl\/#organization","name":"Cornellia Studio","url":"https:\/\/cornelliastudio.pl\/","logo":{"@type":"ImageObject","inLanguage":"en-GB","@id":"https:\/\/cornelliastudio.pl\/#\/schema\/logo\/image\/","url":"https:\/\/cornelliastudio.pl\/wp-content\/uploads\/2025\/10\/Cornellia-Studio-logo.png","contentUrl":"https:\/\/cornelliastudio.pl\/wp-content\/uploads\/2025\/10\/Cornellia-Studio-logo.png","width":1563,"height":1563,"caption":"Cornellia Studio"},"image":{"@id":"https:\/\/cornelliastudio.pl\/#\/schema\/logo\/image\/"}}]}},"uagb_featured_image_src":{"full":["https:\/\/cornelliastudio.pl\/wp-content\/uploads\/2025\/12\/20250422_180444-scaled.jpg",2560,2560,false],"thumbnail":["https:\/\/cornelliastudio.pl\/wp-content\/uploads\/2025\/12\/20250422_180444-150x150.jpg",150,150,true],"medium":["https:\/\/cornelliastudio.pl\/wp-content\/uploads\/2025\/12\/20250422_180444-300x300.jpg",300,300,true],"medium_large":["https:\/\/cornelliastudio.pl\/wp-content\/uploads\/2025\/12\/20250422_180444-768x768.jpg",768,768,true],"large":["https:\/\/cornelliastudio.pl\/wp-content\/uploads\/2025\/12\/20250422_180444-1024x1024.jpg",1024,1024,true],"1536x1536":["https:\/\/cornelliastudio.pl\/wp-content\/uploads\/2025\/12\/20250422_180444-1536x1536.jpg",1536,1536,true],"2048x2048":["https:\/\/cornelliastudio.pl\/wp-content\/uploads\/2025\/12\/20250422_180444-2048x2048.jpg",2048,2048,true],"trp-custom-language-flag":["https:\/\/cornelliastudio.pl\/wp-content\/uploads\/2025\/12\/20250422_180444-scaled.jpg",12,12,false],"woocommerce_thumbnail":["https:\/\/cornelliastudio.pl\/wp-content\/uploads\/2025\/12\/20250422_180444-300x300.jpg",300,300,true],"woocommerce_single":["https:\/\/cornelliastudio.pl\/wp-content\/uploads\/2025\/12\/20250422_180444-600x600.jpg",600,600,true],"woocommerce_gallery_thumbnail":["https:\/\/cornelliastudio.pl\/wp-content\/uploads\/2025\/12\/20250422_180444-100x100.jpg",100,100,true]},"uagb_author_info":{"display_name":"Cornellia Studio","author_link":"https:\/\/cornelliastudio.pl\/en\/author\/"},"uagb_comment_info":0,"uagb_excerpt":"Srebrna bransoletka 925 z lapisem lazuli i subteln\u0105 zawieszk\u0105 z lotosem \u2013 ponadczasowa elegancja. Srebrna bransoletka 925 z naturalnym lapisem lazuli i zawieszk\u0105 w kszta\u0142cie monety z lotosem (8 mm). R\u0119cznie wykonana, d\u0142ugo\u015b\u0107 19 cm + 1 cm regulacji. Elegancka, symboliczna i idealna na prezent.","_links":{"self":[{"href":"https:\/\/cornelliastudio.pl\/en\/wp-json\/wp\/v2\/product\/2684","targetHints":{"allow":["GET"]}}],"collection":[{"href":"https:\/\/cornelliastudio.pl\/en\/wp-json\/wp\/v2\/product"}],"about":[{"href":"https:\/\/cornelliastudio.pl\/en\/wp-json\/wp\/v2\/types\/product"}],"replies":[{"embeddable":true,"href":"https:\/\/cornelliastudio.pl\/en\/wp-json\/wp\/v2\/comments?post=2684"}],"wp:featuredmedia":[{"embeddable":true,"href":"https:\/\/cornelliastudio.pl\/en\/wp-json\/wp\/v2\/media\/2685"}],"wp:attachment":[{"href":"https:\/\/cornelliastudio.pl\/en\/wp-json\/wp\/v2\/media?parent=2684"}],"wp:term":[{"taxonomy":"product_brand","embeddable":true,"href":"https:\/\/cornelliastudio.pl\/en\/wp-json\/wp\/v2\/product_brand?post=2684"},{"taxonomy":"product_cat","embeddable":true,"href":"https:\/\/cornelliastudio.pl\/en\/wp-json\/wp\/v2\/product_cat?post=2684"},{"taxonomy":"product_tag","embeddable":true,"href":"https:\/\/cornelliastudio.pl\/en\/wp-json\/wp\/v2\/product_tag?post=2684"}],"curies":[{"name":"wp","href":"https:\/\/api.w.org\/{rel}","templated":true}]}}