{"id":2674,"date":"2025-12-08T09:36:14","date_gmt":"2025-12-08T08:36:14","guid":{"rendered":"https:\/\/cornelliastudio.pl\/?post_type=product&#038;p=2674"},"modified":"2025-12-16T15:05:54","modified_gmt":"2025-12-16T14:05:54","slug":"925-srebna-brasnoletka-bransoletka-z-naturalnych-kamieni-tygrysie-oko","status":"publish","type":"product","link":"https:\/\/cornelliastudio.pl\/en\/product\/925-srebna-brasnoletka-bransoletka-z-naturalnych-kamieni-tygrysie-oko\/","title":{"rendered":"925 sterling silver bracelet with natural stones \u2013 Tiger\u2019s Eye."},"content":{"rendered":"<h2 data-start=\"54\" data-end=\"106\"><strong data-start=\"54\" data-end=\"106\">925 sterling silver bracelet with natural stones \u2013 Tiger\u2019s Eye.<\/strong><\/h2>\n<p data-start=\"108\" data-end=\"439\">Handmade bracelet made with natural Tiger\u2019s Eye stones in shades of gold, brown, and red. The stones are carefully polished and beautifully reflect light, creating an elegant yet natural effect. The design is complemented by silver elements crafted from sterling silver. <strong data-start=\"387\" data-end=\"394\">925<\/strong>, including a decorative flower-shaped charm.<\/p>\n<h2 data-start=\"441\" data-end=\"464\"><strong data-start=\"441\" data-end=\"464\">Product details:<\/strong><\/h2>\n<ul data-start=\"465\" data-end=\"677\">\n<li data-start=\"465\" data-end=\"514\">\n<p data-start=\"467\" data-end=\"514\">Bracelet length: <strong data-start=\"488\" data-end=\"514\">19 cm + 2 cm extension<\/strong><\/p>\n<\/li>\n<li data-start=\"515\" data-end=\"543\">\n<p data-start=\"517\" data-end=\"543\">Stone size: <strong data-start=\"535\" data-end=\"543\">4 mm<\/strong><\/p>\n<\/li>\n<li data-start=\"544\" data-end=\"578\">\n<p data-start=\"546\" data-end=\"578\">Decorative elements: <strong data-start=\"564\" data-end=\"578\">925 sterling silver<\/strong><\/p>\n<\/li>\n<li data-start=\"579\" data-end=\"609\">\n<p data-start=\"581\" data-end=\"609\">Charm: <strong data-start=\"592\" data-end=\"609\">flower charm \u2013 10 mm<\/strong><\/p>\n<\/li>\n<li data-start=\"610\" data-end=\"677\">\n<p data-start=\"612\" data-end=\"677\">The clasp with an extension allows for a perfect fit on the wrist.<\/p>\n<\/li>\n<\/ul>\n<p data-start=\"679\" data-end=\"816\">The bracelet is perfect for everyday wear as well as an elegant accessory for special outfits. It also makes an ideal gift.<\/p>","protected":false},"excerpt":{"rendered":"<h2><strong>Delicate Tiger\u2019s Eye bracelet with 925 sterling silver accents and a flower-shaped charm. Classic elegance for everyday wear.<\/strong><\/h2>\n<p>Handmade bracelet with natural Tiger\u2019s Eye stones, adorned with 925 sterling silver elements and a flower-shaped charm. Length: 21 cm with a 2 cm adjustable extension, 4 mm stones. Elegant and versatile \u2013 perfect for everyday wear and as a gift.<\/p>","protected":false},"featured_media":2683,"comment_status":"closed","ping_status":"closed","template":"","meta":{"_uag_custom_page_level_css":"","site-sidebar-layout":"default","site-content-layout":"","ast-site-content-layout":"default","site-content-style":"default","site-sidebar-style":"default","ast-global-header-display":"","ast-banner-title-visibility":"","ast-main-header-display":"","ast-hfb-above-header-display":"","ast-hfb-below-header-display":"","ast-hfb-mobile-header-display":"","site-post-title":"","ast-breadcrumbs-content":"","ast-featured-img":"","footer-sml-layout":"","ast-disable-related-posts":"","theme-transparent-header-meta":"default","adv-header-id-meta":"","stick-header-meta":"","header-above-stick-meta":"","header-main-stick-meta":"","header-below-stick-meta":"","astra-migrate-meta-layouts":"set","ast-page-background-enabled":"default","ast-page-background-meta":{"desktop":{"background-color":"var(--ast-global-color-4)","background-image":"","background-repeat":"repeat","background-position":"center center","background-size":"auto","background-attachment":"scroll","background-type":"","background-media":"","overlay-type":"","overlay-color":"","overlay-opacity":"","overlay-gradient":""},"tablet":{"background-color":"","background-image":"","background-repeat":"repeat","background-position":"center center","background-size":"auto","background-attachment":"scroll","background-type":"","background-media":"","overlay-type":"","overlay-color":"","overlay-opacity":"","overlay-gradient":""},"mobile":{"background-color":"","background-image":"","background-repeat":"repeat","background-position":"center center","background-size":"auto","background-attachment":"scroll","background-type":"","background-media":"","overlay-type":"","overlay-color":"","overlay-opacity":"","overlay-gradient":""}},"ast-content-background-meta":{"desktop":{"background-color":"var(--ast-global-color-5)","background-image":"","background-repeat":"repeat","background-position":"center center","background-size":"auto","background-attachment":"scroll","background-type":"","background-media":"","overlay-type":"","overlay-color":"","overlay-opacity":"","overlay-gradient":""},"tablet":{"background-color":"var(--ast-global-color-5)","background-image":"","background-repeat":"repeat","background-position":"center center","background-size":"auto","background-attachment":"scroll","background-type":"","background-media":"","overlay-type":"","overlay-color":"","overlay-opacity":"","overlay-gradient":""},"mobile":{"background-color":"var(--ast-global-color-5)","background-image":"","background-repeat":"repeat","background-position":"center center","background-size":"auto","background-attachment":"scroll","background-type":"","background-media":"","overlay-type":"","overlay-color":"","overlay-opacity":"","overlay-gradient":""}}},"product_brand":[201],"product_cat":[30,29,31],"product_tag":[502,105,189,258,117,286,513,301,410,315,511,512,214],"class_list":{"0":"post-2674","1":"product","2":"type-product","3":"status-publish","4":"has-post-thumbnail","6":"product_brand-cornellia-studio","7":"product_cat-bestsellery","8":"product_cat-bransoletki","9":"product_cat-nowosci","10":"product_tag-925-zawieszka","11":"product_tag-925_silver_bracelet","12":"product_tag-bizuteria-handmade","13":"product_tag-bizuteria-naturalne-kamienie","14":"product_tag-bizuteria_handmade","15":"product_tag-bransoletka-z-kamieni-naturalnych","16":"product_tag-bransoletka-z-tygrysim-okiem","17":"product_tag-prezent-dla-mamy","18":"product_tag-prezent-dla-niej-bizuteria","19":"product_tag-prezent-urodzinowy","20":"product_tag-srebrna-bransoletka","21":"product_tag-tygrysie-oko","22":"product_tag-wyjatkowy-prezent","23":"pa_dlugosc-bransoletki-15cm","24":"pa_dlugosc-bransoletki-17-cm","25":"pa_dlugosc-bransoletki-19-cm","26":"pa_dlugosc-bransoletki-21-cm","27":"desktop-align-left","28":"tablet-align-left","29":"mobile-align-left","31":"first","32":"instock","33":"taxable","34":"shipping-taxable","35":"purchasable","36":"product-type-variable"},"yoast_head":"<!-- This site is optimized with the Yoast SEO plugin v27.4 - https:\/\/yoast.com\/product\/yoast-seo-wordpress\/ -->\n<title>925 srebna brasnoletka -Bransoletka z naturalnych kamieni \u2013 tygrysie oko - Cornellia Studio<\/title>\n<meta name=\"robots\" content=\"index, follow, max-snippet:-1, max-image-preview:large, max-video-preview:-1\" \/>\n<link rel=\"canonical\" href=\"https:\/\/cornelliastudio.pl\/en\/product\/925-srebna-brasnoletka-bransoletka-z-naturalnych-kamieni-tygrysie-oko\/\" \/>\n<meta property=\"og:locale\" content=\"en_GB\" \/>\n<meta property=\"og:type\" content=\"article\" \/>\n<meta property=\"og:title\" content=\"925 srebna brasnoletka -Bransoletka z naturalnych kamieni \u2013 tygrysie oko - Cornellia Studio\" \/>\n<meta property=\"og:description\" content=\"Delikatna bransoletka z tygrysiego oka z dodatkiem srebra 925 i zawieszk\u0105 w kszta\u0142cie kwiatu. Klasyczna elegancja na co dzie\u0144. R\u0119cznie wykonana bransoletka z naturalnego tygrysiego oka, ozdobiona elementami ze srebra pr\u00f3by 925 i zawieszk\u0105 w kszta\u0142cie kwiatu. D\u0142ugo\u015b\u0107 21 cm + 2 cm regulacji, kamienie 4 mm. Elegancka i uniwersalna \u2013 idealna na co dzie\u0144 i na prezent.\" \/>\n<meta property=\"og:url\" content=\"https:\/\/cornelliastudio.pl\/en\/product\/925-srebna-brasnoletka-bransoletka-z-naturalnych-kamieni-tygrysie-oko\/\" \/>\n<meta property=\"og:site_name\" content=\"Cornellia Studio\" \/>\n<meta property=\"article:modified_time\" content=\"2025-12-16T14:05:54+00:00\" \/>\n<meta property=\"og:image\" content=\"https:\/\/cornelliastudio.pl\/wp-content\/uploads\/2025\/12\/20250602_132908-1-scaled.jpg\" \/>\n\t<meta property=\"og:image:width\" content=\"2560\" \/>\n\t<meta property=\"og:image:height\" content=\"2560\" \/>\n\t<meta property=\"og:image:type\" content=\"image\/jpeg\" \/>\n<meta name=\"twitter:card\" content=\"summary_large_image\" \/>\n<meta name=\"twitter:label1\" content=\"Estimated reading time\" \/>\n\t<meta name=\"twitter:data1\" content=\"1 minute\" \/>\n<script type=\"application\/ld+json\" class=\"yoast-schema-graph\">{\"@context\":\"https:\\\/\\\/schema.org\",\"@graph\":[{\"@type\":\"WebPage\",\"@id\":\"https:\\\/\\\/cornelliastudio.pl\\\/produkt\\\/925-srebna-brasnoletka-bransoletka-z-naturalnych-kamieni-tygrysie-oko\\\/\",\"url\":\"https:\\\/\\\/cornelliastudio.pl\\\/produkt\\\/925-srebna-brasnoletka-bransoletka-z-naturalnych-kamieni-tygrysie-oko\\\/\",\"name\":\"925 srebna brasnoletka -Bransoletka z naturalnych kamieni \u2013 tygrysie oko - Cornellia Studio\",\"isPartOf\":{\"@id\":\"https:\\\/\\\/cornelliastudio.pl\\\/#website\"},\"primaryImageOfPage\":{\"@id\":\"https:\\\/\\\/cornelliastudio.pl\\\/produkt\\\/925-srebna-brasnoletka-bransoletka-z-naturalnych-kamieni-tygrysie-oko\\\/#primaryimage\"},\"image\":{\"@id\":\"https:\\\/\\\/cornelliastudio.pl\\\/produkt\\\/925-srebna-brasnoletka-bransoletka-z-naturalnych-kamieni-tygrysie-oko\\\/#primaryimage\"},\"thumbnailUrl\":\"https:\\\/\\\/cornelliastudio.pl\\\/wp-content\\\/uploads\\\/2025\\\/12\\\/20250602_132908-1-scaled.jpg\",\"datePublished\":\"2025-12-08T08:36:14+00:00\",\"dateModified\":\"2025-12-16T14:05:54+00:00\",\"breadcrumb\":{\"@id\":\"https:\\\/\\\/cornelliastudio.pl\\\/produkt\\\/925-srebna-brasnoletka-bransoletka-z-naturalnych-kamieni-tygrysie-oko\\\/#breadcrumb\"},\"inLanguage\":\"en-GB\",\"potentialAction\":[{\"@type\":\"ReadAction\",\"target\":[\"https:\\\/\\\/cornelliastudio.pl\\\/produkt\\\/925-srebna-brasnoletka-bransoletka-z-naturalnych-kamieni-tygrysie-oko\\\/\"]}]},{\"@type\":\"ImageObject\",\"inLanguage\":\"en-GB\",\"@id\":\"https:\\\/\\\/cornelliastudio.pl\\\/produkt\\\/925-srebna-brasnoletka-bransoletka-z-naturalnych-kamieni-tygrysie-oko\\\/#primaryimage\",\"url\":\"https:\\\/\\\/cornelliastudio.pl\\\/wp-content\\\/uploads\\\/2025\\\/12\\\/20250602_132908-1-scaled.jpg\",\"contentUrl\":\"https:\\\/\\\/cornelliastudio.pl\\\/wp-content\\\/uploads\\\/2025\\\/12\\\/20250602_132908-1-scaled.jpg\",\"width\":2560,\"height\":2560},{\"@type\":\"BreadcrumbList\",\"@id\":\"https:\\\/\\\/cornelliastudio.pl\\\/produkt\\\/925-srebna-brasnoletka-bransoletka-z-naturalnych-kamieni-tygrysie-oko\\\/#breadcrumb\",\"itemListElement\":[{\"@type\":\"ListItem\",\"position\":1,\"name\":\"Strona g\u0142\u00f3wna\",\"item\":\"https:\\\/\\\/cornelliastudio.pl\\\/\"},{\"@type\":\"ListItem\",\"position\":2,\"name\":\"Sklep\",\"item\":\"https:\\\/\\\/cornelliastudio.pl\\\/sklep\\\/\"},{\"@type\":\"ListItem\",\"position\":3,\"name\":\"925 srebna brasnoletka -Bransoletka z naturalnych kamieni \u2013 tygrysie oko\"}]},{\"@type\":\"WebSite\",\"@id\":\"https:\\\/\\\/cornelliastudio.pl\\\/#website\",\"url\":\"https:\\\/\\\/cornelliastudio.pl\\\/\",\"name\":\"Cornellia Studio\",\"description\":\"Bi\u017cuteria artystyczna, hand made\",\"publisher\":{\"@id\":\"https:\\\/\\\/cornelliastudio.pl\\\/#organization\"},\"potentialAction\":[{\"@type\":\"SearchAction\",\"target\":{\"@type\":\"EntryPoint\",\"urlTemplate\":\"https:\\\/\\\/cornelliastudio.pl\\\/?s={search_term_string}\"},\"query-input\":{\"@type\":\"PropertyValueSpecification\",\"valueRequired\":true,\"valueName\":\"search_term_string\"}}],\"inLanguage\":\"en-GB\"},{\"@type\":\"Organization\",\"@id\":\"https:\\\/\\\/cornelliastudio.pl\\\/#organization\",\"name\":\"Cornellia Studio\",\"url\":\"https:\\\/\\\/cornelliastudio.pl\\\/\",\"logo\":{\"@type\":\"ImageObject\",\"inLanguage\":\"en-GB\",\"@id\":\"https:\\\/\\\/cornelliastudio.pl\\\/#\\\/schema\\\/logo\\\/image\\\/\",\"url\":\"https:\\\/\\\/cornelliastudio.pl\\\/wp-content\\\/uploads\\\/2025\\\/10\\\/Cornellia-Studio-logo.png\",\"contentUrl\":\"https:\\\/\\\/cornelliastudio.pl\\\/wp-content\\\/uploads\\\/2025\\\/10\\\/Cornellia-Studio-logo.png\",\"width\":1563,\"height\":1563,\"caption\":\"Cornellia Studio\"},\"image\":{\"@id\":\"https:\\\/\\\/cornelliastudio.pl\\\/#\\\/schema\\\/logo\\\/image\\\/\"}}]}<\/script>\n<!-- \/ Yoast SEO plugin. -->","yoast_head_json":{"title":"925 srebna brasnoletka -Bransoletka z naturalnych kamieni \u2013 tygrysie oko - Cornellia Studio","robots":{"index":"index","follow":"follow","max-snippet":"max-snippet:-1","max-image-preview":"max-image-preview:large","max-video-preview":"max-video-preview:-1"},"canonical":"https:\/\/cornelliastudio.pl\/en\/product\/925-srebna-brasnoletka-bransoletka-z-naturalnych-kamieni-tygrysie-oko\/","og_locale":"en_GB","og_type":"article","og_title":"925 srebna brasnoletka -Bransoletka z naturalnych kamieni \u2013 tygrysie oko - Cornellia Studio","og_description":"Delikatna bransoletka z tygrysiego oka z dodatkiem srebra 925 i zawieszk\u0105 w kszta\u0142cie kwiatu. Klasyczna elegancja na co dzie\u0144. R\u0119cznie wykonana bransoletka z naturalnego tygrysiego oka, ozdobiona elementami ze srebra pr\u00f3by 925 i zawieszk\u0105 w kszta\u0142cie kwiatu. D\u0142ugo\u015b\u0107 21 cm + 2 cm regulacji, kamienie 4 mm. Elegancka i uniwersalna \u2013 idealna na co dzie\u0144 i na prezent.","og_url":"https:\/\/cornelliastudio.pl\/en\/product\/925-srebna-brasnoletka-bransoletka-z-naturalnych-kamieni-tygrysie-oko\/","og_site_name":"Cornellia Studio","article_modified_time":"2025-12-16T14:05:54+00:00","og_image":[{"width":2560,"height":2560,"url":"https:\/\/cornelliastudio.pl\/wp-content\/uploads\/2025\/12\/20250602_132908-1-scaled.jpg","type":"image\/jpeg"}],"twitter_card":"summary_large_image","twitter_misc":{"Estimated reading time":"1 minute"},"schema":{"@context":"https:\/\/schema.org","@graph":[{"@type":"WebPage","@id":"https:\/\/cornelliastudio.pl\/produkt\/925-srebna-brasnoletka-bransoletka-z-naturalnych-kamieni-tygrysie-oko\/","url":"https:\/\/cornelliastudio.pl\/produkt\/925-srebna-brasnoletka-bransoletka-z-naturalnych-kamieni-tygrysie-oko\/","name":"925 srebna brasnoletka -Bransoletka z naturalnych kamieni \u2013 tygrysie oko - Cornellia Studio","isPartOf":{"@id":"https:\/\/cornelliastudio.pl\/#website"},"primaryImageOfPage":{"@id":"https:\/\/cornelliastudio.pl\/produkt\/925-srebna-brasnoletka-bransoletka-z-naturalnych-kamieni-tygrysie-oko\/#primaryimage"},"image":{"@id":"https:\/\/cornelliastudio.pl\/produkt\/925-srebna-brasnoletka-bransoletka-z-naturalnych-kamieni-tygrysie-oko\/#primaryimage"},"thumbnailUrl":"https:\/\/cornelliastudio.pl\/wp-content\/uploads\/2025\/12\/20250602_132908-1-scaled.jpg","datePublished":"2025-12-08T08:36:14+00:00","dateModified":"2025-12-16T14:05:54+00:00","breadcrumb":{"@id":"https:\/\/cornelliastudio.pl\/produkt\/925-srebna-brasnoletka-bransoletka-z-naturalnych-kamieni-tygrysie-oko\/#breadcrumb"},"inLanguage":"en-GB","potentialAction":[{"@type":"ReadAction","target":["https:\/\/cornelliastudio.pl\/produkt\/925-srebna-brasnoletka-bransoletka-z-naturalnych-kamieni-tygrysie-oko\/"]}]},{"@type":"ImageObject","inLanguage":"en-GB","@id":"https:\/\/cornelliastudio.pl\/produkt\/925-srebna-brasnoletka-bransoletka-z-naturalnych-kamieni-tygrysie-oko\/#primaryimage","url":"https:\/\/cornelliastudio.pl\/wp-content\/uploads\/2025\/12\/20250602_132908-1-scaled.jpg","contentUrl":"https:\/\/cornelliastudio.pl\/wp-content\/uploads\/2025\/12\/20250602_132908-1-scaled.jpg","width":2560,"height":2560},{"@type":"BreadcrumbList","@id":"https:\/\/cornelliastudio.pl\/produkt\/925-srebna-brasnoletka-bransoletka-z-naturalnych-kamieni-tygrysie-oko\/#breadcrumb","itemListElement":[{"@type":"ListItem","position":1,"name":"Strona g\u0142\u00f3wna","item":"https:\/\/cornelliastudio.pl\/"},{"@type":"ListItem","position":2,"name":"Sklep","item":"https:\/\/cornelliastudio.pl\/sklep\/"},{"@type":"ListItem","position":3,"name":"925 srebna brasnoletka -Bransoletka z naturalnych kamieni \u2013 tygrysie oko"}]},{"@type":"WebSite","@id":"https:\/\/cornelliastudio.pl\/#website","url":"https:\/\/cornelliastudio.pl\/","name":"Cornellia Studio","description":"Bi\u017cuteria artystyczna, hand made","publisher":{"@id":"https:\/\/cornelliastudio.pl\/#organization"},"potentialAction":[{"@type":"SearchAction","target":{"@type":"EntryPoint","urlTemplate":"https:\/\/cornelliastudio.pl\/?s={search_term_string}"},"query-input":{"@type":"PropertyValueSpecification","valueRequired":true,"valueName":"search_term_string"}}],"inLanguage":"en-GB"},{"@type":"Organization","@id":"https:\/\/cornelliastudio.pl\/#organization","name":"Cornellia Studio","url":"https:\/\/cornelliastudio.pl\/","logo":{"@type":"ImageObject","inLanguage":"en-GB","@id":"https:\/\/cornelliastudio.pl\/#\/schema\/logo\/image\/","url":"https:\/\/cornelliastudio.pl\/wp-content\/uploads\/2025\/10\/Cornellia-Studio-logo.png","contentUrl":"https:\/\/cornelliastudio.pl\/wp-content\/uploads\/2025\/10\/Cornellia-Studio-logo.png","width":1563,"height":1563,"caption":"Cornellia Studio"},"image":{"@id":"https:\/\/cornelliastudio.pl\/#\/schema\/logo\/image\/"}}]}},"uagb_featured_image_src":{"full":["https:\/\/cornelliastudio.pl\/wp-content\/uploads\/2025\/12\/20250602_132908-1-scaled.jpg",2560,2560,false],"thumbnail":["https:\/\/cornelliastudio.pl\/wp-content\/uploads\/2025\/12\/20250602_132908-1-150x150.jpg",150,150,true],"medium":["https:\/\/cornelliastudio.pl\/wp-content\/uploads\/2025\/12\/20250602_132908-1-300x300.jpg",300,300,true],"medium_large":["https:\/\/cornelliastudio.pl\/wp-content\/uploads\/2025\/12\/20250602_132908-1-768x768.jpg",768,768,true],"large":["https:\/\/cornelliastudio.pl\/wp-content\/uploads\/2025\/12\/20250602_132908-1-1024x1024.jpg",1024,1024,true],"1536x1536":["https:\/\/cornelliastudio.pl\/wp-content\/uploads\/2025\/12\/20250602_132908-1-1536x1536.jpg",1536,1536,true],"2048x2048":["https:\/\/cornelliastudio.pl\/wp-content\/uploads\/2025\/12\/20250602_132908-1-2048x2048.jpg",2048,2048,true],"trp-custom-language-flag":["https:\/\/cornelliastudio.pl\/wp-content\/uploads\/2025\/12\/20250602_132908-1-scaled.jpg",12,12,false],"woocommerce_thumbnail":["https:\/\/cornelliastudio.pl\/wp-content\/uploads\/2025\/12\/20250602_132908-1-300x300.jpg",300,300,true],"woocommerce_single":["https:\/\/cornelliastudio.pl\/wp-content\/uploads\/2025\/12\/20250602_132908-1-600x600.jpg",600,600,true],"woocommerce_gallery_thumbnail":["https:\/\/cornelliastudio.pl\/wp-content\/uploads\/2025\/12\/20250602_132908-1-100x100.jpg",100,100,true]},"uagb_author_info":{"display_name":"Cornellia Studio","author_link":"https:\/\/cornelliastudio.pl\/en\/author\/"},"uagb_comment_info":0,"uagb_excerpt":"Delikatna bransoletka z tygrysiego oka z dodatkiem srebra 925 i zawieszk\u0105 w kszta\u0142cie kwiatu. Klasyczna elegancja na co dzie\u0144. R\u0119cznie wykonana bransoletka z naturalnego tygrysiego oka, ozdobiona elementami ze srebra pr\u00f3by 925 i zawieszk\u0105 w kszta\u0142cie kwiatu. D\u0142ugo\u015b\u0107 21 cm + 2 cm regulacji, kamienie 4 mm. Elegancka i uniwersalna \u2013 idealna na co dzie\u0144&hellip;","_links":{"self":[{"href":"https:\/\/cornelliastudio.pl\/en\/wp-json\/wp\/v2\/product\/2674","targetHints":{"allow":["GET"]}}],"collection":[{"href":"https:\/\/cornelliastudio.pl\/en\/wp-json\/wp\/v2\/product"}],"about":[{"href":"https:\/\/cornelliastudio.pl\/en\/wp-json\/wp\/v2\/types\/product"}],"replies":[{"embeddable":true,"href":"https:\/\/cornelliastudio.pl\/en\/wp-json\/wp\/v2\/comments?post=2674"}],"wp:featuredmedia":[{"embeddable":true,"href":"https:\/\/cornelliastudio.pl\/en\/wp-json\/wp\/v2\/media\/2683"}],"wp:attachment":[{"href":"https:\/\/cornelliastudio.pl\/en\/wp-json\/wp\/v2\/media?parent=2674"}],"wp:term":[{"taxonomy":"product_brand","embeddable":true,"href":"https:\/\/cornelliastudio.pl\/en\/wp-json\/wp\/v2\/product_brand?post=2674"},{"taxonomy":"product_cat","embeddable":true,"href":"https:\/\/cornelliastudio.pl\/en\/wp-json\/wp\/v2\/product_cat?post=2674"},{"taxonomy":"product_tag","embeddable":true,"href":"https:\/\/cornelliastudio.pl\/en\/wp-json\/wp\/v2\/product_tag?post=2674"}],"curies":[{"name":"wp","href":"https:\/\/api.w.org\/{rel}","templated":true}]}}