{"id":2664,"date":"2025-12-05T15:27:46","date_gmt":"2025-12-05T14:27:46","guid":{"rendered":"https:\/\/cornelliastudio.pl\/?post_type=product&#038;p=2664"},"modified":"2025-12-16T15:08:52","modified_gmt":"2025-12-16T14:08:52","slug":"2664","status":"publish","type":"product","link":"https:\/\/cornelliastudio.pl\/en\/product\/2664\/","title":{"rendered":"925 sterling silver bracelet with malachite and a flower charm \u2013 delicate, handmade."},"content":{"rendered":"<h2>Sterling Silver 925 Malachite Bracelet \u2013 Green, Delicate<\/h2>\n<p data-start=\"381\" data-end=\"626\">This elegant bracelet is crafted from natural malachite beads measuring 8 mm, a gemstone known for its distinctive green banding and harmonious energy. Each bead is unique, with a rich color that draws the eye through its depth and natural beauty.<\/p>\n<p data-start=\"628\" data-end=\"860\">The stones are hand-assembled using sterling silver 925, creating a light and subtle design. A delicate chain adds refined elegance, while the silver flower charm enhances the bracelet with grace and a feminine touch.<\/p>\n<p data-start=\"862\" data-end=\"1051\">The bracelet measures 19 cm, making it a perfect fit for most wrists. It is a versatile piece of jewelry, ideal for both everyday wear and elegant outfits. A perfect gift idea.<\/p>\n<hr data-start=\"1053\" data-end=\"1056\" \/>\n<h2 data-start=\"1058\" data-end=\"1077\"><strong data-start=\"1061\" data-end=\"1077\">\u00a0 \u00a0 \u00a0Details<\/strong><\/h2>\n<ul data-start=\"1078\" data-end=\"1356\">\n<li data-start=\"1078\" data-end=\"1106\">\n<p data-start=\"1080\" data-end=\"1106\"><strong data-start=\"1080\" data-end=\"1093\">Material:<\/strong> 925 sterling silver<\/p>\n<\/li>\n<li data-start=\"1107\" data-end=\"1141\">\n<p data-start=\"1109\" data-end=\"1141\"><strong data-start=\"1109\" data-end=\"1120\">Stone:<\/strong> Natural malachite<\/p>\n<\/li>\n<li data-start=\"1142\" data-end=\"1172\">\n<p data-start=\"1144\" data-end=\"1172\"><strong data-start=\"1144\" data-end=\"1165\">Stone size:<\/strong> 8 mm<\/p>\n<\/li>\n<li data-start=\"1173\" data-end=\"1207\">\n<p data-start=\"1175\" data-end=\"1207\"><strong data-start=\"1175\" data-end=\"1199\">Bracelet length:<\/strong> 19 cm + 1 cm extension<\/p>\n<\/li>\n<li data-start=\"1208\" data-end=\"1249\">\n<p data-start=\"1210\" data-end=\"1249\"><strong data-start=\"1210\" data-end=\"1223\">Closure:<\/strong> Sterling silver 925 lobster clasp<\/p>\n<\/li>\n<li data-start=\"1250\" data-end=\"1284\">\n<p data-start=\"1252\" data-end=\"1284\"><strong data-start=\"1252\" data-end=\"1266\">Charm:<\/strong> Sterling silver flower charm, 15 mm<\/p>\n<\/li>\n<li data-start=\"1285\" data-end=\"1330\">\n<p data-start=\"1287\" data-end=\"1330\"><strong data-start=\"1287\" data-end=\"1296\">\u00a0 Style:<\/strong> Delicate, elegant, natural<\/p>\n<\/li>\n<li data-start=\"1331\" data-end=\"1356\">\n<p data-start=\"1333\" data-end=\"1356\"><strong data-start=\"1333\" data-end=\"1347\">\u00a0Craftsmanship:<\/strong> handcrafted<\/p>\n<h2 data-start=\"83\" data-end=\"105\"><strong data-start=\"86\" data-end=\"105\">Why you\u2019ll love it<\/strong><\/h2>\n<ul data-start=\"106\" data-end=\"738\">\n<li data-start=\"106\" data-end=\"226\">\n<p data-start=\"108\" data-end=\"226\"><strong data-start=\"108\" data-end=\"135\">Natural malachite 8mm<\/strong> \u2013 a stone of harmony, protection, and balance, known for its mesmerizing green bands.<\/p>\n<\/li>\n<li data-start=\"227\" data-end=\"311\">\n<p data-start=\"229\" data-end=\"311\"><strong data-start=\"229\" data-end=\"249\">Sterling silver 925<\/strong> \u2013 durable, noble, and hypoallergenic, perfect for everyday wear.<\/p>\n<\/li>\n<li data-start=\"312\" data-end=\"406\">\n<p data-start=\"314\" data-end=\"406\"><strong data-start=\"314\" data-end=\"334\">Handmade \/ Handcrafted<\/strong> \u2013 each element is precisely crafted in my jewelry studio.<\/p>\n<\/li>\n<li data-start=\"407\" data-end=\"526\">\n<p data-start=\"409\" data-end=\"526\"><strong data-start=\"409\" data-end=\"429\">Unique design<\/strong> \u2013 each stone has its own unique pattern and shade, making every bracelet one of a kind.<\/p>\n<\/li>\n<li data-start=\"527\" data-end=\"637\">\n<p data-start=\"529\" data-end=\"637\"><strong data-start=\"529\" data-end=\"552\">Delicate and feminine<\/strong> \u2013 the lightweight design, decorative charm, and subtle chain accentuate the elegance of the wrist.<\/p>\n<\/li>\n<li data-start=\"638\" data-end=\"738\">\n<p data-start=\"640\" data-end=\"738\"><strong data-start=\"640\" data-end=\"663\">Universal gift<\/strong> \u2013 perfect for birthdays, anniversaries, holidays, or simply as a thoughtful gesture.<\/p>\n<\/li>\n<\/ul>\n<\/li>\n<\/ul>","protected":false},"excerpt":{"rendered":"<h2>Trendy everyday accessory<\/h2>\n<p>Delicate sterling silver 925 bracelet with natural malachite (8 mm). The intense green of the stones combined with a subtle chain creates an elegant, feminine design. Length: 19 cm + 1 cm extension.<\/p>","protected":false},"featured_media":2653,"comment_status":"closed","ping_status":"closed","template":"","meta":{"_uag_custom_page_level_css":"","site-sidebar-layout":"default","site-content-layout":"","ast-site-content-layout":"default","site-content-style":"default","site-sidebar-style":"default","ast-global-header-display":"","ast-banner-title-visibility":"","ast-main-header-display":"","ast-hfb-above-header-display":"","ast-hfb-below-header-display":"","ast-hfb-mobile-header-display":"","site-post-title":"","ast-breadcrumbs-content":"","ast-featured-img":"","footer-sml-layout":"","ast-disable-related-posts":"","theme-transparent-header-meta":"default","adv-header-id-meta":"","stick-header-meta":"","header-above-stick-meta":"","header-main-stick-meta":"","header-below-stick-meta":"","astra-migrate-meta-layouts":"set","ast-page-background-enabled":"default","ast-page-background-meta":{"desktop":{"background-color":"var(--ast-global-color-4)","background-image":"","background-repeat":"repeat","background-position":"center center","background-size":"auto","background-attachment":"scroll","background-type":"","background-media":"","overlay-type":"","overlay-color":"","overlay-opacity":"","overlay-gradient":""},"tablet":{"background-color":"","background-image":"","background-repeat":"repeat","background-position":"center center","background-size":"auto","background-attachment":"scroll","background-type":"","background-media":"","overlay-type":"","overlay-color":"","overlay-opacity":"","overlay-gradient":""},"mobile":{"background-color":"","background-image":"","background-repeat":"repeat","background-position":"center center","background-size":"auto","background-attachment":"scroll","background-type":"","background-media":"","overlay-type":"","overlay-color":"","overlay-opacity":"","overlay-gradient":""}},"ast-content-background-meta":{"desktop":{"background-color":"var(--ast-global-color-5)","background-image":"","background-repeat":"repeat","background-position":"center center","background-size":"auto","background-attachment":"scroll","background-type":"","background-media":"","overlay-type":"","overlay-color":"","overlay-opacity":"","overlay-gradient":""},"tablet":{"background-color":"var(--ast-global-color-5)","background-image":"","background-repeat":"repeat","background-position":"center center","background-size":"auto","background-attachment":"scroll","background-type":"","background-media":"","overlay-type":"","overlay-color":"","overlay-opacity":"","overlay-gradient":""},"mobile":{"background-color":"var(--ast-global-color-5)","background-image":"","background-repeat":"repeat","background-position":"center center","background-size":"auto","background-attachment":"scroll","background-type":"","background-media":"","overlay-type":"","overlay-color":"","overlay-opacity":"","overlay-gradient":""}}},"product_brand":[201],"product_cat":[30,29,31],"product_tag":[486,193,481,286,485,484,187,483,215,256,214,487,482],"class_list":{"0":"post-2664","1":"product","2":"type-product","3":"status-publish","4":"has-post-thumbnail","6":"product_brand-cornellia-studio","7":"product_cat-bestsellery","8":"product_cat-bransoletki","9":"product_cat-nowosci","10":"product_tag-bransoletka-damska","11":"product_tag-bransoletka-handmade","12":"product_tag-bransoletka-malachit","13":"product_tag-bransoletka-z-kamieni-naturalnych","14":"product_tag-delikatna-bransoletka","15":"product_tag-malachit-naturalny","16":"product_tag-prezent-dla-niej","17":"product_tag-srebrna-bransoletka-925","18":"product_tag-srebro-925","19":"product_tag-srebro-925-handmade","20":"product_tag-wyjatkowy-prezent","21":"product_tag-zielona-bizuteria","22":"product_tag-zielona-bransoletka","23":"pa_dlugosc-bransoletki-15-cm","24":"pa_dlugosc-bransoletki-17-cm","25":"pa_dlugosc-bransoletki-19-cm","26":"pa_dlugosc-bransoletki-21-cm","27":"desktop-align-left","28":"tablet-align-left","29":"mobile-align-left","31":"first","32":"instock","33":"taxable","34":"shipping-taxable","35":"purchasable","36":"product-type-variable"},"yoast_head":"<!-- This site is optimized with the Yoast SEO plugin v27.4 - https:\/\/yoast.com\/product\/yoast-seo-wordpress\/ -->\n<title>Srebrna bransoletka 925 z malachitem i zawieszk\u0105 kwiatka \u2013 delikatna, handmade - Cornellia Studio<\/title>\n<meta name=\"robots\" content=\"index, follow, max-snippet:-1, max-image-preview:large, max-video-preview:-1\" \/>\n<link rel=\"canonical\" href=\"https:\/\/cornelliastudio.pl\/en\/product\/2664\/\" \/>\n<meta property=\"og:locale\" content=\"en_GB\" \/>\n<meta property=\"og:type\" content=\"article\" \/>\n<meta property=\"og:title\" content=\"Srebrna bransoletka 925 z malachitem i zawieszk\u0105 kwiatka \u2013 delikatna, handmade - Cornellia Studio\" \/>\n<meta property=\"og:description\" content=\"Modny dodatek na co dzie\u0144 Delikatna srebrna bransoletka 925 z naturalnym malachitem (8 mm). Intensywna ziele\u0144 kamieni i subtelny \u0142a\u0144cuszek tworz\u0105 eleganck\u0105, kobiec\u0105 kompozycj\u0119. D\u0142ugo\u015b\u0107 19 cm plus 1 cm regulacji.\" \/>\n<meta property=\"og:url\" content=\"https:\/\/cornelliastudio.pl\/en\/product\/2664\/\" \/>\n<meta property=\"og:site_name\" content=\"Cornellia Studio\" \/>\n<meta property=\"article:modified_time\" content=\"2025-12-16T14:08:52+00:00\" \/>\n<meta property=\"og:image\" content=\"https:\/\/cornelliastudio.pl\/wp-content\/uploads\/2025\/12\/20250625_085323.jpg\" \/>\n\t<meta property=\"og:image:width\" content=\"2517\" \/>\n\t<meta property=\"og:image:height\" content=\"2314\" \/>\n\t<meta property=\"og:image:type\" content=\"image\/jpeg\" \/>\n<meta name=\"twitter:card\" content=\"summary_large_image\" \/>\n<meta name=\"twitter:label1\" content=\"Estimated reading time\" \/>\n\t<meta name=\"twitter:data1\" content=\"2 minutes\" \/>\n<script type=\"application\/ld+json\" class=\"yoast-schema-graph\">{\"@context\":\"https:\\\/\\\/schema.org\",\"@graph\":[{\"@type\":\"WebPage\",\"@id\":\"https:\\\/\\\/cornelliastudio.pl\\\/produkt\\\/2664\\\/\",\"url\":\"https:\\\/\\\/cornelliastudio.pl\\\/produkt\\\/2664\\\/\",\"name\":\"Srebrna bransoletka 925 z malachitem i zawieszk\u0105 kwiatka \u2013 delikatna, handmade - Cornellia Studio\",\"isPartOf\":{\"@id\":\"https:\\\/\\\/cornelliastudio.pl\\\/#website\"},\"primaryImageOfPage\":{\"@id\":\"https:\\\/\\\/cornelliastudio.pl\\\/produkt\\\/2664\\\/#primaryimage\"},\"image\":{\"@id\":\"https:\\\/\\\/cornelliastudio.pl\\\/produkt\\\/2664\\\/#primaryimage\"},\"thumbnailUrl\":\"https:\\\/\\\/cornelliastudio.pl\\\/wp-content\\\/uploads\\\/2025\\\/12\\\/20250625_085323.jpg\",\"datePublished\":\"2025-12-05T14:27:46+00:00\",\"dateModified\":\"2025-12-16T14:08:52+00:00\",\"breadcrumb\":{\"@id\":\"https:\\\/\\\/cornelliastudio.pl\\\/produkt\\\/2664\\\/#breadcrumb\"},\"inLanguage\":\"en-GB\",\"potentialAction\":[{\"@type\":\"ReadAction\",\"target\":[\"https:\\\/\\\/cornelliastudio.pl\\\/produkt\\\/2664\\\/\"]}]},{\"@type\":\"ImageObject\",\"inLanguage\":\"en-GB\",\"@id\":\"https:\\\/\\\/cornelliastudio.pl\\\/produkt\\\/2664\\\/#primaryimage\",\"url\":\"https:\\\/\\\/cornelliastudio.pl\\\/wp-content\\\/uploads\\\/2025\\\/12\\\/20250625_085323.jpg\",\"contentUrl\":\"https:\\\/\\\/cornelliastudio.pl\\\/wp-content\\\/uploads\\\/2025\\\/12\\\/20250625_085323.jpg\",\"width\":2517,\"height\":2314},{\"@type\":\"BreadcrumbList\",\"@id\":\"https:\\\/\\\/cornelliastudio.pl\\\/produkt\\\/2664\\\/#breadcrumb\",\"itemListElement\":[{\"@type\":\"ListItem\",\"position\":1,\"name\":\"Strona g\u0142\u00f3wna\",\"item\":\"https:\\\/\\\/cornelliastudio.pl\\\/\"},{\"@type\":\"ListItem\",\"position\":2,\"name\":\"Sklep\",\"item\":\"https:\\\/\\\/cornelliastudio.pl\\\/sklep\\\/\"},{\"@type\":\"ListItem\",\"position\":3,\"name\":\"Srebrna bransoletka 925 z malachitem i zawieszk\u0105 kwiatka \u2013 delikatna, handmade\"}]},{\"@type\":\"WebSite\",\"@id\":\"https:\\\/\\\/cornelliastudio.pl\\\/#website\",\"url\":\"https:\\\/\\\/cornelliastudio.pl\\\/\",\"name\":\"Cornellia Studio\",\"description\":\"Bi\u017cuteria artystyczna, hand made\",\"publisher\":{\"@id\":\"https:\\\/\\\/cornelliastudio.pl\\\/#organization\"},\"potentialAction\":[{\"@type\":\"SearchAction\",\"target\":{\"@type\":\"EntryPoint\",\"urlTemplate\":\"https:\\\/\\\/cornelliastudio.pl\\\/?s={search_term_string}\"},\"query-input\":{\"@type\":\"PropertyValueSpecification\",\"valueRequired\":true,\"valueName\":\"search_term_string\"}}],\"inLanguage\":\"en-GB\"},{\"@type\":\"Organization\",\"@id\":\"https:\\\/\\\/cornelliastudio.pl\\\/#organization\",\"name\":\"Cornellia Studio\",\"url\":\"https:\\\/\\\/cornelliastudio.pl\\\/\",\"logo\":{\"@type\":\"ImageObject\",\"inLanguage\":\"en-GB\",\"@id\":\"https:\\\/\\\/cornelliastudio.pl\\\/#\\\/schema\\\/logo\\\/image\\\/\",\"url\":\"https:\\\/\\\/cornelliastudio.pl\\\/wp-content\\\/uploads\\\/2025\\\/10\\\/Cornellia-Studio-logo.png\",\"contentUrl\":\"https:\\\/\\\/cornelliastudio.pl\\\/wp-content\\\/uploads\\\/2025\\\/10\\\/Cornellia-Studio-logo.png\",\"width\":1563,\"height\":1563,\"caption\":\"Cornellia Studio\"},\"image\":{\"@id\":\"https:\\\/\\\/cornelliastudio.pl\\\/#\\\/schema\\\/logo\\\/image\\\/\"}}]}<\/script>\n<!-- \/ Yoast SEO plugin. -->","yoast_head_json":{"title":"Srebrna bransoletka 925 z malachitem i zawieszk\u0105 kwiatka \u2013 delikatna, handmade - Cornellia Studio","robots":{"index":"index","follow":"follow","max-snippet":"max-snippet:-1","max-image-preview":"max-image-preview:large","max-video-preview":"max-video-preview:-1"},"canonical":"https:\/\/cornelliastudio.pl\/en\/product\/2664\/","og_locale":"en_GB","og_type":"article","og_title":"Srebrna bransoletka 925 z malachitem i zawieszk\u0105 kwiatka \u2013 delikatna, handmade - Cornellia Studio","og_description":"Modny dodatek na co dzie\u0144 Delikatna srebrna bransoletka 925 z naturalnym malachitem (8 mm). Intensywna ziele\u0144 kamieni i subtelny \u0142a\u0144cuszek tworz\u0105 eleganck\u0105, kobiec\u0105 kompozycj\u0119. D\u0142ugo\u015b\u0107 19 cm plus 1 cm regulacji.","og_url":"https:\/\/cornelliastudio.pl\/en\/product\/2664\/","og_site_name":"Cornellia Studio","article_modified_time":"2025-12-16T14:08:52+00:00","og_image":[{"width":2517,"height":2314,"url":"https:\/\/cornelliastudio.pl\/wp-content\/uploads\/2025\/12\/20250625_085323.jpg","type":"image\/jpeg"}],"twitter_card":"summary_large_image","twitter_misc":{"Estimated reading time":"2 minutes"},"schema":{"@context":"https:\/\/schema.org","@graph":[{"@type":"WebPage","@id":"https:\/\/cornelliastudio.pl\/produkt\/2664\/","url":"https:\/\/cornelliastudio.pl\/produkt\/2664\/","name":"Srebrna bransoletka 925 z malachitem i zawieszk\u0105 kwiatka \u2013 delikatna, handmade - Cornellia Studio","isPartOf":{"@id":"https:\/\/cornelliastudio.pl\/#website"},"primaryImageOfPage":{"@id":"https:\/\/cornelliastudio.pl\/produkt\/2664\/#primaryimage"},"image":{"@id":"https:\/\/cornelliastudio.pl\/produkt\/2664\/#primaryimage"},"thumbnailUrl":"https:\/\/cornelliastudio.pl\/wp-content\/uploads\/2025\/12\/20250625_085323.jpg","datePublished":"2025-12-05T14:27:46+00:00","dateModified":"2025-12-16T14:08:52+00:00","breadcrumb":{"@id":"https:\/\/cornelliastudio.pl\/produkt\/2664\/#breadcrumb"},"inLanguage":"en-GB","potentialAction":[{"@type":"ReadAction","target":["https:\/\/cornelliastudio.pl\/produkt\/2664\/"]}]},{"@type":"ImageObject","inLanguage":"en-GB","@id":"https:\/\/cornelliastudio.pl\/produkt\/2664\/#primaryimage","url":"https:\/\/cornelliastudio.pl\/wp-content\/uploads\/2025\/12\/20250625_085323.jpg","contentUrl":"https:\/\/cornelliastudio.pl\/wp-content\/uploads\/2025\/12\/20250625_085323.jpg","width":2517,"height":2314},{"@type":"BreadcrumbList","@id":"https:\/\/cornelliastudio.pl\/produkt\/2664\/#breadcrumb","itemListElement":[{"@type":"ListItem","position":1,"name":"Strona g\u0142\u00f3wna","item":"https:\/\/cornelliastudio.pl\/"},{"@type":"ListItem","position":2,"name":"Sklep","item":"https:\/\/cornelliastudio.pl\/sklep\/"},{"@type":"ListItem","position":3,"name":"Srebrna bransoletka 925 z malachitem i zawieszk\u0105 kwiatka \u2013 delikatna, handmade"}]},{"@type":"WebSite","@id":"https:\/\/cornelliastudio.pl\/#website","url":"https:\/\/cornelliastudio.pl\/","name":"Cornellia Studio","description":"Bi\u017cuteria artystyczna, hand made","publisher":{"@id":"https:\/\/cornelliastudio.pl\/#organization"},"potentialAction":[{"@type":"SearchAction","target":{"@type":"EntryPoint","urlTemplate":"https:\/\/cornelliastudio.pl\/?s={search_term_string}"},"query-input":{"@type":"PropertyValueSpecification","valueRequired":true,"valueName":"search_term_string"}}],"inLanguage":"en-GB"},{"@type":"Organization","@id":"https:\/\/cornelliastudio.pl\/#organization","name":"Cornellia Studio","url":"https:\/\/cornelliastudio.pl\/","logo":{"@type":"ImageObject","inLanguage":"en-GB","@id":"https:\/\/cornelliastudio.pl\/#\/schema\/logo\/image\/","url":"https:\/\/cornelliastudio.pl\/wp-content\/uploads\/2025\/10\/Cornellia-Studio-logo.png","contentUrl":"https:\/\/cornelliastudio.pl\/wp-content\/uploads\/2025\/10\/Cornellia-Studio-logo.png","width":1563,"height":1563,"caption":"Cornellia Studio"},"image":{"@id":"https:\/\/cornelliastudio.pl\/#\/schema\/logo\/image\/"}}]}},"uagb_featured_image_src":{"full":["https:\/\/cornelliastudio.pl\/wp-content\/uploads\/2025\/12\/20250625_085323.jpg",2517,2314,false],"thumbnail":["https:\/\/cornelliastudio.pl\/wp-content\/uploads\/2025\/12\/20250625_085323-150x150.jpg",150,150,true],"medium":["https:\/\/cornelliastudio.pl\/wp-content\/uploads\/2025\/12\/20250625_085323-300x276.jpg",300,276,true],"medium_large":["https:\/\/cornelliastudio.pl\/wp-content\/uploads\/2025\/12\/20250625_085323-768x706.jpg",768,706,true],"large":["https:\/\/cornelliastudio.pl\/wp-content\/uploads\/2025\/12\/20250625_085323-1024x941.jpg",1024,941,true],"1536x1536":["https:\/\/cornelliastudio.pl\/wp-content\/uploads\/2025\/12\/20250625_085323-1536x1412.jpg",1536,1412,true],"2048x2048":["https:\/\/cornelliastudio.pl\/wp-content\/uploads\/2025\/12\/20250625_085323-2048x1883.jpg",2048,1883,true],"trp-custom-language-flag":["https:\/\/cornelliastudio.pl\/wp-content\/uploads\/2025\/12\/20250625_085323.jpg",13,12,false],"woocommerce_thumbnail":["https:\/\/cornelliastudio.pl\/wp-content\/uploads\/2025\/12\/20250625_085323-300x300.jpg",300,300,true],"woocommerce_single":["https:\/\/cornelliastudio.pl\/wp-content\/uploads\/2025\/12\/20250625_085323-600x552.jpg",600,552,true],"woocommerce_gallery_thumbnail":["https:\/\/cornelliastudio.pl\/wp-content\/uploads\/2025\/12\/20250625_085323-100x100.jpg",100,100,true]},"uagb_author_info":{"display_name":"Cornellia Studio","author_link":"https:\/\/cornelliastudio.pl\/en\/author\/"},"uagb_comment_info":0,"uagb_excerpt":"Modny dodatek na co dzie\u0144 Delikatna srebrna bransoletka 925 z naturalnym malachitem (8 mm). Intensywna ziele\u0144 kamieni i subtelny \u0142a\u0144cuszek tworz\u0105 eleganck\u0105, kobiec\u0105 kompozycj\u0119. D\u0142ugo\u015b\u0107 19 cm plus 1 cm regulacji.","_links":{"self":[{"href":"https:\/\/cornelliastudio.pl\/en\/wp-json\/wp\/v2\/product\/2664","targetHints":{"allow":["GET"]}}],"collection":[{"href":"https:\/\/cornelliastudio.pl\/en\/wp-json\/wp\/v2\/product"}],"about":[{"href":"https:\/\/cornelliastudio.pl\/en\/wp-json\/wp\/v2\/types\/product"}],"replies":[{"embeddable":true,"href":"https:\/\/cornelliastudio.pl\/en\/wp-json\/wp\/v2\/comments?post=2664"}],"wp:featuredmedia":[{"embeddable":true,"href":"https:\/\/cornelliastudio.pl\/en\/wp-json\/wp\/v2\/media\/2653"}],"wp:attachment":[{"href":"https:\/\/cornelliastudio.pl\/en\/wp-json\/wp\/v2\/media?parent=2664"}],"wp:term":[{"taxonomy":"product_brand","embeddable":true,"href":"https:\/\/cornelliastudio.pl\/en\/wp-json\/wp\/v2\/product_brand?post=2664"},{"taxonomy":"product_cat","embeddable":true,"href":"https:\/\/cornelliastudio.pl\/en\/wp-json\/wp\/v2\/product_cat?post=2664"},{"taxonomy":"product_tag","embeddable":true,"href":"https:\/\/cornelliastudio.pl\/en\/wp-json\/wp\/v2\/product_tag?post=2664"}],"curies":[{"name":"wp","href":"https:\/\/api.w.org\/{rel}","templated":true}]}}