{"id":2658,"date":"2025-12-05T15:17:22","date_gmt":"2025-12-05T14:17:22","guid":{"rendered":"https:\/\/cornelliastudio.pl\/?post_type=product&#038;p=2658"},"modified":"2025-12-16T13:47:05","modified_gmt":"2025-12-16T12:47:05","slug":"srebrna-bransoletka-925-z-naturalnym-onyksu","status":"publish","type":"product","link":"https:\/\/cornelliastudio.pl\/en\/product\/srebrna-bransoletka-925-z-naturalnym-onyksu\/","title":{"rendered":"925 sterling silver bracelet with natural onyx"},"content":{"rendered":"<h2 data-start=\"79\" data-end=\"189\"><strong data-start=\"81\" data-end=\"189\">925 sterling silver onyx bracelet \u2013 classic and elegant.<\/strong><\/h2>\n<h3 data-start=\"191\" data-end=\"211\"><strong data-start=\"195\" data-end=\"211\">\u00a0<\/strong><\/h3>\n<p data-start=\"212\" data-end=\"467\">Classic and timeless, this natural onyx bracelet combines elegance, minimalism, and refined simplicity. Smooth, deep black onyx beads (8 mm) form a harmonious line, complemented by silver elements crafted from 925 sterling silver.<\/p>\n<p data-start=\"469\" data-end=\"704\">Its unique character is enhanced by <strong data-start=\"503\" data-end=\"527\">toggle clasp<\/strong> -stylish, comfortable, and exceptionally eye-catching. The bracelet sits beautifully on the wrist, and its classic form makes it suitable for any style, from everyday wear to evening looks.<\/p>\n<p data-start=\"706\" data-end=\"807\">This is jewelry for women who love simplicity with a touch of luxury \u2014 elegant, strong, and always in style.<\/p>\n<hr data-start=\"809\" data-end=\"812\" \/>\n<h2 data-start=\"814\" data-end=\"837\"><strong data-start=\"816\" data-end=\"837\">\u00a0Why it\u2019s worth it<\/strong><\/h2>\n<ul data-start=\"838\" data-end=\"1260\">\n<li data-start=\"838\" data-end=\"917\">\n<p data-start=\"840\" data-end=\"917\"><strong data-start=\"840\" data-end=\"859\">Natural onyx<\/strong> \u2013 deep black, a symbol of strength, courage, and self-confidence<\/p>\n<\/li>\n<li data-start=\"918\" data-end=\"975\">\n<p data-start=\"920\" data-end=\"975\"><strong data-start=\"920\" data-end=\"934\">925 sterling silver<\/strong> - durable, noble, and hypoallergenic<\/p>\n<\/li>\n<li data-start=\"976\" data-end=\"1041\">\n<p data-start=\"978\" data-end=\"1041\"><strong data-start=\"978\" data-end=\"1002\">Timeless classic<\/strong> \u2013 the perfect base for any outfit<\/p>\n<\/li>\n<li data-start=\"1042\" data-end=\"1109\">\n<p data-start=\"1044\" data-end=\"1109\"><strong data-start=\"1044\" data-end=\"1063\">Toggle clasp<\/strong> \u2013 easy to use, beautiful, and jewelry-like<\/p>\n<\/li>\n<li data-start=\"1110\" data-end=\"1187\">\n<p data-start=\"1112\" data-end=\"1187\"><strong data-start=\"1112\" data-end=\"1128\">Handcrafted<\/strong> \u2013 each piece is crafted in my own jewelry studio.<\/p>\n<\/li>\n<li data-start=\"1188\" data-end=\"1260\">\n<p data-start=\"1190\" data-end=\"1260\"><strong data-start=\"1190\" data-end=\"1213\">Universal gift<\/strong> \u2013 elegant, minimalist, and always a perfect choice<\/p>\n<\/li>\n<\/ul>\n<hr data-start=\"1262\" data-end=\"1265\" \/>\n<h2 data-start=\"1267\" data-end=\"1288\"><strong data-start=\"1269\" data-end=\"1288\">\u00a0Details<\/strong><\/h2>\n<ul data-start=\"1289\" data-end=\"1536\">\n<li data-start=\"1289\" data-end=\"1323\">\n<p data-start=\"1291\" data-end=\"1323\"><strong data-start=\"1291\" data-end=\"1304\">Material:<\/strong> Sterling silver 925<\/p>\n<\/li>\n<li data-start=\"1324\" data-end=\"1355\">\n<p data-start=\"1326\" data-end=\"1355\"><strong data-start=\"1326\" data-end=\"1337\">Stone:<\/strong> natural onyx<\/p>\n<\/li>\n<li data-start=\"1356\" data-end=\"1386\">\n<p data-start=\"1358\" data-end=\"1386\"><strong data-start=\"1358\" data-end=\"1379\">Stone size \/ Diameter:<\/strong> 8 mm<\/p>\n<\/li>\n<li data-start=\"1387\" data-end=\"1421\">\n<p data-start=\"1389\" data-end=\"1421\"><strong data-start=\"1389\" data-end=\"1413\">Bracelet length:<\/strong> 19 cm<\/p>\n<\/li>\n<li data-start=\"1422\" data-end=\"1458\">\n<p data-start=\"1424\" data-end=\"1458\"><strong data-start=\"1424\" data-end=\"1437\">Closure:<\/strong> srebrne <strong data-start=\"1446\" data-end=\"1456\">toggle<\/strong><\/p>\n<\/li>\n<li data-start=\"1459\" data-end=\"1510\">\n<p data-start=\"1461\" data-end=\"1510\"><strong data-start=\"1461\" data-end=\"1470\">Style:<\/strong> classic, elegant, minimalist<\/p>\n<\/li>\n<\/ul>","protected":false},"excerpt":{"rendered":"<h2 data-start=\"63\" data-end=\"136\"><strong data-start=\"67\" data-end=\"136\">925 sterling silver bracelet with natural onyx \u2013 classic elegance.<\/strong><\/h2>\n<p data-start=\"138\" data-end=\"382\" data-is-last-node=\"\" data-is-only-node=\"\">Gently shimmering 925 sterling silver and the deep black of onyx (8 mm) create a timeless, elegant bracelet measuring 19 cm. Finished with a stylish toggle clasp and handcrafted \u2014 perfect for women who appreciate a minimalist, refined style.<\/p>","protected":false},"featured_media":2662,"comment_status":"closed","ping_status":"closed","template":"","meta":{"_uag_custom_page_level_css":"","site-sidebar-layout":"default","site-content-layout":"","ast-site-content-layout":"default","site-content-style":"boxed","site-sidebar-style":"default","ast-global-header-display":"","ast-banner-title-visibility":"","ast-main-header-display":"","ast-hfb-above-header-display":"","ast-hfb-below-header-display":"","ast-hfb-mobile-header-display":"","site-post-title":"","ast-breadcrumbs-content":"","ast-featured-img":"","footer-sml-layout":"","ast-disable-related-posts":"","theme-transparent-header-meta":"default","adv-header-id-meta":"","stick-header-meta":"","header-above-stick-meta":"","header-main-stick-meta":"","header-below-stick-meta":"","astra-migrate-meta-layouts":"set","ast-page-background-enabled":"default","ast-page-background-meta":{"desktop":{"background-color":"var(--ast-global-color-4)","background-image":"","background-repeat":"repeat","background-position":"center center","background-size":"auto","background-attachment":"scroll","background-type":"","background-media":"","overlay-type":"","overlay-color":"","overlay-opacity":"","overlay-gradient":""},"tablet":{"background-color":"","background-image":"","background-repeat":"repeat","background-position":"center center","background-size":"auto","background-attachment":"scroll","background-type":"","background-media":"","overlay-type":"","overlay-color":"","overlay-opacity":"","overlay-gradient":""},"mobile":{"background-color":"","background-image":"","background-repeat":"repeat","background-position":"center center","background-size":"auto","background-attachment":"scroll","background-type":"","background-media":"","overlay-type":"","overlay-color":"","overlay-opacity":"","overlay-gradient":""}},"ast-content-background-meta":{"desktop":{"background-color":"var(--ast-global-color-5)","background-image":"","background-repeat":"repeat","background-position":"center center","background-size":"auto","background-attachment":"scroll","background-type":"","background-media":"","overlay-type":"","overlay-color":"","overlay-opacity":"","overlay-gradient":""},"tablet":{"background-color":"var(--ast-global-color-5)","background-image":"","background-repeat":"repeat","background-position":"center center","background-size":"auto","background-attachment":"scroll","background-type":"","background-media":"","overlay-type":"","overlay-color":"","overlay-opacity":"","overlay-gradient":""},"mobile":{"background-color":"var(--ast-global-color-5)","background-image":"","background-repeat":"repeat","background-position":"center center","background-size":"auto","background-attachment":"scroll","background-type":"","background-media":"","overlay-type":"","overlay-color":"","overlay-opacity":"","overlay-gradient":""}}},"product_brand":[201],"product_cat":[30,29,31],"product_tag":[186,189,479,457,480,273,477,429,478,315,215,208,214],"class_list":{"0":"post-2658","1":"product","2":"type-product","3":"status-publish","4":"has-post-thumbnail","6":"product_brand-cornellia-studio","7":"product_cat-bestsellery","8":"product_cat-bransoletki","9":"product_cat-nowosci","10":"product_tag-bizuteria-elegancka","11":"product_tag-bizuteria-handmade","12":"product_tag-bizuteria-z-kamieni-naturalnych","13":"product_tag-bransoletka-ze-srebra-925","14":"product_tag-czarna-bransoletka","15":"product_tag-czarny-onyks","16":"product_tag-klasyczna-bransoletka","17":"product_tag-onyks-bizuteria-handmade","18":"product_tag-onyks-naturalny","19":"product_tag-prezent-urodzinowy","20":"product_tag-srebro-925","21":"product_tag-srebro-proby-925","22":"product_tag-wyjatkowy-prezent","23":"pa_dlugosc-bransoletki-15-cm","24":"pa_dlugosc-bransoletki-17-cm","25":"pa_dlugosc-bransoletki-19-cm","26":"pa_dlugosc-bransoletki-21-cm","27":"desktop-align-left","28":"tablet-align-left","29":"mobile-align-left","31":"first","32":"instock","33":"taxable","34":"shipping-taxable","35":"purchasable","36":"product-type-variable"},"yoast_head":"<!-- This site is optimized with the Yoast SEO plugin v27.4 - https:\/\/yoast.com\/product\/yoast-seo-wordpress\/ -->\n<title>Srebrna Bransoletka 925 z Naturalnym Onyksu - Cornellia Studio<\/title>\n<meta name=\"robots\" content=\"index, follow, max-snippet:-1, max-image-preview:large, max-video-preview:-1\" \/>\n<link rel=\"canonical\" href=\"https:\/\/cornelliastudio.pl\/en\/product\/srebrna-bransoletka-925-z-naturalnym-onyksu\/\" \/>\n<meta property=\"og:locale\" content=\"en_GB\" \/>\n<meta property=\"og:type\" content=\"article\" \/>\n<meta property=\"og:title\" content=\"Srebrna Bransoletka 925 z Naturalnym Onyksu - Cornellia Studio\" \/>\n<meta property=\"og:description\" content=\"Srebrna Bransoletka 925 z Naturalnym Onyksu \u2013 Klasyczna Elegancja Delikatnie po\u0142yskuj\u0105ce srebro 925 i g\u0142\u0119boka czer\u0144 onyksu (8 mm) tworz\u0105 ponadczasow\u0105, eleganck\u0105 bransoletk\u0119 o d\u0142ugo\u015bci 19 cm. Wyko\u0144czona stylowym zapi\u0119ciem toggle, wykonana r\u0119cznie \u2014 idealna dla kobiet ceni\u0105cych minimalistyczny, szlachetny styl.\" \/>\n<meta property=\"og:url\" content=\"https:\/\/cornelliastudio.pl\/en\/product\/srebrna-bransoletka-925-z-naturalnym-onyksu\/\" \/>\n<meta property=\"og:site_name\" content=\"Cornellia Studio\" \/>\n<meta property=\"article:modified_time\" content=\"2025-12-16T12:47:05+00:00\" \/>\n<meta property=\"og:image\" content=\"https:\/\/cornelliastudio.pl\/wp-content\/uploads\/2025\/12\/20250429_110951-1-scaled.jpg\" \/>\n\t<meta property=\"og:image:width\" content=\"2560\" \/>\n\t<meta property=\"og:image:height\" content=\"2560\" \/>\n\t<meta property=\"og:image:type\" content=\"image\/jpeg\" \/>\n<meta name=\"twitter:card\" content=\"summary_large_image\" \/>\n<meta name=\"twitter:label1\" content=\"Estimated reading time\" \/>\n\t<meta name=\"twitter:data1\" content=\"2 minutes\" \/>\n<script type=\"application\/ld+json\" class=\"yoast-schema-graph\">{\"@context\":\"https:\\\/\\\/schema.org\",\"@graph\":[{\"@type\":\"WebPage\",\"@id\":\"https:\\\/\\\/cornelliastudio.pl\\\/produkt\\\/srebrna-bransoletka-925-z-naturalnym-onyksu\\\/\",\"url\":\"https:\\\/\\\/cornelliastudio.pl\\\/produkt\\\/srebrna-bransoletka-925-z-naturalnym-onyksu\\\/\",\"name\":\"Srebrna Bransoletka 925 z Naturalnym Onyksu - Cornellia Studio\",\"isPartOf\":{\"@id\":\"https:\\\/\\\/cornelliastudio.pl\\\/#website\"},\"primaryImageOfPage\":{\"@id\":\"https:\\\/\\\/cornelliastudio.pl\\\/produkt\\\/srebrna-bransoletka-925-z-naturalnym-onyksu\\\/#primaryimage\"},\"image\":{\"@id\":\"https:\\\/\\\/cornelliastudio.pl\\\/produkt\\\/srebrna-bransoletka-925-z-naturalnym-onyksu\\\/#primaryimage\"},\"thumbnailUrl\":\"https:\\\/\\\/cornelliastudio.pl\\\/wp-content\\\/uploads\\\/2025\\\/12\\\/20250429_110951-1-scaled.jpg\",\"datePublished\":\"2025-12-05T14:17:22+00:00\",\"dateModified\":\"2025-12-16T12:47:05+00:00\",\"breadcrumb\":{\"@id\":\"https:\\\/\\\/cornelliastudio.pl\\\/produkt\\\/srebrna-bransoletka-925-z-naturalnym-onyksu\\\/#breadcrumb\"},\"inLanguage\":\"en-GB\",\"potentialAction\":[{\"@type\":\"ReadAction\",\"target\":[\"https:\\\/\\\/cornelliastudio.pl\\\/produkt\\\/srebrna-bransoletka-925-z-naturalnym-onyksu\\\/\"]}]},{\"@type\":\"ImageObject\",\"inLanguage\":\"en-GB\",\"@id\":\"https:\\\/\\\/cornelliastudio.pl\\\/produkt\\\/srebrna-bransoletka-925-z-naturalnym-onyksu\\\/#primaryimage\",\"url\":\"https:\\\/\\\/cornelliastudio.pl\\\/wp-content\\\/uploads\\\/2025\\\/12\\\/20250429_110951-1-scaled.jpg\",\"contentUrl\":\"https:\\\/\\\/cornelliastudio.pl\\\/wp-content\\\/uploads\\\/2025\\\/12\\\/20250429_110951-1-scaled.jpg\",\"width\":2560,\"height\":2560},{\"@type\":\"BreadcrumbList\",\"@id\":\"https:\\\/\\\/cornelliastudio.pl\\\/produkt\\\/srebrna-bransoletka-925-z-naturalnym-onyksu\\\/#breadcrumb\",\"itemListElement\":[{\"@type\":\"ListItem\",\"position\":1,\"name\":\"Strona g\u0142\u00f3wna\",\"item\":\"https:\\\/\\\/cornelliastudio.pl\\\/\"},{\"@type\":\"ListItem\",\"position\":2,\"name\":\"Sklep\",\"item\":\"https:\\\/\\\/cornelliastudio.pl\\\/sklep\\\/\"},{\"@type\":\"ListItem\",\"position\":3,\"name\":\"Srebrna Bransoletka 925 z Naturalnym Onyksu\"}]},{\"@type\":\"WebSite\",\"@id\":\"https:\\\/\\\/cornelliastudio.pl\\\/#website\",\"url\":\"https:\\\/\\\/cornelliastudio.pl\\\/\",\"name\":\"Cornellia Studio\",\"description\":\"Bi\u017cuteria artystyczna, hand made\",\"publisher\":{\"@id\":\"https:\\\/\\\/cornelliastudio.pl\\\/#organization\"},\"potentialAction\":[{\"@type\":\"SearchAction\",\"target\":{\"@type\":\"EntryPoint\",\"urlTemplate\":\"https:\\\/\\\/cornelliastudio.pl\\\/?s={search_term_string}\"},\"query-input\":{\"@type\":\"PropertyValueSpecification\",\"valueRequired\":true,\"valueName\":\"search_term_string\"}}],\"inLanguage\":\"en-GB\"},{\"@type\":\"Organization\",\"@id\":\"https:\\\/\\\/cornelliastudio.pl\\\/#organization\",\"name\":\"Cornellia Studio\",\"url\":\"https:\\\/\\\/cornelliastudio.pl\\\/\",\"logo\":{\"@type\":\"ImageObject\",\"inLanguage\":\"en-GB\",\"@id\":\"https:\\\/\\\/cornelliastudio.pl\\\/#\\\/schema\\\/logo\\\/image\\\/\",\"url\":\"https:\\\/\\\/cornelliastudio.pl\\\/wp-content\\\/uploads\\\/2025\\\/10\\\/Cornellia-Studio-logo.png\",\"contentUrl\":\"https:\\\/\\\/cornelliastudio.pl\\\/wp-content\\\/uploads\\\/2025\\\/10\\\/Cornellia-Studio-logo.png\",\"width\":1563,\"height\":1563,\"caption\":\"Cornellia Studio\"},\"image\":{\"@id\":\"https:\\\/\\\/cornelliastudio.pl\\\/#\\\/schema\\\/logo\\\/image\\\/\"}}]}<\/script>\n<!-- \/ Yoast SEO plugin. -->","yoast_head_json":{"title":"Srebrna Bransoletka 925 z Naturalnym Onyksu - Cornellia Studio","robots":{"index":"index","follow":"follow","max-snippet":"max-snippet:-1","max-image-preview":"max-image-preview:large","max-video-preview":"max-video-preview:-1"},"canonical":"https:\/\/cornelliastudio.pl\/en\/product\/srebrna-bransoletka-925-z-naturalnym-onyksu\/","og_locale":"en_GB","og_type":"article","og_title":"Srebrna Bransoletka 925 z Naturalnym Onyksu - Cornellia Studio","og_description":"Srebrna Bransoletka 925 z Naturalnym Onyksu \u2013 Klasyczna Elegancja Delikatnie po\u0142yskuj\u0105ce srebro 925 i g\u0142\u0119boka czer\u0144 onyksu (8 mm) tworz\u0105 ponadczasow\u0105, eleganck\u0105 bransoletk\u0119 o d\u0142ugo\u015bci 19 cm. Wyko\u0144czona stylowym zapi\u0119ciem toggle, wykonana r\u0119cznie \u2014 idealna dla kobiet ceni\u0105cych minimalistyczny, szlachetny styl.","og_url":"https:\/\/cornelliastudio.pl\/en\/product\/srebrna-bransoletka-925-z-naturalnym-onyksu\/","og_site_name":"Cornellia Studio","article_modified_time":"2025-12-16T12:47:05+00:00","og_image":[{"width":2560,"height":2560,"url":"https:\/\/cornelliastudio.pl\/wp-content\/uploads\/2025\/12\/20250429_110951-1-scaled.jpg","type":"image\/jpeg"}],"twitter_card":"summary_large_image","twitter_misc":{"Estimated reading time":"2 minutes"},"schema":{"@context":"https:\/\/schema.org","@graph":[{"@type":"WebPage","@id":"https:\/\/cornelliastudio.pl\/produkt\/srebrna-bransoletka-925-z-naturalnym-onyksu\/","url":"https:\/\/cornelliastudio.pl\/produkt\/srebrna-bransoletka-925-z-naturalnym-onyksu\/","name":"Srebrna Bransoletka 925 z Naturalnym Onyksu - Cornellia Studio","isPartOf":{"@id":"https:\/\/cornelliastudio.pl\/#website"},"primaryImageOfPage":{"@id":"https:\/\/cornelliastudio.pl\/produkt\/srebrna-bransoletka-925-z-naturalnym-onyksu\/#primaryimage"},"image":{"@id":"https:\/\/cornelliastudio.pl\/produkt\/srebrna-bransoletka-925-z-naturalnym-onyksu\/#primaryimage"},"thumbnailUrl":"https:\/\/cornelliastudio.pl\/wp-content\/uploads\/2025\/12\/20250429_110951-1-scaled.jpg","datePublished":"2025-12-05T14:17:22+00:00","dateModified":"2025-12-16T12:47:05+00:00","breadcrumb":{"@id":"https:\/\/cornelliastudio.pl\/produkt\/srebrna-bransoletka-925-z-naturalnym-onyksu\/#breadcrumb"},"inLanguage":"en-GB","potentialAction":[{"@type":"ReadAction","target":["https:\/\/cornelliastudio.pl\/produkt\/srebrna-bransoletka-925-z-naturalnym-onyksu\/"]}]},{"@type":"ImageObject","inLanguage":"en-GB","@id":"https:\/\/cornelliastudio.pl\/produkt\/srebrna-bransoletka-925-z-naturalnym-onyksu\/#primaryimage","url":"https:\/\/cornelliastudio.pl\/wp-content\/uploads\/2025\/12\/20250429_110951-1-scaled.jpg","contentUrl":"https:\/\/cornelliastudio.pl\/wp-content\/uploads\/2025\/12\/20250429_110951-1-scaled.jpg","width":2560,"height":2560},{"@type":"BreadcrumbList","@id":"https:\/\/cornelliastudio.pl\/produkt\/srebrna-bransoletka-925-z-naturalnym-onyksu\/#breadcrumb","itemListElement":[{"@type":"ListItem","position":1,"name":"Strona g\u0142\u00f3wna","item":"https:\/\/cornelliastudio.pl\/"},{"@type":"ListItem","position":2,"name":"Sklep","item":"https:\/\/cornelliastudio.pl\/sklep\/"},{"@type":"ListItem","position":3,"name":"Srebrna Bransoletka 925 z Naturalnym Onyksu"}]},{"@type":"WebSite","@id":"https:\/\/cornelliastudio.pl\/#website","url":"https:\/\/cornelliastudio.pl\/","name":"Cornellia Studio","description":"Bi\u017cuteria artystyczna, hand made","publisher":{"@id":"https:\/\/cornelliastudio.pl\/#organization"},"potentialAction":[{"@type":"SearchAction","target":{"@type":"EntryPoint","urlTemplate":"https:\/\/cornelliastudio.pl\/?s={search_term_string}"},"query-input":{"@type":"PropertyValueSpecification","valueRequired":true,"valueName":"search_term_string"}}],"inLanguage":"en-GB"},{"@type":"Organization","@id":"https:\/\/cornelliastudio.pl\/#organization","name":"Cornellia Studio","url":"https:\/\/cornelliastudio.pl\/","logo":{"@type":"ImageObject","inLanguage":"en-GB","@id":"https:\/\/cornelliastudio.pl\/#\/schema\/logo\/image\/","url":"https:\/\/cornelliastudio.pl\/wp-content\/uploads\/2025\/10\/Cornellia-Studio-logo.png","contentUrl":"https:\/\/cornelliastudio.pl\/wp-content\/uploads\/2025\/10\/Cornellia-Studio-logo.png","width":1563,"height":1563,"caption":"Cornellia Studio"},"image":{"@id":"https:\/\/cornelliastudio.pl\/#\/schema\/logo\/image\/"}}]}},"uagb_featured_image_src":{"full":["https:\/\/cornelliastudio.pl\/wp-content\/uploads\/2025\/12\/20250429_110951-1-scaled.jpg",2560,2560,false],"thumbnail":["https:\/\/cornelliastudio.pl\/wp-content\/uploads\/2025\/12\/20250429_110951-1-150x150.jpg",150,150,true],"medium":["https:\/\/cornelliastudio.pl\/wp-content\/uploads\/2025\/12\/20250429_110951-1-300x300.jpg",300,300,true],"medium_large":["https:\/\/cornelliastudio.pl\/wp-content\/uploads\/2025\/12\/20250429_110951-1-768x768.jpg",768,768,true],"large":["https:\/\/cornelliastudio.pl\/wp-content\/uploads\/2025\/12\/20250429_110951-1-1024x1024.jpg",1024,1024,true],"1536x1536":["https:\/\/cornelliastudio.pl\/wp-content\/uploads\/2025\/12\/20250429_110951-1-1536x1536.jpg",1536,1536,true],"2048x2048":["https:\/\/cornelliastudio.pl\/wp-content\/uploads\/2025\/12\/20250429_110951-1-2048x2048.jpg",2048,2048,true],"trp-custom-language-flag":["https:\/\/cornelliastudio.pl\/wp-content\/uploads\/2025\/12\/20250429_110951-1-scaled.jpg",12,12,false],"woocommerce_thumbnail":["https:\/\/cornelliastudio.pl\/wp-content\/uploads\/2025\/12\/20250429_110951-1-300x300.jpg",300,300,true],"woocommerce_single":["https:\/\/cornelliastudio.pl\/wp-content\/uploads\/2025\/12\/20250429_110951-1-600x600.jpg",600,600,true],"woocommerce_gallery_thumbnail":["https:\/\/cornelliastudio.pl\/wp-content\/uploads\/2025\/12\/20250429_110951-1-100x100.jpg",100,100,true]},"uagb_author_info":{"display_name":"Cornellia Studio","author_link":"https:\/\/cornelliastudio.pl\/en\/author\/"},"uagb_comment_info":0,"uagb_excerpt":"Srebrna Bransoletka 925 z Naturalnym Onyksu \u2013 Klasyczna Elegancja Delikatnie po\u0142yskuj\u0105ce srebro 925 i g\u0142\u0119boka czer\u0144 onyksu (8 mm) tworz\u0105 ponadczasow\u0105, eleganck\u0105 bransoletk\u0119 o d\u0142ugo\u015bci 19 cm. Wyko\u0144czona stylowym zapi\u0119ciem toggle, wykonana r\u0119cznie \u2014 idealna dla kobiet ceni\u0105cych minimalistyczny, szlachetny styl.","_links":{"self":[{"href":"https:\/\/cornelliastudio.pl\/en\/wp-json\/wp\/v2\/product\/2658","targetHints":{"allow":["GET"]}}],"collection":[{"href":"https:\/\/cornelliastudio.pl\/en\/wp-json\/wp\/v2\/product"}],"about":[{"href":"https:\/\/cornelliastudio.pl\/en\/wp-json\/wp\/v2\/types\/product"}],"replies":[{"embeddable":true,"href":"https:\/\/cornelliastudio.pl\/en\/wp-json\/wp\/v2\/comments?post=2658"}],"wp:featuredmedia":[{"embeddable":true,"href":"https:\/\/cornelliastudio.pl\/en\/wp-json\/wp\/v2\/media\/2662"}],"wp:attachment":[{"href":"https:\/\/cornelliastudio.pl\/en\/wp-json\/wp\/v2\/media?parent=2658"}],"wp:term":[{"taxonomy":"product_brand","embeddable":true,"href":"https:\/\/cornelliastudio.pl\/en\/wp-json\/wp\/v2\/product_brand?post=2658"},{"taxonomy":"product_cat","embeddable":true,"href":"https:\/\/cornelliastudio.pl\/en\/wp-json\/wp\/v2\/product_cat?post=2658"},{"taxonomy":"product_tag","embeddable":true,"href":"https:\/\/cornelliastudio.pl\/en\/wp-json\/wp\/v2\/product_tag?post=2658"}],"curies":[{"name":"wp","href":"https:\/\/api.w.org\/{rel}","templated":true}]}}