{"id":2649,"date":"2025-12-05T12:57:04","date_gmt":"2025-12-05T11:57:04","guid":{"rendered":"https:\/\/cornelliastudio.pl\/?post_type=product&#038;p=2649"},"modified":"2025-12-16T13:41:28","modified_gmt":"2025-12-16T12:41:28","slug":"925-srebrna-bransoletka-z-lapisem-lazuli","status":"publish","type":"product","link":"https:\/\/cornelliastudio.pl\/en\/product\/925-srebrna-bransoletka-z-lapisem-lazuli\/","title":{"rendered":"925 sterling silver bracelet with Lapis Lazuli"},"content":{"rendered":"<h2 data-start=\"172\" data-end=\"284\"><strong data-start=\"174\" data-end=\"284\">Sterling Silver 925 Bracelet with Natural Lapis Lazuli \u2014 Handcrafted Artistic Jewelry (19 cm, 8 mm)<\/strong><\/h2>\n<h3 data-start=\"286\" data-end=\"306\"><strong data-start=\"290\" data-end=\"306\">\u00a0Details<\/strong><\/h3>\n<p data-start=\"307\" data-end=\"706\">This bracelet is a unique combination of noble sterling silver and natural Lapis Lazuli \u2014 a gemstone with a deep, royal blue hue that has symbolized wisdom, strength, and inner harmony for thousands of years.<br data-start=\"506\" data-end=\"509\" \/>Each 8 mm stone is hand-set in sterling silver 925 components, and the entire piece is brought together with carefully crafted, <strong data-start=\"621\" data-end=\"660\">double links of a sterling silver chain<\/strong>creating a subtle yet expressive composition.<\/p>\n<p data-start=\"708\" data-end=\"886\">The bracelet drapes softly around the wrist with elegance and character. It is jewelry that stands out through its artistic style while remaining classic and timeless.<\/p>\n<p data-start=\"888\" data-end=\"1120\">Perfect for both minimalist outfits and more elegant looks \u2014 it adds sophistication without excessive ostentation.<br data-start=\"1010\" data-end=\"1013\" \/>Each element is handcrafted in a jewelry studio, ensuring quality, durability, and uniqueness.<\/p>\n<hr data-start=\"1122\" data-end=\"1125\" \/>\n<h2 data-start=\"1127\" data-end=\"1172\"><strong data-start=\"1129\" data-end=\"1172\">\u00a0Dlaczego warto wybra\u0107 t\u0119 bransoletk\u0119<\/strong><\/h2>\n<ul data-start=\"1173\" data-end=\"1825\">\n<li data-start=\"1173\" data-end=\"1272\">\n<p data-start=\"1175\" data-end=\"1272\"><strong data-start=\"1175\" data-end=\"1197\">Natural gemstones<\/strong> - Lapis Lazuli with an intense deep blue color and natural golden inclusions, undyed.<\/p>\n<\/li>\n<li data-start=\"1273\" data-end=\"1329\">\n<p data-start=\"1275\" data-end=\"1329\"><strong data-start=\"1275\" data-end=\"1289\">925 sterling silver<\/strong> -durable, noble, hypoallergenic.<\/p>\n<\/li>\n<li data-start=\"1330\" data-end=\"1442\">\n<p data-start=\"1332\" data-end=\"1442\"><strong data-start=\"1332\" data-end=\"1352\">Handmade \/ Handcrafted<\/strong> - every element, including the chain, links, and stone setting, is crafted in the studio rather than mass-produced.<\/p>\n<\/li>\n<li data-start=\"1443\" data-end=\"1523\">\n<p data-start=\"1445\" data-end=\"1523\"><strong data-start=\"1445\" data-end=\"1470\">Universal elegance<\/strong> - suitable for both everyday and evening outfits.<\/p>\n<\/li>\n<li data-start=\"1524\" data-end=\"1628\">\n<p data-start=\"1526\" data-end=\"1628\"><strong data-start=\"1526\" data-end=\"1550\">Timeless gift<\/strong> - ideal for those who appreciate natural gemstones, minimalism, and handmade craftsmanship.<\/p>\n<\/li>\n<li data-start=\"1629\" data-end=\"1718\">\n<p data-start=\"1631\" data-end=\"1718\"><strong data-start=\"1631\" data-end=\"1668\">Secure lobster clasp<\/strong> -secure, durable, and comfortable to wear.<\/p>\n<\/li>\n<li data-start=\"1719\" data-end=\"1825\">\n<p data-start=\"1721\" data-end=\"1825\"><strong data-start=\"1721\" data-end=\"1744\">Unique character<\/strong> -no two pieces are the same, as each stone has its own individual structure.<\/p>\n<\/li>\n<\/ul>\n<hr data-start=\"1827\" data-end=\"1830\" \/>\n<h2 data-start=\"1832\" data-end=\"1853\"><strong data-start=\"1834\" data-end=\"1853\"><strong style=\"font-size: 27.2px;font-style: normal\" data-start=\"1834\" data-end=\"1853\">\u00a0Details<\/strong><\/strong><\/h2>\n<ul data-start=\"1854\" data-end=\"2208\">\n<li data-start=\"1854\" data-end=\"1888\">\n<p data-start=\"1856\" data-end=\"1888\"><strong data-start=\"1856\" data-end=\"1869\">Material:<\/strong> Sterling silver 925<\/p>\n<\/li>\n<li data-start=\"1889\" data-end=\"1927\">\n<p data-start=\"1891\" data-end=\"1927\"><strong data-start=\"1891\" data-end=\"1902\">Stone:<\/strong> Natural Lapis Lazuli<\/p>\n<\/li>\n<li data-start=\"1928\" data-end=\"1966\">\n<p data-start=\"1930\" data-end=\"1966\"><strong data-start=\"1930\" data-end=\"1951\">Stone size \/ Diameter:<\/strong> approx. <strong data-start=\"1956\" data-end=\"1964\">8 mm<\/strong><\/p>\n<\/li>\n<li data-start=\"1967\" data-end=\"2005\">\n<p data-start=\"1969\" data-end=\"2005\"><strong data-start=\"1969\" data-end=\"1993\">Bracelet length:<\/strong> <strong data-start=\"1994\" data-end=\"2003\">19 cm<\/strong><\/p>\n<\/li>\n<li data-start=\"2006\" data-end=\"2067\">\n<p data-start=\"2008\" data-end=\"2067\"><strong data-start=\"2008\" data-end=\"2029\">Chain type:<\/strong> Double, hand-crafted links<\/p>\n<\/li>\n<li data-start=\"2068\" data-end=\"2113\">\n<p data-start=\"2070\" data-end=\"2113\"><strong data-start=\"2070\" data-end=\"2083\">Closure:<\/strong> silver <strong data-start=\"2092\" data-end=\"2107\">Lobster clasp<\/strong> 925<\/p>\n<\/li>\n<li data-start=\"2114\" data-end=\"2167\">\n<p data-start=\"2116\" data-end=\"2167\"><strong data-start=\"2116\" data-end=\"2125\">Style:<\/strong> minimalist, artistic<\/p>\n<\/li>\n<li data-start=\"2168\" data-end=\"2208\">\n<p data-start=\"2170\" data-end=\"2208\"><strong data-start=\"2170\" data-end=\"2186\">Finish:<\/strong> handcrafted<\/p>\n<\/li>\n<\/ul>","protected":false},"excerpt":{"rendered":"<h2 data-start=\"192\" data-end=\"503\">925 sterling silver bracelet with Lapis Lazuli<\/h2>\n<p data-start=\"192\" data-end=\"503\">A bracelet crafted from noble sterling silver 925 and deep, royal Lapis Lazuli. Hand-formed links and double chains create a bold, artistic composition that blends the lightness of silver with the strength of a natural gemstone. Jewelry for women who value authenticity, character, and beauty captured in the details.<\/p>","protected":false},"featured_media":2655,"comment_status":"closed","ping_status":"closed","template":"","meta":{"_uag_custom_page_level_css":"","site-sidebar-layout":"default","site-content-layout":"","ast-site-content-layout":"default","site-content-style":"default","site-sidebar-style":"default","ast-global-header-display":"","ast-banner-title-visibility":"","ast-main-header-display":"","ast-hfb-above-header-display":"","ast-hfb-below-header-display":"","ast-hfb-mobile-header-display":"","site-post-title":"","ast-breadcrumbs-content":"","ast-featured-img":"","footer-sml-layout":"","ast-disable-related-posts":"","theme-transparent-header-meta":"default","adv-header-id-meta":"","stick-header-meta":"","header-above-stick-meta":"","header-main-stick-meta":"","header-below-stick-meta":"","astra-migrate-meta-layouts":"set","ast-page-background-enabled":"default","ast-page-background-meta":{"desktop":{"background-color":"var(--ast-global-color-4)","background-image":"","background-repeat":"repeat","background-position":"center center","background-size":"auto","background-attachment":"scroll","background-type":"","background-media":"","overlay-type":"","overlay-color":"","overlay-opacity":"","overlay-gradient":""},"tablet":{"background-color":"","background-image":"","background-repeat":"repeat","background-position":"center center","background-size":"auto","background-attachment":"scroll","background-type":"","background-media":"","overlay-type":"","overlay-color":"","overlay-opacity":"","overlay-gradient":""},"mobile":{"background-color":"","background-image":"","background-repeat":"repeat","background-position":"center center","background-size":"auto","background-attachment":"scroll","background-type":"","background-media":"","overlay-type":"","overlay-color":"","overlay-opacity":"","overlay-gradient":""}},"ast-content-background-meta":{"desktop":{"background-color":"var(--ast-global-color-5)","background-image":"","background-repeat":"repeat","background-position":"center center","background-size":"auto","background-attachment":"scroll","background-type":"","background-media":"","overlay-type":"","overlay-color":"","overlay-opacity":"","overlay-gradient":""},"tablet":{"background-color":"var(--ast-global-color-5)","background-image":"","background-repeat":"repeat","background-position":"center center","background-size":"auto","background-attachment":"scroll","background-type":"","background-media":"","overlay-type":"","overlay-color":"","overlay-opacity":"","overlay-gradient":""},"mobile":{"background-color":"var(--ast-global-color-5)","background-image":"","background-repeat":"repeat","background-position":"center center","background-size":"auto","background-attachment":"scroll","background-type":"","background-media":"","overlay-type":"","overlay-color":"","overlay-opacity":"","overlay-gradient":""}}},"product_brand":[201],"product_cat":[30,29,31],"product_tag":[475,297,227,300,325,260,165,187,315,476,215,214],"class_list":{"0":"post-2649","1":"product","2":"type-product","3":"status-publish","4":"has-post-thumbnail","6":"product_brand-cornellia-studio","7":"product_cat-bestsellery","8":"product_cat-bransoletki","9":"product_cat-nowosci","10":"product_tag-475","11":"product_tag-bizuteria-srebrna","12":"product_tag-bransoletka-z-lapis-lazuli","13":"product_tag-elegancka-bizuteria","14":"product_tag-klasyczna-bizuteria","15":"product_tag-lapis-lazuli","16":"product_tag-lapis_lazuli_jevelry","17":"product_tag-prezent-dla-niej","18":"product_tag-prezent-urodzinowy","19":"product_tag-srebna-brasnoletka","20":"product_tag-srebro-925","21":"product_tag-wyjatkowy-prezent","22":"pa_dlugosc-bransoletki-242","23":"pa_dlugosc-bransoletki-243","24":"pa_dlugosc-bransoletki-15-cm","25":"pa_dlugosc-bransoletki-15cm","26":"pa_dlugosc-bransoletki-244","27":"pa_dlugosc-bransoletki-17-cm","28":"pa_dlugosc-bransoletki-245","29":"pa_dlugosc-bransoletki-19-cm","30":"pa_dlugosc-bransoletki-246","31":"pa_dlugosc-bransoletki-21-cm","32":"pa_dlugosc-bransoletki-22-cm","33":"pa_dlugosc-bransoletki-23-cm","34":"pa_dlugosc-bransoletki-cena","35":"pa_dlugosc-bransoletki-ceny","36":"desktop-align-left","37":"tablet-align-left","38":"mobile-align-left","40":"first","41":"instock","42":"taxable","43":"shipping-taxable","44":"purchasable","45":"product-type-variable"},"yoast_head":"<!-- This site is optimized with the Yoast SEO plugin v27.4 - https:\/\/yoast.com\/product\/yoast-seo-wordpress\/ -->\n<title>925 srebrna bransoletka z Lapisem Lazuli - Cornellia Studio<\/title>\n<meta name=\"robots\" content=\"index, follow, max-snippet:-1, max-image-preview:large, max-video-preview:-1\" \/>\n<link rel=\"canonical\" href=\"https:\/\/cornelliastudio.pl\/en\/product\/925-srebrna-bransoletka-z-lapisem-lazuli\/\" \/>\n<meta property=\"og:locale\" content=\"en_GB\" \/>\n<meta property=\"og:type\" content=\"article\" \/>\n<meta property=\"og:title\" content=\"925 srebrna bransoletka z Lapisem Lazuli - Cornellia Studio\" \/>\n<meta property=\"og:description\" content=\"925 srebrna bransoletka z Lapisem Lazuli Bransoletka ze szlachetnego Srebra 925 i g\u0142\u0119bokiego, kr\u00f3lewskiego Lapis Lazuli. R\u0119cznie formowane ogniwa i podw\u00f3jne \u0142a\u0144cuszki tworz\u0105 wyrazist\u0105, artystyczn\u0105 kompozycj\u0119, kt\u00f3ra \u0142\u0105czy lekko\u015b\u0107 srebra z moc\u0105 naturalnego kamienia. Bi\u017cuteria dla kobiet, kt\u00f3re ceni\u0105 autentyczno\u015b\u0107, charakter i pi\u0119kno zakl\u0119te w detalach.\" \/>\n<meta property=\"og:url\" content=\"https:\/\/cornelliastudio.pl\/en\/product\/925-srebrna-bransoletka-z-lapisem-lazuli\/\" \/>\n<meta property=\"og:site_name\" content=\"Cornellia Studio\" \/>\n<meta property=\"article:modified_time\" content=\"2025-12-16T12:41:28+00:00\" \/>\n<meta property=\"og:image\" content=\"https:\/\/cornelliastudio.pl\/wp-content\/uploads\/2025\/12\/20250428_170116-scaled.jpg\" \/>\n\t<meta property=\"og:image:width\" content=\"2560\" \/>\n\t<meta property=\"og:image:height\" content=\"2176\" \/>\n\t<meta property=\"og:image:type\" content=\"image\/jpeg\" \/>\n<meta name=\"twitter:card\" content=\"summary_large_image\" \/>\n<meta name=\"twitter:label1\" content=\"Estimated reading time\" \/>\n\t<meta name=\"twitter:data1\" content=\"2 minutes\" \/>\n<script type=\"application\/ld+json\" class=\"yoast-schema-graph\">{\"@context\":\"https:\\\/\\\/schema.org\",\"@graph\":[{\"@type\":\"WebPage\",\"@id\":\"https:\\\/\\\/cornelliastudio.pl\\\/produkt\\\/925-srebrna-bransoletka-z-lapisem-lazuli\\\/\",\"url\":\"https:\\\/\\\/cornelliastudio.pl\\\/produkt\\\/925-srebrna-bransoletka-z-lapisem-lazuli\\\/\",\"name\":\"925 srebrna bransoletka z Lapisem Lazuli - Cornellia Studio\",\"isPartOf\":{\"@id\":\"https:\\\/\\\/cornelliastudio.pl\\\/#website\"},\"primaryImageOfPage\":{\"@id\":\"https:\\\/\\\/cornelliastudio.pl\\\/produkt\\\/925-srebrna-bransoletka-z-lapisem-lazuli\\\/#primaryimage\"},\"image\":{\"@id\":\"https:\\\/\\\/cornelliastudio.pl\\\/produkt\\\/925-srebrna-bransoletka-z-lapisem-lazuli\\\/#primaryimage\"},\"thumbnailUrl\":\"https:\\\/\\\/cornelliastudio.pl\\\/wp-content\\\/uploads\\\/2025\\\/12\\\/20250428_170116-scaled.jpg\",\"datePublished\":\"2025-12-05T11:57:04+00:00\",\"dateModified\":\"2025-12-16T12:41:28+00:00\",\"breadcrumb\":{\"@id\":\"https:\\\/\\\/cornelliastudio.pl\\\/produkt\\\/925-srebrna-bransoletka-z-lapisem-lazuli\\\/#breadcrumb\"},\"inLanguage\":\"en-GB\",\"potentialAction\":[{\"@type\":\"ReadAction\",\"target\":[\"https:\\\/\\\/cornelliastudio.pl\\\/produkt\\\/925-srebrna-bransoletka-z-lapisem-lazuli\\\/\"]}]},{\"@type\":\"ImageObject\",\"inLanguage\":\"en-GB\",\"@id\":\"https:\\\/\\\/cornelliastudio.pl\\\/produkt\\\/925-srebrna-bransoletka-z-lapisem-lazuli\\\/#primaryimage\",\"url\":\"https:\\\/\\\/cornelliastudio.pl\\\/wp-content\\\/uploads\\\/2025\\\/12\\\/20250428_170116-scaled.jpg\",\"contentUrl\":\"https:\\\/\\\/cornelliastudio.pl\\\/wp-content\\\/uploads\\\/2025\\\/12\\\/20250428_170116-scaled.jpg\",\"width\":2560,\"height\":2176},{\"@type\":\"BreadcrumbList\",\"@id\":\"https:\\\/\\\/cornelliastudio.pl\\\/produkt\\\/925-srebrna-bransoletka-z-lapisem-lazuli\\\/#breadcrumb\",\"itemListElement\":[{\"@type\":\"ListItem\",\"position\":1,\"name\":\"Strona g\u0142\u00f3wna\",\"item\":\"https:\\\/\\\/cornelliastudio.pl\\\/\"},{\"@type\":\"ListItem\",\"position\":2,\"name\":\"Sklep\",\"item\":\"https:\\\/\\\/cornelliastudio.pl\\\/sklep\\\/\"},{\"@type\":\"ListItem\",\"position\":3,\"name\":\"925 srebrna bransoletka z Lapisem Lazuli\"}]},{\"@type\":\"WebSite\",\"@id\":\"https:\\\/\\\/cornelliastudio.pl\\\/#website\",\"url\":\"https:\\\/\\\/cornelliastudio.pl\\\/\",\"name\":\"Cornellia Studio\",\"description\":\"Bi\u017cuteria artystyczna, hand made\",\"publisher\":{\"@id\":\"https:\\\/\\\/cornelliastudio.pl\\\/#organization\"},\"potentialAction\":[{\"@type\":\"SearchAction\",\"target\":{\"@type\":\"EntryPoint\",\"urlTemplate\":\"https:\\\/\\\/cornelliastudio.pl\\\/?s={search_term_string}\"},\"query-input\":{\"@type\":\"PropertyValueSpecification\",\"valueRequired\":true,\"valueName\":\"search_term_string\"}}],\"inLanguage\":\"en-GB\"},{\"@type\":\"Organization\",\"@id\":\"https:\\\/\\\/cornelliastudio.pl\\\/#organization\",\"name\":\"Cornellia Studio\",\"url\":\"https:\\\/\\\/cornelliastudio.pl\\\/\",\"logo\":{\"@type\":\"ImageObject\",\"inLanguage\":\"en-GB\",\"@id\":\"https:\\\/\\\/cornelliastudio.pl\\\/#\\\/schema\\\/logo\\\/image\\\/\",\"url\":\"https:\\\/\\\/cornelliastudio.pl\\\/wp-content\\\/uploads\\\/2025\\\/10\\\/Cornellia-Studio-logo.png\",\"contentUrl\":\"https:\\\/\\\/cornelliastudio.pl\\\/wp-content\\\/uploads\\\/2025\\\/10\\\/Cornellia-Studio-logo.png\",\"width\":1563,\"height\":1563,\"caption\":\"Cornellia Studio\"},\"image\":{\"@id\":\"https:\\\/\\\/cornelliastudio.pl\\\/#\\\/schema\\\/logo\\\/image\\\/\"}}]}<\/script>\n<!-- \/ Yoast SEO plugin. -->","yoast_head_json":{"title":"925 srebrna bransoletka z Lapisem Lazuli - Cornellia Studio","robots":{"index":"index","follow":"follow","max-snippet":"max-snippet:-1","max-image-preview":"max-image-preview:large","max-video-preview":"max-video-preview:-1"},"canonical":"https:\/\/cornelliastudio.pl\/en\/product\/925-srebrna-bransoletka-z-lapisem-lazuli\/","og_locale":"en_GB","og_type":"article","og_title":"925 srebrna bransoletka z Lapisem Lazuli - Cornellia Studio","og_description":"925 srebrna bransoletka z Lapisem Lazuli Bransoletka ze szlachetnego Srebra 925 i g\u0142\u0119bokiego, kr\u00f3lewskiego Lapis Lazuli. R\u0119cznie formowane ogniwa i podw\u00f3jne \u0142a\u0144cuszki tworz\u0105 wyrazist\u0105, artystyczn\u0105 kompozycj\u0119, kt\u00f3ra \u0142\u0105czy lekko\u015b\u0107 srebra z moc\u0105 naturalnego kamienia. Bi\u017cuteria dla kobiet, kt\u00f3re ceni\u0105 autentyczno\u015b\u0107, charakter i pi\u0119kno zakl\u0119te w detalach.","og_url":"https:\/\/cornelliastudio.pl\/en\/product\/925-srebrna-bransoletka-z-lapisem-lazuli\/","og_site_name":"Cornellia Studio","article_modified_time":"2025-12-16T12:41:28+00:00","og_image":[{"width":2560,"height":2176,"url":"https:\/\/cornelliastudio.pl\/wp-content\/uploads\/2025\/12\/20250428_170116-scaled.jpg","type":"image\/jpeg"}],"twitter_card":"summary_large_image","twitter_misc":{"Estimated reading time":"2 minutes"},"schema":{"@context":"https:\/\/schema.org","@graph":[{"@type":"WebPage","@id":"https:\/\/cornelliastudio.pl\/produkt\/925-srebrna-bransoletka-z-lapisem-lazuli\/","url":"https:\/\/cornelliastudio.pl\/produkt\/925-srebrna-bransoletka-z-lapisem-lazuli\/","name":"925 srebrna bransoletka z Lapisem Lazuli - Cornellia Studio","isPartOf":{"@id":"https:\/\/cornelliastudio.pl\/#website"},"primaryImageOfPage":{"@id":"https:\/\/cornelliastudio.pl\/produkt\/925-srebrna-bransoletka-z-lapisem-lazuli\/#primaryimage"},"image":{"@id":"https:\/\/cornelliastudio.pl\/produkt\/925-srebrna-bransoletka-z-lapisem-lazuli\/#primaryimage"},"thumbnailUrl":"https:\/\/cornelliastudio.pl\/wp-content\/uploads\/2025\/12\/20250428_170116-scaled.jpg","datePublished":"2025-12-05T11:57:04+00:00","dateModified":"2025-12-16T12:41:28+00:00","breadcrumb":{"@id":"https:\/\/cornelliastudio.pl\/produkt\/925-srebrna-bransoletka-z-lapisem-lazuli\/#breadcrumb"},"inLanguage":"en-GB","potentialAction":[{"@type":"ReadAction","target":["https:\/\/cornelliastudio.pl\/produkt\/925-srebrna-bransoletka-z-lapisem-lazuli\/"]}]},{"@type":"ImageObject","inLanguage":"en-GB","@id":"https:\/\/cornelliastudio.pl\/produkt\/925-srebrna-bransoletka-z-lapisem-lazuli\/#primaryimage","url":"https:\/\/cornelliastudio.pl\/wp-content\/uploads\/2025\/12\/20250428_170116-scaled.jpg","contentUrl":"https:\/\/cornelliastudio.pl\/wp-content\/uploads\/2025\/12\/20250428_170116-scaled.jpg","width":2560,"height":2176},{"@type":"BreadcrumbList","@id":"https:\/\/cornelliastudio.pl\/produkt\/925-srebrna-bransoletka-z-lapisem-lazuli\/#breadcrumb","itemListElement":[{"@type":"ListItem","position":1,"name":"Strona g\u0142\u00f3wna","item":"https:\/\/cornelliastudio.pl\/"},{"@type":"ListItem","position":2,"name":"Sklep","item":"https:\/\/cornelliastudio.pl\/sklep\/"},{"@type":"ListItem","position":3,"name":"925 srebrna bransoletka z Lapisem Lazuli"}]},{"@type":"WebSite","@id":"https:\/\/cornelliastudio.pl\/#website","url":"https:\/\/cornelliastudio.pl\/","name":"Cornellia Studio","description":"Bi\u017cuteria artystyczna, hand made","publisher":{"@id":"https:\/\/cornelliastudio.pl\/#organization"},"potentialAction":[{"@type":"SearchAction","target":{"@type":"EntryPoint","urlTemplate":"https:\/\/cornelliastudio.pl\/?s={search_term_string}"},"query-input":{"@type":"PropertyValueSpecification","valueRequired":true,"valueName":"search_term_string"}}],"inLanguage":"en-GB"},{"@type":"Organization","@id":"https:\/\/cornelliastudio.pl\/#organization","name":"Cornellia Studio","url":"https:\/\/cornelliastudio.pl\/","logo":{"@type":"ImageObject","inLanguage":"en-GB","@id":"https:\/\/cornelliastudio.pl\/#\/schema\/logo\/image\/","url":"https:\/\/cornelliastudio.pl\/wp-content\/uploads\/2025\/10\/Cornellia-Studio-logo.png","contentUrl":"https:\/\/cornelliastudio.pl\/wp-content\/uploads\/2025\/10\/Cornellia-Studio-logo.png","width":1563,"height":1563,"caption":"Cornellia Studio"},"image":{"@id":"https:\/\/cornelliastudio.pl\/#\/schema\/logo\/image\/"}}]}},"uagb_featured_image_src":{"full":["https:\/\/cornelliastudio.pl\/wp-content\/uploads\/2025\/12\/20250428_170116-scaled.jpg",2560,2176,false],"thumbnail":["https:\/\/cornelliastudio.pl\/wp-content\/uploads\/2025\/12\/20250428_170116-150x150.jpg",150,150,true],"medium":["https:\/\/cornelliastudio.pl\/wp-content\/uploads\/2025\/12\/20250428_170116-300x255.jpg",300,255,true],"medium_large":["https:\/\/cornelliastudio.pl\/wp-content\/uploads\/2025\/12\/20250428_170116-768x653.jpg",768,653,true],"large":["https:\/\/cornelliastudio.pl\/wp-content\/uploads\/2025\/12\/20250428_170116-1024x870.jpg",1024,870,true],"1536x1536":["https:\/\/cornelliastudio.pl\/wp-content\/uploads\/2025\/12\/20250428_170116-1536x1306.jpg",1536,1306,true],"2048x2048":["https:\/\/cornelliastudio.pl\/wp-content\/uploads\/2025\/12\/20250428_170116-2048x1741.jpg",2048,1741,true],"trp-custom-language-flag":["https:\/\/cornelliastudio.pl\/wp-content\/uploads\/2025\/12\/20250428_170116-scaled.jpg",14,12,false],"woocommerce_thumbnail":["https:\/\/cornelliastudio.pl\/wp-content\/uploads\/2025\/12\/20250428_170116-300x300.jpg",300,300,true],"woocommerce_single":["https:\/\/cornelliastudio.pl\/wp-content\/uploads\/2025\/12\/20250428_170116-600x510.jpg",600,510,true],"woocommerce_gallery_thumbnail":["https:\/\/cornelliastudio.pl\/wp-content\/uploads\/2025\/12\/20250428_170116-100x100.jpg",100,100,true]},"uagb_author_info":{"display_name":"Cornellia Studio","author_link":"https:\/\/cornelliastudio.pl\/en\/author\/"},"uagb_comment_info":0,"uagb_excerpt":"925 srebrna bransoletka z Lapisem Lazuli Bransoletka ze szlachetnego Srebra 925 i g\u0142\u0119bokiego, kr\u00f3lewskiego Lapis Lazuli. R\u0119cznie formowane ogniwa i podw\u00f3jne \u0142a\u0144cuszki tworz\u0105 wyrazist\u0105, artystyczn\u0105 kompozycj\u0119, kt\u00f3ra \u0142\u0105czy lekko\u015b\u0107 srebra z moc\u0105 naturalnego kamienia. Bi\u017cuteria dla kobiet, kt\u00f3re ceni\u0105 autentyczno\u015b\u0107, charakter i pi\u0119kno zakl\u0119te w detalach.","_links":{"self":[{"href":"https:\/\/cornelliastudio.pl\/en\/wp-json\/wp\/v2\/product\/2649","targetHints":{"allow":["GET"]}}],"collection":[{"href":"https:\/\/cornelliastudio.pl\/en\/wp-json\/wp\/v2\/product"}],"about":[{"href":"https:\/\/cornelliastudio.pl\/en\/wp-json\/wp\/v2\/types\/product"}],"replies":[{"embeddable":true,"href":"https:\/\/cornelliastudio.pl\/en\/wp-json\/wp\/v2\/comments?post=2649"}],"wp:featuredmedia":[{"embeddable":true,"href":"https:\/\/cornelliastudio.pl\/en\/wp-json\/wp\/v2\/media\/2655"}],"wp:attachment":[{"href":"https:\/\/cornelliastudio.pl\/en\/wp-json\/wp\/v2\/media?parent=2649"}],"wp:term":[{"taxonomy":"product_brand","embeddable":true,"href":"https:\/\/cornelliastudio.pl\/en\/wp-json\/wp\/v2\/product_brand?post=2649"},{"taxonomy":"product_cat","embeddable":true,"href":"https:\/\/cornelliastudio.pl\/en\/wp-json\/wp\/v2\/product_cat?post=2649"},{"taxonomy":"product_tag","embeddable":true,"href":"https:\/\/cornelliastudio.pl\/en\/wp-json\/wp\/v2\/product_tag?post=2649"}],"curies":[{"name":"wp","href":"https:\/\/api.w.org\/{rel}","templated":true}]}}