{"id":2635,"date":"2025-12-05T11:50:14","date_gmt":"2025-12-05T10:50:14","guid":{"rendered":"https:\/\/cornelliastudio.pl\/?post_type=product&#038;p=2635"},"modified":"2026-02-22T19:54:08","modified_gmt":"2026-02-22T18:54:08","slug":"bransoletka-warstwowa-z-afrykanskim-jaspisem-i-srebrem-925","status":"publish","type":"product","link":"https:\/\/cornelliastudio.pl\/en\/product\/bransoletka-warstwowa-z-afrykanskim-jaspisem-i-srebrem-925\/","title":{"rendered":"Layered Bracelet with African Jasper and Sterling Silver 925"},"content":{"rendered":"<h2 data-start=\"168\" data-end=\"277\"><strong data-start=\"171\" data-end=\"277\">Layered African Jasper Bracelet with 925 Sterling Silver \u2013 Brown Natural Stone Bracelet<\/strong><\/h2>\n<p data-start=\"279\" data-end=\"612\">A unique, layered bracelet made from <strong data-start=\"323\" data-end=\"348\">African Jasper<\/strong> in a warm palette of browns, greens, and reds, combined with delicate silver chains <strong data-start=\"447\" data-end=\"461\">ball chain<\/strong>This combination of natural gemstones and precious silver creates a character-rich, boho-artistic composition that drapes beautifully on the wrist.<\/p>\n<p data-start=\"614\" data-end=\"918\">Small, flat stones measuring approximately <strong data-start=\"655\" data-end=\"667\">4 \u00d7 2 mm<\/strong> are interwoven with decorative elements made of <strong data-start=\"714\" data-end=\"728\">925 sterling silver<\/strong>adding an elegant metallic accent to the overall design. Two layers of silver chains give the bracelet lightness and movement, while the silver beads at the ends subtly shimmer with every gesture.<\/p>\n<p data-start=\"920\" data-end=\"1064\">The bracelet is finished with a classic, sturdy <strong data-start=\"956\" data-end=\"968\">spring ring clasp<\/strong> paired with two hammered rings that serve both a decorative and practical function.<\/p>\n<p data-start=\"1066\" data-end=\"1197\">This bracelet is perfect for those who love earthy tones, boho jewelry, and natural gemstones with a unique texture.<\/p>\n<hr data-start=\"1199\" data-end=\"1202\" \/>\n<h2 data-start=\"1204\" data-end=\"1236\"><strong data-start=\"1208\" data-end=\"1236\">Bracelet specifications<\/strong><\/h2>\n<p data-start=\"1238\" data-end=\"1339\"><strong data-start=\"1238\" data-end=\"1262\">Bracelet length:<\/strong> 19 cm<br data-start=\"1268\" data-end=\"1271\" \/><strong data-start=\"1271\" data-end=\"1284\">Gemstones:<\/strong> African Jasper<br data-start=\"1302\" data-end=\"1305\" \/>\u2022 Stone size: approx. 4 \u00d7 2 mm<\/p>\n<p data-start=\"1341\" data-end=\"1520\"><strong data-start=\"1341\" data-end=\"1362\">Silver elements:<\/strong><br data-start=\"1362\" data-end=\"1365\" \/>-925 sterling silver \u2013 all metal elements<br data-start=\"1407\" data-end=\"1410\" \/>-two ball chains<br data-start=\"1441\" data-end=\"1444\" \/>-decorative silver beads \u2013 5 mm<br data-start=\"1467\" data-end=\"1470\" \/>-hammered ring \u2013 12 mm<br data-start=\"1496\" data-end=\"1499\" \/>-small silver ring - 8mm<\/p>\n<p data-start=\"1341\" data-end=\"1520\">-925 silver, including a decorative tube <strong data-start=\"229\" data-end=\"241\">4 \u00d7 2 mm<\/strong><\/p>\n<p data-start=\"1522\" data-end=\"1557\"><strong data-start=\"1522\" data-end=\"1535\">Closure:<\/strong> spring ring (925 silver)<\/p>\n<hr data-start=\"1559\" data-end=\"1562\" \/>\n<h2 data-start=\"1564\" data-end=\"1587\"><strong data-start=\"1568\" data-end=\"1587\">Why you\u2019ll love it<\/strong><\/h2>\n<p data-start=\"1588\" data-end=\"1815\">unique, multi-layered design<br data-start=\"1621\" data-end=\"1624\" \/>natural stones in beautiful, earthy tones<br data-start=\"1675\" data-end=\"1678\" \/>minimalist, elegant silver details<br data-start=\"1762\" data-end=\"1765\" \/>perfect as a gift or for everyday wear<\/p>","protected":false},"excerpt":{"rendered":"<h2>African Jasper Bracelet with 925 Sterling Silver \u2014 Timeless Elegance<\/h2>\n<p>A delicate, layered bracelet made from natural gemstones <strong data-start=\"127\" data-end=\"152\">African Jasper<\/strong> and elements made of <strong data-start=\"171\" data-end=\"185\">925 sterling silver<\/strong>The combination of small 4 \u00d7 2 mm stones with a double ball chain and sterling silver details creates a light, earthy composition with a boho character. A lobster clasp fastening and hammered silver rings add elegance and a handcrafted touch. Perfect for everyday wear and as a thoughtful gift.<\/p>","protected":false},"featured_media":2636,"comment_status":"closed","ping_status":"closed","template":"","meta":{"_uag_custom_page_level_css":"","site-sidebar-layout":"default","site-content-layout":"","ast-site-content-layout":"default","site-content-style":"default","site-sidebar-style":"default","ast-global-header-display":"","ast-banner-title-visibility":"","ast-main-header-display":"","ast-hfb-above-header-display":"","ast-hfb-below-header-display":"","ast-hfb-mobile-header-display":"","site-post-title":"","ast-breadcrumbs-content":"","ast-featured-img":"","footer-sml-layout":"","ast-disable-related-posts":"","theme-transparent-header-meta":"default","adv-header-id-meta":"","stick-header-meta":"","header-above-stick-meta":"","header-main-stick-meta":"","header-below-stick-meta":"","astra-migrate-meta-layouts":"set","ast-page-background-enabled":"default","ast-page-background-meta":{"desktop":{"background-color":"var(--ast-global-color-4)","background-image":"","background-repeat":"repeat","background-position":"center center","background-size":"auto","background-attachment":"scroll","background-type":"","background-media":"","overlay-type":"","overlay-color":"","overlay-opacity":"","overlay-gradient":""},"tablet":{"background-color":"","background-image":"","background-repeat":"repeat","background-position":"center center","background-size":"auto","background-attachment":"scroll","background-type":"","background-media":"","overlay-type":"","overlay-color":"","overlay-opacity":"","overlay-gradient":""},"mobile":{"background-color":"","background-image":"","background-repeat":"repeat","background-position":"center center","background-size":"auto","background-attachment":"scroll","background-type":"","background-media":"","overlay-type":"","overlay-color":"","overlay-opacity":"","overlay-gradient":""}},"ast-content-background-meta":{"desktop":{"background-color":"var(--ast-global-color-5)","background-image":"","background-repeat":"repeat","background-position":"center center","background-size":"auto","background-attachment":"scroll","background-type":"","background-media":"","overlay-type":"","overlay-color":"","overlay-opacity":"","overlay-gradient":""},"tablet":{"background-color":"var(--ast-global-color-5)","background-image":"","background-repeat":"repeat","background-position":"center center","background-size":"auto","background-attachment":"scroll","background-type":"","background-media":"","overlay-type":"","overlay-color":"","overlay-opacity":"","overlay-gradient":""},"mobile":{"background-color":"var(--ast-global-color-5)","background-image":"","background-repeat":"repeat","background-position":"center center","background-size":"auto","background-attachment":"scroll","background-type":"","background-media":"","overlay-type":"","overlay-color":"","overlay-opacity":"","overlay-gradient":""}}},"product_brand":[201],"product_cat":[30,29,31],"product_tag":[467,212,470,473,193,468,284,469,286,471,474,436,472,192,187,315,208,214],"class_list":{"0":"post-2635","1":"product","2":"type-product","3":"status-publish","4":"has-post-thumbnail","6":"product_brand-cornellia-studio","7":"product_cat-bestsellery","8":"product_cat-bransoletki","9":"product_cat-nowosci","10":"product_tag-afrykanski-jaspis","11":"product_tag-bizuteria-boho","12":"product_tag-boho-bransoletka","13":"product_tag-boho-chic-bracelet","14":"product_tag-bransoletka-handmade","15":"product_tag-bransoletka-jaspis","16":"product_tag-bransoletka-srebro-925","17":"product_tag-bransoletka-warstwowa","18":"product_tag-bransoletka-z-kamieni-naturalnych","19":"product_tag-earth-tones-jewelry","20":"product_tag-gemstone-bracelet","21":"product_tag-handmade-jewelry","22":"product_tag-layered-bracelet","23":"product_tag-naturalne-kamienie","24":"product_tag-prezent-dla-niej","25":"product_tag-prezent-urodzinowy","26":"product_tag-srebro-proby-925","27":"product_tag-wyjatkowy-prezent","28":"pa_dlugosc-bransoletki-15cm","29":"pa_dlugosc-bransoletki-17-cm","30":"pa_dlugosc-bransoletki-19-cm","31":"pa_dlugosc-bransoletki-21-cm","32":"desktop-align-left","33":"tablet-align-left","34":"mobile-align-left","36":"first","37":"outofstock","38":"taxable","39":"shipping-taxable","40":"product-type-simple"},"yoast_head":"<!-- This site is optimized with the Yoast SEO plugin v27.4 - https:\/\/yoast.com\/product\/yoast-seo-wordpress\/ -->\n<title>Bransoletka warstwowa z Afryka\u0144skim Jaspisem i Srebrem 925 - Cornellia Studio<\/title>\n<meta name=\"robots\" content=\"index, follow, max-snippet:-1, max-image-preview:large, max-video-preview:-1\" \/>\n<link rel=\"canonical\" href=\"https:\/\/cornelliastudio.pl\/en\/product\/bransoletka-warstwowa-z-afrykanskim-jaspisem-i-srebrem-925\/\" \/>\n<meta property=\"og:locale\" content=\"en_GB\" \/>\n<meta property=\"og:type\" content=\"article\" \/>\n<meta property=\"og:title\" content=\"Bransoletka warstwowa z Afryka\u0144skim Jaspisem i Srebrem 925 - Cornellia Studio\" \/>\n<meta property=\"og:description\" content=\"Bransoletka z afryka\u0144skim jaspisem i srebrem 925 \u2014 elegancka Delikatna, warstwowa bransoletka wykonana z naturalnego Afryka\u0144skiego Jaspisu oraz element\u00f3w ze Srebra 925. Po\u0142\u0105czenie drobnych kamieni 4\u00d72 mm z podw\u00f3jnym \u0142a\u0144cuszkiem typu ball i srebrnymi detalami tworzy lekk\u0105, ziemist\u0105 kompozycj\u0119 o boho-charakterze. Zapi\u0119cie federing oraz m\u0142otkowane k\u00f3\u0142ka dodaj\u0105 jej elegancji i r\u0119kodzielniczego wyrazu. Idealna na co dzie\u0144 i na prezent.\" \/>\n<meta property=\"og:url\" content=\"https:\/\/cornelliastudio.pl\/en\/product\/bransoletka-warstwowa-z-afrykanskim-jaspisem-i-srebrem-925\/\" \/>\n<meta property=\"og:site_name\" content=\"Cornellia Studio\" \/>\n<meta property=\"article:modified_time\" content=\"2026-02-22T18:54:08+00:00\" \/>\n<meta property=\"og:image\" content=\"https:\/\/cornelliastudio.pl\/wp-content\/uploads\/2025\/12\/20250703_094145-scaled.jpg\" \/>\n\t<meta property=\"og:image:width\" content=\"2560\" \/>\n\t<meta property=\"og:image:height\" content=\"2560\" \/>\n\t<meta property=\"og:image:type\" content=\"image\/jpeg\" \/>\n<meta name=\"twitter:card\" content=\"summary_large_image\" \/>\n<meta name=\"twitter:label1\" content=\"Estimated reading time\" \/>\n\t<meta name=\"twitter:data1\" content=\"2 minutes\" \/>\n<script type=\"application\/ld+json\" class=\"yoast-schema-graph\">{\"@context\":\"https:\\\/\\\/schema.org\",\"@graph\":[{\"@type\":\"WebPage\",\"@id\":\"https:\\\/\\\/cornelliastudio.pl\\\/produkt\\\/bransoletka-warstwowa-z-afrykanskim-jaspisem-i-srebrem-925\\\/\",\"url\":\"https:\\\/\\\/cornelliastudio.pl\\\/produkt\\\/bransoletka-warstwowa-z-afrykanskim-jaspisem-i-srebrem-925\\\/\",\"name\":\"Bransoletka warstwowa z Afryka\u0144skim Jaspisem i Srebrem 925 - Cornellia Studio\",\"isPartOf\":{\"@id\":\"https:\\\/\\\/cornelliastudio.pl\\\/#website\"},\"primaryImageOfPage\":{\"@id\":\"https:\\\/\\\/cornelliastudio.pl\\\/produkt\\\/bransoletka-warstwowa-z-afrykanskim-jaspisem-i-srebrem-925\\\/#primaryimage\"},\"image\":{\"@id\":\"https:\\\/\\\/cornelliastudio.pl\\\/produkt\\\/bransoletka-warstwowa-z-afrykanskim-jaspisem-i-srebrem-925\\\/#primaryimage\"},\"thumbnailUrl\":\"https:\\\/\\\/cornelliastudio.pl\\\/wp-content\\\/uploads\\\/2025\\\/12\\\/20250703_094145-scaled.jpg\",\"datePublished\":\"2025-12-05T10:50:14+00:00\",\"dateModified\":\"2026-02-22T18:54:08+00:00\",\"breadcrumb\":{\"@id\":\"https:\\\/\\\/cornelliastudio.pl\\\/produkt\\\/bransoletka-warstwowa-z-afrykanskim-jaspisem-i-srebrem-925\\\/#breadcrumb\"},\"inLanguage\":\"en-GB\",\"potentialAction\":[{\"@type\":\"ReadAction\",\"target\":[\"https:\\\/\\\/cornelliastudio.pl\\\/produkt\\\/bransoletka-warstwowa-z-afrykanskim-jaspisem-i-srebrem-925\\\/\"]}]},{\"@type\":\"ImageObject\",\"inLanguage\":\"en-GB\",\"@id\":\"https:\\\/\\\/cornelliastudio.pl\\\/produkt\\\/bransoletka-warstwowa-z-afrykanskim-jaspisem-i-srebrem-925\\\/#primaryimage\",\"url\":\"https:\\\/\\\/cornelliastudio.pl\\\/wp-content\\\/uploads\\\/2025\\\/12\\\/20250703_094145-scaled.jpg\",\"contentUrl\":\"https:\\\/\\\/cornelliastudio.pl\\\/wp-content\\\/uploads\\\/2025\\\/12\\\/20250703_094145-scaled.jpg\",\"width\":2560,\"height\":2560},{\"@type\":\"BreadcrumbList\",\"@id\":\"https:\\\/\\\/cornelliastudio.pl\\\/produkt\\\/bransoletka-warstwowa-z-afrykanskim-jaspisem-i-srebrem-925\\\/#breadcrumb\",\"itemListElement\":[{\"@type\":\"ListItem\",\"position\":1,\"name\":\"Strona g\u0142\u00f3wna\",\"item\":\"https:\\\/\\\/cornelliastudio.pl\\\/\"},{\"@type\":\"ListItem\",\"position\":2,\"name\":\"Sklep\",\"item\":\"https:\\\/\\\/cornelliastudio.pl\\\/sklep\\\/\"},{\"@type\":\"ListItem\",\"position\":3,\"name\":\"Bransoletka warstwowa z Afryka\u0144skim Jaspisem i Srebrem 925\"}]},{\"@type\":\"WebSite\",\"@id\":\"https:\\\/\\\/cornelliastudio.pl\\\/#website\",\"url\":\"https:\\\/\\\/cornelliastudio.pl\\\/\",\"name\":\"Cornellia Studio\",\"description\":\"Bi\u017cuteria artystyczna, hand made\",\"publisher\":{\"@id\":\"https:\\\/\\\/cornelliastudio.pl\\\/#organization\"},\"potentialAction\":[{\"@type\":\"SearchAction\",\"target\":{\"@type\":\"EntryPoint\",\"urlTemplate\":\"https:\\\/\\\/cornelliastudio.pl\\\/?s={search_term_string}\"},\"query-input\":{\"@type\":\"PropertyValueSpecification\",\"valueRequired\":true,\"valueName\":\"search_term_string\"}}],\"inLanguage\":\"en-GB\"},{\"@type\":\"Organization\",\"@id\":\"https:\\\/\\\/cornelliastudio.pl\\\/#organization\",\"name\":\"Cornellia Studio\",\"url\":\"https:\\\/\\\/cornelliastudio.pl\\\/\",\"logo\":{\"@type\":\"ImageObject\",\"inLanguage\":\"en-GB\",\"@id\":\"https:\\\/\\\/cornelliastudio.pl\\\/#\\\/schema\\\/logo\\\/image\\\/\",\"url\":\"https:\\\/\\\/cornelliastudio.pl\\\/wp-content\\\/uploads\\\/2025\\\/10\\\/Cornellia-Studio-logo.png\",\"contentUrl\":\"https:\\\/\\\/cornelliastudio.pl\\\/wp-content\\\/uploads\\\/2025\\\/10\\\/Cornellia-Studio-logo.png\",\"width\":1563,\"height\":1563,\"caption\":\"Cornellia Studio\"},\"image\":{\"@id\":\"https:\\\/\\\/cornelliastudio.pl\\\/#\\\/schema\\\/logo\\\/image\\\/\"}}]}<\/script>\n<!-- \/ Yoast SEO plugin. -->","yoast_head_json":{"title":"Bransoletka warstwowa z Afryka\u0144skim Jaspisem i Srebrem 925 - Cornellia Studio","robots":{"index":"index","follow":"follow","max-snippet":"max-snippet:-1","max-image-preview":"max-image-preview:large","max-video-preview":"max-video-preview:-1"},"canonical":"https:\/\/cornelliastudio.pl\/en\/product\/bransoletka-warstwowa-z-afrykanskim-jaspisem-i-srebrem-925\/","og_locale":"en_GB","og_type":"article","og_title":"Bransoletka warstwowa z Afryka\u0144skim Jaspisem i Srebrem 925 - Cornellia Studio","og_description":"Bransoletka z afryka\u0144skim jaspisem i srebrem 925 \u2014 elegancka Delikatna, warstwowa bransoletka wykonana z naturalnego Afryka\u0144skiego Jaspisu oraz element\u00f3w ze Srebra 925. Po\u0142\u0105czenie drobnych kamieni 4\u00d72 mm z podw\u00f3jnym \u0142a\u0144cuszkiem typu ball i srebrnymi detalami tworzy lekk\u0105, ziemist\u0105 kompozycj\u0119 o boho-charakterze. Zapi\u0119cie federing oraz m\u0142otkowane k\u00f3\u0142ka dodaj\u0105 jej elegancji i r\u0119kodzielniczego wyrazu. Idealna na co dzie\u0144 i na prezent.","og_url":"https:\/\/cornelliastudio.pl\/en\/product\/bransoletka-warstwowa-z-afrykanskim-jaspisem-i-srebrem-925\/","og_site_name":"Cornellia Studio","article_modified_time":"2026-02-22T18:54:08+00:00","og_image":[{"width":2560,"height":2560,"url":"https:\/\/cornelliastudio.pl\/wp-content\/uploads\/2025\/12\/20250703_094145-scaled.jpg","type":"image\/jpeg"}],"twitter_card":"summary_large_image","twitter_misc":{"Estimated reading time":"2 minutes"},"schema":{"@context":"https:\/\/schema.org","@graph":[{"@type":"WebPage","@id":"https:\/\/cornelliastudio.pl\/produkt\/bransoletka-warstwowa-z-afrykanskim-jaspisem-i-srebrem-925\/","url":"https:\/\/cornelliastudio.pl\/produkt\/bransoletka-warstwowa-z-afrykanskim-jaspisem-i-srebrem-925\/","name":"Bransoletka warstwowa z Afryka\u0144skim Jaspisem i Srebrem 925 - Cornellia Studio","isPartOf":{"@id":"https:\/\/cornelliastudio.pl\/#website"},"primaryImageOfPage":{"@id":"https:\/\/cornelliastudio.pl\/produkt\/bransoletka-warstwowa-z-afrykanskim-jaspisem-i-srebrem-925\/#primaryimage"},"image":{"@id":"https:\/\/cornelliastudio.pl\/produkt\/bransoletka-warstwowa-z-afrykanskim-jaspisem-i-srebrem-925\/#primaryimage"},"thumbnailUrl":"https:\/\/cornelliastudio.pl\/wp-content\/uploads\/2025\/12\/20250703_094145-scaled.jpg","datePublished":"2025-12-05T10:50:14+00:00","dateModified":"2026-02-22T18:54:08+00:00","breadcrumb":{"@id":"https:\/\/cornelliastudio.pl\/produkt\/bransoletka-warstwowa-z-afrykanskim-jaspisem-i-srebrem-925\/#breadcrumb"},"inLanguage":"en-GB","potentialAction":[{"@type":"ReadAction","target":["https:\/\/cornelliastudio.pl\/produkt\/bransoletka-warstwowa-z-afrykanskim-jaspisem-i-srebrem-925\/"]}]},{"@type":"ImageObject","inLanguage":"en-GB","@id":"https:\/\/cornelliastudio.pl\/produkt\/bransoletka-warstwowa-z-afrykanskim-jaspisem-i-srebrem-925\/#primaryimage","url":"https:\/\/cornelliastudio.pl\/wp-content\/uploads\/2025\/12\/20250703_094145-scaled.jpg","contentUrl":"https:\/\/cornelliastudio.pl\/wp-content\/uploads\/2025\/12\/20250703_094145-scaled.jpg","width":2560,"height":2560},{"@type":"BreadcrumbList","@id":"https:\/\/cornelliastudio.pl\/produkt\/bransoletka-warstwowa-z-afrykanskim-jaspisem-i-srebrem-925\/#breadcrumb","itemListElement":[{"@type":"ListItem","position":1,"name":"Strona g\u0142\u00f3wna","item":"https:\/\/cornelliastudio.pl\/"},{"@type":"ListItem","position":2,"name":"Sklep","item":"https:\/\/cornelliastudio.pl\/sklep\/"},{"@type":"ListItem","position":3,"name":"Bransoletka warstwowa z Afryka\u0144skim Jaspisem i Srebrem 925"}]},{"@type":"WebSite","@id":"https:\/\/cornelliastudio.pl\/#website","url":"https:\/\/cornelliastudio.pl\/","name":"Cornellia Studio","description":"Bi\u017cuteria artystyczna, hand made","publisher":{"@id":"https:\/\/cornelliastudio.pl\/#organization"},"potentialAction":[{"@type":"SearchAction","target":{"@type":"EntryPoint","urlTemplate":"https:\/\/cornelliastudio.pl\/?s={search_term_string}"},"query-input":{"@type":"PropertyValueSpecification","valueRequired":true,"valueName":"search_term_string"}}],"inLanguage":"en-GB"},{"@type":"Organization","@id":"https:\/\/cornelliastudio.pl\/#organization","name":"Cornellia Studio","url":"https:\/\/cornelliastudio.pl\/","logo":{"@type":"ImageObject","inLanguage":"en-GB","@id":"https:\/\/cornelliastudio.pl\/#\/schema\/logo\/image\/","url":"https:\/\/cornelliastudio.pl\/wp-content\/uploads\/2025\/10\/Cornellia-Studio-logo.png","contentUrl":"https:\/\/cornelliastudio.pl\/wp-content\/uploads\/2025\/10\/Cornellia-Studio-logo.png","width":1563,"height":1563,"caption":"Cornellia Studio"},"image":{"@id":"https:\/\/cornelliastudio.pl\/#\/schema\/logo\/image\/"}}]}},"uagb_featured_image_src":{"full":["https:\/\/cornelliastudio.pl\/wp-content\/uploads\/2025\/12\/20250703_094145-scaled.jpg",2560,2560,false],"thumbnail":["https:\/\/cornelliastudio.pl\/wp-content\/uploads\/2025\/12\/20250703_094145-150x150.jpg",150,150,true],"medium":["https:\/\/cornelliastudio.pl\/wp-content\/uploads\/2025\/12\/20250703_094145-300x300.jpg",300,300,true],"medium_large":["https:\/\/cornelliastudio.pl\/wp-content\/uploads\/2025\/12\/20250703_094145-768x768.jpg",768,768,true],"large":["https:\/\/cornelliastudio.pl\/wp-content\/uploads\/2025\/12\/20250703_094145-1024x1024.jpg",1024,1024,true],"1536x1536":["https:\/\/cornelliastudio.pl\/wp-content\/uploads\/2025\/12\/20250703_094145-1536x1536.jpg",1536,1536,true],"2048x2048":["https:\/\/cornelliastudio.pl\/wp-content\/uploads\/2025\/12\/20250703_094145-2048x2048.jpg",2048,2048,true],"trp-custom-language-flag":["https:\/\/cornelliastudio.pl\/wp-content\/uploads\/2025\/12\/20250703_094145-scaled.jpg",12,12,false],"woocommerce_thumbnail":["https:\/\/cornelliastudio.pl\/wp-content\/uploads\/2025\/12\/20250703_094145-300x300.jpg",300,300,true],"woocommerce_single":["https:\/\/cornelliastudio.pl\/wp-content\/uploads\/2025\/12\/20250703_094145-600x600.jpg",600,600,true],"woocommerce_gallery_thumbnail":["https:\/\/cornelliastudio.pl\/wp-content\/uploads\/2025\/12\/20250703_094145-100x100.jpg",100,100,true]},"uagb_author_info":{"display_name":"Cornellia Studio","author_link":"https:\/\/cornelliastudio.pl\/en\/author\/"},"uagb_comment_info":0,"uagb_excerpt":"Bransoletka z afryka\u0144skim jaspisem i srebrem 925 \u2014 elegancka Delikatna, warstwowa bransoletka wykonana z naturalnego Afryka\u0144skiego Jaspisu oraz element\u00f3w ze Srebra 925. Po\u0142\u0105czenie drobnych kamieni 4\u00d72 mm z podw\u00f3jnym \u0142a\u0144cuszkiem typu ball i srebrnymi detalami tworzy lekk\u0105, ziemist\u0105 kompozycj\u0119 o boho-charakterze. Zapi\u0119cie federing oraz m\u0142otkowane k\u00f3\u0142ka dodaj\u0105 jej elegancji i r\u0119kodzielniczego wyrazu. Idealna na co&hellip;","_links":{"self":[{"href":"https:\/\/cornelliastudio.pl\/en\/wp-json\/wp\/v2\/product\/2635","targetHints":{"allow":["GET"]}}],"collection":[{"href":"https:\/\/cornelliastudio.pl\/en\/wp-json\/wp\/v2\/product"}],"about":[{"href":"https:\/\/cornelliastudio.pl\/en\/wp-json\/wp\/v2\/types\/product"}],"replies":[{"embeddable":true,"href":"https:\/\/cornelliastudio.pl\/en\/wp-json\/wp\/v2\/comments?post=2635"}],"wp:featuredmedia":[{"embeddable":true,"href":"https:\/\/cornelliastudio.pl\/en\/wp-json\/wp\/v2\/media\/2636"}],"wp:attachment":[{"href":"https:\/\/cornelliastudio.pl\/en\/wp-json\/wp\/v2\/media?parent=2635"}],"wp:term":[{"taxonomy":"product_brand","embeddable":true,"href":"https:\/\/cornelliastudio.pl\/en\/wp-json\/wp\/v2\/product_brand?post=2635"},{"taxonomy":"product_cat","embeddable":true,"href":"https:\/\/cornelliastudio.pl\/en\/wp-json\/wp\/v2\/product_cat?post=2635"},{"taxonomy":"product_tag","embeddable":true,"href":"https:\/\/cornelliastudio.pl\/en\/wp-json\/wp\/v2\/product_tag?post=2635"}],"curies":[{"name":"wp","href":"https:\/\/api.w.org\/{rel}","templated":true}]}}