{"id":2616,"date":"2025-12-04T18:19:38","date_gmt":"2025-12-04T17:19:38","guid":{"rendered":"https:\/\/cornelliastudio.pl\/?post_type=product&#038;p=2616"},"modified":"2026-01-02T14:41:49","modified_gmt":"2026-01-02T13:41:49","slug":"eleganckie-kolczyki-z-lampworkiem-handmade-srebro-925-klasyczna-prostota","status":"publish","type":"product","link":"https:\/\/cornelliastudio.pl\/en\/product\/eleganckie-kolczyki-z-lampworkiem-handmade-srebro-925-klasyczna-prostota\/","title":{"rendered":"Elegant handmade lampwork earrings \u2013 925 sterling silver, classic simplicity"},"content":{"rendered":"<h2 data-start=\"87\" data-end=\"174\"><strong data-start=\"91\" data-end=\"174\">925 sterling silver earrings with mint lampwork \u2013 classic elegance in a lightweight form<\/strong><\/h2>\n<p data-start=\"176\" data-end=\"367\">Delicate, classic earrings handcrafted from 925 sterling silver and lampwork glass in a subtle mint shade. A piece of jewelry that combines lightness, femininity, and timeless elegance.<\/p>\n<p data-start=\"369\" data-end=\"538\">The geometric, openwork element gives the earrings a modern character, while the pastel mint lampwork glass beads (10 mm) beautifully reflect the light, creating a subtle shimmer.<\/p>\n<p data-start=\"540\" data-end=\"679\">The earrings are lightweight and comfortable to wear, making them perfect for both everyday outfits and delicate looks for special occasions.\u201d<\/p>\n<hr data-start=\"681\" data-end=\"684\" \/>\n<h2 data-start=\"686\" data-end=\"701\"><strong data-start=\"690\" data-end=\"701\">Dimensions<\/strong><\/h2>\n<ul data-start=\"702\" data-end=\"871\">\n<li data-start=\"702\" data-end=\"737\">\n<p data-start=\"704\" data-end=\"737\"><strong data-start=\"704\" data-end=\"726\">Earring length:<\/strong> approx. 3 cm<\/p>\n<\/li>\n<li data-start=\"738\" data-end=\"782\">\n<p data-start=\"740\" data-end=\"782\"><strong data-start=\"740\" data-end=\"753\">Lampwork:<\/strong> 10 mm glass, mint color<\/p>\n<\/li>\n<li data-start=\"783\" data-end=\"834\">\n<p data-start=\"785\" data-end=\"834\"><strong data-start=\"785\" data-end=\"810\">Geometric element:<\/strong> 925 sterling silver, approx. 10 mm<\/p>\n<\/li>\n<li data-start=\"835\" data-end=\"871\">\n<p data-start=\"837\" data-end=\"871\"><strong data-start=\"837\" data-end=\"850\">Closure:<\/strong> 925 sterling silver stud<\/p>\n<\/li>\n<\/ul>\n<hr data-start=\"873\" data-end=\"876\" \/>\n<h2 data-start=\"878\" data-end=\"908\"><strong data-start=\"882\" data-end=\"908\">Why you\u2019ll love them<\/strong><\/h2>\n<ul data-start=\"909\" data-end=\"1046\">\n<li data-start=\"909\" data-end=\"950\">\n<p data-start=\"911\" data-end=\"950\">classic with a modern touch<\/p>\n<\/li>\n<li data-start=\"951\" data-end=\"971\">\n<p data-start=\"953\" data-end=\"971\">Lightweight and comfortable to wear<\/p>\n<\/li>\n<li data-start=\"972\" data-end=\"1008\">\n<p data-start=\"974\" data-end=\"1008\">beautiful, spring-inspired lampwork color<\/p>\n<\/li>\n<li data-start=\"1009\" data-end=\"1046\">\n<p data-start=\"1011\" data-end=\"1046\">Handcrafted in a small studio<\/p>\n<\/li>\n<\/ul>\n<hr data-start=\"1048\" data-end=\"1051\" \/>\n<h2 data-start=\"1053\" data-end=\"1082\"><strong data-start=\"1057\" data-end=\"1082\">Perfect as a gift\u00a0<\/strong><\/h2>\n<p data-start=\"1083\" data-end=\"1123\">Elegantly packaged \u2013 a perfect choice for:<\/p>\n<ul data-start=\"1124\" data-end=\"1229\">\n<li data-start=\"1124\" data-end=\"1136\">\n<p data-start=\"1126\" data-end=\"1136\">birthdays<\/p>\n<\/li>\n<li data-start=\"1137\" data-end=\"1149\">\n<p data-start=\"1139\" data-end=\"1149\">name days<\/p>\n<\/li>\n<li data-start=\"1150\" data-end=\"1174\">\n<p data-start=\"1152\" data-end=\"1174\">romantic gift<\/p>\n<\/li>\n<li data-start=\"1175\" data-end=\"1229\">\n<p data-start=\"1177\" data-end=\"1229\">gift for lovers of minimalist jewelry<\/p>\n<\/li>\n<\/ul>","protected":false},"excerpt":{"rendered":"<h2>Elegant handmade lampwork earrings \u2013 925 sterling silver, classic simplicity<\/h2>\n<p>Elegant, handcrafted earrings made of 925 sterling silver with mint lampwork glass. Delicate, lightweight, and classic \u2013 perfect for everyday wear as well as elegant styles. The geometric element adds a modern touch, while the 10 mm lampwork glass beautifully reflects the light.<\/p>","protected":false},"featured_media":2622,"comment_status":"closed","ping_status":"closed","template":"","meta":{"_uag_custom_page_level_css":"","site-sidebar-layout":"default","site-content-layout":"","ast-site-content-layout":"default","site-content-style":"default","site-sidebar-style":"default","ast-global-header-display":"","ast-banner-title-visibility":"","ast-main-header-display":"","ast-hfb-above-header-display":"","ast-hfb-below-header-display":"","ast-hfb-mobile-header-display":"","site-post-title":"","ast-breadcrumbs-content":"","ast-featured-img":"","footer-sml-layout":"","ast-disable-related-posts":"","theme-transparent-header-meta":"default","adv-header-id-meta":"","stick-header-meta":"","header-above-stick-meta":"","header-main-stick-meta":"","header-below-stick-meta":"","astra-migrate-meta-layouts":"set","ast-page-background-enabled":"default","ast-page-background-meta":{"desktop":{"background-color":"var(--ast-global-color-4)","background-image":"","background-repeat":"repeat","background-position":"center center","background-size":"auto","background-attachment":"scroll","background-type":"","background-media":"","overlay-type":"","overlay-color":"","overlay-opacity":"","overlay-gradient":""},"tablet":{"background-color":"","background-image":"","background-repeat":"repeat","background-position":"center center","background-size":"auto","background-attachment":"scroll","background-type":"","background-media":"","overlay-type":"","overlay-color":"","overlay-opacity":"","overlay-gradient":""},"mobile":{"background-color":"","background-image":"","background-repeat":"repeat","background-position":"center center","background-size":"auto","background-attachment":"scroll","background-type":"","background-media":"","overlay-type":"","overlay-color":"","overlay-opacity":"","overlay-gradient":""}},"ast-content-background-meta":{"desktop":{"background-color":"var(--ast-global-color-5)","background-image":"","background-repeat":"repeat","background-position":"center center","background-size":"auto","background-attachment":"scroll","background-type":"","background-media":"","overlay-type":"","overlay-color":"","overlay-opacity":"","overlay-gradient":""},"tablet":{"background-color":"var(--ast-global-color-5)","background-image":"","background-repeat":"repeat","background-position":"center center","background-size":"auto","background-attachment":"scroll","background-type":"","background-media":"","overlay-type":"","overlay-color":"","overlay-opacity":"","overlay-gradient":""},"mobile":{"background-color":"var(--ast-global-color-5)","background-image":"","background-repeat":"repeat","background-position":"center center","background-size":"auto","background-attachment":"scroll","background-type":"","background-media":"","overlay-type":"","overlay-color":"","overlay-opacity":"","overlay-gradient":""}}},"product_brand":[201],"product_cat":[30,28,32,31],"product_tag":[235,263,264,405,369,203,188,187,315,215,208,352,288,214,453],"class_list":{"0":"post-2616","1":"product","2":"type-product","3":"status-publish","4":"has-post-thumbnail","6":"product_brand-cornellia-studio","7":"product_cat-bestsellery","8":"product_cat-kolczyki","9":"product_cat-mini-kolczyki","10":"product_cat-nowosci","11":"product_tag-bizuteria-na-co-dzien","12":"product_tag-eleganckie-kolczyki","13":"product_tag-kolczyki-na-prezent","14":"product_tag-kolczyki-wiszace-925","15":"product_tag-lampwork","16":"product_tag-lekkie-kolczyki","17":"product_tag-minimalistyczne-kolczyki","18":"product_tag-prezent-dla-niej","19":"product_tag-prezent-urodzinowy","20":"product_tag-srebro-925","21":"product_tag-srebro-proby-925","22":"product_tag-szklo-artystyczne","23":"product_tag-szklo-lampwork","24":"product_tag-wyjatkowy-prezent","25":"product_tag-zielone-kolczyki","26":"desktop-align-left","27":"tablet-align-left","28":"mobile-align-left","30":"first","31":"instock","32":"taxable","33":"shipping-taxable","34":"purchasable","35":"product-type-simple"},"yoast_head":"<!-- This site is optimized with the Yoast SEO plugin v27.4 - https:\/\/yoast.com\/product\/yoast-seo-wordpress\/ -->\n<title>Eleganckie kolczyki z lampworkiem handmade \u2013 srebro 925, klasyczna prostota - Cornellia Studio<\/title>\n<meta name=\"robots\" content=\"index, follow, max-snippet:-1, max-image-preview:large, max-video-preview:-1\" \/>\n<link rel=\"canonical\" href=\"https:\/\/cornelliastudio.pl\/en\/product\/eleganckie-kolczyki-z-lampworkiem-handmade-srebro-925-klasyczna-prostota\/\" \/>\n<meta property=\"og:locale\" content=\"en_GB\" \/>\n<meta property=\"og:type\" content=\"article\" \/>\n<meta property=\"og:title\" content=\"Eleganckie kolczyki z lampworkiem handmade \u2013 srebro 925, klasyczna prostota - Cornellia Studio\" \/>\n<meta property=\"og:description\" content=\"Eleganckie kolczyki z lampworkiem handmade \u2013 srebro 925, klasyczna prostota Eleganckie, r\u0119cznie wykonane kolczyki ze srebra 925 z mi\u0119towym lampworkiem. Delikatne, lekkie i klasyczne \u2013 idealne na co dzie\u0144 i do eleganckich stylizacji. Geometryczny element dodaje im nowoczesno\u015bci, a szk\u0142o lampwork (10 mm) pi\u0119knie odbija \u015bwiat\u0142o.\" \/>\n<meta property=\"og:url\" content=\"https:\/\/cornelliastudio.pl\/en\/product\/eleganckie-kolczyki-z-lampworkiem-handmade-srebro-925-klasyczna-prostota\/\" \/>\n<meta property=\"og:site_name\" content=\"Cornellia Studio\" \/>\n<meta property=\"article:modified_time\" content=\"2026-01-02T13:41:49+00:00\" \/>\n<meta property=\"og:image\" content=\"https:\/\/cornelliastudio.pl\/wp-content\/uploads\/2025\/12\/20250529_095333-scaled.jpg\" \/>\n\t<meta property=\"og:image:width\" content=\"2560\" \/>\n\t<meta property=\"og:image:height\" content=\"2560\" \/>\n\t<meta property=\"og:image:type\" content=\"image\/jpeg\" \/>\n<meta name=\"twitter:card\" content=\"summary_large_image\" \/>\n<meta name=\"twitter:label1\" content=\"Estimated reading time\" \/>\n\t<meta name=\"twitter:data1\" content=\"2 minutes\" \/>\n<script type=\"application\/ld+json\" class=\"yoast-schema-graph\">{\"@context\":\"https:\\\/\\\/schema.org\",\"@graph\":[{\"@type\":\"WebPage\",\"@id\":\"https:\\\/\\\/cornelliastudio.pl\\\/produkt\\\/eleganckie-kolczyki-z-lampworkiem-handmade-srebro-925-klasyczna-prostota\\\/\",\"url\":\"https:\\\/\\\/cornelliastudio.pl\\\/produkt\\\/eleganckie-kolczyki-z-lampworkiem-handmade-srebro-925-klasyczna-prostota\\\/\",\"name\":\"Eleganckie kolczyki z lampworkiem handmade \u2013 srebro 925, klasyczna prostota - Cornellia Studio\",\"isPartOf\":{\"@id\":\"https:\\\/\\\/cornelliastudio.pl\\\/#website\"},\"primaryImageOfPage\":{\"@id\":\"https:\\\/\\\/cornelliastudio.pl\\\/produkt\\\/eleganckie-kolczyki-z-lampworkiem-handmade-srebro-925-klasyczna-prostota\\\/#primaryimage\"},\"image\":{\"@id\":\"https:\\\/\\\/cornelliastudio.pl\\\/produkt\\\/eleganckie-kolczyki-z-lampworkiem-handmade-srebro-925-klasyczna-prostota\\\/#primaryimage\"},\"thumbnailUrl\":\"https:\\\/\\\/cornelliastudio.pl\\\/wp-content\\\/uploads\\\/2025\\\/12\\\/20250529_095333-scaled.jpg\",\"datePublished\":\"2025-12-04T17:19:38+00:00\",\"dateModified\":\"2026-01-02T13:41:49+00:00\",\"breadcrumb\":{\"@id\":\"https:\\\/\\\/cornelliastudio.pl\\\/produkt\\\/eleganckie-kolczyki-z-lampworkiem-handmade-srebro-925-klasyczna-prostota\\\/#breadcrumb\"},\"inLanguage\":\"en-GB\",\"potentialAction\":[{\"@type\":\"ReadAction\",\"target\":[\"https:\\\/\\\/cornelliastudio.pl\\\/produkt\\\/eleganckie-kolczyki-z-lampworkiem-handmade-srebro-925-klasyczna-prostota\\\/\"]}]},{\"@type\":\"ImageObject\",\"inLanguage\":\"en-GB\",\"@id\":\"https:\\\/\\\/cornelliastudio.pl\\\/produkt\\\/eleganckie-kolczyki-z-lampworkiem-handmade-srebro-925-klasyczna-prostota\\\/#primaryimage\",\"url\":\"https:\\\/\\\/cornelliastudio.pl\\\/wp-content\\\/uploads\\\/2025\\\/12\\\/20250529_095333-scaled.jpg\",\"contentUrl\":\"https:\\\/\\\/cornelliastudio.pl\\\/wp-content\\\/uploads\\\/2025\\\/12\\\/20250529_095333-scaled.jpg\",\"width\":2560,\"height\":2560},{\"@type\":\"BreadcrumbList\",\"@id\":\"https:\\\/\\\/cornelliastudio.pl\\\/produkt\\\/eleganckie-kolczyki-z-lampworkiem-handmade-srebro-925-klasyczna-prostota\\\/#breadcrumb\",\"itemListElement\":[{\"@type\":\"ListItem\",\"position\":1,\"name\":\"Strona g\u0142\u00f3wna\",\"item\":\"https:\\\/\\\/cornelliastudio.pl\\\/\"},{\"@type\":\"ListItem\",\"position\":2,\"name\":\"Sklep\",\"item\":\"https:\\\/\\\/cornelliastudio.pl\\\/sklep\\\/\"},{\"@type\":\"ListItem\",\"position\":3,\"name\":\"Eleganckie kolczyki z lampworkiem handmade \u2013 srebro 925, klasyczna prostota\"}]},{\"@type\":\"WebSite\",\"@id\":\"https:\\\/\\\/cornelliastudio.pl\\\/#website\",\"url\":\"https:\\\/\\\/cornelliastudio.pl\\\/\",\"name\":\"Cornellia Studio\",\"description\":\"Bi\u017cuteria artystyczna, hand made\",\"publisher\":{\"@id\":\"https:\\\/\\\/cornelliastudio.pl\\\/#organization\"},\"potentialAction\":[{\"@type\":\"SearchAction\",\"target\":{\"@type\":\"EntryPoint\",\"urlTemplate\":\"https:\\\/\\\/cornelliastudio.pl\\\/?s={search_term_string}\"},\"query-input\":{\"@type\":\"PropertyValueSpecification\",\"valueRequired\":true,\"valueName\":\"search_term_string\"}}],\"inLanguage\":\"en-GB\"},{\"@type\":\"Organization\",\"@id\":\"https:\\\/\\\/cornelliastudio.pl\\\/#organization\",\"name\":\"Cornellia Studio\",\"url\":\"https:\\\/\\\/cornelliastudio.pl\\\/\",\"logo\":{\"@type\":\"ImageObject\",\"inLanguage\":\"en-GB\",\"@id\":\"https:\\\/\\\/cornelliastudio.pl\\\/#\\\/schema\\\/logo\\\/image\\\/\",\"url\":\"https:\\\/\\\/cornelliastudio.pl\\\/wp-content\\\/uploads\\\/2025\\\/10\\\/Cornellia-Studio-logo.png\",\"contentUrl\":\"https:\\\/\\\/cornelliastudio.pl\\\/wp-content\\\/uploads\\\/2025\\\/10\\\/Cornellia-Studio-logo.png\",\"width\":1563,\"height\":1563,\"caption\":\"Cornellia Studio\"},\"image\":{\"@id\":\"https:\\\/\\\/cornelliastudio.pl\\\/#\\\/schema\\\/logo\\\/image\\\/\"}}]}<\/script>\n<!-- \/ Yoast SEO plugin. -->","yoast_head_json":{"title":"Eleganckie kolczyki z lampworkiem handmade \u2013 srebro 925, klasyczna prostota - Cornellia Studio","robots":{"index":"index","follow":"follow","max-snippet":"max-snippet:-1","max-image-preview":"max-image-preview:large","max-video-preview":"max-video-preview:-1"},"canonical":"https:\/\/cornelliastudio.pl\/en\/product\/eleganckie-kolczyki-z-lampworkiem-handmade-srebro-925-klasyczna-prostota\/","og_locale":"en_GB","og_type":"article","og_title":"Eleganckie kolczyki z lampworkiem handmade \u2013 srebro 925, klasyczna prostota - Cornellia Studio","og_description":"Eleganckie kolczyki z lampworkiem handmade \u2013 srebro 925, klasyczna prostota Eleganckie, r\u0119cznie wykonane kolczyki ze srebra 925 z mi\u0119towym lampworkiem. Delikatne, lekkie i klasyczne \u2013 idealne na co dzie\u0144 i do eleganckich stylizacji. Geometryczny element dodaje im nowoczesno\u015bci, a szk\u0142o lampwork (10 mm) pi\u0119knie odbija \u015bwiat\u0142o.","og_url":"https:\/\/cornelliastudio.pl\/en\/product\/eleganckie-kolczyki-z-lampworkiem-handmade-srebro-925-klasyczna-prostota\/","og_site_name":"Cornellia Studio","article_modified_time":"2026-01-02T13:41:49+00:00","og_image":[{"width":2560,"height":2560,"url":"https:\/\/cornelliastudio.pl\/wp-content\/uploads\/2025\/12\/20250529_095333-scaled.jpg","type":"image\/jpeg"}],"twitter_card":"summary_large_image","twitter_misc":{"Estimated reading time":"2 minutes"},"schema":{"@context":"https:\/\/schema.org","@graph":[{"@type":"WebPage","@id":"https:\/\/cornelliastudio.pl\/produkt\/eleganckie-kolczyki-z-lampworkiem-handmade-srebro-925-klasyczna-prostota\/","url":"https:\/\/cornelliastudio.pl\/produkt\/eleganckie-kolczyki-z-lampworkiem-handmade-srebro-925-klasyczna-prostota\/","name":"Eleganckie kolczyki z lampworkiem handmade \u2013 srebro 925, klasyczna prostota - Cornellia Studio","isPartOf":{"@id":"https:\/\/cornelliastudio.pl\/#website"},"primaryImageOfPage":{"@id":"https:\/\/cornelliastudio.pl\/produkt\/eleganckie-kolczyki-z-lampworkiem-handmade-srebro-925-klasyczna-prostota\/#primaryimage"},"image":{"@id":"https:\/\/cornelliastudio.pl\/produkt\/eleganckie-kolczyki-z-lampworkiem-handmade-srebro-925-klasyczna-prostota\/#primaryimage"},"thumbnailUrl":"https:\/\/cornelliastudio.pl\/wp-content\/uploads\/2025\/12\/20250529_095333-scaled.jpg","datePublished":"2025-12-04T17:19:38+00:00","dateModified":"2026-01-02T13:41:49+00:00","breadcrumb":{"@id":"https:\/\/cornelliastudio.pl\/produkt\/eleganckie-kolczyki-z-lampworkiem-handmade-srebro-925-klasyczna-prostota\/#breadcrumb"},"inLanguage":"en-GB","potentialAction":[{"@type":"ReadAction","target":["https:\/\/cornelliastudio.pl\/produkt\/eleganckie-kolczyki-z-lampworkiem-handmade-srebro-925-klasyczna-prostota\/"]}]},{"@type":"ImageObject","inLanguage":"en-GB","@id":"https:\/\/cornelliastudio.pl\/produkt\/eleganckie-kolczyki-z-lampworkiem-handmade-srebro-925-klasyczna-prostota\/#primaryimage","url":"https:\/\/cornelliastudio.pl\/wp-content\/uploads\/2025\/12\/20250529_095333-scaled.jpg","contentUrl":"https:\/\/cornelliastudio.pl\/wp-content\/uploads\/2025\/12\/20250529_095333-scaled.jpg","width":2560,"height":2560},{"@type":"BreadcrumbList","@id":"https:\/\/cornelliastudio.pl\/produkt\/eleganckie-kolczyki-z-lampworkiem-handmade-srebro-925-klasyczna-prostota\/#breadcrumb","itemListElement":[{"@type":"ListItem","position":1,"name":"Strona g\u0142\u00f3wna","item":"https:\/\/cornelliastudio.pl\/"},{"@type":"ListItem","position":2,"name":"Sklep","item":"https:\/\/cornelliastudio.pl\/sklep\/"},{"@type":"ListItem","position":3,"name":"Eleganckie kolczyki z lampworkiem handmade \u2013 srebro 925, klasyczna prostota"}]},{"@type":"WebSite","@id":"https:\/\/cornelliastudio.pl\/#website","url":"https:\/\/cornelliastudio.pl\/","name":"Cornellia Studio","description":"Bi\u017cuteria artystyczna, hand made","publisher":{"@id":"https:\/\/cornelliastudio.pl\/#organization"},"potentialAction":[{"@type":"SearchAction","target":{"@type":"EntryPoint","urlTemplate":"https:\/\/cornelliastudio.pl\/?s={search_term_string}"},"query-input":{"@type":"PropertyValueSpecification","valueRequired":true,"valueName":"search_term_string"}}],"inLanguage":"en-GB"},{"@type":"Organization","@id":"https:\/\/cornelliastudio.pl\/#organization","name":"Cornellia Studio","url":"https:\/\/cornelliastudio.pl\/","logo":{"@type":"ImageObject","inLanguage":"en-GB","@id":"https:\/\/cornelliastudio.pl\/#\/schema\/logo\/image\/","url":"https:\/\/cornelliastudio.pl\/wp-content\/uploads\/2025\/10\/Cornellia-Studio-logo.png","contentUrl":"https:\/\/cornelliastudio.pl\/wp-content\/uploads\/2025\/10\/Cornellia-Studio-logo.png","width":1563,"height":1563,"caption":"Cornellia Studio"},"image":{"@id":"https:\/\/cornelliastudio.pl\/#\/schema\/logo\/image\/"}}]}},"uagb_featured_image_src":{"full":["https:\/\/cornelliastudio.pl\/wp-content\/uploads\/2025\/12\/20250529_095333-scaled.jpg",2560,2560,false],"thumbnail":["https:\/\/cornelliastudio.pl\/wp-content\/uploads\/2025\/12\/20250529_095333-150x150.jpg",150,150,true],"medium":["https:\/\/cornelliastudio.pl\/wp-content\/uploads\/2025\/12\/20250529_095333-300x300.jpg",300,300,true],"medium_large":["https:\/\/cornelliastudio.pl\/wp-content\/uploads\/2025\/12\/20250529_095333-768x768.jpg",768,768,true],"large":["https:\/\/cornelliastudio.pl\/wp-content\/uploads\/2025\/12\/20250529_095333-1024x1024.jpg",1024,1024,true],"1536x1536":["https:\/\/cornelliastudio.pl\/wp-content\/uploads\/2025\/12\/20250529_095333-1536x1536.jpg",1536,1536,true],"2048x2048":["https:\/\/cornelliastudio.pl\/wp-content\/uploads\/2025\/12\/20250529_095333-2048x2048.jpg",2048,2048,true],"trp-custom-language-flag":["https:\/\/cornelliastudio.pl\/wp-content\/uploads\/2025\/12\/20250529_095333-scaled.jpg",12,12,false],"woocommerce_thumbnail":["https:\/\/cornelliastudio.pl\/wp-content\/uploads\/2025\/12\/20250529_095333-300x300.jpg",300,300,true],"woocommerce_single":["https:\/\/cornelliastudio.pl\/wp-content\/uploads\/2025\/12\/20250529_095333-600x600.jpg",600,600,true],"woocommerce_gallery_thumbnail":["https:\/\/cornelliastudio.pl\/wp-content\/uploads\/2025\/12\/20250529_095333-100x100.jpg",100,100,true]},"uagb_author_info":{"display_name":"Cornellia Studio","author_link":"https:\/\/cornelliastudio.pl\/en\/author\/"},"uagb_comment_info":0,"uagb_excerpt":"Eleganckie kolczyki z lampworkiem handmade \u2013 srebro 925, klasyczna prostota Eleganckie, r\u0119cznie wykonane kolczyki ze srebra 925 z mi\u0119towym lampworkiem. Delikatne, lekkie i klasyczne \u2013 idealne na co dzie\u0144 i do eleganckich stylizacji. Geometryczny element dodaje im nowoczesno\u015bci, a szk\u0142o lampwork (10 mm) pi\u0119knie odbija \u015bwiat\u0142o.","_links":{"self":[{"href":"https:\/\/cornelliastudio.pl\/en\/wp-json\/wp\/v2\/product\/2616","targetHints":{"allow":["GET"]}}],"collection":[{"href":"https:\/\/cornelliastudio.pl\/en\/wp-json\/wp\/v2\/product"}],"about":[{"href":"https:\/\/cornelliastudio.pl\/en\/wp-json\/wp\/v2\/types\/product"}],"replies":[{"embeddable":true,"href":"https:\/\/cornelliastudio.pl\/en\/wp-json\/wp\/v2\/comments?post=2616"}],"wp:featuredmedia":[{"embeddable":true,"href":"https:\/\/cornelliastudio.pl\/en\/wp-json\/wp\/v2\/media\/2622"}],"wp:attachment":[{"href":"https:\/\/cornelliastudio.pl\/en\/wp-json\/wp\/v2\/media?parent=2616"}],"wp:term":[{"taxonomy":"product_brand","embeddable":true,"href":"https:\/\/cornelliastudio.pl\/en\/wp-json\/wp\/v2\/product_brand?post=2616"},{"taxonomy":"product_cat","embeddable":true,"href":"https:\/\/cornelliastudio.pl\/en\/wp-json\/wp\/v2\/product_cat?post=2616"},{"taxonomy":"product_tag","embeddable":true,"href":"https:\/\/cornelliastudio.pl\/en\/wp-json\/wp\/v2\/product_tag?post=2616"}],"curies":[{"name":"wp","href":"https:\/\/api.w.org\/{rel}","templated":true}]}}