{"id":2589,"date":"2025-12-04T14:44:07","date_gmt":"2025-12-04T13:44:07","guid":{"rendered":"https:\/\/cornelliastudio.pl\/?post_type=product&#038;p=2589"},"modified":"2026-01-03T13:03:02","modified_gmt":"2026-01-03T12:03:02","slug":"kolczyki-srebrne-925-z-naturalnym-rubinem","status":"publish","type":"product","link":"https:\/\/cornelliastudio.pl\/en\/product\/kolczyki-srebrne-925-z-naturalnym-rubinem\/","title":{"rendered":"Sterling Silver 925 Earrings with Natural Ruby"},"content":{"rendered":"<h2><strong>Sterling Silver 925 Earrings with Natural Ruby<\/strong><\/h2>\n<p data-start=\"224\" data-end=\"500\">Elegant, subtle, and full of class, these earrings are crafted from sterling silver 925 and finished with natural rubies in a deep raspberry hue. The minimalist design with comfortable hoop closures makes them a perfect choice for both everyday wear and special occasions.<\/p>\n<p data-start=\"502\" data-end=\"654\">Ruby \u2014 a stone of passion and courage \u2014 adds a noble character to the jewelry, while the hand-formed silver details highlight the natural beauty of the gemstone.<\/p>\n<h2 data-start=\"656\" data-end=\"671\"><strong data-start=\"660\" data-end=\"671\">Dimensions<\/strong><\/h2>\n<ul data-start=\"672\" data-end=\"858\">\n<li data-start=\"672\" data-end=\"707\">\n<p data-start=\"674\" data-end=\"707\">earrings length: <strong data-start=\"693\" data-end=\"705\">approx. 3 cm<\/strong><\/p>\n<\/li>\n<li data-start=\"708\" data-end=\"738\">\n<p data-start=\"710\" data-end=\"738\">Ruby size: <strong data-start=\"728\" data-end=\"736\">8 mm<\/strong><\/p>\n<\/li>\n<li data-start=\"739\" data-end=\"791\">\n<p data-start=\"741\" data-end=\"791\">material: <strong data-start=\"751\" data-end=\"789\">925 sterling silver + natural ruby<\/strong><\/p>\n<\/li>\n<li data-start=\"792\" data-end=\"858\">\n<p data-start=\"794\" data-end=\"858\">closure: <strong data-start=\"804\" data-end=\"858\">comfortable hoop closures \u2013 rigid, secure, and elegant<\/strong><\/p>\n<\/li>\n<\/ul>\n<h2 data-start=\"860\" data-end=\"883\"><strong data-start=\"864\" data-end=\"883\">Why you\u2019ll love it<\/strong><\/h2>\n<p data-start=\"884\" data-end=\"1108\">\u2714 classic, timeless design<br data-start=\"915\" data-end=\"918\" \/>\u2714 perfect for those who appreciate delicate jewelry with character<br data-start=\"980\" data-end=\"983\" \/>\u2714 natural rubies \u2013 each stone is unique<br data-start=\"1036\" data-end=\"1039\" \/>\u2714 perfect for work, a date, or as a gift<br data-start=\"1080\" data-end=\"1083\" \/>\u2714 lightweight and very comfortable<\/p>\n<h2 data-start=\"1110\" data-end=\"1125\"><strong data-start=\"1114\" data-end=\"1125\">Gift<\/strong><\/h2>\n<p data-start=\"1126\" data-end=\"1262\">The earrings are shipped in an elegant gift box, ready to be given as a special present for a loved one-or as a beautiful treat for yourself.<\/p>","protected":false},"excerpt":{"rendered":"<h2>Silver Ruby Earrings \u2013 Elegance in a Minimalist Form<\/h2>\n<p>Delicate sterling silver 925 earrings featuring a natural 8 mm ruby. Elegant, timeless, and beautifully understated. Length: 3 cm. A perfect gift idea.<\/p>","protected":false},"featured_media":2584,"comment_status":"closed","ping_status":"closed","template":"","meta":{"_uag_custom_page_level_css":"","site-sidebar-layout":"default","site-content-layout":"","ast-site-content-layout":"default","site-content-style":"default","site-sidebar-style":"default","ast-global-header-display":"","ast-banner-title-visibility":"","ast-main-header-display":"","ast-hfb-above-header-display":"","ast-hfb-below-header-display":"","ast-hfb-mobile-header-display":"","site-post-title":"","ast-breadcrumbs-content":"","ast-featured-img":"","footer-sml-layout":"","ast-disable-related-posts":"","theme-transparent-header-meta":"default","adv-header-id-meta":"","stick-header-meta":"","header-above-stick-meta":"","header-main-stick-meta":"","header-below-stick-meta":"","astra-migrate-meta-layouts":"set","ast-page-background-enabled":"default","ast-page-background-meta":{"desktop":{"background-color":"var(--ast-global-color-4)","background-image":"","background-repeat":"repeat","background-position":"center center","background-size":"auto","background-attachment":"scroll","background-type":"","background-media":"","overlay-type":"","overlay-color":"","overlay-opacity":"","overlay-gradient":""},"tablet":{"background-color":"","background-image":"","background-repeat":"repeat","background-position":"center center","background-size":"auto","background-attachment":"scroll","background-type":"","background-media":"","overlay-type":"","overlay-color":"","overlay-opacity":"","overlay-gradient":""},"mobile":{"background-color":"","background-image":"","background-repeat":"repeat","background-position":"center center","background-size":"auto","background-attachment":"scroll","background-type":"","background-media":"","overlay-type":"","overlay-color":"","overlay-opacity":"","overlay-gradient":""}},"ast-content-background-meta":{"desktop":{"background-color":"var(--ast-global-color-5)","background-image":"","background-repeat":"repeat","background-position":"center center","background-size":"auto","background-attachment":"scroll","background-type":"","background-media":"","overlay-type":"","overlay-color":"","overlay-opacity":"","overlay-gradient":""},"tablet":{"background-color":"var(--ast-global-color-5)","background-image":"","background-repeat":"repeat","background-position":"center center","background-size":"auto","background-attachment":"scroll","background-type":"","background-media":"","overlay-type":"","overlay-color":"","overlay-opacity":"","overlay-gradient":""},"mobile":{"background-color":"var(--ast-global-color-5)","background-image":"","background-repeat":"repeat","background-position":"center center","background-size":"auto","background-attachment":"scroll","background-type":"","background-media":"","overlay-type":"","overlay-color":"","overlay-opacity":"","overlay-gradient":""}}},"product_brand":[201],"product_cat":[28,32,31],"product_tag":[209,325,210,264,405,448,188,192,187,315,215,214],"class_list":{"0":"post-2589","1":"product","2":"type-product","3":"status-publish","4":"has-post-thumbnail","6":"product_brand-cornellia-studio","7":"product_cat-kolczyki","8":"product_cat-mini-kolczyki","9":"product_cat-nowosci","10":"product_tag-delikatne-kolczyki","11":"product_tag-klasyczna-bizuteria","12":"product_tag-kolczyki-handmade","13":"product_tag-kolczyki-na-prezent","14":"product_tag-kolczyki-wiszace-925","15":"product_tag-kolczyki-z-rubinem","16":"product_tag-minimalistyczne-kolczyki","17":"product_tag-naturalne-kamienie","18":"product_tag-prezent-dla-niej","19":"product_tag-prezent-urodzinowy","20":"product_tag-srebro-925","21":"product_tag-wyjatkowy-prezent","22":"desktop-align-left","23":"tablet-align-left","24":"mobile-align-left","26":"first","27":"instock","28":"taxable","29":"shipping-taxable","30":"purchasable","31":"product-type-simple"},"yoast_head":"<!-- This site is optimized with the Yoast SEO plugin v27.4 - https:\/\/yoast.com\/product\/yoast-seo-wordpress\/ -->\n<title>Kolczyki srebrne 925 z naturalnym rubinem - Cornellia Studio<\/title>\n<meta name=\"robots\" content=\"index, follow, max-snippet:-1, max-image-preview:large, max-video-preview:-1\" \/>\n<link rel=\"canonical\" href=\"https:\/\/cornelliastudio.pl\/en\/product\/kolczyki-srebrne-925-z-naturalnym-rubinem\/\" \/>\n<meta property=\"og:locale\" content=\"en_GB\" \/>\n<meta property=\"og:type\" content=\"article\" \/>\n<meta property=\"og:title\" content=\"Kolczyki srebrne 925 z naturalnym rubinem - Cornellia Studio\" \/>\n<meta property=\"og:description\" content=\"Srebrne kolczyki z rubinem \u2013 elegancja w minimalistycznej formie Subtelne kolczyki ze srebra 925 z naturalnym rubinem 8 mm. Delikatne, eleganckie i ponadczasowe. D\u0142ugo\u015b\u0107 3 cm. Idealne na prezent.\" \/>\n<meta property=\"og:url\" content=\"https:\/\/cornelliastudio.pl\/en\/product\/kolczyki-srebrne-925-z-naturalnym-rubinem\/\" \/>\n<meta property=\"og:site_name\" content=\"Cornellia Studio\" \/>\n<meta property=\"article:modified_time\" content=\"2026-01-03T12:03:02+00:00\" \/>\n<meta property=\"og:image\" content=\"https:\/\/cornelliastudio.pl\/wp-content\/uploads\/2025\/12\/20250428_160324-scaled.jpg\" \/>\n\t<meta property=\"og:image:width\" content=\"2560\" \/>\n\t<meta property=\"og:image:height\" content=\"2560\" \/>\n\t<meta property=\"og:image:type\" content=\"image\/jpeg\" \/>\n<meta name=\"twitter:card\" content=\"summary_large_image\" \/>\n<meta name=\"twitter:label1\" content=\"Estimated reading time\" \/>\n\t<meta name=\"twitter:data1\" content=\"2 minutes\" \/>\n<script type=\"application\/ld+json\" class=\"yoast-schema-graph\">{\"@context\":\"https:\\\/\\\/schema.org\",\"@graph\":[{\"@type\":\"WebPage\",\"@id\":\"https:\\\/\\\/cornelliastudio.pl\\\/produkt\\\/kolczyki-srebrne-925-z-naturalnym-rubinem\\\/\",\"url\":\"https:\\\/\\\/cornelliastudio.pl\\\/produkt\\\/kolczyki-srebrne-925-z-naturalnym-rubinem\\\/\",\"name\":\"Kolczyki srebrne 925 z naturalnym rubinem - Cornellia Studio\",\"isPartOf\":{\"@id\":\"https:\\\/\\\/cornelliastudio.pl\\\/#website\"},\"primaryImageOfPage\":{\"@id\":\"https:\\\/\\\/cornelliastudio.pl\\\/produkt\\\/kolczyki-srebrne-925-z-naturalnym-rubinem\\\/#primaryimage\"},\"image\":{\"@id\":\"https:\\\/\\\/cornelliastudio.pl\\\/produkt\\\/kolczyki-srebrne-925-z-naturalnym-rubinem\\\/#primaryimage\"},\"thumbnailUrl\":\"https:\\\/\\\/cornelliastudio.pl\\\/wp-content\\\/uploads\\\/2025\\\/12\\\/20250428_160324-scaled.jpg\",\"datePublished\":\"2025-12-04T13:44:07+00:00\",\"dateModified\":\"2026-01-03T12:03:02+00:00\",\"breadcrumb\":{\"@id\":\"https:\\\/\\\/cornelliastudio.pl\\\/produkt\\\/kolczyki-srebrne-925-z-naturalnym-rubinem\\\/#breadcrumb\"},\"inLanguage\":\"en-GB\",\"potentialAction\":[{\"@type\":\"ReadAction\",\"target\":[\"https:\\\/\\\/cornelliastudio.pl\\\/produkt\\\/kolczyki-srebrne-925-z-naturalnym-rubinem\\\/\"]}]},{\"@type\":\"ImageObject\",\"inLanguage\":\"en-GB\",\"@id\":\"https:\\\/\\\/cornelliastudio.pl\\\/produkt\\\/kolczyki-srebrne-925-z-naturalnym-rubinem\\\/#primaryimage\",\"url\":\"https:\\\/\\\/cornelliastudio.pl\\\/wp-content\\\/uploads\\\/2025\\\/12\\\/20250428_160324-scaled.jpg\",\"contentUrl\":\"https:\\\/\\\/cornelliastudio.pl\\\/wp-content\\\/uploads\\\/2025\\\/12\\\/20250428_160324-scaled.jpg\",\"width\":2560,\"height\":2560},{\"@type\":\"BreadcrumbList\",\"@id\":\"https:\\\/\\\/cornelliastudio.pl\\\/produkt\\\/kolczyki-srebrne-925-z-naturalnym-rubinem\\\/#breadcrumb\",\"itemListElement\":[{\"@type\":\"ListItem\",\"position\":1,\"name\":\"Strona g\u0142\u00f3wna\",\"item\":\"https:\\\/\\\/cornelliastudio.pl\\\/\"},{\"@type\":\"ListItem\",\"position\":2,\"name\":\"Sklep\",\"item\":\"https:\\\/\\\/cornelliastudio.pl\\\/sklep\\\/\"},{\"@type\":\"ListItem\",\"position\":3,\"name\":\"Kolczyki srebrne 925 z naturalnym rubinem\"}]},{\"@type\":\"WebSite\",\"@id\":\"https:\\\/\\\/cornelliastudio.pl\\\/#website\",\"url\":\"https:\\\/\\\/cornelliastudio.pl\\\/\",\"name\":\"Cornellia Studio\",\"description\":\"Bi\u017cuteria artystyczna, hand made\",\"publisher\":{\"@id\":\"https:\\\/\\\/cornelliastudio.pl\\\/#organization\"},\"potentialAction\":[{\"@type\":\"SearchAction\",\"target\":{\"@type\":\"EntryPoint\",\"urlTemplate\":\"https:\\\/\\\/cornelliastudio.pl\\\/?s={search_term_string}\"},\"query-input\":{\"@type\":\"PropertyValueSpecification\",\"valueRequired\":true,\"valueName\":\"search_term_string\"}}],\"inLanguage\":\"en-GB\"},{\"@type\":\"Organization\",\"@id\":\"https:\\\/\\\/cornelliastudio.pl\\\/#organization\",\"name\":\"Cornellia Studio\",\"url\":\"https:\\\/\\\/cornelliastudio.pl\\\/\",\"logo\":{\"@type\":\"ImageObject\",\"inLanguage\":\"en-GB\",\"@id\":\"https:\\\/\\\/cornelliastudio.pl\\\/#\\\/schema\\\/logo\\\/image\\\/\",\"url\":\"https:\\\/\\\/cornelliastudio.pl\\\/wp-content\\\/uploads\\\/2025\\\/10\\\/Cornellia-Studio-logo.png\",\"contentUrl\":\"https:\\\/\\\/cornelliastudio.pl\\\/wp-content\\\/uploads\\\/2025\\\/10\\\/Cornellia-Studio-logo.png\",\"width\":1563,\"height\":1563,\"caption\":\"Cornellia Studio\"},\"image\":{\"@id\":\"https:\\\/\\\/cornelliastudio.pl\\\/#\\\/schema\\\/logo\\\/image\\\/\"}}]}<\/script>\n<!-- \/ Yoast SEO plugin. -->","yoast_head_json":{"title":"Kolczyki srebrne 925 z naturalnym rubinem - Cornellia Studio","robots":{"index":"index","follow":"follow","max-snippet":"max-snippet:-1","max-image-preview":"max-image-preview:large","max-video-preview":"max-video-preview:-1"},"canonical":"https:\/\/cornelliastudio.pl\/en\/product\/kolczyki-srebrne-925-z-naturalnym-rubinem\/","og_locale":"en_GB","og_type":"article","og_title":"Kolczyki srebrne 925 z naturalnym rubinem - Cornellia Studio","og_description":"Srebrne kolczyki z rubinem \u2013 elegancja w minimalistycznej formie Subtelne kolczyki ze srebra 925 z naturalnym rubinem 8 mm. Delikatne, eleganckie i ponadczasowe. D\u0142ugo\u015b\u0107 3 cm. Idealne na prezent.","og_url":"https:\/\/cornelliastudio.pl\/en\/product\/kolczyki-srebrne-925-z-naturalnym-rubinem\/","og_site_name":"Cornellia Studio","article_modified_time":"2026-01-03T12:03:02+00:00","og_image":[{"width":2560,"height":2560,"url":"https:\/\/cornelliastudio.pl\/wp-content\/uploads\/2025\/12\/20250428_160324-scaled.jpg","type":"image\/jpeg"}],"twitter_card":"summary_large_image","twitter_misc":{"Estimated reading time":"2 minutes"},"schema":{"@context":"https:\/\/schema.org","@graph":[{"@type":"WebPage","@id":"https:\/\/cornelliastudio.pl\/produkt\/kolczyki-srebrne-925-z-naturalnym-rubinem\/","url":"https:\/\/cornelliastudio.pl\/produkt\/kolczyki-srebrne-925-z-naturalnym-rubinem\/","name":"Kolczyki srebrne 925 z naturalnym rubinem - Cornellia Studio","isPartOf":{"@id":"https:\/\/cornelliastudio.pl\/#website"},"primaryImageOfPage":{"@id":"https:\/\/cornelliastudio.pl\/produkt\/kolczyki-srebrne-925-z-naturalnym-rubinem\/#primaryimage"},"image":{"@id":"https:\/\/cornelliastudio.pl\/produkt\/kolczyki-srebrne-925-z-naturalnym-rubinem\/#primaryimage"},"thumbnailUrl":"https:\/\/cornelliastudio.pl\/wp-content\/uploads\/2025\/12\/20250428_160324-scaled.jpg","datePublished":"2025-12-04T13:44:07+00:00","dateModified":"2026-01-03T12:03:02+00:00","breadcrumb":{"@id":"https:\/\/cornelliastudio.pl\/produkt\/kolczyki-srebrne-925-z-naturalnym-rubinem\/#breadcrumb"},"inLanguage":"en-GB","potentialAction":[{"@type":"ReadAction","target":["https:\/\/cornelliastudio.pl\/produkt\/kolczyki-srebrne-925-z-naturalnym-rubinem\/"]}]},{"@type":"ImageObject","inLanguage":"en-GB","@id":"https:\/\/cornelliastudio.pl\/produkt\/kolczyki-srebrne-925-z-naturalnym-rubinem\/#primaryimage","url":"https:\/\/cornelliastudio.pl\/wp-content\/uploads\/2025\/12\/20250428_160324-scaled.jpg","contentUrl":"https:\/\/cornelliastudio.pl\/wp-content\/uploads\/2025\/12\/20250428_160324-scaled.jpg","width":2560,"height":2560},{"@type":"BreadcrumbList","@id":"https:\/\/cornelliastudio.pl\/produkt\/kolczyki-srebrne-925-z-naturalnym-rubinem\/#breadcrumb","itemListElement":[{"@type":"ListItem","position":1,"name":"Strona g\u0142\u00f3wna","item":"https:\/\/cornelliastudio.pl\/"},{"@type":"ListItem","position":2,"name":"Sklep","item":"https:\/\/cornelliastudio.pl\/sklep\/"},{"@type":"ListItem","position":3,"name":"Kolczyki srebrne 925 z naturalnym rubinem"}]},{"@type":"WebSite","@id":"https:\/\/cornelliastudio.pl\/#website","url":"https:\/\/cornelliastudio.pl\/","name":"Cornellia Studio","description":"Bi\u017cuteria artystyczna, hand made","publisher":{"@id":"https:\/\/cornelliastudio.pl\/#organization"},"potentialAction":[{"@type":"SearchAction","target":{"@type":"EntryPoint","urlTemplate":"https:\/\/cornelliastudio.pl\/?s={search_term_string}"},"query-input":{"@type":"PropertyValueSpecification","valueRequired":true,"valueName":"search_term_string"}}],"inLanguage":"en-GB"},{"@type":"Organization","@id":"https:\/\/cornelliastudio.pl\/#organization","name":"Cornellia Studio","url":"https:\/\/cornelliastudio.pl\/","logo":{"@type":"ImageObject","inLanguage":"en-GB","@id":"https:\/\/cornelliastudio.pl\/#\/schema\/logo\/image\/","url":"https:\/\/cornelliastudio.pl\/wp-content\/uploads\/2025\/10\/Cornellia-Studio-logo.png","contentUrl":"https:\/\/cornelliastudio.pl\/wp-content\/uploads\/2025\/10\/Cornellia-Studio-logo.png","width":1563,"height":1563,"caption":"Cornellia Studio"},"image":{"@id":"https:\/\/cornelliastudio.pl\/#\/schema\/logo\/image\/"}}]}},"uagb_featured_image_src":{"full":["https:\/\/cornelliastudio.pl\/wp-content\/uploads\/2025\/12\/20250428_160324-scaled.jpg",2560,2560,false],"thumbnail":["https:\/\/cornelliastudio.pl\/wp-content\/uploads\/2025\/12\/20250428_160324-150x150.jpg",150,150,true],"medium":["https:\/\/cornelliastudio.pl\/wp-content\/uploads\/2025\/12\/20250428_160324-300x300.jpg",300,300,true],"medium_large":["https:\/\/cornelliastudio.pl\/wp-content\/uploads\/2025\/12\/20250428_160324-768x768.jpg",768,768,true],"large":["https:\/\/cornelliastudio.pl\/wp-content\/uploads\/2025\/12\/20250428_160324-1024x1024.jpg",1024,1024,true],"1536x1536":["https:\/\/cornelliastudio.pl\/wp-content\/uploads\/2025\/12\/20250428_160324-1536x1536.jpg",1536,1536,true],"2048x2048":["https:\/\/cornelliastudio.pl\/wp-content\/uploads\/2025\/12\/20250428_160324-2048x2048.jpg",2048,2048,true],"trp-custom-language-flag":["https:\/\/cornelliastudio.pl\/wp-content\/uploads\/2025\/12\/20250428_160324-scaled.jpg",12,12,false],"woocommerce_thumbnail":["https:\/\/cornelliastudio.pl\/wp-content\/uploads\/2025\/12\/20250428_160324-300x300.jpg",300,300,true],"woocommerce_single":["https:\/\/cornelliastudio.pl\/wp-content\/uploads\/2025\/12\/20250428_160324-600x600.jpg",600,600,true],"woocommerce_gallery_thumbnail":["https:\/\/cornelliastudio.pl\/wp-content\/uploads\/2025\/12\/20250428_160324-100x100.jpg",100,100,true]},"uagb_author_info":{"display_name":"Cornellia Studio","author_link":"https:\/\/cornelliastudio.pl\/en\/author\/"},"uagb_comment_info":0,"uagb_excerpt":"Srebrne kolczyki z rubinem \u2013 elegancja w minimalistycznej formie Subtelne kolczyki ze srebra 925 z naturalnym rubinem 8 mm. Delikatne, eleganckie i ponadczasowe. D\u0142ugo\u015b\u0107 3 cm. Idealne na prezent.","_links":{"self":[{"href":"https:\/\/cornelliastudio.pl\/en\/wp-json\/wp\/v2\/product\/2589","targetHints":{"allow":["GET"]}}],"collection":[{"href":"https:\/\/cornelliastudio.pl\/en\/wp-json\/wp\/v2\/product"}],"about":[{"href":"https:\/\/cornelliastudio.pl\/en\/wp-json\/wp\/v2\/types\/product"}],"replies":[{"embeddable":true,"href":"https:\/\/cornelliastudio.pl\/en\/wp-json\/wp\/v2\/comments?post=2589"}],"wp:featuredmedia":[{"embeddable":true,"href":"https:\/\/cornelliastudio.pl\/en\/wp-json\/wp\/v2\/media\/2584"}],"wp:attachment":[{"href":"https:\/\/cornelliastudio.pl\/en\/wp-json\/wp\/v2\/media?parent=2589"}],"wp:term":[{"taxonomy":"product_brand","embeddable":true,"href":"https:\/\/cornelliastudio.pl\/en\/wp-json\/wp\/v2\/product_brand?post=2589"},{"taxonomy":"product_cat","embeddable":true,"href":"https:\/\/cornelliastudio.pl\/en\/wp-json\/wp\/v2\/product_cat?post=2589"},{"taxonomy":"product_tag","embeddable":true,"href":"https:\/\/cornelliastudio.pl\/en\/wp-json\/wp\/v2\/product_tag?post=2589"}],"curies":[{"name":"wp","href":"https:\/\/api.w.org\/{rel}","templated":true}]}}