{"id":2514,"date":"2025-12-02T17:13:55","date_gmt":"2025-12-02T16:13:55","guid":{"rendered":"https:\/\/cornelliastudio.pl\/?post_type=product&#038;p=2514"},"modified":"2026-01-02T18:55:59","modified_gmt":"2026-01-02T17:55:59","slug":"recznie-robione-kolczyki-z-rodochrozytem-i-srebrem-925-dlugie-eleganckie-kolczyki-z-elementem-bali","status":"publish","type":"product","link":"https:\/\/cornelliastudio.pl\/en\/product\/recznie-robione-kolczyki-z-rodochrozytem-i-srebrem-925-dlugie-eleganckie-kolczyki-z-elementem-bali\/","title":{"rendered":"Handmade Rhodochrosite and 925 Sterling Silver Earrings \u2013 Long Elegant Earrings with Bali Silver Element"},"content":{"rendered":"<h2 data-start=\"166\" data-end=\"507\">Rhodochrosite and 925 Sterling Silver Earrings<\/h2>\n<p data-start=\"166\" data-end=\"507\">Unique, Handmade Earrings with Natural <em data-start=\"216\" data-end=\"231\">with natural rhodochrosite<\/em> -a gemstone with a beautiful, warm raspberry hue, long associated with delicacy, love, and feminine energy. These lightweight and elegant earrings are crafted on long, minimalist 925 sterling silver hooks, subtly elongating the neckline.<\/p>\n<p data-start=\"509\" data-end=\"722\">The centerpiece features an ornamental element <em data-start=\"554\" data-end=\"560\">Bali<\/em>adding an artistic, slightly ethnic character to the jewelry. These earrings are perfect for everyday wear, for work, or special occasions \u2014 they enhance your style without being overpowering.<\/p>\n<h2 data-start=\"724\" data-end=\"749\"><strong data-start=\"724\" data-end=\"747\">Product details:<\/strong><\/h2>\n<ul data-start=\"750\" data-end=\"1076\">\n<li data-start=\"750\" data-end=\"784\">\n<p data-start=\"752\" data-end=\"784\"><strong data-start=\"752\" data-end=\"765\">Material:<\/strong> 925  sterling silver<\/p>\n<\/li>\n<li data-start=\"785\" data-end=\"824\">\n<p data-start=\"787\" data-end=\"824\"><strong data-start=\"787\" data-end=\"800\">Gemstones:<\/strong> natural rhodochrosite<\/p>\n<\/li>\n<li data-start=\"825\" data-end=\"880\">\n<p data-start=\"827\" data-end=\"880\"><strong data-start=\"827\" data-end=\"848\">Stone size:<\/strong> 4 \u00d7 4 mm (faceted cut)<\/p>\n<\/li>\n<li data-start=\"881\" data-end=\"917\">\n<p data-start=\"883\" data-end=\"917\"><strong data-start=\"883\" data-end=\"905\">Earring length:<\/strong> 45mm<\/p>\n<\/li>\n<li data-start=\"918\" data-end=\"970\">\n<p data-start=\"920\" data-end=\"970\"><strong data-start=\"920\" data-end=\"929\">Style:<\/strong> minimalist, ethnic, bohemian, and elegant design<\/p>\n<\/li>\n<li data-start=\"971\" data-end=\"1026\">\n<p data-start=\"973\" data-end=\"1026\"><strong data-start=\"973\" data-end=\"993\">Closure type:<\/strong> long, hand-formed ear wires<\/p>\n<\/li>\n<li data-start=\"1027\" data-end=\"1076\">\n<p data-start=\"1029\" data-end=\"1076\"><strong data-start=\"1029\" data-end=\"1045\">Finish:<\/strong> decorative Bali silver element<\/p>\n<\/li>\n<\/ul>\n<p data-start=\"1078\" data-end=\"1218\">These earrings make a wonderful gift for someone who loves handmade jewelry, natural gemstones, and jewelry with a soul \u2014 warm, subtle, and artistic.<\/p>","protected":false},"excerpt":{"rendered":"<h2>Elegant Rhodochrosite Earrings with Bali Silver Element \u2013 Handmade, 45 mm<\/h2>\n<p>Delicate, handmade 925 sterling silver earrings with natural rhodochrosite and an ornamental Bali silver element. The subtle tube form beautifully highlights the warm pink tones of the gemstone.\nEarring length: 45 mm. Stone size: 4 \u00d7 4 mm.<\/p>","protected":false},"featured_media":2516,"comment_status":"closed","ping_status":"closed","template":"","meta":{"_uag_custom_page_level_css":"","site-sidebar-layout":"default","site-content-layout":"","ast-site-content-layout":"default","site-content-style":"default","site-sidebar-style":"default","ast-global-header-display":"","ast-banner-title-visibility":"","ast-main-header-display":"","ast-hfb-above-header-display":"","ast-hfb-below-header-display":"","ast-hfb-mobile-header-display":"","site-post-title":"","ast-breadcrumbs-content":"","ast-featured-img":"","footer-sml-layout":"","ast-disable-related-posts":"","theme-transparent-header-meta":"default","adv-header-id-meta":"","stick-header-meta":"","header-above-stick-meta":"","header-main-stick-meta":"","header-below-stick-meta":"","astra-migrate-meta-layouts":"set","ast-page-background-enabled":"default","ast-page-background-meta":{"desktop":{"background-color":"var(--ast-global-color-4)","background-image":"","background-repeat":"repeat","background-position":"center center","background-size":"auto","background-attachment":"scroll","background-type":"","background-media":"","overlay-type":"","overlay-color":"","overlay-opacity":"","overlay-gradient":""},"tablet":{"background-color":"","background-image":"","background-repeat":"repeat","background-position":"center center","background-size":"auto","background-attachment":"scroll","background-type":"","background-media":"","overlay-type":"","overlay-color":"","overlay-opacity":"","overlay-gradient":""},"mobile":{"background-color":"","background-image":"","background-repeat":"repeat","background-position":"center center","background-size":"auto","background-attachment":"scroll","background-type":"","background-media":"","overlay-type":"","overlay-color":"","overlay-opacity":"","overlay-gradient":""}},"ast-content-background-meta":{"desktop":{"background-color":"var(--ast-global-color-5)","background-image":"","background-repeat":"repeat","background-position":"center center","background-size":"auto","background-attachment":"scroll","background-type":"","background-media":"","overlay-type":"","overlay-color":"","overlay-opacity":"","overlay-gradient":""},"tablet":{"background-color":"var(--ast-global-color-5)","background-image":"","background-repeat":"repeat","background-position":"center center","background-size":"auto","background-attachment":"scroll","background-type":"","background-media":"","overlay-type":"","overlay-color":"","overlay-opacity":"","overlay-gradient":""},"mobile":{"background-color":"var(--ast-global-color-5)","background-image":"","background-repeat":"repeat","background-position":"center center","background-size":"auto","background-attachment":"scroll","background-type":"","background-media":"","overlay-type":"","overlay-color":"","overlay-opacity":"","overlay-gradient":""}}},"product_brand":[],"product_cat":[30,28,31],"product_tag":[324,212,189,414,413,283,264,412,257,301,187,315,411,215,256,208,214],"class_list":{"0":"post-2514","1":"product","2":"type-product","3":"status-publish","4":"has-post-thumbnail","6":"product_cat-bestsellery","7":"product_cat-kolczyki","8":"product_cat-nowosci","9":"product_tag-bizuteria-artystyczna","10":"product_tag-bizuteria-boho","11":"product_tag-bizuteria-handmade","12":"product_tag-etno-bizuteria","13":"product_tag-kolczyki-bali","14":"product_tag-kolczyki-boho","15":"product_tag-kolczyki-na-prezent","16":"product_tag-kolczyki-rodochrozyt","17":"product_tag-prezent-dla-kobiety","18":"product_tag-prezent-dla-mamy","19":"product_tag-prezent-dla-niej","20":"product_tag-prezent-urodzinowy","21":"product_tag-rodochrozyt","22":"product_tag-srebro-925","23":"product_tag-srebro-925-handmade","24":"product_tag-srebro-proby-925","25":"product_tag-wyjatkowy-prezent","26":"desktop-align-left","27":"tablet-align-left","28":"mobile-align-left","30":"first","31":"instock","32":"taxable","33":"shipping-taxable","34":"purchasable","35":"product-type-simple"},"yoast_head":"<!-- This site is optimized with the Yoast SEO plugin v27.4 - https:\/\/yoast.com\/product\/yoast-seo-wordpress\/ -->\n<title>R\u0119cznie robione kolczyki z rodochrozytem i srebrem 925 \u2013 d\u0142ugie eleganckie kolczyki z elementem Bali - Cornellia Studio<\/title>\n<meta name=\"robots\" content=\"index, follow, max-snippet:-1, max-image-preview:large, max-video-preview:-1\" \/>\n<link rel=\"canonical\" href=\"https:\/\/cornelliastudio.pl\/en\/product\/recznie-robione-kolczyki-z-rodochrozytem-i-srebrem-925-dlugie-eleganckie-kolczyki-z-elementem-bali\/\" \/>\n<meta property=\"og:locale\" content=\"en_GB\" \/>\n<meta property=\"og:type\" content=\"article\" \/>\n<meta property=\"og:title\" content=\"R\u0119cznie robione kolczyki z rodochrozytem i srebrem 925 \u2013 d\u0142ugie eleganckie kolczyki z elementem Bali - Cornellia Studio\" \/>\n<meta property=\"og:description\" content=\"Eleganckie kolczyki z rodochrozytem i srebrnym elementem Bali \u2013 r\u0119czna praca, 45 mm Delikatne, r\u0119cznie wykonane kolczyki ze srebra 925 z naturalnym rodochrozytem i ozdobnym elementem Bali. Subtelna forma tuby pi\u0119knie podkre\u015bla ciep\u0142y r\u00f3\u017c minera\u0142u. D\u0142ugo\u015b\u0107 kolczyk\u00f3w: 45 mm, kamienie 4\u00d74 mm.\" \/>\n<meta property=\"og:url\" content=\"https:\/\/cornelliastudio.pl\/en\/product\/recznie-robione-kolczyki-z-rodochrozytem-i-srebrem-925-dlugie-eleganckie-kolczyki-z-elementem-bali\/\" \/>\n<meta property=\"og:site_name\" content=\"Cornellia Studio\" \/>\n<meta property=\"article:modified_time\" content=\"2026-01-02T17:55:59+00:00\" \/>\n<meta property=\"og:image\" content=\"https:\/\/cornelliastudio.pl\/wp-content\/uploads\/2025\/12\/20250428_172420-scaled.jpg\" \/>\n\t<meta property=\"og:image:width\" content=\"2560\" \/>\n\t<meta property=\"og:image:height\" content=\"2560\" \/>\n\t<meta property=\"og:image:type\" content=\"image\/jpeg\" \/>\n<meta name=\"twitter:card\" content=\"summary_large_image\" \/>\n<meta name=\"twitter:label1\" content=\"Estimated reading time\" \/>\n\t<meta name=\"twitter:data1\" content=\"2 minutes\" \/>\n<script type=\"application\/ld+json\" class=\"yoast-schema-graph\">{\"@context\":\"https:\\\/\\\/schema.org\",\"@graph\":[{\"@type\":\"WebPage\",\"@id\":\"https:\\\/\\\/cornelliastudio.pl\\\/produkt\\\/recznie-robione-kolczyki-z-rodochrozytem-i-srebrem-925-dlugie-eleganckie-kolczyki-z-elementem-bali\\\/\",\"url\":\"https:\\\/\\\/cornelliastudio.pl\\\/produkt\\\/recznie-robione-kolczyki-z-rodochrozytem-i-srebrem-925-dlugie-eleganckie-kolczyki-z-elementem-bali\\\/\",\"name\":\"R\u0119cznie robione kolczyki z rodochrozytem i srebrem 925 \u2013 d\u0142ugie eleganckie kolczyki z elementem Bali - Cornellia Studio\",\"isPartOf\":{\"@id\":\"https:\\\/\\\/cornelliastudio.pl\\\/#website\"},\"primaryImageOfPage\":{\"@id\":\"https:\\\/\\\/cornelliastudio.pl\\\/produkt\\\/recznie-robione-kolczyki-z-rodochrozytem-i-srebrem-925-dlugie-eleganckie-kolczyki-z-elementem-bali\\\/#primaryimage\"},\"image\":{\"@id\":\"https:\\\/\\\/cornelliastudio.pl\\\/produkt\\\/recznie-robione-kolczyki-z-rodochrozytem-i-srebrem-925-dlugie-eleganckie-kolczyki-z-elementem-bali\\\/#primaryimage\"},\"thumbnailUrl\":\"https:\\\/\\\/cornelliastudio.pl\\\/wp-content\\\/uploads\\\/2025\\\/12\\\/20250428_172420-scaled.jpg\",\"datePublished\":\"2025-12-02T16:13:55+00:00\",\"dateModified\":\"2026-01-02T17:55:59+00:00\",\"breadcrumb\":{\"@id\":\"https:\\\/\\\/cornelliastudio.pl\\\/produkt\\\/recznie-robione-kolczyki-z-rodochrozytem-i-srebrem-925-dlugie-eleganckie-kolczyki-z-elementem-bali\\\/#breadcrumb\"},\"inLanguage\":\"en-GB\",\"potentialAction\":[{\"@type\":\"ReadAction\",\"target\":[\"https:\\\/\\\/cornelliastudio.pl\\\/produkt\\\/recznie-robione-kolczyki-z-rodochrozytem-i-srebrem-925-dlugie-eleganckie-kolczyki-z-elementem-bali\\\/\"]}]},{\"@type\":\"ImageObject\",\"inLanguage\":\"en-GB\",\"@id\":\"https:\\\/\\\/cornelliastudio.pl\\\/produkt\\\/recznie-robione-kolczyki-z-rodochrozytem-i-srebrem-925-dlugie-eleganckie-kolczyki-z-elementem-bali\\\/#primaryimage\",\"url\":\"https:\\\/\\\/cornelliastudio.pl\\\/wp-content\\\/uploads\\\/2025\\\/12\\\/20250428_172420-scaled.jpg\",\"contentUrl\":\"https:\\\/\\\/cornelliastudio.pl\\\/wp-content\\\/uploads\\\/2025\\\/12\\\/20250428_172420-scaled.jpg\",\"width\":2560,\"height\":2560},{\"@type\":\"BreadcrumbList\",\"@id\":\"https:\\\/\\\/cornelliastudio.pl\\\/produkt\\\/recznie-robione-kolczyki-z-rodochrozytem-i-srebrem-925-dlugie-eleganckie-kolczyki-z-elementem-bali\\\/#breadcrumb\",\"itemListElement\":[{\"@type\":\"ListItem\",\"position\":1,\"name\":\"Strona g\u0142\u00f3wna\",\"item\":\"https:\\\/\\\/cornelliastudio.pl\\\/\"},{\"@type\":\"ListItem\",\"position\":2,\"name\":\"Sklep\",\"item\":\"https:\\\/\\\/cornelliastudio.pl\\\/sklep\\\/\"},{\"@type\":\"ListItem\",\"position\":3,\"name\":\"R\u0119cznie robione kolczyki z rodochrozytem i srebrem 925 \u2013 d\u0142ugie eleganckie kolczyki z elementem Bali\"}]},{\"@type\":\"WebSite\",\"@id\":\"https:\\\/\\\/cornelliastudio.pl\\\/#website\",\"url\":\"https:\\\/\\\/cornelliastudio.pl\\\/\",\"name\":\"Cornellia Studio\",\"description\":\"Bi\u017cuteria artystyczna, hand made\",\"publisher\":{\"@id\":\"https:\\\/\\\/cornelliastudio.pl\\\/#organization\"},\"potentialAction\":[{\"@type\":\"SearchAction\",\"target\":{\"@type\":\"EntryPoint\",\"urlTemplate\":\"https:\\\/\\\/cornelliastudio.pl\\\/?s={search_term_string}\"},\"query-input\":{\"@type\":\"PropertyValueSpecification\",\"valueRequired\":true,\"valueName\":\"search_term_string\"}}],\"inLanguage\":\"en-GB\"},{\"@type\":\"Organization\",\"@id\":\"https:\\\/\\\/cornelliastudio.pl\\\/#organization\",\"name\":\"Cornellia Studio\",\"url\":\"https:\\\/\\\/cornelliastudio.pl\\\/\",\"logo\":{\"@type\":\"ImageObject\",\"inLanguage\":\"en-GB\",\"@id\":\"https:\\\/\\\/cornelliastudio.pl\\\/#\\\/schema\\\/logo\\\/image\\\/\",\"url\":\"https:\\\/\\\/cornelliastudio.pl\\\/wp-content\\\/uploads\\\/2025\\\/10\\\/Cornellia-Studio-logo.png\",\"contentUrl\":\"https:\\\/\\\/cornelliastudio.pl\\\/wp-content\\\/uploads\\\/2025\\\/10\\\/Cornellia-Studio-logo.png\",\"width\":1563,\"height\":1563,\"caption\":\"Cornellia Studio\"},\"image\":{\"@id\":\"https:\\\/\\\/cornelliastudio.pl\\\/#\\\/schema\\\/logo\\\/image\\\/\"}}]}<\/script>\n<!-- \/ Yoast SEO plugin. -->","yoast_head_json":{"title":"R\u0119cznie robione kolczyki z rodochrozytem i srebrem 925 \u2013 d\u0142ugie eleganckie kolczyki z elementem Bali - Cornellia Studio","robots":{"index":"index","follow":"follow","max-snippet":"max-snippet:-1","max-image-preview":"max-image-preview:large","max-video-preview":"max-video-preview:-1"},"canonical":"https:\/\/cornelliastudio.pl\/en\/product\/recznie-robione-kolczyki-z-rodochrozytem-i-srebrem-925-dlugie-eleganckie-kolczyki-z-elementem-bali\/","og_locale":"en_GB","og_type":"article","og_title":"R\u0119cznie robione kolczyki z rodochrozytem i srebrem 925 \u2013 d\u0142ugie eleganckie kolczyki z elementem Bali - Cornellia Studio","og_description":"Eleganckie kolczyki z rodochrozytem i srebrnym elementem Bali \u2013 r\u0119czna praca, 45 mm Delikatne, r\u0119cznie wykonane kolczyki ze srebra 925 z naturalnym rodochrozytem i ozdobnym elementem Bali. Subtelna forma tuby pi\u0119knie podkre\u015bla ciep\u0142y r\u00f3\u017c minera\u0142u. D\u0142ugo\u015b\u0107 kolczyk\u00f3w: 45 mm, kamienie 4\u00d74 mm.","og_url":"https:\/\/cornelliastudio.pl\/en\/product\/recznie-robione-kolczyki-z-rodochrozytem-i-srebrem-925-dlugie-eleganckie-kolczyki-z-elementem-bali\/","og_site_name":"Cornellia Studio","article_modified_time":"2026-01-02T17:55:59+00:00","og_image":[{"width":2560,"height":2560,"url":"https:\/\/cornelliastudio.pl\/wp-content\/uploads\/2025\/12\/20250428_172420-scaled.jpg","type":"image\/jpeg"}],"twitter_card":"summary_large_image","twitter_misc":{"Estimated reading time":"2 minutes"},"schema":{"@context":"https:\/\/schema.org","@graph":[{"@type":"WebPage","@id":"https:\/\/cornelliastudio.pl\/produkt\/recznie-robione-kolczyki-z-rodochrozytem-i-srebrem-925-dlugie-eleganckie-kolczyki-z-elementem-bali\/","url":"https:\/\/cornelliastudio.pl\/produkt\/recznie-robione-kolczyki-z-rodochrozytem-i-srebrem-925-dlugie-eleganckie-kolczyki-z-elementem-bali\/","name":"R\u0119cznie robione kolczyki z rodochrozytem i srebrem 925 \u2013 d\u0142ugie eleganckie kolczyki z elementem Bali - Cornellia Studio","isPartOf":{"@id":"https:\/\/cornelliastudio.pl\/#website"},"primaryImageOfPage":{"@id":"https:\/\/cornelliastudio.pl\/produkt\/recznie-robione-kolczyki-z-rodochrozytem-i-srebrem-925-dlugie-eleganckie-kolczyki-z-elementem-bali\/#primaryimage"},"image":{"@id":"https:\/\/cornelliastudio.pl\/produkt\/recznie-robione-kolczyki-z-rodochrozytem-i-srebrem-925-dlugie-eleganckie-kolczyki-z-elementem-bali\/#primaryimage"},"thumbnailUrl":"https:\/\/cornelliastudio.pl\/wp-content\/uploads\/2025\/12\/20250428_172420-scaled.jpg","datePublished":"2025-12-02T16:13:55+00:00","dateModified":"2026-01-02T17:55:59+00:00","breadcrumb":{"@id":"https:\/\/cornelliastudio.pl\/produkt\/recznie-robione-kolczyki-z-rodochrozytem-i-srebrem-925-dlugie-eleganckie-kolczyki-z-elementem-bali\/#breadcrumb"},"inLanguage":"en-GB","potentialAction":[{"@type":"ReadAction","target":["https:\/\/cornelliastudio.pl\/produkt\/recznie-robione-kolczyki-z-rodochrozytem-i-srebrem-925-dlugie-eleganckie-kolczyki-z-elementem-bali\/"]}]},{"@type":"ImageObject","inLanguage":"en-GB","@id":"https:\/\/cornelliastudio.pl\/produkt\/recznie-robione-kolczyki-z-rodochrozytem-i-srebrem-925-dlugie-eleganckie-kolczyki-z-elementem-bali\/#primaryimage","url":"https:\/\/cornelliastudio.pl\/wp-content\/uploads\/2025\/12\/20250428_172420-scaled.jpg","contentUrl":"https:\/\/cornelliastudio.pl\/wp-content\/uploads\/2025\/12\/20250428_172420-scaled.jpg","width":2560,"height":2560},{"@type":"BreadcrumbList","@id":"https:\/\/cornelliastudio.pl\/produkt\/recznie-robione-kolczyki-z-rodochrozytem-i-srebrem-925-dlugie-eleganckie-kolczyki-z-elementem-bali\/#breadcrumb","itemListElement":[{"@type":"ListItem","position":1,"name":"Strona g\u0142\u00f3wna","item":"https:\/\/cornelliastudio.pl\/"},{"@type":"ListItem","position":2,"name":"Sklep","item":"https:\/\/cornelliastudio.pl\/sklep\/"},{"@type":"ListItem","position":3,"name":"R\u0119cznie robione kolczyki z rodochrozytem i srebrem 925 \u2013 d\u0142ugie eleganckie kolczyki z elementem Bali"}]},{"@type":"WebSite","@id":"https:\/\/cornelliastudio.pl\/#website","url":"https:\/\/cornelliastudio.pl\/","name":"Cornellia Studio","description":"Bi\u017cuteria artystyczna, hand made","publisher":{"@id":"https:\/\/cornelliastudio.pl\/#organization"},"potentialAction":[{"@type":"SearchAction","target":{"@type":"EntryPoint","urlTemplate":"https:\/\/cornelliastudio.pl\/?s={search_term_string}"},"query-input":{"@type":"PropertyValueSpecification","valueRequired":true,"valueName":"search_term_string"}}],"inLanguage":"en-GB"},{"@type":"Organization","@id":"https:\/\/cornelliastudio.pl\/#organization","name":"Cornellia Studio","url":"https:\/\/cornelliastudio.pl\/","logo":{"@type":"ImageObject","inLanguage":"en-GB","@id":"https:\/\/cornelliastudio.pl\/#\/schema\/logo\/image\/","url":"https:\/\/cornelliastudio.pl\/wp-content\/uploads\/2025\/10\/Cornellia-Studio-logo.png","contentUrl":"https:\/\/cornelliastudio.pl\/wp-content\/uploads\/2025\/10\/Cornellia-Studio-logo.png","width":1563,"height":1563,"caption":"Cornellia Studio"},"image":{"@id":"https:\/\/cornelliastudio.pl\/#\/schema\/logo\/image\/"}}]}},"uagb_featured_image_src":{"full":["https:\/\/cornelliastudio.pl\/wp-content\/uploads\/2025\/12\/20250428_172420-scaled.jpg",2560,2560,false],"thumbnail":["https:\/\/cornelliastudio.pl\/wp-content\/uploads\/2025\/12\/20250428_172420-150x150.jpg",150,150,true],"medium":["https:\/\/cornelliastudio.pl\/wp-content\/uploads\/2025\/12\/20250428_172420-300x300.jpg",300,300,true],"medium_large":["https:\/\/cornelliastudio.pl\/wp-content\/uploads\/2025\/12\/20250428_172420-768x768.jpg",768,768,true],"large":["https:\/\/cornelliastudio.pl\/wp-content\/uploads\/2025\/12\/20250428_172420-1024x1024.jpg",1024,1024,true],"1536x1536":["https:\/\/cornelliastudio.pl\/wp-content\/uploads\/2025\/12\/20250428_172420-1536x1536.jpg",1536,1536,true],"2048x2048":["https:\/\/cornelliastudio.pl\/wp-content\/uploads\/2025\/12\/20250428_172420-2048x2048.jpg",2048,2048,true],"trp-custom-language-flag":["https:\/\/cornelliastudio.pl\/wp-content\/uploads\/2025\/12\/20250428_172420-scaled.jpg",12,12,false],"woocommerce_thumbnail":["https:\/\/cornelliastudio.pl\/wp-content\/uploads\/2025\/12\/20250428_172420-300x300.jpg",300,300,true],"woocommerce_single":["https:\/\/cornelliastudio.pl\/wp-content\/uploads\/2025\/12\/20250428_172420-600x600.jpg",600,600,true],"woocommerce_gallery_thumbnail":["https:\/\/cornelliastudio.pl\/wp-content\/uploads\/2025\/12\/20250428_172420-100x100.jpg",100,100,true]},"uagb_author_info":{"display_name":"Cornellia Studio","author_link":"https:\/\/cornelliastudio.pl\/en\/author\/"},"uagb_comment_info":0,"uagb_excerpt":"Eleganckie kolczyki z rodochrozytem i srebrnym elementem Bali \u2013 r\u0119czna praca, 45 mm Delikatne, r\u0119cznie wykonane kolczyki ze srebra 925 z naturalnym rodochrozytem i ozdobnym elementem Bali. Subtelna forma tuby pi\u0119knie podkre\u015bla ciep\u0142y r\u00f3\u017c minera\u0142u. D\u0142ugo\u015b\u0107 kolczyk\u00f3w: 45 mm, kamienie 4\u00d74 mm.","_links":{"self":[{"href":"https:\/\/cornelliastudio.pl\/en\/wp-json\/wp\/v2\/product\/2514","targetHints":{"allow":["GET"]}}],"collection":[{"href":"https:\/\/cornelliastudio.pl\/en\/wp-json\/wp\/v2\/product"}],"about":[{"href":"https:\/\/cornelliastudio.pl\/en\/wp-json\/wp\/v2\/types\/product"}],"replies":[{"embeddable":true,"href":"https:\/\/cornelliastudio.pl\/en\/wp-json\/wp\/v2\/comments?post=2514"}],"wp:featuredmedia":[{"embeddable":true,"href":"https:\/\/cornelliastudio.pl\/en\/wp-json\/wp\/v2\/media\/2516"}],"wp:attachment":[{"href":"https:\/\/cornelliastudio.pl\/en\/wp-json\/wp\/v2\/media?parent=2514"}],"wp:term":[{"taxonomy":"product_brand","embeddable":true,"href":"https:\/\/cornelliastudio.pl\/en\/wp-json\/wp\/v2\/product_brand?post=2514"},{"taxonomy":"product_cat","embeddable":true,"href":"https:\/\/cornelliastudio.pl\/en\/wp-json\/wp\/v2\/product_cat?post=2514"},{"taxonomy":"product_tag","embeddable":true,"href":"https:\/\/cornelliastudio.pl\/en\/wp-json\/wp\/v2\/product_tag?post=2514"}],"curies":[{"name":"wp","href":"https:\/\/api.w.org\/{rel}","templated":true}]}}