{"id":2492,"date":"2025-12-02T14:52:35","date_gmt":"2025-12-02T13:52:35","guid":{"rendered":"https:\/\/cornelliastudio.pl\/?post_type=product&#038;p=2492"},"modified":"2026-01-03T13:30:35","modified_gmt":"2026-01-03T12:30:35","slug":"kolczyki-z-naturalnym-turkusem-i-koralem-recznie-robione-kolorowe-kolczyki-boho-ze-srebra-925","status":"publish","type":"product","link":"https:\/\/cornelliastudio.pl\/en\/product\/kolczyki-z-naturalnym-turkusem-i-koralem-recznie-robione-kolorowe-kolczyki-boho-ze-srebra-925\/","title":{"rendered":"Handmade Earrings with Natural Turquoise and Coral -Colorful Boho 925 Sterling Silver Earrings"},"content":{"rendered":"<h2 data-start=\"0\" data-end=\"133\"><strong data-start=\"26\" data-end=\"133\">Artistic Earrings with Natural Turquoise and Coral \u2013 Handmade Jewelry for an Artistic Soul<\/strong><\/h2>\n<p data-start=\"320\" data-end=\"559\">Te wyraziste kolczyki to idealny wyb\u00f3r dla kobiety, kt\u00f3ra <strong data-start=\"378\" data-end=\"433\">kocha kolor, natur\u0119 i bi\u017cuteri\u0119 z artystyczn\u0105 dusz\u0105<\/strong>. Wykonane r\u0119cznie z naturalnych kamieni \u2013 turkusu i koralu \u2013 \u0142\u0105cz\u0105 w sobie energi\u0119 Ziemi, si\u0142\u0119 tradycji i lekko\u015b\u0107 stylu boho.<\/p>\n<p data-start=\"561\" data-end=\"884\">Each stone has been carefully selected and arranged to create a harmonious, colorful composition, enhanced by silver elements. Turquoise brings the shade of a calm sky and a sense of freedom, while the intensely red coral adds courage, passion, and character. This is jewelry that <strong data-start=\"836\" data-end=\"857\">tells a story.<\/strong> -and allows you to express your own.<\/p>\n<p data-start=\"886\" data-end=\"1052\">Kolczyki s\u0105 lekkie, wygodne i idealne zar\u00f3wno na co dzie\u0144, jak i do stylizacji boho, etno czy artystycznych. Zawieszone na eleganckich, r\u0119cznie formowanych haczykach.<\/p>\n<h2 data-start=\"1054\" data-end=\"1081\"><strong data-start=\"1058\" data-end=\"1081\">Product details:<\/strong><\/h2>\n<ul data-start=\"1083\" data-end=\"1360\">\n<li data-start=\"1083\" data-end=\"1146\">\n<p data-start=\"1085\" data-end=\"1146\"><strong data-start=\"1085\" data-end=\"1098\">Material:<\/strong> turkus naturalny, koral naturalny, srebro 925<\/p>\n<\/li>\n<li data-start=\"1147\" data-end=\"1187\">\n<p data-start=\"1149\" data-end=\"1187\"><strong data-start=\"1149\" data-end=\"1171\">Earring length:<\/strong> approx. <strong data-start=\"1176\" data-end=\"1185\">35 mm<\/strong><\/p>\n<\/li>\n<li data-start=\"1188\" data-end=\"1272\">\n<p data-start=\"1190\" data-end=\"1213\"><strong data-start=\"1190\" data-end=\"1211\">Stone size:<\/strong><\/p>\n<ul data-start=\"1216\" data-end=\"1272\">\n<li data-start=\"1216\" data-end=\"1243\">\n<p data-start=\"1218\" data-end=\"1243\">Turkus ok. <strong data-start=\"1229\" data-end=\"1241\">3 \u00d7 6 mm<\/strong><\/p>\n<\/li>\n<li data-start=\"1246\" data-end=\"1272\">\n<p data-start=\"1248\" data-end=\"1272\">Koral ok. <strong data-start=\"1258\" data-end=\"1270\">4 \u00d7 4 mm<\/strong><\/p>\n<\/li>\n<\/ul>\n<\/li>\n<li data-start=\"1273\" data-end=\"1310\">\n<p data-start=\"1275\" data-end=\"1310\"><strong data-start=\"1275\" data-end=\"1284\">Style:<\/strong> boho, etno, artystyczny<\/p>\n<\/li>\n<li data-start=\"1311\" data-end=\"1360\">\n<p data-start=\"1313\" data-end=\"1360\"><strong data-start=\"1313\" data-end=\"1327\">Craftsmanship:<\/strong> 100% r\u0119cznie, autorski projekt<\/p>\n<\/li>\n<\/ul>\n<p data-start=\"1362\" data-end=\"1489\">To kolczyki dla kobiety, kt\u00f3ra <strong data-start=\"1393\" data-end=\"1419\">widzi \u015bwiat w kolorach<\/strong>. Dla duszy wolnej, tw\u00f3rczej, kochaj\u0105cej natur\u0119 i pi\u0119kno w detalach.<\/p>","protected":false},"excerpt":{"rendered":"<h2 data-start=\"85\" data-end=\"303\"><strong>Colorful Boho 925 Sterling Silver Earrings<\/strong><\/h2>\n<p data-start=\"85\" data-end=\"303\">Handmade, colorful earrings featuring natural turquoise and red coral. Delicate, lightweight, and full of boho energy \u2013 perfect for everyday wear and summer outfits. The silver elements beautifully highlight the natural colors of the gemstones.<\/p>\n<p data-start=\"305\" data-end=\"443\"><strong data-start=\"305\" data-end=\"327\">Earring length:<\/strong> Approx. 35 mm<br data-start=\"337\" data-end=\"340\" \/><strong data-start=\"340\" data-end=\"361\">Turquoise size:<\/strong> ok. 3 \u00d7 6 mm<br data-start=\"374\" data-end=\"377\" \/><strong data-start=\"377\" data-end=\"397\">Coral size:<\/strong> approx. 4 \u00d7 4 mm<br data-start=\"410\" data-end=\"413\" \/><strong data-start=\"413\" data-end=\"426\">Closure:<\/strong> silver hook<\/p>","protected":false},"featured_media":2498,"comment_status":"closed","ping_status":"closed","template":"","meta":{"_uag_custom_page_level_css":"","site-sidebar-layout":"default","site-content-layout":"","ast-site-content-layout":"default","site-content-style":"default","site-sidebar-style":"default","ast-global-header-display":"","ast-banner-title-visibility":"","ast-main-header-display":"","ast-hfb-above-header-display":"","ast-hfb-below-header-display":"","ast-hfb-mobile-header-display":"","site-post-title":"","ast-breadcrumbs-content":"","ast-featured-img":"","footer-sml-layout":"","ast-disable-related-posts":"","theme-transparent-header-meta":"default","adv-header-id-meta":"","stick-header-meta":"","header-above-stick-meta":"","header-main-stick-meta":"","header-below-stick-meta":"","astra-migrate-meta-layouts":"set","ast-page-background-enabled":"default","ast-page-background-meta":{"desktop":{"background-color":"var(--ast-global-color-4)","background-image":"","background-repeat":"repeat","background-position":"center center","background-size":"auto","background-attachment":"scroll","background-type":"","background-media":"","overlay-type":"","overlay-color":"","overlay-opacity":"","overlay-gradient":""},"tablet":{"background-color":"","background-image":"","background-repeat":"repeat","background-position":"center center","background-size":"auto","background-attachment":"scroll","background-type":"","background-media":"","overlay-type":"","overlay-color":"","overlay-opacity":"","overlay-gradient":""},"mobile":{"background-color":"","background-image":"","background-repeat":"repeat","background-position":"center center","background-size":"auto","background-attachment":"scroll","background-type":"","background-media":"","overlay-type":"","overlay-color":"","overlay-opacity":"","overlay-gradient":""}},"ast-content-background-meta":{"desktop":{"background-color":"var(--ast-global-color-5)","background-image":"","background-repeat":"repeat","background-position":"center center","background-size":"auto","background-attachment":"scroll","background-type":"","background-media":"","overlay-type":"","overlay-color":"","overlay-opacity":"","overlay-gradient":""},"tablet":{"background-color":"var(--ast-global-color-5)","background-image":"","background-repeat":"repeat","background-position":"center center","background-size":"auto","background-attachment":"scroll","background-type":"","background-media":"","overlay-type":"","overlay-color":"","overlay-opacity":"","overlay-gradient":""},"mobile":{"background-color":"var(--ast-global-color-5)","background-image":"","background-repeat":"repeat","background-position":"center center","background-size":"auto","background-attachment":"scroll","background-type":"","background-media":"","overlay-type":"","overlay-color":"","overlay-opacity":"","overlay-gradient":""}}},"product_brand":[201],"product_cat":[30,28,31],"product_tag":[189,364,283,390,210,361,408,403,204,280,206,407,187,266,214,336],"class_list":{"0":"post-2492","1":"product","2":"type-product","3":"status-publish","4":"has-post-thumbnail","6":"product_brand-cornellia-studio","7":"product_cat-bestsellery","8":"product_cat-kolczyki","9":"product_cat-nowosci","10":"product_tag-bizuteria-handmade","11":"product_tag-czerwone-kolczyki","12":"product_tag-kolczyki-boho","13":"product_tag-kolczyki-etniczne","14":"product_tag-kolczyki-handmade","15":"product_tag-kolczyki-naturalne-kamienie","16":"product_tag-kolczyki-naturalny-koral","17":"product_tag-kolczyki-romantyczne","18":"product_tag-kolczyki-turkusowe","19":"product_tag-kolczyki-wiszace","20":"product_tag-kolczyki-z-koralikami","21":"product_tag-naturalny-turkus","22":"product_tag-prezent-dla-niej","23":"product_tag-unikatowa-bizuteria","24":"product_tag-wyjatkowy-prezent","25":"product_tag-zielony-turkus","26":"desktop-align-left","27":"tablet-align-left","28":"mobile-align-left","30":"first","31":"instock","32":"taxable","33":"shipping-taxable","34":"purchasable","35":"product-type-simple"},"yoast_head":"<!-- This site is optimized with the Yoast SEO plugin v27.4 - https:\/\/yoast.com\/product\/yoast-seo-wordpress\/ -->\n<title>Kolczyki z naturalnym turkusem i koralem \u2013 r\u0119cznie robione, kolorowe kolczyki boho ze srebra 925 - Cornellia Studio<\/title>\n<meta name=\"robots\" content=\"index, follow, max-snippet:-1, max-image-preview:large, max-video-preview:-1\" \/>\n<link rel=\"canonical\" href=\"https:\/\/cornelliastudio.pl\/en\/product\/kolczyki-z-naturalnym-turkusem-i-koralem-recznie-robione-kolorowe-kolczyki-boho-ze-srebra-925\/\" \/>\n<meta property=\"og:locale\" content=\"en_GB\" \/>\n<meta property=\"og:type\" content=\"article\" \/>\n<meta property=\"og:title\" content=\"Kolczyki z naturalnym turkusem i koralem \u2013 r\u0119cznie robione, kolorowe kolczyki boho ze srebra 925 - Cornellia Studio\" \/>\n<meta property=\"og:description\" content=\"Kolorowe kolczyki boho ze srebra 925 R\u0119cznie wykonane, kolorowe kolczyki z naturalnego turkusu i czerwonego korala. Delikatne, lekkie i pe\u0142ne boho-energii \u2013 idealne na co dzie\u0144 i do letnich stylizacji. Srebrne elementy podkre\u015blaj\u0105 naturalne barwy kamieni. D\u0142ugo\u015b\u0107 kolczyk\u00f3w: ok. 35 mmWielko\u015b\u0107 turkusu: ok. 3 \u00d7 6 mmWielko\u015b\u0107 korala: ok. 4 \u00d7 4 mmZapi\u0119cie: haczyk srebrny\" \/>\n<meta property=\"og:url\" content=\"https:\/\/cornelliastudio.pl\/en\/product\/kolczyki-z-naturalnym-turkusem-i-koralem-recznie-robione-kolorowe-kolczyki-boho-ze-srebra-925\/\" \/>\n<meta property=\"og:site_name\" content=\"Cornellia Studio\" \/>\n<meta property=\"article:modified_time\" content=\"2026-01-03T12:30:35+00:00\" \/>\n<meta property=\"og:image\" content=\"https:\/\/cornelliastudio.pl\/wp-content\/uploads\/2025\/12\/20250924_140218-scaled.jpg\" \/>\n\t<meta property=\"og:image:width\" content=\"2298\" \/>\n\t<meta property=\"og:image:height\" content=\"2560\" \/>\n\t<meta property=\"og:image:type\" content=\"image\/jpeg\" \/>\n<meta name=\"twitter:card\" content=\"summary_large_image\" \/>\n<meta name=\"twitter:label1\" content=\"Estimated reading time\" \/>\n\t<meta name=\"twitter:data1\" content=\"2 minutes\" \/>\n<script type=\"application\/ld+json\" class=\"yoast-schema-graph\">{\"@context\":\"https:\\\/\\\/schema.org\",\"@graph\":[{\"@type\":\"WebPage\",\"@id\":\"https:\\\/\\\/cornelliastudio.pl\\\/produkt\\\/kolczyki-z-naturalnym-turkusem-i-koralem-recznie-robione-kolorowe-kolczyki-boho-ze-srebra-925\\\/\",\"url\":\"https:\\\/\\\/cornelliastudio.pl\\\/produkt\\\/kolczyki-z-naturalnym-turkusem-i-koralem-recznie-robione-kolorowe-kolczyki-boho-ze-srebra-925\\\/\",\"name\":\"Kolczyki z naturalnym turkusem i koralem \u2013 r\u0119cznie robione, kolorowe kolczyki boho ze srebra 925 - Cornellia Studio\",\"isPartOf\":{\"@id\":\"https:\\\/\\\/cornelliastudio.pl\\\/#website\"},\"primaryImageOfPage\":{\"@id\":\"https:\\\/\\\/cornelliastudio.pl\\\/produkt\\\/kolczyki-z-naturalnym-turkusem-i-koralem-recznie-robione-kolorowe-kolczyki-boho-ze-srebra-925\\\/#primaryimage\"},\"image\":{\"@id\":\"https:\\\/\\\/cornelliastudio.pl\\\/produkt\\\/kolczyki-z-naturalnym-turkusem-i-koralem-recznie-robione-kolorowe-kolczyki-boho-ze-srebra-925\\\/#primaryimage\"},\"thumbnailUrl\":\"https:\\\/\\\/cornelliastudio.pl\\\/wp-content\\\/uploads\\\/2025\\\/12\\\/20250924_140218-scaled.jpg\",\"datePublished\":\"2025-12-02T13:52:35+00:00\",\"dateModified\":\"2026-01-03T12:30:35+00:00\",\"breadcrumb\":{\"@id\":\"https:\\\/\\\/cornelliastudio.pl\\\/produkt\\\/kolczyki-z-naturalnym-turkusem-i-koralem-recznie-robione-kolorowe-kolczyki-boho-ze-srebra-925\\\/#breadcrumb\"},\"inLanguage\":\"en-GB\",\"potentialAction\":[{\"@type\":\"ReadAction\",\"target\":[\"https:\\\/\\\/cornelliastudio.pl\\\/produkt\\\/kolczyki-z-naturalnym-turkusem-i-koralem-recznie-robione-kolorowe-kolczyki-boho-ze-srebra-925\\\/\"]}]},{\"@type\":\"ImageObject\",\"inLanguage\":\"en-GB\",\"@id\":\"https:\\\/\\\/cornelliastudio.pl\\\/produkt\\\/kolczyki-z-naturalnym-turkusem-i-koralem-recznie-robione-kolorowe-kolczyki-boho-ze-srebra-925\\\/#primaryimage\",\"url\":\"https:\\\/\\\/cornelliastudio.pl\\\/wp-content\\\/uploads\\\/2025\\\/12\\\/20250924_140218-scaled.jpg\",\"contentUrl\":\"https:\\\/\\\/cornelliastudio.pl\\\/wp-content\\\/uploads\\\/2025\\\/12\\\/20250924_140218-scaled.jpg\",\"width\":2298,\"height\":2560},{\"@type\":\"BreadcrumbList\",\"@id\":\"https:\\\/\\\/cornelliastudio.pl\\\/produkt\\\/kolczyki-z-naturalnym-turkusem-i-koralem-recznie-robione-kolorowe-kolczyki-boho-ze-srebra-925\\\/#breadcrumb\",\"itemListElement\":[{\"@type\":\"ListItem\",\"position\":1,\"name\":\"Strona g\u0142\u00f3wna\",\"item\":\"https:\\\/\\\/cornelliastudio.pl\\\/\"},{\"@type\":\"ListItem\",\"position\":2,\"name\":\"Sklep\",\"item\":\"https:\\\/\\\/cornelliastudio.pl\\\/sklep\\\/\"},{\"@type\":\"ListItem\",\"position\":3,\"name\":\"Kolczyki z naturalnym turkusem i koralem \u2013 r\u0119cznie robione, kolorowe kolczyki boho ze srebra 925\"}]},{\"@type\":\"WebSite\",\"@id\":\"https:\\\/\\\/cornelliastudio.pl\\\/#website\",\"url\":\"https:\\\/\\\/cornelliastudio.pl\\\/\",\"name\":\"Cornellia Studio\",\"description\":\"Bi\u017cuteria artystyczna, hand made\",\"publisher\":{\"@id\":\"https:\\\/\\\/cornelliastudio.pl\\\/#organization\"},\"potentialAction\":[{\"@type\":\"SearchAction\",\"target\":{\"@type\":\"EntryPoint\",\"urlTemplate\":\"https:\\\/\\\/cornelliastudio.pl\\\/?s={search_term_string}\"},\"query-input\":{\"@type\":\"PropertyValueSpecification\",\"valueRequired\":true,\"valueName\":\"search_term_string\"}}],\"inLanguage\":\"en-GB\"},{\"@type\":\"Organization\",\"@id\":\"https:\\\/\\\/cornelliastudio.pl\\\/#organization\",\"name\":\"Cornellia Studio\",\"url\":\"https:\\\/\\\/cornelliastudio.pl\\\/\",\"logo\":{\"@type\":\"ImageObject\",\"inLanguage\":\"en-GB\",\"@id\":\"https:\\\/\\\/cornelliastudio.pl\\\/#\\\/schema\\\/logo\\\/image\\\/\",\"url\":\"https:\\\/\\\/cornelliastudio.pl\\\/wp-content\\\/uploads\\\/2025\\\/10\\\/Cornellia-Studio-logo.png\",\"contentUrl\":\"https:\\\/\\\/cornelliastudio.pl\\\/wp-content\\\/uploads\\\/2025\\\/10\\\/Cornellia-Studio-logo.png\",\"width\":1563,\"height\":1563,\"caption\":\"Cornellia Studio\"},\"image\":{\"@id\":\"https:\\\/\\\/cornelliastudio.pl\\\/#\\\/schema\\\/logo\\\/image\\\/\"}}]}<\/script>\n<!-- \/ Yoast SEO plugin. -->","yoast_head_json":{"title":"Kolczyki z naturalnym turkusem i koralem \u2013 r\u0119cznie robione, kolorowe kolczyki boho ze srebra 925 - Cornellia Studio","robots":{"index":"index","follow":"follow","max-snippet":"max-snippet:-1","max-image-preview":"max-image-preview:large","max-video-preview":"max-video-preview:-1"},"canonical":"https:\/\/cornelliastudio.pl\/en\/product\/kolczyki-z-naturalnym-turkusem-i-koralem-recznie-robione-kolorowe-kolczyki-boho-ze-srebra-925\/","og_locale":"en_GB","og_type":"article","og_title":"Kolczyki z naturalnym turkusem i koralem \u2013 r\u0119cznie robione, kolorowe kolczyki boho ze srebra 925 - Cornellia Studio","og_description":"Kolorowe kolczyki boho ze srebra 925 R\u0119cznie wykonane, kolorowe kolczyki z naturalnego turkusu i czerwonego korala. Delikatne, lekkie i pe\u0142ne boho-energii \u2013 idealne na co dzie\u0144 i do letnich stylizacji. Srebrne elementy podkre\u015blaj\u0105 naturalne barwy kamieni. D\u0142ugo\u015b\u0107 kolczyk\u00f3w: ok. 35 mmWielko\u015b\u0107 turkusu: ok. 3 \u00d7 6 mmWielko\u015b\u0107 korala: ok. 4 \u00d7 4 mmZapi\u0119cie: haczyk srebrny","og_url":"https:\/\/cornelliastudio.pl\/en\/product\/kolczyki-z-naturalnym-turkusem-i-koralem-recznie-robione-kolorowe-kolczyki-boho-ze-srebra-925\/","og_site_name":"Cornellia Studio","article_modified_time":"2026-01-03T12:30:35+00:00","og_image":[{"width":2298,"height":2560,"url":"https:\/\/cornelliastudio.pl\/wp-content\/uploads\/2025\/12\/20250924_140218-scaled.jpg","type":"image\/jpeg"}],"twitter_card":"summary_large_image","twitter_misc":{"Estimated reading time":"2 minutes"},"schema":{"@context":"https:\/\/schema.org","@graph":[{"@type":"WebPage","@id":"https:\/\/cornelliastudio.pl\/produkt\/kolczyki-z-naturalnym-turkusem-i-koralem-recznie-robione-kolorowe-kolczyki-boho-ze-srebra-925\/","url":"https:\/\/cornelliastudio.pl\/produkt\/kolczyki-z-naturalnym-turkusem-i-koralem-recznie-robione-kolorowe-kolczyki-boho-ze-srebra-925\/","name":"Kolczyki z naturalnym turkusem i koralem \u2013 r\u0119cznie robione, kolorowe kolczyki boho ze srebra 925 - Cornellia Studio","isPartOf":{"@id":"https:\/\/cornelliastudio.pl\/#website"},"primaryImageOfPage":{"@id":"https:\/\/cornelliastudio.pl\/produkt\/kolczyki-z-naturalnym-turkusem-i-koralem-recznie-robione-kolorowe-kolczyki-boho-ze-srebra-925\/#primaryimage"},"image":{"@id":"https:\/\/cornelliastudio.pl\/produkt\/kolczyki-z-naturalnym-turkusem-i-koralem-recznie-robione-kolorowe-kolczyki-boho-ze-srebra-925\/#primaryimage"},"thumbnailUrl":"https:\/\/cornelliastudio.pl\/wp-content\/uploads\/2025\/12\/20250924_140218-scaled.jpg","datePublished":"2025-12-02T13:52:35+00:00","dateModified":"2026-01-03T12:30:35+00:00","breadcrumb":{"@id":"https:\/\/cornelliastudio.pl\/produkt\/kolczyki-z-naturalnym-turkusem-i-koralem-recznie-robione-kolorowe-kolczyki-boho-ze-srebra-925\/#breadcrumb"},"inLanguage":"en-GB","potentialAction":[{"@type":"ReadAction","target":["https:\/\/cornelliastudio.pl\/produkt\/kolczyki-z-naturalnym-turkusem-i-koralem-recznie-robione-kolorowe-kolczyki-boho-ze-srebra-925\/"]}]},{"@type":"ImageObject","inLanguage":"en-GB","@id":"https:\/\/cornelliastudio.pl\/produkt\/kolczyki-z-naturalnym-turkusem-i-koralem-recznie-robione-kolorowe-kolczyki-boho-ze-srebra-925\/#primaryimage","url":"https:\/\/cornelliastudio.pl\/wp-content\/uploads\/2025\/12\/20250924_140218-scaled.jpg","contentUrl":"https:\/\/cornelliastudio.pl\/wp-content\/uploads\/2025\/12\/20250924_140218-scaled.jpg","width":2298,"height":2560},{"@type":"BreadcrumbList","@id":"https:\/\/cornelliastudio.pl\/produkt\/kolczyki-z-naturalnym-turkusem-i-koralem-recznie-robione-kolorowe-kolczyki-boho-ze-srebra-925\/#breadcrumb","itemListElement":[{"@type":"ListItem","position":1,"name":"Strona g\u0142\u00f3wna","item":"https:\/\/cornelliastudio.pl\/"},{"@type":"ListItem","position":2,"name":"Sklep","item":"https:\/\/cornelliastudio.pl\/sklep\/"},{"@type":"ListItem","position":3,"name":"Kolczyki z naturalnym turkusem i koralem \u2013 r\u0119cznie robione, kolorowe kolczyki boho ze srebra 925"}]},{"@type":"WebSite","@id":"https:\/\/cornelliastudio.pl\/#website","url":"https:\/\/cornelliastudio.pl\/","name":"Cornellia Studio","description":"Bi\u017cuteria artystyczna, hand made","publisher":{"@id":"https:\/\/cornelliastudio.pl\/#organization"},"potentialAction":[{"@type":"SearchAction","target":{"@type":"EntryPoint","urlTemplate":"https:\/\/cornelliastudio.pl\/?s={search_term_string}"},"query-input":{"@type":"PropertyValueSpecification","valueRequired":true,"valueName":"search_term_string"}}],"inLanguage":"en-GB"},{"@type":"Organization","@id":"https:\/\/cornelliastudio.pl\/#organization","name":"Cornellia Studio","url":"https:\/\/cornelliastudio.pl\/","logo":{"@type":"ImageObject","inLanguage":"en-GB","@id":"https:\/\/cornelliastudio.pl\/#\/schema\/logo\/image\/","url":"https:\/\/cornelliastudio.pl\/wp-content\/uploads\/2025\/10\/Cornellia-Studio-logo.png","contentUrl":"https:\/\/cornelliastudio.pl\/wp-content\/uploads\/2025\/10\/Cornellia-Studio-logo.png","width":1563,"height":1563,"caption":"Cornellia Studio"},"image":{"@id":"https:\/\/cornelliastudio.pl\/#\/schema\/logo\/image\/"}}]}},"uagb_featured_image_src":{"full":["https:\/\/cornelliastudio.pl\/wp-content\/uploads\/2025\/12\/20250924_140218-scaled.jpg",2298,2560,false],"thumbnail":["https:\/\/cornelliastudio.pl\/wp-content\/uploads\/2025\/12\/20250924_140218-150x150.jpg",150,150,true],"medium":["https:\/\/cornelliastudio.pl\/wp-content\/uploads\/2025\/12\/20250924_140218-269x300.jpg",269,300,true],"medium_large":["https:\/\/cornelliastudio.pl\/wp-content\/uploads\/2025\/12\/20250924_140218-768x855.jpg",768,855,true],"large":["https:\/\/cornelliastudio.pl\/wp-content\/uploads\/2025\/12\/20250924_140218-919x1024.jpg",919,1024,true],"1536x1536":["https:\/\/cornelliastudio.pl\/wp-content\/uploads\/2025\/12\/20250924_140218-1379x1536.jpg",1379,1536,true],"2048x2048":["https:\/\/cornelliastudio.pl\/wp-content\/uploads\/2025\/12\/20250924_140218-1839x2048.jpg",1839,2048,true],"trp-custom-language-flag":["https:\/\/cornelliastudio.pl\/wp-content\/uploads\/2025\/12\/20250924_140218-scaled.jpg",11,12,false],"woocommerce_thumbnail":["https:\/\/cornelliastudio.pl\/wp-content\/uploads\/2025\/12\/20250924_140218-300x300.jpg",300,300,true],"woocommerce_single":["https:\/\/cornelliastudio.pl\/wp-content\/uploads\/2025\/12\/20250924_140218-600x668.jpg",600,668,true],"woocommerce_gallery_thumbnail":["https:\/\/cornelliastudio.pl\/wp-content\/uploads\/2025\/12\/20250924_140218-100x100.jpg",100,100,true]},"uagb_author_info":{"display_name":"Cornellia Studio","author_link":"https:\/\/cornelliastudio.pl\/en\/author\/"},"uagb_comment_info":0,"uagb_excerpt":"Kolorowe kolczyki boho ze srebra 925 R\u0119cznie wykonane, kolorowe kolczyki z naturalnego turkusu i czerwonego korala. Delikatne, lekkie i pe\u0142ne boho-energii \u2013 idealne na co dzie\u0144 i do letnich stylizacji. Srebrne elementy podkre\u015blaj\u0105 naturalne barwy kamieni. D\u0142ugo\u015b\u0107 kolczyk\u00f3w: ok. 35 mmWielko\u015b\u0107 turkusu: ok. 3 \u00d7 6 mmWielko\u015b\u0107 korala: ok. 4 \u00d7 4 mmZapi\u0119cie: haczyk srebrny","_links":{"self":[{"href":"https:\/\/cornelliastudio.pl\/en\/wp-json\/wp\/v2\/product\/2492","targetHints":{"allow":["GET"]}}],"collection":[{"href":"https:\/\/cornelliastudio.pl\/en\/wp-json\/wp\/v2\/product"}],"about":[{"href":"https:\/\/cornelliastudio.pl\/en\/wp-json\/wp\/v2\/types\/product"}],"replies":[{"embeddable":true,"href":"https:\/\/cornelliastudio.pl\/en\/wp-json\/wp\/v2\/comments?post=2492"}],"wp:featuredmedia":[{"embeddable":true,"href":"https:\/\/cornelliastudio.pl\/en\/wp-json\/wp\/v2\/media\/2498"}],"wp:attachment":[{"href":"https:\/\/cornelliastudio.pl\/en\/wp-json\/wp\/v2\/media?parent=2492"}],"wp:term":[{"taxonomy":"product_brand","embeddable":true,"href":"https:\/\/cornelliastudio.pl\/en\/wp-json\/wp\/v2\/product_brand?post=2492"},{"taxonomy":"product_cat","embeddable":true,"href":"https:\/\/cornelliastudio.pl\/en\/wp-json\/wp\/v2\/product_cat?post=2492"},{"taxonomy":"product_tag","embeddable":true,"href":"https:\/\/cornelliastudio.pl\/en\/wp-json\/wp\/v2\/product_tag?post=2492"}],"curies":[{"name":"wp","href":"https:\/\/api.w.org\/{rel}","templated":true}]}}