{"id":2078,"date":"2025-11-25T18:00:39","date_gmt":"2025-11-25T17:00:39","guid":{"rendered":"https:\/\/cornelliastudio.pl\/produkt\/japonskie-kolczyki-z-niebieska-perla-srebro-925-perlowe-koraliki-w-ksztalcie-kropli-recznie-wykonane-delikatne-kolczyki\/"},"modified":"2026-02-04T18:22:23","modified_gmt":"2026-02-04T17:22:23","slug":"japonskie-kolczyki-z-niebieska-perla-srebro-925-perlowe-koraliki-w-ksztalcie-kropli-recznie-wykonane-delikatne-kolczyki","status":"publish","type":"product","link":"https:\/\/cornelliastudio.pl\/en\/product\/japonskie-kolczyki-z-niebieska-perla-srebro-925-perlowe-koraliki-w-ksztalcie-kropli-recznie-wykonane-delikatne-kolczyki\/","title":{"rendered":"925 Japanese Blue Pearl Earrings"},"content":{"rendered":"<p data-start=\"0\" data-end=\"104\"><strong data-start=\"0\" data-end=\"104\">Japanese Blue Pearl Earrings \u2013 925 Sterling Silver, Teardrop Pearl Beads, Handmade Delicate Earrings<\/strong><\/p>\n<p data-start=\"106\" data-end=\"400\">These elegant earrings feature Japanese teardrop-shaped pearls in a soft blue hue, set on sterling silver 925 ear wires. Each pair is carefully handmade with attention to detail, combining timeless simplicity with subtle charm. Perfect for everyday wear or as a thoughtful gift for a loved one.<\/p>\n<p data-start=\"402\" data-end=\"416\">\u00a0<strong data-start=\"404\" data-end=\"416\">Details:<\/strong><\/p>\n<p data-start=\"418\" data-end=\"610\">Materials: 925 sterling silver, blue pearls<br data-start=\"461\" data-end=\"464\" \/>Pearl size: 8 \u00d7 4 mm<br data-start=\"484\" data-end=\"487\" \/>Color: soft blue with a natural pearlescent sheen<br data-start=\"536\" data-end=\"539\" \/>Style: subtle, minimalist, elegant<br data-start=\"573\" data-end=\"576\" \/>Total length: approx. 30 mm (3 cm)<\/p>\n<p data-start=\"612\" data-end=\"742\" data-is-last-node=\"\" data-is-only-node=\"\">Each pair of earrings is unique, reflecting the beauty of handcrafted jewelry and the refined elegance inspired by Japanese style.<\/p>","protected":false},"excerpt":{"rendered":"<div class=\"flex max-w-full flex-col grow\">\n<div class=\"min-h-8 text-message relative flex w-full flex-col items-end gap-2 text-start break-words whitespace-normal [.text-message+&amp;]:mt-1\" dir=\"auto\" data-message-author-role=\"assistant\" data-message-id=\"a654e4a4-5519-4eed-a336-20d9fe370672\" data-message-model-slug=\"gpt-5-2\">\n<div class=\"flex w-full flex-col gap-1 empty:hidden first:pt-[1px]\">\n<div class=\"markdown prose dark:prose-invert w-full break-words light markdown-new-styling\">\n<p data-start=\"0\" data-end=\"73\" data-is-last-node=\"\" data-is-only-node=\"\"><strong data-start=\"0\" data-end=\"73\" data-is-last-node=\"\" data-is-only-node=\"\">925 Sterling Silver, Teardrop Pearl Beads, Handmade Delicate Earrings<\/strong><\/p>\n<\/div>\n<\/div>\n<\/div>\n<\/div>\n<div class=\"z-0 flex min-h-[46px] justify-start\"><\/div>\n","protected":false},"featured_media":2091,"comment_status":"open","ping_status":"closed","template":"","meta":{"_uag_custom_page_level_css":"","site-sidebar-layout":"default","site-content-layout":"","ast-site-content-layout":"default","site-content-style":"default","site-sidebar-style":"default","ast-global-header-display":"","ast-banner-title-visibility":"","ast-main-header-display":"","ast-hfb-above-header-display":"","ast-hfb-below-header-display":"","ast-hfb-mobile-header-display":"","site-post-title":"","ast-breadcrumbs-content":"","ast-featured-img":"","footer-sml-layout":"","ast-disable-related-posts":"","theme-transparent-header-meta":"default","adv-header-id-meta":"","stick-header-meta":"","header-above-stick-meta":"","header-main-stick-meta":"","header-below-stick-meta":"","astra-migrate-meta-layouts":"set","ast-page-background-enabled":"default","ast-page-background-meta":{"desktop":{"background-color":"var(--ast-global-color-4)","background-image":"","background-repeat":"repeat","background-position":"center center","background-size":"auto","background-attachment":"scroll","background-type":"","background-media":"","overlay-type":"","overlay-color":"","overlay-opacity":"","overlay-gradient":""},"tablet":{"background-color":"","background-image":"","background-repeat":"repeat","background-position":"center center","background-size":"auto","background-attachment":"scroll","background-type":"","background-media":"","overlay-type":"","overlay-color":"","overlay-opacity":"","overlay-gradient":""},"mobile":{"background-color":"","background-image":"","background-repeat":"repeat","background-position":"center center","background-size":"auto","background-attachment":"scroll","background-type":"","background-media":"","overlay-type":"","overlay-color":"","overlay-opacity":"","overlay-gradient":""}},"ast-content-background-meta":{"desktop":{"background-color":"var(--ast-global-color-5)","background-image":"","background-repeat":"repeat","background-position":"center center","background-size":"auto","background-attachment":"scroll","background-type":"","background-media":"","overlay-type":"","overlay-color":"","overlay-opacity":"","overlay-gradient":""},"tablet":{"background-color":"var(--ast-global-color-5)","background-image":"","background-repeat":"repeat","background-position":"center center","background-size":"auto","background-attachment":"scroll","background-type":"","background-media":"","overlay-type":"","overlay-color":"","overlay-opacity":"","overlay-gradient":""},"mobile":{"background-color":"var(--ast-global-color-5)","background-image":"","background-repeat":"repeat","background-position":"center center","background-size":"auto","background-attachment":"scroll","background-type":"","background-media":"","overlay-type":"","overlay-color":"","overlay-opacity":"","overlay-gradient":""}}},"product_brand":[201],"product_cat":[28,31,27],"product_tag":[186,189,183,188,185,187,184],"class_list":{"0":"post-2078","1":"product","2":"type-product","3":"status-publish","4":"has-post-thumbnail","6":"product_brand-cornellia-studio","7":"product_cat-kolczyki","8":"product_cat-nowosci","9":"product_cat-wszystkie-produkty","10":"product_tag-bizuteria-elegancka","11":"product_tag-bizuteria-handmade","12":"product_tag-kolczyki-z-perla","13":"product_tag-minimalistyczne-kolczyki","14":"product_tag-perly-slodkowodne","15":"product_tag-prezent-dla-niej","16":"product_tag-srebrne-kolczyki-wiszace","17":"desktop-align-left","18":"tablet-align-left","19":"mobile-align-left","21":"first","22":"outofstock","23":"taxable","24":"shipping-taxable","25":"purchasable","26":"product-type-simple"},"yoast_head":"<!-- This site is optimized with the Yoast SEO plugin v27.4 - https:\/\/yoast.com\/product\/yoast-seo-wordpress\/ -->\n<title>925 Japanese Blue Pearl Earrings - Cornellia Studio<\/title>\n<meta name=\"description\" content=\"Te eleganckie kolczyki ozdobione s\u0105 japo\u0144skimi per\u0142ami w kszta\u0142cie kropli w odcieniu delikatnego b\u0142\u0119kitu, osadzonymi na srebrnych biglach ze srebra.\" \/>\n<meta name=\"robots\" content=\"index, follow, max-snippet:-1, max-image-preview:large, max-video-preview:-1\" \/>\n<link rel=\"canonical\" href=\"https:\/\/cornelliastudio.pl\/en\/product\/japonskie-kolczyki-z-niebieska-perla-srebro-925-perlowe-koraliki-w-ksztalcie-kropli-recznie-wykonane-delikatne-kolczyki\/\" \/>\n<meta property=\"og:locale\" content=\"en_GB\" \/>\n<meta property=\"og:type\" content=\"article\" \/>\n<meta property=\"og:title\" content=\"925 Japanese Blue Pearl Earrings - Cornellia Studio\" \/>\n<meta property=\"og:description\" content=\"Te eleganckie kolczyki ozdobione s\u0105 japo\u0144skimi per\u0142ami w kszta\u0142cie kropli w odcieniu delikatnego b\u0142\u0119kitu, osadzonymi na srebrnych biglach ze srebra.\" \/>\n<meta property=\"og:url\" content=\"https:\/\/cornelliastudio.pl\/en\/product\/japonskie-kolczyki-z-niebieska-perla-srebro-925-perlowe-koraliki-w-ksztalcie-kropli-recznie-wykonane-delikatne-kolczyki\/\" \/>\n<meta property=\"og:site_name\" content=\"Cornellia Studio\" \/>\n<meta property=\"article:modified_time\" content=\"2026-02-04T17:22:23+00:00\" \/>\n<meta name=\"twitter:card\" content=\"summary_large_image\" \/>\n<meta name=\"twitter:label1\" content=\"Estimated reading time\" \/>\n\t<meta name=\"twitter:data1\" content=\"1 minute\" \/>\n<script type=\"application\/ld+json\" class=\"yoast-schema-graph\">{\"@context\":\"https:\\\/\\\/schema.org\",\"@graph\":[{\"@type\":\"WebPage\",\"@id\":\"https:\\\/\\\/cornelliastudio.pl\\\/produkt\\\/japonskie-kolczyki-z-niebieska-perla-srebro-925-perlowe-koraliki-w-ksztalcie-kropli-recznie-wykonane-delikatne-kolczyki\\\/\",\"url\":\"https:\\\/\\\/cornelliastudio.pl\\\/produkt\\\/japonskie-kolczyki-z-niebieska-perla-srebro-925-perlowe-koraliki-w-ksztalcie-kropli-recznie-wykonane-delikatne-kolczyki\\\/\",\"name\":\"925 Japanese Blue Pearl Earrings - Cornellia Studio\",\"isPartOf\":{\"@id\":\"https:\\\/\\\/cornelliastudio.pl\\\/#website\"},\"primaryImageOfPage\":{\"@id\":\"https:\\\/\\\/cornelliastudio.pl\\\/produkt\\\/japonskie-kolczyki-z-niebieska-perla-srebro-925-perlowe-koraliki-w-ksztalcie-kropli-recznie-wykonane-delikatne-kolczyki\\\/#primaryimage\"},\"image\":{\"@id\":\"https:\\\/\\\/cornelliastudio.pl\\\/produkt\\\/japonskie-kolczyki-z-niebieska-perla-srebro-925-perlowe-koraliki-w-ksztalcie-kropli-recznie-wykonane-delikatne-kolczyki\\\/#primaryimage\"},\"thumbnailUrl\":\"https:\\\/\\\/cornelliastudio.pl\\\/wp-content\\\/uploads\\\/2025\\\/11\\\/il_300x300.7269946628_7dif.avif\",\"datePublished\":\"2025-11-25T17:00:39+00:00\",\"dateModified\":\"2026-02-04T17:22:23+00:00\",\"description\":\"Te eleganckie kolczyki ozdobione s\u0105 japo\u0144skimi per\u0142ami w kszta\u0142cie kropli w odcieniu delikatnego b\u0142\u0119kitu, osadzonymi na srebrnych biglach ze srebra.\",\"breadcrumb\":{\"@id\":\"https:\\\/\\\/cornelliastudio.pl\\\/produkt\\\/japonskie-kolczyki-z-niebieska-perla-srebro-925-perlowe-koraliki-w-ksztalcie-kropli-recznie-wykonane-delikatne-kolczyki\\\/#breadcrumb\"},\"inLanguage\":\"en-GB\",\"potentialAction\":[{\"@type\":\"ReadAction\",\"target\":[\"https:\\\/\\\/cornelliastudio.pl\\\/produkt\\\/japonskie-kolczyki-z-niebieska-perla-srebro-925-perlowe-koraliki-w-ksztalcie-kropli-recznie-wykonane-delikatne-kolczyki\\\/\"]}]},{\"@type\":\"ImageObject\",\"inLanguage\":\"en-GB\",\"@id\":\"https:\\\/\\\/cornelliastudio.pl\\\/produkt\\\/japonskie-kolczyki-z-niebieska-perla-srebro-925-perlowe-koraliki-w-ksztalcie-kropli-recznie-wykonane-delikatne-kolczyki\\\/#primaryimage\",\"url\":\"https:\\\/\\\/cornelliastudio.pl\\\/wp-content\\\/uploads\\\/2025\\\/11\\\/il_300x300.7269946628_7dif.avif\",\"contentUrl\":\"https:\\\/\\\/cornelliastudio.pl\\\/wp-content\\\/uploads\\\/2025\\\/11\\\/il_300x300.7269946628_7dif.avif\",\"width\":300,\"height\":300},{\"@type\":\"BreadcrumbList\",\"@id\":\"https:\\\/\\\/cornelliastudio.pl\\\/produkt\\\/japonskie-kolczyki-z-niebieska-perla-srebro-925-perlowe-koraliki-w-ksztalcie-kropli-recznie-wykonane-delikatne-kolczyki\\\/#breadcrumb\",\"itemListElement\":[{\"@type\":\"ListItem\",\"position\":1,\"name\":\"Strona g\u0142\u00f3wna\",\"item\":\"https:\\\/\\\/cornelliastudio.pl\\\/\"},{\"@type\":\"ListItem\",\"position\":2,\"name\":\"Sklep\",\"item\":\"https:\\\/\\\/cornelliastudio.pl\\\/sklep\\\/\"},{\"@type\":\"ListItem\",\"position\":3,\"name\":\"925 Japanese Blue Pearl Earrings\"}]},{\"@type\":\"WebSite\",\"@id\":\"https:\\\/\\\/cornelliastudio.pl\\\/#website\",\"url\":\"https:\\\/\\\/cornelliastudio.pl\\\/\",\"name\":\"Cornellia Studio\",\"description\":\"Bi\u017cuteria artystyczna, hand made\",\"publisher\":{\"@id\":\"https:\\\/\\\/cornelliastudio.pl\\\/#organization\"},\"potentialAction\":[{\"@type\":\"SearchAction\",\"target\":{\"@type\":\"EntryPoint\",\"urlTemplate\":\"https:\\\/\\\/cornelliastudio.pl\\\/?s={search_term_string}\"},\"query-input\":{\"@type\":\"PropertyValueSpecification\",\"valueRequired\":true,\"valueName\":\"search_term_string\"}}],\"inLanguage\":\"en-GB\"},{\"@type\":\"Organization\",\"@id\":\"https:\\\/\\\/cornelliastudio.pl\\\/#organization\",\"name\":\"Cornellia Studio\",\"url\":\"https:\\\/\\\/cornelliastudio.pl\\\/\",\"logo\":{\"@type\":\"ImageObject\",\"inLanguage\":\"en-GB\",\"@id\":\"https:\\\/\\\/cornelliastudio.pl\\\/#\\\/schema\\\/logo\\\/image\\\/\",\"url\":\"https:\\\/\\\/cornelliastudio.pl\\\/wp-content\\\/uploads\\\/2025\\\/10\\\/Cornellia-Studio-logo.png\",\"contentUrl\":\"https:\\\/\\\/cornelliastudio.pl\\\/wp-content\\\/uploads\\\/2025\\\/10\\\/Cornellia-Studio-logo.png\",\"width\":1563,\"height\":1563,\"caption\":\"Cornellia Studio\"},\"image\":{\"@id\":\"https:\\\/\\\/cornelliastudio.pl\\\/#\\\/schema\\\/logo\\\/image\\\/\"}}]}<\/script>\n<!-- \/ Yoast SEO plugin. -->","yoast_head_json":{"title":"925 Japanese Blue Pearl Earrings - Cornellia Studio","description":"Te eleganckie kolczyki ozdobione s\u0105 japo\u0144skimi per\u0142ami w kszta\u0142cie kropli w odcieniu delikatnego b\u0142\u0119kitu, osadzonymi na srebrnych biglach ze srebra.","robots":{"index":"index","follow":"follow","max-snippet":"max-snippet:-1","max-image-preview":"max-image-preview:large","max-video-preview":"max-video-preview:-1"},"canonical":"https:\/\/cornelliastudio.pl\/en\/product\/japonskie-kolczyki-z-niebieska-perla-srebro-925-perlowe-koraliki-w-ksztalcie-kropli-recznie-wykonane-delikatne-kolczyki\/","og_locale":"en_GB","og_type":"article","og_title":"925 Japanese Blue Pearl Earrings - Cornellia Studio","og_description":"Te eleganckie kolczyki ozdobione s\u0105 japo\u0144skimi per\u0142ami w kszta\u0142cie kropli w odcieniu delikatnego b\u0142\u0119kitu, osadzonymi na srebrnych biglach ze srebra.","og_url":"https:\/\/cornelliastudio.pl\/en\/product\/japonskie-kolczyki-z-niebieska-perla-srebro-925-perlowe-koraliki-w-ksztalcie-kropli-recznie-wykonane-delikatne-kolczyki\/","og_site_name":"Cornellia Studio","article_modified_time":"2026-02-04T17:22:23+00:00","twitter_card":"summary_large_image","twitter_misc":{"Estimated reading time":"1 minute"},"schema":{"@context":"https:\/\/schema.org","@graph":[{"@type":"WebPage","@id":"https:\/\/cornelliastudio.pl\/produkt\/japonskie-kolczyki-z-niebieska-perla-srebro-925-perlowe-koraliki-w-ksztalcie-kropli-recznie-wykonane-delikatne-kolczyki\/","url":"https:\/\/cornelliastudio.pl\/produkt\/japonskie-kolczyki-z-niebieska-perla-srebro-925-perlowe-koraliki-w-ksztalcie-kropli-recznie-wykonane-delikatne-kolczyki\/","name":"925 Japanese Blue Pearl Earrings - Cornellia Studio","isPartOf":{"@id":"https:\/\/cornelliastudio.pl\/#website"},"primaryImageOfPage":{"@id":"https:\/\/cornelliastudio.pl\/produkt\/japonskie-kolczyki-z-niebieska-perla-srebro-925-perlowe-koraliki-w-ksztalcie-kropli-recznie-wykonane-delikatne-kolczyki\/#primaryimage"},"image":{"@id":"https:\/\/cornelliastudio.pl\/produkt\/japonskie-kolczyki-z-niebieska-perla-srebro-925-perlowe-koraliki-w-ksztalcie-kropli-recznie-wykonane-delikatne-kolczyki\/#primaryimage"},"thumbnailUrl":"https:\/\/cornelliastudio.pl\/wp-content\/uploads\/2025\/11\/il_300x300.7269946628_7dif.avif","datePublished":"2025-11-25T17:00:39+00:00","dateModified":"2026-02-04T17:22:23+00:00","description":"Te eleganckie kolczyki ozdobione s\u0105 japo\u0144skimi per\u0142ami w kszta\u0142cie kropli w odcieniu delikatnego b\u0142\u0119kitu, osadzonymi na srebrnych biglach ze srebra.","breadcrumb":{"@id":"https:\/\/cornelliastudio.pl\/produkt\/japonskie-kolczyki-z-niebieska-perla-srebro-925-perlowe-koraliki-w-ksztalcie-kropli-recznie-wykonane-delikatne-kolczyki\/#breadcrumb"},"inLanguage":"en-GB","potentialAction":[{"@type":"ReadAction","target":["https:\/\/cornelliastudio.pl\/produkt\/japonskie-kolczyki-z-niebieska-perla-srebro-925-perlowe-koraliki-w-ksztalcie-kropli-recznie-wykonane-delikatne-kolczyki\/"]}]},{"@type":"ImageObject","inLanguage":"en-GB","@id":"https:\/\/cornelliastudio.pl\/produkt\/japonskie-kolczyki-z-niebieska-perla-srebro-925-perlowe-koraliki-w-ksztalcie-kropli-recznie-wykonane-delikatne-kolczyki\/#primaryimage","url":"https:\/\/cornelliastudio.pl\/wp-content\/uploads\/2025\/11\/il_300x300.7269946628_7dif.avif","contentUrl":"https:\/\/cornelliastudio.pl\/wp-content\/uploads\/2025\/11\/il_300x300.7269946628_7dif.avif","width":300,"height":300},{"@type":"BreadcrumbList","@id":"https:\/\/cornelliastudio.pl\/produkt\/japonskie-kolczyki-z-niebieska-perla-srebro-925-perlowe-koraliki-w-ksztalcie-kropli-recznie-wykonane-delikatne-kolczyki\/#breadcrumb","itemListElement":[{"@type":"ListItem","position":1,"name":"Strona g\u0142\u00f3wna","item":"https:\/\/cornelliastudio.pl\/"},{"@type":"ListItem","position":2,"name":"Sklep","item":"https:\/\/cornelliastudio.pl\/sklep\/"},{"@type":"ListItem","position":3,"name":"925 Japanese Blue Pearl Earrings"}]},{"@type":"WebSite","@id":"https:\/\/cornelliastudio.pl\/#website","url":"https:\/\/cornelliastudio.pl\/","name":"Cornellia Studio","description":"Bi\u017cuteria artystyczna, hand made","publisher":{"@id":"https:\/\/cornelliastudio.pl\/#organization"},"potentialAction":[{"@type":"SearchAction","target":{"@type":"EntryPoint","urlTemplate":"https:\/\/cornelliastudio.pl\/?s={search_term_string}"},"query-input":{"@type":"PropertyValueSpecification","valueRequired":true,"valueName":"search_term_string"}}],"inLanguage":"en-GB"},{"@type":"Organization","@id":"https:\/\/cornelliastudio.pl\/#organization","name":"Cornellia Studio","url":"https:\/\/cornelliastudio.pl\/","logo":{"@type":"ImageObject","inLanguage":"en-GB","@id":"https:\/\/cornelliastudio.pl\/#\/schema\/logo\/image\/","url":"https:\/\/cornelliastudio.pl\/wp-content\/uploads\/2025\/10\/Cornellia-Studio-logo.png","contentUrl":"https:\/\/cornelliastudio.pl\/wp-content\/uploads\/2025\/10\/Cornellia-Studio-logo.png","width":1563,"height":1563,"caption":"Cornellia Studio"},"image":{"@id":"https:\/\/cornelliastudio.pl\/#\/schema\/logo\/image\/"}}]}},"uagb_featured_image_src":{"full":["https:\/\/cornelliastudio.pl\/wp-content\/uploads\/2025\/11\/il_300x300.7269946628_7dif.avif",300,300,false],"thumbnail":["https:\/\/cornelliastudio.pl\/wp-content\/uploads\/2025\/11\/il_300x300.7269946628_7dif-150x150.avif",150,150,true],"medium":["https:\/\/cornelliastudio.pl\/wp-content\/uploads\/2025\/11\/il_300x300.7269946628_7dif.avif",300,300,false],"medium_large":["https:\/\/cornelliastudio.pl\/wp-content\/uploads\/2025\/11\/il_300x300.7269946628_7dif.avif",300,300,false],"large":["https:\/\/cornelliastudio.pl\/wp-content\/uploads\/2025\/11\/il_300x300.7269946628_7dif.avif",300,300,false],"1536x1536":["https:\/\/cornelliastudio.pl\/wp-content\/uploads\/2025\/11\/il_300x300.7269946628_7dif.avif",300,300,false],"2048x2048":["https:\/\/cornelliastudio.pl\/wp-content\/uploads\/2025\/11\/il_300x300.7269946628_7dif.avif",300,300,false],"trp-custom-language-flag":["https:\/\/cornelliastudio.pl\/wp-content\/uploads\/2025\/11\/il_300x300.7269946628_7dif.avif",12,12,false],"woocommerce_thumbnail":["https:\/\/cornelliastudio.pl\/wp-content\/uploads\/2025\/11\/il_300x300.7269946628_7dif.avif",300,300,false],"woocommerce_single":["https:\/\/cornelliastudio.pl\/wp-content\/uploads\/2025\/11\/il_300x300.7269946628_7dif.avif",300,300,false],"woocommerce_gallery_thumbnail":["https:\/\/cornelliastudio.pl\/wp-content\/uploads\/2025\/11\/il_300x300.7269946628_7dif-100x100.avif",100,100,true]},"uagb_author_info":{"display_name":"Administrator","author_link":"https:\/\/cornelliastudio.pl\/en\/author\/"},"uagb_comment_info":0,"uagb_excerpt":"925 Sterling Silver, Teardrop Pearl Beads, Handmade Delicate Earrings","_links":{"self":[{"href":"https:\/\/cornelliastudio.pl\/en\/wp-json\/wp\/v2\/product\/2078","targetHints":{"allow":["GET"]}}],"collection":[{"href":"https:\/\/cornelliastudio.pl\/en\/wp-json\/wp\/v2\/product"}],"about":[{"href":"https:\/\/cornelliastudio.pl\/en\/wp-json\/wp\/v2\/types\/product"}],"replies":[{"embeddable":true,"href":"https:\/\/cornelliastudio.pl\/en\/wp-json\/wp\/v2\/comments?post=2078"}],"wp:featuredmedia":[{"embeddable":true,"href":"https:\/\/cornelliastudio.pl\/en\/wp-json\/wp\/v2\/media\/2091"}],"wp:attachment":[{"href":"https:\/\/cornelliastudio.pl\/en\/wp-json\/wp\/v2\/media?parent=2078"}],"wp:term":[{"taxonomy":"product_brand","embeddable":true,"href":"https:\/\/cornelliastudio.pl\/en\/wp-json\/wp\/v2\/product_brand?post=2078"},{"taxonomy":"product_cat","embeddable":true,"href":"https:\/\/cornelliastudio.pl\/en\/wp-json\/wp\/v2\/product_cat?post=2078"},{"taxonomy":"product_tag","embeddable":true,"href":"https:\/\/cornelliastudio.pl\/en\/wp-json\/wp\/v2\/product_tag?post=2078"}],"curies":[{"name":"wp","href":"https:\/\/api.w.org\/{rel}","templated":true}]}}