{"id":2075,"date":"2025-11-25T18:00:33","date_gmt":"2025-11-25T17:00:33","guid":{"rendered":"https:\/\/cornelliastudio.pl\/produkt\/bransoletka-ze-srebra-925-z-kamieniem-granatu-minimalistyczna-recznie-wykonana-bizuteria-z-kamieniem-naturalnym\/"},"modified":"2025-12-15T18:09:54","modified_gmt":"2025-12-15T17:09:54","slug":"bransoletka-ze-srebra-925-z-kamieniem-granatu-minimalistyczna-recznie-wykonana-bizuteria-z-kamieniem-naturalnym","status":"publish","type":"product","link":"https:\/\/cornelliastudio.pl\/en\/product\/bransoletka-ze-srebra-925-z-kamieniem-granatu-minimalistyczna-recznie-wykonana-bizuteria-z-kamieniem-naturalnym\/","title":{"rendered":"Sterling Silver (925) Bracelet with Garnet \u2013 Minimalist Handmade Jewelry with a Natural Gemstone"},"content":{"rendered":"<p>\u2728 <strong>Handcrafted Sterling Silver (925) Bracelet with Garnet \u2013 Minimalist Jewelry with a Natural Gemstone<\/strong><\/p>\n<p>Add a touch of subtle elegance to your everyday style with this delicate bracelet, handcrafted from sterling silver (925) and adorned with a natural garnet bead measuring 2 mm in diameter.<br \/>\nIt is a perfect choice for lovers of simplicity, minimalism, and timeless jewelry made with natural gemstones.<\/p>\n<p>\ud83d\udd39 <strong>Product details:<\/strong><\/p>\n<p>Stone: natural garnet \u2014 a symbol of passion, vitality, and strength<\/p>\n<p>Bead size: 2 mm \u2014 small and subtle, perfect for minimalist styles.<\/p>\n<p>Material: handcrafted from sterling silver (925)<\/p>\n<p>Style: minimalist, elegant, lightweight<\/p>\n<p>Length: adjustable, fits most wrists<\/p>\n<p>Clasp: lobster clasp with an extension chain for added comfort<\/p>\n<p>\ud83c\udf81 <strong>A perfect gift idea<\/strong><\/p>\n<p>The bracelet will make a beautiful, symbolic gift for someone who appreciates natural gemstones and handcrafted jewelry.<br \/>\nPackaged in an elegant gift box \u2014 ready for gifting.<\/p>\n<p>&nbsp;<\/p>","protected":false},"excerpt":{"rendered":"<h6>Sterling Silver (925) Bracelet with Garnet \u2013 Minimalist Handmade Jewelry with a Natural Gemstone<\/h6>","protected":false},"featured_media":2097,"comment_status":"open","ping_status":"closed","template":"","meta":{"_uag_custom_page_level_css":"","site-sidebar-layout":"default","site-content-layout":"","ast-site-content-layout":"default","site-content-style":"default","site-sidebar-style":"default","ast-global-header-display":"","ast-banner-title-visibility":"","ast-main-header-display":"","ast-hfb-above-header-display":"","ast-hfb-below-header-display":"","ast-hfb-mobile-header-display":"","site-post-title":"","ast-breadcrumbs-content":"","ast-featured-img":"","footer-sml-layout":"","ast-disable-related-posts":"","theme-transparent-header-meta":"default","adv-header-id-meta":"","stick-header-meta":"","header-above-stick-meta":"","header-main-stick-meta":"","header-below-stick-meta":"","astra-migrate-meta-layouts":"set","ast-page-background-enabled":"default","ast-page-background-meta":{"desktop":{"background-color":"var(--ast-global-color-4)","background-image":"","background-repeat":"repeat","background-position":"center center","background-size":"auto","background-attachment":"scroll","background-type":"","background-media":"","overlay-type":"","overlay-color":"","overlay-opacity":"","overlay-gradient":""},"tablet":{"background-color":"","background-image":"","background-repeat":"repeat","background-position":"center center","background-size":"auto","background-attachment":"scroll","background-type":"","background-media":"","overlay-type":"","overlay-color":"","overlay-opacity":"","overlay-gradient":""},"mobile":{"background-color":"","background-image":"","background-repeat":"repeat","background-position":"center center","background-size":"auto","background-attachment":"scroll","background-type":"","background-media":"","overlay-type":"","overlay-color":"","overlay-opacity":"","overlay-gradient":""}},"ast-content-background-meta":{"desktop":{"background-color":"var(--ast-global-color-5)","background-image":"","background-repeat":"repeat","background-position":"center center","background-size":"auto","background-attachment":"scroll","background-type":"","background-media":"","overlay-type":"","overlay-color":"","overlay-opacity":"","overlay-gradient":""},"tablet":{"background-color":"var(--ast-global-color-5)","background-image":"","background-repeat":"repeat","background-position":"center center","background-size":"auto","background-attachment":"scroll","background-type":"","background-media":"","overlay-type":"","overlay-color":"","overlay-opacity":"","overlay-gradient":""},"mobile":{"background-color":"var(--ast-global-color-5)","background-image":"","background-repeat":"repeat","background-position":"center center","background-size":"auto","background-attachment":"scroll","background-type":"","background-media":"","overlay-type":"","overlay-color":"","overlay-opacity":"","overlay-gradient":""}}},"product_brand":[201],"product_cat":[30,29,31,27],"product_tag":[193,198,199,190,191,195,196,197,192,187,194],"class_list":{"0":"post-2075","1":"product","2":"type-product","3":"status-publish","4":"has-post-thumbnail","6":"product_brand-cornellia-studio","7":"product_cat-bestsellery","8":"product_cat-bransoletki","9":"product_cat-nowosci","10":"product_cat-wszystkie-produkty","11":"product_tag-bransoletka-handmade","12":"product_tag-bransoletka-z-czerwonym-kamieniem-naturalnym","13":"product_tag-bransoletka-z-czerwonymi-kamieniami","14":"product_tag-bransoletka-z-granatem","15":"product_tag-delikatna-bransoletka-srebrna","16":"product_tag-drobna-bransoletka","17":"product_tag-minimalistyczna-bransoletka","18":"product_tag-minimalistyczny-styl-boho","19":"product_tag-naturalne-kamienie","20":"product_tag-prezent-dla-niej","21":"product_tag-subtelna-bransoletka","22":"pa_dlugosc-bransoletki-242","23":"pa_dlugosc-bransoletki-243","24":"pa_dlugosc-bransoletki-244","25":"pa_dlugosc-bransoletki-245","26":"pa_dlugosc-bransoletki-246","27":"desktop-align-left","28":"tablet-align-left","29":"mobile-align-left","31":"first","32":"instock","33":"taxable","34":"shipping-taxable","35":"product-type-variable"},"yoast_head":"<!-- This site is optimized with the Yoast SEO plugin v27.4 - https:\/\/yoast.com\/product\/yoast-seo-wordpress\/ -->\n<title>Bransoletka ze srebra 925 z kamieniem granatu \u2013 minimalistyczna, r\u0119cznie wykonana bi\u017cuteria z kamieniem naturalnym - Cornellia Studio<\/title>\n<meta name=\"robots\" content=\"index, follow, max-snippet:-1, max-image-preview:large, max-video-preview:-1\" \/>\n<link rel=\"canonical\" href=\"https:\/\/cornelliastudio.pl\/en\/product\/bransoletka-ze-srebra-925-z-kamieniem-granatu-minimalistyczna-recznie-wykonana-bizuteria-z-kamieniem-naturalnym\/\" \/>\n<meta property=\"og:locale\" content=\"en_GB\" \/>\n<meta property=\"og:type\" content=\"article\" \/>\n<meta property=\"og:title\" content=\"Bransoletka ze srebra 925 z kamieniem granatu \u2013 minimalistyczna, r\u0119cznie wykonana bi\u017cuteria z kamieniem naturalnym - Cornellia Studio\" \/>\n<meta property=\"og:description\" content=\"Minimalistyczna, r\u0119cznie wykonana bi\u017cuteria z kamieniem naturalnym\" \/>\n<meta property=\"og:url\" content=\"https:\/\/cornelliastudio.pl\/en\/product\/bransoletka-ze-srebra-925-z-kamieniem-granatu-minimalistyczna-recznie-wykonana-bizuteria-z-kamieniem-naturalnym\/\" \/>\n<meta property=\"og:site_name\" content=\"Cornellia Studio\" \/>\n<meta property=\"article:modified_time\" content=\"2025-12-15T17:09:54+00:00\" \/>\n<meta property=\"og:image\" content=\"https:\/\/cornelliastudio.pl\/wp-content\/uploads\/2025\/11\/il_fullxfull.7267065706_7qyn-1-scaled.jpg\" \/>\n\t<meta property=\"og:image:width\" content=\"2560\" \/>\n\t<meta property=\"og:image:height\" content=\"2560\" \/>\n\t<meta property=\"og:image:type\" content=\"image\/jpeg\" \/>\n<meta name=\"twitter:card\" content=\"summary_large_image\" \/>\n<meta name=\"twitter:label1\" content=\"Estimated reading time\" \/>\n\t<meta name=\"twitter:data1\" content=\"1 minute\" \/>\n<script type=\"application\/ld+json\" class=\"yoast-schema-graph\">{\"@context\":\"https:\\\/\\\/schema.org\",\"@graph\":[{\"@type\":\"WebPage\",\"@id\":\"https:\\\/\\\/cornelliastudio.pl\\\/produkt\\\/bransoletka-ze-srebra-925-z-kamieniem-granatu-minimalistyczna-recznie-wykonana-bizuteria-z-kamieniem-naturalnym\\\/\",\"url\":\"https:\\\/\\\/cornelliastudio.pl\\\/produkt\\\/bransoletka-ze-srebra-925-z-kamieniem-granatu-minimalistyczna-recznie-wykonana-bizuteria-z-kamieniem-naturalnym\\\/\",\"name\":\"Bransoletka ze srebra 925 z kamieniem granatu \u2013 minimalistyczna, r\u0119cznie wykonana bi\u017cuteria z kamieniem naturalnym - Cornellia Studio\",\"isPartOf\":{\"@id\":\"https:\\\/\\\/cornelliastudio.pl\\\/#website\"},\"primaryImageOfPage\":{\"@id\":\"https:\\\/\\\/cornelliastudio.pl\\\/produkt\\\/bransoletka-ze-srebra-925-z-kamieniem-granatu-minimalistyczna-recznie-wykonana-bizuteria-z-kamieniem-naturalnym\\\/#primaryimage\"},\"image\":{\"@id\":\"https:\\\/\\\/cornelliastudio.pl\\\/produkt\\\/bransoletka-ze-srebra-925-z-kamieniem-granatu-minimalistyczna-recznie-wykonana-bizuteria-z-kamieniem-naturalnym\\\/#primaryimage\"},\"thumbnailUrl\":\"https:\\\/\\\/cornelliastudio.pl\\\/wp-content\\\/uploads\\\/2025\\\/11\\\/il_fullxfull.7267065706_7qyn-1-scaled.jpg\",\"datePublished\":\"2025-11-25T17:00:33+00:00\",\"dateModified\":\"2025-12-15T17:09:54+00:00\",\"breadcrumb\":{\"@id\":\"https:\\\/\\\/cornelliastudio.pl\\\/produkt\\\/bransoletka-ze-srebra-925-z-kamieniem-granatu-minimalistyczna-recznie-wykonana-bizuteria-z-kamieniem-naturalnym\\\/#breadcrumb\"},\"inLanguage\":\"en-GB\",\"potentialAction\":[{\"@type\":\"ReadAction\",\"target\":[\"https:\\\/\\\/cornelliastudio.pl\\\/produkt\\\/bransoletka-ze-srebra-925-z-kamieniem-granatu-minimalistyczna-recznie-wykonana-bizuteria-z-kamieniem-naturalnym\\\/\"]}]},{\"@type\":\"ImageObject\",\"inLanguage\":\"en-GB\",\"@id\":\"https:\\\/\\\/cornelliastudio.pl\\\/produkt\\\/bransoletka-ze-srebra-925-z-kamieniem-granatu-minimalistyczna-recznie-wykonana-bizuteria-z-kamieniem-naturalnym\\\/#primaryimage\",\"url\":\"https:\\\/\\\/cornelliastudio.pl\\\/wp-content\\\/uploads\\\/2025\\\/11\\\/il_fullxfull.7267065706_7qyn-1-scaled.jpg\",\"contentUrl\":\"https:\\\/\\\/cornelliastudio.pl\\\/wp-content\\\/uploads\\\/2025\\\/11\\\/il_fullxfull.7267065706_7qyn-1-scaled.jpg\",\"width\":2560,\"height\":2560,\"caption\":\"Cornellia Studio\"},{\"@type\":\"BreadcrumbList\",\"@id\":\"https:\\\/\\\/cornelliastudio.pl\\\/produkt\\\/bransoletka-ze-srebra-925-z-kamieniem-granatu-minimalistyczna-recznie-wykonana-bizuteria-z-kamieniem-naturalnym\\\/#breadcrumb\",\"itemListElement\":[{\"@type\":\"ListItem\",\"position\":1,\"name\":\"Strona g\u0142\u00f3wna\",\"item\":\"https:\\\/\\\/cornelliastudio.pl\\\/\"},{\"@type\":\"ListItem\",\"position\":2,\"name\":\"Sklep\",\"item\":\"https:\\\/\\\/cornelliastudio.pl\\\/sklep\\\/\"},{\"@type\":\"ListItem\",\"position\":3,\"name\":\"Bransoletka ze srebra 925 z kamieniem granatu \u2013 minimalistyczna, r\u0119cznie wykonana bi\u017cuteria z kamieniem naturalnym\"}]},{\"@type\":\"WebSite\",\"@id\":\"https:\\\/\\\/cornelliastudio.pl\\\/#website\",\"url\":\"https:\\\/\\\/cornelliastudio.pl\\\/\",\"name\":\"Cornellia Studio\",\"description\":\"Bi\u017cuteria artystyczna, hand made\",\"publisher\":{\"@id\":\"https:\\\/\\\/cornelliastudio.pl\\\/#organization\"},\"potentialAction\":[{\"@type\":\"SearchAction\",\"target\":{\"@type\":\"EntryPoint\",\"urlTemplate\":\"https:\\\/\\\/cornelliastudio.pl\\\/?s={search_term_string}\"},\"query-input\":{\"@type\":\"PropertyValueSpecification\",\"valueRequired\":true,\"valueName\":\"search_term_string\"}}],\"inLanguage\":\"en-GB\"},{\"@type\":\"Organization\",\"@id\":\"https:\\\/\\\/cornelliastudio.pl\\\/#organization\",\"name\":\"Cornellia Studio\",\"url\":\"https:\\\/\\\/cornelliastudio.pl\\\/\",\"logo\":{\"@type\":\"ImageObject\",\"inLanguage\":\"en-GB\",\"@id\":\"https:\\\/\\\/cornelliastudio.pl\\\/#\\\/schema\\\/logo\\\/image\\\/\",\"url\":\"https:\\\/\\\/cornelliastudio.pl\\\/wp-content\\\/uploads\\\/2025\\\/10\\\/Cornellia-Studio-logo.png\",\"contentUrl\":\"https:\\\/\\\/cornelliastudio.pl\\\/wp-content\\\/uploads\\\/2025\\\/10\\\/Cornellia-Studio-logo.png\",\"width\":1563,\"height\":1563,\"caption\":\"Cornellia Studio\"},\"image\":{\"@id\":\"https:\\\/\\\/cornelliastudio.pl\\\/#\\\/schema\\\/logo\\\/image\\\/\"}}]}<\/script>\n<!-- \/ Yoast SEO plugin. -->","yoast_head_json":{"title":"Bransoletka ze srebra 925 z kamieniem granatu \u2013 minimalistyczna, r\u0119cznie wykonana bi\u017cuteria z kamieniem naturalnym - Cornellia Studio","robots":{"index":"index","follow":"follow","max-snippet":"max-snippet:-1","max-image-preview":"max-image-preview:large","max-video-preview":"max-video-preview:-1"},"canonical":"https:\/\/cornelliastudio.pl\/en\/product\/bransoletka-ze-srebra-925-z-kamieniem-granatu-minimalistyczna-recznie-wykonana-bizuteria-z-kamieniem-naturalnym\/","og_locale":"en_GB","og_type":"article","og_title":"Bransoletka ze srebra 925 z kamieniem granatu \u2013 minimalistyczna, r\u0119cznie wykonana bi\u017cuteria z kamieniem naturalnym - Cornellia Studio","og_description":"Minimalistyczna, r\u0119cznie wykonana bi\u017cuteria z kamieniem naturalnym","og_url":"https:\/\/cornelliastudio.pl\/en\/product\/bransoletka-ze-srebra-925-z-kamieniem-granatu-minimalistyczna-recznie-wykonana-bizuteria-z-kamieniem-naturalnym\/","og_site_name":"Cornellia Studio","article_modified_time":"2025-12-15T17:09:54+00:00","og_image":[{"width":2560,"height":2560,"url":"https:\/\/cornelliastudio.pl\/wp-content\/uploads\/2025\/11\/il_fullxfull.7267065706_7qyn-1-scaled.jpg","type":"image\/jpeg"}],"twitter_card":"summary_large_image","twitter_misc":{"Estimated reading time":"1 minute"},"schema":{"@context":"https:\/\/schema.org","@graph":[{"@type":"WebPage","@id":"https:\/\/cornelliastudio.pl\/produkt\/bransoletka-ze-srebra-925-z-kamieniem-granatu-minimalistyczna-recznie-wykonana-bizuteria-z-kamieniem-naturalnym\/","url":"https:\/\/cornelliastudio.pl\/produkt\/bransoletka-ze-srebra-925-z-kamieniem-granatu-minimalistyczna-recznie-wykonana-bizuteria-z-kamieniem-naturalnym\/","name":"Bransoletka ze srebra 925 z kamieniem granatu \u2013 minimalistyczna, r\u0119cznie wykonana bi\u017cuteria z kamieniem naturalnym - Cornellia Studio","isPartOf":{"@id":"https:\/\/cornelliastudio.pl\/#website"},"primaryImageOfPage":{"@id":"https:\/\/cornelliastudio.pl\/produkt\/bransoletka-ze-srebra-925-z-kamieniem-granatu-minimalistyczna-recznie-wykonana-bizuteria-z-kamieniem-naturalnym\/#primaryimage"},"image":{"@id":"https:\/\/cornelliastudio.pl\/produkt\/bransoletka-ze-srebra-925-z-kamieniem-granatu-minimalistyczna-recznie-wykonana-bizuteria-z-kamieniem-naturalnym\/#primaryimage"},"thumbnailUrl":"https:\/\/cornelliastudio.pl\/wp-content\/uploads\/2025\/11\/il_fullxfull.7267065706_7qyn-1-scaled.jpg","datePublished":"2025-11-25T17:00:33+00:00","dateModified":"2025-12-15T17:09:54+00:00","breadcrumb":{"@id":"https:\/\/cornelliastudio.pl\/produkt\/bransoletka-ze-srebra-925-z-kamieniem-granatu-minimalistyczna-recznie-wykonana-bizuteria-z-kamieniem-naturalnym\/#breadcrumb"},"inLanguage":"en-GB","potentialAction":[{"@type":"ReadAction","target":["https:\/\/cornelliastudio.pl\/produkt\/bransoletka-ze-srebra-925-z-kamieniem-granatu-minimalistyczna-recznie-wykonana-bizuteria-z-kamieniem-naturalnym\/"]}]},{"@type":"ImageObject","inLanguage":"en-GB","@id":"https:\/\/cornelliastudio.pl\/produkt\/bransoletka-ze-srebra-925-z-kamieniem-granatu-minimalistyczna-recznie-wykonana-bizuteria-z-kamieniem-naturalnym\/#primaryimage","url":"https:\/\/cornelliastudio.pl\/wp-content\/uploads\/2025\/11\/il_fullxfull.7267065706_7qyn-1-scaled.jpg","contentUrl":"https:\/\/cornelliastudio.pl\/wp-content\/uploads\/2025\/11\/il_fullxfull.7267065706_7qyn-1-scaled.jpg","width":2560,"height":2560,"caption":"Cornellia Studio"},{"@type":"BreadcrumbList","@id":"https:\/\/cornelliastudio.pl\/produkt\/bransoletka-ze-srebra-925-z-kamieniem-granatu-minimalistyczna-recznie-wykonana-bizuteria-z-kamieniem-naturalnym\/#breadcrumb","itemListElement":[{"@type":"ListItem","position":1,"name":"Strona g\u0142\u00f3wna","item":"https:\/\/cornelliastudio.pl\/"},{"@type":"ListItem","position":2,"name":"Sklep","item":"https:\/\/cornelliastudio.pl\/sklep\/"},{"@type":"ListItem","position":3,"name":"Bransoletka ze srebra 925 z kamieniem granatu \u2013 minimalistyczna, r\u0119cznie wykonana bi\u017cuteria z kamieniem naturalnym"}]},{"@type":"WebSite","@id":"https:\/\/cornelliastudio.pl\/#website","url":"https:\/\/cornelliastudio.pl\/","name":"Cornellia Studio","description":"Bi\u017cuteria artystyczna, hand made","publisher":{"@id":"https:\/\/cornelliastudio.pl\/#organization"},"potentialAction":[{"@type":"SearchAction","target":{"@type":"EntryPoint","urlTemplate":"https:\/\/cornelliastudio.pl\/?s={search_term_string}"},"query-input":{"@type":"PropertyValueSpecification","valueRequired":true,"valueName":"search_term_string"}}],"inLanguage":"en-GB"},{"@type":"Organization","@id":"https:\/\/cornelliastudio.pl\/#organization","name":"Cornellia Studio","url":"https:\/\/cornelliastudio.pl\/","logo":{"@type":"ImageObject","inLanguage":"en-GB","@id":"https:\/\/cornelliastudio.pl\/#\/schema\/logo\/image\/","url":"https:\/\/cornelliastudio.pl\/wp-content\/uploads\/2025\/10\/Cornellia-Studio-logo.png","contentUrl":"https:\/\/cornelliastudio.pl\/wp-content\/uploads\/2025\/10\/Cornellia-Studio-logo.png","width":1563,"height":1563,"caption":"Cornellia Studio"},"image":{"@id":"https:\/\/cornelliastudio.pl\/#\/schema\/logo\/image\/"}}]}},"uagb_featured_image_src":{"full":["https:\/\/cornelliastudio.pl\/wp-content\/uploads\/2025\/11\/il_fullxfull.7267065706_7qyn-1-scaled.jpg",2560,2560,false],"thumbnail":["https:\/\/cornelliastudio.pl\/wp-content\/uploads\/2025\/11\/il_fullxfull.7267065706_7qyn-1-150x150.jpg",150,150,true],"medium":["https:\/\/cornelliastudio.pl\/wp-content\/uploads\/2025\/11\/il_fullxfull.7267065706_7qyn-1-300x300.jpg",300,300,true],"medium_large":["https:\/\/cornelliastudio.pl\/wp-content\/uploads\/2025\/11\/il_fullxfull.7267065706_7qyn-1-768x768.jpg",768,768,true],"large":["https:\/\/cornelliastudio.pl\/wp-content\/uploads\/2025\/11\/il_fullxfull.7267065706_7qyn-1-1024x1024.jpg",1024,1024,true],"1536x1536":["https:\/\/cornelliastudio.pl\/wp-content\/uploads\/2025\/11\/il_fullxfull.7267065706_7qyn-1-1536x1536.jpg",1536,1536,true],"2048x2048":["https:\/\/cornelliastudio.pl\/wp-content\/uploads\/2025\/11\/il_fullxfull.7267065706_7qyn-1-2048x2048.jpg",2048,2048,true],"trp-custom-language-flag":["https:\/\/cornelliastudio.pl\/wp-content\/uploads\/2025\/11\/il_fullxfull.7267065706_7qyn-1-scaled.jpg",12,12,false],"woocommerce_thumbnail":["https:\/\/cornelliastudio.pl\/wp-content\/uploads\/2025\/11\/il_fullxfull.7267065706_7qyn-1-300x300.jpg",300,300,true],"woocommerce_single":["https:\/\/cornelliastudio.pl\/wp-content\/uploads\/2025\/11\/il_fullxfull.7267065706_7qyn-1-600x600.jpg",600,600,true],"woocommerce_gallery_thumbnail":["https:\/\/cornelliastudio.pl\/wp-content\/uploads\/2025\/11\/il_fullxfull.7267065706_7qyn-1-100x100.jpg",100,100,true]},"uagb_author_info":{"display_name":"Administrator","author_link":"https:\/\/cornelliastudio.pl\/en\/author\/"},"uagb_comment_info":0,"uagb_excerpt":"Minimalistyczna, r\u0119cznie wykonana bi\u017cuteria z kamieniem naturalnym","_links":{"self":[{"href":"https:\/\/cornelliastudio.pl\/en\/wp-json\/wp\/v2\/product\/2075","targetHints":{"allow":["GET"]}}],"collection":[{"href":"https:\/\/cornelliastudio.pl\/en\/wp-json\/wp\/v2\/product"}],"about":[{"href":"https:\/\/cornelliastudio.pl\/en\/wp-json\/wp\/v2\/types\/product"}],"replies":[{"embeddable":true,"href":"https:\/\/cornelliastudio.pl\/en\/wp-json\/wp\/v2\/comments?post=2075"}],"wp:featuredmedia":[{"embeddable":true,"href":"https:\/\/cornelliastudio.pl\/en\/wp-json\/wp\/v2\/media\/2097"}],"wp:attachment":[{"href":"https:\/\/cornelliastudio.pl\/en\/wp-json\/wp\/v2\/media?parent=2075"}],"wp:term":[{"taxonomy":"product_brand","embeddable":true,"href":"https:\/\/cornelliastudio.pl\/en\/wp-json\/wp\/v2\/product_brand?post=2075"},{"taxonomy":"product_cat","embeddable":true,"href":"https:\/\/cornelliastudio.pl\/en\/wp-json\/wp\/v2\/product_cat?post=2075"},{"taxonomy":"product_tag","embeddable":true,"href":"https:\/\/cornelliastudio.pl\/en\/wp-json\/wp\/v2\/product_tag?post=2075"}],"curies":[{"name":"wp","href":"https:\/\/api.w.org\/{rel}","templated":true}]}}