{"id":2073,"date":"2025-11-25T18:00:31","date_gmt":"2025-11-25T17:00:31","guid":{"rendered":"https:\/\/cornelliastudio.pl\/produkt\/brasnoletka-srebrne-925-z-bursztynem-i-turkusem-kolorowa-brasnoletka-minimalistyczna-brasnoletka-zolto-niebieskie-brasnoletka\/"},"modified":"2025-12-16T13:25:27","modified_gmt":"2025-12-16T12:25:27","slug":"brasnoletka-srebrne-925-z-bursztynem-i-turkusem-kolorowa-brasnoletka-minimalistyczna-brasnoletka-zolto-niebieskie-brasnoletka","status":"publish","type":"product","link":"https:\/\/cornelliastudio.pl\/en\/product\/brasnoletka-srebrne-925-z-bursztynem-i-turkusem-kolorowa-brasnoletka-minimalistyczna-brasnoletka-zolto-niebieskie-brasnoletka\/","title":{"rendered":"Sterling Silver (925) Bracelet with Amber and Turquoise | Colorful Minimalist Yellow &amp; Blue Bracelet"},"content":{"rendered":"<h2 data-start=\"154\" data-end=\"490\"><strong data-start=\"156\" data-end=\"207\">Sterling Silver (925) Bracelet with Amber and Turquoise<\/strong><\/h2>\n<p data-start=\"154\" data-end=\"490\"><br data-start=\"209\" data-end=\"212\" \/>A handcrafted bracelet made with natural gemstones \u2014 warm, honey-colored amber combined with the intense blue of turquoise, all set in sterling silver (925). Delicate, colorful, and full of lightness, it is perfect as a gift for her or as a unique accessory for lovers of boho style.<\/p>\n<h2 data-start=\"492\" data-end=\"755\"><strong data-start=\"495\" data-end=\"518\">Product details:<\/strong><\/h2>\n<p data-start=\"492\" data-end=\"755\"><br data-start=\"518\" data-end=\"521\" \/>\u2022 <strong data-start=\"523\" data-end=\"537\">Materials:<\/strong> natural amber, turquoise, sterling silver (925)<br data-start=\"576\" data-end=\"579\" \/>\u2022 <strong data-start=\"581\" data-end=\"590\">Style:<\/strong> boho, minimalist, everyday style<br data-start=\"627\" data-end=\"630\" data-is-only-node=\"\" \/>\u2022 <strong data-start=\"632\" data-end=\"644\">Length:<\/strong> 19 cm + 2 cm extension<br data-start=\"667\" data-end=\"670\" \/>\u2022 <strong data-start=\"672\" data-end=\"685\">Closure:<\/strong> Lobster clasp<br data-start=\"697\" data-end=\"700\" \/>\u2022 <strong data-start=\"702\" data-end=\"721\">comfortable and lightweight<\/strong> perfect for everyday wear<\/p>\n<p data-start=\"757\" data-end=\"866\">Add a touch of natural elegance to your style with this unique, handcrafted bracelet.<\/p>","protected":false},"excerpt":{"rendered":"<h2 data-start=\"74\" data-end=\"357\"><strong data-start=\"76\" data-end=\"127\">Sterling Silver (925) Bracelet with Amber and Turquoise<\/strong><\/h2>\n<p data-start=\"74\" data-end=\"357\"><br data-start=\"127\" data-end=\"130\" \/>A delicate, handcrafted bracelet made with natural gemstones: amber measuring <strong data-start=\"219\" data-end=\"229\">5\u00d77 mm<\/strong> and turquoise. <strong data-start=\"244\" data-end=\"255\">15\u00d74 mm<\/strong>set in sterling silver (925). Lightweight and elegant, it is perfect for everyday wear and as a subtle boho accent.<\/p>\n<p data-start=\"359\" data-end=\"480\"><strong data-start=\"359\" data-end=\"383\">Bracelet length:<\/strong> 19 cm + 2 cm extension<br data-start=\"406\" data-end=\"409\" \/><strong data-start=\"409\" data-end=\"423\">Materials:<\/strong> amber, turquoise, sterling silver (925)<br data-start=\"452\" data-end=\"455\" \/><strong data-start=\"455\" data-end=\"468\">Closure:<\/strong> Lobster clasp<\/p>","protected":false},"featured_media":2124,"comment_status":"open","ping_status":"closed","template":"","meta":{"_uag_custom_page_level_css":"","site-sidebar-layout":"default","site-content-layout":"","ast-site-content-layout":"default","site-content-style":"default","site-sidebar-style":"default","ast-global-header-display":"","ast-banner-title-visibility":"","ast-main-header-display":"","ast-hfb-above-header-display":"","ast-hfb-below-header-display":"","ast-hfb-mobile-header-display":"","site-post-title":"","ast-breadcrumbs-content":"","ast-featured-img":"","footer-sml-layout":"","ast-disable-related-posts":"","theme-transparent-header-meta":"default","adv-header-id-meta":"","stick-header-meta":"","header-above-stick-meta":"","header-main-stick-meta":"","header-below-stick-meta":"","astra-migrate-meta-layouts":"set","ast-page-background-enabled":"default","ast-page-background-meta":{"desktop":{"background-color":"var(--ast-global-color-4)","background-image":"","background-repeat":"repeat","background-position":"center center","background-size":"auto","background-attachment":"scroll","background-type":"","background-media":"","overlay-type":"","overlay-color":"","overlay-opacity":"","overlay-gradient":""},"tablet":{"background-color":"","background-image":"","background-repeat":"repeat","background-position":"center center","background-size":"auto","background-attachment":"scroll","background-type":"","background-media":"","overlay-type":"","overlay-color":"","overlay-opacity":"","overlay-gradient":""},"mobile":{"background-color":"","background-image":"","background-repeat":"repeat","background-position":"center center","background-size":"auto","background-attachment":"scroll","background-type":"","background-media":"","overlay-type":"","overlay-color":"","overlay-opacity":"","overlay-gradient":""}},"ast-content-background-meta":{"desktop":{"background-color":"var(--ast-global-color-5)","background-image":"","background-repeat":"repeat","background-position":"center center","background-size":"auto","background-attachment":"scroll","background-type":"","background-media":"","overlay-type":"","overlay-color":"","overlay-opacity":"","overlay-gradient":""},"tablet":{"background-color":"var(--ast-global-color-5)","background-image":"","background-repeat":"repeat","background-position":"center center","background-size":"auto","background-attachment":"scroll","background-type":"","background-media":"","overlay-type":"","overlay-color":"","overlay-opacity":"","overlay-gradient":""},"mobile":{"background-color":"var(--ast-global-color-5)","background-image":"","background-repeat":"repeat","background-position":"center center","background-size":"auto","background-attachment":"scroll","background-type":"","background-media":"","overlay-type":"","overlay-color":"","overlay-opacity":"","overlay-gradient":""}}},"product_brand":[201],"product_cat":[30,29,31,27],"product_tag":[258,255,193,222,229,224,220,252,253,254,259,257,256],"class_list":{"0":"post-2073","1":"product","2":"type-product","3":"status-publish","4":"has-post-thumbnail","6":"product_brand-cornellia-studio","7":"product_cat-bestsellery","8":"product_cat-bransoletki","9":"product_cat-nowosci","10":"product_cat-wszystkie-produkty","11":"product_tag-bizuteria-naturalne-kamienie","12":"product_tag-bransoletka-dla-niej","13":"product_tag-bransoletka-handmade","14":"product_tag-bransoletka-kolorowa","15":"product_tag-bransoletka-minimalistyczna","16":"product_tag-bransoletka-regulowana","17":"product_tag-bransoletka-srebrna","18":"product_tag-bransoletka-srebrna-925","19":"product_tag-bransoletka-z-bursztynem","20":"product_tag-bransoletka-z-turkusem","21":"product_tag-brasnoletka-artystyczna","22":"product_tag-prezent-dla-kobiety","23":"product_tag-srebro-925-handmade","24":"pa_dlugosc-bransoletki-15cm","25":"pa_dlugosc-bransoletki-17-cm","26":"pa_dlugosc-bransoletki-19-cm","27":"pa_dlugosc-bransoletki-21-cm","28":"desktop-align-left","29":"tablet-align-left","30":"mobile-align-left","32":"first","33":"instock","34":"taxable","35":"shipping-taxable","36":"purchasable","37":"product-type-variable"},"yoast_head":"<!-- This site is optimized with the Yoast SEO plugin v27.4 - https:\/\/yoast.com\/product\/yoast-seo-wordpress\/ -->\n<title>brasnoletka srebrne 925 z bursztynem i turkusem, kolorowa brasnoletka , minimalistyczna brasnoletka \u017c\u00f3\u0142to-niebieskie brasnoletka - Cornellia Studio<\/title>\n<meta name=\"robots\" content=\"index, follow, max-snippet:-1, max-image-preview:large, max-video-preview:-1\" \/>\n<link rel=\"canonical\" href=\"https:\/\/cornelliastudio.pl\/en\/product\/brasnoletka-srebrne-925-z-bursztynem-i-turkusem-kolorowa-brasnoletka-minimalistyczna-brasnoletka-zolto-niebieskie-brasnoletka\/\" \/>\n<meta property=\"og:locale\" content=\"en_GB\" \/>\n<meta property=\"og:type\" content=\"article\" \/>\n<meta property=\"og:title\" content=\"brasnoletka srebrne 925 z bursztynem i turkusem, kolorowa brasnoletka , minimalistyczna brasnoletka \u017c\u00f3\u0142to-niebieskie brasnoletka - Cornellia Studio\" \/>\n<meta property=\"og:description\" content=\"Bransoletka srebrna 925 z bursztynem i turkusem Delikatna, r\u0119cznie wykonana bransoletka z naturalnymi kamieniami: bursztynem o wielko\u015bci 5\u00d77 mm oraz turkusem 15\u00d74 mm, oprawionymi w srebro 925. Lekka, elegancka, idealna na co dzie\u0144 i jako subtelny akcent w stylu boho. D\u0142ugo\u015b\u0107 bransoletki: 19 cm + 2 cm regulacjiMateria\u0142y: bursztyn, turkus, srebro 925Zapi\u0119cie: karabi\u0144czyk\" \/>\n<meta property=\"og:url\" content=\"https:\/\/cornelliastudio.pl\/en\/product\/brasnoletka-srebrne-925-z-bursztynem-i-turkusem-kolorowa-brasnoletka-minimalistyczna-brasnoletka-zolto-niebieskie-brasnoletka\/\" \/>\n<meta property=\"og:site_name\" content=\"Cornellia Studio\" \/>\n<meta property=\"article:modified_time\" content=\"2025-12-16T12:25:27+00:00\" \/>\n<meta property=\"og:image\" content=\"https:\/\/cornelliastudio.pl\/wp-content\/uploads\/2025\/11\/il_fullxfull.7240375910_420k-1-scaled.webp\" \/>\n\t<meta property=\"og:image:width\" content=\"2560\" \/>\n\t<meta property=\"og:image:height\" content=\"2560\" \/>\n\t<meta property=\"og:image:type\" content=\"image\/webp\" \/>\n<meta name=\"twitter:card\" content=\"summary_large_image\" \/>\n<meta name=\"twitter:label1\" content=\"Estimated reading time\" \/>\n\t<meta name=\"twitter:data1\" content=\"1 minute\" \/>\n<script type=\"application\/ld+json\" class=\"yoast-schema-graph\">{\"@context\":\"https:\\\/\\\/schema.org\",\"@graph\":[{\"@type\":\"WebPage\",\"@id\":\"https:\\\/\\\/cornelliastudio.pl\\\/produkt\\\/brasnoletka-srebrne-925-z-bursztynem-i-turkusem-kolorowa-brasnoletka-minimalistyczna-brasnoletka-zolto-niebieskie-brasnoletka\\\/\",\"url\":\"https:\\\/\\\/cornelliastudio.pl\\\/produkt\\\/brasnoletka-srebrne-925-z-bursztynem-i-turkusem-kolorowa-brasnoletka-minimalistyczna-brasnoletka-zolto-niebieskie-brasnoletka\\\/\",\"name\":\"brasnoletka srebrne 925 z bursztynem i turkusem, kolorowa brasnoletka , minimalistyczna brasnoletka \u017c\u00f3\u0142to-niebieskie brasnoletka - Cornellia Studio\",\"isPartOf\":{\"@id\":\"https:\\\/\\\/cornelliastudio.pl\\\/#website\"},\"primaryImageOfPage\":{\"@id\":\"https:\\\/\\\/cornelliastudio.pl\\\/produkt\\\/brasnoletka-srebrne-925-z-bursztynem-i-turkusem-kolorowa-brasnoletka-minimalistyczna-brasnoletka-zolto-niebieskie-brasnoletka\\\/#primaryimage\"},\"image\":{\"@id\":\"https:\\\/\\\/cornelliastudio.pl\\\/produkt\\\/brasnoletka-srebrne-925-z-bursztynem-i-turkusem-kolorowa-brasnoletka-minimalistyczna-brasnoletka-zolto-niebieskie-brasnoletka\\\/#primaryimage\"},\"thumbnailUrl\":\"https:\\\/\\\/cornelliastudio.pl\\\/wp-content\\\/uploads\\\/2025\\\/11\\\/il_fullxfull.7240375910_420k-1-scaled.webp\",\"datePublished\":\"2025-11-25T17:00:31+00:00\",\"dateModified\":\"2025-12-16T12:25:27+00:00\",\"breadcrumb\":{\"@id\":\"https:\\\/\\\/cornelliastudio.pl\\\/produkt\\\/brasnoletka-srebrne-925-z-bursztynem-i-turkusem-kolorowa-brasnoletka-minimalistyczna-brasnoletka-zolto-niebieskie-brasnoletka\\\/#breadcrumb\"},\"inLanguage\":\"en-GB\",\"potentialAction\":[{\"@type\":\"ReadAction\",\"target\":[\"https:\\\/\\\/cornelliastudio.pl\\\/produkt\\\/brasnoletka-srebrne-925-z-bursztynem-i-turkusem-kolorowa-brasnoletka-minimalistyczna-brasnoletka-zolto-niebieskie-brasnoletka\\\/\"]}]},{\"@type\":\"ImageObject\",\"inLanguage\":\"en-GB\",\"@id\":\"https:\\\/\\\/cornelliastudio.pl\\\/produkt\\\/brasnoletka-srebrne-925-z-bursztynem-i-turkusem-kolorowa-brasnoletka-minimalistyczna-brasnoletka-zolto-niebieskie-brasnoletka\\\/#primaryimage\",\"url\":\"https:\\\/\\\/cornelliastudio.pl\\\/wp-content\\\/uploads\\\/2025\\\/11\\\/il_fullxfull.7240375910_420k-1-scaled.webp\",\"contentUrl\":\"https:\\\/\\\/cornelliastudio.pl\\\/wp-content\\\/uploads\\\/2025\\\/11\\\/il_fullxfull.7240375910_420k-1-scaled.webp\",\"width\":2560,\"height\":2560},{\"@type\":\"BreadcrumbList\",\"@id\":\"https:\\\/\\\/cornelliastudio.pl\\\/produkt\\\/brasnoletka-srebrne-925-z-bursztynem-i-turkusem-kolorowa-brasnoletka-minimalistyczna-brasnoletka-zolto-niebieskie-brasnoletka\\\/#breadcrumb\",\"itemListElement\":[{\"@type\":\"ListItem\",\"position\":1,\"name\":\"Strona g\u0142\u00f3wna\",\"item\":\"https:\\\/\\\/cornelliastudio.pl\\\/\"},{\"@type\":\"ListItem\",\"position\":2,\"name\":\"Sklep\",\"item\":\"https:\\\/\\\/cornelliastudio.pl\\\/sklep\\\/\"},{\"@type\":\"ListItem\",\"position\":3,\"name\":\"brasnoletka srebrne 925 z bursztynem i turkusem, kolorowa brasnoletka , minimalistyczna brasnoletka \u017c\u00f3\u0142to-niebieskie brasnoletka\"}]},{\"@type\":\"WebSite\",\"@id\":\"https:\\\/\\\/cornelliastudio.pl\\\/#website\",\"url\":\"https:\\\/\\\/cornelliastudio.pl\\\/\",\"name\":\"Cornellia Studio\",\"description\":\"Bi\u017cuteria artystyczna, hand made\",\"publisher\":{\"@id\":\"https:\\\/\\\/cornelliastudio.pl\\\/#organization\"},\"potentialAction\":[{\"@type\":\"SearchAction\",\"target\":{\"@type\":\"EntryPoint\",\"urlTemplate\":\"https:\\\/\\\/cornelliastudio.pl\\\/?s={search_term_string}\"},\"query-input\":{\"@type\":\"PropertyValueSpecification\",\"valueRequired\":true,\"valueName\":\"search_term_string\"}}],\"inLanguage\":\"en-GB\"},{\"@type\":\"Organization\",\"@id\":\"https:\\\/\\\/cornelliastudio.pl\\\/#organization\",\"name\":\"Cornellia Studio\",\"url\":\"https:\\\/\\\/cornelliastudio.pl\\\/\",\"logo\":{\"@type\":\"ImageObject\",\"inLanguage\":\"en-GB\",\"@id\":\"https:\\\/\\\/cornelliastudio.pl\\\/#\\\/schema\\\/logo\\\/image\\\/\",\"url\":\"https:\\\/\\\/cornelliastudio.pl\\\/wp-content\\\/uploads\\\/2025\\\/10\\\/Cornellia-Studio-logo.png\",\"contentUrl\":\"https:\\\/\\\/cornelliastudio.pl\\\/wp-content\\\/uploads\\\/2025\\\/10\\\/Cornellia-Studio-logo.png\",\"width\":1563,\"height\":1563,\"caption\":\"Cornellia Studio\"},\"image\":{\"@id\":\"https:\\\/\\\/cornelliastudio.pl\\\/#\\\/schema\\\/logo\\\/image\\\/\"}}]}<\/script>\n<!-- \/ Yoast SEO plugin. -->","yoast_head_json":{"title":"brasnoletka srebrne 925 z bursztynem i turkusem, kolorowa brasnoletka , minimalistyczna brasnoletka \u017c\u00f3\u0142to-niebieskie brasnoletka - Cornellia Studio","robots":{"index":"index","follow":"follow","max-snippet":"max-snippet:-1","max-image-preview":"max-image-preview:large","max-video-preview":"max-video-preview:-1"},"canonical":"https:\/\/cornelliastudio.pl\/en\/product\/brasnoletka-srebrne-925-z-bursztynem-i-turkusem-kolorowa-brasnoletka-minimalistyczna-brasnoletka-zolto-niebieskie-brasnoletka\/","og_locale":"en_GB","og_type":"article","og_title":"brasnoletka srebrne 925 z bursztynem i turkusem, kolorowa brasnoletka , minimalistyczna brasnoletka \u017c\u00f3\u0142to-niebieskie brasnoletka - Cornellia Studio","og_description":"Bransoletka srebrna 925 z bursztynem i turkusem Delikatna, r\u0119cznie wykonana bransoletka z naturalnymi kamieniami: bursztynem o wielko\u015bci 5\u00d77 mm oraz turkusem 15\u00d74 mm, oprawionymi w srebro 925. Lekka, elegancka, idealna na co dzie\u0144 i jako subtelny akcent w stylu boho. D\u0142ugo\u015b\u0107 bransoletki: 19 cm + 2 cm regulacjiMateria\u0142y: bursztyn, turkus, srebro 925Zapi\u0119cie: karabi\u0144czyk","og_url":"https:\/\/cornelliastudio.pl\/en\/product\/brasnoletka-srebrne-925-z-bursztynem-i-turkusem-kolorowa-brasnoletka-minimalistyczna-brasnoletka-zolto-niebieskie-brasnoletka\/","og_site_name":"Cornellia Studio","article_modified_time":"2025-12-16T12:25:27+00:00","og_image":[{"width":2560,"height":2560,"url":"https:\/\/cornelliastudio.pl\/wp-content\/uploads\/2025\/11\/il_fullxfull.7240375910_420k-1-scaled.webp","type":"image\/webp"}],"twitter_card":"summary_large_image","twitter_misc":{"Estimated reading time":"1 minute"},"schema":{"@context":"https:\/\/schema.org","@graph":[{"@type":"WebPage","@id":"https:\/\/cornelliastudio.pl\/produkt\/brasnoletka-srebrne-925-z-bursztynem-i-turkusem-kolorowa-brasnoletka-minimalistyczna-brasnoletka-zolto-niebieskie-brasnoletka\/","url":"https:\/\/cornelliastudio.pl\/produkt\/brasnoletka-srebrne-925-z-bursztynem-i-turkusem-kolorowa-brasnoletka-minimalistyczna-brasnoletka-zolto-niebieskie-brasnoletka\/","name":"brasnoletka srebrne 925 z bursztynem i turkusem, kolorowa brasnoletka , minimalistyczna brasnoletka \u017c\u00f3\u0142to-niebieskie brasnoletka - Cornellia Studio","isPartOf":{"@id":"https:\/\/cornelliastudio.pl\/#website"},"primaryImageOfPage":{"@id":"https:\/\/cornelliastudio.pl\/produkt\/brasnoletka-srebrne-925-z-bursztynem-i-turkusem-kolorowa-brasnoletka-minimalistyczna-brasnoletka-zolto-niebieskie-brasnoletka\/#primaryimage"},"image":{"@id":"https:\/\/cornelliastudio.pl\/produkt\/brasnoletka-srebrne-925-z-bursztynem-i-turkusem-kolorowa-brasnoletka-minimalistyczna-brasnoletka-zolto-niebieskie-brasnoletka\/#primaryimage"},"thumbnailUrl":"https:\/\/cornelliastudio.pl\/wp-content\/uploads\/2025\/11\/il_fullxfull.7240375910_420k-1-scaled.webp","datePublished":"2025-11-25T17:00:31+00:00","dateModified":"2025-12-16T12:25:27+00:00","breadcrumb":{"@id":"https:\/\/cornelliastudio.pl\/produkt\/brasnoletka-srebrne-925-z-bursztynem-i-turkusem-kolorowa-brasnoletka-minimalistyczna-brasnoletka-zolto-niebieskie-brasnoletka\/#breadcrumb"},"inLanguage":"en-GB","potentialAction":[{"@type":"ReadAction","target":["https:\/\/cornelliastudio.pl\/produkt\/brasnoletka-srebrne-925-z-bursztynem-i-turkusem-kolorowa-brasnoletka-minimalistyczna-brasnoletka-zolto-niebieskie-brasnoletka\/"]}]},{"@type":"ImageObject","inLanguage":"en-GB","@id":"https:\/\/cornelliastudio.pl\/produkt\/brasnoletka-srebrne-925-z-bursztynem-i-turkusem-kolorowa-brasnoletka-minimalistyczna-brasnoletka-zolto-niebieskie-brasnoletka\/#primaryimage","url":"https:\/\/cornelliastudio.pl\/wp-content\/uploads\/2025\/11\/il_fullxfull.7240375910_420k-1-scaled.webp","contentUrl":"https:\/\/cornelliastudio.pl\/wp-content\/uploads\/2025\/11\/il_fullxfull.7240375910_420k-1-scaled.webp","width":2560,"height":2560},{"@type":"BreadcrumbList","@id":"https:\/\/cornelliastudio.pl\/produkt\/brasnoletka-srebrne-925-z-bursztynem-i-turkusem-kolorowa-brasnoletka-minimalistyczna-brasnoletka-zolto-niebieskie-brasnoletka\/#breadcrumb","itemListElement":[{"@type":"ListItem","position":1,"name":"Strona g\u0142\u00f3wna","item":"https:\/\/cornelliastudio.pl\/"},{"@type":"ListItem","position":2,"name":"Sklep","item":"https:\/\/cornelliastudio.pl\/sklep\/"},{"@type":"ListItem","position":3,"name":"brasnoletka srebrne 925 z bursztynem i turkusem, kolorowa brasnoletka , minimalistyczna brasnoletka \u017c\u00f3\u0142to-niebieskie brasnoletka"}]},{"@type":"WebSite","@id":"https:\/\/cornelliastudio.pl\/#website","url":"https:\/\/cornelliastudio.pl\/","name":"Cornellia Studio","description":"Bi\u017cuteria artystyczna, hand made","publisher":{"@id":"https:\/\/cornelliastudio.pl\/#organization"},"potentialAction":[{"@type":"SearchAction","target":{"@type":"EntryPoint","urlTemplate":"https:\/\/cornelliastudio.pl\/?s={search_term_string}"},"query-input":{"@type":"PropertyValueSpecification","valueRequired":true,"valueName":"search_term_string"}}],"inLanguage":"en-GB"},{"@type":"Organization","@id":"https:\/\/cornelliastudio.pl\/#organization","name":"Cornellia Studio","url":"https:\/\/cornelliastudio.pl\/","logo":{"@type":"ImageObject","inLanguage":"en-GB","@id":"https:\/\/cornelliastudio.pl\/#\/schema\/logo\/image\/","url":"https:\/\/cornelliastudio.pl\/wp-content\/uploads\/2025\/10\/Cornellia-Studio-logo.png","contentUrl":"https:\/\/cornelliastudio.pl\/wp-content\/uploads\/2025\/10\/Cornellia-Studio-logo.png","width":1563,"height":1563,"caption":"Cornellia Studio"},"image":{"@id":"https:\/\/cornelliastudio.pl\/#\/schema\/logo\/image\/"}}]}},"uagb_featured_image_src":{"full":["https:\/\/cornelliastudio.pl\/wp-content\/uploads\/2025\/11\/il_fullxfull.7240375910_420k-1-scaled.webp",2560,2560,false],"thumbnail":["https:\/\/cornelliastudio.pl\/wp-content\/uploads\/2025\/11\/il_fullxfull.7240375910_420k-1-150x150.webp",150,150,true],"medium":["https:\/\/cornelliastudio.pl\/wp-content\/uploads\/2025\/11\/il_fullxfull.7240375910_420k-1-300x300.webp",300,300,true],"medium_large":["https:\/\/cornelliastudio.pl\/wp-content\/uploads\/2025\/11\/il_fullxfull.7240375910_420k-1-768x768.webp",768,768,true],"large":["https:\/\/cornelliastudio.pl\/wp-content\/uploads\/2025\/11\/il_fullxfull.7240375910_420k-1-1024x1024.webp",1024,1024,true],"1536x1536":["https:\/\/cornelliastudio.pl\/wp-content\/uploads\/2025\/11\/il_fullxfull.7240375910_420k-1-1536x1536.webp",1536,1536,true],"2048x2048":["https:\/\/cornelliastudio.pl\/wp-content\/uploads\/2025\/11\/il_fullxfull.7240375910_420k-1-2048x2048.webp",2048,2048,true],"trp-custom-language-flag":["https:\/\/cornelliastudio.pl\/wp-content\/uploads\/2025\/11\/il_fullxfull.7240375910_420k-1-scaled.webp",12,12,false],"woocommerce_thumbnail":["https:\/\/cornelliastudio.pl\/wp-content\/uploads\/2025\/11\/il_fullxfull.7240375910_420k-1-300x300.webp",300,300,true],"woocommerce_single":["https:\/\/cornelliastudio.pl\/wp-content\/uploads\/2025\/11\/il_fullxfull.7240375910_420k-1-600x600.webp",600,600,true],"woocommerce_gallery_thumbnail":["https:\/\/cornelliastudio.pl\/wp-content\/uploads\/2025\/11\/il_fullxfull.7240375910_420k-1-100x100.webp",100,100,true]},"uagb_author_info":{"display_name":"Administrator","author_link":"https:\/\/cornelliastudio.pl\/en\/author\/"},"uagb_comment_info":0,"uagb_excerpt":"Bransoletka srebrna 925 z bursztynem i turkusem Delikatna, r\u0119cznie wykonana bransoletka z naturalnymi kamieniami: bursztynem o wielko\u015bci 5\u00d77 mm oraz turkusem 15\u00d74 mm, oprawionymi w srebro 925. Lekka, elegancka, idealna na co dzie\u0144 i jako subtelny akcent w stylu boho. D\u0142ugo\u015b\u0107 bransoletki: 19 cm + 2 cm regulacjiMateria\u0142y: bursztyn, turkus, srebro 925Zapi\u0119cie: karabi\u0144czyk","_links":{"self":[{"href":"https:\/\/cornelliastudio.pl\/en\/wp-json\/wp\/v2\/product\/2073","targetHints":{"allow":["GET"]}}],"collection":[{"href":"https:\/\/cornelliastudio.pl\/en\/wp-json\/wp\/v2\/product"}],"about":[{"href":"https:\/\/cornelliastudio.pl\/en\/wp-json\/wp\/v2\/types\/product"}],"replies":[{"embeddable":true,"href":"https:\/\/cornelliastudio.pl\/en\/wp-json\/wp\/v2\/comments?post=2073"}],"wp:featuredmedia":[{"embeddable":true,"href":"https:\/\/cornelliastudio.pl\/en\/wp-json\/wp\/v2\/media\/2124"}],"wp:attachment":[{"href":"https:\/\/cornelliastudio.pl\/en\/wp-json\/wp\/v2\/media?parent=2073"}],"wp:term":[{"taxonomy":"product_brand","embeddable":true,"href":"https:\/\/cornelliastudio.pl\/en\/wp-json\/wp\/v2\/product_brand?post=2073"},{"taxonomy":"product_cat","embeddable":true,"href":"https:\/\/cornelliastudio.pl\/en\/wp-json\/wp\/v2\/product_cat?post=2073"},{"taxonomy":"product_tag","embeddable":true,"href":"https:\/\/cornelliastudio.pl\/en\/wp-json\/wp\/v2\/product_tag?post=2073"}],"curies":[{"name":"wp","href":"https:\/\/api.w.org\/{rel}","templated":true}]}}