{"id":2067,"date":"2025-11-25T18:00:23","date_gmt":"2025-11-25T17:00:23","guid":{"rendered":"https:\/\/cornelliastudio.pl\/produkt\/brasnoletka-srebrne-925-z-turkusem-delikatna-brasnoletka-minimalistyczna-brasnoletka-turkusowa-brasnoletka\/"},"modified":"2026-02-05T09:06:29","modified_gmt":"2026-02-05T08:06:29","slug":"brasnoletka-srebrne-925-z-turkusem-delikatna-brasnoletka-minimalistyczna-brasnoletka-turkusowa-brasnoletka","status":"publish","type":"product","link":"https:\/\/cornelliastudio.pl\/en\/product\/brasnoletka-srebrne-925-z-turkusem-delikatna-brasnoletka-minimalistyczna-brasnoletka-turkusowa-brasnoletka\/","title":{"rendered":"925 Sterling Silver Bracelet with Amber \u2013 Delicate and Minimalist, Featuring a Disc Charm"},"content":{"rendered":"<h2 data-start=\"89\" data-end=\"208\"><strong data-start=\"89\" data-end=\"208\">925 Sterling Silver Bracelet with Natural Baltic Amber \u2013 the warmth of nature captured in a minimalist design\u00a0<\/strong><\/h2>\n<p data-start=\"210\" data-end=\"506\">Unique, handcrafted bracelet featuring natural Baltic amber (approx. 0.5 cm) in beautiful shades of honey, yellow, and deep brown. The subtle stones are combined with 925 sterling silver, creating a lightweight, elegant piece that highlights the wrist with its warm glow.<\/p>\n<p data-start=\"508\" data-end=\"647\">The bracelet is 17 cm long <strong data-start=\"531\" data-end=\"557\">cm + 1 cm extension<\/strong>\u2026allowing it to fit the wrist perfectly and ensuring comfortable everyday wear.<\/p>\n<p data-start=\"649\" data-end=\"851\">It\u2019s the perfect choice for those who love natural materials, timeless minimalism, and delicate jewelry with a unique character. Ideal as a gift \u2014 sensual, subtle, and full of the energy of nature.<\/p>\n<h3 data-start=\"145\" data-end=\"171\"><strong data-start=\"149\" data-end=\"171\">Product details:<\/strong><\/h3>\n<ul>\n<li style=\"list-style-type: none\">\n<ul data-start=\"173\" data-end=\"519\">\n<li data-start=\"173\" data-end=\"235\">\n<p data-start=\"175\" data-end=\"235\"><strong data-start=\"175\" data-end=\"188\">Gemstones:<\/strong> natural Baltic amber ( approx. <strong data-start=\"222\" data-end=\"232\">0,5 cm<\/strong>)<\/p>\n<\/li>\n<li data-start=\"236\" data-end=\"288\">\n<p data-start=\"238\" data-end=\"288\"><strong data-start=\"238\" data-end=\"262\">Decorative element:<\/strong> silver disc (<strong data-start=\"277\" data-end=\"285\">8 mm<\/strong>)<\/p>\n<\/li>\n<li data-start=\"289\" data-end=\"327\">\n<p data-start=\"291\" data-end=\"327\"><strong data-start=\"291\" data-end=\"304\">Material:<\/strong> sterling silver <strong data-start=\"318\" data-end=\"325\">925<\/strong><\/p>\n<\/li>\n<li data-start=\"328\" data-end=\"372\">\n<p data-start=\"330\" data-end=\"372\"><strong data-start=\"330\" data-end=\"343\">Closure:<\/strong> silver, type: <strong data-start=\"358\" data-end=\"370\">spring ring clasp<\/strong><\/p>\n<\/li>\n<li data-start=\"373\" data-end=\"416\">\n<p data-start=\"375\" data-end=\"416\"><strong data-start=\"375\" data-end=\"387\">Length:<\/strong> <strong data-start=\"388\" data-end=\"414\">17 cm + 1 cm extension<\/strong><\/p>\n<\/li>\n<li data-start=\"417\" data-end=\"468\">\n<p data-start=\"419\" data-end=\"468\"><strong data-start=\"419\" data-end=\"428\">Style:<\/strong> minimalist \/ elegant \/ everyday<\/p>\n<\/li>\n<li data-start=\"469\" data-end=\"519\">\n<p data-start=\"471\" data-end=\"519\"><strong data-start=\"471\" data-end=\"487\">Properties:<\/strong> Lightweight, subtle, timeless<\/p>\n<\/li>\n<\/ul>\n<\/li>\n<\/ul>\n<p data-start=\"1165\" data-end=\"1249\"><strong data-start=\"1165\" data-end=\"1249\">\u00a0A bracelet full of the warm light of nature \u2014 perfect for everyday wear.<\/strong><\/p>","protected":false},"excerpt":{"rendered":"<h2><\/h2>\n<p><span style=\"font-size: 16px\">Bransoletka ze srebra 925 z naturalnym bursztynem ba\u0142tyckim (0,5 cm) \u2014 ciep\u0142a, zmys\u0142owa i pe\u0142na energii natury. O d\u0142ugo\u015bci 17 cm + 1 cm regulacji. Minimalistyczna, elegancka i wyj\u0105tkowo lekka. Idealna dla os\u00f3b, kt\u00f3re kochaj\u0105 unikatow\u0105 bi\u017cuteri\u0119 o naturalnym charakterze.<\/span><\/p>\n<article class=\"text-token-text-primary w-full focus:outline-none [--shadow-height:45px] has-data-writing-block:pointer-events-none has-data-writing-block:-mt-(--shadow-height) has-data-writing-block:pt-(--shadow-height) [&amp;:has([data-writing-block])&gt;*]:pointer-events-auto scroll-mt-[calc(var(--header-height)+min(200px,max(70px,20svh)))]\" dir=\"auto\" data-turn-id=\"request-WEB:f6c38c4e-021a-4daa-97a2-4df805ec75bd-14\" data-testid=\"conversation-turn-30\" data-scroll-anchor=\"true\" data-turn=\"assistant\">\n<div class=\"text-base my-auto mx-auto pb-10 [--thread-content-margin:--spacing(4)] thread-sm:[--thread-content-margin:--spacing(6)] thread-lg:[--thread-content-margin:--spacing(16)] px-(--thread-content-margin)\">\n<div class=\"[--thread-content-max-width:40rem] thread-lg:[--thread-content-max-width:48rem] mx-auto max-w-(--thread-content-max-width) flex-1 group\/turn-messages focus-visible:outline-hidden relative flex w-full min-w-0 flex-col agent-turn\">\n<div class=\"z-0 flex min-h-[46px] justify-start\"><\/div>\n<div class=\"mt-3 w-full empty:hidden\">\n<div class=\"text-center\"><\/div>\n<\/div>\n<\/div>\n<\/div>\n<\/article>\n<div class=\"pointer-events-none h-px w-px\" aria-hidden=\"true\" data-edge=\"true\"><\/div>\n","protected":false},"featured_media":2170,"comment_status":"open","ping_status":"closed","template":"","meta":{"_uag_custom_page_level_css":"","site-sidebar-layout":"default","site-content-layout":"","ast-site-content-layout":"default","site-content-style":"default","site-sidebar-style":"default","ast-global-header-display":"","ast-banner-title-visibility":"","ast-main-header-display":"","ast-hfb-above-header-display":"","ast-hfb-below-header-display":"","ast-hfb-mobile-header-display":"","site-post-title":"","ast-breadcrumbs-content":"","ast-featured-img":"","footer-sml-layout":"","ast-disable-related-posts":"","theme-transparent-header-meta":"default","adv-header-id-meta":"","stick-header-meta":"","header-above-stick-meta":"","header-main-stick-meta":"","header-below-stick-meta":"","astra-migrate-meta-layouts":"set","ast-page-background-enabled":"default","ast-page-background-meta":{"desktop":{"background-color":"var(--ast-global-color-4)","background-image":"","background-repeat":"repeat","background-position":"center center","background-size":"auto","background-attachment":"scroll","background-type":"","background-media":"","overlay-type":"","overlay-color":"","overlay-opacity":"","overlay-gradient":""},"tablet":{"background-color":"","background-image":"","background-repeat":"repeat","background-position":"center center","background-size":"auto","background-attachment":"scroll","background-type":"","background-media":"","overlay-type":"","overlay-color":"","overlay-opacity":"","overlay-gradient":""},"mobile":{"background-color":"","background-image":"","background-repeat":"repeat","background-position":"center center","background-size":"auto","background-attachment":"scroll","background-type":"","background-media":"","overlay-type":"","overlay-color":"","overlay-opacity":"","overlay-gradient":""}},"ast-content-background-meta":{"desktop":{"background-color":"var(--ast-global-color-5)","background-image":"","background-repeat":"repeat","background-position":"center center","background-size":"auto","background-attachment":"scroll","background-type":"","background-media":"","overlay-type":"","overlay-color":"","overlay-opacity":"","overlay-gradient":""},"tablet":{"background-color":"var(--ast-global-color-5)","background-image":"","background-repeat":"repeat","background-position":"center center","background-size":"auto","background-attachment":"scroll","background-type":"","background-media":"","overlay-type":"","overlay-color":"","overlay-opacity":"","overlay-gradient":""},"mobile":{"background-color":"var(--ast-global-color-5)","background-image":"","background-repeat":"repeat","background-position":"center center","background-size":"auto","background-attachment":"scroll","background-type":"","background-media":"","overlay-type":"","overlay-color":"","overlay-opacity":"","overlay-gradient":""}}},"product_brand":[201],"product_cat":[30,29,31],"product_tag":[212,221,255,193,224,220,252,284,253,286,270,285,266],"class_list":{"0":"post-2067","1":"product","2":"type-product","3":"status-publish","4":"has-post-thumbnail","6":"product_brand-cornellia-studio","7":"product_cat-bestsellery","8":"product_cat-bransoletki","9":"product_cat-nowosci","10":"product_tag-bizuteria-boho","11":"product_tag-bransoletka-boho","12":"product_tag-bransoletka-dla-niej","13":"product_tag-bransoletka-handmade","14":"product_tag-bransoletka-regulowana","15":"product_tag-bransoletka-srebrna","16":"product_tag-bransoletka-srebrna-925","17":"product_tag-bransoletka-srebro-925","18":"product_tag-bransoletka-z-bursztynem","19":"product_tag-bransoletka-z-kamieni-naturalnych","20":"product_tag-bursztyn-baltycki","21":"product_tag-lekka-bransoletka","22":"product_tag-unikatowa-bizuteria","23":"pa_dlugosc-bransoletki-15cm","24":"pa_dlugosc-bransoletki-17-cm","25":"pa_dlugosc-bransoletki-19-cm","26":"pa_dlugosc-bransoletki-21-cm","27":"desktop-align-left","28":"tablet-align-left","29":"mobile-align-left","31":"first","32":"outofstock","33":"taxable","34":"shipping-taxable","35":"purchasable","36":"product-type-variable"},"yoast_head":"<!-- This site is optimized with the Yoast SEO plugin v27.4 - https:\/\/yoast.com\/product\/yoast-seo-wordpress\/ -->\n<title>Bransoletka srebrna 925 z bursztynem, delikatna i minimalistyczna, z zawieszk\u0105 w kszta\u0142cie dysku - Cornellia Studio<\/title>\n<meta name=\"robots\" content=\"index, follow, max-snippet:-1, max-image-preview:large, max-video-preview:-1\" \/>\n<link rel=\"canonical\" href=\"https:\/\/cornelliastudio.pl\/en\/product\/brasnoletka-srebrne-925-z-turkusem-delikatna-brasnoletka-minimalistyczna-brasnoletka-turkusowa-brasnoletka\/\" \/>\n<meta property=\"og:locale\" content=\"en_GB\" \/>\n<meta property=\"og:type\" content=\"article\" \/>\n<meta property=\"og:title\" content=\"Bransoletka srebrna 925 z bursztynem, delikatna i minimalistyczna, z zawieszk\u0105 w kszta\u0142cie dysku - Cornellia Studio\" \/>\n<meta property=\"og:description\" content=\"Bransoletka ze srebra 925 z naturalnym bursztynem ba\u0142tyckim (0,5 cm) \u2014 ciep\u0142a, zmys\u0142owa i pe\u0142na energii natury. O d\u0142ugo\u015bci 17 cm + 1 cm regulacji. Minimalistyczna, elegancka i wyj\u0105tkowo lekka. Idealna dla os\u00f3b, kt\u00f3re kochaj\u0105 unikatow\u0105 bi\u017cuteri\u0119 o naturalnym charakterze.\" \/>\n<meta property=\"og:url\" content=\"https:\/\/cornelliastudio.pl\/en\/product\/brasnoletka-srebrne-925-z-turkusem-delikatna-brasnoletka-minimalistyczna-brasnoletka-turkusowa-brasnoletka\/\" \/>\n<meta property=\"og:site_name\" content=\"Cornellia Studio\" \/>\n<meta property=\"article:modified_time\" content=\"2026-02-05T08:06:29+00:00\" \/>\n<meta property=\"og:image\" content=\"https:\/\/cornelliastudio.pl\/wp-content\/uploads\/2025\/11\/il_fullxfull.7240452236_pkvc-scaled.jpg\" \/>\n\t<meta property=\"og:image:width\" content=\"2560\" \/>\n\t<meta property=\"og:image:height\" content=\"2560\" \/>\n\t<meta property=\"og:image:type\" content=\"image\/jpeg\" \/>\n<meta name=\"twitter:card\" content=\"summary_large_image\" \/>\n<meta name=\"twitter:label1\" content=\"Estimated reading time\" \/>\n\t<meta name=\"twitter:data1\" content=\"2 minutes\" \/>\n<script type=\"application\/ld+json\" class=\"yoast-schema-graph\">{\"@context\":\"https:\\\/\\\/schema.org\",\"@graph\":[{\"@type\":\"WebPage\",\"@id\":\"https:\\\/\\\/cornelliastudio.pl\\\/produkt\\\/brasnoletka-srebrne-925-z-turkusem-delikatna-brasnoletka-minimalistyczna-brasnoletka-turkusowa-brasnoletka\\\/\",\"url\":\"https:\\\/\\\/cornelliastudio.pl\\\/produkt\\\/brasnoletka-srebrne-925-z-turkusem-delikatna-brasnoletka-minimalistyczna-brasnoletka-turkusowa-brasnoletka\\\/\",\"name\":\"Bransoletka srebrna 925 z bursztynem, delikatna i minimalistyczna, z zawieszk\u0105 w kszta\u0142cie dysku - Cornellia Studio\",\"isPartOf\":{\"@id\":\"https:\\\/\\\/cornelliastudio.pl\\\/#website\"},\"primaryImageOfPage\":{\"@id\":\"https:\\\/\\\/cornelliastudio.pl\\\/produkt\\\/brasnoletka-srebrne-925-z-turkusem-delikatna-brasnoletka-minimalistyczna-brasnoletka-turkusowa-brasnoletka\\\/#primaryimage\"},\"image\":{\"@id\":\"https:\\\/\\\/cornelliastudio.pl\\\/produkt\\\/brasnoletka-srebrne-925-z-turkusem-delikatna-brasnoletka-minimalistyczna-brasnoletka-turkusowa-brasnoletka\\\/#primaryimage\"},\"thumbnailUrl\":\"https:\\\/\\\/cornelliastudio.pl\\\/wp-content\\\/uploads\\\/2025\\\/11\\\/il_fullxfull.7240452236_pkvc-scaled.jpg\",\"datePublished\":\"2025-11-25T17:00:23+00:00\",\"dateModified\":\"2026-02-05T08:06:29+00:00\",\"breadcrumb\":{\"@id\":\"https:\\\/\\\/cornelliastudio.pl\\\/produkt\\\/brasnoletka-srebrne-925-z-turkusem-delikatna-brasnoletka-minimalistyczna-brasnoletka-turkusowa-brasnoletka\\\/#breadcrumb\"},\"inLanguage\":\"en-GB\",\"potentialAction\":[{\"@type\":\"ReadAction\",\"target\":[\"https:\\\/\\\/cornelliastudio.pl\\\/produkt\\\/brasnoletka-srebrne-925-z-turkusem-delikatna-brasnoletka-minimalistyczna-brasnoletka-turkusowa-brasnoletka\\\/\"]}]},{\"@type\":\"ImageObject\",\"inLanguage\":\"en-GB\",\"@id\":\"https:\\\/\\\/cornelliastudio.pl\\\/produkt\\\/brasnoletka-srebrne-925-z-turkusem-delikatna-brasnoletka-minimalistyczna-brasnoletka-turkusowa-brasnoletka\\\/#primaryimage\",\"url\":\"https:\\\/\\\/cornelliastudio.pl\\\/wp-content\\\/uploads\\\/2025\\\/11\\\/il_fullxfull.7240452236_pkvc-scaled.jpg\",\"contentUrl\":\"https:\\\/\\\/cornelliastudio.pl\\\/wp-content\\\/uploads\\\/2025\\\/11\\\/il_fullxfull.7240452236_pkvc-scaled.jpg\",\"width\":2560,\"height\":2560},{\"@type\":\"BreadcrumbList\",\"@id\":\"https:\\\/\\\/cornelliastudio.pl\\\/produkt\\\/brasnoletka-srebrne-925-z-turkusem-delikatna-brasnoletka-minimalistyczna-brasnoletka-turkusowa-brasnoletka\\\/#breadcrumb\",\"itemListElement\":[{\"@type\":\"ListItem\",\"position\":1,\"name\":\"Strona g\u0142\u00f3wna\",\"item\":\"https:\\\/\\\/cornelliastudio.pl\\\/\"},{\"@type\":\"ListItem\",\"position\":2,\"name\":\"Sklep\",\"item\":\"https:\\\/\\\/cornelliastudio.pl\\\/sklep\\\/\"},{\"@type\":\"ListItem\",\"position\":3,\"name\":\"Bransoletka srebrna 925 z bursztynem, delikatna i minimalistyczna, z zawieszk\u0105 w kszta\u0142cie dysku\"}]},{\"@type\":\"WebSite\",\"@id\":\"https:\\\/\\\/cornelliastudio.pl\\\/#website\",\"url\":\"https:\\\/\\\/cornelliastudio.pl\\\/\",\"name\":\"Cornellia Studio\",\"description\":\"Bi\u017cuteria artystyczna, hand made\",\"publisher\":{\"@id\":\"https:\\\/\\\/cornelliastudio.pl\\\/#organization\"},\"potentialAction\":[{\"@type\":\"SearchAction\",\"target\":{\"@type\":\"EntryPoint\",\"urlTemplate\":\"https:\\\/\\\/cornelliastudio.pl\\\/?s={search_term_string}\"},\"query-input\":{\"@type\":\"PropertyValueSpecification\",\"valueRequired\":true,\"valueName\":\"search_term_string\"}}],\"inLanguage\":\"en-GB\"},{\"@type\":\"Organization\",\"@id\":\"https:\\\/\\\/cornelliastudio.pl\\\/#organization\",\"name\":\"Cornellia Studio\",\"url\":\"https:\\\/\\\/cornelliastudio.pl\\\/\",\"logo\":{\"@type\":\"ImageObject\",\"inLanguage\":\"en-GB\",\"@id\":\"https:\\\/\\\/cornelliastudio.pl\\\/#\\\/schema\\\/logo\\\/image\\\/\",\"url\":\"https:\\\/\\\/cornelliastudio.pl\\\/wp-content\\\/uploads\\\/2025\\\/10\\\/Cornellia-Studio-logo.png\",\"contentUrl\":\"https:\\\/\\\/cornelliastudio.pl\\\/wp-content\\\/uploads\\\/2025\\\/10\\\/Cornellia-Studio-logo.png\",\"width\":1563,\"height\":1563,\"caption\":\"Cornellia Studio\"},\"image\":{\"@id\":\"https:\\\/\\\/cornelliastudio.pl\\\/#\\\/schema\\\/logo\\\/image\\\/\"}}]}<\/script>\n<!-- \/ Yoast SEO plugin. -->","yoast_head_json":{"title":"Bransoletka srebrna 925 z bursztynem, delikatna i minimalistyczna, z zawieszk\u0105 w kszta\u0142cie dysku - Cornellia Studio","robots":{"index":"index","follow":"follow","max-snippet":"max-snippet:-1","max-image-preview":"max-image-preview:large","max-video-preview":"max-video-preview:-1"},"canonical":"https:\/\/cornelliastudio.pl\/en\/product\/brasnoletka-srebrne-925-z-turkusem-delikatna-brasnoletka-minimalistyczna-brasnoletka-turkusowa-brasnoletka\/","og_locale":"en_GB","og_type":"article","og_title":"Bransoletka srebrna 925 z bursztynem, delikatna i minimalistyczna, z zawieszk\u0105 w kszta\u0142cie dysku - Cornellia Studio","og_description":"Bransoletka ze srebra 925 z naturalnym bursztynem ba\u0142tyckim (0,5 cm) \u2014 ciep\u0142a, zmys\u0142owa i pe\u0142na energii natury. O d\u0142ugo\u015bci 17 cm + 1 cm regulacji. Minimalistyczna, elegancka i wyj\u0105tkowo lekka. Idealna dla os\u00f3b, kt\u00f3re kochaj\u0105 unikatow\u0105 bi\u017cuteri\u0119 o naturalnym charakterze.","og_url":"https:\/\/cornelliastudio.pl\/en\/product\/brasnoletka-srebrne-925-z-turkusem-delikatna-brasnoletka-minimalistyczna-brasnoletka-turkusowa-brasnoletka\/","og_site_name":"Cornellia Studio","article_modified_time":"2026-02-05T08:06:29+00:00","og_image":[{"width":2560,"height":2560,"url":"https:\/\/cornelliastudio.pl\/wp-content\/uploads\/2025\/11\/il_fullxfull.7240452236_pkvc-scaled.jpg","type":"image\/jpeg"}],"twitter_card":"summary_large_image","twitter_misc":{"Estimated reading time":"2 minutes"},"schema":{"@context":"https:\/\/schema.org","@graph":[{"@type":"WebPage","@id":"https:\/\/cornelliastudio.pl\/produkt\/brasnoletka-srebrne-925-z-turkusem-delikatna-brasnoletka-minimalistyczna-brasnoletka-turkusowa-brasnoletka\/","url":"https:\/\/cornelliastudio.pl\/produkt\/brasnoletka-srebrne-925-z-turkusem-delikatna-brasnoletka-minimalistyczna-brasnoletka-turkusowa-brasnoletka\/","name":"Bransoletka srebrna 925 z bursztynem, delikatna i minimalistyczna, z zawieszk\u0105 w kszta\u0142cie dysku - Cornellia Studio","isPartOf":{"@id":"https:\/\/cornelliastudio.pl\/#website"},"primaryImageOfPage":{"@id":"https:\/\/cornelliastudio.pl\/produkt\/brasnoletka-srebrne-925-z-turkusem-delikatna-brasnoletka-minimalistyczna-brasnoletka-turkusowa-brasnoletka\/#primaryimage"},"image":{"@id":"https:\/\/cornelliastudio.pl\/produkt\/brasnoletka-srebrne-925-z-turkusem-delikatna-brasnoletka-minimalistyczna-brasnoletka-turkusowa-brasnoletka\/#primaryimage"},"thumbnailUrl":"https:\/\/cornelliastudio.pl\/wp-content\/uploads\/2025\/11\/il_fullxfull.7240452236_pkvc-scaled.jpg","datePublished":"2025-11-25T17:00:23+00:00","dateModified":"2026-02-05T08:06:29+00:00","breadcrumb":{"@id":"https:\/\/cornelliastudio.pl\/produkt\/brasnoletka-srebrne-925-z-turkusem-delikatna-brasnoletka-minimalistyczna-brasnoletka-turkusowa-brasnoletka\/#breadcrumb"},"inLanguage":"en-GB","potentialAction":[{"@type":"ReadAction","target":["https:\/\/cornelliastudio.pl\/produkt\/brasnoletka-srebrne-925-z-turkusem-delikatna-brasnoletka-minimalistyczna-brasnoletka-turkusowa-brasnoletka\/"]}]},{"@type":"ImageObject","inLanguage":"en-GB","@id":"https:\/\/cornelliastudio.pl\/produkt\/brasnoletka-srebrne-925-z-turkusem-delikatna-brasnoletka-minimalistyczna-brasnoletka-turkusowa-brasnoletka\/#primaryimage","url":"https:\/\/cornelliastudio.pl\/wp-content\/uploads\/2025\/11\/il_fullxfull.7240452236_pkvc-scaled.jpg","contentUrl":"https:\/\/cornelliastudio.pl\/wp-content\/uploads\/2025\/11\/il_fullxfull.7240452236_pkvc-scaled.jpg","width":2560,"height":2560},{"@type":"BreadcrumbList","@id":"https:\/\/cornelliastudio.pl\/produkt\/brasnoletka-srebrne-925-z-turkusem-delikatna-brasnoletka-minimalistyczna-brasnoletka-turkusowa-brasnoletka\/#breadcrumb","itemListElement":[{"@type":"ListItem","position":1,"name":"Strona g\u0142\u00f3wna","item":"https:\/\/cornelliastudio.pl\/"},{"@type":"ListItem","position":2,"name":"Sklep","item":"https:\/\/cornelliastudio.pl\/sklep\/"},{"@type":"ListItem","position":3,"name":"Bransoletka srebrna 925 z bursztynem, delikatna i minimalistyczna, z zawieszk\u0105 w kszta\u0142cie dysku"}]},{"@type":"WebSite","@id":"https:\/\/cornelliastudio.pl\/#website","url":"https:\/\/cornelliastudio.pl\/","name":"Cornellia Studio","description":"Bi\u017cuteria artystyczna, hand made","publisher":{"@id":"https:\/\/cornelliastudio.pl\/#organization"},"potentialAction":[{"@type":"SearchAction","target":{"@type":"EntryPoint","urlTemplate":"https:\/\/cornelliastudio.pl\/?s={search_term_string}"},"query-input":{"@type":"PropertyValueSpecification","valueRequired":true,"valueName":"search_term_string"}}],"inLanguage":"en-GB"},{"@type":"Organization","@id":"https:\/\/cornelliastudio.pl\/#organization","name":"Cornellia Studio","url":"https:\/\/cornelliastudio.pl\/","logo":{"@type":"ImageObject","inLanguage":"en-GB","@id":"https:\/\/cornelliastudio.pl\/#\/schema\/logo\/image\/","url":"https:\/\/cornelliastudio.pl\/wp-content\/uploads\/2025\/10\/Cornellia-Studio-logo.png","contentUrl":"https:\/\/cornelliastudio.pl\/wp-content\/uploads\/2025\/10\/Cornellia-Studio-logo.png","width":1563,"height":1563,"caption":"Cornellia Studio"},"image":{"@id":"https:\/\/cornelliastudio.pl\/#\/schema\/logo\/image\/"}}]}},"uagb_featured_image_src":{"full":["https:\/\/cornelliastudio.pl\/wp-content\/uploads\/2025\/11\/il_fullxfull.7240452236_pkvc-scaled.jpg",2560,2560,false],"thumbnail":["https:\/\/cornelliastudio.pl\/wp-content\/uploads\/2025\/11\/il_fullxfull.7240452236_pkvc-150x150.jpg",150,150,true],"medium":["https:\/\/cornelliastudio.pl\/wp-content\/uploads\/2025\/11\/il_fullxfull.7240452236_pkvc-300x300.jpg",300,300,true],"medium_large":["https:\/\/cornelliastudio.pl\/wp-content\/uploads\/2025\/11\/il_fullxfull.7240452236_pkvc-768x768.jpg",768,768,true],"large":["https:\/\/cornelliastudio.pl\/wp-content\/uploads\/2025\/11\/il_fullxfull.7240452236_pkvc-1024x1024.jpg",1024,1024,true],"1536x1536":["https:\/\/cornelliastudio.pl\/wp-content\/uploads\/2025\/11\/il_fullxfull.7240452236_pkvc-1536x1536.jpg",1536,1536,true],"2048x2048":["https:\/\/cornelliastudio.pl\/wp-content\/uploads\/2025\/11\/il_fullxfull.7240452236_pkvc-2048x2048.jpg",2048,2048,true],"trp-custom-language-flag":["https:\/\/cornelliastudio.pl\/wp-content\/uploads\/2025\/11\/il_fullxfull.7240452236_pkvc-scaled.jpg",12,12,false],"woocommerce_thumbnail":["https:\/\/cornelliastudio.pl\/wp-content\/uploads\/2025\/11\/il_fullxfull.7240452236_pkvc-300x300.jpg",300,300,true],"woocommerce_single":["https:\/\/cornelliastudio.pl\/wp-content\/uploads\/2025\/11\/il_fullxfull.7240452236_pkvc-600x600.jpg",600,600,true],"woocommerce_gallery_thumbnail":["https:\/\/cornelliastudio.pl\/wp-content\/uploads\/2025\/11\/il_fullxfull.7240452236_pkvc-100x100.jpg",100,100,true]},"uagb_author_info":{"display_name":"Administrator","author_link":"https:\/\/cornelliastudio.pl\/en\/author\/"},"uagb_comment_info":0,"uagb_excerpt":"Bransoletka ze srebra 925 z naturalnym bursztynem ba\u0142tyckim (0,5 cm) \u2014 ciep\u0142a, zmys\u0142owa i pe\u0142na energii natury. O d\u0142ugo\u015bci 17 cm + 1 cm regulacji. Minimalistyczna, elegancka i wyj\u0105tkowo lekka. Idealna dla os\u00f3b, kt\u00f3re kochaj\u0105 unikatow\u0105 bi\u017cuteri\u0119 o naturalnym charakterze.","_links":{"self":[{"href":"https:\/\/cornelliastudio.pl\/en\/wp-json\/wp\/v2\/product\/2067","targetHints":{"allow":["GET"]}}],"collection":[{"href":"https:\/\/cornelliastudio.pl\/en\/wp-json\/wp\/v2\/product"}],"about":[{"href":"https:\/\/cornelliastudio.pl\/en\/wp-json\/wp\/v2\/types\/product"}],"replies":[{"embeddable":true,"href":"https:\/\/cornelliastudio.pl\/en\/wp-json\/wp\/v2\/comments?post=2067"}],"wp:featuredmedia":[{"embeddable":true,"href":"https:\/\/cornelliastudio.pl\/en\/wp-json\/wp\/v2\/media\/2170"}],"wp:attachment":[{"href":"https:\/\/cornelliastudio.pl\/en\/wp-json\/wp\/v2\/media?parent=2067"}],"wp:term":[{"taxonomy":"product_brand","embeddable":true,"href":"https:\/\/cornelliastudio.pl\/en\/wp-json\/wp\/v2\/product_brand?post=2067"},{"taxonomy":"product_cat","embeddable":true,"href":"https:\/\/cornelliastudio.pl\/en\/wp-json\/wp\/v2\/product_cat?post=2067"},{"taxonomy":"product_tag","embeddable":true,"href":"https:\/\/cornelliastudio.pl\/en\/wp-json\/wp\/v2\/product_tag?post=2067"}],"curies":[{"name":"wp","href":"https:\/\/api.w.org\/{rel}","templated":true}]}}