{"id":2066,"date":"2025-11-25T18:00:22","date_gmt":"2025-11-25T17:00:22","guid":{"rendered":"https:\/\/cornelliastudio.pl\/produkt\/kolczyki-z-lapis-lazuli-recznie-robiona-dluga-bizuteria-ze-srebra-proby-925\/"},"modified":"2026-01-02T19:11:10","modified_gmt":"2026-01-02T18:11:10","slug":"kolczyki-z-lapis-lazuli-recznie-robiona-dluga-bizuteria-ze-srebra-proby-925","status":"publish","type":"product","link":"https:\/\/cornelliastudio.pl\/en\/product\/kolczyki-z-lapis-lazuli-recznie-robiona-dluga-bizuteria-ze-srebra-proby-925\/","title":{"rendered":"Lapis Lazuli Earrings \u2014 Handmade Long Jewelry in 925 Sterling Silver"},"content":{"rendered":"<h2 data-start=\"130\" data-end=\"202\"><strong data-start=\"133\" data-end=\"202\">\u00a0Silver Earrings with Lapis Lazuli and Tassels \u2014 Handmade\u00a0<\/strong><\/h2>\n<p data-start=\"204\" data-end=\"445\">Elegant, modern earrings handcrafted from 925 sterling silver and natural lapis lazuli. Their slender shape, accented with striking silver tassels, gives them lightness and graceful movement with every step. Perfect for everyday wear and special occasions.<\/p>\n<h3 data-start=\"447\" data-end=\"477\"><strong data-start=\"451\" data-end=\"477\">\u00a0Product details:<\/strong><\/h3>\n<ul data-start=\"478\" data-end=\"714\">\n<li data-start=\"478\" data-end=\"526\">\n<p data-start=\"480\" data-end=\"526\"><strong data-start=\"480\" data-end=\"491\">Stone:<\/strong> natural lapis lazuli 14 x 4mm<\/p>\n<\/li>\n<li data-start=\"527\" data-end=\"569\">\n<p data-start=\"529\" data-end=\"569\"><strong data-start=\"529\" data-end=\"549\">Silver element:<\/strong> silver tube: 4 mm<\/p>\n<\/li>\n<li data-start=\"570\" data-end=\"603\">\n<p data-start=\"572\" data-end=\"603\"><strong data-start=\"572\" data-end=\"592\">Silver tassels:<\/strong> 20\u201330 mm<\/p>\n<\/li>\n<li data-start=\"604\" data-end=\"649\">\n<p data-start=\"606\" data-end=\"649\"><strong data-start=\"606\" data-end=\"637\">Total length of the earring:<\/strong> approx. 60 mm<\/p>\n<\/li>\n<li data-start=\"650\" data-end=\"685\">\n<p data-start=\"652\" data-end=\"685\"><strong data-start=\"652\" data-end=\"665\">Closure:<\/strong> stud earrings<\/p>\n<\/li>\n<li data-start=\"686\" data-end=\"714\">\n<p data-start=\"688\" data-end=\"714\"><strong data-start=\"688\" data-end=\"701\">Material:<\/strong> 925 sterling silver<\/p>\n<\/li>\n<\/ul>\n<p data-start=\"716\" data-end=\"799\">The earrings are lightweight, feminine, and draw attention with the beautiful, deep hue of lapis.<\/p>","protected":false},"excerpt":{"rendered":"<h3 data-start=\"113\" data-end=\"193\"><strong data-start=\"117\" data-end=\"193\">Lapis Lazuli Earrings \u2014 Handmade Long 925 Sterling Silver Jewelry<\/strong><\/h3>\n<p data-start=\"195\" data-end=\"412\">These artistic, handmade earrings combine the deep cobalt hue of lapis lazuli with the subtle shimmer of silver tassels. Their slender shape and striking proportions give them a unique lightness and a modern character.<\/p>\n<p data-start=\"414\" data-end=\"671\"><strong data-start=\"414\" data-end=\"428\">Details<\/strong><br data-start=\"428\" data-end=\"431\" \/>\u2022 <strong data-start=\"433\" data-end=\"444\">Stone:<\/strong> Lapis lazuli: 14 \u00d7 4 mm<br data-start=\"467\" data-end=\"470\" \/>\u2022 <strong data-start=\"472\" data-end=\"492\">Silver element:<\/strong> Tube: 4 mm<br data-start=\"502\" data-end=\"505\" \/>\u2022 <strong data-start=\"507\" data-end=\"527\" data-is-only-node=\"\">Silver tassels:<\/strong> 20\u201330 mm<br data-start=\"536\" data-end=\"539\" \/>\u2022 <strong data-start=\"541\" data-end=\"563\">Total length:<\/strong> approx. 60 mm<br data-start=\"573\" data-end=\"576\" \/>\u2022 <strong data-start=\"578\" data-end=\"591\">Closure:<\/strong> stud earrings<br data-start=\"609\" data-end=\"612\" \/>\u2022 <strong data-start=\"614\" data-end=\"628\">Materials:<\/strong> 925 sterling silver, natural lapis lazuli<\/p>\n<p data-start=\"673\" data-end=\"855\">They gently sway with every movement, creating an elegant boho-artistic accent. Perfect as a gift or as a unique addition to everyday and evening outfits.<\/p>","protected":false},"featured_media":2134,"comment_status":"open","ping_status":"closed","template":"","meta":{"_uag_custom_page_level_css":"","site-sidebar-layout":"default","site-content-layout":"","ast-site-content-layout":"default","site-content-style":"default","site-sidebar-style":"default","ast-global-header-display":"","ast-banner-title-visibility":"","ast-main-header-display":"","ast-hfb-above-header-display":"","ast-hfb-below-header-display":"","ast-hfb-mobile-header-display":"","site-post-title":"","ast-breadcrumbs-content":"","ast-featured-img":"","footer-sml-layout":"","ast-disable-related-posts":"","theme-transparent-header-meta":"default","adv-header-id-meta":"","stick-header-meta":"","header-above-stick-meta":"","header-main-stick-meta":"","header-below-stick-meta":"","astra-migrate-meta-layouts":"set","ast-page-background-enabled":"default","ast-page-background-meta":{"desktop":{"background-color":"var(--ast-global-color-4)","background-image":"","background-repeat":"repeat","background-position":"center center","background-size":"auto","background-attachment":"scroll","background-type":"","background-media":"","overlay-type":"","overlay-color":"","overlay-opacity":"","overlay-gradient":""},"tablet":{"background-color":"","background-image":"","background-repeat":"repeat","background-position":"center center","background-size":"auto","background-attachment":"scroll","background-type":"","background-media":"","overlay-type":"","overlay-color":"","overlay-opacity":"","overlay-gradient":""},"mobile":{"background-color":"","background-image":"","background-repeat":"repeat","background-position":"center center","background-size":"auto","background-attachment":"scroll","background-type":"","background-media":"","overlay-type":"","overlay-color":"","overlay-opacity":"","overlay-gradient":""}},"ast-content-background-meta":{"desktop":{"background-color":"var(--ast-global-color-5)","background-image":"","background-repeat":"repeat","background-position":"center center","background-size":"auto","background-attachment":"scroll","background-type":"","background-media":"","overlay-type":"","overlay-color":"","overlay-opacity":"","overlay-gradient":""},"tablet":{"background-color":"var(--ast-global-color-5)","background-image":"","background-repeat":"repeat","background-position":"center center","background-size":"auto","background-attachment":"scroll","background-type":"","background-media":"","overlay-type":"","overlay-color":"","overlay-opacity":"","overlay-gradient":""},"mobile":{"background-color":"var(--ast-global-color-5)","background-image":"","background-repeat":"repeat","background-position":"center center","background-size":"auto","background-attachment":"scroll","background-type":"","background-media":"","overlay-type":"","overlay-color":"","overlay-opacity":"","overlay-gradient":""}}},"product_brand":[201],"product_cat":[30,28,31,27],"product_tag":[211,263,210,261,264,265,260,262,184,111,266],"class_list":{"0":"post-2066","1":"product","2":"type-product","3":"status-publish","4":"has-post-thumbnail","6":"product_brand-cornellia-studio","7":"product_cat-bestsellery","8":"product_cat-kolczyki","9":"product_cat-nowosci","10":"product_cat-wszystkie-produkty","11":"product_tag-dlugie-kolczyki","12":"product_tag-eleganckie-kolczyki","13":"product_tag-kolczyki-handmade","14":"product_tag-kolczyki-lapis-lazuli","15":"product_tag-kolczyki-na-prezent","16":"product_tag-kolczyki-z-kamieniami","17":"product_tag-lapis-lazuli","18":"product_tag-recznie-robiona-bizuteria","19":"product_tag-srebrne-kolczyki-wiszace","20":"product_tag-srebrne_kolczyki","21":"product_tag-unikatowa-bizuteria","22":"desktop-align-left","23":"tablet-align-left","24":"mobile-align-left","26":"first","27":"instock","28":"taxable","29":"shipping-taxable","30":"purchasable","31":"product-type-simple"},"yoast_head":"<!-- This site is optimized with the Yoast SEO plugin v27.4 - https:\/\/yoast.com\/product\/yoast-seo-wordpress\/ -->\n<title>Kolczyki z lapis lazuli \u2013 r\u0119cznie robiona, d\u0142uga bi\u017cuteria ze srebra pr\u00f3by 925 - Cornellia Studio<\/title>\n<meta name=\"robots\" content=\"index, follow, max-snippet:-1, max-image-preview:large, max-video-preview:-1\" \/>\n<link rel=\"canonical\" href=\"https:\/\/cornelliastudio.pl\/en\/product\/kolczyki-z-lapis-lazuli-recznie-robiona-dluga-bizuteria-ze-srebra-proby-925\/\" \/>\n<meta property=\"og:locale\" content=\"en_GB\" \/>\n<meta property=\"og:type\" content=\"article\" \/>\n<meta property=\"og:title\" content=\"Kolczyki z lapis lazuli \u2013 r\u0119cznie robiona, d\u0142uga bi\u017cuteria ze srebra pr\u00f3by 925 - Cornellia Studio\" \/>\n<meta property=\"og:description\" content=\"Kolczyki z lapis lazuli \u2013 r\u0119cznie robiona, d\u0142uga bi\u017cuteria ze srebra 925 Te artystyczne, r\u0119cznie wykonane kolczyki \u0142\u0105cz\u0105 g\u0142\u0119boki, kobaltowy odcie\u0144 lapis lazuli z subtelnym po\u0142yskiem srebrnych fr\u0119dzli. Smuk\u0142a forma i wyraziste proporcje nadaj\u0105 im wyj\u0105tkow\u0105 lekko\u015b\u0107 oraz nowoczesny charakter. Szczeg\u00f3\u0142y:\u2022 Kamie\u0144: lapis lazuli 14 \u00d7 4 mm\u2022 Element srebrny: tuba 4 mm\u2022 Fr\u0119dzle srebrne: 20\u201330 mm\u2022 D\u0142ugo\u015b\u0107 ca\u0142kowita: ok. 60 mm\u2022 Zapi\u0119cie: wkr\u0119tki (sztyfty)\u2022 Materia\u0142y: srebro pr\u00f3by 925, naturalny lapis lazuli Delikatnie ko\u0142ysz\u0105 si\u0119 przy ka\u017cdym ruchu, tworz\u0105c elegancki akcent w stylu boho\u2013artystycznym. Doskona\u0142e na prezent lub jako wyj\u0105tkowy dodatek do codziennych i wieczornych stylizacji.\" \/>\n<meta property=\"og:url\" content=\"https:\/\/cornelliastudio.pl\/en\/product\/kolczyki-z-lapis-lazuli-recznie-robiona-dluga-bizuteria-ze-srebra-proby-925\/\" \/>\n<meta property=\"og:site_name\" content=\"Cornellia Studio\" \/>\n<meta property=\"article:modified_time\" content=\"2026-01-02T18:11:10+00:00\" \/>\n<meta property=\"og:image\" content=\"https:\/\/cornelliastudio.pl\/wp-content\/uploads\/2025\/11\/il_fullxfull.7320748863_mjxz-1-scaled.webp\" \/>\n\t<meta property=\"og:image:width\" content=\"2445\" \/>\n\t<meta property=\"og:image:height\" content=\"2560\" \/>\n\t<meta property=\"og:image:type\" content=\"image\/webp\" \/>\n<meta name=\"twitter:card\" content=\"summary_large_image\" \/>\n<meta name=\"twitter:label1\" content=\"Estimated reading time\" \/>\n\t<meta name=\"twitter:data1\" content=\"1 minute\" \/>\n<script type=\"application\/ld+json\" class=\"yoast-schema-graph\">{\"@context\":\"https:\\\/\\\/schema.org\",\"@graph\":[{\"@type\":\"WebPage\",\"@id\":\"https:\\\/\\\/cornelliastudio.pl\\\/produkt\\\/kolczyki-z-lapis-lazuli-recznie-robiona-dluga-bizuteria-ze-srebra-proby-925\\\/\",\"url\":\"https:\\\/\\\/cornelliastudio.pl\\\/produkt\\\/kolczyki-z-lapis-lazuli-recznie-robiona-dluga-bizuteria-ze-srebra-proby-925\\\/\",\"name\":\"Kolczyki z lapis lazuli \u2013 r\u0119cznie robiona, d\u0142uga bi\u017cuteria ze srebra pr\u00f3by 925 - Cornellia Studio\",\"isPartOf\":{\"@id\":\"https:\\\/\\\/cornelliastudio.pl\\\/#website\"},\"primaryImageOfPage\":{\"@id\":\"https:\\\/\\\/cornelliastudio.pl\\\/produkt\\\/kolczyki-z-lapis-lazuli-recznie-robiona-dluga-bizuteria-ze-srebra-proby-925\\\/#primaryimage\"},\"image\":{\"@id\":\"https:\\\/\\\/cornelliastudio.pl\\\/produkt\\\/kolczyki-z-lapis-lazuli-recznie-robiona-dluga-bizuteria-ze-srebra-proby-925\\\/#primaryimage\"},\"thumbnailUrl\":\"https:\\\/\\\/cornelliastudio.pl\\\/wp-content\\\/uploads\\\/2025\\\/11\\\/il_fullxfull.7320748863_mjxz-1-scaled.webp\",\"datePublished\":\"2025-11-25T17:00:22+00:00\",\"dateModified\":\"2026-01-02T18:11:10+00:00\",\"breadcrumb\":{\"@id\":\"https:\\\/\\\/cornelliastudio.pl\\\/produkt\\\/kolczyki-z-lapis-lazuli-recznie-robiona-dluga-bizuteria-ze-srebra-proby-925\\\/#breadcrumb\"},\"inLanguage\":\"en-GB\",\"potentialAction\":[{\"@type\":\"ReadAction\",\"target\":[\"https:\\\/\\\/cornelliastudio.pl\\\/produkt\\\/kolczyki-z-lapis-lazuli-recznie-robiona-dluga-bizuteria-ze-srebra-proby-925\\\/\"]}]},{\"@type\":\"ImageObject\",\"inLanguage\":\"en-GB\",\"@id\":\"https:\\\/\\\/cornelliastudio.pl\\\/produkt\\\/kolczyki-z-lapis-lazuli-recznie-robiona-dluga-bizuteria-ze-srebra-proby-925\\\/#primaryimage\",\"url\":\"https:\\\/\\\/cornelliastudio.pl\\\/wp-content\\\/uploads\\\/2025\\\/11\\\/il_fullxfull.7320748863_mjxz-1-scaled.webp\",\"contentUrl\":\"https:\\\/\\\/cornelliastudio.pl\\\/wp-content\\\/uploads\\\/2025\\\/11\\\/il_fullxfull.7320748863_mjxz-1-scaled.webp\",\"width\":2445,\"height\":2560},{\"@type\":\"BreadcrumbList\",\"@id\":\"https:\\\/\\\/cornelliastudio.pl\\\/produkt\\\/kolczyki-z-lapis-lazuli-recznie-robiona-dluga-bizuteria-ze-srebra-proby-925\\\/#breadcrumb\",\"itemListElement\":[{\"@type\":\"ListItem\",\"position\":1,\"name\":\"Strona g\u0142\u00f3wna\",\"item\":\"https:\\\/\\\/cornelliastudio.pl\\\/\"},{\"@type\":\"ListItem\",\"position\":2,\"name\":\"Sklep\",\"item\":\"https:\\\/\\\/cornelliastudio.pl\\\/sklep\\\/\"},{\"@type\":\"ListItem\",\"position\":3,\"name\":\"Kolczyki z lapis lazuli \u2013 r\u0119cznie robiona, d\u0142uga bi\u017cuteria ze srebra pr\u00f3by 925\"}]},{\"@type\":\"WebSite\",\"@id\":\"https:\\\/\\\/cornelliastudio.pl\\\/#website\",\"url\":\"https:\\\/\\\/cornelliastudio.pl\\\/\",\"name\":\"Cornellia Studio\",\"description\":\"Bi\u017cuteria artystyczna, hand made\",\"publisher\":{\"@id\":\"https:\\\/\\\/cornelliastudio.pl\\\/#organization\"},\"potentialAction\":[{\"@type\":\"SearchAction\",\"target\":{\"@type\":\"EntryPoint\",\"urlTemplate\":\"https:\\\/\\\/cornelliastudio.pl\\\/?s={search_term_string}\"},\"query-input\":{\"@type\":\"PropertyValueSpecification\",\"valueRequired\":true,\"valueName\":\"search_term_string\"}}],\"inLanguage\":\"en-GB\"},{\"@type\":\"Organization\",\"@id\":\"https:\\\/\\\/cornelliastudio.pl\\\/#organization\",\"name\":\"Cornellia Studio\",\"url\":\"https:\\\/\\\/cornelliastudio.pl\\\/\",\"logo\":{\"@type\":\"ImageObject\",\"inLanguage\":\"en-GB\",\"@id\":\"https:\\\/\\\/cornelliastudio.pl\\\/#\\\/schema\\\/logo\\\/image\\\/\",\"url\":\"https:\\\/\\\/cornelliastudio.pl\\\/wp-content\\\/uploads\\\/2025\\\/10\\\/Cornellia-Studio-logo.png\",\"contentUrl\":\"https:\\\/\\\/cornelliastudio.pl\\\/wp-content\\\/uploads\\\/2025\\\/10\\\/Cornellia-Studio-logo.png\",\"width\":1563,\"height\":1563,\"caption\":\"Cornellia Studio\"},\"image\":{\"@id\":\"https:\\\/\\\/cornelliastudio.pl\\\/#\\\/schema\\\/logo\\\/image\\\/\"}}]}<\/script>\n<!-- \/ Yoast SEO plugin. -->","yoast_head_json":{"title":"Kolczyki z lapis lazuli \u2013 r\u0119cznie robiona, d\u0142uga bi\u017cuteria ze srebra pr\u00f3by 925 - Cornellia Studio","robots":{"index":"index","follow":"follow","max-snippet":"max-snippet:-1","max-image-preview":"max-image-preview:large","max-video-preview":"max-video-preview:-1"},"canonical":"https:\/\/cornelliastudio.pl\/en\/product\/kolczyki-z-lapis-lazuli-recznie-robiona-dluga-bizuteria-ze-srebra-proby-925\/","og_locale":"en_GB","og_type":"article","og_title":"Kolczyki z lapis lazuli \u2013 r\u0119cznie robiona, d\u0142uga bi\u017cuteria ze srebra pr\u00f3by 925 - Cornellia Studio","og_description":"Kolczyki z lapis lazuli \u2013 r\u0119cznie robiona, d\u0142uga bi\u017cuteria ze srebra 925 Te artystyczne, r\u0119cznie wykonane kolczyki \u0142\u0105cz\u0105 g\u0142\u0119boki, kobaltowy odcie\u0144 lapis lazuli z subtelnym po\u0142yskiem srebrnych fr\u0119dzli. Smuk\u0142a forma i wyraziste proporcje nadaj\u0105 im wyj\u0105tkow\u0105 lekko\u015b\u0107 oraz nowoczesny charakter. Szczeg\u00f3\u0142y:\u2022 Kamie\u0144: lapis lazuli 14 \u00d7 4 mm\u2022 Element srebrny: tuba 4 mm\u2022 Fr\u0119dzle srebrne: 20\u201330 mm\u2022 D\u0142ugo\u015b\u0107 ca\u0142kowita: ok. 60 mm\u2022 Zapi\u0119cie: wkr\u0119tki (sztyfty)\u2022 Materia\u0142y: srebro pr\u00f3by 925, naturalny lapis lazuli Delikatnie ko\u0142ysz\u0105 si\u0119 przy ka\u017cdym ruchu, tworz\u0105c elegancki akcent w stylu boho\u2013artystycznym. Doskona\u0142e na prezent lub jako wyj\u0105tkowy dodatek do codziennych i wieczornych stylizacji.","og_url":"https:\/\/cornelliastudio.pl\/en\/product\/kolczyki-z-lapis-lazuli-recznie-robiona-dluga-bizuteria-ze-srebra-proby-925\/","og_site_name":"Cornellia Studio","article_modified_time":"2026-01-02T18:11:10+00:00","og_image":[{"width":2445,"height":2560,"url":"https:\/\/cornelliastudio.pl\/wp-content\/uploads\/2025\/11\/il_fullxfull.7320748863_mjxz-1-scaled.webp","type":"image\/webp"}],"twitter_card":"summary_large_image","twitter_misc":{"Estimated reading time":"1 minute"},"schema":{"@context":"https:\/\/schema.org","@graph":[{"@type":"WebPage","@id":"https:\/\/cornelliastudio.pl\/produkt\/kolczyki-z-lapis-lazuli-recznie-robiona-dluga-bizuteria-ze-srebra-proby-925\/","url":"https:\/\/cornelliastudio.pl\/produkt\/kolczyki-z-lapis-lazuli-recznie-robiona-dluga-bizuteria-ze-srebra-proby-925\/","name":"Kolczyki z lapis lazuli \u2013 r\u0119cznie robiona, d\u0142uga bi\u017cuteria ze srebra pr\u00f3by 925 - Cornellia Studio","isPartOf":{"@id":"https:\/\/cornelliastudio.pl\/#website"},"primaryImageOfPage":{"@id":"https:\/\/cornelliastudio.pl\/produkt\/kolczyki-z-lapis-lazuli-recznie-robiona-dluga-bizuteria-ze-srebra-proby-925\/#primaryimage"},"image":{"@id":"https:\/\/cornelliastudio.pl\/produkt\/kolczyki-z-lapis-lazuli-recznie-robiona-dluga-bizuteria-ze-srebra-proby-925\/#primaryimage"},"thumbnailUrl":"https:\/\/cornelliastudio.pl\/wp-content\/uploads\/2025\/11\/il_fullxfull.7320748863_mjxz-1-scaled.webp","datePublished":"2025-11-25T17:00:22+00:00","dateModified":"2026-01-02T18:11:10+00:00","breadcrumb":{"@id":"https:\/\/cornelliastudio.pl\/produkt\/kolczyki-z-lapis-lazuli-recznie-robiona-dluga-bizuteria-ze-srebra-proby-925\/#breadcrumb"},"inLanguage":"en-GB","potentialAction":[{"@type":"ReadAction","target":["https:\/\/cornelliastudio.pl\/produkt\/kolczyki-z-lapis-lazuli-recznie-robiona-dluga-bizuteria-ze-srebra-proby-925\/"]}]},{"@type":"ImageObject","inLanguage":"en-GB","@id":"https:\/\/cornelliastudio.pl\/produkt\/kolczyki-z-lapis-lazuli-recznie-robiona-dluga-bizuteria-ze-srebra-proby-925\/#primaryimage","url":"https:\/\/cornelliastudio.pl\/wp-content\/uploads\/2025\/11\/il_fullxfull.7320748863_mjxz-1-scaled.webp","contentUrl":"https:\/\/cornelliastudio.pl\/wp-content\/uploads\/2025\/11\/il_fullxfull.7320748863_mjxz-1-scaled.webp","width":2445,"height":2560},{"@type":"BreadcrumbList","@id":"https:\/\/cornelliastudio.pl\/produkt\/kolczyki-z-lapis-lazuli-recznie-robiona-dluga-bizuteria-ze-srebra-proby-925\/#breadcrumb","itemListElement":[{"@type":"ListItem","position":1,"name":"Strona g\u0142\u00f3wna","item":"https:\/\/cornelliastudio.pl\/"},{"@type":"ListItem","position":2,"name":"Sklep","item":"https:\/\/cornelliastudio.pl\/sklep\/"},{"@type":"ListItem","position":3,"name":"Kolczyki z lapis lazuli \u2013 r\u0119cznie robiona, d\u0142uga bi\u017cuteria ze srebra pr\u00f3by 925"}]},{"@type":"WebSite","@id":"https:\/\/cornelliastudio.pl\/#website","url":"https:\/\/cornelliastudio.pl\/","name":"Cornellia Studio","description":"Bi\u017cuteria artystyczna, hand made","publisher":{"@id":"https:\/\/cornelliastudio.pl\/#organization"},"potentialAction":[{"@type":"SearchAction","target":{"@type":"EntryPoint","urlTemplate":"https:\/\/cornelliastudio.pl\/?s={search_term_string}"},"query-input":{"@type":"PropertyValueSpecification","valueRequired":true,"valueName":"search_term_string"}}],"inLanguage":"en-GB"},{"@type":"Organization","@id":"https:\/\/cornelliastudio.pl\/#organization","name":"Cornellia Studio","url":"https:\/\/cornelliastudio.pl\/","logo":{"@type":"ImageObject","inLanguage":"en-GB","@id":"https:\/\/cornelliastudio.pl\/#\/schema\/logo\/image\/","url":"https:\/\/cornelliastudio.pl\/wp-content\/uploads\/2025\/10\/Cornellia-Studio-logo.png","contentUrl":"https:\/\/cornelliastudio.pl\/wp-content\/uploads\/2025\/10\/Cornellia-Studio-logo.png","width":1563,"height":1563,"caption":"Cornellia Studio"},"image":{"@id":"https:\/\/cornelliastudio.pl\/#\/schema\/logo\/image\/"}}]}},"uagb_featured_image_src":{"full":["https:\/\/cornelliastudio.pl\/wp-content\/uploads\/2025\/11\/il_fullxfull.7320748863_mjxz-1-scaled.webp",2445,2560,false],"thumbnail":["https:\/\/cornelliastudio.pl\/wp-content\/uploads\/2025\/11\/il_fullxfull.7320748863_mjxz-1-150x150.webp",150,150,true],"medium":["https:\/\/cornelliastudio.pl\/wp-content\/uploads\/2025\/11\/il_fullxfull.7320748863_mjxz-1-287x300.webp",287,300,true],"medium_large":["https:\/\/cornelliastudio.pl\/wp-content\/uploads\/2025\/11\/il_fullxfull.7320748863_mjxz-1-768x804.webp",768,804,true],"large":["https:\/\/cornelliastudio.pl\/wp-content\/uploads\/2025\/11\/il_fullxfull.7320748863_mjxz-1-978x1024.webp",978,1024,true],"1536x1536":["https:\/\/cornelliastudio.pl\/wp-content\/uploads\/2025\/11\/il_fullxfull.7320748863_mjxz-1-1467x1536.webp",1467,1536,true],"2048x2048":["https:\/\/cornelliastudio.pl\/wp-content\/uploads\/2025\/11\/il_fullxfull.7320748863_mjxz-1-1956x2048.webp",1956,2048,true],"trp-custom-language-flag":["https:\/\/cornelliastudio.pl\/wp-content\/uploads\/2025\/11\/il_fullxfull.7320748863_mjxz-1-scaled.webp",11,12,false],"woocommerce_thumbnail":["https:\/\/cornelliastudio.pl\/wp-content\/uploads\/2025\/11\/il_fullxfull.7320748863_mjxz-1-300x300.webp",300,300,true],"woocommerce_single":["https:\/\/cornelliastudio.pl\/wp-content\/uploads\/2025\/11\/il_fullxfull.7320748863_mjxz-1-600x628.webp",600,628,true],"woocommerce_gallery_thumbnail":["https:\/\/cornelliastudio.pl\/wp-content\/uploads\/2025\/11\/il_fullxfull.7320748863_mjxz-1-100x100.webp",100,100,true]},"uagb_author_info":{"display_name":"Administrator","author_link":"https:\/\/cornelliastudio.pl\/en\/author\/"},"uagb_comment_info":0,"uagb_excerpt":"Kolczyki z lapis lazuli \u2013 r\u0119cznie robiona, d\u0142uga bi\u017cuteria ze srebra 925 Te artystyczne, r\u0119cznie wykonane kolczyki \u0142\u0105cz\u0105 g\u0142\u0119boki, kobaltowy odcie\u0144 lapis lazuli z subtelnym po\u0142yskiem srebrnych fr\u0119dzli. Smuk\u0142a forma i wyraziste proporcje nadaj\u0105 im wyj\u0105tkow\u0105 lekko\u015b\u0107 oraz nowoczesny charakter. Szczeg\u00f3\u0142y:\u2022 Kamie\u0144: lapis lazuli 14 \u00d7 4 mm\u2022 Element srebrny: tuba 4 mm\u2022 Fr\u0119dzle srebrne:&hellip;","_links":{"self":[{"href":"https:\/\/cornelliastudio.pl\/en\/wp-json\/wp\/v2\/product\/2066","targetHints":{"allow":["GET"]}}],"collection":[{"href":"https:\/\/cornelliastudio.pl\/en\/wp-json\/wp\/v2\/product"}],"about":[{"href":"https:\/\/cornelliastudio.pl\/en\/wp-json\/wp\/v2\/types\/product"}],"replies":[{"embeddable":true,"href":"https:\/\/cornelliastudio.pl\/en\/wp-json\/wp\/v2\/comments?post=2066"}],"wp:featuredmedia":[{"embeddable":true,"href":"https:\/\/cornelliastudio.pl\/en\/wp-json\/wp\/v2\/media\/2134"}],"wp:attachment":[{"href":"https:\/\/cornelliastudio.pl\/en\/wp-json\/wp\/v2\/media?parent=2066"}],"wp:term":[{"taxonomy":"product_brand","embeddable":true,"href":"https:\/\/cornelliastudio.pl\/en\/wp-json\/wp\/v2\/product_brand?post=2066"},{"taxonomy":"product_cat","embeddable":true,"href":"https:\/\/cornelliastudio.pl\/en\/wp-json\/wp\/v2\/product_cat?post=2066"},{"taxonomy":"product_tag","embeddable":true,"href":"https:\/\/cornelliastudio.pl\/en\/wp-json\/wp\/v2\/product_tag?post=2066"}],"curies":[{"name":"wp","href":"https:\/\/api.w.org\/{rel}","templated":true}]}}