{"id":2065,"date":"2025-11-25T18:00:21","date_gmt":"2025-11-25T17:00:21","guid":{"rendered":"https:\/\/cornelliastudio.pl\/produkt\/bransoletka-ze-srebra-925-lapis-lazuli-i-koral\/"},"modified":"2025-12-16T13:17:49","modified_gmt":"2025-12-16T12:17:49","slug":"bransoletka-ze-srebra-925-lapis-lazuli-i-koral","status":"publish","type":"product","link":"https:\/\/cornelliastudio.pl\/en\/product\/bransoletka-ze-srebra-925-lapis-lazuli-i-koral\/","title":{"rendered":"925 Sterling Silver Bracelet with Lapis Lazuli and Red Coral \u2013 Elegance in the Colors of Nature"},"content":{"rendered":"<h2 data-start=\"75\" data-end=\"405\"><strong>925 Sterling Silver Bracelet with Lapis Lazuli and Red Coral<\/strong><\/h2>\n<p data-start=\"75\" data-end=\"405\">This lightweight and elegant bracelet is handcrafted with the utmost care, combining the timeless shine of 925 sterling silver with the natural beauty of lapis lazuli and red coral. Its subtle, minimalist design makes it perfect for both everyday wear and more special occasions.<\/p>\n<p data-start=\"407\" data-end=\"655\">Each stone features a unique color and natural pattern, making every piece truly one of a kind. The adjustable size ensures a comfortable fit, while the lightweight design makes the bracelet exceptionally pleasant to wear throughout the day.<\/p>\n<h2 data-start=\"657\" data-end=\"682\"><strong data-start=\"657\" data-end=\"680\">Product details:<\/strong><\/h2>\n<ul data-start=\"683\" data-end=\"873\">\n<li data-start=\"683\" data-end=\"727\">\n<p data-start=\"685\" data-end=\"727\">Stones: lapis lazuli and natural coral<\/p>\n<\/li>\n<li data-start=\"728\" data-end=\"758\">\n<p data-start=\"730\" data-end=\"758\">Beads: 925 sterling silver<\/p>\n<\/li>\n<li data-start=\"759\" data-end=\"782\">\n<p data-start=\"761\" data-end=\"782\">Size: adjustable<\/p>\n<\/li>\n<li data-start=\"783\" data-end=\"839\">\n<p data-start=\"785\" data-end=\"839\">Style: minimalist, delicate, handmade<\/p>\n<\/li>\n<li data-start=\"840\" data-end=\"873\">\n<p data-start=\"842\" data-end=\"873\">Perfect for everyday wear<\/p>\n<\/li>\n<\/ul>\n<h2 data-start=\"875\" data-end=\"901\"><strong data-start=\"875\" data-end=\"899\">Perfect gift for:<\/strong><\/h2>\n<ul data-start=\"902\" data-end=\"1048\">\n<li data-start=\"902\" data-end=\"937\">\n<p data-start=\"904\" data-end=\"937\">Women, girls, wives, mothers<\/p>\n<\/li>\n<li data-start=\"938\" data-end=\"988\">\n<p data-start=\"940\" data-end=\"988\">Lovers of jewelry made with natural gemstones<\/p>\n<\/li>\n<li data-start=\"989\" data-end=\"1048\">\n<p data-start=\"991\" data-end=\"1048\">Ideal as a gift for birthdays, anniversaries, Valentine\u2019s Day, and other meaningful occasions<\/p>\n<\/li>\n<\/ul>\n<p data-start=\"1050\" data-end=\"1204\">This bracelet is a beautiful blend of elegance and natural charm \u2014 a truly one-of-a-kind accessory that will delight any jewelry lover.<\/p>","protected":false},"excerpt":{"rendered":"<p>Delicate, handcrafted bracelet made of 925 sterling silver with lapis lazuli and natural coral. Lightweight, minimalist, and adjustable \u2014 perfect for everyday wear as well as special occasions. Each stone is unique, making every bracelet truly one of a kind.<\/p>\n<ul data-start=\"21\" data-end=\"171\">\n<li data-start=\"21\" data-end=\"55\">\n<p data-start=\"23\" data-end=\"55\">silver rings: <strong>12 mm<\/strong><\/p>\n<\/li>\n<li data-start=\"56\" data-end=\"87\">\n<p data-start=\"58\" data-end=\"87\">silver rings: <strong data-start=\"73\" data-end=\"85\">8 \u00d7 3 mm<\/strong><\/p>\n<\/li>\n<li data-start=\"88\" data-end=\"108\">\n<p data-start=\"90\" data-end=\"108\">lapis lazuli : <strong>5 x 3 mm<\/strong><\/p>\n<\/li>\n<li data-start=\"88\" data-end=\"108\">\n<p data-start=\"90\" data-end=\"108\"><span style=\"font-size: 16px\">silver star: <\/span><strong style=\"font-size: 16px\" data-start=\"160\" data-end=\"169\">12 mm<\/strong><\/p>\n<\/li>\n<\/ul>\n<ul data-start=\"21\" data-end=\"171\">\n<li data-start=\"140\" data-end=\"171\">Total length:<strong> 17 cm + 1,5 cm extension<\/strong><\/li>\n<\/ul>\n<p data-start=\"173\" data-end=\"261\" data-is-last-node=\"\" data-is-only-node=\"\"><strong data-start=\"173\" data-end=\"187\">Materials:<\/strong> 925 sterling silver, natural lapis lazuli<br data-start=\"235\" data-end=\"238\" \/><strong data-start=\"238\" data-end=\"250\" data-is-only-node=\"\">Size:<\/strong> adjustable<\/p>","protected":false},"featured_media":2107,"comment_status":"open","ping_status":"closed","template":"","meta":{"_uag_custom_page_level_css":"","site-sidebar-layout":"default","site-content-layout":"","ast-site-content-layout":"default","site-content-style":"default","site-sidebar-style":"default","ast-global-header-display":"","ast-banner-title-visibility":"","ast-main-header-display":"","ast-hfb-above-header-display":"","ast-hfb-below-header-display":"","ast-hfb-mobile-header-display":"","site-post-title":"","ast-breadcrumbs-content":"","ast-featured-img":"","footer-sml-layout":"","ast-disable-related-posts":"","theme-transparent-header-meta":"default","adv-header-id-meta":"","stick-header-meta":"","header-above-stick-meta":"","header-main-stick-meta":"","header-below-stick-meta":"","astra-migrate-meta-layouts":"set","ast-page-background-enabled":"default","ast-page-background-meta":{"desktop":{"background-color":"var(--ast-global-color-4)","background-image":"","background-repeat":"repeat","background-position":"center center","background-size":"auto","background-attachment":"scroll","background-type":"","background-media":"","overlay-type":"","overlay-color":"","overlay-opacity":"","overlay-gradient":""},"tablet":{"background-color":"","background-image":"","background-repeat":"repeat","background-position":"center center","background-size":"auto","background-attachment":"scroll","background-type":"","background-media":"","overlay-type":"","overlay-color":"","overlay-opacity":"","overlay-gradient":""},"mobile":{"background-color":"","background-image":"","background-repeat":"repeat","background-position":"center center","background-size":"auto","background-attachment":"scroll","background-type":"","background-media":"","overlay-type":"","overlay-color":"","overlay-opacity":"","overlay-gradient":""}},"ast-content-background-meta":{"desktop":{"background-color":"var(--ast-global-color-5)","background-image":"","background-repeat":"repeat","background-position":"center center","background-size":"auto","background-attachment":"scroll","background-type":"","background-media":"","overlay-type":"","overlay-color":"","overlay-opacity":"","overlay-gradient":""},"tablet":{"background-color":"var(--ast-global-color-5)","background-image":"","background-repeat":"repeat","background-position":"center center","background-size":"auto","background-attachment":"scroll","background-type":"","background-media":"","overlay-type":"","overlay-color":"","overlay-opacity":"","overlay-gradient":""},"mobile":{"background-color":"var(--ast-global-color-5)","background-image":"","background-repeat":"repeat","background-position":"center center","background-size":"auto","background-attachment":"scroll","background-type":"","background-media":"","overlay-type":"","overlay-color":"","overlay-opacity":"","overlay-gradient":""}}},"product_brand":[201],"product_cat":[30,29,31],"product_tag":[235,236,226,221,193,229,224,233,216,231,227,230,234,232,225,228,187,215,194],"class_list":{"0":"post-2065","1":"product","2":"type-product","3":"status-publish","4":"has-post-thumbnail","6":"product_brand-cornellia-studio","7":"product_cat-bestsellery","8":"product_cat-bransoletki","9":"product_cat-nowosci","10":"product_tag-bizuteria-na-co-dzien","11":"product_tag-bizuteria-w-stylu-tureckim","12":"product_tag-bizuteria-z-czerwonego-korala","13":"product_tag-bransoletka-boho","14":"product_tag-bransoletka-handmade","15":"product_tag-bransoletka-minimalistyczna","16":"product_tag-bransoletka-regulowana","17":"product_tag-bransoletka-z-kamieniami","18":"product_tag-bransoletka-z-korala","19":"product_tag-bransoletka-z-koralikow","20":"product_tag-bransoletka-z-lapis-lazuli","21":"product_tag-delikatna-bizuteria","22":"product_tag-kolorowa-bransoletka","23":"product_tag-letnia-bizuteria","24":"product_tag-naturalny-koral","25":"product_tag-niebieski-kamien","26":"product_tag-prezent-dla-niej","27":"product_tag-srebro-925","28":"product_tag-subtelna-bransoletka","29":"pa_dlugosc-bransoletki-15cm","30":"pa_dlugosc-bransoletki-17-cm","31":"pa_dlugosc-bransoletki-19-cm","32":"pa_dlugosc-bransoletki-21-cm","33":"desktop-align-left","34":"tablet-align-left","35":"mobile-align-left","37":"first","38":"instock","39":"taxable","40":"shipping-taxable","41":"purchasable","42":"product-type-variable"},"yoast_head":"<!-- This site is optimized with the Yoast SEO plugin v27.4 - https:\/\/yoast.com\/product\/yoast-seo-wordpress\/ -->\n<title>Bransoletka ze srebra 925 z lapis lazuli i czerwonym koralem \u2013 elegancja w barwach natury - Cornellia Studio<\/title>\n<meta name=\"robots\" content=\"index, follow, max-snippet:-1, max-image-preview:large, max-video-preview:-1\" \/>\n<link rel=\"canonical\" href=\"https:\/\/cornelliastudio.pl\/en\/product\/bransoletka-ze-srebra-925-lapis-lazuli-i-koral\/\" \/>\n<meta property=\"og:locale\" content=\"en_GB\" \/>\n<meta property=\"og:type\" content=\"article\" \/>\n<meta property=\"og:title\" content=\"Bransoletka ze srebra 925 z lapis lazuli i czerwonym koralem \u2013 elegancja w barwach natury - Cornellia Studio\" \/>\n<meta property=\"og:description\" content=\"Delikatna, r\u0119cznie wykonana bransoletka ze srebra 925 z lapis lazuli i naturalnym koralem. Lekka, minimalistyczna i regulowana \u2014 idealna na co dzie\u0144 i na wyj\u0105tkowe okazje. Ka\u017cdy kamie\u0144 jest unikatowy, dzi\u0119ki czemu ka\u017cda bransoletka jest jedyna w swoim rodzaju.    srebrne k\u00f3\u0142ka: 12 mm    Koral \u2013 rurka: 8 \u00d7 3 mm    lapis lazuli : 5 x 3 mm    Srebrna gwiazdka: 12 mm     Ca\u0142kowita d\u0142ugo\u015b\u0107: 17 cm plus 1,5 cm regulacji  Materia\u0142y: srebro pr\u00f3by 925, naturalny koral, lapis lazuliRozmiar: regulowany\" \/>\n<meta property=\"og:url\" content=\"https:\/\/cornelliastudio.pl\/en\/product\/bransoletka-ze-srebra-925-lapis-lazuli-i-koral\/\" \/>\n<meta property=\"og:site_name\" content=\"Cornellia Studio\" \/>\n<meta property=\"article:modified_time\" content=\"2025-12-16T12:17:49+00:00\" \/>\n<meta property=\"og:image\" content=\"https:\/\/cornelliastudio.pl\/wp-content\/uploads\/2025\/11\/il_fullxfull.7297055461_1c0i-scaled.jpg\" \/>\n\t<meta property=\"og:image:width\" content=\"2560\" \/>\n\t<meta property=\"og:image:height\" content=\"2304\" \/>\n\t<meta property=\"og:image:type\" content=\"image\/jpeg\" \/>\n<meta name=\"twitter:card\" content=\"summary_large_image\" \/>\n<meta name=\"twitter:label1\" content=\"Estimated reading time\" \/>\n\t<meta name=\"twitter:data1\" content=\"2 minutes\" \/>\n<script type=\"application\/ld+json\" class=\"yoast-schema-graph\">{\"@context\":\"https:\\\/\\\/schema.org\",\"@graph\":[{\"@type\":\"WebPage\",\"@id\":\"https:\\\/\\\/cornelliastudio.pl\\\/produkt\\\/bransoletka-ze-srebra-925-lapis-lazuli-i-koral\\\/\",\"url\":\"https:\\\/\\\/cornelliastudio.pl\\\/produkt\\\/bransoletka-ze-srebra-925-lapis-lazuli-i-koral\\\/\",\"name\":\"Bransoletka ze srebra 925 z lapis lazuli i czerwonym koralem \u2013 elegancja w barwach natury - Cornellia Studio\",\"isPartOf\":{\"@id\":\"https:\\\/\\\/cornelliastudio.pl\\\/#website\"},\"primaryImageOfPage\":{\"@id\":\"https:\\\/\\\/cornelliastudio.pl\\\/produkt\\\/bransoletka-ze-srebra-925-lapis-lazuli-i-koral\\\/#primaryimage\"},\"image\":{\"@id\":\"https:\\\/\\\/cornelliastudio.pl\\\/produkt\\\/bransoletka-ze-srebra-925-lapis-lazuli-i-koral\\\/#primaryimage\"},\"thumbnailUrl\":\"https:\\\/\\\/cornelliastudio.pl\\\/wp-content\\\/uploads\\\/2025\\\/11\\\/il_fullxfull.7297055461_1c0i-scaled.jpg\",\"datePublished\":\"2025-11-25T17:00:21+00:00\",\"dateModified\":\"2025-12-16T12:17:49+00:00\",\"breadcrumb\":{\"@id\":\"https:\\\/\\\/cornelliastudio.pl\\\/produkt\\\/bransoletka-ze-srebra-925-lapis-lazuli-i-koral\\\/#breadcrumb\"},\"inLanguage\":\"en-GB\",\"potentialAction\":[{\"@type\":\"ReadAction\",\"target\":[\"https:\\\/\\\/cornelliastudio.pl\\\/produkt\\\/bransoletka-ze-srebra-925-lapis-lazuli-i-koral\\\/\"]}]},{\"@type\":\"ImageObject\",\"inLanguage\":\"en-GB\",\"@id\":\"https:\\\/\\\/cornelliastudio.pl\\\/produkt\\\/bransoletka-ze-srebra-925-lapis-lazuli-i-koral\\\/#primaryimage\",\"url\":\"https:\\\/\\\/cornelliastudio.pl\\\/wp-content\\\/uploads\\\/2025\\\/11\\\/il_fullxfull.7297055461_1c0i-scaled.jpg\",\"contentUrl\":\"https:\\\/\\\/cornelliastudio.pl\\\/wp-content\\\/uploads\\\/2025\\\/11\\\/il_fullxfull.7297055461_1c0i-scaled.jpg\",\"width\":2560,\"height\":2304},{\"@type\":\"BreadcrumbList\",\"@id\":\"https:\\\/\\\/cornelliastudio.pl\\\/produkt\\\/bransoletka-ze-srebra-925-lapis-lazuli-i-koral\\\/#breadcrumb\",\"itemListElement\":[{\"@type\":\"ListItem\",\"position\":1,\"name\":\"Strona g\u0142\u00f3wna\",\"item\":\"https:\\\/\\\/cornelliastudio.pl\\\/\"},{\"@type\":\"ListItem\",\"position\":2,\"name\":\"Sklep\",\"item\":\"https:\\\/\\\/cornelliastudio.pl\\\/sklep\\\/\"},{\"@type\":\"ListItem\",\"position\":3,\"name\":\"Bransoletka ze srebra 925 z lapis lazuli i czerwonym koralem \u2013 elegancja w barwach natury\"}]},{\"@type\":\"WebSite\",\"@id\":\"https:\\\/\\\/cornelliastudio.pl\\\/#website\",\"url\":\"https:\\\/\\\/cornelliastudio.pl\\\/\",\"name\":\"Cornellia Studio\",\"description\":\"Bi\u017cuteria artystyczna, hand made\",\"publisher\":{\"@id\":\"https:\\\/\\\/cornelliastudio.pl\\\/#organization\"},\"potentialAction\":[{\"@type\":\"SearchAction\",\"target\":{\"@type\":\"EntryPoint\",\"urlTemplate\":\"https:\\\/\\\/cornelliastudio.pl\\\/?s={search_term_string}\"},\"query-input\":{\"@type\":\"PropertyValueSpecification\",\"valueRequired\":true,\"valueName\":\"search_term_string\"}}],\"inLanguage\":\"en-GB\"},{\"@type\":\"Organization\",\"@id\":\"https:\\\/\\\/cornelliastudio.pl\\\/#organization\",\"name\":\"Cornellia Studio\",\"url\":\"https:\\\/\\\/cornelliastudio.pl\\\/\",\"logo\":{\"@type\":\"ImageObject\",\"inLanguage\":\"en-GB\",\"@id\":\"https:\\\/\\\/cornelliastudio.pl\\\/#\\\/schema\\\/logo\\\/image\\\/\",\"url\":\"https:\\\/\\\/cornelliastudio.pl\\\/wp-content\\\/uploads\\\/2025\\\/10\\\/Cornellia-Studio-logo.png\",\"contentUrl\":\"https:\\\/\\\/cornelliastudio.pl\\\/wp-content\\\/uploads\\\/2025\\\/10\\\/Cornellia-Studio-logo.png\",\"width\":1563,\"height\":1563,\"caption\":\"Cornellia Studio\"},\"image\":{\"@id\":\"https:\\\/\\\/cornelliastudio.pl\\\/#\\\/schema\\\/logo\\\/image\\\/\"}}]}<\/script>\n<!-- \/ Yoast SEO plugin. -->","yoast_head_json":{"title":"Bransoletka ze srebra 925 z lapis lazuli i czerwonym koralem \u2013 elegancja w barwach natury - Cornellia Studio","robots":{"index":"index","follow":"follow","max-snippet":"max-snippet:-1","max-image-preview":"max-image-preview:large","max-video-preview":"max-video-preview:-1"},"canonical":"https:\/\/cornelliastudio.pl\/en\/product\/bransoletka-ze-srebra-925-lapis-lazuli-i-koral\/","og_locale":"en_GB","og_type":"article","og_title":"Bransoletka ze srebra 925 z lapis lazuli i czerwonym koralem \u2013 elegancja w barwach natury - Cornellia Studio","og_description":"Delikatna, r\u0119cznie wykonana bransoletka ze srebra 925 z lapis lazuli i naturalnym koralem. Lekka, minimalistyczna i regulowana \u2014 idealna na co dzie\u0144 i na wyj\u0105tkowe okazje. Ka\u017cdy kamie\u0144 jest unikatowy, dzi\u0119ki czemu ka\u017cda bransoletka jest jedyna w swoim rodzaju.    srebrne k\u00f3\u0142ka: 12 mm    Koral \u2013 rurka: 8 \u00d7 3 mm    lapis lazuli : 5 x 3 mm    Srebrna gwiazdka: 12 mm     Ca\u0142kowita d\u0142ugo\u015b\u0107: 17 cm plus 1,5 cm regulacji  Materia\u0142y: srebro pr\u00f3by 925, naturalny koral, lapis lazuliRozmiar: regulowany","og_url":"https:\/\/cornelliastudio.pl\/en\/product\/bransoletka-ze-srebra-925-lapis-lazuli-i-koral\/","og_site_name":"Cornellia Studio","article_modified_time":"2025-12-16T12:17:49+00:00","og_image":[{"width":2560,"height":2304,"url":"https:\/\/cornelliastudio.pl\/wp-content\/uploads\/2025\/11\/il_fullxfull.7297055461_1c0i-scaled.jpg","type":"image\/jpeg"}],"twitter_card":"summary_large_image","twitter_misc":{"Estimated reading time":"2 minutes"},"schema":{"@context":"https:\/\/schema.org","@graph":[{"@type":"WebPage","@id":"https:\/\/cornelliastudio.pl\/produkt\/bransoletka-ze-srebra-925-lapis-lazuli-i-koral\/","url":"https:\/\/cornelliastudio.pl\/produkt\/bransoletka-ze-srebra-925-lapis-lazuli-i-koral\/","name":"Bransoletka ze srebra 925 z lapis lazuli i czerwonym koralem \u2013 elegancja w barwach natury - Cornellia Studio","isPartOf":{"@id":"https:\/\/cornelliastudio.pl\/#website"},"primaryImageOfPage":{"@id":"https:\/\/cornelliastudio.pl\/produkt\/bransoletka-ze-srebra-925-lapis-lazuli-i-koral\/#primaryimage"},"image":{"@id":"https:\/\/cornelliastudio.pl\/produkt\/bransoletka-ze-srebra-925-lapis-lazuli-i-koral\/#primaryimage"},"thumbnailUrl":"https:\/\/cornelliastudio.pl\/wp-content\/uploads\/2025\/11\/il_fullxfull.7297055461_1c0i-scaled.jpg","datePublished":"2025-11-25T17:00:21+00:00","dateModified":"2025-12-16T12:17:49+00:00","breadcrumb":{"@id":"https:\/\/cornelliastudio.pl\/produkt\/bransoletka-ze-srebra-925-lapis-lazuli-i-koral\/#breadcrumb"},"inLanguage":"en-GB","potentialAction":[{"@type":"ReadAction","target":["https:\/\/cornelliastudio.pl\/produkt\/bransoletka-ze-srebra-925-lapis-lazuli-i-koral\/"]}]},{"@type":"ImageObject","inLanguage":"en-GB","@id":"https:\/\/cornelliastudio.pl\/produkt\/bransoletka-ze-srebra-925-lapis-lazuli-i-koral\/#primaryimage","url":"https:\/\/cornelliastudio.pl\/wp-content\/uploads\/2025\/11\/il_fullxfull.7297055461_1c0i-scaled.jpg","contentUrl":"https:\/\/cornelliastudio.pl\/wp-content\/uploads\/2025\/11\/il_fullxfull.7297055461_1c0i-scaled.jpg","width":2560,"height":2304},{"@type":"BreadcrumbList","@id":"https:\/\/cornelliastudio.pl\/produkt\/bransoletka-ze-srebra-925-lapis-lazuli-i-koral\/#breadcrumb","itemListElement":[{"@type":"ListItem","position":1,"name":"Strona g\u0142\u00f3wna","item":"https:\/\/cornelliastudio.pl\/"},{"@type":"ListItem","position":2,"name":"Sklep","item":"https:\/\/cornelliastudio.pl\/sklep\/"},{"@type":"ListItem","position":3,"name":"Bransoletka ze srebra 925 z lapis lazuli i czerwonym koralem \u2013 elegancja w barwach natury"}]},{"@type":"WebSite","@id":"https:\/\/cornelliastudio.pl\/#website","url":"https:\/\/cornelliastudio.pl\/","name":"Cornellia Studio","description":"Bi\u017cuteria artystyczna, hand made","publisher":{"@id":"https:\/\/cornelliastudio.pl\/#organization"},"potentialAction":[{"@type":"SearchAction","target":{"@type":"EntryPoint","urlTemplate":"https:\/\/cornelliastudio.pl\/?s={search_term_string}"},"query-input":{"@type":"PropertyValueSpecification","valueRequired":true,"valueName":"search_term_string"}}],"inLanguage":"en-GB"},{"@type":"Organization","@id":"https:\/\/cornelliastudio.pl\/#organization","name":"Cornellia Studio","url":"https:\/\/cornelliastudio.pl\/","logo":{"@type":"ImageObject","inLanguage":"en-GB","@id":"https:\/\/cornelliastudio.pl\/#\/schema\/logo\/image\/","url":"https:\/\/cornelliastudio.pl\/wp-content\/uploads\/2025\/10\/Cornellia-Studio-logo.png","contentUrl":"https:\/\/cornelliastudio.pl\/wp-content\/uploads\/2025\/10\/Cornellia-Studio-logo.png","width":1563,"height":1563,"caption":"Cornellia Studio"},"image":{"@id":"https:\/\/cornelliastudio.pl\/#\/schema\/logo\/image\/"}}]}},"uagb_featured_image_src":{"full":["https:\/\/cornelliastudio.pl\/wp-content\/uploads\/2025\/11\/il_fullxfull.7297055461_1c0i-scaled.jpg",2560,2304,false],"thumbnail":["https:\/\/cornelliastudio.pl\/wp-content\/uploads\/2025\/11\/il_fullxfull.7297055461_1c0i-150x150.jpg",150,150,true],"medium":["https:\/\/cornelliastudio.pl\/wp-content\/uploads\/2025\/11\/il_fullxfull.7297055461_1c0i-300x270.jpg",300,270,true],"medium_large":["https:\/\/cornelliastudio.pl\/wp-content\/uploads\/2025\/11\/il_fullxfull.7297055461_1c0i-768x691.jpg",768,691,true],"large":["https:\/\/cornelliastudio.pl\/wp-content\/uploads\/2025\/11\/il_fullxfull.7297055461_1c0i-1024x921.jpg",1024,921,true],"1536x1536":["https:\/\/cornelliastudio.pl\/wp-content\/uploads\/2025\/11\/il_fullxfull.7297055461_1c0i-1536x1382.jpg",1536,1382,true],"2048x2048":["https:\/\/cornelliastudio.pl\/wp-content\/uploads\/2025\/11\/il_fullxfull.7297055461_1c0i-2048x1843.jpg",2048,1843,true],"trp-custom-language-flag":["https:\/\/cornelliastudio.pl\/wp-content\/uploads\/2025\/11\/il_fullxfull.7297055461_1c0i-scaled.jpg",13,12,false],"woocommerce_thumbnail":["https:\/\/cornelliastudio.pl\/wp-content\/uploads\/2025\/11\/il_fullxfull.7297055461_1c0i-300x300.jpg",300,300,true],"woocommerce_single":["https:\/\/cornelliastudio.pl\/wp-content\/uploads\/2025\/11\/il_fullxfull.7297055461_1c0i-600x540.jpg",600,540,true],"woocommerce_gallery_thumbnail":["https:\/\/cornelliastudio.pl\/wp-content\/uploads\/2025\/11\/il_fullxfull.7297055461_1c0i-100x100.jpg",100,100,true]},"uagb_author_info":{"display_name":"Administrator","author_link":"https:\/\/cornelliastudio.pl\/en\/author\/"},"uagb_comment_info":0,"uagb_excerpt":"Delikatna, r\u0119cznie wykonana bransoletka ze srebra 925 z lapis lazuli i naturalnym koralem. Lekka, minimalistyczna i regulowana \u2014 idealna na co dzie\u0144 i na wyj\u0105tkowe okazje. Ka\u017cdy kamie\u0144 jest unikatowy, dzi\u0119ki czemu ka\u017cda bransoletka jest jedyna w swoim rodzaju. srebrne k\u00f3\u0142ka: 12 mm Koral \u2013 rurka: 8 \u00d7 3 mm lapis lazuli : 5 x&hellip;","_links":{"self":[{"href":"https:\/\/cornelliastudio.pl\/en\/wp-json\/wp\/v2\/product\/2065","targetHints":{"allow":["GET"]}}],"collection":[{"href":"https:\/\/cornelliastudio.pl\/en\/wp-json\/wp\/v2\/product"}],"about":[{"href":"https:\/\/cornelliastudio.pl\/en\/wp-json\/wp\/v2\/types\/product"}],"replies":[{"embeddable":true,"href":"https:\/\/cornelliastudio.pl\/en\/wp-json\/wp\/v2\/comments?post=2065"}],"wp:featuredmedia":[{"embeddable":true,"href":"https:\/\/cornelliastudio.pl\/en\/wp-json\/wp\/v2\/media\/2107"}],"wp:attachment":[{"href":"https:\/\/cornelliastudio.pl\/en\/wp-json\/wp\/v2\/media?parent=2065"}],"wp:term":[{"taxonomy":"product_brand","embeddable":true,"href":"https:\/\/cornelliastudio.pl\/en\/wp-json\/wp\/v2\/product_brand?post=2065"},{"taxonomy":"product_cat","embeddable":true,"href":"https:\/\/cornelliastudio.pl\/en\/wp-json\/wp\/v2\/product_cat?post=2065"},{"taxonomy":"product_tag","embeddable":true,"href":"https:\/\/cornelliastudio.pl\/en\/wp-json\/wp\/v2\/product_tag?post=2065"}],"curies":[{"name":"wp","href":"https:\/\/api.w.org\/{rel}","templated":true}]}}