{"id":2064,"date":"2025-11-25T18:00:19","date_gmt":"2025-11-25T17:00:19","guid":{"rendered":"https:\/\/cornelliastudio.pl\/produkt\/kolorowa-bransoletka-recznie-robiona-z-czerwonego-i-pomaranczowego-koralu-z-charmsami-z-koralikow-srebrnych-srebro-proby-925\/"},"modified":"2025-12-16T15:17:28","modified_gmt":"2025-12-16T14:17:28","slug":"kolorowa-bransoletka-recznie-robiona-z-czerwonego-i-pomaranczowego-koralu-z-charmsami-z-koralikow-srebrnych-srebro-proby-925","status":"publish","type":"product","link":"https:\/\/cornelliastudio.pl\/en\/product\/kolorowa-bransoletka-recznie-robiona-z-czerwonego-i-pomaranczowego-koralu-z-charmsami-z-koralikow-srebrnych-srebro-proby-925\/","title":{"rendered":"Handmade Colorful Bracelet with Red and Orange Coral and Sterling Silver Bead Charms (925)"},"content":{"rendered":"<h2 data-start=\"94\" data-end=\"451\"><strong data-start=\"94\" data-end=\"104\"> 925 Sterling Silver Bracelet with Red-Orange Coral \u2013 Bold Boho Accent<\/strong><\/h2>\n<p data-start=\"94\" data-end=\"451\"><br data-start=\"104\" data-end=\"107\" \/>Add a touch of colorful elegance to your style with this vibrant bracelet made from natural red and orange coral. Delicate sterling silver beads and tiny 925 silver charms add a subtle shine, making it a truly unique piece of handmade jewelry. Perfect for everyday wear or as a meaningful gift.<\/p>\n<hr data-start=\"453\" data-end=\"456\" \/>\n<h3 data-start=\"125\" data-end=\"142\"><strong data-start=\"129\" data-end=\"142\">DETAILS:<\/strong><\/h3>\n<ul data-start=\"144\" data-end=\"637\">\n<li data-start=\"144\" data-end=\"203\">\n<p data-start=\"146\" data-end=\"203\"><strong data-start=\"146\" data-end=\"159\">Material:<\/strong> natural red coral<\/p>\n<\/li>\n<li data-start=\"204\" data-end=\"380\">\n<p data-start=\"206\" data-end=\"246\"><strong data-start=\"206\" data-end=\"227\">Silver elements:<\/strong> 925  sterling silver<\/p>\n<ul data-start=\"249\" data-end=\"380\">\n<li data-start=\"249\" data-end=\"275\">\n<p data-start=\"251\" data-end=\"275\">silver disc <strong data-start=\"265\" data-end=\"273\">8 mm<\/strong><\/p>\n<\/li>\n<li data-start=\"278\" data-end=\"306\">\n<p data-start=\"280\" data-end=\"306\">silver ring: <strong data-start=\"295\" data-end=\"304\">12 mm<\/strong><\/p>\n<\/li>\n<li data-start=\"309\" data-end=\"339\">\n<p data-start=\"311\" data-end=\"339\">clasp type: <strong data-start=\"325\" data-end=\"337\">spring ring clasp<\/strong><\/p>\n<\/li>\n<li data-start=\"342\" data-end=\"380\">\n<p data-start=\"344\" data-end=\"380\">small, round beads and charms<\/p>\n<\/li>\n<\/ul>\n<\/li>\n<li data-start=\"381\" data-end=\"426\">\n<p data-start=\"383\" data-end=\"426\"><strong data-start=\"383\" data-end=\"403\">Bracelet type:<\/strong> adjustable chain<\/p>\n<\/li>\n<li data-start=\"427\" data-end=\"465\">\n<p data-start=\"429\" data-end=\"465\"><strong data-start=\"429\" data-end=\"438\">Style:<\/strong> boho \/ colorful \/ handmade<\/p>\n<\/li>\n<li data-start=\"466\" data-end=\"536\">\n<p data-start=\"468\" data-end=\"536\"><strong data-start=\"468\" data-end=\"479\">Design:<\/strong> unisex \u2013 suitable for both women and men<\/p>\n<\/li>\n<li data-start=\"537\" data-end=\"592\">\n<p data-start=\"539\" data-end=\"592\"><strong data-start=\"539\" data-end=\"563\">Bracelet length:<\/strong> <strong data-start=\"564\" data-end=\"590\">17 cm + 1 cm extension<\/strong><\/p>\n<\/li>\n<li data-start=\"593\" data-end=\"637\">\n<p data-start=\"595\" data-end=\"637\"><strong data-start=\"595\" data-end=\"616\">Stone size:<\/strong> approx. <strong data-start=\"621\" data-end=\"637\">0,3 \u00d7 0,2 cm<\/strong><\/p>\n<\/li>\n<\/ul>\n<hr data-start=\"837\" data-end=\"840\" \/>\n<p data-start=\"842\" data-end=\"966\"><strong data-start=\"842\" data-end=\"877\">PERFECT AS A GIFT FOR:<\/strong><br data-start=\"877\" data-end=\"880\" \/>\u2022 Birthdays<br data-start=\"889\" data-end=\"892\" \/>\u2022 Anniversaries<br data-start=\"902\" data-end=\"905\" \/>\u2022 Mother\u2019s Day<br data-start=\"917\" data-end=\"920\" \/>\u2022 And as a special reward for myself.<\/p>","protected":false},"excerpt":{"rendered":"<h5>A colorful bracelet made from natural red and orange coral, adorned with sterling silver beads and 925 silver charms. Lightweight, elegant, and handcrafted \u2014 perfect for everyday wear or as a special gift.<\/h5>","protected":false},"featured_media":2103,"comment_status":"open","ping_status":"closed","template":"","meta":{"_uag_custom_page_level_css":"","site-sidebar-layout":"default","site-content-layout":"","ast-site-content-layout":"default","site-content-style":"default","site-sidebar-style":"default","ast-global-header-display":"","ast-banner-title-visibility":"","ast-main-header-display":"","ast-hfb-above-header-display":"","ast-hfb-below-header-display":"","ast-hfb-mobile-header-display":"","site-post-title":"","ast-breadcrumbs-content":"","ast-featured-img":"","footer-sml-layout":"","ast-disable-related-posts":"","theme-transparent-header-meta":"default","adv-header-id-meta":"","stick-header-meta":"","header-above-stick-meta":"","header-main-stick-meta":"","header-below-stick-meta":"","astra-migrate-meta-layouts":"set","ast-page-background-enabled":"default","ast-page-background-meta":{"desktop":{"background-color":"var(--ast-global-color-4)","background-image":"","background-repeat":"repeat","background-position":"center center","background-size":"auto","background-attachment":"scroll","background-type":"","background-media":"","overlay-type":"","overlay-color":"","overlay-opacity":"","overlay-gradient":""},"tablet":{"background-color":"","background-image":"","background-repeat":"repeat","background-position":"center center","background-size":"auto","background-attachment":"scroll","background-type":"","background-media":"","overlay-type":"","overlay-color":"","overlay-opacity":"","overlay-gradient":""},"mobile":{"background-color":"","background-image":"","background-repeat":"repeat","background-position":"center center","background-size":"auto","background-attachment":"scroll","background-type":"","background-media":"","overlay-type":"","overlay-color":"","overlay-opacity":"","overlay-gradient":""}},"ast-content-background-meta":{"desktop":{"background-color":"var(--ast-global-color-5)","background-image":"","background-repeat":"repeat","background-position":"center center","background-size":"auto","background-attachment":"scroll","background-type":"","background-media":"","overlay-type":"","overlay-color":"","overlay-opacity":"","overlay-gradient":""},"tablet":{"background-color":"var(--ast-global-color-5)","background-image":"","background-repeat":"repeat","background-position":"center center","background-size":"auto","background-attachment":"scroll","background-type":"","background-media":"","overlay-type":"","overlay-color":"","overlay-opacity":"","overlay-gradient":""},"mobile":{"background-color":"var(--ast-global-color-5)","background-image":"","background-repeat":"repeat","background-position":"center center","background-size":"auto","background-attachment":"scroll","background-type":"","background-media":"","overlay-type":"","overlay-color":"","overlay-opacity":"","overlay-gradient":""}}},"product_brand":[201],"product_cat":[30,29,31],"product_tag":[223,219,221,222,224,220,216,217,191,196,218,187,215,194],"class_list":{"0":"post-2064","1":"product","2":"type-product","3":"status-publish","4":"has-post-thumbnail","6":"product_brand-cornellia-studio","7":"product_cat-bestsellery","8":"product_cat-bransoletki","9":"product_cat-nowosci","10":"product_tag-bizuteria-minimalistyczna","11":"product_tag-bizuteria-z-naturalnego-korala","12":"product_tag-bransoletka-boho","13":"product_tag-bransoletka-kolorowa","14":"product_tag-bransoletka-regulowana","15":"product_tag-bransoletka-srebrna","16":"product_tag-bransoletka-z-korala","17":"product_tag-czerwony-koral","18":"product_tag-delikatna-bransoletka-srebrna","19":"product_tag-minimalistyczna-bransoletka","20":"product_tag-pomaranczowy-koral","21":"product_tag-prezent-dla-niej","22":"product_tag-srebro-925","23":"product_tag-subtelna-bransoletka","24":"pa_dlugosc-bransoletki-15cm","25":"pa_dlugosc-bransoletki-17-cm","26":"pa_dlugosc-bransoletki-19-cm","27":"pa_dlugosc-bransoletki-21-cm","28":"desktop-align-left","29":"tablet-align-left","30":"mobile-align-left","32":"first","33":"instock","34":"taxable","35":"shipping-taxable","36":"purchasable","37":"product-type-variable"},"yoast_head":"<!-- This site is optimized with the Yoast SEO plugin v27.4 - https:\/\/yoast.com\/product\/yoast-seo-wordpress\/ -->\n<title>Kolorowa bransoletka r\u0119cznie robiona z czerwonego i pomara\u0144czowego koralu, z charmsami z koralik\u00f3w srebrnych, srebro pr\u00f3by 925 - Cornellia Studio<\/title>\n<meta name=\"robots\" content=\"index, follow, max-snippet:-1, max-image-preview:large, max-video-preview:-1\" \/>\n<link rel=\"canonical\" href=\"https:\/\/cornelliastudio.pl\/en\/product\/kolorowa-bransoletka-recznie-robiona-z-czerwonego-i-pomaranczowego-koralu-z-charmsami-z-koralikow-srebrnych-srebro-proby-925\/\" \/>\n<meta property=\"og:locale\" content=\"en_GB\" \/>\n<meta property=\"og:type\" content=\"article\" \/>\n<meta property=\"og:title\" content=\"Kolorowa bransoletka r\u0119cznie robiona z czerwonego i pomara\u0144czowego koralu, z charmsami z koralik\u00f3w srebrnych, srebro pr\u00f3by 925 - Cornellia Studio\" \/>\n<meta property=\"og:description\" content=\"Kolorowa bransoletka z naturalnego czerwonego i pomara\u0144czowego koralu, ozdobiona srebrnymi koralikami i charmsami ze srebra pr\u00f3by 925. Lekka, elegancka i r\u0119cznie wykonana \u2014 idealna na co dzie\u0144 lub jako wyj\u0105tkowy prezent.\" \/>\n<meta property=\"og:url\" content=\"https:\/\/cornelliastudio.pl\/en\/product\/kolorowa-bransoletka-recznie-robiona-z-czerwonego-i-pomaranczowego-koralu-z-charmsami-z-koralikow-srebrnych-srebro-proby-925\/\" \/>\n<meta property=\"og:site_name\" content=\"Cornellia Studio\" \/>\n<meta property=\"article:modified_time\" content=\"2025-12-16T14:17:28+00:00\" \/>\n<meta property=\"og:image\" content=\"https:\/\/cornelliastudio.pl\/wp-content\/uploads\/2025\/11\/il_fullxfull.7232847776_qt86-scaled.webp\" \/>\n\t<meta property=\"og:image:width\" content=\"2560\" \/>\n\t<meta property=\"og:image:height\" content=\"2560\" \/>\n\t<meta property=\"og:image:type\" content=\"image\/webp\" \/>\n<meta name=\"twitter:card\" content=\"summary_large_image\" \/>\n<meta name=\"twitter:label1\" content=\"Estimated reading time\" \/>\n\t<meta name=\"twitter:data1\" content=\"2 minutes\" \/>\n<script type=\"application\/ld+json\" class=\"yoast-schema-graph\">{\"@context\":\"https:\\\/\\\/schema.org\",\"@graph\":[{\"@type\":\"WebPage\",\"@id\":\"https:\\\/\\\/cornelliastudio.pl\\\/produkt\\\/kolorowa-bransoletka-recznie-robiona-z-czerwonego-i-pomaranczowego-koralu-z-charmsami-z-koralikow-srebrnych-srebro-proby-925\\\/\",\"url\":\"https:\\\/\\\/cornelliastudio.pl\\\/produkt\\\/kolorowa-bransoletka-recznie-robiona-z-czerwonego-i-pomaranczowego-koralu-z-charmsami-z-koralikow-srebrnych-srebro-proby-925\\\/\",\"name\":\"Kolorowa bransoletka r\u0119cznie robiona z czerwonego i pomara\u0144czowego koralu, z charmsami z koralik\u00f3w srebrnych, srebro pr\u00f3by 925 - Cornellia Studio\",\"isPartOf\":{\"@id\":\"https:\\\/\\\/cornelliastudio.pl\\\/#website\"},\"primaryImageOfPage\":{\"@id\":\"https:\\\/\\\/cornelliastudio.pl\\\/produkt\\\/kolorowa-bransoletka-recznie-robiona-z-czerwonego-i-pomaranczowego-koralu-z-charmsami-z-koralikow-srebrnych-srebro-proby-925\\\/#primaryimage\"},\"image\":{\"@id\":\"https:\\\/\\\/cornelliastudio.pl\\\/produkt\\\/kolorowa-bransoletka-recznie-robiona-z-czerwonego-i-pomaranczowego-koralu-z-charmsami-z-koralikow-srebrnych-srebro-proby-925\\\/#primaryimage\"},\"thumbnailUrl\":\"https:\\\/\\\/cornelliastudio.pl\\\/wp-content\\\/uploads\\\/2025\\\/11\\\/il_fullxfull.7232847776_qt86-scaled.webp\",\"datePublished\":\"2025-11-25T17:00:19+00:00\",\"dateModified\":\"2025-12-16T14:17:28+00:00\",\"breadcrumb\":{\"@id\":\"https:\\\/\\\/cornelliastudio.pl\\\/produkt\\\/kolorowa-bransoletka-recznie-robiona-z-czerwonego-i-pomaranczowego-koralu-z-charmsami-z-koralikow-srebrnych-srebro-proby-925\\\/#breadcrumb\"},\"inLanguage\":\"en-GB\",\"potentialAction\":[{\"@type\":\"ReadAction\",\"target\":[\"https:\\\/\\\/cornelliastudio.pl\\\/produkt\\\/kolorowa-bransoletka-recznie-robiona-z-czerwonego-i-pomaranczowego-koralu-z-charmsami-z-koralikow-srebrnych-srebro-proby-925\\\/\"]}]},{\"@type\":\"ImageObject\",\"inLanguage\":\"en-GB\",\"@id\":\"https:\\\/\\\/cornelliastudio.pl\\\/produkt\\\/kolorowa-bransoletka-recznie-robiona-z-czerwonego-i-pomaranczowego-koralu-z-charmsami-z-koralikow-srebrnych-srebro-proby-925\\\/#primaryimage\",\"url\":\"https:\\\/\\\/cornelliastudio.pl\\\/wp-content\\\/uploads\\\/2025\\\/11\\\/il_fullxfull.7232847776_qt86-scaled.webp\",\"contentUrl\":\"https:\\\/\\\/cornelliastudio.pl\\\/wp-content\\\/uploads\\\/2025\\\/11\\\/il_fullxfull.7232847776_qt86-scaled.webp\",\"width\":2560,\"height\":2560},{\"@type\":\"BreadcrumbList\",\"@id\":\"https:\\\/\\\/cornelliastudio.pl\\\/produkt\\\/kolorowa-bransoletka-recznie-robiona-z-czerwonego-i-pomaranczowego-koralu-z-charmsami-z-koralikow-srebrnych-srebro-proby-925\\\/#breadcrumb\",\"itemListElement\":[{\"@type\":\"ListItem\",\"position\":1,\"name\":\"Strona g\u0142\u00f3wna\",\"item\":\"https:\\\/\\\/cornelliastudio.pl\\\/\"},{\"@type\":\"ListItem\",\"position\":2,\"name\":\"Sklep\",\"item\":\"https:\\\/\\\/cornelliastudio.pl\\\/sklep\\\/\"},{\"@type\":\"ListItem\",\"position\":3,\"name\":\"Kolorowa bransoletka r\u0119cznie robiona z czerwonego i pomara\u0144czowego koralu, z charmsami z koralik\u00f3w srebrnych, srebro pr\u00f3by 925\"}]},{\"@type\":\"WebSite\",\"@id\":\"https:\\\/\\\/cornelliastudio.pl\\\/#website\",\"url\":\"https:\\\/\\\/cornelliastudio.pl\\\/\",\"name\":\"Cornellia Studio\",\"description\":\"Bi\u017cuteria artystyczna, hand made\",\"publisher\":{\"@id\":\"https:\\\/\\\/cornelliastudio.pl\\\/#organization\"},\"potentialAction\":[{\"@type\":\"SearchAction\",\"target\":{\"@type\":\"EntryPoint\",\"urlTemplate\":\"https:\\\/\\\/cornelliastudio.pl\\\/?s={search_term_string}\"},\"query-input\":{\"@type\":\"PropertyValueSpecification\",\"valueRequired\":true,\"valueName\":\"search_term_string\"}}],\"inLanguage\":\"en-GB\"},{\"@type\":\"Organization\",\"@id\":\"https:\\\/\\\/cornelliastudio.pl\\\/#organization\",\"name\":\"Cornellia Studio\",\"url\":\"https:\\\/\\\/cornelliastudio.pl\\\/\",\"logo\":{\"@type\":\"ImageObject\",\"inLanguage\":\"en-GB\",\"@id\":\"https:\\\/\\\/cornelliastudio.pl\\\/#\\\/schema\\\/logo\\\/image\\\/\",\"url\":\"https:\\\/\\\/cornelliastudio.pl\\\/wp-content\\\/uploads\\\/2025\\\/10\\\/Cornellia-Studio-logo.png\",\"contentUrl\":\"https:\\\/\\\/cornelliastudio.pl\\\/wp-content\\\/uploads\\\/2025\\\/10\\\/Cornellia-Studio-logo.png\",\"width\":1563,\"height\":1563,\"caption\":\"Cornellia Studio\"},\"image\":{\"@id\":\"https:\\\/\\\/cornelliastudio.pl\\\/#\\\/schema\\\/logo\\\/image\\\/\"}}]}<\/script>\n<!-- \/ Yoast SEO plugin. -->","yoast_head_json":{"title":"Kolorowa bransoletka r\u0119cznie robiona z czerwonego i pomara\u0144czowego koralu, z charmsami z koralik\u00f3w srebrnych, srebro pr\u00f3by 925 - Cornellia Studio","robots":{"index":"index","follow":"follow","max-snippet":"max-snippet:-1","max-image-preview":"max-image-preview:large","max-video-preview":"max-video-preview:-1"},"canonical":"https:\/\/cornelliastudio.pl\/en\/product\/kolorowa-bransoletka-recznie-robiona-z-czerwonego-i-pomaranczowego-koralu-z-charmsami-z-koralikow-srebrnych-srebro-proby-925\/","og_locale":"en_GB","og_type":"article","og_title":"Kolorowa bransoletka r\u0119cznie robiona z czerwonego i pomara\u0144czowego koralu, z charmsami z koralik\u00f3w srebrnych, srebro pr\u00f3by 925 - Cornellia Studio","og_description":"Kolorowa bransoletka z naturalnego czerwonego i pomara\u0144czowego koralu, ozdobiona srebrnymi koralikami i charmsami ze srebra pr\u00f3by 925. Lekka, elegancka i r\u0119cznie wykonana \u2014 idealna na co dzie\u0144 lub jako wyj\u0105tkowy prezent.","og_url":"https:\/\/cornelliastudio.pl\/en\/product\/kolorowa-bransoletka-recznie-robiona-z-czerwonego-i-pomaranczowego-koralu-z-charmsami-z-koralikow-srebrnych-srebro-proby-925\/","og_site_name":"Cornellia Studio","article_modified_time":"2025-12-16T14:17:28+00:00","og_image":[{"width":2560,"height":2560,"url":"https:\/\/cornelliastudio.pl\/wp-content\/uploads\/2025\/11\/il_fullxfull.7232847776_qt86-scaled.webp","type":"image\/webp"}],"twitter_card":"summary_large_image","twitter_misc":{"Estimated reading time":"2 minutes"},"schema":{"@context":"https:\/\/schema.org","@graph":[{"@type":"WebPage","@id":"https:\/\/cornelliastudio.pl\/produkt\/kolorowa-bransoletka-recznie-robiona-z-czerwonego-i-pomaranczowego-koralu-z-charmsami-z-koralikow-srebrnych-srebro-proby-925\/","url":"https:\/\/cornelliastudio.pl\/produkt\/kolorowa-bransoletka-recznie-robiona-z-czerwonego-i-pomaranczowego-koralu-z-charmsami-z-koralikow-srebrnych-srebro-proby-925\/","name":"Kolorowa bransoletka r\u0119cznie robiona z czerwonego i pomara\u0144czowego koralu, z charmsami z koralik\u00f3w srebrnych, srebro pr\u00f3by 925 - Cornellia Studio","isPartOf":{"@id":"https:\/\/cornelliastudio.pl\/#website"},"primaryImageOfPage":{"@id":"https:\/\/cornelliastudio.pl\/produkt\/kolorowa-bransoletka-recznie-robiona-z-czerwonego-i-pomaranczowego-koralu-z-charmsami-z-koralikow-srebrnych-srebro-proby-925\/#primaryimage"},"image":{"@id":"https:\/\/cornelliastudio.pl\/produkt\/kolorowa-bransoletka-recznie-robiona-z-czerwonego-i-pomaranczowego-koralu-z-charmsami-z-koralikow-srebrnych-srebro-proby-925\/#primaryimage"},"thumbnailUrl":"https:\/\/cornelliastudio.pl\/wp-content\/uploads\/2025\/11\/il_fullxfull.7232847776_qt86-scaled.webp","datePublished":"2025-11-25T17:00:19+00:00","dateModified":"2025-12-16T14:17:28+00:00","breadcrumb":{"@id":"https:\/\/cornelliastudio.pl\/produkt\/kolorowa-bransoletka-recznie-robiona-z-czerwonego-i-pomaranczowego-koralu-z-charmsami-z-koralikow-srebrnych-srebro-proby-925\/#breadcrumb"},"inLanguage":"en-GB","potentialAction":[{"@type":"ReadAction","target":["https:\/\/cornelliastudio.pl\/produkt\/kolorowa-bransoletka-recznie-robiona-z-czerwonego-i-pomaranczowego-koralu-z-charmsami-z-koralikow-srebrnych-srebro-proby-925\/"]}]},{"@type":"ImageObject","inLanguage":"en-GB","@id":"https:\/\/cornelliastudio.pl\/produkt\/kolorowa-bransoletka-recznie-robiona-z-czerwonego-i-pomaranczowego-koralu-z-charmsami-z-koralikow-srebrnych-srebro-proby-925\/#primaryimage","url":"https:\/\/cornelliastudio.pl\/wp-content\/uploads\/2025\/11\/il_fullxfull.7232847776_qt86-scaled.webp","contentUrl":"https:\/\/cornelliastudio.pl\/wp-content\/uploads\/2025\/11\/il_fullxfull.7232847776_qt86-scaled.webp","width":2560,"height":2560},{"@type":"BreadcrumbList","@id":"https:\/\/cornelliastudio.pl\/produkt\/kolorowa-bransoletka-recznie-robiona-z-czerwonego-i-pomaranczowego-koralu-z-charmsami-z-koralikow-srebrnych-srebro-proby-925\/#breadcrumb","itemListElement":[{"@type":"ListItem","position":1,"name":"Strona g\u0142\u00f3wna","item":"https:\/\/cornelliastudio.pl\/"},{"@type":"ListItem","position":2,"name":"Sklep","item":"https:\/\/cornelliastudio.pl\/sklep\/"},{"@type":"ListItem","position":3,"name":"Kolorowa bransoletka r\u0119cznie robiona z czerwonego i pomara\u0144czowego koralu, z charmsami z koralik\u00f3w srebrnych, srebro pr\u00f3by 925"}]},{"@type":"WebSite","@id":"https:\/\/cornelliastudio.pl\/#website","url":"https:\/\/cornelliastudio.pl\/","name":"Cornellia Studio","description":"Bi\u017cuteria artystyczna, hand made","publisher":{"@id":"https:\/\/cornelliastudio.pl\/#organization"},"potentialAction":[{"@type":"SearchAction","target":{"@type":"EntryPoint","urlTemplate":"https:\/\/cornelliastudio.pl\/?s={search_term_string}"},"query-input":{"@type":"PropertyValueSpecification","valueRequired":true,"valueName":"search_term_string"}}],"inLanguage":"en-GB"},{"@type":"Organization","@id":"https:\/\/cornelliastudio.pl\/#organization","name":"Cornellia Studio","url":"https:\/\/cornelliastudio.pl\/","logo":{"@type":"ImageObject","inLanguage":"en-GB","@id":"https:\/\/cornelliastudio.pl\/#\/schema\/logo\/image\/","url":"https:\/\/cornelliastudio.pl\/wp-content\/uploads\/2025\/10\/Cornellia-Studio-logo.png","contentUrl":"https:\/\/cornelliastudio.pl\/wp-content\/uploads\/2025\/10\/Cornellia-Studio-logo.png","width":1563,"height":1563,"caption":"Cornellia Studio"},"image":{"@id":"https:\/\/cornelliastudio.pl\/#\/schema\/logo\/image\/"}}]}},"uagb_featured_image_src":{"full":["https:\/\/cornelliastudio.pl\/wp-content\/uploads\/2025\/11\/il_fullxfull.7232847776_qt86-scaled.webp",2560,2560,false],"thumbnail":["https:\/\/cornelliastudio.pl\/wp-content\/uploads\/2025\/11\/il_fullxfull.7232847776_qt86-150x150.webp",150,150,true],"medium":["https:\/\/cornelliastudio.pl\/wp-content\/uploads\/2025\/11\/il_fullxfull.7232847776_qt86-300x300.webp",300,300,true],"medium_large":["https:\/\/cornelliastudio.pl\/wp-content\/uploads\/2025\/11\/il_fullxfull.7232847776_qt86-768x768.webp",768,768,true],"large":["https:\/\/cornelliastudio.pl\/wp-content\/uploads\/2025\/11\/il_fullxfull.7232847776_qt86-1024x1024.webp",1024,1024,true],"1536x1536":["https:\/\/cornelliastudio.pl\/wp-content\/uploads\/2025\/11\/il_fullxfull.7232847776_qt86-1536x1536.webp",1536,1536,true],"2048x2048":["https:\/\/cornelliastudio.pl\/wp-content\/uploads\/2025\/11\/il_fullxfull.7232847776_qt86-2048x2048.webp",2048,2048,true],"trp-custom-language-flag":["https:\/\/cornelliastudio.pl\/wp-content\/uploads\/2025\/11\/il_fullxfull.7232847776_qt86-scaled.webp",12,12,false],"woocommerce_thumbnail":["https:\/\/cornelliastudio.pl\/wp-content\/uploads\/2025\/11\/il_fullxfull.7232847776_qt86-300x300.webp",300,300,true],"woocommerce_single":["https:\/\/cornelliastudio.pl\/wp-content\/uploads\/2025\/11\/il_fullxfull.7232847776_qt86-600x600.webp",600,600,true],"woocommerce_gallery_thumbnail":["https:\/\/cornelliastudio.pl\/wp-content\/uploads\/2025\/11\/il_fullxfull.7232847776_qt86-100x100.webp",100,100,true]},"uagb_author_info":{"display_name":"Administrator","author_link":"https:\/\/cornelliastudio.pl\/en\/author\/"},"uagb_comment_info":0,"uagb_excerpt":"Kolorowa bransoletka z naturalnego czerwonego i pomara\u0144czowego koralu, ozdobiona srebrnymi koralikami i charmsami ze srebra pr\u00f3by 925. Lekka, elegancka i r\u0119cznie wykonana \u2014 idealna na co dzie\u0144 lub jako wyj\u0105tkowy prezent.","_links":{"self":[{"href":"https:\/\/cornelliastudio.pl\/en\/wp-json\/wp\/v2\/product\/2064","targetHints":{"allow":["GET"]}}],"collection":[{"href":"https:\/\/cornelliastudio.pl\/en\/wp-json\/wp\/v2\/product"}],"about":[{"href":"https:\/\/cornelliastudio.pl\/en\/wp-json\/wp\/v2\/types\/product"}],"replies":[{"embeddable":true,"href":"https:\/\/cornelliastudio.pl\/en\/wp-json\/wp\/v2\/comments?post=2064"}],"wp:featuredmedia":[{"embeddable":true,"href":"https:\/\/cornelliastudio.pl\/en\/wp-json\/wp\/v2\/media\/2103"}],"wp:attachment":[{"href":"https:\/\/cornelliastudio.pl\/en\/wp-json\/wp\/v2\/media?parent=2064"}],"wp:term":[{"taxonomy":"product_brand","embeddable":true,"href":"https:\/\/cornelliastudio.pl\/en\/wp-json\/wp\/v2\/product_brand?post=2064"},{"taxonomy":"product_cat","embeddable":true,"href":"https:\/\/cornelliastudio.pl\/en\/wp-json\/wp\/v2\/product_cat?post=2064"},{"taxonomy":"product_tag","embeddable":true,"href":"https:\/\/cornelliastudio.pl\/en\/wp-json\/wp\/v2\/product_tag?post=2064"}],"curies":[{"name":"wp","href":"https:\/\/api.w.org\/{rel}","templated":true}]}}