{"id":2063,"date":"2025-11-25T18:00:18","date_gmt":"2025-11-25T17:00:18","guid":{"rendered":"https:\/\/cornelliastudio.pl\/produkt\/bransoletka-z-rodonitu-srebro-925-recznie-wykonana-artystyczna-bransoletka-z-duzym-haczykiem\/"},"modified":"2025-12-16T15:37:16","modified_gmt":"2025-12-16T14:37:16","slug":"bransoletka-z-rodonitu-srebro-925-recznie-wykonana-artystyczna-bransoletka-z-duzym-haczykiem","status":"publish","type":"product","link":"https:\/\/cornelliastudio.pl\/en\/product\/bransoletka-z-rodonitu-srebro-925-recznie-wykonana-artystyczna-bransoletka-z-duzym-haczykiem\/","title":{"rendered":"Rhodochrosite Bracelet | 925 Sterling Silver | Handmade Artistic Jewelry with a Large Clasp"},"content":{"rendered":"<h2 data-start=\"56\" data-end=\"112\"><strong data-start=\"56\" data-end=\"112\">Rhodonite Bracelet | 925 Sterling Silver with a Large Artistic Toggle Clasp<\/strong><\/h2>\n<p>&nbsp;<\/p>\n<p data-start=\"114\" data-end=\"419\">An original, handmade artistic bracelet crafted from natural rhodonite and 925 sterling silver. Its minimalist, layered design beautifully highlights the stone\u2019s subtle pink tones, while the large silver toggle clasp adds a distinctive, artistic touch. <em data-start=\"332\" data-end=\"340\">toggle<\/em> z dekoracyjnym k\u00f3\u0142kiem nadaje ca\u0142o\u015bci eleganckiego i unikatowego charakteru.<\/p>\n<p data-start=\"421\" data-end=\"611\">Each element is formed by hand, making this bracelet truly one of a kind \u2014 perfect for those who love unique accessories, artistic designs, and timeless style.<\/p>\n<h2 data-start=\"613\" data-end=\"629\"><strong data-start=\"615\" data-end=\"629\">Details<\/strong><\/h2>\n<p>&nbsp;<\/p>\n<ul data-start=\"631\" data-end=\"899\">\n<li data-start=\"631\" data-end=\"685\">\n<p data-start=\"633\" data-end=\"685\"><strong data-start=\"633\" data-end=\"647\">Materials:<\/strong> natural rhodonite, 925 sterling silver<\/p>\n<\/li>\n<li data-start=\"686\" data-end=\"719\">\n<p data-start=\"688\" data-end=\"719\"><strong data-start=\"688\" data-end=\"708\">Gemstone size:<\/strong> approx. 4 mm<\/p>\n<\/li>\n<li data-start=\"720\" data-end=\"749\">\n<p data-start=\"722\" data-end=\"749\"><strong data-start=\"722\" data-end=\"741\">Ring diameter:<\/strong> 22 mm<\/p>\n<\/li>\n<li data-start=\"750\" data-end=\"780\">\n<p data-start=\"752\" data-end=\"780\"><strong data-start=\"752\" data-end=\"772\">Hook length:<\/strong> 25 mm<\/p>\n<\/li>\n<li data-start=\"781\" data-end=\"824\">\n<p data-start=\"783\" data-end=\"824\"><strong data-start=\"783\" data-end=\"796\">Closure:<\/strong> large toggle hook <em data-start=\"814\" data-end=\"822\">toggle<\/em><\/p>\n<\/li>\n<li data-start=\"781\" data-end=\"824\"><strong>Bracelet length: <\/strong>\u00a019 cm<\/li>\n<li data-start=\"825\" data-end=\"899\">\n<p data-start=\"827\" data-end=\"899\"><strong data-start=\"827\" data-end=\"837\">Features:<\/strong> handmade, nickel-free, original artistic design<\/p>\n<\/li>\n<\/ul>\n<p data-start=\"901\" data-end=\"1121\" data-is-last-node=\"\" data-is-only-node=\"\">Rhodonite is a stone of harmony and love \u2014 a symbol of balance, gentleness, and inner peace. This bracelet is an elegant accessory for everyday wear as well as special occasions, and a beautiful, meaningful gift.<\/p>","protected":false},"excerpt":{"rendered":"<h2><strong data-start=\"25\" data-end=\"105\">A delicate, handmade bracelet crafted from natural rhodonite and 925 sterling silver.<\/strong><\/h2>\n<p>&nbsp;<\/p>\n<p>Subtle pink stones paired with a large, artistic clasp <em data-start=\"173\" data-end=\"181\" data-is-only-node=\"\">toggle<\/em> They create a unique and elegant accessory for women who appreciate style and one-of-a-kind jewelry. Perfect for everyday wear and as a gift.<\/p>","protected":false},"featured_media":2013,"comment_status":"open","ping_status":"closed","template":"","meta":{"_uag_custom_page_level_css":"","site-sidebar-layout":"default","site-content-layout":"","ast-site-content-layout":"default","site-content-style":"default","site-sidebar-style":"default","ast-global-header-display":"","ast-banner-title-visibility":"","ast-main-header-display":"","ast-hfb-above-header-display":"","ast-hfb-below-header-display":"","ast-hfb-mobile-header-display":"","site-post-title":"","ast-breadcrumbs-content":"","ast-featured-img":"","footer-sml-layout":"","ast-disable-related-posts":"","theme-transparent-header-meta":"default","adv-header-id-meta":"","stick-header-meta":"","header-above-stick-meta":"","header-main-stick-meta":"","header-below-stick-meta":"","astra-migrate-meta-layouts":"set","ast-page-background-enabled":"default","ast-page-background-meta":{"desktop":{"background-color":"var(--ast-global-color-4)","background-image":"","background-repeat":"repeat","background-position":"center center","background-size":"auto","background-attachment":"scroll","background-type":"","background-media":"","overlay-type":"","overlay-color":"","overlay-opacity":"","overlay-gradient":""},"tablet":{"background-color":"","background-image":"","background-repeat":"repeat","background-position":"center center","background-size":"auto","background-attachment":"scroll","background-type":"","background-media":"","overlay-type":"","overlay-color":"","overlay-opacity":"","overlay-gradient":""},"mobile":{"background-color":"","background-image":"","background-repeat":"repeat","background-position":"center center","background-size":"auto","background-attachment":"scroll","background-type":"","background-media":"","overlay-type":"","overlay-color":"","overlay-opacity":"","overlay-gradient":""}},"ast-content-background-meta":{"desktop":{"background-color":"var(--ast-global-color-5)","background-image":"","background-repeat":"repeat","background-position":"center center","background-size":"auto","background-attachment":"scroll","background-type":"","background-media":"","overlay-type":"","overlay-color":"","overlay-opacity":"","overlay-gradient":""},"tablet":{"background-color":"var(--ast-global-color-5)","background-image":"","background-repeat":"repeat","background-position":"center center","background-size":"auto","background-attachment":"scroll","background-type":"","background-media":"","overlay-type":"","overlay-color":"","overlay-opacity":"","overlay-gradient":""},"mobile":{"background-color":"var(--ast-global-color-5)","background-image":"","background-repeat":"repeat","background-position":"center center","background-size":"auto","background-attachment":"scroll","background-type":"","background-media":"","overlay-type":"","overlay-color":"","overlay-opacity":"","overlay-gradient":""}}},"product_brand":[201],"product_cat":[30,29,31],"product_tag":[81,161,189,514,460,252,524,498,315,411,214],"class_list":{"0":"post-2063","1":"product","2":"type-product","3":"status-publish","4":"has-post-thumbnail","6":"product_brand-cornellia-studio","7":"product_cat-bestsellery","8":"product_cat-bransoletki","9":"product_cat-nowosci","10":"product_tag-925__silver_bracelet","11":"product_tag-artisan_bracelet","12":"product_tag-bizuteria-handmade","13":"product_tag-bransoletka-925","14":"product_tag-bransoletka-artystyczna","15":"product_tag-bransoletka-srebrna-925","16":"product_tag-bransoletka-z-rodonitu","17":"product_tag-brasnoletka-z-rodochrozytem","18":"product_tag-prezent-urodzinowy","19":"product_tag-rodochrozyt","20":"product_tag-wyjatkowy-prezent","21":"pa_dlugosc-bransoletki-15cm","22":"pa_dlugosc-bransoletki-17-cm","23":"pa_dlugosc-bransoletki-19-cm","24":"pa_dlugosc-bransoletki-21-cm","25":"desktop-align-left","26":"tablet-align-left","27":"mobile-align-left","29":"first","30":"instock","31":"taxable","32":"shipping-taxable","33":"purchasable","34":"product-type-variable"},"yoast_head":"<!-- This site is optimized with the Yoast SEO plugin v27.4 - https:\/\/yoast.com\/product\/yoast-seo-wordpress\/ -->\n<title>brasnoletka z rodochrozytem| Srebro 925 | R\u0119cznie wykonana, artystyczna bi\u017cuteria z du\u017cym zapi\u0119ciem - Cornellia Studio<\/title>\n<meta name=\"robots\" content=\"index, follow, max-snippet:-1, max-image-preview:large, max-video-preview:-1\" \/>\n<link rel=\"canonical\" href=\"https:\/\/cornelliastudio.pl\/en\/product\/bransoletka-z-rodonitu-srebro-925-recznie-wykonana-artystyczna-bransoletka-z-duzym-haczykiem\/\" \/>\n<meta property=\"og:locale\" content=\"en_GB\" \/>\n<meta property=\"og:type\" content=\"article\" \/>\n<meta property=\"og:title\" content=\"brasnoletka z rodochrozytem| Srebro 925 | R\u0119cznie wykonana, artystyczna bi\u017cuteria z du\u017cym zapi\u0119ciem - Cornellia Studio\" \/>\n<meta property=\"og:description\" content=\"Delikatna, r\u0119cznie wykonana bransoletka z naturalnego rodonitu i srebra 925. &nbsp;  Subtelne r\u00f3\u017cowe kamienie po\u0142\u0105czone z du\u017cym, artystycznym zapi\u0119ciem toggle tworz\u0105 wyj\u0105tkowy, elegancki dodatek dla kobiet ceni\u0105cych styl i unikatow\u0105 bi\u017cuteri\u0119. Idealna na co dzie\u0144 i na prezent.\" \/>\n<meta property=\"og:url\" content=\"https:\/\/cornelliastudio.pl\/en\/product\/bransoletka-z-rodonitu-srebro-925-recznie-wykonana-artystyczna-bransoletka-z-duzym-haczykiem\/\" \/>\n<meta property=\"og:site_name\" content=\"Cornellia Studio\" \/>\n<meta property=\"article:modified_time\" content=\"2025-12-16T14:37:16+00:00\" \/>\n<meta property=\"og:image\" content=\"https:\/\/cornelliastudio.pl\/wp-content\/uploads\/2025\/11\/il_1588xN.7308653425_iyyo.webp\" \/>\n\t<meta property=\"og:image:width\" content=\"1588\" \/>\n\t<meta property=\"og:image:height\" content=\"1588\" \/>\n\t<meta property=\"og:image:type\" content=\"image\/webp\" \/>\n<meta name=\"twitter:card\" content=\"summary_large_image\" \/>\n<meta name=\"twitter:label1\" content=\"Estimated reading time\" \/>\n\t<meta name=\"twitter:data1\" content=\"2 minutes\" \/>\n<script type=\"application\/ld+json\" class=\"yoast-schema-graph\">{\"@context\":\"https:\\\/\\\/schema.org\",\"@graph\":[{\"@type\":\"WebPage\",\"@id\":\"https:\\\/\\\/cornelliastudio.pl\\\/produkt\\\/bransoletka-z-rodonitu-srebro-925-recznie-wykonana-artystyczna-bransoletka-z-duzym-haczykiem\\\/\",\"url\":\"https:\\\/\\\/cornelliastudio.pl\\\/produkt\\\/bransoletka-z-rodonitu-srebro-925-recznie-wykonana-artystyczna-bransoletka-z-duzym-haczykiem\\\/\",\"name\":\"brasnoletka z rodochrozytem| Srebro 925 | R\u0119cznie wykonana, artystyczna bi\u017cuteria z du\u017cym zapi\u0119ciem - Cornellia Studio\",\"isPartOf\":{\"@id\":\"https:\\\/\\\/cornelliastudio.pl\\\/#website\"},\"primaryImageOfPage\":{\"@id\":\"https:\\\/\\\/cornelliastudio.pl\\\/produkt\\\/bransoletka-z-rodonitu-srebro-925-recznie-wykonana-artystyczna-bransoletka-z-duzym-haczykiem\\\/#primaryimage\"},\"image\":{\"@id\":\"https:\\\/\\\/cornelliastudio.pl\\\/produkt\\\/bransoletka-z-rodonitu-srebro-925-recznie-wykonana-artystyczna-bransoletka-z-duzym-haczykiem\\\/#primaryimage\"},\"thumbnailUrl\":\"https:\\\/\\\/cornelliastudio.pl\\\/wp-content\\\/uploads\\\/2025\\\/11\\\/il_1588xN.7308653425_iyyo.webp\",\"datePublished\":\"2025-11-25T17:00:18+00:00\",\"dateModified\":\"2025-12-16T14:37:16+00:00\",\"breadcrumb\":{\"@id\":\"https:\\\/\\\/cornelliastudio.pl\\\/produkt\\\/bransoletka-z-rodonitu-srebro-925-recznie-wykonana-artystyczna-bransoletka-z-duzym-haczykiem\\\/#breadcrumb\"},\"inLanguage\":\"en-GB\",\"potentialAction\":[{\"@type\":\"ReadAction\",\"target\":[\"https:\\\/\\\/cornelliastudio.pl\\\/produkt\\\/bransoletka-z-rodonitu-srebro-925-recznie-wykonana-artystyczna-bransoletka-z-duzym-haczykiem\\\/\"]}]},{\"@type\":\"ImageObject\",\"inLanguage\":\"en-GB\",\"@id\":\"https:\\\/\\\/cornelliastudio.pl\\\/produkt\\\/bransoletka-z-rodonitu-srebro-925-recznie-wykonana-artystyczna-bransoletka-z-duzym-haczykiem\\\/#primaryimage\",\"url\":\"https:\\\/\\\/cornelliastudio.pl\\\/wp-content\\\/uploads\\\/2025\\\/11\\\/il_1588xN.7308653425_iyyo.webp\",\"contentUrl\":\"https:\\\/\\\/cornelliastudio.pl\\\/wp-content\\\/uploads\\\/2025\\\/11\\\/il_1588xN.7308653425_iyyo.webp\",\"width\":1588,\"height\":1588},{\"@type\":\"BreadcrumbList\",\"@id\":\"https:\\\/\\\/cornelliastudio.pl\\\/produkt\\\/bransoletka-z-rodonitu-srebro-925-recznie-wykonana-artystyczna-bransoletka-z-duzym-haczykiem\\\/#breadcrumb\",\"itemListElement\":[{\"@type\":\"ListItem\",\"position\":1,\"name\":\"Strona g\u0142\u00f3wna\",\"item\":\"https:\\\/\\\/cornelliastudio.pl\\\/\"},{\"@type\":\"ListItem\",\"position\":2,\"name\":\"Sklep\",\"item\":\"https:\\\/\\\/cornelliastudio.pl\\\/sklep\\\/\"},{\"@type\":\"ListItem\",\"position\":3,\"name\":\"brasnoletka z rodochrozytem| Srebro 925 | R\u0119cznie wykonana, artystyczna bi\u017cuteria z du\u017cym zapi\u0119ciem\"}]},{\"@type\":\"WebSite\",\"@id\":\"https:\\\/\\\/cornelliastudio.pl\\\/#website\",\"url\":\"https:\\\/\\\/cornelliastudio.pl\\\/\",\"name\":\"Cornellia Studio\",\"description\":\"Bi\u017cuteria artystyczna, hand made\",\"publisher\":{\"@id\":\"https:\\\/\\\/cornelliastudio.pl\\\/#organization\"},\"potentialAction\":[{\"@type\":\"SearchAction\",\"target\":{\"@type\":\"EntryPoint\",\"urlTemplate\":\"https:\\\/\\\/cornelliastudio.pl\\\/?s={search_term_string}\"},\"query-input\":{\"@type\":\"PropertyValueSpecification\",\"valueRequired\":true,\"valueName\":\"search_term_string\"}}],\"inLanguage\":\"en-GB\"},{\"@type\":\"Organization\",\"@id\":\"https:\\\/\\\/cornelliastudio.pl\\\/#organization\",\"name\":\"Cornellia Studio\",\"url\":\"https:\\\/\\\/cornelliastudio.pl\\\/\",\"logo\":{\"@type\":\"ImageObject\",\"inLanguage\":\"en-GB\",\"@id\":\"https:\\\/\\\/cornelliastudio.pl\\\/#\\\/schema\\\/logo\\\/image\\\/\",\"url\":\"https:\\\/\\\/cornelliastudio.pl\\\/wp-content\\\/uploads\\\/2025\\\/10\\\/Cornellia-Studio-logo.png\",\"contentUrl\":\"https:\\\/\\\/cornelliastudio.pl\\\/wp-content\\\/uploads\\\/2025\\\/10\\\/Cornellia-Studio-logo.png\",\"width\":1563,\"height\":1563,\"caption\":\"Cornellia Studio\"},\"image\":{\"@id\":\"https:\\\/\\\/cornelliastudio.pl\\\/#\\\/schema\\\/logo\\\/image\\\/\"}}]}<\/script>\n<!-- \/ Yoast SEO plugin. -->","yoast_head_json":{"title":"brasnoletka z rodochrozytem| Srebro 925 | R\u0119cznie wykonana, artystyczna bi\u017cuteria z du\u017cym zapi\u0119ciem - Cornellia Studio","robots":{"index":"index","follow":"follow","max-snippet":"max-snippet:-1","max-image-preview":"max-image-preview:large","max-video-preview":"max-video-preview:-1"},"canonical":"https:\/\/cornelliastudio.pl\/en\/product\/bransoletka-z-rodonitu-srebro-925-recznie-wykonana-artystyczna-bransoletka-z-duzym-haczykiem\/","og_locale":"en_GB","og_type":"article","og_title":"brasnoletka z rodochrozytem| Srebro 925 | R\u0119cznie wykonana, artystyczna bi\u017cuteria z du\u017cym zapi\u0119ciem - Cornellia Studio","og_description":"Delikatna, r\u0119cznie wykonana bransoletka z naturalnego rodonitu i srebra 925. &nbsp;  Subtelne r\u00f3\u017cowe kamienie po\u0142\u0105czone z du\u017cym, artystycznym zapi\u0119ciem toggle tworz\u0105 wyj\u0105tkowy, elegancki dodatek dla kobiet ceni\u0105cych styl i unikatow\u0105 bi\u017cuteri\u0119. Idealna na co dzie\u0144 i na prezent.","og_url":"https:\/\/cornelliastudio.pl\/en\/product\/bransoletka-z-rodonitu-srebro-925-recznie-wykonana-artystyczna-bransoletka-z-duzym-haczykiem\/","og_site_name":"Cornellia Studio","article_modified_time":"2025-12-16T14:37:16+00:00","og_image":[{"width":1588,"height":1588,"url":"https:\/\/cornelliastudio.pl\/wp-content\/uploads\/2025\/11\/il_1588xN.7308653425_iyyo.webp","type":"image\/webp"}],"twitter_card":"summary_large_image","twitter_misc":{"Estimated reading time":"2 minutes"},"schema":{"@context":"https:\/\/schema.org","@graph":[{"@type":"WebPage","@id":"https:\/\/cornelliastudio.pl\/produkt\/bransoletka-z-rodonitu-srebro-925-recznie-wykonana-artystyczna-bransoletka-z-duzym-haczykiem\/","url":"https:\/\/cornelliastudio.pl\/produkt\/bransoletka-z-rodonitu-srebro-925-recznie-wykonana-artystyczna-bransoletka-z-duzym-haczykiem\/","name":"brasnoletka z rodochrozytem| Srebro 925 | R\u0119cznie wykonana, artystyczna bi\u017cuteria z du\u017cym zapi\u0119ciem - Cornellia Studio","isPartOf":{"@id":"https:\/\/cornelliastudio.pl\/#website"},"primaryImageOfPage":{"@id":"https:\/\/cornelliastudio.pl\/produkt\/bransoletka-z-rodonitu-srebro-925-recznie-wykonana-artystyczna-bransoletka-z-duzym-haczykiem\/#primaryimage"},"image":{"@id":"https:\/\/cornelliastudio.pl\/produkt\/bransoletka-z-rodonitu-srebro-925-recznie-wykonana-artystyczna-bransoletka-z-duzym-haczykiem\/#primaryimage"},"thumbnailUrl":"https:\/\/cornelliastudio.pl\/wp-content\/uploads\/2025\/11\/il_1588xN.7308653425_iyyo.webp","datePublished":"2025-11-25T17:00:18+00:00","dateModified":"2025-12-16T14:37:16+00:00","breadcrumb":{"@id":"https:\/\/cornelliastudio.pl\/produkt\/bransoletka-z-rodonitu-srebro-925-recznie-wykonana-artystyczna-bransoletka-z-duzym-haczykiem\/#breadcrumb"},"inLanguage":"en-GB","potentialAction":[{"@type":"ReadAction","target":["https:\/\/cornelliastudio.pl\/produkt\/bransoletka-z-rodonitu-srebro-925-recznie-wykonana-artystyczna-bransoletka-z-duzym-haczykiem\/"]}]},{"@type":"ImageObject","inLanguage":"en-GB","@id":"https:\/\/cornelliastudio.pl\/produkt\/bransoletka-z-rodonitu-srebro-925-recznie-wykonana-artystyczna-bransoletka-z-duzym-haczykiem\/#primaryimage","url":"https:\/\/cornelliastudio.pl\/wp-content\/uploads\/2025\/11\/il_1588xN.7308653425_iyyo.webp","contentUrl":"https:\/\/cornelliastudio.pl\/wp-content\/uploads\/2025\/11\/il_1588xN.7308653425_iyyo.webp","width":1588,"height":1588},{"@type":"BreadcrumbList","@id":"https:\/\/cornelliastudio.pl\/produkt\/bransoletka-z-rodonitu-srebro-925-recznie-wykonana-artystyczna-bransoletka-z-duzym-haczykiem\/#breadcrumb","itemListElement":[{"@type":"ListItem","position":1,"name":"Strona g\u0142\u00f3wna","item":"https:\/\/cornelliastudio.pl\/"},{"@type":"ListItem","position":2,"name":"Sklep","item":"https:\/\/cornelliastudio.pl\/sklep\/"},{"@type":"ListItem","position":3,"name":"brasnoletka z rodochrozytem| Srebro 925 | R\u0119cznie wykonana, artystyczna bi\u017cuteria z du\u017cym zapi\u0119ciem"}]},{"@type":"WebSite","@id":"https:\/\/cornelliastudio.pl\/#website","url":"https:\/\/cornelliastudio.pl\/","name":"Cornellia Studio","description":"Bi\u017cuteria artystyczna, hand made","publisher":{"@id":"https:\/\/cornelliastudio.pl\/#organization"},"potentialAction":[{"@type":"SearchAction","target":{"@type":"EntryPoint","urlTemplate":"https:\/\/cornelliastudio.pl\/?s={search_term_string}"},"query-input":{"@type":"PropertyValueSpecification","valueRequired":true,"valueName":"search_term_string"}}],"inLanguage":"en-GB"},{"@type":"Organization","@id":"https:\/\/cornelliastudio.pl\/#organization","name":"Cornellia Studio","url":"https:\/\/cornelliastudio.pl\/","logo":{"@type":"ImageObject","inLanguage":"en-GB","@id":"https:\/\/cornelliastudio.pl\/#\/schema\/logo\/image\/","url":"https:\/\/cornelliastudio.pl\/wp-content\/uploads\/2025\/10\/Cornellia-Studio-logo.png","contentUrl":"https:\/\/cornelliastudio.pl\/wp-content\/uploads\/2025\/10\/Cornellia-Studio-logo.png","width":1563,"height":1563,"caption":"Cornellia Studio"},"image":{"@id":"https:\/\/cornelliastudio.pl\/#\/schema\/logo\/image\/"}}]}},"uagb_featured_image_src":{"full":["https:\/\/cornelliastudio.pl\/wp-content\/uploads\/2025\/11\/il_1588xN.7308653425_iyyo.webp",1588,1588,false],"thumbnail":["https:\/\/cornelliastudio.pl\/wp-content\/uploads\/2025\/11\/il_1588xN.7308653425_iyyo-150x150.webp",150,150,true],"medium":["https:\/\/cornelliastudio.pl\/wp-content\/uploads\/2025\/11\/il_1588xN.7308653425_iyyo-300x300.webp",300,300,true],"medium_large":["https:\/\/cornelliastudio.pl\/wp-content\/uploads\/2025\/11\/il_1588xN.7308653425_iyyo-768x768.webp",768,768,true],"large":["https:\/\/cornelliastudio.pl\/wp-content\/uploads\/2025\/11\/il_1588xN.7308653425_iyyo-1024x1024.webp",1024,1024,true],"1536x1536":["https:\/\/cornelliastudio.pl\/wp-content\/uploads\/2025\/11\/il_1588xN.7308653425_iyyo-1536x1536.webp",1536,1536,true],"2048x2048":["https:\/\/cornelliastudio.pl\/wp-content\/uploads\/2025\/11\/il_1588xN.7308653425_iyyo.webp",1588,1588,false],"trp-custom-language-flag":["https:\/\/cornelliastudio.pl\/wp-content\/uploads\/2025\/11\/il_1588xN.7308653425_iyyo.webp",12,12,false],"woocommerce_thumbnail":["https:\/\/cornelliastudio.pl\/wp-content\/uploads\/2025\/11\/il_1588xN.7308653425_iyyo-300x300.webp",300,300,true],"woocommerce_single":["https:\/\/cornelliastudio.pl\/wp-content\/uploads\/2025\/11\/il_1588xN.7308653425_iyyo-600x600.webp",600,600,true],"woocommerce_gallery_thumbnail":["https:\/\/cornelliastudio.pl\/wp-content\/uploads\/2025\/11\/il_1588xN.7308653425_iyyo-100x100.webp",100,100,true]},"uagb_author_info":{"display_name":"Administrator","author_link":"https:\/\/cornelliastudio.pl\/en\/author\/"},"uagb_comment_info":0,"uagb_excerpt":"Delikatna, r\u0119cznie wykonana bransoletka z naturalnego rodonitu i srebra 925. &nbsp; Subtelne r\u00f3\u017cowe kamienie po\u0142\u0105czone z du\u017cym, artystycznym zapi\u0119ciem toggle tworz\u0105 wyj\u0105tkowy, elegancki dodatek dla kobiet ceni\u0105cych styl i unikatow\u0105 bi\u017cuteri\u0119. Idealna na co dzie\u0144 i na prezent.","_links":{"self":[{"href":"https:\/\/cornelliastudio.pl\/en\/wp-json\/wp\/v2\/product\/2063","targetHints":{"allow":["GET"]}}],"collection":[{"href":"https:\/\/cornelliastudio.pl\/en\/wp-json\/wp\/v2\/product"}],"about":[{"href":"https:\/\/cornelliastudio.pl\/en\/wp-json\/wp\/v2\/types\/product"}],"replies":[{"embeddable":true,"href":"https:\/\/cornelliastudio.pl\/en\/wp-json\/wp\/v2\/comments?post=2063"}],"wp:featuredmedia":[{"embeddable":true,"href":"https:\/\/cornelliastudio.pl\/en\/wp-json\/wp\/v2\/media\/2013"}],"wp:attachment":[{"href":"https:\/\/cornelliastudio.pl\/en\/wp-json\/wp\/v2\/media?parent=2063"}],"wp:term":[{"taxonomy":"product_brand","embeddable":true,"href":"https:\/\/cornelliastudio.pl\/en\/wp-json\/wp\/v2\/product_brand?post=2063"},{"taxonomy":"product_cat","embeddable":true,"href":"https:\/\/cornelliastudio.pl\/en\/wp-json\/wp\/v2\/product_cat?post=2063"},{"taxonomy":"product_tag","embeddable":true,"href":"https:\/\/cornelliastudio.pl\/en\/wp-json\/wp\/v2\/product_tag?post=2063"}],"curies":[{"name":"wp","href":"https:\/\/api.w.org\/{rel}","templated":true}]}}