{"id":2062,"date":"2025-11-25T18:00:17","date_gmt":"2025-11-25T17:00:17","guid":{"rendered":"https:\/\/cornelliastudio.pl\/produkt\/bransoletka-srebrna-925-turkus-afrykanski-i-koral\/"},"modified":"2025-12-16T11:53:39","modified_gmt":"2025-12-16T10:53:39","slug":"bransoletka-srebrna-925-turkus-afrykanski-i-koral","status":"publish","type":"product","link":"https:\/\/cornelliastudio.pl\/en\/product\/bransoletka-srebrna-925-turkus-afrykanski-i-koral\/","title":{"rendered":"925 Sterling Silver Bracelet \u2013 African Turquoise and Coral"},"content":{"rendered":"<h2 data-start=\"127\" data-end=\"211\"><strong data-start=\"131\" data-end=\"211\">African Turquoise and Coral Bracelet | 925 Sterling Silver | Handmade<\/strong><\/h2>\n<p>&nbsp;<\/p>\n<p data-start=\"213\" data-end=\"546\">This lightweight and elegant bracelet is handcrafted from natural African turquoise and vibrant red coral, complemented by refined 925 sterling silver elements. The fresh tones of turquoise combined with energetic red create jewelry that draws attention with its striking colors and artistic character.<\/p>\n<p data-start=\"548\" data-end=\"785\">Each stone is unique, making every bracelet one of a kind \u2014 perfect for women who love natural materials and distinctive accessories. Its lightweight design and adjustable length ensure all-day wearing comfort.<\/p>\n<hr data-start=\"787\" data-end=\"790\" \/>\n<h2 data-start=\"792\" data-end=\"819\"><strong data-start=\"796\" data-end=\"819\">Product details:\u00a0<\/strong><\/h2>\n<p>&nbsp;<\/p>\n<ul data-start=\"820\" data-end=\"1235\">\n<li data-start=\"820\" data-end=\"855\">\n<p data-start=\"822\" data-end=\"855\"><strong data-start=\"822\" data-end=\"844\">African Turquoise:<\/strong> ok. 3 mm<\/p>\n<\/li>\n<li data-start=\"856\" data-end=\"886\">\n<p data-start=\"858\" data-end=\"886\"><strong data-start=\"858\" data-end=\"875\">Coral \u2013 tube:<\/strong> approx. 5 \u00d7 3 mm<\/p>\n<\/li>\n<li data-start=\"921\" data-end=\"959\">\n<p data-start=\"923\" data-end=\"959\"><strong data-start=\"923\" data-end=\"951\">Silver element \u2013 ring:<\/strong> 12 mm<\/p>\n<\/li>\n<li data-start=\"960\" data-end=\"996\">\n<p data-start=\"962\" data-end=\"996\"><strong data-start=\"962\" data-end=\"989\">Silver element \u2013 disc:<\/strong> 6 mm<\/p>\n<\/li>\n<li data-start=\"997\" data-end=\"1048\">\n<p data-start=\"999\" data-end=\"1048\"><strong data-start=\"999\" data-end=\"1023\">Bracelet length:<\/strong> 17 cm + 1 cm extension<\/p>\n<\/li>\n<li data-start=\"1049\" data-end=\"1114\">\n<p data-start=\"1051\" data-end=\"1114\"><strong data-start=\"1051\" data-end=\"1065\">Materials:<\/strong> African turquoise, natural coral, 925 sterling silver<\/p>\n<\/li>\n<li data-start=\"1115\" data-end=\"1170\">\n<p data-start=\"1117\" data-end=\"1170\"><strong data-start=\"1117\" data-end=\"1126\">Style:<\/strong> minimalist, colorful, boho, handmade<\/p>\n<\/li>\n<li data-start=\"1171\" data-end=\"1235\">\n<p data-start=\"1173\" data-end=\"1235\"><strong data-start=\"1173\" data-end=\"1183\">Features:<\/strong> lightweight, comfortable, one of a kind, nickel-free<\/p>\n<\/li>\n<\/ul>\n<hr data-start=\"1237\" data-end=\"1240\" \/>\n<h2 data-start=\"1242\" data-end=\"1275\"><strong data-start=\"1246\" data-end=\"1275\">Perfect as a gift for:<\/strong><\/h2>\n<p>&nbsp;<\/p>\n<ul data-start=\"1276\" data-end=\"1445\">\n<li data-start=\"1276\" data-end=\"1308\">\n<p data-start=\"1278\" data-end=\"1308\">her, girlfriend, wife, mom<\/p>\n<\/li>\n<li data-start=\"1309\" data-end=\"1344\">\n<p data-start=\"1311\" data-end=\"1344\">lovers of natural gemstones.<\/p>\n<\/li>\n<li data-start=\"1345\" data-end=\"1399\">\n<p data-start=\"1347\" data-end=\"1399\">women who love colorful, artistic jewelry<\/p>\n<\/li>\n<li data-start=\"1400\" data-end=\"1445\">\n<p data-start=\"1402\" data-end=\"1445\">birthday, anniversary, holiday, or Valentine\u2019s Day gift<\/p>\n<\/li>\n<\/ul>","protected":false},"excerpt":{"rendered":"<h2 data-start=\"44\" data-end=\"352\"><strong>925 Sterling Silver Bracelet \u2013 African Turquoise and Coral\u00a0<\/strong><\/h2>\n<p>&nbsp;<\/p>\n<p data-start=\"44\" data-end=\"352\">A lightweight, handmade bracelet crafted from natural African turquoise (3 mm) and red coral (4\u20138 mm), finished with 925 sterling silver elements. A colorful, energetic combination that adds character to any outfit. Length: 18 cm + 1 cm extension \u2014 for a comfortable fit and a unique, everyday look.<\/p>","protected":false},"featured_media":2273,"comment_status":"open","ping_status":"closed","template":"","meta":{"_uag_custom_page_level_css":"","site-sidebar-layout":"default","site-content-layout":"","ast-site-content-layout":"default","site-content-style":"default","site-sidebar-style":"default","ast-global-header-display":"","ast-banner-title-visibility":"","ast-main-header-display":"","ast-hfb-above-header-display":"","ast-hfb-below-header-display":"","ast-hfb-mobile-header-display":"","site-post-title":"","ast-breadcrumbs-content":"","ast-featured-img":"","footer-sml-layout":"","ast-disable-related-posts":"","theme-transparent-header-meta":"default","adv-header-id-meta":"","stick-header-meta":"","header-above-stick-meta":"","header-main-stick-meta":"","header-below-stick-meta":"","astra-migrate-meta-layouts":"set","ast-page-background-enabled":"default","ast-page-background-meta":{"desktop":{"background-color":"var(--ast-global-color-4)","background-image":"","background-repeat":"repeat","background-position":"center center","background-size":"auto","background-attachment":"scroll","background-type":"","background-media":"","overlay-type":"","overlay-color":"","overlay-opacity":"","overlay-gradient":""},"tablet":{"background-color":"","background-image":"","background-repeat":"repeat","background-position":"center center","background-size":"auto","background-attachment":"scroll","background-type":"","background-media":"","overlay-type":"","overlay-color":"","overlay-opacity":"","overlay-gradient":""},"mobile":{"background-color":"","background-image":"","background-repeat":"repeat","background-position":"center center","background-size":"auto","background-attachment":"scroll","background-type":"","background-media":"","overlay-type":"","overlay-color":"","overlay-opacity":"","overlay-gradient":""}},"ast-content-background-meta":{"desktop":{"background-color":"var(--ast-global-color-5)","background-image":"","background-repeat":"repeat","background-position":"center center","background-size":"auto","background-attachment":"scroll","background-type":"","background-media":"","overlay-type":"","overlay-color":"","overlay-opacity":"","overlay-gradient":""},"tablet":{"background-color":"var(--ast-global-color-5)","background-image":"","background-repeat":"repeat","background-position":"center center","background-size":"auto","background-attachment":"scroll","background-type":"","background-media":"","overlay-type":"","overlay-color":"","overlay-opacity":"","overlay-gradient":""},"mobile":{"background-color":"var(--ast-global-color-5)","background-image":"","background-repeat":"repeat","background-position":"center center","background-size":"auto","background-attachment":"scroll","background-type":"","background-media":"","overlay-type":"","overlay-color":"","overlay-opacity":"","overlay-gradient":""}}},"product_brand":[201],"product_cat":[30,29,31],"product_tag":[92,158,125,58,55,157,94,99,85],"class_list":{"0":"post-2062","1":"product","2":"type-product","3":"status-publish","4":"has-post-thumbnail","6":"product_brand-cornellia-studio","7":"product_cat-bestsellery","8":"product_cat-bransoletki","9":"product_cat-nowosci","10":"product_tag-boho_bracelet","11":"product_tag-colorful_bracelet","12":"product_tag-colourful_bracelet","13":"product_tag-gemstone_jewelry","14":"product_tag-gift_for_her","15":"product_tag-red_coral_bracelet","16":"product_tag-silver_bracelet","17":"product_tag-turquoise_bracelet","18":"product_tag-unique_jewelry","19":"pa_dlugosc-bransoletki-15cm","20":"pa_dlugosc-bransoletki-17-cm","21":"pa_dlugosc-bransoletki-19-cm","22":"pa_dlugosc-bransoletki-21-cm","23":"desktop-align-left","24":"tablet-align-left","25":"mobile-align-left","27":"first","28":"instock","29":"taxable","30":"shipping-taxable","31":"purchasable","32":"product-type-variable"},"yoast_head":"<!-- This site is optimized with the Yoast SEO plugin v27.4 - https:\/\/yoast.com\/product\/yoast-seo-wordpress\/ -->\n<title>Bransoletka srebrna 925 \u2013 turkus afryka\u0144ski i koral - Cornellia Studio<\/title>\n<meta name=\"robots\" content=\"index, follow, max-snippet:-1, max-image-preview:large, max-video-preview:-1\" \/>\n<link rel=\"canonical\" href=\"https:\/\/cornelliastudio.pl\/en\/product\/bransoletka-srebrna-925-turkus-afrykanski-i-koral\/\" \/>\n<meta property=\"og:locale\" content=\"en_GB\" \/>\n<meta property=\"og:type\" content=\"article\" \/>\n<meta property=\"og:title\" content=\"Bransoletka srebrna 925 \u2013 turkus afryka\u0144ski i koral - Cornellia Studio\" \/>\n<meta property=\"og:description\" content=\"Bransoletka srebrna 925 \u2013 turkus afryka\u0144ski i koral\u00a0 &nbsp; Lekka, r\u0119cznie wykonana bransoletka z naturalnego turkusu afryka\u0144skiego (3 mm) i czerwonego koralu (4\u20138 mm), wyko\u0144czona elementami ze srebra 925. Kolorowe, energetyczne po\u0142\u0105czenie, kt\u00f3re dodaje charakteru ka\u017cdej stylizacji. D\u0142ugo\u015b\u0107 18 cm + 1 cm regulacji \u2014 wygodne dopasowanie i unikatowy wygl\u0105d na co dzie\u0144.\" \/>\n<meta property=\"og:url\" content=\"https:\/\/cornelliastudio.pl\/en\/product\/bransoletka-srebrna-925-turkus-afrykanski-i-koral\/\" \/>\n<meta property=\"og:site_name\" content=\"Cornellia Studio\" \/>\n<meta property=\"article:modified_time\" content=\"2025-12-16T10:53:39+00:00\" \/>\n<meta property=\"og:image\" content=\"https:\/\/cornelliastudio.pl\/wp-content\/uploads\/2025\/11\/20250417_183546-scaled.jpg\" \/>\n\t<meta property=\"og:image:width\" content=\"2560\" \/>\n\t<meta property=\"og:image:height\" content=\"2560\" \/>\n\t<meta property=\"og:image:type\" content=\"image\/jpeg\" \/>\n<meta name=\"twitter:card\" content=\"summary_large_image\" \/>\n<meta name=\"twitter:label1\" content=\"Estimated reading time\" \/>\n\t<meta name=\"twitter:data1\" content=\"2 minutes\" \/>\n<script type=\"application\/ld+json\" class=\"yoast-schema-graph\">{\"@context\":\"https:\\\/\\\/schema.org\",\"@graph\":[{\"@type\":\"WebPage\",\"@id\":\"https:\\\/\\\/cornelliastudio.pl\\\/produkt\\\/bransoletka-srebrna-925-turkus-afrykanski-i-koral\\\/\",\"url\":\"https:\\\/\\\/cornelliastudio.pl\\\/produkt\\\/bransoletka-srebrna-925-turkus-afrykanski-i-koral\\\/\",\"name\":\"Bransoletka srebrna 925 \u2013 turkus afryka\u0144ski i koral - Cornellia Studio\",\"isPartOf\":{\"@id\":\"https:\\\/\\\/cornelliastudio.pl\\\/#website\"},\"primaryImageOfPage\":{\"@id\":\"https:\\\/\\\/cornelliastudio.pl\\\/produkt\\\/bransoletka-srebrna-925-turkus-afrykanski-i-koral\\\/#primaryimage\"},\"image\":{\"@id\":\"https:\\\/\\\/cornelliastudio.pl\\\/produkt\\\/bransoletka-srebrna-925-turkus-afrykanski-i-koral\\\/#primaryimage\"},\"thumbnailUrl\":\"https:\\\/\\\/cornelliastudio.pl\\\/wp-content\\\/uploads\\\/2025\\\/11\\\/20250417_183546-scaled.jpg\",\"datePublished\":\"2025-11-25T17:00:17+00:00\",\"dateModified\":\"2025-12-16T10:53:39+00:00\",\"breadcrumb\":{\"@id\":\"https:\\\/\\\/cornelliastudio.pl\\\/produkt\\\/bransoletka-srebrna-925-turkus-afrykanski-i-koral\\\/#breadcrumb\"},\"inLanguage\":\"en-GB\",\"potentialAction\":[{\"@type\":\"ReadAction\",\"target\":[\"https:\\\/\\\/cornelliastudio.pl\\\/produkt\\\/bransoletka-srebrna-925-turkus-afrykanski-i-koral\\\/\"]}]},{\"@type\":\"ImageObject\",\"inLanguage\":\"en-GB\",\"@id\":\"https:\\\/\\\/cornelliastudio.pl\\\/produkt\\\/bransoletka-srebrna-925-turkus-afrykanski-i-koral\\\/#primaryimage\",\"url\":\"https:\\\/\\\/cornelliastudio.pl\\\/wp-content\\\/uploads\\\/2025\\\/11\\\/20250417_183546-scaled.jpg\",\"contentUrl\":\"https:\\\/\\\/cornelliastudio.pl\\\/wp-content\\\/uploads\\\/2025\\\/11\\\/20250417_183546-scaled.jpg\",\"width\":2560,\"height\":2560},{\"@type\":\"BreadcrumbList\",\"@id\":\"https:\\\/\\\/cornelliastudio.pl\\\/produkt\\\/bransoletka-srebrna-925-turkus-afrykanski-i-koral\\\/#breadcrumb\",\"itemListElement\":[{\"@type\":\"ListItem\",\"position\":1,\"name\":\"Strona g\u0142\u00f3wna\",\"item\":\"https:\\\/\\\/cornelliastudio.pl\\\/\"},{\"@type\":\"ListItem\",\"position\":2,\"name\":\"Sklep\",\"item\":\"https:\\\/\\\/cornelliastudio.pl\\\/sklep\\\/\"},{\"@type\":\"ListItem\",\"position\":3,\"name\":\"Bransoletka srebrna 925 \u2013 turkus afryka\u0144ski i koral\"}]},{\"@type\":\"WebSite\",\"@id\":\"https:\\\/\\\/cornelliastudio.pl\\\/#website\",\"url\":\"https:\\\/\\\/cornelliastudio.pl\\\/\",\"name\":\"Cornellia Studio\",\"description\":\"Bi\u017cuteria artystyczna, hand made\",\"publisher\":{\"@id\":\"https:\\\/\\\/cornelliastudio.pl\\\/#organization\"},\"potentialAction\":[{\"@type\":\"SearchAction\",\"target\":{\"@type\":\"EntryPoint\",\"urlTemplate\":\"https:\\\/\\\/cornelliastudio.pl\\\/?s={search_term_string}\"},\"query-input\":{\"@type\":\"PropertyValueSpecification\",\"valueRequired\":true,\"valueName\":\"search_term_string\"}}],\"inLanguage\":\"en-GB\"},{\"@type\":\"Organization\",\"@id\":\"https:\\\/\\\/cornelliastudio.pl\\\/#organization\",\"name\":\"Cornellia Studio\",\"url\":\"https:\\\/\\\/cornelliastudio.pl\\\/\",\"logo\":{\"@type\":\"ImageObject\",\"inLanguage\":\"en-GB\",\"@id\":\"https:\\\/\\\/cornelliastudio.pl\\\/#\\\/schema\\\/logo\\\/image\\\/\",\"url\":\"https:\\\/\\\/cornelliastudio.pl\\\/wp-content\\\/uploads\\\/2025\\\/10\\\/Cornellia-Studio-logo.png\",\"contentUrl\":\"https:\\\/\\\/cornelliastudio.pl\\\/wp-content\\\/uploads\\\/2025\\\/10\\\/Cornellia-Studio-logo.png\",\"width\":1563,\"height\":1563,\"caption\":\"Cornellia Studio\"},\"image\":{\"@id\":\"https:\\\/\\\/cornelliastudio.pl\\\/#\\\/schema\\\/logo\\\/image\\\/\"}}]}<\/script>\n<!-- \/ Yoast SEO plugin. -->","yoast_head_json":{"title":"Bransoletka srebrna 925 \u2013 turkus afryka\u0144ski i koral - Cornellia Studio","robots":{"index":"index","follow":"follow","max-snippet":"max-snippet:-1","max-image-preview":"max-image-preview:large","max-video-preview":"max-video-preview:-1"},"canonical":"https:\/\/cornelliastudio.pl\/en\/product\/bransoletka-srebrna-925-turkus-afrykanski-i-koral\/","og_locale":"en_GB","og_type":"article","og_title":"Bransoletka srebrna 925 \u2013 turkus afryka\u0144ski i koral - Cornellia Studio","og_description":"Bransoletka srebrna 925 \u2013 turkus afryka\u0144ski i koral\u00a0 &nbsp; Lekka, r\u0119cznie wykonana bransoletka z naturalnego turkusu afryka\u0144skiego (3 mm) i czerwonego koralu (4\u20138 mm), wyko\u0144czona elementami ze srebra 925. Kolorowe, energetyczne po\u0142\u0105czenie, kt\u00f3re dodaje charakteru ka\u017cdej stylizacji. D\u0142ugo\u015b\u0107 18 cm + 1 cm regulacji \u2014 wygodne dopasowanie i unikatowy wygl\u0105d na co dzie\u0144.","og_url":"https:\/\/cornelliastudio.pl\/en\/product\/bransoletka-srebrna-925-turkus-afrykanski-i-koral\/","og_site_name":"Cornellia Studio","article_modified_time":"2025-12-16T10:53:39+00:00","og_image":[{"width":2560,"height":2560,"url":"https:\/\/cornelliastudio.pl\/wp-content\/uploads\/2025\/11\/20250417_183546-scaled.jpg","type":"image\/jpeg"}],"twitter_card":"summary_large_image","twitter_misc":{"Estimated reading time":"2 minutes"},"schema":{"@context":"https:\/\/schema.org","@graph":[{"@type":"WebPage","@id":"https:\/\/cornelliastudio.pl\/produkt\/bransoletka-srebrna-925-turkus-afrykanski-i-koral\/","url":"https:\/\/cornelliastudio.pl\/produkt\/bransoletka-srebrna-925-turkus-afrykanski-i-koral\/","name":"Bransoletka srebrna 925 \u2013 turkus afryka\u0144ski i koral - Cornellia Studio","isPartOf":{"@id":"https:\/\/cornelliastudio.pl\/#website"},"primaryImageOfPage":{"@id":"https:\/\/cornelliastudio.pl\/produkt\/bransoletka-srebrna-925-turkus-afrykanski-i-koral\/#primaryimage"},"image":{"@id":"https:\/\/cornelliastudio.pl\/produkt\/bransoletka-srebrna-925-turkus-afrykanski-i-koral\/#primaryimage"},"thumbnailUrl":"https:\/\/cornelliastudio.pl\/wp-content\/uploads\/2025\/11\/20250417_183546-scaled.jpg","datePublished":"2025-11-25T17:00:17+00:00","dateModified":"2025-12-16T10:53:39+00:00","breadcrumb":{"@id":"https:\/\/cornelliastudio.pl\/produkt\/bransoletka-srebrna-925-turkus-afrykanski-i-koral\/#breadcrumb"},"inLanguage":"en-GB","potentialAction":[{"@type":"ReadAction","target":["https:\/\/cornelliastudio.pl\/produkt\/bransoletka-srebrna-925-turkus-afrykanski-i-koral\/"]}]},{"@type":"ImageObject","inLanguage":"en-GB","@id":"https:\/\/cornelliastudio.pl\/produkt\/bransoletka-srebrna-925-turkus-afrykanski-i-koral\/#primaryimage","url":"https:\/\/cornelliastudio.pl\/wp-content\/uploads\/2025\/11\/20250417_183546-scaled.jpg","contentUrl":"https:\/\/cornelliastudio.pl\/wp-content\/uploads\/2025\/11\/20250417_183546-scaled.jpg","width":2560,"height":2560},{"@type":"BreadcrumbList","@id":"https:\/\/cornelliastudio.pl\/produkt\/bransoletka-srebrna-925-turkus-afrykanski-i-koral\/#breadcrumb","itemListElement":[{"@type":"ListItem","position":1,"name":"Strona g\u0142\u00f3wna","item":"https:\/\/cornelliastudio.pl\/"},{"@type":"ListItem","position":2,"name":"Sklep","item":"https:\/\/cornelliastudio.pl\/sklep\/"},{"@type":"ListItem","position":3,"name":"Bransoletka srebrna 925 \u2013 turkus afryka\u0144ski i koral"}]},{"@type":"WebSite","@id":"https:\/\/cornelliastudio.pl\/#website","url":"https:\/\/cornelliastudio.pl\/","name":"Cornellia Studio","description":"Bi\u017cuteria artystyczna, hand made","publisher":{"@id":"https:\/\/cornelliastudio.pl\/#organization"},"potentialAction":[{"@type":"SearchAction","target":{"@type":"EntryPoint","urlTemplate":"https:\/\/cornelliastudio.pl\/?s={search_term_string}"},"query-input":{"@type":"PropertyValueSpecification","valueRequired":true,"valueName":"search_term_string"}}],"inLanguage":"en-GB"},{"@type":"Organization","@id":"https:\/\/cornelliastudio.pl\/#organization","name":"Cornellia Studio","url":"https:\/\/cornelliastudio.pl\/","logo":{"@type":"ImageObject","inLanguage":"en-GB","@id":"https:\/\/cornelliastudio.pl\/#\/schema\/logo\/image\/","url":"https:\/\/cornelliastudio.pl\/wp-content\/uploads\/2025\/10\/Cornellia-Studio-logo.png","contentUrl":"https:\/\/cornelliastudio.pl\/wp-content\/uploads\/2025\/10\/Cornellia-Studio-logo.png","width":1563,"height":1563,"caption":"Cornellia Studio"},"image":{"@id":"https:\/\/cornelliastudio.pl\/#\/schema\/logo\/image\/"}}]}},"uagb_featured_image_src":{"full":["https:\/\/cornelliastudio.pl\/wp-content\/uploads\/2025\/11\/20250417_183546-scaled.jpg",2560,2560,false],"thumbnail":["https:\/\/cornelliastudio.pl\/wp-content\/uploads\/2025\/11\/20250417_183546-150x150.jpg",150,150,true],"medium":["https:\/\/cornelliastudio.pl\/wp-content\/uploads\/2025\/11\/20250417_183546-300x300.jpg",300,300,true],"medium_large":["https:\/\/cornelliastudio.pl\/wp-content\/uploads\/2025\/11\/20250417_183546-768x768.jpg",768,768,true],"large":["https:\/\/cornelliastudio.pl\/wp-content\/uploads\/2025\/11\/20250417_183546-1024x1024.jpg",1024,1024,true],"1536x1536":["https:\/\/cornelliastudio.pl\/wp-content\/uploads\/2025\/11\/20250417_183546-1536x1536.jpg",1536,1536,true],"2048x2048":["https:\/\/cornelliastudio.pl\/wp-content\/uploads\/2025\/11\/20250417_183546-2048x2048.jpg",2048,2048,true],"trp-custom-language-flag":["https:\/\/cornelliastudio.pl\/wp-content\/uploads\/2025\/11\/20250417_183546-scaled.jpg",12,12,false],"woocommerce_thumbnail":["https:\/\/cornelliastudio.pl\/wp-content\/uploads\/2025\/11\/20250417_183546-300x300.jpg",300,300,true],"woocommerce_single":["https:\/\/cornelliastudio.pl\/wp-content\/uploads\/2025\/11\/20250417_183546-600x600.jpg",600,600,true],"woocommerce_gallery_thumbnail":["https:\/\/cornelliastudio.pl\/wp-content\/uploads\/2025\/11\/20250417_183546-100x100.jpg",100,100,true]},"uagb_author_info":{"display_name":"Administrator","author_link":"https:\/\/cornelliastudio.pl\/en\/author\/"},"uagb_comment_info":0,"uagb_excerpt":"Bransoletka srebrna 925 \u2013 turkus afryka\u0144ski i koral\u00a0 &nbsp; Lekka, r\u0119cznie wykonana bransoletka z naturalnego turkusu afryka\u0144skiego (3 mm) i czerwonego koralu (4\u20138 mm), wyko\u0144czona elementami ze srebra 925. Kolorowe, energetyczne po\u0142\u0105czenie, kt\u00f3re dodaje charakteru ka\u017cdej stylizacji. D\u0142ugo\u015b\u0107 18 cm + 1 cm regulacji \u2014 wygodne dopasowanie i unikatowy wygl\u0105d na co dzie\u0144.","_links":{"self":[{"href":"https:\/\/cornelliastudio.pl\/en\/wp-json\/wp\/v2\/product\/2062","targetHints":{"allow":["GET"]}}],"collection":[{"href":"https:\/\/cornelliastudio.pl\/en\/wp-json\/wp\/v2\/product"}],"about":[{"href":"https:\/\/cornelliastudio.pl\/en\/wp-json\/wp\/v2\/types\/product"}],"replies":[{"embeddable":true,"href":"https:\/\/cornelliastudio.pl\/en\/wp-json\/wp\/v2\/comments?post=2062"}],"wp:featuredmedia":[{"embeddable":true,"href":"https:\/\/cornelliastudio.pl\/en\/wp-json\/wp\/v2\/media\/2273"}],"wp:attachment":[{"href":"https:\/\/cornelliastudio.pl\/en\/wp-json\/wp\/v2\/media?parent=2062"}],"wp:term":[{"taxonomy":"product_brand","embeddable":true,"href":"https:\/\/cornelliastudio.pl\/en\/wp-json\/wp\/v2\/product_brand?post=2062"},{"taxonomy":"product_cat","embeddable":true,"href":"https:\/\/cornelliastudio.pl\/en\/wp-json\/wp\/v2\/product_cat?post=2062"},{"taxonomy":"product_tag","embeddable":true,"href":"https:\/\/cornelliastudio.pl\/en\/wp-json\/wp\/v2\/product_tag?post=2062"}],"curies":[{"name":"wp","href":"https:\/\/api.w.org\/{rel}","templated":true}]}}