{"id":2058,"date":"2025-11-25T18:00:13","date_gmt":"2025-11-25T17:00:13","guid":{"rendered":"https:\/\/cornelliastudio.pl\/produkt\/minimalistyczny-naszyjnik-z-larimarem-srebro-proby-925-unikalna-bizuteria-handmade\/"},"modified":"2026-01-31T09:20:59","modified_gmt":"2026-01-31T08:20:59","slug":"minimalistyczny-naszyjnik-z-larimarem-srebro-proby-925-unikalna-bizuteria-handmade","status":"publish","type":"product","link":"https:\/\/cornelliastudio.pl\/en\/product\/minimalistyczny-naszyjnik-z-larimarem-srebro-proby-925-unikalna-bizuteria-handmade\/","title":{"rendered":"Minimalist Larimar Necklace \u2013 925 Sterling Silver, Unique Handmade Jewelry"},"content":{"rendered":"<h2 data-start=\"144\" data-end=\"197\"><strong data-start=\"146\" data-end=\"195\">Necklace with Natural Larimar \u2013 925 Sterling Silver<\/strong><\/h2>\n<p>&nbsp;<\/p>\n<p data-start=\"198\" data-end=\"256\">Unique jewelry with a rare stone from the Dominican Republic<\/p>\n<p data-start=\"258\" data-end=\"533\">Immerse yourself in the energy of the ocean with this unique necklace featuring <strong data-start=\"325\" data-end=\"349\">natural larimar<\/strong>hand-set in 925 sterling silver. This piece of jewelry combines delicacy with a unique strength \u2013 perfect for those who wish to highlight their femininity, calm, and inner harmony.<\/p>\n<h2 data-start=\"535\" data-end=\"579\"><strong data-start=\"542\" data-end=\"577\">Unique gemstone: 18 mm larimar\u00a0<\/strong><\/h2>\n<p>&nbsp;<\/p>\n<p data-start=\"580\" data-end=\"914\">The centerpiece of the necklace is a beautiful <strong data-start=\"622\" data-end=\"659\">a round cabochon with a diameter of 18 mm<\/strong>, starannie wyselekcjonowany pod k\u0105tem barwy i jako\u015bci. Naturalne przej\u015bcia kolor\u00f3w \u2013 od delikatnego b\u0142\u0119kitu po g\u0142\u0119bokie turkusy \u2013 tworz\u0105 niepowtarzalny wz\u00f3r, charakterystyczny tylko dla larimaru.<br data-start=\"855\" data-end=\"858\" \/><strong data-start=\"858\" data-end=\"914\">Not dyed, not enhanced \u2013 100% natural stone.<\/strong><\/p>\n<h2 data-start=\"916\" data-end=\"945\"><strong data-start=\"923\" data-end=\"943\">Handmade \/ Handcrafted<\/strong><\/h2>\n<p>&nbsp;<\/p>\n<p data-start=\"946\" data-end=\"1134\">Each piece is created individually \u2013 precisely set in smooth, minimalist 925 sterling silver. The back of the setting is <strong data-start=\"1063\" data-end=\"1074\">open<\/strong>allowing the stone to touch the skin and share its energy.<\/p>\n<h2 data-start=\"1136\" data-end=\"1167\"><strong data-start=\"1143\" data-end=\"1165\">Product details:<\/strong><\/h2>\n<p>&nbsp;<\/p>\n<ul data-start=\"1168\" data-end=\"1315\">\n<li data-start=\"1168\" data-end=\"1199\">\n<p data-start=\"1170\" data-end=\"1199\"><strong data-start=\"1170\" data-end=\"1191\">Gemstone size:<\/strong> 18 mm<\/p>\n<\/li>\n<li data-start=\"1200\" data-end=\"1245\">\n<p data-start=\"1202\" data-end=\"1245\"><strong data-start=\"1202\" data-end=\"1235\">Total necklace length:<\/strong> 46 cm<\/p>\n<\/li>\n<li data-start=\"1246\" data-end=\"1315\">\n<p data-start=\"1248\" data-end=\"1315\">Perfect for everyday wear \u2013 comfortable, subtle, and full of shine.<\/p>\n<\/li>\n<\/ul>\n<h2 data-start=\"1317\" data-end=\"1371\"><strong data-start=\"1324\" data-end=\"1369\">The Power of Larimar \u2013 the Stone of Calm and Balance\u00a0<\/strong><\/h2>\n<p>&nbsp;<\/p>\n<p data-start=\"1372\" data-end=\"1431\">Larimar is a stone that has been associated for centuries with:<\/p>\n<ul data-start=\"1432\" data-end=\"1609\">\n<li data-start=\"1432\" data-end=\"1463\">\n<p data-start=\"1434\" data-end=\"1463\">\u2022 stress and tension reduction,<\/p>\n<\/li>\n<li data-start=\"1464\" data-end=\"1512\">\n<p data-start=\"1466\" data-end=\"1512\">supporting inner calm and harmony,<\/p>\n<\/li>\n<li data-start=\"1513\" data-end=\"1556\">\n<p data-start=\"1515\" data-end=\"1556\">enhancing intuition and mental clarity,<\/p>\n<\/li>\n<li data-start=\"1557\" data-end=\"1609\">\n<p data-start=\"1559\" data-end=\"1609\">calming emotions and supporting the throat chakra.<\/p>\n<\/li>\n<\/ul>\n<p data-start=\"1611\" data-end=\"1746\">The energy of larimar is gentle yet noticeable \u2013 perfect for women who want to wear jewelry that is not only beautiful but also supportive.<\/p>\n<h2 data-start=\"1748\" data-end=\"1781\"><strong data-start=\"1755\" data-end=\"1779\">Perfect as a gift<\/strong><\/h2>\n<p>&nbsp;<\/p>\n<p data-start=\"1782\" data-end=\"1822\">This necklace will be an ideal choice for:<\/p>\n<ul data-start=\"1823\" data-end=\"1960\">\n<li data-start=\"1823\" data-end=\"1859\">\n<p data-start=\"1825\" data-end=\"1859\">\u2022 lovers of natural gemstones,<\/p>\n<\/li>\n<li data-start=\"1860\" data-end=\"1904\">\n<p data-start=\"1862\" data-end=\"1904\">\u2022 women who value minimalism and elegance,<\/p>\n<\/li>\n<li data-start=\"1905\" data-end=\"1960\">\n<p data-start=\"1907\" data-end=\"1960\">\u2022 those seeking jewelry with deeper meaning.<\/p>\n<\/li>\n<\/ul>","protected":false},"excerpt":{"rendered":"<h2 data-start=\"53\" data-end=\"95\"><strong data-start=\"55\" data-end=\"93\">Larimar Necklace \u2013 925 Sterling Silver<\/strong><\/h2>\n<p>&nbsp;<\/p>\n<p data-start=\"96\" data-end=\"362\">Elegant necklace with a natural larimar, hand-set in 925 sterling silver. The main focal point is <strong data-start=\"197\" data-end=\"223\">an 18 mm round cabochon<\/strong>whose blue hues resemble the colors of the ocean. The back of the setting remains open, allowing the stone to touch the skin and share its energy.<\/p>\n<p data-start=\"364\" data-end=\"546\">The total length of the necklace is <strong data-start=\"396\" data-end=\"407\">46 cm<\/strong> \u2013 perfect for everyday wear. Larimar is known as a stone of calm and harmony, believed to support stress relief and emotional balance.<\/p>\n<p data-start=\"548\" data-end=\"687\">Delicate, minimalist, and full of unique energy \u2013 a perfect gift for someone who appreciates natural gemstones and handmade jewelry.<\/p>","protected":false},"featured_media":2292,"comment_status":"open","ping_status":"closed","template":"","meta":{"_uag_custom_page_level_css":"","site-sidebar-layout":"default","site-content-layout":"","ast-site-content-layout":"default","site-content-style":"default","site-sidebar-style":"default","ast-global-header-display":"","ast-banner-title-visibility":"","ast-main-header-display":"","ast-hfb-above-header-display":"","ast-hfb-below-header-display":"","ast-hfb-mobile-header-display":"","site-post-title":"","ast-breadcrumbs-content":"","ast-featured-img":"","footer-sml-layout":"","ast-disable-related-posts":"","theme-transparent-header-meta":"default","adv-header-id-meta":"","stick-header-meta":"","header-above-stick-meta":"","header-main-stick-meta":"","header-below-stick-meta":"","astra-migrate-meta-layouts":"set","ast-page-background-enabled":"default","ast-page-background-meta":{"desktop":{"background-color":"var(--ast-global-color-4)","background-image":"","background-repeat":"repeat","background-position":"center center","background-size":"auto","background-attachment":"scroll","background-type":"","background-media":"","overlay-type":"","overlay-color":"","overlay-opacity":"","overlay-gradient":""},"tablet":{"background-color":"","background-image":"","background-repeat":"repeat","background-position":"center center","background-size":"auto","background-attachment":"scroll","background-type":"","background-media":"","overlay-type":"","overlay-color":"","overlay-opacity":"","overlay-gradient":""},"mobile":{"background-color":"","background-image":"","background-repeat":"repeat","background-position":"center center","background-size":"auto","background-attachment":"scroll","background-type":"","background-media":"","overlay-type":"","overlay-color":"","overlay-opacity":"","overlay-gradient":""}},"ast-content-background-meta":{"desktop":{"background-color":"var(--ast-global-color-5)","background-image":"","background-repeat":"repeat","background-position":"center center","background-size":"auto","background-attachment":"scroll","background-type":"","background-media":"","overlay-type":"","overlay-color":"","overlay-opacity":"","overlay-gradient":""},"tablet":{"background-color":"var(--ast-global-color-5)","background-image":"","background-repeat":"repeat","background-position":"center center","background-size":"auto","background-attachment":"scroll","background-type":"","background-media":"","overlay-type":"","overlay-color":"","overlay-opacity":"","overlay-gradient":""},"mobile":{"background-color":"var(--ast-global-color-5)","background-image":"","background-repeat":"repeat","background-position":"center center","background-size":"auto","background-attachment":"scroll","background-type":"","background-media":"","overlay-type":"","overlay-color":"","overlay-opacity":"","overlay-gradient":""}}},"product_brand":[201],"product_cat":[30,38,31],"product_tag":[318,317,310,292,313,312,316,307,311,276,290,309,306,308,187,314,315,262,215],"class_list":{"0":"post-2058","1":"product","2":"type-product","3":"status-publish","4":"has-post-thumbnail","6":"product_brand-cornellia-studio","7":"product_cat-bestsellery","8":"product_cat-naszyjniki-pendants","9":"product_cat-nowosci","10":"product_tag-amulet-z-larimarem","11":"product_tag-bizuteria-naturalna","12":"product_tag-bizuteria-z-kamieniami","13":"product_tag-delikatny-naszyjnik","14":"product_tag-handmade-naszyjnik","15":"product_tag-kaboszon-larimar","16":"product_tag-kamien-spokoju","17":"product_tag-larimar-bizuteria","18":"product_tag-larimar-wisiorek","19":"product_tag-minimalistyczna-bizuteria","20":"product_tag-naszyjnik-srebrny","21":"product_tag-naszyjnik-z-kamieniem","22":"product_tag-naszyjnik-z-larimarem","23":"product_tag-naturalny-larimar","24":"product_tag-prezent-dla-niej","25":"product_tag-prezent-dla-zony","26":"product_tag-prezent-urodzinowy","27":"product_tag-recznie-robiona-bizuteria","28":"product_tag-srebro-925","29":"pa_dlugosc-naszyjnika-36cm","30":"pa_dlugosc-naszyjnika-46cm","31":"pa_dlugosc-naszyjnika-58cm","32":"pa_dlugosc-naszyjnika-71cm","33":"pa_dlugosc-naszyjnika-86cm","34":"desktop-align-left","35":"tablet-align-left","36":"mobile-align-left","38":"first","39":"outofstock","40":"taxable","41":"shipping-taxable","42":"product-type-simple"},"yoast_head":"<!-- This site is optimized with the Yoast SEO plugin v27.4 - https:\/\/yoast.com\/product\/yoast-seo-wordpress\/ -->\n<title>Minimalistyczny naszyjnik z larimarem \u2013 srebro pr\u00f3by 925, unikalna bi\u017cuteria handmade - Cornellia Studio<\/title>\n<meta name=\"robots\" content=\"index, follow, max-snippet:-1, max-image-preview:large, max-video-preview:-1\" \/>\n<link rel=\"canonical\" href=\"https:\/\/cornelliastudio.pl\/en\/product\/minimalistyczny-naszyjnik-z-larimarem-srebro-proby-925-unikalna-bizuteria-handmade\/\" \/>\n<meta property=\"og:locale\" content=\"en_GB\" \/>\n<meta property=\"og:type\" content=\"article\" \/>\n<meta property=\"og:title\" content=\"Minimalistyczny naszyjnik z larimarem \u2013 srebro pr\u00f3by 925, unikalna bi\u017cuteria handmade - Cornellia Studio\" \/>\n<meta property=\"og:description\" content=\"NASZYJNIK Z LARIMAREM \u2013 SREBRO 925 &nbsp; Elegancki naszyjnik z naturalnym larimarem oprawionym r\u0119cznie w srebro pr\u00f3by 925. G\u0142\u00f3wn\u0105 ozdob\u0105 jest okr\u0105g\u0142y kaboszon 18 mm, kt\u00f3rego b\u0142\u0119kitne odcienie przypominaj\u0105 barwy oceanu. Ty\u0142 oprawy pozostaje otwarty, aby kamie\u0144 m\u00f3g\u0142 dotyka\u0107 sk\u00f3ry i oddawa\u0107 swoj\u0105 energi\u0119. D\u0142ugo\u015b\u0107 ca\u0142kowita naszyjnika to 46 cm \u2013 idealna do codziennego noszenia. Larimar jest znany jako kamie\u0144 spokoju i harmonii, wspieraj\u0105cy redukcj\u0119 stresu i r\u00f3wnowag\u0119 emocjonaln\u0105. Delikatny, minimalistyczny i pe\u0142en wyj\u0105tkowej energii \u2013 \u015bwietny prezent dla osoby ceni\u0105cej naturalne kamienie i r\u0119cznie wykonan\u0105 bi\u017cuteri\u0119.\" \/>\n<meta property=\"og:url\" content=\"https:\/\/cornelliastudio.pl\/en\/product\/minimalistyczny-naszyjnik-z-larimarem-srebro-proby-925-unikalna-bizuteria-handmade\/\" \/>\n<meta property=\"og:site_name\" content=\"Cornellia Studio\" \/>\n<meta property=\"article:modified_time\" content=\"2026-01-31T08:20:59+00:00\" \/>\n<meta property=\"og:image\" content=\"https:\/\/cornelliastudio.pl\/wp-content\/uploads\/2025\/11\/20251010_125749-scaled.jpg\" \/>\n\t<meta property=\"og:image:width\" content=\"2560\" \/>\n\t<meta property=\"og:image:height\" content=\"2560\" \/>\n\t<meta property=\"og:image:type\" content=\"image\/jpeg\" \/>\n<meta name=\"twitter:card\" content=\"summary_large_image\" \/>\n<meta name=\"twitter:label1\" content=\"Estimated reading time\" \/>\n\t<meta name=\"twitter:data1\" content=\"2 minutes\" \/>\n<script type=\"application\/ld+json\" class=\"yoast-schema-graph\">{\"@context\":\"https:\\\/\\\/schema.org\",\"@graph\":[{\"@type\":\"WebPage\",\"@id\":\"https:\\\/\\\/cornelliastudio.pl\\\/produkt\\\/minimalistyczny-naszyjnik-z-larimarem-srebro-proby-925-unikalna-bizuteria-handmade\\\/\",\"url\":\"https:\\\/\\\/cornelliastudio.pl\\\/produkt\\\/minimalistyczny-naszyjnik-z-larimarem-srebro-proby-925-unikalna-bizuteria-handmade\\\/\",\"name\":\"Minimalistyczny naszyjnik z larimarem \u2013 srebro pr\u00f3by 925, unikalna bi\u017cuteria handmade - Cornellia Studio\",\"isPartOf\":{\"@id\":\"https:\\\/\\\/cornelliastudio.pl\\\/#website\"},\"primaryImageOfPage\":{\"@id\":\"https:\\\/\\\/cornelliastudio.pl\\\/produkt\\\/minimalistyczny-naszyjnik-z-larimarem-srebro-proby-925-unikalna-bizuteria-handmade\\\/#primaryimage\"},\"image\":{\"@id\":\"https:\\\/\\\/cornelliastudio.pl\\\/produkt\\\/minimalistyczny-naszyjnik-z-larimarem-srebro-proby-925-unikalna-bizuteria-handmade\\\/#primaryimage\"},\"thumbnailUrl\":\"https:\\\/\\\/cornelliastudio.pl\\\/wp-content\\\/uploads\\\/2025\\\/11\\\/20251010_125749-scaled.jpg\",\"datePublished\":\"2025-11-25T17:00:13+00:00\",\"dateModified\":\"2026-01-31T08:20:59+00:00\",\"breadcrumb\":{\"@id\":\"https:\\\/\\\/cornelliastudio.pl\\\/produkt\\\/minimalistyczny-naszyjnik-z-larimarem-srebro-proby-925-unikalna-bizuteria-handmade\\\/#breadcrumb\"},\"inLanguage\":\"en-GB\",\"potentialAction\":[{\"@type\":\"ReadAction\",\"target\":[\"https:\\\/\\\/cornelliastudio.pl\\\/produkt\\\/minimalistyczny-naszyjnik-z-larimarem-srebro-proby-925-unikalna-bizuteria-handmade\\\/\"]}]},{\"@type\":\"ImageObject\",\"inLanguage\":\"en-GB\",\"@id\":\"https:\\\/\\\/cornelliastudio.pl\\\/produkt\\\/minimalistyczny-naszyjnik-z-larimarem-srebro-proby-925-unikalna-bizuteria-handmade\\\/#primaryimage\",\"url\":\"https:\\\/\\\/cornelliastudio.pl\\\/wp-content\\\/uploads\\\/2025\\\/11\\\/20251010_125749-scaled.jpg\",\"contentUrl\":\"https:\\\/\\\/cornelliastudio.pl\\\/wp-content\\\/uploads\\\/2025\\\/11\\\/20251010_125749-scaled.jpg\",\"width\":2560,\"height\":2560},{\"@type\":\"BreadcrumbList\",\"@id\":\"https:\\\/\\\/cornelliastudio.pl\\\/produkt\\\/minimalistyczny-naszyjnik-z-larimarem-srebro-proby-925-unikalna-bizuteria-handmade\\\/#breadcrumb\",\"itemListElement\":[{\"@type\":\"ListItem\",\"position\":1,\"name\":\"Strona g\u0142\u00f3wna\",\"item\":\"https:\\\/\\\/cornelliastudio.pl\\\/\"},{\"@type\":\"ListItem\",\"position\":2,\"name\":\"Sklep\",\"item\":\"https:\\\/\\\/cornelliastudio.pl\\\/sklep\\\/\"},{\"@type\":\"ListItem\",\"position\":3,\"name\":\"Minimalistyczny naszyjnik z larimarem \u2013 srebro pr\u00f3by 925, unikalna bi\u017cuteria handmade\"}]},{\"@type\":\"WebSite\",\"@id\":\"https:\\\/\\\/cornelliastudio.pl\\\/#website\",\"url\":\"https:\\\/\\\/cornelliastudio.pl\\\/\",\"name\":\"Cornellia Studio\",\"description\":\"Bi\u017cuteria artystyczna, hand made\",\"publisher\":{\"@id\":\"https:\\\/\\\/cornelliastudio.pl\\\/#organization\"},\"potentialAction\":[{\"@type\":\"SearchAction\",\"target\":{\"@type\":\"EntryPoint\",\"urlTemplate\":\"https:\\\/\\\/cornelliastudio.pl\\\/?s={search_term_string}\"},\"query-input\":{\"@type\":\"PropertyValueSpecification\",\"valueRequired\":true,\"valueName\":\"search_term_string\"}}],\"inLanguage\":\"en-GB\"},{\"@type\":\"Organization\",\"@id\":\"https:\\\/\\\/cornelliastudio.pl\\\/#organization\",\"name\":\"Cornellia Studio\",\"url\":\"https:\\\/\\\/cornelliastudio.pl\\\/\",\"logo\":{\"@type\":\"ImageObject\",\"inLanguage\":\"en-GB\",\"@id\":\"https:\\\/\\\/cornelliastudio.pl\\\/#\\\/schema\\\/logo\\\/image\\\/\",\"url\":\"https:\\\/\\\/cornelliastudio.pl\\\/wp-content\\\/uploads\\\/2025\\\/10\\\/Cornellia-Studio-logo.png\",\"contentUrl\":\"https:\\\/\\\/cornelliastudio.pl\\\/wp-content\\\/uploads\\\/2025\\\/10\\\/Cornellia-Studio-logo.png\",\"width\":1563,\"height\":1563,\"caption\":\"Cornellia Studio\"},\"image\":{\"@id\":\"https:\\\/\\\/cornelliastudio.pl\\\/#\\\/schema\\\/logo\\\/image\\\/\"}}]}<\/script>\n<!-- \/ Yoast SEO plugin. -->","yoast_head_json":{"title":"Minimalistyczny naszyjnik z larimarem \u2013 srebro pr\u00f3by 925, unikalna bi\u017cuteria handmade - Cornellia Studio","robots":{"index":"index","follow":"follow","max-snippet":"max-snippet:-1","max-image-preview":"max-image-preview:large","max-video-preview":"max-video-preview:-1"},"canonical":"https:\/\/cornelliastudio.pl\/en\/product\/minimalistyczny-naszyjnik-z-larimarem-srebro-proby-925-unikalna-bizuteria-handmade\/","og_locale":"en_GB","og_type":"article","og_title":"Minimalistyczny naszyjnik z larimarem \u2013 srebro pr\u00f3by 925, unikalna bi\u017cuteria handmade - Cornellia Studio","og_description":"NASZYJNIK Z LARIMAREM \u2013 SREBRO 925 &nbsp; Elegancki naszyjnik z naturalnym larimarem oprawionym r\u0119cznie w srebro pr\u00f3by 925. G\u0142\u00f3wn\u0105 ozdob\u0105 jest okr\u0105g\u0142y kaboszon 18 mm, kt\u00f3rego b\u0142\u0119kitne odcienie przypominaj\u0105 barwy oceanu. Ty\u0142 oprawy pozostaje otwarty, aby kamie\u0144 m\u00f3g\u0142 dotyka\u0107 sk\u00f3ry i oddawa\u0107 swoj\u0105 energi\u0119. D\u0142ugo\u015b\u0107 ca\u0142kowita naszyjnika to 46 cm \u2013 idealna do codziennego noszenia. Larimar jest znany jako kamie\u0144 spokoju i harmonii, wspieraj\u0105cy redukcj\u0119 stresu i r\u00f3wnowag\u0119 emocjonaln\u0105. Delikatny, minimalistyczny i pe\u0142en wyj\u0105tkowej energii \u2013 \u015bwietny prezent dla osoby ceni\u0105cej naturalne kamienie i r\u0119cznie wykonan\u0105 bi\u017cuteri\u0119.","og_url":"https:\/\/cornelliastudio.pl\/en\/product\/minimalistyczny-naszyjnik-z-larimarem-srebro-proby-925-unikalna-bizuteria-handmade\/","og_site_name":"Cornellia Studio","article_modified_time":"2026-01-31T08:20:59+00:00","og_image":[{"width":2560,"height":2560,"url":"https:\/\/cornelliastudio.pl\/wp-content\/uploads\/2025\/11\/20251010_125749-scaled.jpg","type":"image\/jpeg"}],"twitter_card":"summary_large_image","twitter_misc":{"Estimated reading time":"2 minutes"},"schema":{"@context":"https:\/\/schema.org","@graph":[{"@type":"WebPage","@id":"https:\/\/cornelliastudio.pl\/produkt\/minimalistyczny-naszyjnik-z-larimarem-srebro-proby-925-unikalna-bizuteria-handmade\/","url":"https:\/\/cornelliastudio.pl\/produkt\/minimalistyczny-naszyjnik-z-larimarem-srebro-proby-925-unikalna-bizuteria-handmade\/","name":"Minimalistyczny naszyjnik z larimarem \u2013 srebro pr\u00f3by 925, unikalna bi\u017cuteria handmade - Cornellia Studio","isPartOf":{"@id":"https:\/\/cornelliastudio.pl\/#website"},"primaryImageOfPage":{"@id":"https:\/\/cornelliastudio.pl\/produkt\/minimalistyczny-naszyjnik-z-larimarem-srebro-proby-925-unikalna-bizuteria-handmade\/#primaryimage"},"image":{"@id":"https:\/\/cornelliastudio.pl\/produkt\/minimalistyczny-naszyjnik-z-larimarem-srebro-proby-925-unikalna-bizuteria-handmade\/#primaryimage"},"thumbnailUrl":"https:\/\/cornelliastudio.pl\/wp-content\/uploads\/2025\/11\/20251010_125749-scaled.jpg","datePublished":"2025-11-25T17:00:13+00:00","dateModified":"2026-01-31T08:20:59+00:00","breadcrumb":{"@id":"https:\/\/cornelliastudio.pl\/produkt\/minimalistyczny-naszyjnik-z-larimarem-srebro-proby-925-unikalna-bizuteria-handmade\/#breadcrumb"},"inLanguage":"en-GB","potentialAction":[{"@type":"ReadAction","target":["https:\/\/cornelliastudio.pl\/produkt\/minimalistyczny-naszyjnik-z-larimarem-srebro-proby-925-unikalna-bizuteria-handmade\/"]}]},{"@type":"ImageObject","inLanguage":"en-GB","@id":"https:\/\/cornelliastudio.pl\/produkt\/minimalistyczny-naszyjnik-z-larimarem-srebro-proby-925-unikalna-bizuteria-handmade\/#primaryimage","url":"https:\/\/cornelliastudio.pl\/wp-content\/uploads\/2025\/11\/20251010_125749-scaled.jpg","contentUrl":"https:\/\/cornelliastudio.pl\/wp-content\/uploads\/2025\/11\/20251010_125749-scaled.jpg","width":2560,"height":2560},{"@type":"BreadcrumbList","@id":"https:\/\/cornelliastudio.pl\/produkt\/minimalistyczny-naszyjnik-z-larimarem-srebro-proby-925-unikalna-bizuteria-handmade\/#breadcrumb","itemListElement":[{"@type":"ListItem","position":1,"name":"Strona g\u0142\u00f3wna","item":"https:\/\/cornelliastudio.pl\/"},{"@type":"ListItem","position":2,"name":"Sklep","item":"https:\/\/cornelliastudio.pl\/sklep\/"},{"@type":"ListItem","position":3,"name":"Minimalistyczny naszyjnik z larimarem \u2013 srebro pr\u00f3by 925, unikalna bi\u017cuteria handmade"}]},{"@type":"WebSite","@id":"https:\/\/cornelliastudio.pl\/#website","url":"https:\/\/cornelliastudio.pl\/","name":"Cornellia Studio","description":"Bi\u017cuteria artystyczna, hand made","publisher":{"@id":"https:\/\/cornelliastudio.pl\/#organization"},"potentialAction":[{"@type":"SearchAction","target":{"@type":"EntryPoint","urlTemplate":"https:\/\/cornelliastudio.pl\/?s={search_term_string}"},"query-input":{"@type":"PropertyValueSpecification","valueRequired":true,"valueName":"search_term_string"}}],"inLanguage":"en-GB"},{"@type":"Organization","@id":"https:\/\/cornelliastudio.pl\/#organization","name":"Cornellia Studio","url":"https:\/\/cornelliastudio.pl\/","logo":{"@type":"ImageObject","inLanguage":"en-GB","@id":"https:\/\/cornelliastudio.pl\/#\/schema\/logo\/image\/","url":"https:\/\/cornelliastudio.pl\/wp-content\/uploads\/2025\/10\/Cornellia-Studio-logo.png","contentUrl":"https:\/\/cornelliastudio.pl\/wp-content\/uploads\/2025\/10\/Cornellia-Studio-logo.png","width":1563,"height":1563,"caption":"Cornellia Studio"},"image":{"@id":"https:\/\/cornelliastudio.pl\/#\/schema\/logo\/image\/"}}]}},"uagb_featured_image_src":{"full":["https:\/\/cornelliastudio.pl\/wp-content\/uploads\/2025\/11\/20251010_125749-scaled.jpg",2560,2560,false],"thumbnail":["https:\/\/cornelliastudio.pl\/wp-content\/uploads\/2025\/11\/20251010_125749-150x150.jpg",150,150,true],"medium":["https:\/\/cornelliastudio.pl\/wp-content\/uploads\/2025\/11\/20251010_125749-300x300.jpg",300,300,true],"medium_large":["https:\/\/cornelliastudio.pl\/wp-content\/uploads\/2025\/11\/20251010_125749-768x768.jpg",768,768,true],"large":["https:\/\/cornelliastudio.pl\/wp-content\/uploads\/2025\/11\/20251010_125749-1024x1024.jpg",1024,1024,true],"1536x1536":["https:\/\/cornelliastudio.pl\/wp-content\/uploads\/2025\/11\/20251010_125749-1536x1536.jpg",1536,1536,true],"2048x2048":["https:\/\/cornelliastudio.pl\/wp-content\/uploads\/2025\/11\/20251010_125749-2048x2048.jpg",2048,2048,true],"trp-custom-language-flag":["https:\/\/cornelliastudio.pl\/wp-content\/uploads\/2025\/11\/20251010_125749-scaled.jpg",12,12,false],"woocommerce_thumbnail":["https:\/\/cornelliastudio.pl\/wp-content\/uploads\/2025\/11\/20251010_125749-300x300.jpg",300,300,true],"woocommerce_single":["https:\/\/cornelliastudio.pl\/wp-content\/uploads\/2025\/11\/20251010_125749-600x600.jpg",600,600,true],"woocommerce_gallery_thumbnail":["https:\/\/cornelliastudio.pl\/wp-content\/uploads\/2025\/11\/20251010_125749-100x100.jpg",100,100,true]},"uagb_author_info":{"display_name":"Administrator","author_link":"https:\/\/cornelliastudio.pl\/en\/author\/"},"uagb_comment_info":0,"uagb_excerpt":"NASZYJNIK Z LARIMAREM \u2013 SREBRO 925 &nbsp; Elegancki naszyjnik z naturalnym larimarem oprawionym r\u0119cznie w srebro pr\u00f3by 925. G\u0142\u00f3wn\u0105 ozdob\u0105 jest okr\u0105g\u0142y kaboszon 18 mm, kt\u00f3rego b\u0142\u0119kitne odcienie przypominaj\u0105 barwy oceanu. Ty\u0142 oprawy pozostaje otwarty, aby kamie\u0144 m\u00f3g\u0142 dotyka\u0107 sk\u00f3ry i oddawa\u0107 swoj\u0105 energi\u0119. D\u0142ugo\u015b\u0107 ca\u0142kowita naszyjnika to 46 cm \u2013 idealna do codziennego noszenia.&hellip;","_links":{"self":[{"href":"https:\/\/cornelliastudio.pl\/en\/wp-json\/wp\/v2\/product\/2058","targetHints":{"allow":["GET"]}}],"collection":[{"href":"https:\/\/cornelliastudio.pl\/en\/wp-json\/wp\/v2\/product"}],"about":[{"href":"https:\/\/cornelliastudio.pl\/en\/wp-json\/wp\/v2\/types\/product"}],"replies":[{"embeddable":true,"href":"https:\/\/cornelliastudio.pl\/en\/wp-json\/wp\/v2\/comments?post=2058"}],"wp:featuredmedia":[{"embeddable":true,"href":"https:\/\/cornelliastudio.pl\/en\/wp-json\/wp\/v2\/media\/2292"}],"wp:attachment":[{"href":"https:\/\/cornelliastudio.pl\/en\/wp-json\/wp\/v2\/media?parent=2058"}],"wp:term":[{"taxonomy":"product_brand","embeddable":true,"href":"https:\/\/cornelliastudio.pl\/en\/wp-json\/wp\/v2\/product_brand?post=2058"},{"taxonomy":"product_cat","embeddable":true,"href":"https:\/\/cornelliastudio.pl\/en\/wp-json\/wp\/v2\/product_cat?post=2058"},{"taxonomy":"product_tag","embeddable":true,"href":"https:\/\/cornelliastudio.pl\/en\/wp-json\/wp\/v2\/product_tag?post=2058"}],"curies":[{"name":"wp","href":"https:\/\/api.w.org\/{rel}","templated":true}]}}