{"id":2057,"date":"2025-11-25T18:00:12","date_gmt":"2025-11-25T17:00:12","guid":{"rendered":"https:\/\/cornelliastudio.pl\/produkt\/kolczyki-ze-srebra-proby-925-z-perla-dlugie-wiszace-kolczyki-z-perla-dlugie-kolczyki-z-perel-slodkowodnych-minimalistyczna-bizuteria\/"},"modified":"2025-12-18T11:29:49","modified_gmt":"2025-12-18T10:29:49","slug":"kolczyki-ze-srebra-proby-925-z-perla-dlugie-wiszace-kolczyki-z-perla-dlugie-kolczyki-z-perel-slodkowodnych-minimalistyczna-bizuteria","status":"publish","type":"product","link":"https:\/\/cornelliastudio.pl\/en\/product\/kolczyki-ze-srebra-proby-925-z-perla-dlugie-wiszace-kolczyki-z-perla-dlugie-kolczyki-z-perel-slodkowodnych-minimalistyczna-bizuteria\/","title":{"rendered":"925 Sterling Silver Necklace with Tibetan Turquoise \u2013 Minimalist Pendant"},"content":{"rendered":"<h2 data-start=\"72\" data-end=\"153\"><strong data-start=\"75\" data-end=\"153\">925 Sterling Silver Necklace \u2013 Minimalist Elegance with Tibetan Turquoise<\/strong><\/h2>\n<p data-start=\"155\" data-end=\"468\">Discover the beauty of nature in handcrafted jewelry. This unique necklace, made of 925 sterling silver, captivates with its minimalist form and a distinctive accent in the form of a <strong data-start=\"323\" data-end=\"360\">natural Tibetan turquoise<\/strong> - a stone with a deep green-olive hue and an organic pattern characteristic of this variety.<\/p>\n<p data-start=\"470\" data-end=\"720\">The central element is a carefully set stone measuring <strong data-start=\"535\" data-end=\"544\">10 mm<\/strong>, set in a simple, modern pendant with a diameter of <strong data-start=\"602\" data-end=\"611\">17 mm<\/strong>The whole piece forms a harmonious composition in which the raw beauty of silver meets the natural energy of turquoise.<\/p>\n<p data-start=\"722\" data-end=\"867\">925 Sterling Silver Necklace \u2013 Minimalist Elegance with Tibetan Turquoise <strong data-start=\"796\" data-end=\"807\">46cm<\/strong>, which drapes softly around the neck and highlights the neckline.<\/p>\n<h2 data-start=\"874\" data-end=\"898\"><strong data-start=\"878\" data-end=\"898\">Product details:<\/strong><\/h2>\n<h2 data-start=\"874\" data-end=\"898\"><\/h2>\n<ul data-start=\"900\" data-end=\"1193\">\n<li data-start=\"900\" data-end=\"934\">\n<p data-start=\"902\" data-end=\"934\"><strong data-start=\"902\" data-end=\"915\">Material:<\/strong> 925  sterling silver<\/p>\n<\/li>\n<li data-start=\"935\" data-end=\"978\">\n<p data-start=\"937\" data-end=\"978\"><strong data-start=\"937\" data-end=\"948\">Stone:<\/strong> natural Tibetan turquoise<\/p>\n<\/li>\n<li data-start=\"979\" data-end=\"1015\">\n<p data-start=\"981\" data-end=\"1015\"><strong data-start=\"981\" data-end=\"1003\">Stone size:<\/strong> approx 10 mm,<\/p>\n<\/li>\n<li data-start=\"1016\" data-end=\"1049\">\n<p data-start=\"1018\" data-end=\"1049\"><strong data-start=\"1018\" data-end=\"1041\">Pendant size:<\/strong> 17 mm<\/p>\n<\/li>\n<li data-start=\"1050\" data-end=\"1084\">\n<p data-start=\"1052\" data-end=\"1084\"><strong data-start=\"1052\" data-end=\"1074\">Chain length:<\/strong> 46cm<\/p>\n<\/li>\n<li data-start=\"1085\" data-end=\"1137\">\n<p data-start=\"1087\" data-end=\"1137\"><strong data-start=\"1087\" data-end=\"1096\">Style:<\/strong> minimalist, elegant, modern<\/p>\n<\/li>\n<li data-start=\"1138\" data-end=\"1193\">\n<p data-start=\"1140\" data-end=\"1193\"><strong data-start=\"1140\" data-end=\"1156\">Finish:<\/strong> high-polish sterling silver<\/p>\n<\/li>\n<\/ul>\n<hr data-start=\"1195\" data-end=\"1198\" \/>\n<h2 data-start=\"1200\" data-end=\"1229\"><strong data-start=\"1204\" data-end=\"1229\">\u00a0Perfect as a gift<\/strong><\/h2>\n<p data-start=\"1231\" data-end=\"1414\">The necklace comes in elegant packaging, making it a perfect gift for birthdays, anniversaries, Mother\u2019s Day, or as a meaningful present for someone who loves unique jewelry made with natural stones.<\/p>\n<hr data-start=\"1416\" data-end=\"1419\" \/>\n<h2 data-start=\"1421\" data-end=\"1447\"><strong data-start=\"1425\" data-end=\"1447\">Why you\u2019ll love it<\/strong><\/h2>\n<ul data-start=\"1449\" data-end=\"1617\">\n<li data-start=\"1449\" data-end=\"1479\">\n<p data-start=\"1451\" data-end=\"1479\">hypoallergenic, nickel-free<\/p>\n<\/li>\n<li data-start=\"1480\" data-end=\"1510\">\n<p data-start=\"1482\" data-end=\"1510\">entirely handcrafted<\/p>\n<\/li>\n<li data-start=\"1511\" data-end=\"1541\">\n<p data-start=\"1513\" data-end=\"1541\">lightweight , comfortable to wear<\/p>\n<\/li>\n<li data-start=\"1542\" data-end=\"1617\">\n<p data-start=\"1544\" data-end=\"1617\">the unique pattern of the turquoise means that each piece is truly one of a kind.<\/p>\n<\/li>\n<\/ul>","protected":false},"excerpt":{"rendered":"<h2 data-start=\"33\" data-end=\"111\"><strong data-start=\"33\" data-end=\"111\">925 Sterling Silver Necklace with Tibetan Turquoise \u2013 Minimalist Elegance<\/strong><\/h2>\n<p data-start=\"113\" data-end=\"415\">Handmade 925 sterling silver necklace featuring a natural Tibetan turquoise stone with a diameter of 10 mm. The stone is set in a minimalist, polished pendant measuring 17 mm. Suspended on a delicate and comfortable 46 cm chain, it beautifully highlights the neckline and adds style for both everyday wear and special occasions.<\/p>\n<p data-start=\"417\" data-end=\"516\" data-is-last-node=\"\" data-is-only-node=\"\">Lightweight, hypoallergenic, and entirely handcrafted. Perfect as an elegant gift for any occasion.<\/p>","protected":false},"featured_media":2349,"comment_status":"open","ping_status":"closed","template":"","meta":{"_uag_custom_page_level_css":"","site-sidebar-layout":"default","site-content-layout":"","ast-site-content-layout":"default","site-content-style":"default","site-sidebar-style":"default","ast-global-header-display":"","ast-banner-title-visibility":"","ast-main-header-display":"","ast-hfb-above-header-display":"","ast-hfb-below-header-display":"","ast-hfb-mobile-header-display":"","site-post-title":"","ast-breadcrumbs-content":"","ast-featured-img":"","footer-sml-layout":"","ast-disable-related-posts":"","theme-transparent-header-meta":"default","adv-header-id-meta":"","stick-header-meta":"","header-above-stick-meta":"","header-main-stick-meta":"","header-below-stick-meta":"","astra-migrate-meta-layouts":"set","ast-page-background-enabled":"default","ast-page-background-meta":{"desktop":{"background-color":"var(--ast-global-color-4)","background-image":"","background-repeat":"repeat","background-position":"center center","background-size":"auto","background-attachment":"scroll","background-type":"","background-media":"","overlay-type":"","overlay-color":"","overlay-opacity":"","overlay-gradient":""},"tablet":{"background-color":"","background-image":"","background-repeat":"repeat","background-position":"center center","background-size":"auto","background-attachment":"scroll","background-type":"","background-media":"","overlay-type":"","overlay-color":"","overlay-opacity":"","overlay-gradient":""},"mobile":{"background-color":"","background-image":"","background-repeat":"repeat","background-position":"center center","background-size":"auto","background-attachment":"scroll","background-type":"","background-media":"","overlay-type":"","overlay-color":"","overlay-opacity":"","overlay-gradient":""}},"ast-content-background-meta":{"desktop":{"background-color":"var(--ast-global-color-5)","background-image":"","background-repeat":"repeat","background-position":"center center","background-size":"auto","background-attachment":"scroll","background-type":"","background-media":"","overlay-type":"","overlay-color":"","overlay-opacity":"","overlay-gradient":""},"tablet":{"background-color":"var(--ast-global-color-5)","background-image":"","background-repeat":"repeat","background-position":"center center","background-size":"auto","background-attachment":"scroll","background-type":"","background-media":"","overlay-type":"","overlay-color":"","overlay-opacity":"","overlay-gradient":""},"mobile":{"background-color":"var(--ast-global-color-5)","background-image":"","background-repeat":"repeat","background-position":"center center","background-size":"auto","background-attachment":"scroll","background-type":"","background-media":"","overlay-type":"","overlay-color":"","overlay-opacity":"","overlay-gradient":""}}},"product_brand":[201],"product_cat":[30,38,31],"product_tag":[319,189,334,304,300,335,276,290,309,332,187,215,208,333,266,337,336],"class_list":{"0":"post-2057","1":"product","2":"type-product","3":"status-publish","4":"has-post-thumbnail","6":"product_brand-cornellia-studio","7":"product_cat-bestsellery","8":"product_cat-naszyjniki-pendants","9":"product_cat-nowosci","10":"product_tag-artystycznay-naszyjnik","11":"product_tag-bizuteria-handmade","12":"product_tag-bizuteria-rekodzielo","13":"product_tag-codzienna-bizuteria","14":"product_tag-elegancka-bizuteria","15":"product_tag-kamien-naturalny","16":"product_tag-minimalistyczna-bizuteria","17":"product_tag-naszyjnik-srebrny","18":"product_tag-naszyjnik-z-kamieniem","19":"product_tag-naszyjnik-z-turkusem","20":"product_tag-prezent-dla-niej","21":"product_tag-srebro-925","22":"product_tag-srebro-proby-925","23":"product_tag-turkus-tybetanski","24":"product_tag-unikatowa-bizuteria","25":"product_tag-zawieszka-z-kamieniem","26":"product_tag-zielony-turkus","27":"pa_dlugosc-naszyjnika-36cm","28":"pa_dlugosc-naszyjnika-46cm","29":"pa_dlugosc-naszyjnika-58cm","30":"pa_dlugosc-naszyjnika-71cm","31":"pa_dlugosc-naszyjnika-86cm","32":"desktop-align-left","33":"tablet-align-left","34":"mobile-align-left","36":"first","37":"instock","38":"taxable","39":"shipping-taxable","40":"purchasable","41":"product-type-variable"},"yoast_head":"<!-- This site is optimized with the Yoast SEO plugin v27.4 - https:\/\/yoast.com\/product\/yoast-seo-wordpress\/ -->\n<title>Srebrny naszyjnik 925 z tybeta\u0144skim turkusem \u2013 minimalistyczny wisior - Cornellia Studio<\/title>\n<meta name=\"robots\" content=\"index, follow, max-snippet:-1, max-image-preview:large, max-video-preview:-1\" \/>\n<link rel=\"canonical\" href=\"https:\/\/cornelliastudio.pl\/en\/product\/kolczyki-ze-srebra-proby-925-z-perla-dlugie-wiszace-kolczyki-z-perla-dlugie-kolczyki-z-perel-slodkowodnych-minimalistyczna-bizuteria\/\" \/>\n<meta property=\"og:locale\" content=\"en_GB\" \/>\n<meta property=\"og:type\" content=\"article\" \/>\n<meta property=\"og:title\" content=\"Srebrny naszyjnik 925 z tybeta\u0144skim turkusem \u2013 minimalistyczny wisior - Cornellia Studio\" \/>\n<meta property=\"og:description\" content=\"NASZYJNIK ZE SREBRA 925 Z TYBETA\u0143SKIM TURKUSEM \u2013 MINIMALISTYCZNA ELEGANCJA R\u0119cznie wykonany naszyjnik ze srebra 925 z naturalnym tybeta\u0144skim turkusem o \u015brednicy 10 mm. Kamie\u0144 oprawiony jest w minimalistyczny, polerowany pendant o wielko\u015bci 17 mm. Zawieszony na delikatnym, wygodnym \u0142a\u0144cuszku o d\u0142ugo\u015bci 46 cm \u2013 pi\u0119knie podkre\u015bla dekolt i dodaje stylu na co dzie\u0144 i od \u015bwi\u0119ta. Lekki, hipoalergiczny i w ca\u0142o\u015bci wykonany r\u0119cznie. Idealny jako elegancki prezent na ka\u017cd\u0105 okazj\u0119.\" \/>\n<meta property=\"og:url\" content=\"https:\/\/cornelliastudio.pl\/en\/product\/kolczyki-ze-srebra-proby-925-z-perla-dlugie-wiszace-kolczyki-z-perla-dlugie-kolczyki-z-perel-slodkowodnych-minimalistyczna-bizuteria\/\" \/>\n<meta property=\"og:site_name\" content=\"Cornellia Studio\" \/>\n<meta property=\"article:modified_time\" content=\"2025-12-18T10:29:49+00:00\" \/>\n<meta property=\"og:image\" content=\"https:\/\/cornelliastudio.pl\/wp-content\/uploads\/2025\/11\/20250509_140552-scaled.jpg\" \/>\n\t<meta property=\"og:image:width\" content=\"2560\" \/>\n\t<meta property=\"og:image:height\" content=\"2560\" \/>\n\t<meta property=\"og:image:type\" content=\"image\/jpeg\" \/>\n<meta name=\"twitter:card\" content=\"summary_large_image\" \/>\n<meta name=\"twitter:label1\" content=\"Estimated reading time\" \/>\n\t<meta name=\"twitter:data1\" content=\"2 minutes\" \/>\n<script type=\"application\/ld+json\" class=\"yoast-schema-graph\">{\"@context\":\"https:\\\/\\\/schema.org\",\"@graph\":[{\"@type\":\"WebPage\",\"@id\":\"https:\\\/\\\/cornelliastudio.pl\\\/produkt\\\/kolczyki-ze-srebra-proby-925-z-perla-dlugie-wiszace-kolczyki-z-perla-dlugie-kolczyki-z-perel-slodkowodnych-minimalistyczna-bizuteria\\\/\",\"url\":\"https:\\\/\\\/cornelliastudio.pl\\\/produkt\\\/kolczyki-ze-srebra-proby-925-z-perla-dlugie-wiszace-kolczyki-z-perla-dlugie-kolczyki-z-perel-slodkowodnych-minimalistyczna-bizuteria\\\/\",\"name\":\"Srebrny naszyjnik 925 z tybeta\u0144skim turkusem \u2013 minimalistyczny wisior - Cornellia Studio\",\"isPartOf\":{\"@id\":\"https:\\\/\\\/cornelliastudio.pl\\\/#website\"},\"primaryImageOfPage\":{\"@id\":\"https:\\\/\\\/cornelliastudio.pl\\\/produkt\\\/kolczyki-ze-srebra-proby-925-z-perla-dlugie-wiszace-kolczyki-z-perla-dlugie-kolczyki-z-perel-slodkowodnych-minimalistyczna-bizuteria\\\/#primaryimage\"},\"image\":{\"@id\":\"https:\\\/\\\/cornelliastudio.pl\\\/produkt\\\/kolczyki-ze-srebra-proby-925-z-perla-dlugie-wiszace-kolczyki-z-perla-dlugie-kolczyki-z-perel-slodkowodnych-minimalistyczna-bizuteria\\\/#primaryimage\"},\"thumbnailUrl\":\"https:\\\/\\\/cornelliastudio.pl\\\/wp-content\\\/uploads\\\/2025\\\/11\\\/20250509_140552-scaled.jpg\",\"datePublished\":\"2025-11-25T17:00:12+00:00\",\"dateModified\":\"2025-12-18T10:29:49+00:00\",\"breadcrumb\":{\"@id\":\"https:\\\/\\\/cornelliastudio.pl\\\/produkt\\\/kolczyki-ze-srebra-proby-925-z-perla-dlugie-wiszace-kolczyki-z-perla-dlugie-kolczyki-z-perel-slodkowodnych-minimalistyczna-bizuteria\\\/#breadcrumb\"},\"inLanguage\":\"en-GB\",\"potentialAction\":[{\"@type\":\"ReadAction\",\"target\":[\"https:\\\/\\\/cornelliastudio.pl\\\/produkt\\\/kolczyki-ze-srebra-proby-925-z-perla-dlugie-wiszace-kolczyki-z-perla-dlugie-kolczyki-z-perel-slodkowodnych-minimalistyczna-bizuteria\\\/\"]}]},{\"@type\":\"ImageObject\",\"inLanguage\":\"en-GB\",\"@id\":\"https:\\\/\\\/cornelliastudio.pl\\\/produkt\\\/kolczyki-ze-srebra-proby-925-z-perla-dlugie-wiszace-kolczyki-z-perla-dlugie-kolczyki-z-perel-slodkowodnych-minimalistyczna-bizuteria\\\/#primaryimage\",\"url\":\"https:\\\/\\\/cornelliastudio.pl\\\/wp-content\\\/uploads\\\/2025\\\/11\\\/20250509_140552-scaled.jpg\",\"contentUrl\":\"https:\\\/\\\/cornelliastudio.pl\\\/wp-content\\\/uploads\\\/2025\\\/11\\\/20250509_140552-scaled.jpg\",\"width\":2560,\"height\":2560},{\"@type\":\"BreadcrumbList\",\"@id\":\"https:\\\/\\\/cornelliastudio.pl\\\/produkt\\\/kolczyki-ze-srebra-proby-925-z-perla-dlugie-wiszace-kolczyki-z-perla-dlugie-kolczyki-z-perel-slodkowodnych-minimalistyczna-bizuteria\\\/#breadcrumb\",\"itemListElement\":[{\"@type\":\"ListItem\",\"position\":1,\"name\":\"Strona g\u0142\u00f3wna\",\"item\":\"https:\\\/\\\/cornelliastudio.pl\\\/\"},{\"@type\":\"ListItem\",\"position\":2,\"name\":\"Sklep\",\"item\":\"https:\\\/\\\/cornelliastudio.pl\\\/sklep\\\/\"},{\"@type\":\"ListItem\",\"position\":3,\"name\":\"Srebrny naszyjnik 925 z tybeta\u0144skim turkusem \u2013 minimalistyczny wisior\"}]},{\"@type\":\"WebSite\",\"@id\":\"https:\\\/\\\/cornelliastudio.pl\\\/#website\",\"url\":\"https:\\\/\\\/cornelliastudio.pl\\\/\",\"name\":\"Cornellia Studio\",\"description\":\"Bi\u017cuteria artystyczna, hand made\",\"publisher\":{\"@id\":\"https:\\\/\\\/cornelliastudio.pl\\\/#organization\"},\"potentialAction\":[{\"@type\":\"SearchAction\",\"target\":{\"@type\":\"EntryPoint\",\"urlTemplate\":\"https:\\\/\\\/cornelliastudio.pl\\\/?s={search_term_string}\"},\"query-input\":{\"@type\":\"PropertyValueSpecification\",\"valueRequired\":true,\"valueName\":\"search_term_string\"}}],\"inLanguage\":\"en-GB\"},{\"@type\":\"Organization\",\"@id\":\"https:\\\/\\\/cornelliastudio.pl\\\/#organization\",\"name\":\"Cornellia Studio\",\"url\":\"https:\\\/\\\/cornelliastudio.pl\\\/\",\"logo\":{\"@type\":\"ImageObject\",\"inLanguage\":\"en-GB\",\"@id\":\"https:\\\/\\\/cornelliastudio.pl\\\/#\\\/schema\\\/logo\\\/image\\\/\",\"url\":\"https:\\\/\\\/cornelliastudio.pl\\\/wp-content\\\/uploads\\\/2025\\\/10\\\/Cornellia-Studio-logo.png\",\"contentUrl\":\"https:\\\/\\\/cornelliastudio.pl\\\/wp-content\\\/uploads\\\/2025\\\/10\\\/Cornellia-Studio-logo.png\",\"width\":1563,\"height\":1563,\"caption\":\"Cornellia Studio\"},\"image\":{\"@id\":\"https:\\\/\\\/cornelliastudio.pl\\\/#\\\/schema\\\/logo\\\/image\\\/\"}}]}<\/script>\n<!-- \/ Yoast SEO plugin. -->","yoast_head_json":{"title":"Srebrny naszyjnik 925 z tybeta\u0144skim turkusem \u2013 minimalistyczny wisior - Cornellia Studio","robots":{"index":"index","follow":"follow","max-snippet":"max-snippet:-1","max-image-preview":"max-image-preview:large","max-video-preview":"max-video-preview:-1"},"canonical":"https:\/\/cornelliastudio.pl\/en\/product\/kolczyki-ze-srebra-proby-925-z-perla-dlugie-wiszace-kolczyki-z-perla-dlugie-kolczyki-z-perel-slodkowodnych-minimalistyczna-bizuteria\/","og_locale":"en_GB","og_type":"article","og_title":"Srebrny naszyjnik 925 z tybeta\u0144skim turkusem \u2013 minimalistyczny wisior - Cornellia Studio","og_description":"NASZYJNIK ZE SREBRA 925 Z TYBETA\u0143SKIM TURKUSEM \u2013 MINIMALISTYCZNA ELEGANCJA R\u0119cznie wykonany naszyjnik ze srebra 925 z naturalnym tybeta\u0144skim turkusem o \u015brednicy 10 mm. Kamie\u0144 oprawiony jest w minimalistyczny, polerowany pendant o wielko\u015bci 17 mm. Zawieszony na delikatnym, wygodnym \u0142a\u0144cuszku o d\u0142ugo\u015bci 46 cm \u2013 pi\u0119knie podkre\u015bla dekolt i dodaje stylu na co dzie\u0144 i od \u015bwi\u0119ta. Lekki, hipoalergiczny i w ca\u0142o\u015bci wykonany r\u0119cznie. Idealny jako elegancki prezent na ka\u017cd\u0105 okazj\u0119.","og_url":"https:\/\/cornelliastudio.pl\/en\/product\/kolczyki-ze-srebra-proby-925-z-perla-dlugie-wiszace-kolczyki-z-perla-dlugie-kolczyki-z-perel-slodkowodnych-minimalistyczna-bizuteria\/","og_site_name":"Cornellia Studio","article_modified_time":"2025-12-18T10:29:49+00:00","og_image":[{"width":2560,"height":2560,"url":"https:\/\/cornelliastudio.pl\/wp-content\/uploads\/2025\/11\/20250509_140552-scaled.jpg","type":"image\/jpeg"}],"twitter_card":"summary_large_image","twitter_misc":{"Estimated reading time":"2 minutes"},"schema":{"@context":"https:\/\/schema.org","@graph":[{"@type":"WebPage","@id":"https:\/\/cornelliastudio.pl\/produkt\/kolczyki-ze-srebra-proby-925-z-perla-dlugie-wiszace-kolczyki-z-perla-dlugie-kolczyki-z-perel-slodkowodnych-minimalistyczna-bizuteria\/","url":"https:\/\/cornelliastudio.pl\/produkt\/kolczyki-ze-srebra-proby-925-z-perla-dlugie-wiszace-kolczyki-z-perla-dlugie-kolczyki-z-perel-slodkowodnych-minimalistyczna-bizuteria\/","name":"Srebrny naszyjnik 925 z tybeta\u0144skim turkusem \u2013 minimalistyczny wisior - Cornellia Studio","isPartOf":{"@id":"https:\/\/cornelliastudio.pl\/#website"},"primaryImageOfPage":{"@id":"https:\/\/cornelliastudio.pl\/produkt\/kolczyki-ze-srebra-proby-925-z-perla-dlugie-wiszace-kolczyki-z-perla-dlugie-kolczyki-z-perel-slodkowodnych-minimalistyczna-bizuteria\/#primaryimage"},"image":{"@id":"https:\/\/cornelliastudio.pl\/produkt\/kolczyki-ze-srebra-proby-925-z-perla-dlugie-wiszace-kolczyki-z-perla-dlugie-kolczyki-z-perel-slodkowodnych-minimalistyczna-bizuteria\/#primaryimage"},"thumbnailUrl":"https:\/\/cornelliastudio.pl\/wp-content\/uploads\/2025\/11\/20250509_140552-scaled.jpg","datePublished":"2025-11-25T17:00:12+00:00","dateModified":"2025-12-18T10:29:49+00:00","breadcrumb":{"@id":"https:\/\/cornelliastudio.pl\/produkt\/kolczyki-ze-srebra-proby-925-z-perla-dlugie-wiszace-kolczyki-z-perla-dlugie-kolczyki-z-perel-slodkowodnych-minimalistyczna-bizuteria\/#breadcrumb"},"inLanguage":"en-GB","potentialAction":[{"@type":"ReadAction","target":["https:\/\/cornelliastudio.pl\/produkt\/kolczyki-ze-srebra-proby-925-z-perla-dlugie-wiszace-kolczyki-z-perla-dlugie-kolczyki-z-perel-slodkowodnych-minimalistyczna-bizuteria\/"]}]},{"@type":"ImageObject","inLanguage":"en-GB","@id":"https:\/\/cornelliastudio.pl\/produkt\/kolczyki-ze-srebra-proby-925-z-perla-dlugie-wiszace-kolczyki-z-perla-dlugie-kolczyki-z-perel-slodkowodnych-minimalistyczna-bizuteria\/#primaryimage","url":"https:\/\/cornelliastudio.pl\/wp-content\/uploads\/2025\/11\/20250509_140552-scaled.jpg","contentUrl":"https:\/\/cornelliastudio.pl\/wp-content\/uploads\/2025\/11\/20250509_140552-scaled.jpg","width":2560,"height":2560},{"@type":"BreadcrumbList","@id":"https:\/\/cornelliastudio.pl\/produkt\/kolczyki-ze-srebra-proby-925-z-perla-dlugie-wiszace-kolczyki-z-perla-dlugie-kolczyki-z-perel-slodkowodnych-minimalistyczna-bizuteria\/#breadcrumb","itemListElement":[{"@type":"ListItem","position":1,"name":"Strona g\u0142\u00f3wna","item":"https:\/\/cornelliastudio.pl\/"},{"@type":"ListItem","position":2,"name":"Sklep","item":"https:\/\/cornelliastudio.pl\/sklep\/"},{"@type":"ListItem","position":3,"name":"Srebrny naszyjnik 925 z tybeta\u0144skim turkusem \u2013 minimalistyczny wisior"}]},{"@type":"WebSite","@id":"https:\/\/cornelliastudio.pl\/#website","url":"https:\/\/cornelliastudio.pl\/","name":"Cornellia Studio","description":"Bi\u017cuteria artystyczna, hand made","publisher":{"@id":"https:\/\/cornelliastudio.pl\/#organization"},"potentialAction":[{"@type":"SearchAction","target":{"@type":"EntryPoint","urlTemplate":"https:\/\/cornelliastudio.pl\/?s={search_term_string}"},"query-input":{"@type":"PropertyValueSpecification","valueRequired":true,"valueName":"search_term_string"}}],"inLanguage":"en-GB"},{"@type":"Organization","@id":"https:\/\/cornelliastudio.pl\/#organization","name":"Cornellia Studio","url":"https:\/\/cornelliastudio.pl\/","logo":{"@type":"ImageObject","inLanguage":"en-GB","@id":"https:\/\/cornelliastudio.pl\/#\/schema\/logo\/image\/","url":"https:\/\/cornelliastudio.pl\/wp-content\/uploads\/2025\/10\/Cornellia-Studio-logo.png","contentUrl":"https:\/\/cornelliastudio.pl\/wp-content\/uploads\/2025\/10\/Cornellia-Studio-logo.png","width":1563,"height":1563,"caption":"Cornellia Studio"},"image":{"@id":"https:\/\/cornelliastudio.pl\/#\/schema\/logo\/image\/"}}]}},"uagb_featured_image_src":{"full":["https:\/\/cornelliastudio.pl\/wp-content\/uploads\/2025\/11\/20250509_140552-scaled.jpg",2560,2560,false],"thumbnail":["https:\/\/cornelliastudio.pl\/wp-content\/uploads\/2025\/11\/20250509_140552-150x150.jpg",150,150,true],"medium":["https:\/\/cornelliastudio.pl\/wp-content\/uploads\/2025\/11\/20250509_140552-300x300.jpg",300,300,true],"medium_large":["https:\/\/cornelliastudio.pl\/wp-content\/uploads\/2025\/11\/20250509_140552-768x768.jpg",768,768,true],"large":["https:\/\/cornelliastudio.pl\/wp-content\/uploads\/2025\/11\/20250509_140552-1024x1024.jpg",1024,1024,true],"1536x1536":["https:\/\/cornelliastudio.pl\/wp-content\/uploads\/2025\/11\/20250509_140552-1536x1536.jpg",1536,1536,true],"2048x2048":["https:\/\/cornelliastudio.pl\/wp-content\/uploads\/2025\/11\/20250509_140552-2048x2048.jpg",2048,2048,true],"trp-custom-language-flag":["https:\/\/cornelliastudio.pl\/wp-content\/uploads\/2025\/11\/20250509_140552-scaled.jpg",12,12,false],"woocommerce_thumbnail":["https:\/\/cornelliastudio.pl\/wp-content\/uploads\/2025\/11\/20250509_140552-300x300.jpg",300,300,true],"woocommerce_single":["https:\/\/cornelliastudio.pl\/wp-content\/uploads\/2025\/11\/20250509_140552-600x600.jpg",600,600,true],"woocommerce_gallery_thumbnail":["https:\/\/cornelliastudio.pl\/wp-content\/uploads\/2025\/11\/20250509_140552-100x100.jpg",100,100,true]},"uagb_author_info":{"display_name":"Administrator","author_link":"https:\/\/cornelliastudio.pl\/en\/author\/"},"uagb_comment_info":0,"uagb_excerpt":"NASZYJNIK ZE SREBRA 925 Z TYBETA\u0143SKIM TURKUSEM \u2013 MINIMALISTYCZNA ELEGANCJA R\u0119cznie wykonany naszyjnik ze srebra 925 z naturalnym tybeta\u0144skim turkusem o \u015brednicy 10 mm. Kamie\u0144 oprawiony jest w minimalistyczny, polerowany pendant o wielko\u015bci 17 mm. Zawieszony na delikatnym, wygodnym \u0142a\u0144cuszku o d\u0142ugo\u015bci 46 cm \u2013 pi\u0119knie podkre\u015bla dekolt i dodaje stylu na co dzie\u0144 i&hellip;","_links":{"self":[{"href":"https:\/\/cornelliastudio.pl\/en\/wp-json\/wp\/v2\/product\/2057","targetHints":{"allow":["GET"]}}],"collection":[{"href":"https:\/\/cornelliastudio.pl\/en\/wp-json\/wp\/v2\/product"}],"about":[{"href":"https:\/\/cornelliastudio.pl\/en\/wp-json\/wp\/v2\/types\/product"}],"replies":[{"embeddable":true,"href":"https:\/\/cornelliastudio.pl\/en\/wp-json\/wp\/v2\/comments?post=2057"}],"wp:featuredmedia":[{"embeddable":true,"href":"https:\/\/cornelliastudio.pl\/en\/wp-json\/wp\/v2\/media\/2349"}],"wp:attachment":[{"href":"https:\/\/cornelliastudio.pl\/en\/wp-json\/wp\/v2\/media?parent=2057"}],"wp:term":[{"taxonomy":"product_brand","embeddable":true,"href":"https:\/\/cornelliastudio.pl\/en\/wp-json\/wp\/v2\/product_brand?post=2057"},{"taxonomy":"product_cat","embeddable":true,"href":"https:\/\/cornelliastudio.pl\/en\/wp-json\/wp\/v2\/product_cat?post=2057"},{"taxonomy":"product_tag","embeddable":true,"href":"https:\/\/cornelliastudio.pl\/en\/wp-json\/wp\/v2\/product_tag?post=2057"}],"curies":[{"name":"wp","href":"https:\/\/api.w.org\/{rel}","templated":true}]}}