{"id":2056,"date":"2025-11-25T18:00:11","date_gmt":"2025-11-25T17:00:11","guid":{"rendered":"https:\/\/cornelliastudio.pl\/produkt\/naszyjnik-ze-srebra-proby-925-z-perla-slodkowodna-delikatny-naszyjnik-z-perla-minimalistyczny-naszyjnik\/"},"modified":"2025-12-17T13:36:45","modified_gmt":"2025-12-17T12:36:45","slug":"naszyjnik-ze-srebra-proby-925-z-perla-slodkowodna-delikatny-naszyjnik-z-perla-minimalistyczny-naszyjnik","status":"publish","type":"product","link":"https:\/\/cornelliastudio.pl\/en\/product\/naszyjnik-ze-srebra-proby-925-z-perla-slodkowodna-delikatny-naszyjnik-z-perla-minimalistyczny-naszyjnik\/","title":{"rendered":"925 Sterling Silver Necklace with Freshwater Pearl, Delicate Pearl Necklace, Minimalist Necklace"},"content":{"rendered":"<h2 data-start=\"114\" data-end=\"202\"><strong data-start=\"118\" data-end=\"202\">Freshwater Pearl Necklace, 925 Sterling Silver, Minimalist Elegant Jewelry\u00a0<\/strong><\/h2>\n<p>&nbsp;<\/p>\n<p data-start=\"204\" data-end=\"482\">This unique necklace has been handcrafted using the highest quality materials: <strong data-start=\"285\" data-end=\"305\">925 sterling silver<\/strong> and natural <strong data-start=\"323\" data-end=\"346\">natural freshwater pearls<\/strong> with a beautiful, soft luster. The subtle composition of pearls in varying sizes gives the design a sense of lightness, modernity, and classic femininity.<\/p>\n<h2 data-start=\"484\" data-end=\"509\"><strong data-start=\"486\" data-end=\"509\">Materials &amp; Details:<\/strong><\/h2>\n<ul data-start=\"511\" data-end=\"819\">\n<li data-start=\"511\" data-end=\"591\">\n<p data-start=\"513\" data-end=\"591\"><strong data-start=\"513\" data-end=\"527\">925 sterling silver<\/strong> - delicate chain with a fine weave, polished to a high shine<\/p>\n<\/li>\n<li data-start=\"592\" data-end=\"689\">\n<p data-start=\"594\" data-end=\"626\"><strong data-start=\"594\" data-end=\"625\">Natural freshwater pearls<\/strong>:<\/p>\n<ul data-start=\"629\" data-end=\"689\">\n<li data-start=\"629\" data-end=\"653\">\n<p data-start=\"631\" data-end=\"653\">Small pearls: <strong data-start=\"645\" data-end=\"653\">5 mm<\/strong><\/p>\n<\/li>\n<li data-start=\"656\" data-end=\"689\">\n<p data-start=\"658\" data-end=\"689\">Larger, oval pearls: <strong data-start=\"681\" data-end=\"689\">8 mm<\/strong><\/p>\n<\/li>\n<\/ul>\n<\/li>\n<li data-start=\"690\" data-end=\"733\">\n<p data-start=\"692\" data-end=\"733\"><strong data-start=\"692\" data-end=\"725\">Total necklace length:<\/strong> 46 cm<\/p>\n<\/li>\n<li data-start=\"734\" data-end=\"789\">\n<p data-start=\"736\" data-end=\"789\">Carefully soldered and secured silver elements<\/p>\n<\/li>\n<li data-start=\"790\" data-end=\"819\">\n<p data-start=\"792\" data-end=\"819\">Hypoallergenic, nickel-free<\/p>\n<\/li>\n<\/ul>\n<p data-start=\"821\" data-end=\"1035\">The pearls are arranged asymmetrically, giving the necklace a contemporary character while preserving its classic elegance. The jewelry drapes beautifully along the neck, subtly accentuating the neckline.<\/p>\n<h2 data-start=\"1037\" data-end=\"1207\"><strong data-start=\"1039\" data-end=\"1052\">Ideal for:\u00a0<\/strong><\/h2>\n<p data-start=\"1037\" data-end=\"1207\"><br data-start=\"1052\" data-end=\"1055\" \/>For women who appreciate subtle jewelry that adds a touch of radiance without being overpowering. Perfect for both elegant outfits and a simple sweater or shirt.<\/p>\n<h2 data-start=\"1209\" data-end=\"1372\"><strong data-start=\"1212\" data-end=\"1227\">Gift idea:<\/strong><\/h2>\n<p data-start=\"1209\" data-end=\"1372\"><br data-start=\"1227\" data-end=\"1230\" \/>Each necklace is packaged in an elegant jewelry box \u2014 ready to be gifted for birthdays, anniversaries, Valentine\u2019s Day, Mother\u2019s Day, or the holidays.<\/p>\n<h2 data-start=\"1374\" data-end=\"1621\"><strong data-start=\"1377\" data-end=\"1398\">Craftsmanship: handmade<\/strong><\/h2>\n<p data-start=\"1374\" data-end=\"1621\"><br data-start=\"1398\" data-end=\"1401\" \/>Each piece is created in my studio with great attention to detail and the highest aesthetic standards. Every pearl is natural and may vary slightly in shape, making each necklace truly one of a kind.<\/p>","protected":false},"excerpt":{"rendered":"<h2><strong>925 Sterling Silver Necklace with Freshwater Pearl, Delicate Pearl Necklace, Minimalist Necklace<\/strong><\/h2>\n<p>&nbsp;<\/p>\n<p>A delicate handmade necklace crafted from <strong data-start=\"78\" data-end=\"92\">925 sterling silver<\/strong> i <strong data-start=\"95\" data-end=\"130\">natural freshwater pearls<\/strong> (5\u20138 mm). The subtle, asymmetrical arrangement of the pearls gives the necklace a modern elegance, while the 46 cm length beautifully highlights the neckline. Perfect for everyday wear as well as special occasions \u2014 classic, feminine, and timeless.<\/p>","protected":false},"featured_media":2279,"comment_status":"open","ping_status":"closed","template":"","meta":{"_uag_custom_page_level_css":"","site-sidebar-layout":"default","site-content-layout":"","ast-site-content-layout":"default","site-content-style":"default","site-sidebar-style":"default","ast-global-header-display":"","ast-banner-title-visibility":"","ast-main-header-display":"","ast-hfb-above-header-display":"","ast-hfb-below-header-display":"","ast-hfb-mobile-header-display":"","site-post-title":"","ast-breadcrumbs-content":"","ast-featured-img":"","footer-sml-layout":"","ast-disable-related-posts":"","theme-transparent-header-meta":"default","adv-header-id-meta":"","stick-header-meta":"","header-above-stick-meta":"","header-main-stick-meta":"","header-below-stick-meta":"","astra-migrate-meta-layouts":"set","ast-page-background-enabled":"default","ast-page-background-meta":{"desktop":{"background-color":"var(--ast-global-color-4)","background-image":"","background-repeat":"repeat","background-position":"center center","background-size":"auto","background-attachment":"scroll","background-type":"","background-media":"","overlay-type":"","overlay-color":"","overlay-opacity":"","overlay-gradient":""},"tablet":{"background-color":"","background-image":"","background-repeat":"repeat","background-position":"center center","background-size":"auto","background-attachment":"scroll","background-type":"","background-media":"","overlay-type":"","overlay-color":"","overlay-opacity":"","overlay-gradient":""},"mobile":{"background-color":"","background-image":"","background-repeat":"repeat","background-position":"center center","background-size":"auto","background-attachment":"scroll","background-type":"","background-media":"","overlay-type":"","overlay-color":"","overlay-opacity":"","overlay-gradient":""}},"ast-content-background-meta":{"desktop":{"background-color":"var(--ast-global-color-5)","background-image":"","background-repeat":"repeat","background-position":"center center","background-size":"auto","background-attachment":"scroll","background-type":"","background-media":"","overlay-type":"","overlay-color":"","overlay-opacity":"","overlay-gradient":""},"tablet":{"background-color":"var(--ast-global-color-5)","background-image":"","background-repeat":"repeat","background-position":"center center","background-size":"auto","background-attachment":"scroll","background-type":"","background-media":"","overlay-type":"","overlay-color":"","overlay-opacity":"","overlay-gradient":""},"mobile":{"background-color":"var(--ast-global-color-5)","background-image":"","background-repeat":"repeat","background-position":"center center","background-size":"auto","background-attachment":"scroll","background-type":"","background-media":"","overlay-type":"","overlay-color":"","overlay-opacity":"","overlay-gradient":""}}},"product_brand":[201],"product_cat":[30,38,31,27],"product_tag":[302,297,296,304,292,300,305,293,295,298,303,290,291,294,301,187,262,215,299],"class_list":{"0":"post-2056","1":"product","2":"type-product","3":"status-publish","4":"has-post-thumbnail","6":"product_brand-cornellia-studio","7":"product_cat-bestsellery","8":"product_cat-naszyjniki-pendants","9":"product_cat-nowosci","10":"product_cat-wszystkie-produkty","11":"product_tag-bizuteria-slubna","12":"product_tag-bizuteria-srebrna","13":"product_tag-bizuteria-z-perlami","14":"product_tag-codzienna-bizuteria","15":"product_tag-delikatny-naszyjnik","16":"product_tag-elegancka-bizuteria","17":"product_tag-lancuszek-z-perlami","18":"product_tag-minimalistyczny-naszyjnik","19":"product_tag-naszyjnik-choker","20":"product_tag-naszyjnik-handmade","21":"product_tag-naszyjnik-slubny","22":"product_tag-naszyjnik-srebrny","23":"product_tag-naszyjnik-z-perlami","24":"product_tag-perly-naturalne","25":"product_tag-prezent-dla-mamy","26":"product_tag-prezent-dla-niej","27":"product_tag-recznie-robiona-bizuteria","28":"product_tag-srebro-925","29":"product_tag-subtelny-naszyjnik","30":"pa_dlugosc-naszyjnika-36cm","31":"pa_dlugosc-naszyjnika-46cm","32":"pa_dlugosc-naszyjnika-58cm","33":"pa_dlugosc-naszyjnika-71cm","34":"pa_dlugosc-naszyjnika-86cm","35":"desktop-align-left","36":"tablet-align-left","37":"mobile-align-left","39":"first","40":"instock","41":"taxable","42":"shipping-taxable","43":"purchasable","44":"product-type-variable"},"yoast_head":"<!-- This site is optimized with the Yoast SEO plugin v27.4 - https:\/\/yoast.com\/product\/yoast-seo-wordpress\/ -->\n<title>Naszyjnik ze srebra pr\u00f3by 925 z per\u0142\u0105 s\u0142odkowodn\u0105, delikatny naszyjnik z per\u0142\u0105, minimalistyczny naszyjnik. - Cornellia Studio<\/title>\n<meta name=\"robots\" content=\"index, follow, max-snippet:-1, max-image-preview:large, max-video-preview:-1\" \/>\n<link rel=\"canonical\" href=\"https:\/\/cornelliastudio.pl\/en\/product\/naszyjnik-ze-srebra-proby-925-z-perla-slodkowodna-delikatny-naszyjnik-z-perla-minimalistyczny-naszyjnik\/\" \/>\n<meta property=\"og:locale\" content=\"en_GB\" \/>\n<meta property=\"og:type\" content=\"article\" \/>\n<meta property=\"og:title\" content=\"Naszyjnik ze srebra pr\u00f3by 925 z per\u0142\u0105 s\u0142odkowodn\u0105, delikatny naszyjnik z per\u0142\u0105, minimalistyczny naszyjnik. - Cornellia Studio\" \/>\n<meta property=\"og:description\" content=\"Naszyjnik ze srebra pr\u00f3by 925 z per\u0142\u0105 s\u0142odkowodn\u0105, delikatny naszyjnik z per\u0142\u0105, minimalistyczny naszyjnik. &nbsp;  Delikatny naszyjnik wykonany r\u0119cznie ze srebra 925 i naturalnych pere\u0142 s\u0142odkowodnych (5\u20138 mm). Subtelny, asymetryczny uk\u0142ad pere\u0142 nadaje mu nowoczesn\u0105 elegancj\u0119, a d\u0142ugo\u015b\u0107 46 cm pi\u0119knie podkre\u015bla dekolt. Idealny na co dzie\u0144 i do wyj\u0105tkowych stylizacji \u2014 klasyczny, kobiecy i ponadczasowy.\" \/>\n<meta property=\"og:url\" content=\"https:\/\/cornelliastudio.pl\/en\/product\/naszyjnik-ze-srebra-proby-925-z-perla-slodkowodna-delikatny-naszyjnik-z-perla-minimalistyczny-naszyjnik\/\" \/>\n<meta property=\"og:site_name\" content=\"Cornellia Studio\" \/>\n<meta property=\"article:modified_time\" content=\"2025-12-17T12:36:45+00:00\" \/>\n<meta property=\"og:image\" content=\"https:\/\/cornelliastudio.pl\/wp-content\/uploads\/2025\/11\/20251015_094531.jpg\" \/>\n\t<meta property=\"og:image:width\" content=\"1578\" \/>\n\t<meta property=\"og:image:height\" content=\"1409\" \/>\n\t<meta property=\"og:image:type\" content=\"image\/jpeg\" \/>\n<meta name=\"twitter:card\" content=\"summary_large_image\" \/>\n<meta name=\"twitter:label1\" content=\"Estimated reading time\" \/>\n\t<meta name=\"twitter:data1\" content=\"2 minutes\" \/>\n<script type=\"application\/ld+json\" class=\"yoast-schema-graph\">{\"@context\":\"https:\\\/\\\/schema.org\",\"@graph\":[{\"@type\":\"WebPage\",\"@id\":\"https:\\\/\\\/cornelliastudio.pl\\\/produkt\\\/naszyjnik-ze-srebra-proby-925-z-perla-slodkowodna-delikatny-naszyjnik-z-perla-minimalistyczny-naszyjnik\\\/\",\"url\":\"https:\\\/\\\/cornelliastudio.pl\\\/produkt\\\/naszyjnik-ze-srebra-proby-925-z-perla-slodkowodna-delikatny-naszyjnik-z-perla-minimalistyczny-naszyjnik\\\/\",\"name\":\"Naszyjnik ze srebra pr\u00f3by 925 z per\u0142\u0105 s\u0142odkowodn\u0105, delikatny naszyjnik z per\u0142\u0105, minimalistyczny naszyjnik. - Cornellia Studio\",\"isPartOf\":{\"@id\":\"https:\\\/\\\/cornelliastudio.pl\\\/#website\"},\"primaryImageOfPage\":{\"@id\":\"https:\\\/\\\/cornelliastudio.pl\\\/produkt\\\/naszyjnik-ze-srebra-proby-925-z-perla-slodkowodna-delikatny-naszyjnik-z-perla-minimalistyczny-naszyjnik\\\/#primaryimage\"},\"image\":{\"@id\":\"https:\\\/\\\/cornelliastudio.pl\\\/produkt\\\/naszyjnik-ze-srebra-proby-925-z-perla-slodkowodna-delikatny-naszyjnik-z-perla-minimalistyczny-naszyjnik\\\/#primaryimage\"},\"thumbnailUrl\":\"https:\\\/\\\/cornelliastudio.pl\\\/wp-content\\\/uploads\\\/2025\\\/11\\\/20251015_094531.jpg\",\"datePublished\":\"2025-11-25T17:00:11+00:00\",\"dateModified\":\"2025-12-17T12:36:45+00:00\",\"breadcrumb\":{\"@id\":\"https:\\\/\\\/cornelliastudio.pl\\\/produkt\\\/naszyjnik-ze-srebra-proby-925-z-perla-slodkowodna-delikatny-naszyjnik-z-perla-minimalistyczny-naszyjnik\\\/#breadcrumb\"},\"inLanguage\":\"en-GB\",\"potentialAction\":[{\"@type\":\"ReadAction\",\"target\":[\"https:\\\/\\\/cornelliastudio.pl\\\/produkt\\\/naszyjnik-ze-srebra-proby-925-z-perla-slodkowodna-delikatny-naszyjnik-z-perla-minimalistyczny-naszyjnik\\\/\"]}]},{\"@type\":\"ImageObject\",\"inLanguage\":\"en-GB\",\"@id\":\"https:\\\/\\\/cornelliastudio.pl\\\/produkt\\\/naszyjnik-ze-srebra-proby-925-z-perla-slodkowodna-delikatny-naszyjnik-z-perla-minimalistyczny-naszyjnik\\\/#primaryimage\",\"url\":\"https:\\\/\\\/cornelliastudio.pl\\\/wp-content\\\/uploads\\\/2025\\\/11\\\/20251015_094531.jpg\",\"contentUrl\":\"https:\\\/\\\/cornelliastudio.pl\\\/wp-content\\\/uploads\\\/2025\\\/11\\\/20251015_094531.jpg\",\"width\":1578,\"height\":1409},{\"@type\":\"BreadcrumbList\",\"@id\":\"https:\\\/\\\/cornelliastudio.pl\\\/produkt\\\/naszyjnik-ze-srebra-proby-925-z-perla-slodkowodna-delikatny-naszyjnik-z-perla-minimalistyczny-naszyjnik\\\/#breadcrumb\",\"itemListElement\":[{\"@type\":\"ListItem\",\"position\":1,\"name\":\"Strona g\u0142\u00f3wna\",\"item\":\"https:\\\/\\\/cornelliastudio.pl\\\/\"},{\"@type\":\"ListItem\",\"position\":2,\"name\":\"Sklep\",\"item\":\"https:\\\/\\\/cornelliastudio.pl\\\/sklep\\\/\"},{\"@type\":\"ListItem\",\"position\":3,\"name\":\"Naszyjnik ze srebra pr\u00f3by 925 z per\u0142\u0105 s\u0142odkowodn\u0105, delikatny naszyjnik z per\u0142\u0105, minimalistyczny naszyjnik.\"}]},{\"@type\":\"WebSite\",\"@id\":\"https:\\\/\\\/cornelliastudio.pl\\\/#website\",\"url\":\"https:\\\/\\\/cornelliastudio.pl\\\/\",\"name\":\"Cornellia Studio\",\"description\":\"Bi\u017cuteria artystyczna, hand made\",\"publisher\":{\"@id\":\"https:\\\/\\\/cornelliastudio.pl\\\/#organization\"},\"potentialAction\":[{\"@type\":\"SearchAction\",\"target\":{\"@type\":\"EntryPoint\",\"urlTemplate\":\"https:\\\/\\\/cornelliastudio.pl\\\/?s={search_term_string}\"},\"query-input\":{\"@type\":\"PropertyValueSpecification\",\"valueRequired\":true,\"valueName\":\"search_term_string\"}}],\"inLanguage\":\"en-GB\"},{\"@type\":\"Organization\",\"@id\":\"https:\\\/\\\/cornelliastudio.pl\\\/#organization\",\"name\":\"Cornellia Studio\",\"url\":\"https:\\\/\\\/cornelliastudio.pl\\\/\",\"logo\":{\"@type\":\"ImageObject\",\"inLanguage\":\"en-GB\",\"@id\":\"https:\\\/\\\/cornelliastudio.pl\\\/#\\\/schema\\\/logo\\\/image\\\/\",\"url\":\"https:\\\/\\\/cornelliastudio.pl\\\/wp-content\\\/uploads\\\/2025\\\/10\\\/Cornellia-Studio-logo.png\",\"contentUrl\":\"https:\\\/\\\/cornelliastudio.pl\\\/wp-content\\\/uploads\\\/2025\\\/10\\\/Cornellia-Studio-logo.png\",\"width\":1563,\"height\":1563,\"caption\":\"Cornellia Studio\"},\"image\":{\"@id\":\"https:\\\/\\\/cornelliastudio.pl\\\/#\\\/schema\\\/logo\\\/image\\\/\"}}]}<\/script>\n<!-- \/ Yoast SEO plugin. -->","yoast_head_json":{"title":"Naszyjnik ze srebra pr\u00f3by 925 z per\u0142\u0105 s\u0142odkowodn\u0105, delikatny naszyjnik z per\u0142\u0105, minimalistyczny naszyjnik. - Cornellia Studio","robots":{"index":"index","follow":"follow","max-snippet":"max-snippet:-1","max-image-preview":"max-image-preview:large","max-video-preview":"max-video-preview:-1"},"canonical":"https:\/\/cornelliastudio.pl\/en\/product\/naszyjnik-ze-srebra-proby-925-z-perla-slodkowodna-delikatny-naszyjnik-z-perla-minimalistyczny-naszyjnik\/","og_locale":"en_GB","og_type":"article","og_title":"Naszyjnik ze srebra pr\u00f3by 925 z per\u0142\u0105 s\u0142odkowodn\u0105, delikatny naszyjnik z per\u0142\u0105, minimalistyczny naszyjnik. - Cornellia Studio","og_description":"Naszyjnik ze srebra pr\u00f3by 925 z per\u0142\u0105 s\u0142odkowodn\u0105, delikatny naszyjnik z per\u0142\u0105, minimalistyczny naszyjnik. &nbsp;  Delikatny naszyjnik wykonany r\u0119cznie ze srebra 925 i naturalnych pere\u0142 s\u0142odkowodnych (5\u20138 mm). Subtelny, asymetryczny uk\u0142ad pere\u0142 nadaje mu nowoczesn\u0105 elegancj\u0119, a d\u0142ugo\u015b\u0107 46 cm pi\u0119knie podkre\u015bla dekolt. Idealny na co dzie\u0144 i do wyj\u0105tkowych stylizacji \u2014 klasyczny, kobiecy i ponadczasowy.","og_url":"https:\/\/cornelliastudio.pl\/en\/product\/naszyjnik-ze-srebra-proby-925-z-perla-slodkowodna-delikatny-naszyjnik-z-perla-minimalistyczny-naszyjnik\/","og_site_name":"Cornellia Studio","article_modified_time":"2025-12-17T12:36:45+00:00","og_image":[{"width":1578,"height":1409,"url":"https:\/\/cornelliastudio.pl\/wp-content\/uploads\/2025\/11\/20251015_094531.jpg","type":"image\/jpeg"}],"twitter_card":"summary_large_image","twitter_misc":{"Estimated reading time":"2 minutes"},"schema":{"@context":"https:\/\/schema.org","@graph":[{"@type":"WebPage","@id":"https:\/\/cornelliastudio.pl\/produkt\/naszyjnik-ze-srebra-proby-925-z-perla-slodkowodna-delikatny-naszyjnik-z-perla-minimalistyczny-naszyjnik\/","url":"https:\/\/cornelliastudio.pl\/produkt\/naszyjnik-ze-srebra-proby-925-z-perla-slodkowodna-delikatny-naszyjnik-z-perla-minimalistyczny-naszyjnik\/","name":"Naszyjnik ze srebra pr\u00f3by 925 z per\u0142\u0105 s\u0142odkowodn\u0105, delikatny naszyjnik z per\u0142\u0105, minimalistyczny naszyjnik. - Cornellia Studio","isPartOf":{"@id":"https:\/\/cornelliastudio.pl\/#website"},"primaryImageOfPage":{"@id":"https:\/\/cornelliastudio.pl\/produkt\/naszyjnik-ze-srebra-proby-925-z-perla-slodkowodna-delikatny-naszyjnik-z-perla-minimalistyczny-naszyjnik\/#primaryimage"},"image":{"@id":"https:\/\/cornelliastudio.pl\/produkt\/naszyjnik-ze-srebra-proby-925-z-perla-slodkowodna-delikatny-naszyjnik-z-perla-minimalistyczny-naszyjnik\/#primaryimage"},"thumbnailUrl":"https:\/\/cornelliastudio.pl\/wp-content\/uploads\/2025\/11\/20251015_094531.jpg","datePublished":"2025-11-25T17:00:11+00:00","dateModified":"2025-12-17T12:36:45+00:00","breadcrumb":{"@id":"https:\/\/cornelliastudio.pl\/produkt\/naszyjnik-ze-srebra-proby-925-z-perla-slodkowodna-delikatny-naszyjnik-z-perla-minimalistyczny-naszyjnik\/#breadcrumb"},"inLanguage":"en-GB","potentialAction":[{"@type":"ReadAction","target":["https:\/\/cornelliastudio.pl\/produkt\/naszyjnik-ze-srebra-proby-925-z-perla-slodkowodna-delikatny-naszyjnik-z-perla-minimalistyczny-naszyjnik\/"]}]},{"@type":"ImageObject","inLanguage":"en-GB","@id":"https:\/\/cornelliastudio.pl\/produkt\/naszyjnik-ze-srebra-proby-925-z-perla-slodkowodna-delikatny-naszyjnik-z-perla-minimalistyczny-naszyjnik\/#primaryimage","url":"https:\/\/cornelliastudio.pl\/wp-content\/uploads\/2025\/11\/20251015_094531.jpg","contentUrl":"https:\/\/cornelliastudio.pl\/wp-content\/uploads\/2025\/11\/20251015_094531.jpg","width":1578,"height":1409},{"@type":"BreadcrumbList","@id":"https:\/\/cornelliastudio.pl\/produkt\/naszyjnik-ze-srebra-proby-925-z-perla-slodkowodna-delikatny-naszyjnik-z-perla-minimalistyczny-naszyjnik\/#breadcrumb","itemListElement":[{"@type":"ListItem","position":1,"name":"Strona g\u0142\u00f3wna","item":"https:\/\/cornelliastudio.pl\/"},{"@type":"ListItem","position":2,"name":"Sklep","item":"https:\/\/cornelliastudio.pl\/sklep\/"},{"@type":"ListItem","position":3,"name":"Naszyjnik ze srebra pr\u00f3by 925 z per\u0142\u0105 s\u0142odkowodn\u0105, delikatny naszyjnik z per\u0142\u0105, minimalistyczny naszyjnik."}]},{"@type":"WebSite","@id":"https:\/\/cornelliastudio.pl\/#website","url":"https:\/\/cornelliastudio.pl\/","name":"Cornellia Studio","description":"Bi\u017cuteria artystyczna, hand made","publisher":{"@id":"https:\/\/cornelliastudio.pl\/#organization"},"potentialAction":[{"@type":"SearchAction","target":{"@type":"EntryPoint","urlTemplate":"https:\/\/cornelliastudio.pl\/?s={search_term_string}"},"query-input":{"@type":"PropertyValueSpecification","valueRequired":true,"valueName":"search_term_string"}}],"inLanguage":"en-GB"},{"@type":"Organization","@id":"https:\/\/cornelliastudio.pl\/#organization","name":"Cornellia Studio","url":"https:\/\/cornelliastudio.pl\/","logo":{"@type":"ImageObject","inLanguage":"en-GB","@id":"https:\/\/cornelliastudio.pl\/#\/schema\/logo\/image\/","url":"https:\/\/cornelliastudio.pl\/wp-content\/uploads\/2025\/10\/Cornellia-Studio-logo.png","contentUrl":"https:\/\/cornelliastudio.pl\/wp-content\/uploads\/2025\/10\/Cornellia-Studio-logo.png","width":1563,"height":1563,"caption":"Cornellia Studio"},"image":{"@id":"https:\/\/cornelliastudio.pl\/#\/schema\/logo\/image\/"}}]}},"uagb_featured_image_src":{"full":["https:\/\/cornelliastudio.pl\/wp-content\/uploads\/2025\/11\/20251015_094531.jpg",1578,1409,false],"thumbnail":["https:\/\/cornelliastudio.pl\/wp-content\/uploads\/2025\/11\/20251015_094531-150x150.jpg",150,150,true],"medium":["https:\/\/cornelliastudio.pl\/wp-content\/uploads\/2025\/11\/20251015_094531-300x268.jpg",300,268,true],"medium_large":["https:\/\/cornelliastudio.pl\/wp-content\/uploads\/2025\/11\/20251015_094531-768x686.jpg",768,686,true],"large":["https:\/\/cornelliastudio.pl\/wp-content\/uploads\/2025\/11\/20251015_094531-1024x914.jpg",1024,914,true],"1536x1536":["https:\/\/cornelliastudio.pl\/wp-content\/uploads\/2025\/11\/20251015_094531-1536x1371.jpg",1536,1371,true],"2048x2048":["https:\/\/cornelliastudio.pl\/wp-content\/uploads\/2025\/11\/20251015_094531.jpg",1578,1409,false],"trp-custom-language-flag":["https:\/\/cornelliastudio.pl\/wp-content\/uploads\/2025\/11\/20251015_094531.jpg",13,12,false],"woocommerce_thumbnail":["https:\/\/cornelliastudio.pl\/wp-content\/uploads\/2025\/11\/20251015_094531-300x300.jpg",300,300,true],"woocommerce_single":["https:\/\/cornelliastudio.pl\/wp-content\/uploads\/2025\/11\/20251015_094531-600x536.jpg",600,536,true],"woocommerce_gallery_thumbnail":["https:\/\/cornelliastudio.pl\/wp-content\/uploads\/2025\/11\/20251015_094531-100x100.jpg",100,100,true]},"uagb_author_info":{"display_name":"Administrator","author_link":"https:\/\/cornelliastudio.pl\/en\/author\/"},"uagb_comment_info":0,"uagb_excerpt":"Naszyjnik ze srebra pr\u00f3by 925 z per\u0142\u0105 s\u0142odkowodn\u0105, delikatny naszyjnik z per\u0142\u0105, minimalistyczny naszyjnik. &nbsp; Delikatny naszyjnik wykonany r\u0119cznie ze srebra 925 i naturalnych pere\u0142 s\u0142odkowodnych (5\u20138 mm). Subtelny, asymetryczny uk\u0142ad pere\u0142 nadaje mu nowoczesn\u0105 elegancj\u0119, a d\u0142ugo\u015b\u0107 46 cm pi\u0119knie podkre\u015bla dekolt. Idealny na co dzie\u0144 i do wyj\u0105tkowych stylizacji \u2014 klasyczny, kobiecy i&hellip;","_links":{"self":[{"href":"https:\/\/cornelliastudio.pl\/en\/wp-json\/wp\/v2\/product\/2056","targetHints":{"allow":["GET"]}}],"collection":[{"href":"https:\/\/cornelliastudio.pl\/en\/wp-json\/wp\/v2\/product"}],"about":[{"href":"https:\/\/cornelliastudio.pl\/en\/wp-json\/wp\/v2\/types\/product"}],"replies":[{"embeddable":true,"href":"https:\/\/cornelliastudio.pl\/en\/wp-json\/wp\/v2\/comments?post=2056"}],"wp:featuredmedia":[{"embeddable":true,"href":"https:\/\/cornelliastudio.pl\/en\/wp-json\/wp\/v2\/media\/2279"}],"wp:attachment":[{"href":"https:\/\/cornelliastudio.pl\/en\/wp-json\/wp\/v2\/media?parent=2056"}],"wp:term":[{"taxonomy":"product_brand","embeddable":true,"href":"https:\/\/cornelliastudio.pl\/en\/wp-json\/wp\/v2\/product_brand?post=2056"},{"taxonomy":"product_cat","embeddable":true,"href":"https:\/\/cornelliastudio.pl\/en\/wp-json\/wp\/v2\/product_cat?post=2056"},{"taxonomy":"product_tag","embeddable":true,"href":"https:\/\/cornelliastudio.pl\/en\/wp-json\/wp\/v2\/product_tag?post=2056"}],"curies":[{"name":"wp","href":"https:\/\/api.w.org\/{rel}","templated":true}]}}