{"id":2054,"date":"2025-11-25T18:00:08","date_gmt":"2025-11-25T17:00:08","guid":{"rendered":"https:\/\/cornelliastudio.pl\/produkt\/recznie-robione-kolczyki-ze-srebra-925-z-naturalna-perla-minimalistyczna-bizuteria\/"},"modified":"2025-12-17T10:25:41","modified_gmt":"2025-12-17T09:25:41","slug":"recznie-robione-kolczyki-ze-srebra-925-z-naturalna-perla-minimalistyczna-bizuteria","status":"publish","type":"product","link":"https:\/\/cornelliastudio.pl\/en\/product\/recznie-robione-kolczyki-ze-srebra-925-z-naturalna-perla-minimalistyczna-bizuteria\/","title":{"rendered":"925 Sterling Silver Necklace with Blue Topaz Briolette \u2013 Minimalist Design"},"content":{"rendered":"<h2 data-start=\"138\" data-end=\"235\"><strong data-start=\"142\" data-end=\"235\">925 Sterling Silver Necklace with Blue Topaz Briolette \u2013 Minimalist Design<\/strong><\/h2>\n<p data-start=\"237\" data-end=\"562\">A delicate, handcrafted necklace made from 925 sterling silver, adorned with a light blue topaz briolette. The faceted teardrop beautifully reflects the light, adding a subtle and refined sparkle. The decorative element combines the briolette with a smooth, minimalist sterling silver circle, together measuring approximately 22 mm in length.<\/p>\n<p data-start=\"564\" data-end=\"700\">The jewelry is lightweight, feminine, and versatile. It is perfect for both everyday wear and more elegant occasions.<\/p>\n<hr data-start=\"702\" data-end=\"705\" \/>\n<h2 data-start=\"707\" data-end=\"728\"><strong data-start=\"709\" data-end=\"728\">Product details:<\/strong><\/h2>\n<ul data-start=\"730\" data-end=\"1061\">\n<li data-start=\"730\" data-end=\"764\">\n<p data-start=\"732\" data-end=\"764\"><strong data-start=\"732\" data-end=\"745\">Material:<\/strong> 925  sterling silver<\/p>\n<\/li>\n<li data-start=\"765\" data-end=\"854\">\n<p data-start=\"767\" data-end=\"854\"><strong data-start=\"767\" data-end=\"778\">Stone:<\/strong> natural blue topaz, faceted briolette (teardrop shape) in a light blue shade<\/p>\n<\/li>\n<li data-start=\"855\" data-end=\"891\">\n<p data-start=\"857\" data-end=\"891\"><strong data-start=\"857\" data-end=\"880\">Briolette size:<\/strong> approx. 8 mm<\/p>\n<\/li>\n<li data-start=\"892\" data-end=\"938\">\n<p data-start=\"894\" data-end=\"938\"><strong data-start=\"894\" data-end=\"923\">Size of the silver circle:<\/strong> approx 10 mm,<\/p>\n<\/li>\n<li data-start=\"939\" data-end=\"980\">\n<p data-start=\"941\" data-end=\"980\"><strong data-start=\"941\" data-end=\"972\">Total length of the element:<\/strong> 22 mm<\/p>\n<\/li>\n<li data-start=\"981\" data-end=\"1015\">\n<p data-start=\"983\" data-end=\"1015\"><strong data-start=\"983\" data-end=\"1005\">Chain length:<\/strong> 48 cm<\/p>\n<\/li>\n<li data-start=\"1016\" data-end=\"1061\">\n<p data-start=\"1018\" data-end=\"1061\"><strong data-start=\"1018\" data-end=\"1027\">Style:<\/strong> minimalist, lightweight, and feminine<\/p>\n<\/li>\n<\/ul>\n<hr data-start=\"1063\" data-end=\"1066\" \/>\n<h2 data-start=\"1068\" data-end=\"1271\"><strong data-start=\"1071\" data-end=\"1094\">Perfect gift idea<\/strong><\/h2>\n<p data-start=\"1068\" data-end=\"1271\">The necklace is packaged in an elegant jewelry gift box, making it a perfect choice for a birthday, anniversary, Women\u2019s Day, Mother\u2019s Day, or as a special gift for any occasion.<\/p>\n<h2 data-start=\"1273\" data-end=\"1297\"><strong data-start=\"1276\" data-end=\"1295\">Why you\u2019ll love it<\/strong><\/h2>\n<ul data-start=\"1298\" data-end=\"1449\">\n<li data-start=\"1298\" data-end=\"1328\">\n<p data-start=\"1300\" data-end=\"1328\">entirely handcrafted<\/p>\n<\/li>\n<li data-start=\"1329\" data-end=\"1359\">\n<p data-start=\"1331\" data-end=\"1359\">hypoallergenic, nickel-free<\/p>\n<\/li>\n<li data-start=\"1360\" data-end=\"1406\">\n<p data-start=\"1362\" data-end=\"1406\">versatile and suitable for many styles<\/p>\n<\/li>\n<li data-start=\"1407\" data-end=\"1449\">\n<p data-start=\"1409\" data-end=\"1449\">subtly shimmering yet understated<\/p>\n<\/li>\n<\/ul>","protected":false},"excerpt":{"rendered":"<h2><strong>925 Sterling Silver Necklace with Blue Topaz Briolette \u2013 Minimalist Design<\/strong><\/h2>\n<p>A delicate necklace crafted from 925 sterling silver, adorned with a faceted blue topaz briolette in a soft light-blue shade. The gemstone, measuring approximately 8 mm, is suspended from a sterling silver circle with a diameter of about 10 mm, creating an elegant focal element with a total length of 22 mm. The design is completed with a fine sterling silver chain measuring 45.7 cm in length. A minimalist, lightweight, and feminine piece of jewelry.<\/p>","protected":false},"featured_media":2357,"comment_status":"open","ping_status":"closed","template":"","meta":{"_uag_custom_page_level_css":"","site-sidebar-layout":"default","site-content-layout":"","ast-site-content-layout":"default","site-content-style":"default","site-sidebar-style":"default","ast-global-header-display":"","ast-banner-title-visibility":"","ast-main-header-display":"","ast-hfb-above-header-display":"","ast-hfb-below-header-display":"","ast-hfb-mobile-header-display":"","site-post-title":"","ast-breadcrumbs-content":"","ast-featured-img":"","footer-sml-layout":"","ast-disable-related-posts":"","theme-transparent-header-meta":"default","adv-header-id-meta":"","stick-header-meta":"","header-above-stick-meta":"","header-main-stick-meta":"","header-below-stick-meta":"","astra-migrate-meta-layouts":"set","ast-page-background-enabled":"default","ast-page-background-meta":{"desktop":{"background-color":"var(--ast-global-color-4)","background-image":"","background-repeat":"repeat","background-position":"center center","background-size":"auto","background-attachment":"scroll","background-type":"","background-media":"","overlay-type":"","overlay-color":"","overlay-opacity":"","overlay-gradient":""},"tablet":{"background-color":"","background-image":"","background-repeat":"repeat","background-position":"center center","background-size":"auto","background-attachment":"scroll","background-type":"","background-media":"","overlay-type":"","overlay-color":"","overlay-opacity":"","overlay-gradient":""},"mobile":{"background-color":"","background-image":"","background-repeat":"repeat","background-position":"center center","background-size":"auto","background-attachment":"scroll","background-type":"","background-media":"","overlay-type":"","overlay-color":"","overlay-opacity":"","overlay-gradient":""}},"ast-content-background-meta":{"desktop":{"background-color":"var(--ast-global-color-5)","background-image":"","background-repeat":"repeat","background-position":"center center","background-size":"auto","background-attachment":"scroll","background-type":"","background-media":"","overlay-type":"","overlay-color":"","overlay-opacity":"","overlay-gradient":""},"tablet":{"background-color":"var(--ast-global-color-5)","background-image":"","background-repeat":"repeat","background-position":"center center","background-size":"auto","background-attachment":"scroll","background-type":"","background-media":"","overlay-type":"","overlay-color":"","overlay-opacity":"","overlay-gradient":""},"mobile":{"background-color":"var(--ast-global-color-5)","background-image":"","background-repeat":"repeat","background-position":"center center","background-size":"auto","background-attachment":"scroll","background-type":"","background-media":"","overlay-type":"","overlay-color":"","overlay-opacity":"","overlay-gradient":""}}},"product_brand":[201],"product_cat":[30,38,31],"product_tag":[342,340,292,327,276,341,298,290,338,309,187,215,339],"class_list":{"0":"post-2054","1":"product","2":"type-product","3":"status-publish","4":"has-post-thumbnail","6":"product_brand-cornellia-studio","7":"product_cat-bestsellery","8":"product_cat-naszyjniki-pendants","9":"product_cat-nowosci","10":"product_tag-bizuteria-autorska","11":"product_tag-brioletka-topaz","12":"product_tag-delikatny-naszyjnik","13":"product_tag-elegancki-naszyjnik","14":"product_tag-minimalistyczna-bizuteria","15":"product_tag-naszyjnik-damski","16":"product_tag-naszyjnik-handmade","17":"product_tag-naszyjnik-srebrny","18":"product_tag-naszyjnik-topaz","19":"product_tag-naszyjnik-z-kamieniem","20":"product_tag-prezent-dla-niej","21":"product_tag-srebro-925","22":"product_tag-topaz-niebieski","23":"pa_dlugosc-naszyjnika-36cm","24":"pa_dlugosc-naszyjnika-48cm","25":"pa_dlugosc-naszyjnika-58cm","26":"pa_dlugosc-naszyjnika-86cm","27":"desktop-align-left","28":"tablet-align-left","29":"mobile-align-left","31":"first","32":"instock","33":"taxable","34":"shipping-taxable","35":"purchasable","36":"product-type-variable"},"yoast_head":"<!-- This site is optimized with the Yoast SEO plugin v27.4 - https:\/\/yoast.com\/product\/yoast-seo-wordpress\/ -->\n<title>Naszyjnik ze srebra 925 z niebiesk\u0105 brioletk\u0105 topazu \u2013 minimalistyczna - Cornellia Studio<\/title>\n<meta name=\"robots\" content=\"index, follow, max-snippet:-1, max-image-preview:large, max-video-preview:-1\" \/>\n<link rel=\"canonical\" href=\"https:\/\/cornelliastudio.pl\/en\/product\/recznie-robione-kolczyki-ze-srebra-925-z-naturalna-perla-minimalistyczna-bizuteria\/\" \/>\n<meta property=\"og:locale\" content=\"en_GB\" \/>\n<meta property=\"og:type\" content=\"article\" \/>\n<meta property=\"og:title\" content=\"Naszyjnik ze srebra 925 z niebiesk\u0105 brioletk\u0105 topazu \u2013 minimalistyczna - Cornellia Studio\" \/>\n<meta property=\"og:description\" content=\"Naszyjnik ze srebra 925 z niebiesk\u0105 brioletk\u0105 topazu \u2013 minimalistyczna Delikatny naszyjnik wykonany ze srebra pr\u00f3by 925, ozdobiony fasetowan\u0105 brioletk\u0105 topazu w odcieniu jasnego b\u0142\u0119kitu. Kamie\u0144 o wielko\u015bci ok. 8 mm zosta\u0142 zawieszony na srebrnym k\u00f3\u0142ku o \u015brednicy ok. 10 mm, tworz\u0105c elegancki element o \u0142\u0105cznej d\u0142ugo\u015bci 22 mm. Ca\u0142o\u015b\u0107 umieszczona na subtelnym \u0142a\u0144cuszku o d\u0142ugo\u015bci 45,7 cm. Bi\u017cuteria w minimalistycznym, lekkim i kobiecym stylu.\" \/>\n<meta property=\"og:url\" content=\"https:\/\/cornelliastudio.pl\/en\/product\/recznie-robione-kolczyki-ze-srebra-925-z-naturalna-perla-minimalistyczna-bizuteria\/\" \/>\n<meta property=\"og:site_name\" content=\"Cornellia Studio\" \/>\n<meta property=\"article:modified_time\" content=\"2025-12-17T09:25:41+00:00\" \/>\n<meta property=\"og:image\" content=\"https:\/\/cornelliastudio.pl\/wp-content\/uploads\/2025\/11\/20250507_101155-\u2014-kopia-scaled.jpg\" \/>\n\t<meta property=\"og:image:width\" content=\"2560\" \/>\n\t<meta property=\"og:image:height\" content=\"2560\" \/>\n\t<meta property=\"og:image:type\" content=\"image\/jpeg\" \/>\n<meta name=\"twitter:card\" content=\"summary_large_image\" \/>\n<meta name=\"twitter:label1\" content=\"Estimated reading time\" \/>\n\t<meta name=\"twitter:data1\" content=\"2 minutes\" \/>\n<script type=\"application\/ld+json\" class=\"yoast-schema-graph\">{\"@context\":\"https:\\\/\\\/schema.org\",\"@graph\":[{\"@type\":\"WebPage\",\"@id\":\"https:\\\/\\\/cornelliastudio.pl\\\/produkt\\\/recznie-robione-kolczyki-ze-srebra-925-z-naturalna-perla-minimalistyczna-bizuteria\\\/\",\"url\":\"https:\\\/\\\/cornelliastudio.pl\\\/produkt\\\/recznie-robione-kolczyki-ze-srebra-925-z-naturalna-perla-minimalistyczna-bizuteria\\\/\",\"name\":\"Naszyjnik ze srebra 925 z niebiesk\u0105 brioletk\u0105 topazu \u2013 minimalistyczna - Cornellia Studio\",\"isPartOf\":{\"@id\":\"https:\\\/\\\/cornelliastudio.pl\\\/#website\"},\"primaryImageOfPage\":{\"@id\":\"https:\\\/\\\/cornelliastudio.pl\\\/produkt\\\/recznie-robione-kolczyki-ze-srebra-925-z-naturalna-perla-minimalistyczna-bizuteria\\\/#primaryimage\"},\"image\":{\"@id\":\"https:\\\/\\\/cornelliastudio.pl\\\/produkt\\\/recznie-robione-kolczyki-ze-srebra-925-z-naturalna-perla-minimalistyczna-bizuteria\\\/#primaryimage\"},\"thumbnailUrl\":\"https:\\\/\\\/cornelliastudio.pl\\\/wp-content\\\/uploads\\\/2025\\\/11\\\/20250507_101155-\u2014-kopia-scaled.jpg\",\"datePublished\":\"2025-11-25T17:00:08+00:00\",\"dateModified\":\"2025-12-17T09:25:41+00:00\",\"breadcrumb\":{\"@id\":\"https:\\\/\\\/cornelliastudio.pl\\\/produkt\\\/recznie-robione-kolczyki-ze-srebra-925-z-naturalna-perla-minimalistyczna-bizuteria\\\/#breadcrumb\"},\"inLanguage\":\"en-GB\",\"potentialAction\":[{\"@type\":\"ReadAction\",\"target\":[\"https:\\\/\\\/cornelliastudio.pl\\\/produkt\\\/recznie-robione-kolczyki-ze-srebra-925-z-naturalna-perla-minimalistyczna-bizuteria\\\/\"]}]},{\"@type\":\"ImageObject\",\"inLanguage\":\"en-GB\",\"@id\":\"https:\\\/\\\/cornelliastudio.pl\\\/produkt\\\/recznie-robione-kolczyki-ze-srebra-925-z-naturalna-perla-minimalistyczna-bizuteria\\\/#primaryimage\",\"url\":\"https:\\\/\\\/cornelliastudio.pl\\\/wp-content\\\/uploads\\\/2025\\\/11\\\/20250507_101155-\u2014-kopia-scaled.jpg\",\"contentUrl\":\"https:\\\/\\\/cornelliastudio.pl\\\/wp-content\\\/uploads\\\/2025\\\/11\\\/20250507_101155-\u2014-kopia-scaled.jpg\",\"width\":2560,\"height\":2560},{\"@type\":\"BreadcrumbList\",\"@id\":\"https:\\\/\\\/cornelliastudio.pl\\\/produkt\\\/recznie-robione-kolczyki-ze-srebra-925-z-naturalna-perla-minimalistyczna-bizuteria\\\/#breadcrumb\",\"itemListElement\":[{\"@type\":\"ListItem\",\"position\":1,\"name\":\"Strona g\u0142\u00f3wna\",\"item\":\"https:\\\/\\\/cornelliastudio.pl\\\/\"},{\"@type\":\"ListItem\",\"position\":2,\"name\":\"Sklep\",\"item\":\"https:\\\/\\\/cornelliastudio.pl\\\/sklep\\\/\"},{\"@type\":\"ListItem\",\"position\":3,\"name\":\"Naszyjnik ze srebra 925 z niebiesk\u0105 brioletk\u0105 topazu \u2013 minimalistyczna\"}]},{\"@type\":\"WebSite\",\"@id\":\"https:\\\/\\\/cornelliastudio.pl\\\/#website\",\"url\":\"https:\\\/\\\/cornelliastudio.pl\\\/\",\"name\":\"Cornellia Studio\",\"description\":\"Bi\u017cuteria artystyczna, hand made\",\"publisher\":{\"@id\":\"https:\\\/\\\/cornelliastudio.pl\\\/#organization\"},\"potentialAction\":[{\"@type\":\"SearchAction\",\"target\":{\"@type\":\"EntryPoint\",\"urlTemplate\":\"https:\\\/\\\/cornelliastudio.pl\\\/?s={search_term_string}\"},\"query-input\":{\"@type\":\"PropertyValueSpecification\",\"valueRequired\":true,\"valueName\":\"search_term_string\"}}],\"inLanguage\":\"en-GB\"},{\"@type\":\"Organization\",\"@id\":\"https:\\\/\\\/cornelliastudio.pl\\\/#organization\",\"name\":\"Cornellia Studio\",\"url\":\"https:\\\/\\\/cornelliastudio.pl\\\/\",\"logo\":{\"@type\":\"ImageObject\",\"inLanguage\":\"en-GB\",\"@id\":\"https:\\\/\\\/cornelliastudio.pl\\\/#\\\/schema\\\/logo\\\/image\\\/\",\"url\":\"https:\\\/\\\/cornelliastudio.pl\\\/wp-content\\\/uploads\\\/2025\\\/10\\\/Cornellia-Studio-logo.png\",\"contentUrl\":\"https:\\\/\\\/cornelliastudio.pl\\\/wp-content\\\/uploads\\\/2025\\\/10\\\/Cornellia-Studio-logo.png\",\"width\":1563,\"height\":1563,\"caption\":\"Cornellia Studio\"},\"image\":{\"@id\":\"https:\\\/\\\/cornelliastudio.pl\\\/#\\\/schema\\\/logo\\\/image\\\/\"}}]}<\/script>\n<!-- \/ Yoast SEO plugin. -->","yoast_head_json":{"title":"Naszyjnik ze srebra 925 z niebiesk\u0105 brioletk\u0105 topazu \u2013 minimalistyczna - Cornellia Studio","robots":{"index":"index","follow":"follow","max-snippet":"max-snippet:-1","max-image-preview":"max-image-preview:large","max-video-preview":"max-video-preview:-1"},"canonical":"https:\/\/cornelliastudio.pl\/en\/product\/recznie-robione-kolczyki-ze-srebra-925-z-naturalna-perla-minimalistyczna-bizuteria\/","og_locale":"en_GB","og_type":"article","og_title":"Naszyjnik ze srebra 925 z niebiesk\u0105 brioletk\u0105 topazu \u2013 minimalistyczna - Cornellia Studio","og_description":"Naszyjnik ze srebra 925 z niebiesk\u0105 brioletk\u0105 topazu \u2013 minimalistyczna Delikatny naszyjnik wykonany ze srebra pr\u00f3by 925, ozdobiony fasetowan\u0105 brioletk\u0105 topazu w odcieniu jasnego b\u0142\u0119kitu. Kamie\u0144 o wielko\u015bci ok. 8 mm zosta\u0142 zawieszony na srebrnym k\u00f3\u0142ku o \u015brednicy ok. 10 mm, tworz\u0105c elegancki element o \u0142\u0105cznej d\u0142ugo\u015bci 22 mm. Ca\u0142o\u015b\u0107 umieszczona na subtelnym \u0142a\u0144cuszku o d\u0142ugo\u015bci 45,7 cm. Bi\u017cuteria w minimalistycznym, lekkim i kobiecym stylu.","og_url":"https:\/\/cornelliastudio.pl\/en\/product\/recznie-robione-kolczyki-ze-srebra-925-z-naturalna-perla-minimalistyczna-bizuteria\/","og_site_name":"Cornellia Studio","article_modified_time":"2025-12-17T09:25:41+00:00","og_image":[{"width":2560,"height":2560,"url":"https:\/\/cornelliastudio.pl\/wp-content\/uploads\/2025\/11\/20250507_101155-\u2014-kopia-scaled.jpg","type":"image\/jpeg"}],"twitter_card":"summary_large_image","twitter_misc":{"Estimated reading time":"2 minutes"},"schema":{"@context":"https:\/\/schema.org","@graph":[{"@type":"WebPage","@id":"https:\/\/cornelliastudio.pl\/produkt\/recznie-robione-kolczyki-ze-srebra-925-z-naturalna-perla-minimalistyczna-bizuteria\/","url":"https:\/\/cornelliastudio.pl\/produkt\/recznie-robione-kolczyki-ze-srebra-925-z-naturalna-perla-minimalistyczna-bizuteria\/","name":"Naszyjnik ze srebra 925 z niebiesk\u0105 brioletk\u0105 topazu \u2013 minimalistyczna - Cornellia Studio","isPartOf":{"@id":"https:\/\/cornelliastudio.pl\/#website"},"primaryImageOfPage":{"@id":"https:\/\/cornelliastudio.pl\/produkt\/recznie-robione-kolczyki-ze-srebra-925-z-naturalna-perla-minimalistyczna-bizuteria\/#primaryimage"},"image":{"@id":"https:\/\/cornelliastudio.pl\/produkt\/recznie-robione-kolczyki-ze-srebra-925-z-naturalna-perla-minimalistyczna-bizuteria\/#primaryimage"},"thumbnailUrl":"https:\/\/cornelliastudio.pl\/wp-content\/uploads\/2025\/11\/20250507_101155-\u2014-kopia-scaled.jpg","datePublished":"2025-11-25T17:00:08+00:00","dateModified":"2025-12-17T09:25:41+00:00","breadcrumb":{"@id":"https:\/\/cornelliastudio.pl\/produkt\/recznie-robione-kolczyki-ze-srebra-925-z-naturalna-perla-minimalistyczna-bizuteria\/#breadcrumb"},"inLanguage":"en-GB","potentialAction":[{"@type":"ReadAction","target":["https:\/\/cornelliastudio.pl\/produkt\/recznie-robione-kolczyki-ze-srebra-925-z-naturalna-perla-minimalistyczna-bizuteria\/"]}]},{"@type":"ImageObject","inLanguage":"en-GB","@id":"https:\/\/cornelliastudio.pl\/produkt\/recznie-robione-kolczyki-ze-srebra-925-z-naturalna-perla-minimalistyczna-bizuteria\/#primaryimage","url":"https:\/\/cornelliastudio.pl\/wp-content\/uploads\/2025\/11\/20250507_101155-\u2014-kopia-scaled.jpg","contentUrl":"https:\/\/cornelliastudio.pl\/wp-content\/uploads\/2025\/11\/20250507_101155-\u2014-kopia-scaled.jpg","width":2560,"height":2560},{"@type":"BreadcrumbList","@id":"https:\/\/cornelliastudio.pl\/produkt\/recznie-robione-kolczyki-ze-srebra-925-z-naturalna-perla-minimalistyczna-bizuteria\/#breadcrumb","itemListElement":[{"@type":"ListItem","position":1,"name":"Strona g\u0142\u00f3wna","item":"https:\/\/cornelliastudio.pl\/"},{"@type":"ListItem","position":2,"name":"Sklep","item":"https:\/\/cornelliastudio.pl\/sklep\/"},{"@type":"ListItem","position":3,"name":"Naszyjnik ze srebra 925 z niebiesk\u0105 brioletk\u0105 topazu \u2013 minimalistyczna"}]},{"@type":"WebSite","@id":"https:\/\/cornelliastudio.pl\/#website","url":"https:\/\/cornelliastudio.pl\/","name":"Cornellia Studio","description":"Bi\u017cuteria artystyczna, hand made","publisher":{"@id":"https:\/\/cornelliastudio.pl\/#organization"},"potentialAction":[{"@type":"SearchAction","target":{"@type":"EntryPoint","urlTemplate":"https:\/\/cornelliastudio.pl\/?s={search_term_string}"},"query-input":{"@type":"PropertyValueSpecification","valueRequired":true,"valueName":"search_term_string"}}],"inLanguage":"en-GB"},{"@type":"Organization","@id":"https:\/\/cornelliastudio.pl\/#organization","name":"Cornellia Studio","url":"https:\/\/cornelliastudio.pl\/","logo":{"@type":"ImageObject","inLanguage":"en-GB","@id":"https:\/\/cornelliastudio.pl\/#\/schema\/logo\/image\/","url":"https:\/\/cornelliastudio.pl\/wp-content\/uploads\/2025\/10\/Cornellia-Studio-logo.png","contentUrl":"https:\/\/cornelliastudio.pl\/wp-content\/uploads\/2025\/10\/Cornellia-Studio-logo.png","width":1563,"height":1563,"caption":"Cornellia Studio"},"image":{"@id":"https:\/\/cornelliastudio.pl\/#\/schema\/logo\/image\/"}}]}},"uagb_featured_image_src":{"full":["https:\/\/cornelliastudio.pl\/wp-content\/uploads\/2025\/11\/20250507_101155-\u2014-kopia-scaled.jpg",2560,2560,false],"thumbnail":["https:\/\/cornelliastudio.pl\/wp-content\/uploads\/2025\/11\/20250507_101155-\u2014-kopia-150x150.jpg",150,150,true],"medium":["https:\/\/cornelliastudio.pl\/wp-content\/uploads\/2025\/11\/20250507_101155-\u2014-kopia-300x300.jpg",300,300,true],"medium_large":["https:\/\/cornelliastudio.pl\/wp-content\/uploads\/2025\/11\/20250507_101155-\u2014-kopia-768x768.jpg",768,768,true],"large":["https:\/\/cornelliastudio.pl\/wp-content\/uploads\/2025\/11\/20250507_101155-\u2014-kopia-1024x1024.jpg",1024,1024,true],"1536x1536":["https:\/\/cornelliastudio.pl\/wp-content\/uploads\/2025\/11\/20250507_101155-\u2014-kopia-1536x1536.jpg",1536,1536,true],"2048x2048":["https:\/\/cornelliastudio.pl\/wp-content\/uploads\/2025\/11\/20250507_101155-\u2014-kopia-2048x2048.jpg",2048,2048,true],"trp-custom-language-flag":["https:\/\/cornelliastudio.pl\/wp-content\/uploads\/2025\/11\/20250507_101155-\u2014-kopia-scaled.jpg",12,12,false],"woocommerce_thumbnail":["https:\/\/cornelliastudio.pl\/wp-content\/uploads\/2025\/11\/20250507_101155-\u2014-kopia-300x300.jpg",300,300,true],"woocommerce_single":["https:\/\/cornelliastudio.pl\/wp-content\/uploads\/2025\/11\/20250507_101155-\u2014-kopia-600x600.jpg",600,600,true],"woocommerce_gallery_thumbnail":["https:\/\/cornelliastudio.pl\/wp-content\/uploads\/2025\/11\/20250507_101155-\u2014-kopia-100x100.jpg",100,100,true]},"uagb_author_info":{"display_name":"Administrator","author_link":"https:\/\/cornelliastudio.pl\/en\/author\/"},"uagb_comment_info":0,"uagb_excerpt":"Naszyjnik ze srebra 925 z niebiesk\u0105 brioletk\u0105 topazu \u2013 minimalistyczna Delikatny naszyjnik wykonany ze srebra pr\u00f3by 925, ozdobiony fasetowan\u0105 brioletk\u0105 topazu w odcieniu jasnego b\u0142\u0119kitu. Kamie\u0144 o wielko\u015bci ok. 8 mm zosta\u0142 zawieszony na srebrnym k\u00f3\u0142ku o \u015brednicy ok. 10 mm, tworz\u0105c elegancki element o \u0142\u0105cznej d\u0142ugo\u015bci 22 mm. Ca\u0142o\u015b\u0107 umieszczona na subtelnym \u0142a\u0144cuszku o&hellip;","_links":{"self":[{"href":"https:\/\/cornelliastudio.pl\/en\/wp-json\/wp\/v2\/product\/2054","targetHints":{"allow":["GET"]}}],"collection":[{"href":"https:\/\/cornelliastudio.pl\/en\/wp-json\/wp\/v2\/product"}],"about":[{"href":"https:\/\/cornelliastudio.pl\/en\/wp-json\/wp\/v2\/types\/product"}],"replies":[{"embeddable":true,"href":"https:\/\/cornelliastudio.pl\/en\/wp-json\/wp\/v2\/comments?post=2054"}],"wp:featuredmedia":[{"embeddable":true,"href":"https:\/\/cornelliastudio.pl\/en\/wp-json\/wp\/v2\/media\/2357"}],"wp:attachment":[{"href":"https:\/\/cornelliastudio.pl\/en\/wp-json\/wp\/v2\/media?parent=2054"}],"wp:term":[{"taxonomy":"product_brand","embeddable":true,"href":"https:\/\/cornelliastudio.pl\/en\/wp-json\/wp\/v2\/product_brand?post=2054"},{"taxonomy":"product_cat","embeddable":true,"href":"https:\/\/cornelliastudio.pl\/en\/wp-json\/wp\/v2\/product_cat?post=2054"},{"taxonomy":"product_tag","embeddable":true,"href":"https:\/\/cornelliastudio.pl\/en\/wp-json\/wp\/v2\/product_tag?post=2054"}],"curies":[{"name":"wp","href":"https:\/\/api.w.org\/{rel}","templated":true}]}}