{"id":2051,"date":"2025-11-25T17:59:53","date_gmt":"2025-11-25T16:59:53","guid":{"rendered":"https:\/\/cornelliastudio.pl\/produkt\/bransoletka-ze-srebra-925-z-turkusem-delikatna-minimalistyczna-bransoletka-bizuteria-z-naturalnym-turkusem-subtelny-prezent-dla-niej\/"},"modified":"2026-01-03T16:00:21","modified_gmt":"2026-01-03T15:00:21","slug":"bransoletka-ze-srebra-925-z-turkusem-delikatna-minimalistyczna-bransoletka-bizuteria-z-naturalnym-turkusem-subtelny-prezent-dla-niej","status":"publish","type":"product","link":"https:\/\/cornelliastudio.pl\/en\/product\/bransoletka-ze-srebra-925-z-turkusem-delikatna-minimalistyczna-bransoletka-bizuteria-z-naturalnym-turkusem-subtelny-prezent-dla-niej\/","title":{"rendered":"Airy 925 Sterling Silver Amethyst Earrings \u2013 Artistic Jewelry"},"content":{"rendered":"<h2 data-start=\"150\" data-end=\"225\"><strong data-start=\"150\" data-end=\"223\">Sterling Silver Amethyst Earrings \u2013 Delicate, Modern, and Airy Design<\/strong><\/h2>\n<p data-start=\"227\" data-end=\"547\">Add a touch of subtle elegance to your everyday style.\u00a0<br data-start=\"293\" data-end=\"296\" \/>These long, handcrafted earrings made from 925 sterling silver combine the cool shine of silver with the soft, pastel purple hue of amethyst. Their lightweight, airy form featuring slim silver bars and delicate chains gives them a uniquely soft and feminine character.<\/p>\n<p data-start=\"549\" data-end=\"713\">The asymmetrical, minimalist arrangement of the elements allows the earrings to move beautifully with every step, adding a sense of freshness and modern grace to any look.<\/p>\n<h2 data-start=\"715\" data-end=\"1053\"><strong data-start=\"717\" data-end=\"740\">Product details:<\/strong><\/h2>\n<p data-start=\"715\" data-end=\"1053\">\u2022 <strong data-start=\"745\" data-end=\"758\">Material:<\/strong> 925  sterling silver<br data-start=\"775\" data-end=\"778\" \/>\u2022 <strong data-start=\"780\" data-end=\"791\">Stone:<\/strong> natural amethyst \u2013 pastel purple; bead approx. 8 mm<br data-start=\"844\" data-end=\"847\" \/>\u2022 <strong data-start=\"849\" data-end=\"871\">Earring length:<\/strong> Length: approx. 7 cm<br data-start=\"880\" data-end=\"883\" \/>\u2022 <strong data-start=\"885\" data-end=\"898\" data-is-only-node=\"\">Closure:<\/strong> English leverback clasps \u2013 comfortable and secure<br data-start=\"950\" data-end=\"953\" \/>\u2022 <strong data-start=\"955\" data-end=\"971\">Finish:<\/strong> polished silver<br data-start=\"989\" data-end=\"992\" \/>\u2022 <strong data-start=\"994\" data-end=\"1003\">Style:<\/strong> modern, pastel, minimalist, and airy<\/p>\n<h2 data-start=\"1055\" data-end=\"1283\"><strong data-start=\"1058\" data-end=\"1081\">Meaning of Amethyst:<\/strong><\/h2>\n<p data-start=\"1055\" data-end=\"1283\">Amethyst is a stone of harmony, calm, and intuition. It is believed to be a talisman of emotional balance, supporting concentration, easing tension, and bringing a sense of inner peace. It symbolizes gentle, spiritual elegance.<\/p>\n<h2 data-start=\"1285\" data-end=\"1493\"><strong data-start=\"1288\" data-end=\"1312\">Perfect gift for:<\/strong><\/h2>\n<p data-start=\"1285\" data-end=\"1493\">\u2022 a loved one\u00a0<br data-start=\"1335\" data-end=\"1338\" \/>\u2022 a woman who appreciates minimalism and subtle elegance<br data-start=\"1388\" data-end=\"1391\" \/>\u2022 a birthday, anniversary, Valentine\u2019s Day, or Women\u2019s Day<br data-start=\"1440\" data-end=\"1443\" \/>\u2022 lovers of delicate, artistic jewelry<\/p>\n<h2 data-start=\"1495\" data-end=\"1654\"><strong data-start=\"1498\" data-end=\"1564\">Handcrafted in a small studio \u2014 each pair is one of a kind.<\/strong><\/h2>\n<p data-start=\"1495\" data-end=\"1654\">Created with great attention to detail to highlight your natural delicacy and individuality.<\/p>","protected":false},"excerpt":{"rendered":"<h2><strong>Airy 925 Sterling Silver Earrings with Natural Amethyst<\/strong><\/h2>\n<p>Delicate, long earrings crafted from 925 sterling silver with natural amethyst (8 mm). Handcrafted in a modern, minimalist style, featuring subtle chains and sleek sterling silver bars. Lightweight, airy, and feminine \u2014 perfect for everyday wear as well as elegant occasions.<\/p>","protected":false},"featured_media":2458,"comment_status":"open","ping_status":"closed","template":"","meta":{"_uag_custom_page_level_css":"","site-sidebar-layout":"default","site-content-layout":"","ast-site-content-layout":"default","site-content-style":"default","site-sidebar-style":"default","ast-global-header-display":"","ast-banner-title-visibility":"","ast-main-header-display":"","ast-hfb-above-header-display":"","ast-hfb-below-header-display":"","ast-hfb-mobile-header-display":"","site-post-title":"","ast-breadcrumbs-content":"","ast-featured-img":"","footer-sml-layout":"","ast-disable-related-posts":"","theme-transparent-header-meta":"default","adv-header-id-meta":"","stick-header-meta":"","header-above-stick-meta":"","header-main-stick-meta":"","header-below-stick-meta":"","astra-migrate-meta-layouts":"set","ast-page-background-enabled":"default","ast-page-background-meta":{"desktop":{"background-color":"var(--ast-global-color-4)","background-image":"","background-repeat":"repeat","background-position":"center center","background-size":"auto","background-attachment":"scroll","background-type":"","background-media":"","overlay-type":"","overlay-color":"","overlay-opacity":"","overlay-gradient":""},"tablet":{"background-color":"","background-image":"","background-repeat":"repeat","background-position":"center center","background-size":"auto","background-attachment":"scroll","background-type":"","background-media":"","overlay-type":"","overlay-color":"","overlay-opacity":"","overlay-gradient":""},"mobile":{"background-color":"","background-image":"","background-repeat":"repeat","background-position":"center center","background-size":"auto","background-attachment":"scroll","background-type":"","background-media":"","overlay-type":"","overlay-color":"","overlay-opacity":"","overlay-gradient":""}},"ast-content-background-meta":{"desktop":{"background-color":"var(--ast-global-color-5)","background-image":"","background-repeat":"repeat","background-position":"center center","background-size":"auto","background-attachment":"scroll","background-type":"","background-media":"","overlay-type":"","overlay-color":"","overlay-opacity":"","overlay-gradient":""},"tablet":{"background-color":"var(--ast-global-color-5)","background-image":"","background-repeat":"repeat","background-position":"center center","background-size":"auto","background-attachment":"scroll","background-type":"","background-media":"","overlay-type":"","overlay-color":"","overlay-opacity":"","overlay-gradient":""},"mobile":{"background-color":"var(--ast-global-color-5)","background-image":"","background-repeat":"repeat","background-position":"center center","background-size":"auto","background-attachment":"scroll","background-type":"","background-media":"","overlay-type":"","overlay-color":"","overlay-opacity":"","overlay-gradient":""}}},"product_brand":[201],"product_cat":[30,28,31],"product_tag":[263,386,372,283,353,374,387,210,384,264,202,388,215,256,208],"class_list":{"0":"post-2051","1":"product","2":"type-product","3":"status-publish","4":"has-post-thumbnail","6":"product_brand-cornellia-studio","7":"product_cat-bestsellery","8":"product_cat-kolczyki","9":"product_cat-nowosci","10":"product_tag-eleganckie-kolczyki","11":"product_tag-kolczyki-ametyst","12":"product_tag-kolczyki-artystyczne","13":"product_tag-kolczyki-boho","14":"product_tag-kolczyki-dlugie","15":"product_tag-kolczyki-eleganckie","16":"product_tag-kolczyki-fioletowe","17":"product_tag-kolczyki-handmade","18":"product_tag-kolczyki-leverback","19":"product_tag-kolczyki-na-prezent","20":"product_tag-kolczyki-srebrne","21":"product_tag-romantyczny-styl","22":"product_tag-srebro-925","23":"product_tag-srebro-925-handmade","24":"product_tag-srebro-proby-925","25":"pa_dlugosc-bransoletki-242","26":"pa_dlugosc-bransoletki-243","27":"pa_dlugosc-bransoletki-244","28":"pa_dlugosc-bransoletki-245","29":"pa_dlugosc-bransoletki-246","30":"desktop-align-left","31":"tablet-align-left","32":"mobile-align-left","34":"first","35":"instock","36":"taxable","37":"shipping-taxable","38":"purchasable","39":"product-type-simple"},"yoast_head":"<!-- This site is optimized with the Yoast SEO plugin v27.4 - https:\/\/yoast.com\/product\/yoast-seo-wordpress\/ -->\n<title>Zwiewne kolczyki z ametystem w srebrze 925 \u2013 artystyczna bi\u017cuteria - Cornellia Studio<\/title>\n<meta name=\"robots\" content=\"index, follow, max-snippet:-1, max-image-preview:large, max-video-preview:-1\" \/>\n<link rel=\"canonical\" href=\"https:\/\/cornelliastudio.pl\/en\/product\/bransoletka-ze-srebra-925-z-turkusem-delikatna-minimalistyczna-bransoletka-bizuteria-z-naturalnym-turkusem-subtelny-prezent-dla-niej\/\" \/>\n<meta property=\"og:locale\" content=\"en_GB\" \/>\n<meta property=\"og:type\" content=\"article\" \/>\n<meta property=\"og:title\" content=\"Zwiewne kolczyki z ametystem w srebrze 925 \u2013 artystyczna bi\u017cuteria - Cornellia Studio\" \/>\n<meta property=\"og:description\" content=\"Zwiewne kolczyki ze srebra 925 z naturalnym ametystem Delikatne, d\u0142ugie kolczyki ze srebra 925 z naturalnym ametystem (8 mm). R\u0119cznie wykonane w nowoczesnym, minimalistycznym stylu, z subtelnymi \u0142a\u0144cuszkami i srebrnymi pa\u0142eczkami. Lekkie, zwiewne i kobiece \u2014 idealne na co dzie\u0144 i na eleganckie okazje.\" \/>\n<meta property=\"og:url\" content=\"https:\/\/cornelliastudio.pl\/en\/product\/bransoletka-ze-srebra-925-z-turkusem-delikatna-minimalistyczna-bransoletka-bizuteria-z-naturalnym-turkusem-subtelny-prezent-dla-niej\/\" \/>\n<meta property=\"og:site_name\" content=\"Cornellia Studio\" \/>\n<meta property=\"article:modified_time\" content=\"2026-01-03T15:00:21+00:00\" \/>\n<meta property=\"og:image\" content=\"https:\/\/cornelliastudio.pl\/wp-content\/uploads\/2025\/11\/20250428_154910-scaled.jpg\" \/>\n\t<meta property=\"og:image:width\" content=\"2560\" \/>\n\t<meta property=\"og:image:height\" content=\"2560\" \/>\n\t<meta property=\"og:image:type\" content=\"image\/jpeg\" \/>\n<meta name=\"twitter:card\" content=\"summary_large_image\" \/>\n<meta name=\"twitter:label1\" content=\"Estimated reading time\" \/>\n\t<meta name=\"twitter:data1\" content=\"2 minutes\" \/>\n<script type=\"application\/ld+json\" class=\"yoast-schema-graph\">{\"@context\":\"https:\\\/\\\/schema.org\",\"@graph\":[{\"@type\":\"WebPage\",\"@id\":\"https:\\\/\\\/cornelliastudio.pl\\\/produkt\\\/bransoletka-ze-srebra-925-z-turkusem-delikatna-minimalistyczna-bransoletka-bizuteria-z-naturalnym-turkusem-subtelny-prezent-dla-niej\\\/\",\"url\":\"https:\\\/\\\/cornelliastudio.pl\\\/produkt\\\/bransoletka-ze-srebra-925-z-turkusem-delikatna-minimalistyczna-bransoletka-bizuteria-z-naturalnym-turkusem-subtelny-prezent-dla-niej\\\/\",\"name\":\"Zwiewne kolczyki z ametystem w srebrze 925 \u2013 artystyczna bi\u017cuteria - Cornellia Studio\",\"isPartOf\":{\"@id\":\"https:\\\/\\\/cornelliastudio.pl\\\/#website\"},\"primaryImageOfPage\":{\"@id\":\"https:\\\/\\\/cornelliastudio.pl\\\/produkt\\\/bransoletka-ze-srebra-925-z-turkusem-delikatna-minimalistyczna-bransoletka-bizuteria-z-naturalnym-turkusem-subtelny-prezent-dla-niej\\\/#primaryimage\"},\"image\":{\"@id\":\"https:\\\/\\\/cornelliastudio.pl\\\/produkt\\\/bransoletka-ze-srebra-925-z-turkusem-delikatna-minimalistyczna-bransoletka-bizuteria-z-naturalnym-turkusem-subtelny-prezent-dla-niej\\\/#primaryimage\"},\"thumbnailUrl\":\"https:\\\/\\\/cornelliastudio.pl\\\/wp-content\\\/uploads\\\/2025\\\/11\\\/20250428_154910-scaled.jpg\",\"datePublished\":\"2025-11-25T16:59:53+00:00\",\"dateModified\":\"2026-01-03T15:00:21+00:00\",\"breadcrumb\":{\"@id\":\"https:\\\/\\\/cornelliastudio.pl\\\/produkt\\\/bransoletka-ze-srebra-925-z-turkusem-delikatna-minimalistyczna-bransoletka-bizuteria-z-naturalnym-turkusem-subtelny-prezent-dla-niej\\\/#breadcrumb\"},\"inLanguage\":\"en-GB\",\"potentialAction\":[{\"@type\":\"ReadAction\",\"target\":[\"https:\\\/\\\/cornelliastudio.pl\\\/produkt\\\/bransoletka-ze-srebra-925-z-turkusem-delikatna-minimalistyczna-bransoletka-bizuteria-z-naturalnym-turkusem-subtelny-prezent-dla-niej\\\/\"]}]},{\"@type\":\"ImageObject\",\"inLanguage\":\"en-GB\",\"@id\":\"https:\\\/\\\/cornelliastudio.pl\\\/produkt\\\/bransoletka-ze-srebra-925-z-turkusem-delikatna-minimalistyczna-bransoletka-bizuteria-z-naturalnym-turkusem-subtelny-prezent-dla-niej\\\/#primaryimage\",\"url\":\"https:\\\/\\\/cornelliastudio.pl\\\/wp-content\\\/uploads\\\/2025\\\/11\\\/20250428_154910-scaled.jpg\",\"contentUrl\":\"https:\\\/\\\/cornelliastudio.pl\\\/wp-content\\\/uploads\\\/2025\\\/11\\\/20250428_154910-scaled.jpg\",\"width\":2560,\"height\":2560},{\"@type\":\"BreadcrumbList\",\"@id\":\"https:\\\/\\\/cornelliastudio.pl\\\/produkt\\\/bransoletka-ze-srebra-925-z-turkusem-delikatna-minimalistyczna-bransoletka-bizuteria-z-naturalnym-turkusem-subtelny-prezent-dla-niej\\\/#breadcrumb\",\"itemListElement\":[{\"@type\":\"ListItem\",\"position\":1,\"name\":\"Strona g\u0142\u00f3wna\",\"item\":\"https:\\\/\\\/cornelliastudio.pl\\\/\"},{\"@type\":\"ListItem\",\"position\":2,\"name\":\"Sklep\",\"item\":\"https:\\\/\\\/cornelliastudio.pl\\\/sklep\\\/\"},{\"@type\":\"ListItem\",\"position\":3,\"name\":\"Zwiewne kolczyki z ametystem w srebrze 925 \u2013 artystyczna bi\u017cuteria\"}]},{\"@type\":\"WebSite\",\"@id\":\"https:\\\/\\\/cornelliastudio.pl\\\/#website\",\"url\":\"https:\\\/\\\/cornelliastudio.pl\\\/\",\"name\":\"Cornellia Studio\",\"description\":\"Bi\u017cuteria artystyczna, hand made\",\"publisher\":{\"@id\":\"https:\\\/\\\/cornelliastudio.pl\\\/#organization\"},\"potentialAction\":[{\"@type\":\"SearchAction\",\"target\":{\"@type\":\"EntryPoint\",\"urlTemplate\":\"https:\\\/\\\/cornelliastudio.pl\\\/?s={search_term_string}\"},\"query-input\":{\"@type\":\"PropertyValueSpecification\",\"valueRequired\":true,\"valueName\":\"search_term_string\"}}],\"inLanguage\":\"en-GB\"},{\"@type\":\"Organization\",\"@id\":\"https:\\\/\\\/cornelliastudio.pl\\\/#organization\",\"name\":\"Cornellia Studio\",\"url\":\"https:\\\/\\\/cornelliastudio.pl\\\/\",\"logo\":{\"@type\":\"ImageObject\",\"inLanguage\":\"en-GB\",\"@id\":\"https:\\\/\\\/cornelliastudio.pl\\\/#\\\/schema\\\/logo\\\/image\\\/\",\"url\":\"https:\\\/\\\/cornelliastudio.pl\\\/wp-content\\\/uploads\\\/2025\\\/10\\\/Cornellia-Studio-logo.png\",\"contentUrl\":\"https:\\\/\\\/cornelliastudio.pl\\\/wp-content\\\/uploads\\\/2025\\\/10\\\/Cornellia-Studio-logo.png\",\"width\":1563,\"height\":1563,\"caption\":\"Cornellia Studio\"},\"image\":{\"@id\":\"https:\\\/\\\/cornelliastudio.pl\\\/#\\\/schema\\\/logo\\\/image\\\/\"}}]}<\/script>\n<!-- \/ Yoast SEO plugin. -->","yoast_head_json":{"title":"Zwiewne kolczyki z ametystem w srebrze 925 \u2013 artystyczna bi\u017cuteria - Cornellia Studio","robots":{"index":"index","follow":"follow","max-snippet":"max-snippet:-1","max-image-preview":"max-image-preview:large","max-video-preview":"max-video-preview:-1"},"canonical":"https:\/\/cornelliastudio.pl\/en\/product\/bransoletka-ze-srebra-925-z-turkusem-delikatna-minimalistyczna-bransoletka-bizuteria-z-naturalnym-turkusem-subtelny-prezent-dla-niej\/","og_locale":"en_GB","og_type":"article","og_title":"Zwiewne kolczyki z ametystem w srebrze 925 \u2013 artystyczna bi\u017cuteria - Cornellia Studio","og_description":"Zwiewne kolczyki ze srebra 925 z naturalnym ametystem Delikatne, d\u0142ugie kolczyki ze srebra 925 z naturalnym ametystem (8 mm). R\u0119cznie wykonane w nowoczesnym, minimalistycznym stylu, z subtelnymi \u0142a\u0144cuszkami i srebrnymi pa\u0142eczkami. Lekkie, zwiewne i kobiece \u2014 idealne na co dzie\u0144 i na eleganckie okazje.","og_url":"https:\/\/cornelliastudio.pl\/en\/product\/bransoletka-ze-srebra-925-z-turkusem-delikatna-minimalistyczna-bransoletka-bizuteria-z-naturalnym-turkusem-subtelny-prezent-dla-niej\/","og_site_name":"Cornellia Studio","article_modified_time":"2026-01-03T15:00:21+00:00","og_image":[{"width":2560,"height":2560,"url":"https:\/\/cornelliastudio.pl\/wp-content\/uploads\/2025\/11\/20250428_154910-scaled.jpg","type":"image\/jpeg"}],"twitter_card":"summary_large_image","twitter_misc":{"Estimated reading time":"2 minutes"},"schema":{"@context":"https:\/\/schema.org","@graph":[{"@type":"WebPage","@id":"https:\/\/cornelliastudio.pl\/produkt\/bransoletka-ze-srebra-925-z-turkusem-delikatna-minimalistyczna-bransoletka-bizuteria-z-naturalnym-turkusem-subtelny-prezent-dla-niej\/","url":"https:\/\/cornelliastudio.pl\/produkt\/bransoletka-ze-srebra-925-z-turkusem-delikatna-minimalistyczna-bransoletka-bizuteria-z-naturalnym-turkusem-subtelny-prezent-dla-niej\/","name":"Zwiewne kolczyki z ametystem w srebrze 925 \u2013 artystyczna bi\u017cuteria - Cornellia Studio","isPartOf":{"@id":"https:\/\/cornelliastudio.pl\/#website"},"primaryImageOfPage":{"@id":"https:\/\/cornelliastudio.pl\/produkt\/bransoletka-ze-srebra-925-z-turkusem-delikatna-minimalistyczna-bransoletka-bizuteria-z-naturalnym-turkusem-subtelny-prezent-dla-niej\/#primaryimage"},"image":{"@id":"https:\/\/cornelliastudio.pl\/produkt\/bransoletka-ze-srebra-925-z-turkusem-delikatna-minimalistyczna-bransoletka-bizuteria-z-naturalnym-turkusem-subtelny-prezent-dla-niej\/#primaryimage"},"thumbnailUrl":"https:\/\/cornelliastudio.pl\/wp-content\/uploads\/2025\/11\/20250428_154910-scaled.jpg","datePublished":"2025-11-25T16:59:53+00:00","dateModified":"2026-01-03T15:00:21+00:00","breadcrumb":{"@id":"https:\/\/cornelliastudio.pl\/produkt\/bransoletka-ze-srebra-925-z-turkusem-delikatna-minimalistyczna-bransoletka-bizuteria-z-naturalnym-turkusem-subtelny-prezent-dla-niej\/#breadcrumb"},"inLanguage":"en-GB","potentialAction":[{"@type":"ReadAction","target":["https:\/\/cornelliastudio.pl\/produkt\/bransoletka-ze-srebra-925-z-turkusem-delikatna-minimalistyczna-bransoletka-bizuteria-z-naturalnym-turkusem-subtelny-prezent-dla-niej\/"]}]},{"@type":"ImageObject","inLanguage":"en-GB","@id":"https:\/\/cornelliastudio.pl\/produkt\/bransoletka-ze-srebra-925-z-turkusem-delikatna-minimalistyczna-bransoletka-bizuteria-z-naturalnym-turkusem-subtelny-prezent-dla-niej\/#primaryimage","url":"https:\/\/cornelliastudio.pl\/wp-content\/uploads\/2025\/11\/20250428_154910-scaled.jpg","contentUrl":"https:\/\/cornelliastudio.pl\/wp-content\/uploads\/2025\/11\/20250428_154910-scaled.jpg","width":2560,"height":2560},{"@type":"BreadcrumbList","@id":"https:\/\/cornelliastudio.pl\/produkt\/bransoletka-ze-srebra-925-z-turkusem-delikatna-minimalistyczna-bransoletka-bizuteria-z-naturalnym-turkusem-subtelny-prezent-dla-niej\/#breadcrumb","itemListElement":[{"@type":"ListItem","position":1,"name":"Strona g\u0142\u00f3wna","item":"https:\/\/cornelliastudio.pl\/"},{"@type":"ListItem","position":2,"name":"Sklep","item":"https:\/\/cornelliastudio.pl\/sklep\/"},{"@type":"ListItem","position":3,"name":"Zwiewne kolczyki z ametystem w srebrze 925 \u2013 artystyczna bi\u017cuteria"}]},{"@type":"WebSite","@id":"https:\/\/cornelliastudio.pl\/#website","url":"https:\/\/cornelliastudio.pl\/","name":"Cornellia Studio","description":"Bi\u017cuteria artystyczna, hand made","publisher":{"@id":"https:\/\/cornelliastudio.pl\/#organization"},"potentialAction":[{"@type":"SearchAction","target":{"@type":"EntryPoint","urlTemplate":"https:\/\/cornelliastudio.pl\/?s={search_term_string}"},"query-input":{"@type":"PropertyValueSpecification","valueRequired":true,"valueName":"search_term_string"}}],"inLanguage":"en-GB"},{"@type":"Organization","@id":"https:\/\/cornelliastudio.pl\/#organization","name":"Cornellia Studio","url":"https:\/\/cornelliastudio.pl\/","logo":{"@type":"ImageObject","inLanguage":"en-GB","@id":"https:\/\/cornelliastudio.pl\/#\/schema\/logo\/image\/","url":"https:\/\/cornelliastudio.pl\/wp-content\/uploads\/2025\/10\/Cornellia-Studio-logo.png","contentUrl":"https:\/\/cornelliastudio.pl\/wp-content\/uploads\/2025\/10\/Cornellia-Studio-logo.png","width":1563,"height":1563,"caption":"Cornellia Studio"},"image":{"@id":"https:\/\/cornelliastudio.pl\/#\/schema\/logo\/image\/"}}]}},"uagb_featured_image_src":{"full":["https:\/\/cornelliastudio.pl\/wp-content\/uploads\/2025\/11\/20250428_154910-scaled.jpg",2560,2560,false],"thumbnail":["https:\/\/cornelliastudio.pl\/wp-content\/uploads\/2025\/11\/20250428_154910-150x150.jpg",150,150,true],"medium":["https:\/\/cornelliastudio.pl\/wp-content\/uploads\/2025\/11\/20250428_154910-300x300.jpg",300,300,true],"medium_large":["https:\/\/cornelliastudio.pl\/wp-content\/uploads\/2025\/11\/20250428_154910-768x768.jpg",768,768,true],"large":["https:\/\/cornelliastudio.pl\/wp-content\/uploads\/2025\/11\/20250428_154910-1024x1024.jpg",1024,1024,true],"1536x1536":["https:\/\/cornelliastudio.pl\/wp-content\/uploads\/2025\/11\/20250428_154910-1536x1536.jpg",1536,1536,true],"2048x2048":["https:\/\/cornelliastudio.pl\/wp-content\/uploads\/2025\/11\/20250428_154910-2048x2048.jpg",2048,2048,true],"trp-custom-language-flag":["https:\/\/cornelliastudio.pl\/wp-content\/uploads\/2025\/11\/20250428_154910-scaled.jpg",12,12,false],"woocommerce_thumbnail":["https:\/\/cornelliastudio.pl\/wp-content\/uploads\/2025\/11\/20250428_154910-300x300.jpg",300,300,true],"woocommerce_single":["https:\/\/cornelliastudio.pl\/wp-content\/uploads\/2025\/11\/20250428_154910-600x600.jpg",600,600,true],"woocommerce_gallery_thumbnail":["https:\/\/cornelliastudio.pl\/wp-content\/uploads\/2025\/11\/20250428_154910-100x100.jpg",100,100,true]},"uagb_author_info":{"display_name":"Administrator","author_link":"https:\/\/cornelliastudio.pl\/en\/author\/"},"uagb_comment_info":0,"uagb_excerpt":"Zwiewne kolczyki ze srebra 925 z naturalnym ametystem Delikatne, d\u0142ugie kolczyki ze srebra 925 z naturalnym ametystem (8 mm). R\u0119cznie wykonane w nowoczesnym, minimalistycznym stylu, z subtelnymi \u0142a\u0144cuszkami i srebrnymi pa\u0142eczkami. Lekkie, zwiewne i kobiece \u2014 idealne na co dzie\u0144 i na eleganckie okazje.","_links":{"self":[{"href":"https:\/\/cornelliastudio.pl\/en\/wp-json\/wp\/v2\/product\/2051","targetHints":{"allow":["GET"]}}],"collection":[{"href":"https:\/\/cornelliastudio.pl\/en\/wp-json\/wp\/v2\/product"}],"about":[{"href":"https:\/\/cornelliastudio.pl\/en\/wp-json\/wp\/v2\/types\/product"}],"replies":[{"embeddable":true,"href":"https:\/\/cornelliastudio.pl\/en\/wp-json\/wp\/v2\/comments?post=2051"}],"wp:featuredmedia":[{"embeddable":true,"href":"https:\/\/cornelliastudio.pl\/en\/wp-json\/wp\/v2\/media\/2458"}],"wp:attachment":[{"href":"https:\/\/cornelliastudio.pl\/en\/wp-json\/wp\/v2\/media?parent=2051"}],"wp:term":[{"taxonomy":"product_brand","embeddable":true,"href":"https:\/\/cornelliastudio.pl\/en\/wp-json\/wp\/v2\/product_brand?post=2051"},{"taxonomy":"product_cat","embeddable":true,"href":"https:\/\/cornelliastudio.pl\/en\/wp-json\/wp\/v2\/product_cat?post=2051"},{"taxonomy":"product_tag","embeddable":true,"href":"https:\/\/cornelliastudio.pl\/en\/wp-json\/wp\/v2\/product_tag?post=2051"}],"curies":[{"name":"wp","href":"https:\/\/api.w.org\/{rel}","templated":true}]}}