{"id":2045,"date":"2025-11-25T17:59:24","date_gmt":"2025-11-25T16:59:24","guid":{"rendered":"https:\/\/cornelliastudio.pl\/produkt\/kolczyki-boho-z-koralem-i-turkusem-recznie-robione-kolczyki-ze-srebra-925-artystyczna-bizuteria-prezent-dla-kobiety\/"},"modified":"2026-01-03T16:08:12","modified_gmt":"2026-01-03T15:08:12","slug":"kolczyki-boho-z-koralem-i-turkusem-recznie-robione-kolczyki-ze-srebra-925-artystyczna-bizuteria-prezent-dla-kobiety","status":"publish","type":"product","link":"https:\/\/cornelliastudio.pl\/en\/product\/kolczyki-boho-z-koralem-i-turkusem-recznie-robione-kolczyki-ze-srebra-925-artystyczna-bizuteria-prezent-dla-kobiety\/","title":{"rendered":"Long Sterling Silver 925 Earrings with Lapis Lazuli \u2013 Minimalist, Elegant, Handmade"},"content":{"rendered":"<h2 data-start=\"117\" data-end=\"406\"><strong>Long 925 Sterling Silver Earrings with Lapis Lazuli<\/strong><\/h2>\n<p data-start=\"117\" data-end=\"406\">Minimalist long earrings handmade from 925 sterling silver, featuring a natural gemstone. <strong data-start=\"169\" data-end=\"189\">925 sterling silver<\/strong>, adorned with natural gemstones. <strong data-start=\"223\" data-end=\"239\">lapis lazuli<\/strong> in a deep blue hue. The delicate, geometric form highlights the lightness and elegance of the jewelry, while the noble color of the stone adds a unique and refined character.<\/p>\n<p data-start=\"408\" data-end=\"579\">Earrings move subtly as you wear them, beautifully reflecting the light. Perfect for everyday outfits, yet also a refined accessory for special occasions.<\/p>\n<h2 data-start=\"581\" data-end=\"598\"><strong data-start=\"585\" data-end=\"598\">Materials:<\/strong><\/h2>\n<ul data-start=\"599\" data-end=\"717\">\n<li data-start=\"599\" data-end=\"642\">\n<p data-start=\"601\" data-end=\"642\">925 sterling silver (hand-formed elements)<\/p>\n<\/li>\n<li data-start=\"643\" data-end=\"669\">\n<p data-start=\"645\" data-end=\"669\">natural lapis lazuli<\/p>\n<\/li>\n<li data-start=\"670\" data-end=\"717\">\n<p data-start=\"672\" data-end=\"717\">Stud earrings finished with a minimalist ball<\/p>\n<\/li>\n<\/ul>\n<h2 data-start=\"719\" data-end=\"734\"><strong data-start=\"723\" data-end=\"734\">Dimensions<\/strong><\/h2>\n<ul data-start=\"735\" data-end=\"806\">\n<li data-start=\"735\" data-end=\"770\">\n<p data-start=\"737\" data-end=\"770\"><strong data-start=\"737\" data-end=\"759\">Total length:<\/strong> ok. 4 cm<\/p>\n<\/li>\n<li data-start=\"771\" data-end=\"806\">\n<p data-start=\"773\" data-end=\"806\"><strong data-start=\"773\" data-end=\"795\">Stone size:<\/strong> approx. 4 mm<\/p>\n<\/li>\n<\/ul>\n<h2 data-start=\"808\" data-end=\"830\"><strong data-start=\"812\" data-end=\"830\">Product Details<\/strong><\/h2>\n<ul data-start=\"831\" data-end=\"955\">\n<li data-start=\"831\" data-end=\"874\">\n<p data-start=\"833\" data-end=\"874\">minimalist\/boho\/ everyday style<\/p>\n<\/li>\n<li data-start=\"875\" data-end=\"902\">\n<p data-start=\"877\" data-end=\"902\">elegant and lightweight design<\/p>\n<\/li>\n<li data-start=\"903\" data-end=\"925\">\n<p data-start=\"905\" data-end=\"925\">perfect as a gift<\/p>\n<\/li>\n<\/ul>","protected":false},"excerpt":{"rendered":"<article class=\"text-token-text-primary w-full focus:outline-none [--shadow-height:45px] has-data-writing-block:pointer-events-none has-data-writing-block:-mt-(--shadow-height) has-data-writing-block:pt-(--shadow-height) [&amp;:has([data-writing-block])&gt;*]:pointer-events-auto scroll-mt-[calc(var(--header-height)+min(200px,max(70px,20svh)))]\" dir=\"auto\" data-turn-id=\"request-WEB:2094e2a7-b6ce-4d7b-90d8-86dc1bef5e3e-3\" data-testid=\"conversation-turn-8\" data-scroll-anchor=\"true\" data-turn=\"assistant\">\n<div class=\"text-base my-auto mx-auto pb-10 [--thread-content-margin:--spacing(4)] thread-sm:[--thread-content-margin:--spacing(6)] thread-lg:[--thread-content-margin:--spacing(16)] px-(--thread-content-margin)\">\n<div class=\"[--thread-content-max-width:40rem] thread-lg:[--thread-content-max-width:48rem] mx-auto max-w-(--thread-content-max-width) flex-1 group\/turn-messages focus-visible:outline-hidden relative flex w-full min-w-0 flex-col agent-turn\">\n<div class=\"flex max-w-full flex-col grow\">\n<div class=\"min-h-8 text-message relative flex w-full flex-col items-end gap-2 text-start break-words whitespace-normal [.text-message+&amp;]:mt-1\" dir=\"auto\" data-message-author-role=\"assistant\" data-message-id=\"a71b4617-1457-4533-8ef6-be9f9bb983b2\" data-message-model-slug=\"gpt-5-1\">\n<div class=\"flex w-full flex-col gap-1 empty:hidden first:pt-[1px]\">\n<div class=\"markdown prose dark:prose-invert w-full break-words light markdown-new-styling\">\n<h2 data-start=\"27\" data-end=\"211\"><strong>Srebrne kolczyki 925 z lapis lazuli<\/strong><\/h2>\n<p data-start=\"27\" data-end=\"211\" data-is-last-node=\"\" data-is-only-node=\"\">Delikatne, d\u0142ugie kolczyki ze srebra 925 z naturalnym lapis lazuli (4 mm). R\u0119cznie wykonane, lekkie i minimalistyczne \u2014 idealne na co dzie\u0144 i na specjalne okazje. D\u0142ugo\u015b\u0107 ok. 4 cm.<\/p>\n<\/div>\n<\/div>\n<\/div>\n<\/div>\n<div class=\"z-0 flex min-h-[46px] justify-start\"><\/div>\n<div class=\"mt-3 w-full empty:hidden\">\n<div class=\"text-center\"><\/div>\n<\/div>\n<\/div>\n<\/div>\n<\/article>\n<div class=\"pointer-events-none h-px w-px\" aria-hidden=\"true\" data-edge=\"true\"><\/div>\n","protected":false},"featured_media":2394,"comment_status":"open","ping_status":"closed","template":"","meta":{"_uag_custom_page_level_css":"","site-sidebar-layout":"default","site-content-layout":"","ast-site-content-layout":"default","site-content-style":"default","site-sidebar-style":"default","ast-global-header-display":"","ast-banner-title-visibility":"","ast-main-header-display":"","ast-hfb-above-header-display":"","ast-hfb-below-header-display":"","ast-hfb-mobile-header-display":"","site-post-title":"","ast-breadcrumbs-content":"","ast-featured-img":"","footer-sml-layout":"","ast-disable-related-posts":"","theme-transparent-header-meta":"default","adv-header-id-meta":"","stick-header-meta":"","header-above-stick-meta":"","header-main-stick-meta":"","header-below-stick-meta":"","astra-migrate-meta-layouts":"set","ast-page-background-enabled":"default","ast-page-background-meta":{"desktop":{"background-color":"var(--ast-global-color-4)","background-image":"","background-repeat":"repeat","background-position":"center center","background-size":"auto","background-attachment":"scroll","background-type":"","background-media":"","overlay-type":"","overlay-color":"","overlay-opacity":"","overlay-gradient":""},"tablet":{"background-color":"","background-image":"","background-repeat":"repeat","background-position":"center center","background-size":"auto","background-attachment":"scroll","background-type":"","background-media":"","overlay-type":"","overlay-color":"","overlay-opacity":"","overlay-gradient":""},"mobile":{"background-color":"","background-image":"","background-repeat":"repeat","background-position":"center center","background-size":"auto","background-attachment":"scroll","background-type":"","background-media":"","overlay-type":"","overlay-color":"","overlay-opacity":"","overlay-gradient":""}},"ast-content-background-meta":{"desktop":{"background-color":"var(--ast-global-color-5)","background-image":"","background-repeat":"repeat","background-position":"center center","background-size":"auto","background-attachment":"scroll","background-type":"","background-media":"","overlay-type":"","overlay-color":"","overlay-opacity":"","overlay-gradient":""},"tablet":{"background-color":"var(--ast-global-color-5)","background-image":"","background-repeat":"repeat","background-position":"center center","background-size":"auto","background-attachment":"scroll","background-type":"","background-media":"","overlay-type":"","overlay-color":"","overlay-opacity":"","overlay-gradient":""},"mobile":{"background-color":"var(--ast-global-color-5)","background-image":"","background-repeat":"repeat","background-position":"center center","background-size":"auto","background-attachment":"scroll","background-type":"","background-media":"","overlay-type":"","overlay-color":"","overlay-opacity":"","overlay-gradient":""}}},"product_brand":[201],"product_cat":[30,28,31],"product_tag":[355,209,283,353,205,274,265,354,260,207,187,184,215],"class_list":{"0":"post-2045","1":"product","2":"type-product","3":"status-publish","4":"has-post-thumbnail","6":"product_brand-cornellia-studio","7":"product_cat-bestsellery","8":"product_cat-kolczyki","9":"product_cat-nowosci","10":"product_tag-bizuteria-reczna","11":"product_tag-delikatne-kolczyki","12":"product_tag-kolczyki-boho","13":"product_tag-kolczyki-dlugie","14":"product_tag-kolczyki-minimalistyczne","15":"product_tag-kolczyki-na-co-dzien","16":"product_tag-kolczyki-z-kamieniami","17":"product_tag-kolczyki-z-kamieniem","18":"product_tag-lapis-lazuli","19":"product_tag-nowoczesna-bizuteria","20":"product_tag-prezent-dla-niej","21":"product_tag-srebrne-kolczyki-wiszace","22":"product_tag-srebro-925","23":"desktop-align-left","24":"tablet-align-left","25":"mobile-align-left","27":"first","28":"instock","29":"taxable","30":"shipping-taxable","31":"purchasable","32":"product-type-simple"},"yoast_head":"<!-- This site is optimized with the Yoast SEO plugin v27.4 - https:\/\/yoast.com\/product\/yoast-seo-wordpress\/ -->\n<title>D\u0142ugie kolczyki srebrne 925 z lapis lazuli \u2013 minimalistyczne, eleganckie, r\u0119cznie robione - Cornellia Studio<\/title>\n<meta name=\"robots\" content=\"index, follow, max-snippet:-1, max-image-preview:large, max-video-preview:-1\" \/>\n<link rel=\"canonical\" href=\"https:\/\/cornelliastudio.pl\/en\/product\/kolczyki-boho-z-koralem-i-turkusem-recznie-robione-kolczyki-ze-srebra-925-artystyczna-bizuteria-prezent-dla-kobiety\/\" \/>\n<meta property=\"og:locale\" content=\"en_GB\" \/>\n<meta property=\"og:type\" content=\"article\" \/>\n<meta property=\"og:title\" content=\"D\u0142ugie kolczyki srebrne 925 z lapis lazuli \u2013 minimalistyczne, eleganckie, r\u0119cznie robione - Cornellia Studio\" \/>\n<meta property=\"og:description\" content=\"Srebrne kolczyki 925 z lapis lazuli Delikatne, d\u0142ugie kolczyki ze srebra 925 z naturalnym lapis lazuli (4 mm). R\u0119cznie wykonane, lekkie i minimalistyczne \u2014 idealne na co dzie\u0144 i na specjalne okazje. D\u0142ugo\u015b\u0107 ok. 4 cm.\" \/>\n<meta property=\"og:url\" content=\"https:\/\/cornelliastudio.pl\/en\/product\/kolczyki-boho-z-koralem-i-turkusem-recznie-robione-kolczyki-ze-srebra-925-artystyczna-bizuteria-prezent-dla-kobiety\/\" \/>\n<meta property=\"og:site_name\" content=\"Cornellia Studio\" \/>\n<meta property=\"article:modified_time\" content=\"2026-01-03T15:08:12+00:00\" \/>\n<meta property=\"og:image\" content=\"https:\/\/cornelliastudio.pl\/wp-content\/uploads\/2025\/11\/20250426_095153-scaled.jpg\" \/>\n\t<meta property=\"og:image:width\" content=\"2560\" \/>\n\t<meta property=\"og:image:height\" content=\"2560\" \/>\n\t<meta property=\"og:image:type\" content=\"image\/jpeg\" \/>\n<meta name=\"twitter:card\" content=\"summary_large_image\" \/>\n<meta name=\"twitter:label1\" content=\"Estimated reading time\" \/>\n\t<meta name=\"twitter:data1\" content=\"1 minute\" \/>\n<script type=\"application\/ld+json\" class=\"yoast-schema-graph\">{\"@context\":\"https:\\\/\\\/schema.org\",\"@graph\":[{\"@type\":\"WebPage\",\"@id\":\"https:\\\/\\\/cornelliastudio.pl\\\/produkt\\\/kolczyki-boho-z-koralem-i-turkusem-recznie-robione-kolczyki-ze-srebra-925-artystyczna-bizuteria-prezent-dla-kobiety\\\/\",\"url\":\"https:\\\/\\\/cornelliastudio.pl\\\/produkt\\\/kolczyki-boho-z-koralem-i-turkusem-recznie-robione-kolczyki-ze-srebra-925-artystyczna-bizuteria-prezent-dla-kobiety\\\/\",\"name\":\"D\u0142ugie kolczyki srebrne 925 z lapis lazuli \u2013 minimalistyczne, eleganckie, r\u0119cznie robione - Cornellia Studio\",\"isPartOf\":{\"@id\":\"https:\\\/\\\/cornelliastudio.pl\\\/#website\"},\"primaryImageOfPage\":{\"@id\":\"https:\\\/\\\/cornelliastudio.pl\\\/produkt\\\/kolczyki-boho-z-koralem-i-turkusem-recznie-robione-kolczyki-ze-srebra-925-artystyczna-bizuteria-prezent-dla-kobiety\\\/#primaryimage\"},\"image\":{\"@id\":\"https:\\\/\\\/cornelliastudio.pl\\\/produkt\\\/kolczyki-boho-z-koralem-i-turkusem-recznie-robione-kolczyki-ze-srebra-925-artystyczna-bizuteria-prezent-dla-kobiety\\\/#primaryimage\"},\"thumbnailUrl\":\"https:\\\/\\\/cornelliastudio.pl\\\/wp-content\\\/uploads\\\/2025\\\/11\\\/20250426_095153-scaled.jpg\",\"datePublished\":\"2025-11-25T16:59:24+00:00\",\"dateModified\":\"2026-01-03T15:08:12+00:00\",\"breadcrumb\":{\"@id\":\"https:\\\/\\\/cornelliastudio.pl\\\/produkt\\\/kolczyki-boho-z-koralem-i-turkusem-recznie-robione-kolczyki-ze-srebra-925-artystyczna-bizuteria-prezent-dla-kobiety\\\/#breadcrumb\"},\"inLanguage\":\"en-GB\",\"potentialAction\":[{\"@type\":\"ReadAction\",\"target\":[\"https:\\\/\\\/cornelliastudio.pl\\\/produkt\\\/kolczyki-boho-z-koralem-i-turkusem-recznie-robione-kolczyki-ze-srebra-925-artystyczna-bizuteria-prezent-dla-kobiety\\\/\"]}]},{\"@type\":\"ImageObject\",\"inLanguage\":\"en-GB\",\"@id\":\"https:\\\/\\\/cornelliastudio.pl\\\/produkt\\\/kolczyki-boho-z-koralem-i-turkusem-recznie-robione-kolczyki-ze-srebra-925-artystyczna-bizuteria-prezent-dla-kobiety\\\/#primaryimage\",\"url\":\"https:\\\/\\\/cornelliastudio.pl\\\/wp-content\\\/uploads\\\/2025\\\/11\\\/20250426_095153-scaled.jpg\",\"contentUrl\":\"https:\\\/\\\/cornelliastudio.pl\\\/wp-content\\\/uploads\\\/2025\\\/11\\\/20250426_095153-scaled.jpg\",\"width\":2560,\"height\":2560},{\"@type\":\"BreadcrumbList\",\"@id\":\"https:\\\/\\\/cornelliastudio.pl\\\/produkt\\\/kolczyki-boho-z-koralem-i-turkusem-recznie-robione-kolczyki-ze-srebra-925-artystyczna-bizuteria-prezent-dla-kobiety\\\/#breadcrumb\",\"itemListElement\":[{\"@type\":\"ListItem\",\"position\":1,\"name\":\"Strona g\u0142\u00f3wna\",\"item\":\"https:\\\/\\\/cornelliastudio.pl\\\/\"},{\"@type\":\"ListItem\",\"position\":2,\"name\":\"Sklep\",\"item\":\"https:\\\/\\\/cornelliastudio.pl\\\/sklep\\\/\"},{\"@type\":\"ListItem\",\"position\":3,\"name\":\"D\u0142ugie kolczyki srebrne 925 z lapis lazuli \u2013 minimalistyczne, eleganckie, r\u0119cznie robione\"}]},{\"@type\":\"WebSite\",\"@id\":\"https:\\\/\\\/cornelliastudio.pl\\\/#website\",\"url\":\"https:\\\/\\\/cornelliastudio.pl\\\/\",\"name\":\"Cornellia Studio\",\"description\":\"Bi\u017cuteria artystyczna, hand made\",\"publisher\":{\"@id\":\"https:\\\/\\\/cornelliastudio.pl\\\/#organization\"},\"potentialAction\":[{\"@type\":\"SearchAction\",\"target\":{\"@type\":\"EntryPoint\",\"urlTemplate\":\"https:\\\/\\\/cornelliastudio.pl\\\/?s={search_term_string}\"},\"query-input\":{\"@type\":\"PropertyValueSpecification\",\"valueRequired\":true,\"valueName\":\"search_term_string\"}}],\"inLanguage\":\"en-GB\"},{\"@type\":\"Organization\",\"@id\":\"https:\\\/\\\/cornelliastudio.pl\\\/#organization\",\"name\":\"Cornellia Studio\",\"url\":\"https:\\\/\\\/cornelliastudio.pl\\\/\",\"logo\":{\"@type\":\"ImageObject\",\"inLanguage\":\"en-GB\",\"@id\":\"https:\\\/\\\/cornelliastudio.pl\\\/#\\\/schema\\\/logo\\\/image\\\/\",\"url\":\"https:\\\/\\\/cornelliastudio.pl\\\/wp-content\\\/uploads\\\/2025\\\/10\\\/Cornellia-Studio-logo.png\",\"contentUrl\":\"https:\\\/\\\/cornelliastudio.pl\\\/wp-content\\\/uploads\\\/2025\\\/10\\\/Cornellia-Studio-logo.png\",\"width\":1563,\"height\":1563,\"caption\":\"Cornellia Studio\"},\"image\":{\"@id\":\"https:\\\/\\\/cornelliastudio.pl\\\/#\\\/schema\\\/logo\\\/image\\\/\"}}]}<\/script>\n<!-- \/ Yoast SEO plugin. -->","yoast_head_json":{"title":"D\u0142ugie kolczyki srebrne 925 z lapis lazuli \u2013 minimalistyczne, eleganckie, r\u0119cznie robione - Cornellia Studio","robots":{"index":"index","follow":"follow","max-snippet":"max-snippet:-1","max-image-preview":"max-image-preview:large","max-video-preview":"max-video-preview:-1"},"canonical":"https:\/\/cornelliastudio.pl\/en\/product\/kolczyki-boho-z-koralem-i-turkusem-recznie-robione-kolczyki-ze-srebra-925-artystyczna-bizuteria-prezent-dla-kobiety\/","og_locale":"en_GB","og_type":"article","og_title":"D\u0142ugie kolczyki srebrne 925 z lapis lazuli \u2013 minimalistyczne, eleganckie, r\u0119cznie robione - Cornellia Studio","og_description":"Srebrne kolczyki 925 z lapis lazuli Delikatne, d\u0142ugie kolczyki ze srebra 925 z naturalnym lapis lazuli (4 mm). R\u0119cznie wykonane, lekkie i minimalistyczne \u2014 idealne na co dzie\u0144 i na specjalne okazje. D\u0142ugo\u015b\u0107 ok. 4 cm.","og_url":"https:\/\/cornelliastudio.pl\/en\/product\/kolczyki-boho-z-koralem-i-turkusem-recznie-robione-kolczyki-ze-srebra-925-artystyczna-bizuteria-prezent-dla-kobiety\/","og_site_name":"Cornellia Studio","article_modified_time":"2026-01-03T15:08:12+00:00","og_image":[{"width":2560,"height":2560,"url":"https:\/\/cornelliastudio.pl\/wp-content\/uploads\/2025\/11\/20250426_095153-scaled.jpg","type":"image\/jpeg"}],"twitter_card":"summary_large_image","twitter_misc":{"Estimated reading time":"1 minute"},"schema":{"@context":"https:\/\/schema.org","@graph":[{"@type":"WebPage","@id":"https:\/\/cornelliastudio.pl\/produkt\/kolczyki-boho-z-koralem-i-turkusem-recznie-robione-kolczyki-ze-srebra-925-artystyczna-bizuteria-prezent-dla-kobiety\/","url":"https:\/\/cornelliastudio.pl\/produkt\/kolczyki-boho-z-koralem-i-turkusem-recznie-robione-kolczyki-ze-srebra-925-artystyczna-bizuteria-prezent-dla-kobiety\/","name":"D\u0142ugie kolczyki srebrne 925 z lapis lazuli \u2013 minimalistyczne, eleganckie, r\u0119cznie robione - Cornellia Studio","isPartOf":{"@id":"https:\/\/cornelliastudio.pl\/#website"},"primaryImageOfPage":{"@id":"https:\/\/cornelliastudio.pl\/produkt\/kolczyki-boho-z-koralem-i-turkusem-recznie-robione-kolczyki-ze-srebra-925-artystyczna-bizuteria-prezent-dla-kobiety\/#primaryimage"},"image":{"@id":"https:\/\/cornelliastudio.pl\/produkt\/kolczyki-boho-z-koralem-i-turkusem-recznie-robione-kolczyki-ze-srebra-925-artystyczna-bizuteria-prezent-dla-kobiety\/#primaryimage"},"thumbnailUrl":"https:\/\/cornelliastudio.pl\/wp-content\/uploads\/2025\/11\/20250426_095153-scaled.jpg","datePublished":"2025-11-25T16:59:24+00:00","dateModified":"2026-01-03T15:08:12+00:00","breadcrumb":{"@id":"https:\/\/cornelliastudio.pl\/produkt\/kolczyki-boho-z-koralem-i-turkusem-recznie-robione-kolczyki-ze-srebra-925-artystyczna-bizuteria-prezent-dla-kobiety\/#breadcrumb"},"inLanguage":"en-GB","potentialAction":[{"@type":"ReadAction","target":["https:\/\/cornelliastudio.pl\/produkt\/kolczyki-boho-z-koralem-i-turkusem-recznie-robione-kolczyki-ze-srebra-925-artystyczna-bizuteria-prezent-dla-kobiety\/"]}]},{"@type":"ImageObject","inLanguage":"en-GB","@id":"https:\/\/cornelliastudio.pl\/produkt\/kolczyki-boho-z-koralem-i-turkusem-recznie-robione-kolczyki-ze-srebra-925-artystyczna-bizuteria-prezent-dla-kobiety\/#primaryimage","url":"https:\/\/cornelliastudio.pl\/wp-content\/uploads\/2025\/11\/20250426_095153-scaled.jpg","contentUrl":"https:\/\/cornelliastudio.pl\/wp-content\/uploads\/2025\/11\/20250426_095153-scaled.jpg","width":2560,"height":2560},{"@type":"BreadcrumbList","@id":"https:\/\/cornelliastudio.pl\/produkt\/kolczyki-boho-z-koralem-i-turkusem-recznie-robione-kolczyki-ze-srebra-925-artystyczna-bizuteria-prezent-dla-kobiety\/#breadcrumb","itemListElement":[{"@type":"ListItem","position":1,"name":"Strona g\u0142\u00f3wna","item":"https:\/\/cornelliastudio.pl\/"},{"@type":"ListItem","position":2,"name":"Sklep","item":"https:\/\/cornelliastudio.pl\/sklep\/"},{"@type":"ListItem","position":3,"name":"D\u0142ugie kolczyki srebrne 925 z lapis lazuli \u2013 minimalistyczne, eleganckie, r\u0119cznie robione"}]},{"@type":"WebSite","@id":"https:\/\/cornelliastudio.pl\/#website","url":"https:\/\/cornelliastudio.pl\/","name":"Cornellia Studio","description":"Bi\u017cuteria artystyczna, hand made","publisher":{"@id":"https:\/\/cornelliastudio.pl\/#organization"},"potentialAction":[{"@type":"SearchAction","target":{"@type":"EntryPoint","urlTemplate":"https:\/\/cornelliastudio.pl\/?s={search_term_string}"},"query-input":{"@type":"PropertyValueSpecification","valueRequired":true,"valueName":"search_term_string"}}],"inLanguage":"en-GB"},{"@type":"Organization","@id":"https:\/\/cornelliastudio.pl\/#organization","name":"Cornellia Studio","url":"https:\/\/cornelliastudio.pl\/","logo":{"@type":"ImageObject","inLanguage":"en-GB","@id":"https:\/\/cornelliastudio.pl\/#\/schema\/logo\/image\/","url":"https:\/\/cornelliastudio.pl\/wp-content\/uploads\/2025\/10\/Cornellia-Studio-logo.png","contentUrl":"https:\/\/cornelliastudio.pl\/wp-content\/uploads\/2025\/10\/Cornellia-Studio-logo.png","width":1563,"height":1563,"caption":"Cornellia Studio"},"image":{"@id":"https:\/\/cornelliastudio.pl\/#\/schema\/logo\/image\/"}}]}},"uagb_featured_image_src":{"full":["https:\/\/cornelliastudio.pl\/wp-content\/uploads\/2025\/11\/20250426_095153-scaled.jpg",2560,2560,false],"thumbnail":["https:\/\/cornelliastudio.pl\/wp-content\/uploads\/2025\/11\/20250426_095153-150x150.jpg",150,150,true],"medium":["https:\/\/cornelliastudio.pl\/wp-content\/uploads\/2025\/11\/20250426_095153-300x300.jpg",300,300,true],"medium_large":["https:\/\/cornelliastudio.pl\/wp-content\/uploads\/2025\/11\/20250426_095153-768x768.jpg",768,768,true],"large":["https:\/\/cornelliastudio.pl\/wp-content\/uploads\/2025\/11\/20250426_095153-1024x1024.jpg",1024,1024,true],"1536x1536":["https:\/\/cornelliastudio.pl\/wp-content\/uploads\/2025\/11\/20250426_095153-1536x1536.jpg",1536,1536,true],"2048x2048":["https:\/\/cornelliastudio.pl\/wp-content\/uploads\/2025\/11\/20250426_095153-2048x2048.jpg",2048,2048,true],"trp-custom-language-flag":["https:\/\/cornelliastudio.pl\/wp-content\/uploads\/2025\/11\/20250426_095153-scaled.jpg",12,12,false],"woocommerce_thumbnail":["https:\/\/cornelliastudio.pl\/wp-content\/uploads\/2025\/11\/20250426_095153-300x300.jpg",300,300,true],"woocommerce_single":["https:\/\/cornelliastudio.pl\/wp-content\/uploads\/2025\/11\/20250426_095153-600x600.jpg",600,600,true],"woocommerce_gallery_thumbnail":["https:\/\/cornelliastudio.pl\/wp-content\/uploads\/2025\/11\/20250426_095153-100x100.jpg",100,100,true]},"uagb_author_info":{"display_name":"Administrator","author_link":"https:\/\/cornelliastudio.pl\/en\/author\/"},"uagb_comment_info":0,"uagb_excerpt":"Srebrne kolczyki 925 z lapis lazuli Delikatne, d\u0142ugie kolczyki ze srebra 925 z naturalnym lapis lazuli (4 mm). R\u0119cznie wykonane, lekkie i minimalistyczne \u2014 idealne na co dzie\u0144 i na specjalne okazje. D\u0142ugo\u015b\u0107 ok. 4 cm.","_links":{"self":[{"href":"https:\/\/cornelliastudio.pl\/en\/wp-json\/wp\/v2\/product\/2045","targetHints":{"allow":["GET"]}}],"collection":[{"href":"https:\/\/cornelliastudio.pl\/en\/wp-json\/wp\/v2\/product"}],"about":[{"href":"https:\/\/cornelliastudio.pl\/en\/wp-json\/wp\/v2\/types\/product"}],"replies":[{"embeddable":true,"href":"https:\/\/cornelliastudio.pl\/en\/wp-json\/wp\/v2\/comments?post=2045"}],"wp:featuredmedia":[{"embeddable":true,"href":"https:\/\/cornelliastudio.pl\/en\/wp-json\/wp\/v2\/media\/2394"}],"wp:attachment":[{"href":"https:\/\/cornelliastudio.pl\/en\/wp-json\/wp\/v2\/media?parent=2045"}],"wp:term":[{"taxonomy":"product_brand","embeddable":true,"href":"https:\/\/cornelliastudio.pl\/en\/wp-json\/wp\/v2\/product_brand?post=2045"},{"taxonomy":"product_cat","embeddable":true,"href":"https:\/\/cornelliastudio.pl\/en\/wp-json\/wp\/v2\/product_cat?post=2045"},{"taxonomy":"product_tag","embeddable":true,"href":"https:\/\/cornelliastudio.pl\/en\/wp-json\/wp\/v2\/product_tag?post=2045"}],"curies":[{"name":"wp","href":"https:\/\/api.w.org\/{rel}","templated":true}]}}