{"id":2039,"date":"2025-11-25T17:59:07","date_gmt":"2025-11-25T16:59:07","guid":{"rendered":"https:\/\/cornelliastudio.pl\/produkt\/bransoletka-z-koralu-i-srebra-925-recznie-robiona-z-zawieszka-w-ksztalcie-muszli-slimaka-bizuteria-w-stylu-morskim-i-plazowym\/"},"modified":"2026-01-03T12:30:40","modified_gmt":"2026-01-03T11:30:40","slug":"bransoletka-z-koralu-i-srebra-925-recznie-robiona-z-zawieszka-w-ksztalcie-muszli-slimaka-bizuteria-w-stylu-morskim-i-plazowym","status":"publish","type":"product","link":"https:\/\/cornelliastudio.pl\/en\/product\/bransoletka-z-koralu-i-srebra-925-recznie-robiona-z-zawieszka-w-ksztalcie-muszli-slimaka-bizuteria-w-stylu-morskim-i-plazowym\/","title":{"rendered":"Sterling Silver 925 Garnet Earrings \u2013 Elegant Dangle Earrings with Natural Gemstones"},"content":{"rendered":"<h2><strong>Sterling Silver 925 Garnet Earrings\u00a0<\/strong><\/h2>\n<p data-start=\"80\" data-end=\"378\">Elegant, handcrafted earrings made of 925 sterling silver with natural garnet gemstones are a subtle piece of jewelry that beautifully combines classic style with a delicate touch of romance. The design features small, faceted garnet beads in a deep burgundy shade, shimmering gracefully with every movement.<\/p>\n<p data-start=\"380\" data-end=\"627\">At the center of the composition is a delicate sterling silver circle, from which light, intricately connected chains cascade down, each finished with tiny garnet gemstones. The overall design creates a soft, feminine \u201ccascade\u201d effect, giving the earrings a subtle and sensual character.<\/p>\n<p data-start=\"629\" data-end=\"778\" class=\"translation-block\">The earrings are set on comfortable English hoop clasps, which sit securely on the ear and perfectly complement the elegant form of the design.<\/p>\n<hr data-start=\"780\" data-end=\"783\" \/>\n<h2 data-start=\"785\" data-end=\"803\"><strong data-start=\"789\" data-end=\"803\">Product details:<\/strong><\/h2>\n<ul data-start=\"805\" data-end=\"1056\">\n<li data-start=\"805\" data-end=\"839\">\n<p data-start=\"807\" data-end=\"839\"><strong data-start=\"807\" data-end=\"820\">Material:<\/strong> 925  sterling silver<\/p>\n<\/li>\n<li data-start=\"840\" data-end=\"872\">\n<p data-start=\"842\" data-end=\"872\"><strong data-start=\"842\" data-end=\"853\">Stone:<\/strong> natural garnet<\/p>\n<\/li>\n<li data-start=\"873\" data-end=\"911\">\n<p data-start=\"875\" data-end=\"911\"><strong data-start=\"875\" data-end=\"896\">Stone size:<\/strong> approx. <strong data-start=\"901\" data-end=\"909\">2 mm<\/strong><\/p>\n<\/li>\n<li data-start=\"912\" data-end=\"962\">\n<p data-start=\"914\" data-end=\"962\"><strong data-start=\"914\" data-end=\"946\">Total length of the earrings:<\/strong> approx. <strong data-start=\"951\" data-end=\"960\">45 mm<\/strong><\/p>\n<\/li>\n<li data-start=\"963\" data-end=\"1009\">\n<p data-start=\"965\" data-end=\"1009\"><strong data-start=\"965\" data-end=\"978\">Closure:<\/strong> hoop ear wires (925 sterling silver)<\/p>\n<\/li>\n<li data-start=\"1010\" data-end=\"1056\">\n<p data-start=\"1012\" data-end=\"1056\"><strong data-start=\"1012\" data-end=\"1026\">Craftsmanship:<\/strong> handmade \u2013 Cornellia Studio<\/p>\n<\/li>\n<\/ul>\n<hr data-start=\"1058\" data-end=\"1061\" \/>\n<h2 data-start=\"1063\" data-end=\"1086\"><strong data-start=\"1067\" data-end=\"1086\">Why you\u2019ll love it<\/strong><\/h2>\n<ul data-start=\"1088\" data-end=\"1283\">\n<li data-start=\"1088\" data-end=\"1118\">\n<p data-start=\"1090\" data-end=\"1118\">elegant and feminine design<\/p>\n<\/li>\n<li data-start=\"1119\" data-end=\"1168\">\n<p data-start=\"1121\" data-end=\"1168\">natural gemstones in a deep, wine-red hue<\/p>\n<\/li>\n<li data-start=\"1169\" data-end=\"1213\">\n<p data-start=\"1171\" data-end=\"1213\">lightweight, subtle, and comfortable to wear<\/p>\n<\/li>\n<li data-start=\"1214\" data-end=\"1283\">\n<p data-start=\"1216\" data-end=\"1283\">perfect as a gift or for everyday styling with a touch of sparkle<\/p>\n<\/li>\n<\/ul>","protected":false},"excerpt":{"rendered":"<article class=\"text-token-text-primary w-full focus:outline-none [--shadow-height:45px] has-data-writing-block:pointer-events-none has-data-writing-block:-mt-(--shadow-height) has-data-writing-block:pt-(--shadow-height) [&amp;:has([data-writing-block])&gt;*]:pointer-events-auto scroll-mt-[calc(var(--header-height)+min(200px,max(70px,20svh)))]\" dir=\"auto\" data-turn-id=\"request-WEB:2094e2a7-b6ce-4d7b-90d8-86dc1bef5e3e-28\" data-testid=\"conversation-turn-58\" data-scroll-anchor=\"true\" data-turn=\"assistant\">\n<div class=\"text-base my-auto mx-auto pb-10 [--thread-content-margin:--spacing(4)] thread-sm:[--thread-content-margin:--spacing(6)] thread-lg:[--thread-content-margin:--spacing(16)] px-(--thread-content-margin)\">\n<div class=\"[--thread-content-max-width:40rem] thread-lg:[--thread-content-max-width:48rem] mx-auto max-w-(--thread-content-max-width) flex-1 group\/turn-messages focus-visible:outline-hidden relative flex w-full min-w-0 flex-col agent-turn\">\n<div class=\"flex max-w-full flex-col grow\">\n<div class=\"min-h-8 text-message relative flex w-full flex-col items-end gap-2 text-start break-words whitespace-normal [.text-message+&amp;]:mt-1\" dir=\"auto\" data-message-author-role=\"assistant\" data-message-id=\"e7b20557-2814-4ebf-9b3b-7a7cecbd2096\" data-message-model-slug=\"gpt-5-1\">\n<div class=\"flex w-full flex-col gap-1 empty:hidden first:pt-[1px]\">\n<div class=\"markdown prose dark:prose-invert w-full break-words light markdown-new-styling\">\n<div class=\"flex max-w-full flex-col grow\">\n<div class=\"min-h-8 text-message relative flex w-full flex-col items-end gap-2 text-start break-words whitespace-normal [.text-message+&amp;]:mt-1\" dir=\"auto\" data-message-author-role=\"assistant\" data-message-id=\"865031df-a2b1-4711-b498-ef323179d8a2\" data-message-model-slug=\"gpt-5-1\">\n<div class=\"flex w-full flex-col gap-1 empty:hidden first:pt-[1px]\">\n<div class=\"markdown prose dark:prose-invert w-full break-words light markdown-new-styling\">\n<h2 data-start=\"38\" data-end=\"222\"><strong data-start=\"38\" data-end=\"222\" data-is-last-node=\"\">Zwiewne kolczyki ze srebra 925 zdobione drobnymi granatami. <\/strong><\/h2>\n<p data-start=\"38\" data-end=\"222\" data-is-last-node=\"\" data-is-only-node=\"\">Lekkie, pe\u0142ne subtelnego ruchu i g\u0142\u0119bokiego burgundowego blasku \u2013 idealne jako delikatny, kobiecy akcent na ka\u017cdy dzie\u0144.<\/p>\n<\/div>\n<\/div>\n<\/div>\n<\/div>\n<div class=\"z-0 flex min-h-[46px] justify-start\"><\/div>\n<div class=\"border-token-border-light my-2 flex gap-10 border-t pt-4\">\n<div class=\"flex items-center justify-center overflow-hidden h-14 w-14 rounded-lg\"><\/div>\n<\/div>\n<\/div>\n<\/div>\n<\/div>\n<\/div>\n<div class=\"z-0 flex min-h-[46px] justify-start\"><\/div>\n<div class=\"mt-3 w-full empty:hidden\">\n<div class=\"text-center\"><\/div>\n<\/div>\n<\/div>\n<\/div>\n<\/article>\n<div class=\"pointer-events-none h-px w-px\" aria-hidden=\"true\" data-edge=\"true\"><\/div>\n","protected":false},"featured_media":2421,"comment_status":"open","ping_status":"closed","template":"","meta":{"_uag_custom_page_level_css":"","site-sidebar-layout":"default","site-content-layout":"","ast-site-content-layout":"default","site-content-style":"default","site-sidebar-style":"default","ast-global-header-display":"","ast-banner-title-visibility":"","ast-main-header-display":"","ast-hfb-above-header-display":"","ast-hfb-below-header-display":"","ast-hfb-mobile-header-display":"","site-post-title":"","ast-breadcrumbs-content":"","ast-featured-img":"","footer-sml-layout":"","ast-disable-related-posts":"","theme-transparent-header-meta":"default","adv-header-id-meta":"","stick-header-meta":"","header-above-stick-meta":"","header-main-stick-meta":"","header-below-stick-meta":"","astra-migrate-meta-layouts":"set","ast-page-background-enabled":"default","ast-page-background-meta":{"desktop":{"background-color":"var(--ast-global-color-4)","background-image":"","background-repeat":"repeat","background-position":"center center","background-size":"auto","background-attachment":"scroll","background-type":"","background-media":"","overlay-type":"","overlay-color":"","overlay-opacity":"","overlay-gradient":""},"tablet":{"background-color":"","background-image":"","background-repeat":"repeat","background-position":"center center","background-size":"auto","background-attachment":"scroll","background-type":"","background-media":"","overlay-type":"","overlay-color":"","overlay-opacity":"","overlay-gradient":""},"mobile":{"background-color":"","background-image":"","background-repeat":"repeat","background-position":"center center","background-size":"auto","background-attachment":"scroll","background-type":"","background-media":"","overlay-type":"","overlay-color":"","overlay-opacity":"","overlay-gradient":""}},"ast-content-background-meta":{"desktop":{"background-color":"var(--ast-global-color-5)","background-image":"","background-repeat":"repeat","background-position":"center center","background-size":"auto","background-attachment":"scroll","background-type":"","background-media":"","overlay-type":"","overlay-color":"","overlay-opacity":"","overlay-gradient":""},"tablet":{"background-color":"var(--ast-global-color-5)","background-image":"","background-repeat":"repeat","background-position":"center center","background-size":"auto","background-attachment":"scroll","background-type":"","background-media":"","overlay-type":"","overlay-color":"","overlay-opacity":"","overlay-gradient":""},"mobile":{"background-color":"var(--ast-global-color-5)","background-image":"","background-repeat":"repeat","background-position":"center center","background-size":"auto","background-attachment":"scroll","background-type":"","background-media":"","overlay-type":"","overlay-color":"","overlay-opacity":"","overlay-gradient":""}}},"product_brand":[201],"product_cat":[30,28,31,27],"product_tag":[189,297,367,209,263,365,280,366,265,281,188,187,368],"class_list":{"0":"post-2039","1":"product","2":"type-product","3":"status-publish","4":"has-post-thumbnail","6":"product_brand-cornellia-studio","7":"product_cat-bestsellery","8":"product_cat-kolczyki","9":"product_cat-nowosci","10":"product_cat-wszystkie-produkty","11":"product_tag-bizuteria-handmade","12":"product_tag-bizuteria-srebrna","13":"product_tag-burgundowe-kolczyki","14":"product_tag-delikatne-kolczyki","15":"product_tag-eleganckie-kolczyki","16":"product_tag-kolczyki-srebrne-925","17":"product_tag-kolczyki-wiszace","18":"product_tag-kolczyki-z-granatem","19":"product_tag-kolczyki-z-kamieniami","20":"product_tag-kolczyki-z-naturalnych-kamieni","21":"product_tag-minimalistyczne-kolczyki","22":"product_tag-prezent-dla-niej","23":"product_tag-zwiewne-kolczyki","24":"pa_dlugosc-bransoletki-242","25":"pa_dlugosc-bransoletki-243","26":"pa_dlugosc-bransoletki-244","27":"pa_dlugosc-bransoletki-245","28":"pa_dlugosc-bransoletki-246","29":"desktop-align-left","30":"tablet-align-left","31":"mobile-align-left","33":"first","34":"instock","35":"taxable","36":"shipping-taxable","37":"purchasable","38":"product-type-simple"},"yoast_head":"<!-- This site is optimized with the Yoast SEO plugin v27.4 - https:\/\/yoast.com\/product\/yoast-seo-wordpress\/ -->\n<title>Srebrne Kolczyki 925 z Granatem \u2013 Eleganckie Wisz\u0105ce Kolczyki z Naturalnych Kamieni - Cornellia Studio<\/title>\n<meta name=\"robots\" content=\"index, follow, max-snippet:-1, max-image-preview:large, max-video-preview:-1\" \/>\n<link rel=\"canonical\" href=\"https:\/\/cornelliastudio.pl\/en\/product\/bransoletka-z-koralu-i-srebra-925-recznie-robiona-z-zawieszka-w-ksztalcie-muszli-slimaka-bizuteria-w-stylu-morskim-i-plazowym\/\" \/>\n<meta property=\"og:locale\" content=\"en_GB\" \/>\n<meta property=\"og:type\" content=\"article\" \/>\n<meta property=\"og:title\" content=\"Srebrne Kolczyki 925 z Granatem \u2013 Eleganckie Wisz\u0105ce Kolczyki z Naturalnych Kamieni - Cornellia Studio\" \/>\n<meta property=\"og:description\" content=\"Zwiewne kolczyki ze srebra 925 zdobione drobnymi granatami.  Lekkie, pe\u0142ne subtelnego ruchu i g\u0142\u0119bokiego burgundowego blasku \u2013 idealne jako delikatny, kobiecy akcent na ka\u017cdy dzie\u0144.\" \/>\n<meta property=\"og:url\" content=\"https:\/\/cornelliastudio.pl\/en\/product\/bransoletka-z-koralu-i-srebra-925-recznie-robiona-z-zawieszka-w-ksztalcie-muszli-slimaka-bizuteria-w-stylu-morskim-i-plazowym\/\" \/>\n<meta property=\"og:site_name\" content=\"Cornellia Studio\" \/>\n<meta property=\"article:modified_time\" content=\"2026-01-03T11:30:40+00:00\" \/>\n<meta property=\"og:image\" content=\"https:\/\/cornelliastudio.pl\/wp-content\/uploads\/2025\/11\/20250429_104648-scaled.jpg\" \/>\n\t<meta property=\"og:image:width\" content=\"2560\" \/>\n\t<meta property=\"og:image:height\" content=\"2560\" \/>\n\t<meta property=\"og:image:type\" content=\"image\/jpeg\" \/>\n<meta name=\"twitter:card\" content=\"summary_large_image\" \/>\n<meta name=\"twitter:label1\" content=\"Estimated reading time\" \/>\n\t<meta name=\"twitter:data1\" content=\"2 minutes\" \/>\n<script type=\"application\/ld+json\" class=\"yoast-schema-graph\">{\"@context\":\"https:\\\/\\\/schema.org\",\"@graph\":[{\"@type\":\"WebPage\",\"@id\":\"https:\\\/\\\/cornelliastudio.pl\\\/produkt\\\/bransoletka-z-koralu-i-srebra-925-recznie-robiona-z-zawieszka-w-ksztalcie-muszli-slimaka-bizuteria-w-stylu-morskim-i-plazowym\\\/\",\"url\":\"https:\\\/\\\/cornelliastudio.pl\\\/produkt\\\/bransoletka-z-koralu-i-srebra-925-recznie-robiona-z-zawieszka-w-ksztalcie-muszli-slimaka-bizuteria-w-stylu-morskim-i-plazowym\\\/\",\"name\":\"Srebrne Kolczyki 925 z Granatem \u2013 Eleganckie Wisz\u0105ce Kolczyki z Naturalnych Kamieni - Cornellia Studio\",\"isPartOf\":{\"@id\":\"https:\\\/\\\/cornelliastudio.pl\\\/#website\"},\"primaryImageOfPage\":{\"@id\":\"https:\\\/\\\/cornelliastudio.pl\\\/produkt\\\/bransoletka-z-koralu-i-srebra-925-recznie-robiona-z-zawieszka-w-ksztalcie-muszli-slimaka-bizuteria-w-stylu-morskim-i-plazowym\\\/#primaryimage\"},\"image\":{\"@id\":\"https:\\\/\\\/cornelliastudio.pl\\\/produkt\\\/bransoletka-z-koralu-i-srebra-925-recznie-robiona-z-zawieszka-w-ksztalcie-muszli-slimaka-bizuteria-w-stylu-morskim-i-plazowym\\\/#primaryimage\"},\"thumbnailUrl\":\"https:\\\/\\\/cornelliastudio.pl\\\/wp-content\\\/uploads\\\/2025\\\/11\\\/20250429_104648-scaled.jpg\",\"datePublished\":\"2025-11-25T16:59:07+00:00\",\"dateModified\":\"2026-01-03T11:30:40+00:00\",\"breadcrumb\":{\"@id\":\"https:\\\/\\\/cornelliastudio.pl\\\/produkt\\\/bransoletka-z-koralu-i-srebra-925-recznie-robiona-z-zawieszka-w-ksztalcie-muszli-slimaka-bizuteria-w-stylu-morskim-i-plazowym\\\/#breadcrumb\"},\"inLanguage\":\"en-GB\",\"potentialAction\":[{\"@type\":\"ReadAction\",\"target\":[\"https:\\\/\\\/cornelliastudio.pl\\\/produkt\\\/bransoletka-z-koralu-i-srebra-925-recznie-robiona-z-zawieszka-w-ksztalcie-muszli-slimaka-bizuteria-w-stylu-morskim-i-plazowym\\\/\"]}]},{\"@type\":\"ImageObject\",\"inLanguage\":\"en-GB\",\"@id\":\"https:\\\/\\\/cornelliastudio.pl\\\/produkt\\\/bransoletka-z-koralu-i-srebra-925-recznie-robiona-z-zawieszka-w-ksztalcie-muszli-slimaka-bizuteria-w-stylu-morskim-i-plazowym\\\/#primaryimage\",\"url\":\"https:\\\/\\\/cornelliastudio.pl\\\/wp-content\\\/uploads\\\/2025\\\/11\\\/20250429_104648-scaled.jpg\",\"contentUrl\":\"https:\\\/\\\/cornelliastudio.pl\\\/wp-content\\\/uploads\\\/2025\\\/11\\\/20250429_104648-scaled.jpg\",\"width\":2560,\"height\":2560},{\"@type\":\"BreadcrumbList\",\"@id\":\"https:\\\/\\\/cornelliastudio.pl\\\/produkt\\\/bransoletka-z-koralu-i-srebra-925-recznie-robiona-z-zawieszka-w-ksztalcie-muszli-slimaka-bizuteria-w-stylu-morskim-i-plazowym\\\/#breadcrumb\",\"itemListElement\":[{\"@type\":\"ListItem\",\"position\":1,\"name\":\"Strona g\u0142\u00f3wna\",\"item\":\"https:\\\/\\\/cornelliastudio.pl\\\/\"},{\"@type\":\"ListItem\",\"position\":2,\"name\":\"Sklep\",\"item\":\"https:\\\/\\\/cornelliastudio.pl\\\/sklep\\\/\"},{\"@type\":\"ListItem\",\"position\":3,\"name\":\"Srebrne Kolczyki 925 z Granatem \u2013 Eleganckie Wisz\u0105ce Kolczyki z Naturalnych Kamieni\"}]},{\"@type\":\"WebSite\",\"@id\":\"https:\\\/\\\/cornelliastudio.pl\\\/#website\",\"url\":\"https:\\\/\\\/cornelliastudio.pl\\\/\",\"name\":\"Cornellia Studio\",\"description\":\"Bi\u017cuteria artystyczna, hand made\",\"publisher\":{\"@id\":\"https:\\\/\\\/cornelliastudio.pl\\\/#organization\"},\"potentialAction\":[{\"@type\":\"SearchAction\",\"target\":{\"@type\":\"EntryPoint\",\"urlTemplate\":\"https:\\\/\\\/cornelliastudio.pl\\\/?s={search_term_string}\"},\"query-input\":{\"@type\":\"PropertyValueSpecification\",\"valueRequired\":true,\"valueName\":\"search_term_string\"}}],\"inLanguage\":\"en-GB\"},{\"@type\":\"Organization\",\"@id\":\"https:\\\/\\\/cornelliastudio.pl\\\/#organization\",\"name\":\"Cornellia Studio\",\"url\":\"https:\\\/\\\/cornelliastudio.pl\\\/\",\"logo\":{\"@type\":\"ImageObject\",\"inLanguage\":\"en-GB\",\"@id\":\"https:\\\/\\\/cornelliastudio.pl\\\/#\\\/schema\\\/logo\\\/image\\\/\",\"url\":\"https:\\\/\\\/cornelliastudio.pl\\\/wp-content\\\/uploads\\\/2025\\\/10\\\/Cornellia-Studio-logo.png\",\"contentUrl\":\"https:\\\/\\\/cornelliastudio.pl\\\/wp-content\\\/uploads\\\/2025\\\/10\\\/Cornellia-Studio-logo.png\",\"width\":1563,\"height\":1563,\"caption\":\"Cornellia Studio\"},\"image\":{\"@id\":\"https:\\\/\\\/cornelliastudio.pl\\\/#\\\/schema\\\/logo\\\/image\\\/\"}}]}<\/script>\n<!-- \/ Yoast SEO plugin. -->","yoast_head_json":{"title":"Srebrne Kolczyki 925 z Granatem \u2013 Eleganckie Wisz\u0105ce Kolczyki z Naturalnych Kamieni - Cornellia Studio","robots":{"index":"index","follow":"follow","max-snippet":"max-snippet:-1","max-image-preview":"max-image-preview:large","max-video-preview":"max-video-preview:-1"},"canonical":"https:\/\/cornelliastudio.pl\/en\/product\/bransoletka-z-koralu-i-srebra-925-recznie-robiona-z-zawieszka-w-ksztalcie-muszli-slimaka-bizuteria-w-stylu-morskim-i-plazowym\/","og_locale":"en_GB","og_type":"article","og_title":"Srebrne Kolczyki 925 z Granatem \u2013 Eleganckie Wisz\u0105ce Kolczyki z Naturalnych Kamieni - Cornellia Studio","og_description":"Zwiewne kolczyki ze srebra 925 zdobione drobnymi granatami.  Lekkie, pe\u0142ne subtelnego ruchu i g\u0142\u0119bokiego burgundowego blasku \u2013 idealne jako delikatny, kobiecy akcent na ka\u017cdy dzie\u0144.","og_url":"https:\/\/cornelliastudio.pl\/en\/product\/bransoletka-z-koralu-i-srebra-925-recznie-robiona-z-zawieszka-w-ksztalcie-muszli-slimaka-bizuteria-w-stylu-morskim-i-plazowym\/","og_site_name":"Cornellia Studio","article_modified_time":"2026-01-03T11:30:40+00:00","og_image":[{"width":2560,"height":2560,"url":"https:\/\/cornelliastudio.pl\/wp-content\/uploads\/2025\/11\/20250429_104648-scaled.jpg","type":"image\/jpeg"}],"twitter_card":"summary_large_image","twitter_misc":{"Estimated reading time":"2 minutes"},"schema":{"@context":"https:\/\/schema.org","@graph":[{"@type":"WebPage","@id":"https:\/\/cornelliastudio.pl\/produkt\/bransoletka-z-koralu-i-srebra-925-recznie-robiona-z-zawieszka-w-ksztalcie-muszli-slimaka-bizuteria-w-stylu-morskim-i-plazowym\/","url":"https:\/\/cornelliastudio.pl\/produkt\/bransoletka-z-koralu-i-srebra-925-recznie-robiona-z-zawieszka-w-ksztalcie-muszli-slimaka-bizuteria-w-stylu-morskim-i-plazowym\/","name":"Srebrne Kolczyki 925 z Granatem \u2013 Eleganckie Wisz\u0105ce Kolczyki z Naturalnych Kamieni - Cornellia Studio","isPartOf":{"@id":"https:\/\/cornelliastudio.pl\/#website"},"primaryImageOfPage":{"@id":"https:\/\/cornelliastudio.pl\/produkt\/bransoletka-z-koralu-i-srebra-925-recznie-robiona-z-zawieszka-w-ksztalcie-muszli-slimaka-bizuteria-w-stylu-morskim-i-plazowym\/#primaryimage"},"image":{"@id":"https:\/\/cornelliastudio.pl\/produkt\/bransoletka-z-koralu-i-srebra-925-recznie-robiona-z-zawieszka-w-ksztalcie-muszli-slimaka-bizuteria-w-stylu-morskim-i-plazowym\/#primaryimage"},"thumbnailUrl":"https:\/\/cornelliastudio.pl\/wp-content\/uploads\/2025\/11\/20250429_104648-scaled.jpg","datePublished":"2025-11-25T16:59:07+00:00","dateModified":"2026-01-03T11:30:40+00:00","breadcrumb":{"@id":"https:\/\/cornelliastudio.pl\/produkt\/bransoletka-z-koralu-i-srebra-925-recznie-robiona-z-zawieszka-w-ksztalcie-muszli-slimaka-bizuteria-w-stylu-morskim-i-plazowym\/#breadcrumb"},"inLanguage":"en-GB","potentialAction":[{"@type":"ReadAction","target":["https:\/\/cornelliastudio.pl\/produkt\/bransoletka-z-koralu-i-srebra-925-recznie-robiona-z-zawieszka-w-ksztalcie-muszli-slimaka-bizuteria-w-stylu-morskim-i-plazowym\/"]}]},{"@type":"ImageObject","inLanguage":"en-GB","@id":"https:\/\/cornelliastudio.pl\/produkt\/bransoletka-z-koralu-i-srebra-925-recznie-robiona-z-zawieszka-w-ksztalcie-muszli-slimaka-bizuteria-w-stylu-morskim-i-plazowym\/#primaryimage","url":"https:\/\/cornelliastudio.pl\/wp-content\/uploads\/2025\/11\/20250429_104648-scaled.jpg","contentUrl":"https:\/\/cornelliastudio.pl\/wp-content\/uploads\/2025\/11\/20250429_104648-scaled.jpg","width":2560,"height":2560},{"@type":"BreadcrumbList","@id":"https:\/\/cornelliastudio.pl\/produkt\/bransoletka-z-koralu-i-srebra-925-recznie-robiona-z-zawieszka-w-ksztalcie-muszli-slimaka-bizuteria-w-stylu-morskim-i-plazowym\/#breadcrumb","itemListElement":[{"@type":"ListItem","position":1,"name":"Strona g\u0142\u00f3wna","item":"https:\/\/cornelliastudio.pl\/"},{"@type":"ListItem","position":2,"name":"Sklep","item":"https:\/\/cornelliastudio.pl\/sklep\/"},{"@type":"ListItem","position":3,"name":"Srebrne Kolczyki 925 z Granatem \u2013 Eleganckie Wisz\u0105ce Kolczyki z Naturalnych Kamieni"}]},{"@type":"WebSite","@id":"https:\/\/cornelliastudio.pl\/#website","url":"https:\/\/cornelliastudio.pl\/","name":"Cornellia Studio","description":"Bi\u017cuteria artystyczna, hand made","publisher":{"@id":"https:\/\/cornelliastudio.pl\/#organization"},"potentialAction":[{"@type":"SearchAction","target":{"@type":"EntryPoint","urlTemplate":"https:\/\/cornelliastudio.pl\/?s={search_term_string}"},"query-input":{"@type":"PropertyValueSpecification","valueRequired":true,"valueName":"search_term_string"}}],"inLanguage":"en-GB"},{"@type":"Organization","@id":"https:\/\/cornelliastudio.pl\/#organization","name":"Cornellia Studio","url":"https:\/\/cornelliastudio.pl\/","logo":{"@type":"ImageObject","inLanguage":"en-GB","@id":"https:\/\/cornelliastudio.pl\/#\/schema\/logo\/image\/","url":"https:\/\/cornelliastudio.pl\/wp-content\/uploads\/2025\/10\/Cornellia-Studio-logo.png","contentUrl":"https:\/\/cornelliastudio.pl\/wp-content\/uploads\/2025\/10\/Cornellia-Studio-logo.png","width":1563,"height":1563,"caption":"Cornellia Studio"},"image":{"@id":"https:\/\/cornelliastudio.pl\/#\/schema\/logo\/image\/"}}]}},"uagb_featured_image_src":{"full":["https:\/\/cornelliastudio.pl\/wp-content\/uploads\/2025\/11\/20250429_104648-scaled.jpg",2560,2560,false],"thumbnail":["https:\/\/cornelliastudio.pl\/wp-content\/uploads\/2025\/11\/20250429_104648-150x150.jpg",150,150,true],"medium":["https:\/\/cornelliastudio.pl\/wp-content\/uploads\/2025\/11\/20250429_104648-300x300.jpg",300,300,true],"medium_large":["https:\/\/cornelliastudio.pl\/wp-content\/uploads\/2025\/11\/20250429_104648-768x768.jpg",768,768,true],"large":["https:\/\/cornelliastudio.pl\/wp-content\/uploads\/2025\/11\/20250429_104648-1024x1024.jpg",1024,1024,true],"1536x1536":["https:\/\/cornelliastudio.pl\/wp-content\/uploads\/2025\/11\/20250429_104648-1536x1536.jpg",1536,1536,true],"2048x2048":["https:\/\/cornelliastudio.pl\/wp-content\/uploads\/2025\/11\/20250429_104648-2048x2048.jpg",2048,2048,true],"trp-custom-language-flag":["https:\/\/cornelliastudio.pl\/wp-content\/uploads\/2025\/11\/20250429_104648-scaled.jpg",12,12,false],"woocommerce_thumbnail":["https:\/\/cornelliastudio.pl\/wp-content\/uploads\/2025\/11\/20250429_104648-300x300.jpg",300,300,true],"woocommerce_single":["https:\/\/cornelliastudio.pl\/wp-content\/uploads\/2025\/11\/20250429_104648-600x600.jpg",600,600,true],"woocommerce_gallery_thumbnail":["https:\/\/cornelliastudio.pl\/wp-content\/uploads\/2025\/11\/20250429_104648-100x100.jpg",100,100,true]},"uagb_author_info":{"display_name":"Administrator","author_link":"https:\/\/cornelliastudio.pl\/en\/author\/"},"uagb_comment_info":0,"uagb_excerpt":"Zwiewne kolczyki ze srebra 925 zdobione drobnymi granatami. Lekkie, pe\u0142ne subtelnego ruchu i g\u0142\u0119bokiego burgundowego blasku \u2013 idealne jako delikatny, kobiecy akcent na ka\u017cdy dzie\u0144.","_links":{"self":[{"href":"https:\/\/cornelliastudio.pl\/en\/wp-json\/wp\/v2\/product\/2039","targetHints":{"allow":["GET"]}}],"collection":[{"href":"https:\/\/cornelliastudio.pl\/en\/wp-json\/wp\/v2\/product"}],"about":[{"href":"https:\/\/cornelliastudio.pl\/en\/wp-json\/wp\/v2\/types\/product"}],"replies":[{"embeddable":true,"href":"https:\/\/cornelliastudio.pl\/en\/wp-json\/wp\/v2\/comments?post=2039"}],"wp:featuredmedia":[{"embeddable":true,"href":"https:\/\/cornelliastudio.pl\/en\/wp-json\/wp\/v2\/media\/2421"}],"wp:attachment":[{"href":"https:\/\/cornelliastudio.pl\/en\/wp-json\/wp\/v2\/media?parent=2039"}],"wp:term":[{"taxonomy":"product_brand","embeddable":true,"href":"https:\/\/cornelliastudio.pl\/en\/wp-json\/wp\/v2\/product_brand?post=2039"},{"taxonomy":"product_cat","embeddable":true,"href":"https:\/\/cornelliastudio.pl\/en\/wp-json\/wp\/v2\/product_cat?post=2039"},{"taxonomy":"product_tag","embeddable":true,"href":"https:\/\/cornelliastudio.pl\/en\/wp-json\/wp\/v2\/product_tag?post=2039"}],"curies":[{"name":"wp","href":"https:\/\/api.w.org\/{rel}","templated":true}]}}