{"id":2032,"date":"2025-11-25T17:58:18","date_gmt":"2025-11-25T16:58:18","guid":{"rendered":"https:\/\/cornelliastudio.pl\/produkt\/kolczyki-z-koralem-i-awenturynem-kobiece-srebrne-kolczyki-wiszace-romantyczny-prezent-dla-niej\/"},"modified":"2026-01-03T15:47:10","modified_gmt":"2026-01-03T14:47:10","slug":"kolczyki-z-koralem-i-awenturynem-kobiece-srebrne-kolczyki-wiszace-romantyczny-prezent-dla-niej","status":"publish","type":"product","link":"https:\/\/cornelliastudio.pl\/en\/product\/kolczyki-z-koralem-i-awenturynem-kobiece-srebrne-kolczyki-wiszace-romantyczny-prezent-dla-niej\/","title":{"rendered":"Airy 925 Sterling Silver Earrings with Black Onyx \u2013 Minimalist, Handcrafted Gemstone Jewelry"},"content":{"rendered":"<h2><strong>Elegant 925 Sterling Silver Earrings with Onyx \u2013 Minimalist Handcrafted Jewelry<\/strong><\/h2>\n<p data-start=\"68\" data-end=\"437\">Airy, long earrings handcrafted from <strong data-start=\"113\" data-end=\"133\">925 sterling silver<\/strong>adorned with smooth beads. <strong data-start=\"162\" data-end=\"181\">black onyx<\/strong> with a size of 6 mm. Subtly curved, slender silver elements create a light, dynamic form that moves beautifully with every motion. The deep black of the onyx, combined with the cool shimmer of silver, gives the earrings an elegant and timeless character.<\/p>\n<p data-start=\"439\" data-end=\"629\">This is minimalist jewelry with a strong, expressive character \u2014 perfect for both everyday styling and evening occasions. An excellent choice for those who appreciate handcrafted pieces and natural gemstones.<\/p>\n<h2 data-start=\"631\" data-end=\"648\"><strong data-start=\"635\" data-end=\"648\">Materials:<\/strong><\/h2>\n<ul data-start=\"649\" data-end=\"763\">\n<li data-start=\"649\" data-end=\"698\">\n<p data-start=\"651\" data-end=\"698\">925 sterling silver (hand-formed elements)<\/p>\n<\/li>\n<li data-start=\"699\" data-end=\"730\">\n<p data-start=\"701\" data-end=\"730\">natural black onyx \u2013 6 mm<\/p>\n<\/li>\n<li data-start=\"731\" data-end=\"763\">\n<p data-start=\"733\" data-end=\"763\">closure: ball stud posts<\/p>\n<\/li>\n<\/ul>\n<h2 data-start=\"765\" data-end=\"780\"><strong data-start=\"769\" data-end=\"780\">Dimensions<\/strong><\/h2>\n<ul data-start=\"781\" data-end=\"848\">\n<li data-start=\"781\" data-end=\"817\">\n<p data-start=\"783\" data-end=\"817\"><strong data-start=\"783\" data-end=\"805\">Total length:<\/strong> approx. 54 mm<\/p>\n<\/li>\n<li data-start=\"818\" data-end=\"848\">\n<p data-start=\"820\" data-end=\"848\"><strong data-start=\"820\" data-end=\"841\">Stone size:<\/strong> 6 mm<\/p>\n<\/li>\n<\/ul>\n<h2 data-start=\"850\" data-end=\"872\"><strong data-start=\"854\" data-end=\"872\">Product Details<\/strong><\/h2>\n<ul data-start=\"873\" data-end=\"1010\">\n<li data-start=\"873\" data-end=\"901\">\n<p data-start=\"875\" data-end=\"901\">elegant, airy form<\/p>\n<\/li>\n<li data-start=\"902\" data-end=\"957\">\n<p data-start=\"904\" data-end=\"957\">minimalist style with an accent of natural gemstones<\/p>\n<\/li>\n<li data-start=\"958\" data-end=\"980\">\n<p data-start=\"960\" data-end=\"980\">perfect as a gift<\/p>\n<\/li>\n<\/ul>","protected":false},"excerpt":{"rendered":"<article class=\"text-token-text-primary w-full focus:outline-none [--shadow-height:45px] has-data-writing-block:pointer-events-none has-data-writing-block:-mt-(--shadow-height) has-data-writing-block:pt-(--shadow-height) [&amp;:has([data-writing-block])&gt;*]:pointer-events-auto scroll-mt-[calc(var(--header-height)+min(200px,max(70px,20svh)))]\" dir=\"auto\" data-turn-id=\"request-WEB:2094e2a7-b6ce-4d7b-90d8-86dc1bef5e3e-15\" data-testid=\"conversation-turn-32\" data-scroll-anchor=\"true\" data-turn=\"assistant\">\n<div class=\"text-base my-auto mx-auto pb-10 [--thread-content-margin:--spacing(4)] thread-sm:[--thread-content-margin:--spacing(6)] thread-lg:[--thread-content-margin:--spacing(16)] px-(--thread-content-margin)\">\n<div class=\"[--thread-content-max-width:40rem] thread-lg:[--thread-content-max-width:48rem] mx-auto max-w-(--thread-content-max-width) flex-1 group\/turn-messages focus-visible:outline-hidden relative flex w-full min-w-0 flex-col agent-turn\">\n<div class=\"flex max-w-full flex-col grow\">\n<div class=\"min-h-8 text-message relative flex w-full flex-col items-end gap-2 text-start break-words whitespace-normal [.text-message+&amp;]:mt-1\" dir=\"auto\" data-message-author-role=\"assistant\" data-message-id=\"c0fb2b26-111e-4a2e-9b85-61c31653a981\" data-message-model-slug=\"gpt-5-1\">\n<div class=\"flex w-full flex-col gap-1 empty:hidden first:pt-[1px]\">\n<div class=\"markdown prose dark:prose-invert w-full break-words light markdown-new-styling\">\n<h2 data-pm-slice=\"1 1 []\"><strong>Minimalistyczne kolczyki<\/strong><\/h2>\n<p data-start=\"27\" data-end=\"206\" data-is-last-node=\"\" data-is-only-node=\"\">Eleganckie, d\u0142ugie kolczyki ze srebra 925 z naturalnym onykiem 6 mm. R\u0119cznie wykonane, minimalistyczne i lekkie \u2014 idealne na co dzie\u0144 i na specjalne okazje. D\u0142ugo\u015b\u0107 ok. 54 mm.<\/p>\n<\/div>\n<\/div>\n<\/div>\n<\/div>\n<div class=\"z-0 flex min-h-[46px] justify-start\"><\/div>\n<div class=\"mt-3 w-full empty:hidden\">\n<div class=\"text-center\"><\/div>\n<\/div>\n<\/div>\n<\/div>\n<\/article>\n<div class=\"pointer-events-none h-px w-px\" aria-hidden=\"true\" data-edge=\"true\"><\/div>\n","protected":false},"featured_media":2407,"comment_status":"open","ping_status":"closed","template":"","meta":{"_uag_custom_page_level_css":"","site-sidebar-layout":"default","site-content-layout":"","ast-site-content-layout":"default","site-content-style":"default","site-sidebar-style":"default","ast-global-header-display":"","ast-banner-title-visibility":"","ast-main-header-display":"","ast-hfb-above-header-display":"","ast-hfb-below-header-display":"","ast-hfb-mobile-header-display":"","site-post-title":"","ast-breadcrumbs-content":"","ast-featured-img":"","footer-sml-layout":"","ast-disable-related-posts":"","theme-transparent-header-meta":"default","adv-header-id-meta":"","stick-header-meta":"","header-above-stick-meta":"","header-main-stick-meta":"","header-below-stick-meta":"","astra-migrate-meta-layouts":"set","ast-page-background-enabled":"default","ast-page-background-meta":{"desktop":{"background-color":"var(--ast-global-color-4)","background-image":"","background-repeat":"repeat","background-position":"center center","background-size":"auto","background-attachment":"scroll","background-type":"","background-media":"","overlay-type":"","overlay-color":"","overlay-opacity":"","overlay-gradient":""},"tablet":{"background-color":"","background-image":"","background-repeat":"repeat","background-position":"center center","background-size":"auto","background-attachment":"scroll","background-type":"","background-media":"","overlay-type":"","overlay-color":"","overlay-opacity":"","overlay-gradient":""},"mobile":{"background-color":"","background-image":"","background-repeat":"repeat","background-position":"center center","background-size":"auto","background-attachment":"scroll","background-type":"","background-media":"","overlay-type":"","overlay-color":"","overlay-opacity":"","overlay-gradient":""}},"ast-content-background-meta":{"desktop":{"background-color":"var(--ast-global-color-5)","background-image":"","background-repeat":"repeat","background-position":"center center","background-size":"auto","background-attachment":"scroll","background-type":"","background-media":"","overlay-type":"","overlay-color":"","overlay-opacity":"","overlay-gradient":""},"tablet":{"background-color":"var(--ast-global-color-5)","background-image":"","background-repeat":"repeat","background-position":"center center","background-size":"auto","background-attachment":"scroll","background-type":"","background-media":"","overlay-type":"","overlay-color":"","overlay-opacity":"","overlay-gradient":""},"mobile":{"background-color":"var(--ast-global-color-5)","background-image":"","background-repeat":"repeat","background-position":"center center","background-size":"auto","background-attachment":"scroll","background-type":"","background-media":"","overlay-type":"","overlay-color":"","overlay-opacity":"","overlay-gradient":""}}},"product_brand":[201],"product_cat":[30,28,31],"product_tag":[273,263,353,205,274,280,354,207,357,187,356,215],"class_list":{"0":"post-2032","1":"product","2":"type-product","3":"status-publish","4":"has-post-thumbnail","6":"product_brand-cornellia-studio","7":"product_cat-bestsellery","8":"product_cat-kolczyki","9":"product_cat-nowosci","10":"product_tag-czarny-onyks","11":"product_tag-eleganckie-kolczyki","12":"product_tag-kolczyki-dlugie","13":"product_tag-kolczyki-minimalistyczne","14":"product_tag-kolczyki-na-co-dzien","15":"product_tag-kolczyki-wiszace","16":"product_tag-kolczyki-z-kamieniem","17":"product_tag-nowoczesna-bizuteria","18":"product_tag-onyks","19":"product_tag-prezent-dla-niej","20":"product_tag-srebrne-kolczyki","21":"product_tag-srebro-925","22":"desktop-align-left","23":"tablet-align-left","24":"mobile-align-left","26":"first","27":"instock","28":"taxable","29":"shipping-taxable","30":"purchasable","31":"product-type-simple"},"yoast_head":"<!-- This site is optimized with the Yoast SEO plugin v27.4 - https:\/\/yoast.com\/product\/yoast-seo-wordpress\/ -->\n<title>Zwiewne srebrne kolczyki 925 z czarnym onyksem \u2013 minimalistyczna, r\u0119cznie robiona bi\u017cuteria z kamieni - Cornellia Studio<\/title>\n<meta name=\"robots\" content=\"index, follow, max-snippet:-1, max-image-preview:large, max-video-preview:-1\" \/>\n<link rel=\"canonical\" href=\"https:\/\/cornelliastudio.pl\/en\/product\/kolczyki-z-koralem-i-awenturynem-kobiece-srebrne-kolczyki-wiszace-romantyczny-prezent-dla-niej\/\" \/>\n<meta property=\"og:locale\" content=\"en_GB\" \/>\n<meta property=\"og:type\" content=\"article\" \/>\n<meta property=\"og:title\" content=\"Zwiewne srebrne kolczyki 925 z czarnym onyksem \u2013 minimalistyczna, r\u0119cznie robiona bi\u017cuteria z kamieni - Cornellia Studio\" \/>\n<meta property=\"og:description\" content=\"Minimalistyczne kolczyki Eleganckie, d\u0142ugie kolczyki ze srebra 925 z naturalnym onykiem 6 mm. R\u0119cznie wykonane, minimalistyczne i lekkie \u2014 idealne na co dzie\u0144 i na specjalne okazje. D\u0142ugo\u015b\u0107 ok. 54 mm.\" \/>\n<meta property=\"og:url\" content=\"https:\/\/cornelliastudio.pl\/en\/product\/kolczyki-z-koralem-i-awenturynem-kobiece-srebrne-kolczyki-wiszace-romantyczny-prezent-dla-niej\/\" \/>\n<meta property=\"og:site_name\" content=\"Cornellia Studio\" \/>\n<meta property=\"article:modified_time\" content=\"2026-01-03T14:47:10+00:00\" \/>\n<meta property=\"og:image\" content=\"https:\/\/cornelliastudio.pl\/wp-content\/uploads\/2025\/11\/20250422_163118-scaled.jpg\" \/>\n\t<meta property=\"og:image:width\" content=\"2560\" \/>\n\t<meta property=\"og:image:height\" content=\"2560\" \/>\n\t<meta property=\"og:image:type\" content=\"image\/jpeg\" \/>\n<meta name=\"twitter:card\" content=\"summary_large_image\" \/>\n<meta name=\"twitter:label1\" content=\"Estimated reading time\" \/>\n\t<meta name=\"twitter:data1\" content=\"1 minute\" \/>\n<script type=\"application\/ld+json\" class=\"yoast-schema-graph\">{\"@context\":\"https:\\\/\\\/schema.org\",\"@graph\":[{\"@type\":\"WebPage\",\"@id\":\"https:\\\/\\\/cornelliastudio.pl\\\/produkt\\\/kolczyki-z-koralem-i-awenturynem-kobiece-srebrne-kolczyki-wiszace-romantyczny-prezent-dla-niej\\\/\",\"url\":\"https:\\\/\\\/cornelliastudio.pl\\\/produkt\\\/kolczyki-z-koralem-i-awenturynem-kobiece-srebrne-kolczyki-wiszace-romantyczny-prezent-dla-niej\\\/\",\"name\":\"Zwiewne srebrne kolczyki 925 z czarnym onyksem \u2013 minimalistyczna, r\u0119cznie robiona bi\u017cuteria z kamieni - Cornellia Studio\",\"isPartOf\":{\"@id\":\"https:\\\/\\\/cornelliastudio.pl\\\/#website\"},\"primaryImageOfPage\":{\"@id\":\"https:\\\/\\\/cornelliastudio.pl\\\/produkt\\\/kolczyki-z-koralem-i-awenturynem-kobiece-srebrne-kolczyki-wiszace-romantyczny-prezent-dla-niej\\\/#primaryimage\"},\"image\":{\"@id\":\"https:\\\/\\\/cornelliastudio.pl\\\/produkt\\\/kolczyki-z-koralem-i-awenturynem-kobiece-srebrne-kolczyki-wiszace-romantyczny-prezent-dla-niej\\\/#primaryimage\"},\"thumbnailUrl\":\"https:\\\/\\\/cornelliastudio.pl\\\/wp-content\\\/uploads\\\/2025\\\/11\\\/20250422_163118-scaled.jpg\",\"datePublished\":\"2025-11-25T16:58:18+00:00\",\"dateModified\":\"2026-01-03T14:47:10+00:00\",\"breadcrumb\":{\"@id\":\"https:\\\/\\\/cornelliastudio.pl\\\/produkt\\\/kolczyki-z-koralem-i-awenturynem-kobiece-srebrne-kolczyki-wiszace-romantyczny-prezent-dla-niej\\\/#breadcrumb\"},\"inLanguage\":\"en-GB\",\"potentialAction\":[{\"@type\":\"ReadAction\",\"target\":[\"https:\\\/\\\/cornelliastudio.pl\\\/produkt\\\/kolczyki-z-koralem-i-awenturynem-kobiece-srebrne-kolczyki-wiszace-romantyczny-prezent-dla-niej\\\/\"]}]},{\"@type\":\"ImageObject\",\"inLanguage\":\"en-GB\",\"@id\":\"https:\\\/\\\/cornelliastudio.pl\\\/produkt\\\/kolczyki-z-koralem-i-awenturynem-kobiece-srebrne-kolczyki-wiszace-romantyczny-prezent-dla-niej\\\/#primaryimage\",\"url\":\"https:\\\/\\\/cornelliastudio.pl\\\/wp-content\\\/uploads\\\/2025\\\/11\\\/20250422_163118-scaled.jpg\",\"contentUrl\":\"https:\\\/\\\/cornelliastudio.pl\\\/wp-content\\\/uploads\\\/2025\\\/11\\\/20250422_163118-scaled.jpg\",\"width\":2560,\"height\":2560},{\"@type\":\"BreadcrumbList\",\"@id\":\"https:\\\/\\\/cornelliastudio.pl\\\/produkt\\\/kolczyki-z-koralem-i-awenturynem-kobiece-srebrne-kolczyki-wiszace-romantyczny-prezent-dla-niej\\\/#breadcrumb\",\"itemListElement\":[{\"@type\":\"ListItem\",\"position\":1,\"name\":\"Strona g\u0142\u00f3wna\",\"item\":\"https:\\\/\\\/cornelliastudio.pl\\\/\"},{\"@type\":\"ListItem\",\"position\":2,\"name\":\"Sklep\",\"item\":\"https:\\\/\\\/cornelliastudio.pl\\\/sklep\\\/\"},{\"@type\":\"ListItem\",\"position\":3,\"name\":\"Zwiewne srebrne kolczyki 925 z czarnym onyksem \u2013 minimalistyczna, r\u0119cznie robiona bi\u017cuteria z kamieni\"}]},{\"@type\":\"WebSite\",\"@id\":\"https:\\\/\\\/cornelliastudio.pl\\\/#website\",\"url\":\"https:\\\/\\\/cornelliastudio.pl\\\/\",\"name\":\"Cornellia Studio\",\"description\":\"Bi\u017cuteria artystyczna, hand made\",\"publisher\":{\"@id\":\"https:\\\/\\\/cornelliastudio.pl\\\/#organization\"},\"potentialAction\":[{\"@type\":\"SearchAction\",\"target\":{\"@type\":\"EntryPoint\",\"urlTemplate\":\"https:\\\/\\\/cornelliastudio.pl\\\/?s={search_term_string}\"},\"query-input\":{\"@type\":\"PropertyValueSpecification\",\"valueRequired\":true,\"valueName\":\"search_term_string\"}}],\"inLanguage\":\"en-GB\"},{\"@type\":\"Organization\",\"@id\":\"https:\\\/\\\/cornelliastudio.pl\\\/#organization\",\"name\":\"Cornellia Studio\",\"url\":\"https:\\\/\\\/cornelliastudio.pl\\\/\",\"logo\":{\"@type\":\"ImageObject\",\"inLanguage\":\"en-GB\",\"@id\":\"https:\\\/\\\/cornelliastudio.pl\\\/#\\\/schema\\\/logo\\\/image\\\/\",\"url\":\"https:\\\/\\\/cornelliastudio.pl\\\/wp-content\\\/uploads\\\/2025\\\/10\\\/Cornellia-Studio-logo.png\",\"contentUrl\":\"https:\\\/\\\/cornelliastudio.pl\\\/wp-content\\\/uploads\\\/2025\\\/10\\\/Cornellia-Studio-logo.png\",\"width\":1563,\"height\":1563,\"caption\":\"Cornellia Studio\"},\"image\":{\"@id\":\"https:\\\/\\\/cornelliastudio.pl\\\/#\\\/schema\\\/logo\\\/image\\\/\"}}]}<\/script>\n<!-- \/ Yoast SEO plugin. -->","yoast_head_json":{"title":"Zwiewne srebrne kolczyki 925 z czarnym onyksem \u2013 minimalistyczna, r\u0119cznie robiona bi\u017cuteria z kamieni - Cornellia Studio","robots":{"index":"index","follow":"follow","max-snippet":"max-snippet:-1","max-image-preview":"max-image-preview:large","max-video-preview":"max-video-preview:-1"},"canonical":"https:\/\/cornelliastudio.pl\/en\/product\/kolczyki-z-koralem-i-awenturynem-kobiece-srebrne-kolczyki-wiszace-romantyczny-prezent-dla-niej\/","og_locale":"en_GB","og_type":"article","og_title":"Zwiewne srebrne kolczyki 925 z czarnym onyksem \u2013 minimalistyczna, r\u0119cznie robiona bi\u017cuteria z kamieni - Cornellia Studio","og_description":"Minimalistyczne kolczyki Eleganckie, d\u0142ugie kolczyki ze srebra 925 z naturalnym onykiem 6 mm. R\u0119cznie wykonane, minimalistyczne i lekkie \u2014 idealne na co dzie\u0144 i na specjalne okazje. D\u0142ugo\u015b\u0107 ok. 54 mm.","og_url":"https:\/\/cornelliastudio.pl\/en\/product\/kolczyki-z-koralem-i-awenturynem-kobiece-srebrne-kolczyki-wiszace-romantyczny-prezent-dla-niej\/","og_site_name":"Cornellia Studio","article_modified_time":"2026-01-03T14:47:10+00:00","og_image":[{"width":2560,"height":2560,"url":"https:\/\/cornelliastudio.pl\/wp-content\/uploads\/2025\/11\/20250422_163118-scaled.jpg","type":"image\/jpeg"}],"twitter_card":"summary_large_image","twitter_misc":{"Estimated reading time":"1 minute"},"schema":{"@context":"https:\/\/schema.org","@graph":[{"@type":"WebPage","@id":"https:\/\/cornelliastudio.pl\/produkt\/kolczyki-z-koralem-i-awenturynem-kobiece-srebrne-kolczyki-wiszace-romantyczny-prezent-dla-niej\/","url":"https:\/\/cornelliastudio.pl\/produkt\/kolczyki-z-koralem-i-awenturynem-kobiece-srebrne-kolczyki-wiszace-romantyczny-prezent-dla-niej\/","name":"Zwiewne srebrne kolczyki 925 z czarnym onyksem \u2013 minimalistyczna, r\u0119cznie robiona bi\u017cuteria z kamieni - Cornellia Studio","isPartOf":{"@id":"https:\/\/cornelliastudio.pl\/#website"},"primaryImageOfPage":{"@id":"https:\/\/cornelliastudio.pl\/produkt\/kolczyki-z-koralem-i-awenturynem-kobiece-srebrne-kolczyki-wiszace-romantyczny-prezent-dla-niej\/#primaryimage"},"image":{"@id":"https:\/\/cornelliastudio.pl\/produkt\/kolczyki-z-koralem-i-awenturynem-kobiece-srebrne-kolczyki-wiszace-romantyczny-prezent-dla-niej\/#primaryimage"},"thumbnailUrl":"https:\/\/cornelliastudio.pl\/wp-content\/uploads\/2025\/11\/20250422_163118-scaled.jpg","datePublished":"2025-11-25T16:58:18+00:00","dateModified":"2026-01-03T14:47:10+00:00","breadcrumb":{"@id":"https:\/\/cornelliastudio.pl\/produkt\/kolczyki-z-koralem-i-awenturynem-kobiece-srebrne-kolczyki-wiszace-romantyczny-prezent-dla-niej\/#breadcrumb"},"inLanguage":"en-GB","potentialAction":[{"@type":"ReadAction","target":["https:\/\/cornelliastudio.pl\/produkt\/kolczyki-z-koralem-i-awenturynem-kobiece-srebrne-kolczyki-wiszace-romantyczny-prezent-dla-niej\/"]}]},{"@type":"ImageObject","inLanguage":"en-GB","@id":"https:\/\/cornelliastudio.pl\/produkt\/kolczyki-z-koralem-i-awenturynem-kobiece-srebrne-kolczyki-wiszace-romantyczny-prezent-dla-niej\/#primaryimage","url":"https:\/\/cornelliastudio.pl\/wp-content\/uploads\/2025\/11\/20250422_163118-scaled.jpg","contentUrl":"https:\/\/cornelliastudio.pl\/wp-content\/uploads\/2025\/11\/20250422_163118-scaled.jpg","width":2560,"height":2560},{"@type":"BreadcrumbList","@id":"https:\/\/cornelliastudio.pl\/produkt\/kolczyki-z-koralem-i-awenturynem-kobiece-srebrne-kolczyki-wiszace-romantyczny-prezent-dla-niej\/#breadcrumb","itemListElement":[{"@type":"ListItem","position":1,"name":"Strona g\u0142\u00f3wna","item":"https:\/\/cornelliastudio.pl\/"},{"@type":"ListItem","position":2,"name":"Sklep","item":"https:\/\/cornelliastudio.pl\/sklep\/"},{"@type":"ListItem","position":3,"name":"Zwiewne srebrne kolczyki 925 z czarnym onyksem \u2013 minimalistyczna, r\u0119cznie robiona bi\u017cuteria z kamieni"}]},{"@type":"WebSite","@id":"https:\/\/cornelliastudio.pl\/#website","url":"https:\/\/cornelliastudio.pl\/","name":"Cornellia Studio","description":"Bi\u017cuteria artystyczna, hand made","publisher":{"@id":"https:\/\/cornelliastudio.pl\/#organization"},"potentialAction":[{"@type":"SearchAction","target":{"@type":"EntryPoint","urlTemplate":"https:\/\/cornelliastudio.pl\/?s={search_term_string}"},"query-input":{"@type":"PropertyValueSpecification","valueRequired":true,"valueName":"search_term_string"}}],"inLanguage":"en-GB"},{"@type":"Organization","@id":"https:\/\/cornelliastudio.pl\/#organization","name":"Cornellia Studio","url":"https:\/\/cornelliastudio.pl\/","logo":{"@type":"ImageObject","inLanguage":"en-GB","@id":"https:\/\/cornelliastudio.pl\/#\/schema\/logo\/image\/","url":"https:\/\/cornelliastudio.pl\/wp-content\/uploads\/2025\/10\/Cornellia-Studio-logo.png","contentUrl":"https:\/\/cornelliastudio.pl\/wp-content\/uploads\/2025\/10\/Cornellia-Studio-logo.png","width":1563,"height":1563,"caption":"Cornellia Studio"},"image":{"@id":"https:\/\/cornelliastudio.pl\/#\/schema\/logo\/image\/"}}]}},"uagb_featured_image_src":{"full":["https:\/\/cornelliastudio.pl\/wp-content\/uploads\/2025\/11\/20250422_163118-scaled.jpg",2560,2560,false],"thumbnail":["https:\/\/cornelliastudio.pl\/wp-content\/uploads\/2025\/11\/20250422_163118-150x150.jpg",150,150,true],"medium":["https:\/\/cornelliastudio.pl\/wp-content\/uploads\/2025\/11\/20250422_163118-300x300.jpg",300,300,true],"medium_large":["https:\/\/cornelliastudio.pl\/wp-content\/uploads\/2025\/11\/20250422_163118-768x768.jpg",768,768,true],"large":["https:\/\/cornelliastudio.pl\/wp-content\/uploads\/2025\/11\/20250422_163118-1024x1024.jpg",1024,1024,true],"1536x1536":["https:\/\/cornelliastudio.pl\/wp-content\/uploads\/2025\/11\/20250422_163118-1536x1536.jpg",1536,1536,true],"2048x2048":["https:\/\/cornelliastudio.pl\/wp-content\/uploads\/2025\/11\/20250422_163118-2048x2048.jpg",2048,2048,true],"trp-custom-language-flag":["https:\/\/cornelliastudio.pl\/wp-content\/uploads\/2025\/11\/20250422_163118-scaled.jpg",12,12,false],"woocommerce_thumbnail":["https:\/\/cornelliastudio.pl\/wp-content\/uploads\/2025\/11\/20250422_163118-300x300.jpg",300,300,true],"woocommerce_single":["https:\/\/cornelliastudio.pl\/wp-content\/uploads\/2025\/11\/20250422_163118-600x600.jpg",600,600,true],"woocommerce_gallery_thumbnail":["https:\/\/cornelliastudio.pl\/wp-content\/uploads\/2025\/11\/20250422_163118-100x100.jpg",100,100,true]},"uagb_author_info":{"display_name":"Administrator","author_link":"https:\/\/cornelliastudio.pl\/en\/author\/"},"uagb_comment_info":0,"uagb_excerpt":"Minimalistyczne kolczyki Eleganckie, d\u0142ugie kolczyki ze srebra 925 z naturalnym onykiem 6 mm. R\u0119cznie wykonane, minimalistyczne i lekkie \u2014 idealne na co dzie\u0144 i na specjalne okazje. D\u0142ugo\u015b\u0107 ok. 54 mm.","_links":{"self":[{"href":"https:\/\/cornelliastudio.pl\/en\/wp-json\/wp\/v2\/product\/2032","targetHints":{"allow":["GET"]}}],"collection":[{"href":"https:\/\/cornelliastudio.pl\/en\/wp-json\/wp\/v2\/product"}],"about":[{"href":"https:\/\/cornelliastudio.pl\/en\/wp-json\/wp\/v2\/types\/product"}],"replies":[{"embeddable":true,"href":"https:\/\/cornelliastudio.pl\/en\/wp-json\/wp\/v2\/comments?post=2032"}],"wp:featuredmedia":[{"embeddable":true,"href":"https:\/\/cornelliastudio.pl\/en\/wp-json\/wp\/v2\/media\/2407"}],"wp:attachment":[{"href":"https:\/\/cornelliastudio.pl\/en\/wp-json\/wp\/v2\/media?parent=2032"}],"wp:term":[{"taxonomy":"product_brand","embeddable":true,"href":"https:\/\/cornelliastudio.pl\/en\/wp-json\/wp\/v2\/product_brand?post=2032"},{"taxonomy":"product_cat","embeddable":true,"href":"https:\/\/cornelliastudio.pl\/en\/wp-json\/wp\/v2\/product_cat?post=2032"},{"taxonomy":"product_tag","embeddable":true,"href":"https:\/\/cornelliastudio.pl\/en\/wp-json\/wp\/v2\/product_tag?post=2032"}],"curies":[{"name":"wp","href":"https:\/\/api.w.org\/{rel}","templated":true}]}}