{"id":2031,"date":"2025-11-25T17:58:16","date_gmt":"2025-11-25T16:58:16","guid":{"rendered":"https:\/\/cornelliastudio.pl\/produkt\/925-srebrne-kolczyki-z-koralem-delikatne-kolczyki-kola\/"},"modified":"2026-01-02T19:04:20","modified_gmt":"2026-01-02T18:04:20","slug":"925-srebrne-kolczyki-z-koralem-delikatne-kolczyki-kola","status":"publish","type":"product","link":"https:\/\/cornelliastudio.pl\/en\/product\/925-srebrne-kolczyki-z-koralem-delikatne-kolczyki-kola\/","title":{"rendered":"925 Sterling Silver Coral Earrings \u2013 Delicate Hoop Earrings"},"content":{"rendered":"<p>Handmade sterling silver earrings with natural coral<\/p>\n<p>These elegant earrings are crafted from 925 sterling silver and feature a delicate openwork rosette with a diameter of 14 mm, complemented by three natural coral beads. The warm red accents add a subtle touch of color, making the earrings perfect for both everyday wear and special occasions.<\/p>\n<p>Details<br \/>\n\u2022 Material: 925 sterling silver<br \/>\n\u2022 Openwork rosette: 14 mm<br \/>\n\u2022 Natural coral beads, approx. 3 mm<br \/>\n\u2022 Total length of the earrings: 4 cm<br \/>\n\u2022 Lightweight construction with a comfortable English-style clasp<br \/>\n\u2022 Handcrafted in a small jewelry workshop<\/p>\n<p>A perfect gift for a loved one or a timeless addition to your jewelry collection.\nMinimalist yet eye-catching design that pairs beautifully with both everyday outfits and elegant styles.<\/p>","protected":false},"excerpt":{"rendered":"<p>\u2728 R\u0119cznie robione srebrne kolczyki z naturalnym koralem \u2728 Te eleganckie kolczyki wykonane s\u0105 ze srebra pr\u00f3by 925 i zdobi je delikatna a\u017curowa rozeta o \u015brednicy 14 mm, uzupe\u0142niona trzema naturalnymi koralikami koralu. Ciep\u0142e, czerwone akcenty dodaj\u0105 subtelnego koloru, dzi\u0119ki czemu kolczyki doskonale sprawdz\u0105 si\u0119 zar\u00f3wno na co dzie\u0144, jak i na specjalne okazje. \ud83c\udf3f [&hellip;]<\/p>\n","protected":false},"featured_media":2079,"comment_status":"open","ping_status":"closed","template":"","meta":{"_uag_custom_page_level_css":"","site-sidebar-layout":"default","site-content-layout":"","ast-site-content-layout":"default","site-content-style":"default","site-sidebar-style":"default","ast-global-header-display":"","ast-banner-title-visibility":"","ast-main-header-display":"","ast-hfb-above-header-display":"","ast-hfb-below-header-display":"","ast-hfb-mobile-header-display":"","site-post-title":"","ast-breadcrumbs-content":"","ast-featured-img":"","footer-sml-layout":"","ast-disable-related-posts":"","theme-transparent-header-meta":"default","adv-header-id-meta":"","stick-header-meta":"","header-above-stick-meta":"","header-main-stick-meta":"","header-below-stick-meta":"","astra-migrate-meta-layouts":"set","ast-page-background-enabled":"default","ast-page-background-meta":{"desktop":{"background-color":"var(--ast-global-color-4)","background-image":"","background-repeat":"repeat","background-position":"center center","background-size":"auto","background-attachment":"scroll","background-type":"","background-media":"","overlay-type":"","overlay-color":"","overlay-opacity":"","overlay-gradient":""},"tablet":{"background-color":"","background-image":"","background-repeat":"repeat","background-position":"center center","background-size":"auto","background-attachment":"scroll","background-type":"","background-media":"","overlay-type":"","overlay-color":"","overlay-opacity":"","overlay-gradient":""},"mobile":{"background-color":"","background-image":"","background-repeat":"repeat","background-position":"center center","background-size":"auto","background-attachment":"scroll","background-type":"","background-media":"","overlay-type":"","overlay-color":"","overlay-opacity":"","overlay-gradient":""}},"ast-content-background-meta":{"desktop":{"background-color":"var(--ast-global-color-5)","background-image":"","background-repeat":"repeat","background-position":"center center","background-size":"auto","background-attachment":"scroll","background-type":"","background-media":"","overlay-type":"","overlay-color":"","overlay-opacity":"","overlay-gradient":""},"tablet":{"background-color":"var(--ast-global-color-5)","background-image":"","background-repeat":"repeat","background-position":"center center","background-size":"auto","background-attachment":"scroll","background-type":"","background-media":"","overlay-type":"","overlay-color":"","overlay-opacity":"","overlay-gradient":""},"mobile":{"background-color":"var(--ast-global-color-5)","background-image":"","background-repeat":"repeat","background-position":"center center","background-size":"auto","background-attachment":"scroll","background-type":"","background-media":"","overlay-type":"","overlay-color":"","overlay-opacity":"","overlay-gradient":""}}},"product_brand":[],"product_cat":[28,31,27],"product_tag":[72,71,67,53,45,55,69,70,74,68,73,57],"class_list":{"0":"post-2031","1":"product","2":"type-product","3":"status-publish","4":"has-post-thumbnail","6":"product_cat-kolczyki","7":"product_cat-nowosci","8":"product_cat-wszystkie-produkty","9":"product_tag-artisan_earrings","10":"product_tag-boho_earrings","11":"product_tag-coral_earrings","12":"product_tag-dangle_earrings","13":"product_tag-delicate_earrings","14":"product_tag-gift_for_her","15":"product_tag-handmade_jewelry","16":"product_tag-minimalist_jewelry","17":"product_tag-natural_coral","18":"product_tag-red_earrings","19":"product_tag-silver_dangle","20":"product_tag-silver_earrings","21":"desktop-align-left","22":"tablet-align-left","23":"mobile-align-left","25":"first","26":"instock","27":"taxable","28":"shipping-taxable","29":"purchasable","30":"product-type-simple"},"yoast_head":"<!-- This site is optimized with the Yoast SEO plugin v27.4 - https:\/\/yoast.com\/product\/yoast-seo-wordpress\/ -->\n<title>925 Srebrne kolczyki z koralem \u2013 delikatne kolczyki ko\u0142a - Cornellia Studio<\/title>\n<meta name=\"robots\" content=\"index, follow, max-snippet:-1, max-image-preview:large, max-video-preview:-1\" \/>\n<link rel=\"canonical\" href=\"https:\/\/cornelliastudio.pl\/en\/product\/925-srebrne-kolczyki-z-koralem-delikatne-kolczyki-kola\/\" \/>\n<meta property=\"og:locale\" content=\"en_GB\" \/>\n<meta property=\"og:type\" content=\"article\" \/>\n<meta property=\"og:title\" content=\"925 Srebrne kolczyki z koralem \u2013 delikatne kolczyki ko\u0142a - Cornellia Studio\" \/>\n<meta property=\"og:description\" content=\"\u2728 R\u0119cznie robione srebrne kolczyki z naturalnym koralem \u2728 Te eleganckie kolczyki wykonane s\u0105 ze srebra pr\u00f3by 925 i zdobi je delikatna a\u017curowa rozeta o \u015brednicy 14 mm, uzupe\u0142niona trzema naturalnymi koralikami koralu. Ciep\u0142e, czerwone akcenty dodaj\u0105 subtelnego koloru, dzi\u0119ki czemu kolczyki doskonale sprawdz\u0105 si\u0119 zar\u00f3wno na co dzie\u0144, jak i na specjalne okazje. \ud83c\udf3f [&hellip;]\" \/>\n<meta property=\"og:url\" content=\"https:\/\/cornelliastudio.pl\/en\/product\/925-srebrne-kolczyki-z-koralem-delikatne-kolczyki-kola\/\" \/>\n<meta property=\"og:site_name\" content=\"Cornellia Studio\" \/>\n<meta property=\"article:modified_time\" content=\"2026-01-02T18:04:20+00:00\" \/>\n<meta name=\"twitter:card\" content=\"summary_large_image\" \/>\n<meta name=\"twitter:label1\" content=\"Estimated reading time\" \/>\n\t<meta name=\"twitter:data1\" content=\"1 minute\" \/>\n<script type=\"application\/ld+json\" class=\"yoast-schema-graph\">{\"@context\":\"https:\\\/\\\/schema.org\",\"@graph\":[{\"@type\":\"WebPage\",\"@id\":\"https:\\\/\\\/cornelliastudio.pl\\\/produkt\\\/925-srebrne-kolczyki-z-koralem-delikatne-kolczyki-kola\\\/\",\"url\":\"https:\\\/\\\/cornelliastudio.pl\\\/produkt\\\/925-srebrne-kolczyki-z-koralem-delikatne-kolczyki-kola\\\/\",\"name\":\"925 Srebrne kolczyki z koralem \u2013 delikatne kolczyki ko\u0142a - Cornellia Studio\",\"isPartOf\":{\"@id\":\"https:\\\/\\\/cornelliastudio.pl\\\/#website\"},\"primaryImageOfPage\":{\"@id\":\"https:\\\/\\\/cornelliastudio.pl\\\/produkt\\\/925-srebrne-kolczyki-z-koralem-delikatne-kolczyki-kola\\\/#primaryimage\"},\"image\":{\"@id\":\"https:\\\/\\\/cornelliastudio.pl\\\/produkt\\\/925-srebrne-kolczyki-z-koralem-delikatne-kolczyki-kola\\\/#primaryimage\"},\"thumbnailUrl\":\"https:\\\/\\\/cornelliastudio.pl\\\/wp-content\\\/uploads\\\/2025\\\/11\\\/il_300x300.7395707310_tnwi.avif\",\"datePublished\":\"2025-11-25T16:58:16+00:00\",\"dateModified\":\"2026-01-02T18:04:20+00:00\",\"breadcrumb\":{\"@id\":\"https:\\\/\\\/cornelliastudio.pl\\\/produkt\\\/925-srebrne-kolczyki-z-koralem-delikatne-kolczyki-kola\\\/#breadcrumb\"},\"inLanguage\":\"en-GB\",\"potentialAction\":[{\"@type\":\"ReadAction\",\"target\":[\"https:\\\/\\\/cornelliastudio.pl\\\/produkt\\\/925-srebrne-kolczyki-z-koralem-delikatne-kolczyki-kola\\\/\"]}]},{\"@type\":\"ImageObject\",\"inLanguage\":\"en-GB\",\"@id\":\"https:\\\/\\\/cornelliastudio.pl\\\/produkt\\\/925-srebrne-kolczyki-z-koralem-delikatne-kolczyki-kola\\\/#primaryimage\",\"url\":\"https:\\\/\\\/cornelliastudio.pl\\\/wp-content\\\/uploads\\\/2025\\\/11\\\/il_300x300.7395707310_tnwi.avif\",\"contentUrl\":\"https:\\\/\\\/cornelliastudio.pl\\\/wp-content\\\/uploads\\\/2025\\\/11\\\/il_300x300.7395707310_tnwi.avif\",\"width\":300,\"height\":300},{\"@type\":\"BreadcrumbList\",\"@id\":\"https:\\\/\\\/cornelliastudio.pl\\\/produkt\\\/925-srebrne-kolczyki-z-koralem-delikatne-kolczyki-kola\\\/#breadcrumb\",\"itemListElement\":[{\"@type\":\"ListItem\",\"position\":1,\"name\":\"Strona g\u0142\u00f3wna\",\"item\":\"https:\\\/\\\/cornelliastudio.pl\\\/\"},{\"@type\":\"ListItem\",\"position\":2,\"name\":\"Sklep\",\"item\":\"https:\\\/\\\/cornelliastudio.pl\\\/sklep\\\/\"},{\"@type\":\"ListItem\",\"position\":3,\"name\":\"925 Srebrne kolczyki z koralem \u2013 delikatne kolczyki ko\u0142a\"}]},{\"@type\":\"WebSite\",\"@id\":\"https:\\\/\\\/cornelliastudio.pl\\\/#website\",\"url\":\"https:\\\/\\\/cornelliastudio.pl\\\/\",\"name\":\"Cornellia Studio\",\"description\":\"Bi\u017cuteria artystyczna, hand made\",\"publisher\":{\"@id\":\"https:\\\/\\\/cornelliastudio.pl\\\/#organization\"},\"potentialAction\":[{\"@type\":\"SearchAction\",\"target\":{\"@type\":\"EntryPoint\",\"urlTemplate\":\"https:\\\/\\\/cornelliastudio.pl\\\/?s={search_term_string}\"},\"query-input\":{\"@type\":\"PropertyValueSpecification\",\"valueRequired\":true,\"valueName\":\"search_term_string\"}}],\"inLanguage\":\"en-GB\"},{\"@type\":\"Organization\",\"@id\":\"https:\\\/\\\/cornelliastudio.pl\\\/#organization\",\"name\":\"Cornellia Studio\",\"url\":\"https:\\\/\\\/cornelliastudio.pl\\\/\",\"logo\":{\"@type\":\"ImageObject\",\"inLanguage\":\"en-GB\",\"@id\":\"https:\\\/\\\/cornelliastudio.pl\\\/#\\\/schema\\\/logo\\\/image\\\/\",\"url\":\"https:\\\/\\\/cornelliastudio.pl\\\/wp-content\\\/uploads\\\/2025\\\/10\\\/Cornellia-Studio-logo.png\",\"contentUrl\":\"https:\\\/\\\/cornelliastudio.pl\\\/wp-content\\\/uploads\\\/2025\\\/10\\\/Cornellia-Studio-logo.png\",\"width\":1563,\"height\":1563,\"caption\":\"Cornellia Studio\"},\"image\":{\"@id\":\"https:\\\/\\\/cornelliastudio.pl\\\/#\\\/schema\\\/logo\\\/image\\\/\"}}]}<\/script>\n<!-- \/ Yoast SEO plugin. -->","yoast_head_json":{"title":"925 Srebrne kolczyki z koralem \u2013 delikatne kolczyki ko\u0142a - Cornellia Studio","robots":{"index":"index","follow":"follow","max-snippet":"max-snippet:-1","max-image-preview":"max-image-preview:large","max-video-preview":"max-video-preview:-1"},"canonical":"https:\/\/cornelliastudio.pl\/en\/product\/925-srebrne-kolczyki-z-koralem-delikatne-kolczyki-kola\/","og_locale":"en_GB","og_type":"article","og_title":"925 Srebrne kolczyki z koralem \u2013 delikatne kolczyki ko\u0142a - Cornellia Studio","og_description":"\u2728 R\u0119cznie robione srebrne kolczyki z naturalnym koralem \u2728 Te eleganckie kolczyki wykonane s\u0105 ze srebra pr\u00f3by 925 i zdobi je delikatna a\u017curowa rozeta o \u015brednicy 14 mm, uzupe\u0142niona trzema naturalnymi koralikami koralu. Ciep\u0142e, czerwone akcenty dodaj\u0105 subtelnego koloru, dzi\u0119ki czemu kolczyki doskonale sprawdz\u0105 si\u0119 zar\u00f3wno na co dzie\u0144, jak i na specjalne okazje. \ud83c\udf3f [&hellip;]","og_url":"https:\/\/cornelliastudio.pl\/en\/product\/925-srebrne-kolczyki-z-koralem-delikatne-kolczyki-kola\/","og_site_name":"Cornellia Studio","article_modified_time":"2026-01-02T18:04:20+00:00","twitter_card":"summary_large_image","twitter_misc":{"Estimated reading time":"1 minute"},"schema":{"@context":"https:\/\/schema.org","@graph":[{"@type":"WebPage","@id":"https:\/\/cornelliastudio.pl\/produkt\/925-srebrne-kolczyki-z-koralem-delikatne-kolczyki-kola\/","url":"https:\/\/cornelliastudio.pl\/produkt\/925-srebrne-kolczyki-z-koralem-delikatne-kolczyki-kola\/","name":"925 Srebrne kolczyki z koralem \u2013 delikatne kolczyki ko\u0142a - Cornellia Studio","isPartOf":{"@id":"https:\/\/cornelliastudio.pl\/#website"},"primaryImageOfPage":{"@id":"https:\/\/cornelliastudio.pl\/produkt\/925-srebrne-kolczyki-z-koralem-delikatne-kolczyki-kola\/#primaryimage"},"image":{"@id":"https:\/\/cornelliastudio.pl\/produkt\/925-srebrne-kolczyki-z-koralem-delikatne-kolczyki-kola\/#primaryimage"},"thumbnailUrl":"https:\/\/cornelliastudio.pl\/wp-content\/uploads\/2025\/11\/il_300x300.7395707310_tnwi.avif","datePublished":"2025-11-25T16:58:16+00:00","dateModified":"2026-01-02T18:04:20+00:00","breadcrumb":{"@id":"https:\/\/cornelliastudio.pl\/produkt\/925-srebrne-kolczyki-z-koralem-delikatne-kolczyki-kola\/#breadcrumb"},"inLanguage":"en-GB","potentialAction":[{"@type":"ReadAction","target":["https:\/\/cornelliastudio.pl\/produkt\/925-srebrne-kolczyki-z-koralem-delikatne-kolczyki-kola\/"]}]},{"@type":"ImageObject","inLanguage":"en-GB","@id":"https:\/\/cornelliastudio.pl\/produkt\/925-srebrne-kolczyki-z-koralem-delikatne-kolczyki-kola\/#primaryimage","url":"https:\/\/cornelliastudio.pl\/wp-content\/uploads\/2025\/11\/il_300x300.7395707310_tnwi.avif","contentUrl":"https:\/\/cornelliastudio.pl\/wp-content\/uploads\/2025\/11\/il_300x300.7395707310_tnwi.avif","width":300,"height":300},{"@type":"BreadcrumbList","@id":"https:\/\/cornelliastudio.pl\/produkt\/925-srebrne-kolczyki-z-koralem-delikatne-kolczyki-kola\/#breadcrumb","itemListElement":[{"@type":"ListItem","position":1,"name":"Strona g\u0142\u00f3wna","item":"https:\/\/cornelliastudio.pl\/"},{"@type":"ListItem","position":2,"name":"Sklep","item":"https:\/\/cornelliastudio.pl\/sklep\/"},{"@type":"ListItem","position":3,"name":"925 Srebrne kolczyki z koralem \u2013 delikatne kolczyki ko\u0142a"}]},{"@type":"WebSite","@id":"https:\/\/cornelliastudio.pl\/#website","url":"https:\/\/cornelliastudio.pl\/","name":"Cornellia Studio","description":"Bi\u017cuteria artystyczna, hand made","publisher":{"@id":"https:\/\/cornelliastudio.pl\/#organization"},"potentialAction":[{"@type":"SearchAction","target":{"@type":"EntryPoint","urlTemplate":"https:\/\/cornelliastudio.pl\/?s={search_term_string}"},"query-input":{"@type":"PropertyValueSpecification","valueRequired":true,"valueName":"search_term_string"}}],"inLanguage":"en-GB"},{"@type":"Organization","@id":"https:\/\/cornelliastudio.pl\/#organization","name":"Cornellia Studio","url":"https:\/\/cornelliastudio.pl\/","logo":{"@type":"ImageObject","inLanguage":"en-GB","@id":"https:\/\/cornelliastudio.pl\/#\/schema\/logo\/image\/","url":"https:\/\/cornelliastudio.pl\/wp-content\/uploads\/2025\/10\/Cornellia-Studio-logo.png","contentUrl":"https:\/\/cornelliastudio.pl\/wp-content\/uploads\/2025\/10\/Cornellia-Studio-logo.png","width":1563,"height":1563,"caption":"Cornellia Studio"},"image":{"@id":"https:\/\/cornelliastudio.pl\/#\/schema\/logo\/image\/"}}]}},"uagb_featured_image_src":{"full":["https:\/\/cornelliastudio.pl\/wp-content\/uploads\/2025\/11\/il_300x300.7395707310_tnwi.avif",300,300,false],"thumbnail":["https:\/\/cornelliastudio.pl\/wp-content\/uploads\/2025\/11\/il_300x300.7395707310_tnwi-150x150.avif",150,150,true],"medium":["https:\/\/cornelliastudio.pl\/wp-content\/uploads\/2025\/11\/il_300x300.7395707310_tnwi.avif",300,300,false],"medium_large":["https:\/\/cornelliastudio.pl\/wp-content\/uploads\/2025\/11\/il_300x300.7395707310_tnwi.avif",300,300,false],"large":["https:\/\/cornelliastudio.pl\/wp-content\/uploads\/2025\/11\/il_300x300.7395707310_tnwi.avif",300,300,false],"1536x1536":["https:\/\/cornelliastudio.pl\/wp-content\/uploads\/2025\/11\/il_300x300.7395707310_tnwi.avif",300,300,false],"2048x2048":["https:\/\/cornelliastudio.pl\/wp-content\/uploads\/2025\/11\/il_300x300.7395707310_tnwi.avif",300,300,false],"trp-custom-language-flag":["https:\/\/cornelliastudio.pl\/wp-content\/uploads\/2025\/11\/il_300x300.7395707310_tnwi.avif",12,12,false],"woocommerce_thumbnail":["https:\/\/cornelliastudio.pl\/wp-content\/uploads\/2025\/11\/il_300x300.7395707310_tnwi.avif",300,300,false],"woocommerce_single":["https:\/\/cornelliastudio.pl\/wp-content\/uploads\/2025\/11\/il_300x300.7395707310_tnwi.avif",300,300,false],"woocommerce_gallery_thumbnail":["https:\/\/cornelliastudio.pl\/wp-content\/uploads\/2025\/11\/il_300x300.7395707310_tnwi-100x100.avif",100,100,true]},"uagb_author_info":{"display_name":"Administrator","author_link":"https:\/\/cornelliastudio.pl\/en\/author\/"},"uagb_comment_info":0,"uagb_excerpt":"\u2728 R\u0119cznie robione srebrne kolczyki z naturalnym koralem \u2728 Te eleganckie kolczyki wykonane s\u0105 ze srebra pr\u00f3by 925 i zdobi je delikatna a\u017curowa rozeta o \u015brednicy 14 mm, uzupe\u0142niona trzema naturalnymi koralikami koralu. Ciep\u0142e, czerwone akcenty dodaj\u0105 subtelnego koloru, dzi\u0119ki czemu kolczyki doskonale sprawdz\u0105 si\u0119 zar\u00f3wno na co dzie\u0144, jak i na specjalne okazje. \ud83c\udf3f&hellip;","_links":{"self":[{"href":"https:\/\/cornelliastudio.pl\/en\/wp-json\/wp\/v2\/product\/2031","targetHints":{"allow":["GET"]}}],"collection":[{"href":"https:\/\/cornelliastudio.pl\/en\/wp-json\/wp\/v2\/product"}],"about":[{"href":"https:\/\/cornelliastudio.pl\/en\/wp-json\/wp\/v2\/types\/product"}],"replies":[{"embeddable":true,"href":"https:\/\/cornelliastudio.pl\/en\/wp-json\/wp\/v2\/comments?post=2031"}],"wp:featuredmedia":[{"embeddable":true,"href":"https:\/\/cornelliastudio.pl\/en\/wp-json\/wp\/v2\/media\/2079"}],"wp:attachment":[{"href":"https:\/\/cornelliastudio.pl\/en\/wp-json\/wp\/v2\/media?parent=2031"}],"wp:term":[{"taxonomy":"product_brand","embeddable":true,"href":"https:\/\/cornelliastudio.pl\/en\/wp-json\/wp\/v2\/product_brand?post=2031"},{"taxonomy":"product_cat","embeddable":true,"href":"https:\/\/cornelliastudio.pl\/en\/wp-json\/wp\/v2\/product_cat?post=2031"},{"taxonomy":"product_tag","embeddable":true,"href":"https:\/\/cornelliastudio.pl\/en\/wp-json\/wp\/v2\/product_tag?post=2031"}],"curies":[{"name":"wp","href":"https:\/\/api.w.org\/{rel}","templated":true}]}}