{"id":2030,"date":"2025-11-25T17:58:16","date_gmt":"2025-11-25T16:58:16","guid":{"rendered":"https:\/\/cornelliastudio.pl\/produkt\/kolczyki-ze-srebra-proby-925-z-ozdobnymi-kulkami-8-mm-bizuteria-handmade\/"},"modified":"2025-12-17T11:08:56","modified_gmt":"2025-12-17T10:08:56","slug":"kolczyki-ze-srebra-proby-925-z-ozdobnymi-kulkami-8-mm-bizuteria-handmade","status":"publish","type":"product","link":"https:\/\/cornelliastudio.pl\/en\/product\/kolczyki-ze-srebra-proby-925-z-ozdobnymi-kulkami-8-mm-bizuteria-handmade\/","title":{"rendered":"A 925 sterling silver necklace with a large coral tube and a decorative tassel \u2013 a bold accent in a minimalist style"},"content":{"rendered":"<h2 data-start=\"141\" data-end=\"445\"><strong>Naszyjnik ze srebra 925 z akcentem czerwonego koralu i dekoracyjn\u0105 fr\u0119dzl\u0105<\/strong><\/h2>\n<p data-start=\"103\" data-end=\"423\"><strong data-start=\"103\" data-end=\"423\">A bold yet elegant necklace crafted from 925 sterling silver, featuring a large natural coral tube (12 \u00d7 14 mm) as its focal point.\nThe warm, intense red of the stone beautifully contrasts with the cool shine of silver, creating a piece that perfectly blends minimalism with an artistic accent.<\/strong><\/p>\n<p data-start=\"425\" data-end=\"720\">At the bottom of the composition, there is a decorative sterling silver tassel measuring 30 mm, adding lightness, subtle movement, and a modern touch.\nThe total length of the necklace is <strong data-start=\"604\" data-end=\"615\">48 cm<\/strong>, allowing it to drape beautifully and complement both everyday and elegant necklines.<\/p>\n<p data-start=\"722\" data-end=\"982\">This piece is designed for those who appreciate unique forms, natural stones, and jewelry that highlights individual style.\nEach necklace is handcrafted in <strong data-start=\"903\" data-end=\"923\">Cornellia Studio<\/strong>, ensuring a unique character and meticulous craftsmanship.<\/p>\n<hr data-start=\"984\" data-end=\"987\" \/>\n<h3 data-start=\"989\" data-end=\"1011\"><strong data-start=\"993\" data-end=\"1011\">Product details:\u00a0<\/strong><\/h3>\n<ul data-start=\"1013\" data-end=\"1386\">\n<li data-start=\"1013\" data-end=\"1047\">\n<p data-start=\"1015\" data-end=\"1047\"><strong data-start=\"1015\" data-end=\"1028\">Material:<\/strong> 925  sterling silver<\/p>\n<\/li>\n<li data-start=\"1048\" data-end=\"1093\">\n<p data-start=\"1050\" data-end=\"1093\"><strong data-start=\"1050\" data-end=\"1083\">Total necklace length:<\/strong> 48 cm<\/p>\n<\/li>\n<li data-start=\"1094\" data-end=\"1144\">\n<p data-start=\"1096\" data-end=\"1144\"><strong data-start=\"1096\" data-end=\"1107\">Stone:<\/strong> Natural coral (tube), 12 \u00d7 14 mm<\/p>\n<\/li>\n<li data-start=\"1145\" data-end=\"1187\">\n<p data-start=\"1147\" data-end=\"1187\"><strong data-start=\"1147\" data-end=\"1159\">Tassel:<\/strong> 925 sterling silver, length 30 mm<\/p>\n<\/li>\n<li data-start=\"1188\" data-end=\"1241\">\n<p data-start=\"1190\" data-end=\"1241\"><strong data-start=\"1190\" data-end=\"1199\">Style:<\/strong> minimalist, elegant, and artistic<\/p>\n<\/li>\n<li data-start=\"1242\" data-end=\"1286\">\n<p data-start=\"1244\" data-end=\"1286\"><strong data-start=\"1244\" data-end=\"1255\">Colors:<\/strong> sterling silver with an intense red accent<\/p>\n<\/li>\n<li data-start=\"1332\" data-end=\"1386\">\n<p data-start=\"1334\" data-end=\"1386\"><strong data-start=\"1334\" data-end=\"1348\">Craftsmanship:<\/strong> by hand in the Cornellia Studio workshop<\/p>\n<\/li>\n<\/ul>","protected":false},"excerpt":{"rendered":"<h2>Red coral necklace with a silver tassel | 925 sterling silver<\/h2>\n<p>A 925 sterling silver necklace with natural red coral and a decorative tassel.\nA bold yet elegant design. An ideal accessory to highlight individual style.<\/p>","protected":false},"featured_media":2383,"comment_status":"open","ping_status":"closed","template":"","meta":{"_uag_custom_page_level_css":"","site-sidebar-layout":"default","site-content-layout":"","ast-site-content-layout":"default","site-content-style":"default","site-sidebar-style":"default","ast-global-header-display":"","ast-banner-title-visibility":"","ast-main-header-display":"","ast-hfb-above-header-display":"","ast-hfb-below-header-display":"","ast-hfb-mobile-header-display":"","site-post-title":"","ast-breadcrumbs-content":"","ast-featured-img":"","footer-sml-layout":"","ast-disable-related-posts":"","theme-transparent-header-meta":"default","adv-header-id-meta":"","stick-header-meta":"","header-above-stick-meta":"","header-main-stick-meta":"","header-below-stick-meta":"","astra-migrate-meta-layouts":"set","ast-page-background-enabled":"default","ast-page-background-meta":{"desktop":{"background-color":"var(--ast-global-color-4)","background-image":"","background-repeat":"repeat","background-position":"center center","background-size":"auto","background-attachment":"scroll","background-type":"","background-media":"","overlay-type":"","overlay-color":"","overlay-opacity":"","overlay-gradient":""},"tablet":{"background-color":"","background-image":"","background-repeat":"repeat","background-position":"center center","background-size":"auto","background-attachment":"scroll","background-type":"","background-media":"","overlay-type":"","overlay-color":"","overlay-opacity":"","overlay-gradient":""},"mobile":{"background-color":"","background-image":"","background-repeat":"repeat","background-position":"center center","background-size":"auto","background-attachment":"scroll","background-type":"","background-media":"","overlay-type":"","overlay-color":"","overlay-opacity":"","overlay-gradient":""}},"ast-content-background-meta":{"desktop":{"background-color":"var(--ast-global-color-5)","background-image":"","background-repeat":"repeat","background-position":"center center","background-size":"auto","background-attachment":"scroll","background-type":"","background-media":"","overlay-type":"","overlay-color":"","overlay-opacity":"","overlay-gradient":""},"tablet":{"background-color":"var(--ast-global-color-5)","background-image":"","background-repeat":"repeat","background-position":"center center","background-size":"auto","background-attachment":"scroll","background-type":"","background-media":"","overlay-type":"","overlay-color":"","overlay-opacity":"","overlay-gradient":""},"mobile":{"background-color":"var(--ast-global-color-5)","background-image":"","background-repeat":"repeat","background-position":"center center","background-size":"auto","background-attachment":"scroll","background-type":"","background-media":"","overlay-type":"","overlay-color":"","overlay-opacity":"","overlay-gradient":""}}},"product_brand":[201],"product_cat":[30,38,31],"product_tag":[342,230,350,327,349,276,298,348,344,309,192,187,331],"class_list":{"0":"post-2030","1":"product","2":"type-product","3":"status-publish","4":"has-post-thumbnail","6":"product_brand-cornellia-studio","7":"product_cat-bestsellery","8":"product_cat-naszyjniki-pendants","9":"product_cat-nowosci","10":"product_tag-bizuteria-autorska","11":"product_tag-delikatna-bizuteria","12":"product_tag-dlugi-naszyjnik","13":"product_tag-elegancki-naszyjnik","14":"product_tag-koral-czerwony","15":"product_tag-minimalistyczna-bizuteria","16":"product_tag-naszyjnik-handmade","17":"product_tag-naszyjnik-koral","18":"product_tag-naszyjnik-srebro-925","19":"product_tag-naszyjnik-z-kamieniem","20":"product_tag-naturalne-kamienie","21":"product_tag-prezent-dla-niej","22":"product_tag-srebrny-naszyjnik","23":"pa_dlugosc-naszyjnika-36cm","24":"pa_dlugosc-naszyjnika-48cm","25":"pa_dlugosc-naszyjnika-58cm","26":"pa_dlugosc-naszyjnika-86cm","27":"desktop-align-left","28":"tablet-align-left","29":"mobile-align-left","31":"first","32":"instock","33":"taxable","34":"shipping-taxable","35":"purchasable","36":"product-type-variable"},"yoast_head":"<!-- This site is optimized with the Yoast SEO plugin v27.4 - https:\/\/yoast.com\/product\/yoast-seo-wordpress\/ -->\n<title>Naszyjnik ze srebra 925 z du\u017c\u0105 tub\u0105 koralu i ozdobn\u0105 fr\u0119dzl\u0105 \u2013 wyrazisty akcent w minimalistycznym stylu - Cornellia Studio<\/title>\n<meta name=\"robots\" content=\"index, follow, max-snippet:-1, max-image-preview:large, max-video-preview:-1\" \/>\n<link rel=\"canonical\" href=\"https:\/\/cornelliastudio.pl\/en\/product\/kolczyki-ze-srebra-proby-925-z-ozdobnymi-kulkami-8-mm-bizuteria-handmade\/\" \/>\n<meta property=\"og:locale\" content=\"en_GB\" \/>\n<meta property=\"og:type\" content=\"article\" \/>\n<meta property=\"og:title\" content=\"Naszyjnik ze srebra 925 z du\u017c\u0105 tub\u0105 koralu i ozdobn\u0105 fr\u0119dzl\u0105 \u2013 wyrazisty akcent w minimalistycznym stylu - Cornellia Studio\" \/>\n<meta property=\"og:description\" content=\"Naszyjnik z czerwonym koralem i srebrn\u0105 fr\u0119dzl\u0105 | Silver 925 Naszyjnik ze srebra 925 z naturalnym czerwonym koralem i dekoracyjn\u0105 fr\u0119dzl\u0105. Wyrazista, a zarazem elegancka forma. Idealny dodatek podkre\u015blaj\u0105cy indywidualny styl.\" \/>\n<meta property=\"og:url\" content=\"https:\/\/cornelliastudio.pl\/en\/product\/kolczyki-ze-srebra-proby-925-z-ozdobnymi-kulkami-8-mm-bizuteria-handmade\/\" \/>\n<meta property=\"og:site_name\" content=\"Cornellia Studio\" \/>\n<meta property=\"article:modified_time\" content=\"2025-12-17T10:08:56+00:00\" \/>\n<meta property=\"og:image\" content=\"https:\/\/cornelliastudio.pl\/wp-content\/uploads\/2025\/11\/20250508_104838-scaled.jpg\" \/>\n\t<meta property=\"og:image:width\" content=\"2560\" \/>\n\t<meta property=\"og:image:height\" content=\"2560\" \/>\n\t<meta property=\"og:image:type\" content=\"image\/jpeg\" \/>\n<meta name=\"twitter:card\" content=\"summary_large_image\" \/>\n<meta name=\"twitter:label1\" content=\"Estimated reading time\" \/>\n\t<meta name=\"twitter:data1\" content=\"2 minutes\" \/>\n<script type=\"application\/ld+json\" class=\"yoast-schema-graph\">{\"@context\":\"https:\\\/\\\/schema.org\",\"@graph\":[{\"@type\":\"WebPage\",\"@id\":\"https:\\\/\\\/cornelliastudio.pl\\\/produkt\\\/kolczyki-ze-srebra-proby-925-z-ozdobnymi-kulkami-8-mm-bizuteria-handmade\\\/\",\"url\":\"https:\\\/\\\/cornelliastudio.pl\\\/produkt\\\/kolczyki-ze-srebra-proby-925-z-ozdobnymi-kulkami-8-mm-bizuteria-handmade\\\/\",\"name\":\"Naszyjnik ze srebra 925 z du\u017c\u0105 tub\u0105 koralu i ozdobn\u0105 fr\u0119dzl\u0105 \u2013 wyrazisty akcent w minimalistycznym stylu - Cornellia Studio\",\"isPartOf\":{\"@id\":\"https:\\\/\\\/cornelliastudio.pl\\\/#website\"},\"primaryImageOfPage\":{\"@id\":\"https:\\\/\\\/cornelliastudio.pl\\\/produkt\\\/kolczyki-ze-srebra-proby-925-z-ozdobnymi-kulkami-8-mm-bizuteria-handmade\\\/#primaryimage\"},\"image\":{\"@id\":\"https:\\\/\\\/cornelliastudio.pl\\\/produkt\\\/kolczyki-ze-srebra-proby-925-z-ozdobnymi-kulkami-8-mm-bizuteria-handmade\\\/#primaryimage\"},\"thumbnailUrl\":\"https:\\\/\\\/cornelliastudio.pl\\\/wp-content\\\/uploads\\\/2025\\\/11\\\/20250508_104838-scaled.jpg\",\"datePublished\":\"2025-11-25T16:58:16+00:00\",\"dateModified\":\"2025-12-17T10:08:56+00:00\",\"breadcrumb\":{\"@id\":\"https:\\\/\\\/cornelliastudio.pl\\\/produkt\\\/kolczyki-ze-srebra-proby-925-z-ozdobnymi-kulkami-8-mm-bizuteria-handmade\\\/#breadcrumb\"},\"inLanguage\":\"en-GB\",\"potentialAction\":[{\"@type\":\"ReadAction\",\"target\":[\"https:\\\/\\\/cornelliastudio.pl\\\/produkt\\\/kolczyki-ze-srebra-proby-925-z-ozdobnymi-kulkami-8-mm-bizuteria-handmade\\\/\"]}]},{\"@type\":\"ImageObject\",\"inLanguage\":\"en-GB\",\"@id\":\"https:\\\/\\\/cornelliastudio.pl\\\/produkt\\\/kolczyki-ze-srebra-proby-925-z-ozdobnymi-kulkami-8-mm-bizuteria-handmade\\\/#primaryimage\",\"url\":\"https:\\\/\\\/cornelliastudio.pl\\\/wp-content\\\/uploads\\\/2025\\\/11\\\/20250508_104838-scaled.jpg\",\"contentUrl\":\"https:\\\/\\\/cornelliastudio.pl\\\/wp-content\\\/uploads\\\/2025\\\/11\\\/20250508_104838-scaled.jpg\",\"width\":2560,\"height\":2560},{\"@type\":\"BreadcrumbList\",\"@id\":\"https:\\\/\\\/cornelliastudio.pl\\\/produkt\\\/kolczyki-ze-srebra-proby-925-z-ozdobnymi-kulkami-8-mm-bizuteria-handmade\\\/#breadcrumb\",\"itemListElement\":[{\"@type\":\"ListItem\",\"position\":1,\"name\":\"Strona g\u0142\u00f3wna\",\"item\":\"https:\\\/\\\/cornelliastudio.pl\\\/\"},{\"@type\":\"ListItem\",\"position\":2,\"name\":\"Sklep\",\"item\":\"https:\\\/\\\/cornelliastudio.pl\\\/sklep\\\/\"},{\"@type\":\"ListItem\",\"position\":3,\"name\":\"Naszyjnik ze srebra 925 z du\u017c\u0105 tub\u0105 koralu i ozdobn\u0105 fr\u0119dzl\u0105 \u2013 wyrazisty akcent w minimalistycznym stylu\"}]},{\"@type\":\"WebSite\",\"@id\":\"https:\\\/\\\/cornelliastudio.pl\\\/#website\",\"url\":\"https:\\\/\\\/cornelliastudio.pl\\\/\",\"name\":\"Cornellia Studio\",\"description\":\"Bi\u017cuteria artystyczna, hand made\",\"publisher\":{\"@id\":\"https:\\\/\\\/cornelliastudio.pl\\\/#organization\"},\"potentialAction\":[{\"@type\":\"SearchAction\",\"target\":{\"@type\":\"EntryPoint\",\"urlTemplate\":\"https:\\\/\\\/cornelliastudio.pl\\\/?s={search_term_string}\"},\"query-input\":{\"@type\":\"PropertyValueSpecification\",\"valueRequired\":true,\"valueName\":\"search_term_string\"}}],\"inLanguage\":\"en-GB\"},{\"@type\":\"Organization\",\"@id\":\"https:\\\/\\\/cornelliastudio.pl\\\/#organization\",\"name\":\"Cornellia Studio\",\"url\":\"https:\\\/\\\/cornelliastudio.pl\\\/\",\"logo\":{\"@type\":\"ImageObject\",\"inLanguage\":\"en-GB\",\"@id\":\"https:\\\/\\\/cornelliastudio.pl\\\/#\\\/schema\\\/logo\\\/image\\\/\",\"url\":\"https:\\\/\\\/cornelliastudio.pl\\\/wp-content\\\/uploads\\\/2025\\\/10\\\/Cornellia-Studio-logo.png\",\"contentUrl\":\"https:\\\/\\\/cornelliastudio.pl\\\/wp-content\\\/uploads\\\/2025\\\/10\\\/Cornellia-Studio-logo.png\",\"width\":1563,\"height\":1563,\"caption\":\"Cornellia Studio\"},\"image\":{\"@id\":\"https:\\\/\\\/cornelliastudio.pl\\\/#\\\/schema\\\/logo\\\/image\\\/\"}}]}<\/script>\n<!-- \/ Yoast SEO plugin. -->","yoast_head_json":{"title":"Naszyjnik ze srebra 925 z du\u017c\u0105 tub\u0105 koralu i ozdobn\u0105 fr\u0119dzl\u0105 \u2013 wyrazisty akcent w minimalistycznym stylu - Cornellia Studio","robots":{"index":"index","follow":"follow","max-snippet":"max-snippet:-1","max-image-preview":"max-image-preview:large","max-video-preview":"max-video-preview:-1"},"canonical":"https:\/\/cornelliastudio.pl\/en\/product\/kolczyki-ze-srebra-proby-925-z-ozdobnymi-kulkami-8-mm-bizuteria-handmade\/","og_locale":"en_GB","og_type":"article","og_title":"Naszyjnik ze srebra 925 z du\u017c\u0105 tub\u0105 koralu i ozdobn\u0105 fr\u0119dzl\u0105 \u2013 wyrazisty akcent w minimalistycznym stylu - Cornellia Studio","og_description":"Naszyjnik z czerwonym koralem i srebrn\u0105 fr\u0119dzl\u0105 | Silver 925 Naszyjnik ze srebra 925 z naturalnym czerwonym koralem i dekoracyjn\u0105 fr\u0119dzl\u0105. Wyrazista, a zarazem elegancka forma. Idealny dodatek podkre\u015blaj\u0105cy indywidualny styl.","og_url":"https:\/\/cornelliastudio.pl\/en\/product\/kolczyki-ze-srebra-proby-925-z-ozdobnymi-kulkami-8-mm-bizuteria-handmade\/","og_site_name":"Cornellia Studio","article_modified_time":"2025-12-17T10:08:56+00:00","og_image":[{"width":2560,"height":2560,"url":"https:\/\/cornelliastudio.pl\/wp-content\/uploads\/2025\/11\/20250508_104838-scaled.jpg","type":"image\/jpeg"}],"twitter_card":"summary_large_image","twitter_misc":{"Estimated reading time":"2 minutes"},"schema":{"@context":"https:\/\/schema.org","@graph":[{"@type":"WebPage","@id":"https:\/\/cornelliastudio.pl\/produkt\/kolczyki-ze-srebra-proby-925-z-ozdobnymi-kulkami-8-mm-bizuteria-handmade\/","url":"https:\/\/cornelliastudio.pl\/produkt\/kolczyki-ze-srebra-proby-925-z-ozdobnymi-kulkami-8-mm-bizuteria-handmade\/","name":"Naszyjnik ze srebra 925 z du\u017c\u0105 tub\u0105 koralu i ozdobn\u0105 fr\u0119dzl\u0105 \u2013 wyrazisty akcent w minimalistycznym stylu - Cornellia Studio","isPartOf":{"@id":"https:\/\/cornelliastudio.pl\/#website"},"primaryImageOfPage":{"@id":"https:\/\/cornelliastudio.pl\/produkt\/kolczyki-ze-srebra-proby-925-z-ozdobnymi-kulkami-8-mm-bizuteria-handmade\/#primaryimage"},"image":{"@id":"https:\/\/cornelliastudio.pl\/produkt\/kolczyki-ze-srebra-proby-925-z-ozdobnymi-kulkami-8-mm-bizuteria-handmade\/#primaryimage"},"thumbnailUrl":"https:\/\/cornelliastudio.pl\/wp-content\/uploads\/2025\/11\/20250508_104838-scaled.jpg","datePublished":"2025-11-25T16:58:16+00:00","dateModified":"2025-12-17T10:08:56+00:00","breadcrumb":{"@id":"https:\/\/cornelliastudio.pl\/produkt\/kolczyki-ze-srebra-proby-925-z-ozdobnymi-kulkami-8-mm-bizuteria-handmade\/#breadcrumb"},"inLanguage":"en-GB","potentialAction":[{"@type":"ReadAction","target":["https:\/\/cornelliastudio.pl\/produkt\/kolczyki-ze-srebra-proby-925-z-ozdobnymi-kulkami-8-mm-bizuteria-handmade\/"]}]},{"@type":"ImageObject","inLanguage":"en-GB","@id":"https:\/\/cornelliastudio.pl\/produkt\/kolczyki-ze-srebra-proby-925-z-ozdobnymi-kulkami-8-mm-bizuteria-handmade\/#primaryimage","url":"https:\/\/cornelliastudio.pl\/wp-content\/uploads\/2025\/11\/20250508_104838-scaled.jpg","contentUrl":"https:\/\/cornelliastudio.pl\/wp-content\/uploads\/2025\/11\/20250508_104838-scaled.jpg","width":2560,"height":2560},{"@type":"BreadcrumbList","@id":"https:\/\/cornelliastudio.pl\/produkt\/kolczyki-ze-srebra-proby-925-z-ozdobnymi-kulkami-8-mm-bizuteria-handmade\/#breadcrumb","itemListElement":[{"@type":"ListItem","position":1,"name":"Strona g\u0142\u00f3wna","item":"https:\/\/cornelliastudio.pl\/"},{"@type":"ListItem","position":2,"name":"Sklep","item":"https:\/\/cornelliastudio.pl\/sklep\/"},{"@type":"ListItem","position":3,"name":"Naszyjnik ze srebra 925 z du\u017c\u0105 tub\u0105 koralu i ozdobn\u0105 fr\u0119dzl\u0105 \u2013 wyrazisty akcent w minimalistycznym stylu"}]},{"@type":"WebSite","@id":"https:\/\/cornelliastudio.pl\/#website","url":"https:\/\/cornelliastudio.pl\/","name":"Cornellia Studio","description":"Bi\u017cuteria artystyczna, hand made","publisher":{"@id":"https:\/\/cornelliastudio.pl\/#organization"},"potentialAction":[{"@type":"SearchAction","target":{"@type":"EntryPoint","urlTemplate":"https:\/\/cornelliastudio.pl\/?s={search_term_string}"},"query-input":{"@type":"PropertyValueSpecification","valueRequired":true,"valueName":"search_term_string"}}],"inLanguage":"en-GB"},{"@type":"Organization","@id":"https:\/\/cornelliastudio.pl\/#organization","name":"Cornellia Studio","url":"https:\/\/cornelliastudio.pl\/","logo":{"@type":"ImageObject","inLanguage":"en-GB","@id":"https:\/\/cornelliastudio.pl\/#\/schema\/logo\/image\/","url":"https:\/\/cornelliastudio.pl\/wp-content\/uploads\/2025\/10\/Cornellia-Studio-logo.png","contentUrl":"https:\/\/cornelliastudio.pl\/wp-content\/uploads\/2025\/10\/Cornellia-Studio-logo.png","width":1563,"height":1563,"caption":"Cornellia Studio"},"image":{"@id":"https:\/\/cornelliastudio.pl\/#\/schema\/logo\/image\/"}}]}},"uagb_featured_image_src":{"full":["https:\/\/cornelliastudio.pl\/wp-content\/uploads\/2025\/11\/20250508_104838-scaled.jpg",2560,2560,false],"thumbnail":["https:\/\/cornelliastudio.pl\/wp-content\/uploads\/2025\/11\/20250508_104838-150x150.jpg",150,150,true],"medium":["https:\/\/cornelliastudio.pl\/wp-content\/uploads\/2025\/11\/20250508_104838-300x300.jpg",300,300,true],"medium_large":["https:\/\/cornelliastudio.pl\/wp-content\/uploads\/2025\/11\/20250508_104838-768x768.jpg",768,768,true],"large":["https:\/\/cornelliastudio.pl\/wp-content\/uploads\/2025\/11\/20250508_104838-1024x1024.jpg",1024,1024,true],"1536x1536":["https:\/\/cornelliastudio.pl\/wp-content\/uploads\/2025\/11\/20250508_104838-1536x1536.jpg",1536,1536,true],"2048x2048":["https:\/\/cornelliastudio.pl\/wp-content\/uploads\/2025\/11\/20250508_104838-2048x2048.jpg",2048,2048,true],"trp-custom-language-flag":["https:\/\/cornelliastudio.pl\/wp-content\/uploads\/2025\/11\/20250508_104838-scaled.jpg",12,12,false],"woocommerce_thumbnail":["https:\/\/cornelliastudio.pl\/wp-content\/uploads\/2025\/11\/20250508_104838-300x300.jpg",300,300,true],"woocommerce_single":["https:\/\/cornelliastudio.pl\/wp-content\/uploads\/2025\/11\/20250508_104838-600x600.jpg",600,600,true],"woocommerce_gallery_thumbnail":["https:\/\/cornelliastudio.pl\/wp-content\/uploads\/2025\/11\/20250508_104838-100x100.jpg",100,100,true]},"uagb_author_info":{"display_name":"Administrator","author_link":"https:\/\/cornelliastudio.pl\/en\/author\/"},"uagb_comment_info":0,"uagb_excerpt":"Naszyjnik z czerwonym koralem i srebrn\u0105 fr\u0119dzl\u0105 | Silver 925 Naszyjnik ze srebra 925 z naturalnym czerwonym koralem i dekoracyjn\u0105 fr\u0119dzl\u0105. Wyrazista, a zarazem elegancka forma. Idealny dodatek podkre\u015blaj\u0105cy indywidualny styl.","_links":{"self":[{"href":"https:\/\/cornelliastudio.pl\/en\/wp-json\/wp\/v2\/product\/2030","targetHints":{"allow":["GET"]}}],"collection":[{"href":"https:\/\/cornelliastudio.pl\/en\/wp-json\/wp\/v2\/product"}],"about":[{"href":"https:\/\/cornelliastudio.pl\/en\/wp-json\/wp\/v2\/types\/product"}],"replies":[{"embeddable":true,"href":"https:\/\/cornelliastudio.pl\/en\/wp-json\/wp\/v2\/comments?post=2030"}],"wp:featuredmedia":[{"embeddable":true,"href":"https:\/\/cornelliastudio.pl\/en\/wp-json\/wp\/v2\/media\/2383"}],"wp:attachment":[{"href":"https:\/\/cornelliastudio.pl\/en\/wp-json\/wp\/v2\/media?parent=2030"}],"wp:term":[{"taxonomy":"product_brand","embeddable":true,"href":"https:\/\/cornelliastudio.pl\/en\/wp-json\/wp\/v2\/product_brand?post=2030"},{"taxonomy":"product_cat","embeddable":true,"href":"https:\/\/cornelliastudio.pl\/en\/wp-json\/wp\/v2\/product_cat?post=2030"},{"taxonomy":"product_tag","embeddable":true,"href":"https:\/\/cornelliastudio.pl\/en\/wp-json\/wp\/v2\/product_tag?post=2030"}],"curies":[{"name":"wp","href":"https:\/\/api.w.org\/{rel}","templated":true}]}}