{"id":2029,"date":"2025-11-25T17:58:15","date_gmt":"2025-11-25T16:58:15","guid":{"rendered":"https:\/\/cornelliastudio.pl\/produkt\/kolczyki-srebrne-925-dlugie-wiszace-lancuszkowe-z-elementem-paraboli\/"},"modified":"2026-03-05T14:34:45","modified_gmt":"2026-03-05T13:34:45","slug":"kolczyki-srebrne-925-dlugie-wiszace-lancuszkowe-z-elementem-paraboli","status":"publish","type":"product","link":"https:\/\/cornelliastudio.pl\/en\/product\/kolczyki-srebrne-925-dlugie-wiszace-lancuszkowe-z-elementem-paraboli\/","title":{"rendered":"Long 925 sterling silver earrings with lampwork glass and coral red accents \u2013 artistic, handmade"},"content":{"rendered":"<h2 data-start=\"178\" data-end=\"488\"><strong>Long 925 sterling silver earrings with burgundy lampwork and coral \u2013 artistic, one of a kind<\/strong><\/h2>\n<p data-start=\"178\" data-end=\"488\">Artistic, long earrings handcrafted from 925 sterling silver, adorned with unique beads. <strong data-start=\"278\" data-end=\"299\">burgundy lampwork<\/strong> and small tube beads <strong data-start=\"321\" data-end=\"342\">of red coral<\/strong>This jewelry has a bold character \u2014 the combination of deep burgundy with the noble shine of silver creates an effect of elegance and subtle radiance.<\/p>\n<p data-start=\"490\" data-end=\"792\">The central focus of the earrings is the glass beads. <strong data-start=\"528\" data-end=\"549\">lampwork 8 \u00d7 5 mm<\/strong>creating a unique, slightly translucent structure. Beneath them are silver <strong data-start=\"632\" data-end=\"650\">12 mm rings<\/strong>, from which small, faceted beads hang freely <strong data-start=\"697\" data-end=\"721\">red coral tubes, 4 \u00d7 2 mm<\/strong>, creating the effect of light, gently moving \u201cbranches\u201d with every movement.<\/p>\n<p data-start=\"794\" data-end=\"975\">The earrings measure approximately <strong data-start=\"814\" data-end=\"831\">9 cm in length<\/strong>, beautifully elongating the neck and working perfectly in both everyday outfits and as a striking accent for elegant looks.<\/p>\n<hr data-start=\"977\" data-end=\"980\" \/>\n<h2 data-start=\"982\" data-end=\"1000\"><strong data-start=\"986\" data-end=\"1000\">Materials:<\/strong><\/h2>\n<ul data-start=\"1001\" data-end=\"1169\">\n<li data-start=\"1001\" data-end=\"1023\">\n<p data-start=\"1003\" data-end=\"1023\">sterling silver <strong data-start=\"1016\" data-end=\"1023\">925<\/strong><\/p>\n<\/li>\n<li data-start=\"1024\" data-end=\"1064\">\n<p data-start=\"1026\" data-end=\"1064\">glass <strong data-start=\"1032\" data-end=\"1053\">burgundy lampwork<\/strong> 8 \u00d7 5 mm<\/p>\n<\/li>\n<li data-start=\"1065\" data-end=\"1104\">\n<p data-start=\"1067\" data-end=\"1104\">tuba <strong data-start=\"1072\" data-end=\"1093\">of red coral<\/strong> 4 \u00d7 2 mm<\/p>\n<\/li>\n<li data-start=\"1105\" data-end=\"1133\">\n<p data-start=\"1107\" data-end=\"1133\">silver circles <strong data-start=\"1124\" data-end=\"1133\">12 mm<\/strong><\/p>\n<\/li>\n<li data-start=\"1134\" data-end=\"1169\">\n<p data-start=\"1136\" data-end=\"1169\"><strong data-start=\"1136\" data-end=\"1156\">English lock earrings hooks<\/strong> sterling silver (925)<\/p>\n<\/li>\n<\/ul>\n<hr data-start=\"1171\" data-end=\"1174\" \/>\n<h2 data-start=\"1176\" data-end=\"1199\"><strong data-start=\"1180\" data-end=\"1199\">Product features:<\/strong><\/h2>\n<ul data-start=\"1200\" data-end=\"1387\">\n<li data-start=\"1200\" data-end=\"1241\">\n<p data-start=\"1202\" data-end=\"1241\">Handmade jewelry \u2013 crafted by hand<\/p>\n<\/li>\n<li data-start=\"1242\" data-end=\"1276\">\n<p data-start=\"1244\" data-end=\"1276\">Unique, artistic designs<\/p>\n<\/li>\n<li data-start=\"1277\" data-end=\"1308\">\n<p data-start=\"1279\" data-end=\"1308\">Striking, long, and feminine<\/p>\n<\/li>\n<li data-start=\"1309\" data-end=\"1331\">\n<p data-start=\"1311\" data-end=\"1331\">perfect as a gift<\/p>\n<\/li>\n<li data-start=\"1332\" data-end=\"1387\">\n<p data-start=\"1334\" data-end=\"1387\">An elegant combination of lampwork glass and natural coral<\/p>\n<\/li>\n<\/ul>","protected":false},"excerpt":{"rendered":"<h2><strong>Artistic earrings with burgundy lampwork \u2013 925 sterling silver, elegance and the power of color<\/strong><\/h2>\n<p>Long, artistic 925 sterling silver earrings adorned with burgundy lampwork beads and small red coral tube beads.\nElegant, expressive, and full of movement \u2014 a unique accent for women who love original handmade jewelry.<\/p>","protected":false},"featured_media":2442,"comment_status":"open","ping_status":"closed","template":"","meta":{"_uag_custom_page_level_css":"","site-sidebar-layout":"default","site-content-layout":"","ast-site-content-layout":"default","site-content-style":"default","site-sidebar-style":"default","ast-global-header-display":"","ast-banner-title-visibility":"","ast-main-header-display":"","ast-hfb-above-header-display":"","ast-hfb-below-header-display":"","ast-hfb-mobile-header-display":"","site-post-title":"","ast-breadcrumbs-content":"","ast-featured-img":"","footer-sml-layout":"","ast-disable-related-posts":"","theme-transparent-header-meta":"default","adv-header-id-meta":"","stick-header-meta":"","header-above-stick-meta":"","header-main-stick-meta":"","header-below-stick-meta":"","astra-migrate-meta-layouts":"set","ast-page-background-enabled":"default","ast-page-background-meta":{"desktop":{"background-color":"var(--ast-global-color-4)","background-image":"","background-repeat":"repeat","background-position":"center center","background-size":"auto","background-attachment":"scroll","background-type":"","background-media":"","overlay-type":"","overlay-color":"","overlay-opacity":"","overlay-gradient":""},"tablet":{"background-color":"","background-image":"","background-repeat":"repeat","background-position":"center center","background-size":"auto","background-attachment":"scroll","background-type":"","background-media":"","overlay-type":"","overlay-color":"","overlay-opacity":"","overlay-gradient":""},"mobile":{"background-color":"","background-image":"","background-repeat":"repeat","background-position":"center center","background-size":"auto","background-attachment":"scroll","background-type":"","background-media":"","overlay-type":"","overlay-color":"","overlay-opacity":"","overlay-gradient":""}},"ast-content-background-meta":{"desktop":{"background-color":"var(--ast-global-color-5)","background-image":"","background-repeat":"repeat","background-position":"center center","background-size":"auto","background-attachment":"scroll","background-type":"","background-media":"","overlay-type":"","overlay-color":"","overlay-opacity":"","overlay-gradient":""},"tablet":{"background-color":"var(--ast-global-color-5)","background-image":"","background-repeat":"repeat","background-position":"center center","background-size":"auto","background-attachment":"scroll","background-type":"","background-media":"","overlay-type":"","overlay-color":"","overlay-opacity":"","overlay-gradient":""},"mobile":{"background-color":"var(--ast-global-color-5)","background-image":"","background-repeat":"repeat","background-position":"center center","background-size":"auto","background-attachment":"scroll","background-type":"","background-media":"","overlay-type":"","overlay-color":"","overlay-opacity":"","overlay-gradient":""}}},"product_brand":[201],"product_cat":[30,28,31],"product_tag":[377,376,217,211,263,372,283,210,375,365,280,265,359,187,256,208,266],"class_list":{"0":"post-2029","1":"product","2":"type-product","3":"status-publish","4":"has-post-thumbnail","6":"product_brand-cornellia-studio","7":"product_cat-bestsellery","8":"product_cat-kolczyki","9":"product_cat-nowosci","10":"product_tag-bizuteria-recznie-robiona","11":"product_tag-burgundy-lampwork","12":"product_tag-czerwony-koral","13":"product_tag-dlugie-kolczyki","14":"product_tag-eleganckie-kolczyki","15":"product_tag-kolczyki-artystyczne","16":"product_tag-kolczyki-boho","17":"product_tag-kolczyki-handmade","18":"product_tag-kolczyki-lampwork","19":"product_tag-kolczyki-srebrne-925","20":"product_tag-kolczyki-wiszace","21":"product_tag-kolczyki-z-kamieniami","22":"product_tag-kolczyki-z-koralem","23":"product_tag-prezent-dla-niej","24":"product_tag-srebro-925-handmade","25":"product_tag-srebro-proby-925","26":"product_tag-unikatowa-bizuteria","27":"desktop-align-left","28":"tablet-align-left","29":"mobile-align-left","31":"first","32":"outofstock","33":"taxable","34":"shipping-taxable","35":"purchasable","36":"product-type-simple"},"yoast_head":"<!-- This site is optimized with the Yoast SEO plugin v27.4 - https:\/\/yoast.com\/product\/yoast-seo-wordpress\/ -->\n<title>D\u0142ugie kolczyki srebro 925 z lampwork i winem korali \u2013 artystyczne, r\u0119cznie robione - Cornellia Studio<\/title>\n<meta name=\"robots\" content=\"index, follow, max-snippet:-1, max-image-preview:large, max-video-preview:-1\" \/>\n<link rel=\"canonical\" href=\"https:\/\/cornelliastudio.pl\/en\/product\/kolczyki-srebrne-925-dlugie-wiszace-lancuszkowe-z-elementem-paraboli\/\" \/>\n<meta property=\"og:locale\" content=\"en_GB\" \/>\n<meta property=\"og:type\" content=\"article\" \/>\n<meta property=\"og:title\" content=\"D\u0142ugie kolczyki srebro 925 z lampwork i winem korali \u2013 artystyczne, r\u0119cznie robione - Cornellia Studio\" \/>\n<meta property=\"og:description\" content=\"Kolczyki artystyczne z burgundy lampwork \u2013 srebro 925, elegancja i moc koloru D\u0142ugie, artystyczne kolczyki ze srebra 925 zdobione burgundowymi koralikami lampwork i drobnymi tubami czerwonego korala. Eleganckie, wyraziste i pe\u0142ne ruchu \u2014 unikatowy akcent dla kobiet kochaj\u0105cych oryginaln\u0105 bi\u017cuteri\u0119 handmade.\" \/>\n<meta property=\"og:url\" content=\"https:\/\/cornelliastudio.pl\/en\/product\/kolczyki-srebrne-925-dlugie-wiszace-lancuszkowe-z-elementem-paraboli\/\" \/>\n<meta property=\"og:site_name\" content=\"Cornellia Studio\" \/>\n<meta property=\"article:modified_time\" content=\"2026-03-05T13:34:45+00:00\" \/>\n<meta property=\"og:image\" content=\"https:\/\/cornelliastudio.pl\/wp-content\/uploads\/2025\/11\/20250417_181909-1-scaled.jpg\" \/>\n\t<meta property=\"og:image:width\" content=\"2560\" \/>\n\t<meta property=\"og:image:height\" content=\"2560\" \/>\n\t<meta property=\"og:image:type\" content=\"image\/jpeg\" \/>\n<meta name=\"twitter:card\" content=\"summary_large_image\" \/>\n<meta name=\"twitter:label1\" content=\"Estimated reading time\" \/>\n\t<meta name=\"twitter:data1\" content=\"2 minutes\" \/>\n<script type=\"application\/ld+json\" class=\"yoast-schema-graph\">{\"@context\":\"https:\\\/\\\/schema.org\",\"@graph\":[{\"@type\":\"WebPage\",\"@id\":\"https:\\\/\\\/cornelliastudio.pl\\\/produkt\\\/kolczyki-srebrne-925-dlugie-wiszace-lancuszkowe-z-elementem-paraboli\\\/\",\"url\":\"https:\\\/\\\/cornelliastudio.pl\\\/produkt\\\/kolczyki-srebrne-925-dlugie-wiszace-lancuszkowe-z-elementem-paraboli\\\/\",\"name\":\"D\u0142ugie kolczyki srebro 925 z lampwork i winem korali \u2013 artystyczne, r\u0119cznie robione - Cornellia Studio\",\"isPartOf\":{\"@id\":\"https:\\\/\\\/cornelliastudio.pl\\\/#website\"},\"primaryImageOfPage\":{\"@id\":\"https:\\\/\\\/cornelliastudio.pl\\\/produkt\\\/kolczyki-srebrne-925-dlugie-wiszace-lancuszkowe-z-elementem-paraboli\\\/#primaryimage\"},\"image\":{\"@id\":\"https:\\\/\\\/cornelliastudio.pl\\\/produkt\\\/kolczyki-srebrne-925-dlugie-wiszace-lancuszkowe-z-elementem-paraboli\\\/#primaryimage\"},\"thumbnailUrl\":\"https:\\\/\\\/cornelliastudio.pl\\\/wp-content\\\/uploads\\\/2025\\\/11\\\/20250417_181909-1-scaled.jpg\",\"datePublished\":\"2025-11-25T16:58:15+00:00\",\"dateModified\":\"2026-03-05T13:34:45+00:00\",\"breadcrumb\":{\"@id\":\"https:\\\/\\\/cornelliastudio.pl\\\/produkt\\\/kolczyki-srebrne-925-dlugie-wiszace-lancuszkowe-z-elementem-paraboli\\\/#breadcrumb\"},\"inLanguage\":\"en-GB\",\"potentialAction\":[{\"@type\":\"ReadAction\",\"target\":[\"https:\\\/\\\/cornelliastudio.pl\\\/produkt\\\/kolczyki-srebrne-925-dlugie-wiszace-lancuszkowe-z-elementem-paraboli\\\/\"]}]},{\"@type\":\"ImageObject\",\"inLanguage\":\"en-GB\",\"@id\":\"https:\\\/\\\/cornelliastudio.pl\\\/produkt\\\/kolczyki-srebrne-925-dlugie-wiszace-lancuszkowe-z-elementem-paraboli\\\/#primaryimage\",\"url\":\"https:\\\/\\\/cornelliastudio.pl\\\/wp-content\\\/uploads\\\/2025\\\/11\\\/20250417_181909-1-scaled.jpg\",\"contentUrl\":\"https:\\\/\\\/cornelliastudio.pl\\\/wp-content\\\/uploads\\\/2025\\\/11\\\/20250417_181909-1-scaled.jpg\",\"width\":2560,\"height\":2560},{\"@type\":\"BreadcrumbList\",\"@id\":\"https:\\\/\\\/cornelliastudio.pl\\\/produkt\\\/kolczyki-srebrne-925-dlugie-wiszace-lancuszkowe-z-elementem-paraboli\\\/#breadcrumb\",\"itemListElement\":[{\"@type\":\"ListItem\",\"position\":1,\"name\":\"Strona g\u0142\u00f3wna\",\"item\":\"https:\\\/\\\/cornelliastudio.pl\\\/\"},{\"@type\":\"ListItem\",\"position\":2,\"name\":\"Sklep\",\"item\":\"https:\\\/\\\/cornelliastudio.pl\\\/sklep\\\/\"},{\"@type\":\"ListItem\",\"position\":3,\"name\":\"D\u0142ugie kolczyki srebro 925 z lampwork i winem korali \u2013 artystyczne, r\u0119cznie robione\"}]},{\"@type\":\"WebSite\",\"@id\":\"https:\\\/\\\/cornelliastudio.pl\\\/#website\",\"url\":\"https:\\\/\\\/cornelliastudio.pl\\\/\",\"name\":\"Cornellia Studio\",\"description\":\"Bi\u017cuteria artystyczna, hand made\",\"publisher\":{\"@id\":\"https:\\\/\\\/cornelliastudio.pl\\\/#organization\"},\"potentialAction\":[{\"@type\":\"SearchAction\",\"target\":{\"@type\":\"EntryPoint\",\"urlTemplate\":\"https:\\\/\\\/cornelliastudio.pl\\\/?s={search_term_string}\"},\"query-input\":{\"@type\":\"PropertyValueSpecification\",\"valueRequired\":true,\"valueName\":\"search_term_string\"}}],\"inLanguage\":\"en-GB\"},{\"@type\":\"Organization\",\"@id\":\"https:\\\/\\\/cornelliastudio.pl\\\/#organization\",\"name\":\"Cornellia Studio\",\"url\":\"https:\\\/\\\/cornelliastudio.pl\\\/\",\"logo\":{\"@type\":\"ImageObject\",\"inLanguage\":\"en-GB\",\"@id\":\"https:\\\/\\\/cornelliastudio.pl\\\/#\\\/schema\\\/logo\\\/image\\\/\",\"url\":\"https:\\\/\\\/cornelliastudio.pl\\\/wp-content\\\/uploads\\\/2025\\\/10\\\/Cornellia-Studio-logo.png\",\"contentUrl\":\"https:\\\/\\\/cornelliastudio.pl\\\/wp-content\\\/uploads\\\/2025\\\/10\\\/Cornellia-Studio-logo.png\",\"width\":1563,\"height\":1563,\"caption\":\"Cornellia Studio\"},\"image\":{\"@id\":\"https:\\\/\\\/cornelliastudio.pl\\\/#\\\/schema\\\/logo\\\/image\\\/\"}}]}<\/script>\n<!-- \/ Yoast SEO plugin. -->","yoast_head_json":{"title":"D\u0142ugie kolczyki srebro 925 z lampwork i winem korali \u2013 artystyczne, r\u0119cznie robione - Cornellia Studio","robots":{"index":"index","follow":"follow","max-snippet":"max-snippet:-1","max-image-preview":"max-image-preview:large","max-video-preview":"max-video-preview:-1"},"canonical":"https:\/\/cornelliastudio.pl\/en\/product\/kolczyki-srebrne-925-dlugie-wiszace-lancuszkowe-z-elementem-paraboli\/","og_locale":"en_GB","og_type":"article","og_title":"D\u0142ugie kolczyki srebro 925 z lampwork i winem korali \u2013 artystyczne, r\u0119cznie robione - Cornellia Studio","og_description":"Kolczyki artystyczne z burgundy lampwork \u2013 srebro 925, elegancja i moc koloru D\u0142ugie, artystyczne kolczyki ze srebra 925 zdobione burgundowymi koralikami lampwork i drobnymi tubami czerwonego korala. Eleganckie, wyraziste i pe\u0142ne ruchu \u2014 unikatowy akcent dla kobiet kochaj\u0105cych oryginaln\u0105 bi\u017cuteri\u0119 handmade.","og_url":"https:\/\/cornelliastudio.pl\/en\/product\/kolczyki-srebrne-925-dlugie-wiszace-lancuszkowe-z-elementem-paraboli\/","og_site_name":"Cornellia Studio","article_modified_time":"2026-03-05T13:34:45+00:00","og_image":[{"width":2560,"height":2560,"url":"https:\/\/cornelliastudio.pl\/wp-content\/uploads\/2025\/11\/20250417_181909-1-scaled.jpg","type":"image\/jpeg"}],"twitter_card":"summary_large_image","twitter_misc":{"Estimated reading time":"2 minutes"},"schema":{"@context":"https:\/\/schema.org","@graph":[{"@type":"WebPage","@id":"https:\/\/cornelliastudio.pl\/produkt\/kolczyki-srebrne-925-dlugie-wiszace-lancuszkowe-z-elementem-paraboli\/","url":"https:\/\/cornelliastudio.pl\/produkt\/kolczyki-srebrne-925-dlugie-wiszace-lancuszkowe-z-elementem-paraboli\/","name":"D\u0142ugie kolczyki srebro 925 z lampwork i winem korali \u2013 artystyczne, r\u0119cznie robione - Cornellia Studio","isPartOf":{"@id":"https:\/\/cornelliastudio.pl\/#website"},"primaryImageOfPage":{"@id":"https:\/\/cornelliastudio.pl\/produkt\/kolczyki-srebrne-925-dlugie-wiszace-lancuszkowe-z-elementem-paraboli\/#primaryimage"},"image":{"@id":"https:\/\/cornelliastudio.pl\/produkt\/kolczyki-srebrne-925-dlugie-wiszace-lancuszkowe-z-elementem-paraboli\/#primaryimage"},"thumbnailUrl":"https:\/\/cornelliastudio.pl\/wp-content\/uploads\/2025\/11\/20250417_181909-1-scaled.jpg","datePublished":"2025-11-25T16:58:15+00:00","dateModified":"2026-03-05T13:34:45+00:00","breadcrumb":{"@id":"https:\/\/cornelliastudio.pl\/produkt\/kolczyki-srebrne-925-dlugie-wiszace-lancuszkowe-z-elementem-paraboli\/#breadcrumb"},"inLanguage":"en-GB","potentialAction":[{"@type":"ReadAction","target":["https:\/\/cornelliastudio.pl\/produkt\/kolczyki-srebrne-925-dlugie-wiszace-lancuszkowe-z-elementem-paraboli\/"]}]},{"@type":"ImageObject","inLanguage":"en-GB","@id":"https:\/\/cornelliastudio.pl\/produkt\/kolczyki-srebrne-925-dlugie-wiszace-lancuszkowe-z-elementem-paraboli\/#primaryimage","url":"https:\/\/cornelliastudio.pl\/wp-content\/uploads\/2025\/11\/20250417_181909-1-scaled.jpg","contentUrl":"https:\/\/cornelliastudio.pl\/wp-content\/uploads\/2025\/11\/20250417_181909-1-scaled.jpg","width":2560,"height":2560},{"@type":"BreadcrumbList","@id":"https:\/\/cornelliastudio.pl\/produkt\/kolczyki-srebrne-925-dlugie-wiszace-lancuszkowe-z-elementem-paraboli\/#breadcrumb","itemListElement":[{"@type":"ListItem","position":1,"name":"Strona g\u0142\u00f3wna","item":"https:\/\/cornelliastudio.pl\/"},{"@type":"ListItem","position":2,"name":"Sklep","item":"https:\/\/cornelliastudio.pl\/sklep\/"},{"@type":"ListItem","position":3,"name":"D\u0142ugie kolczyki srebro 925 z lampwork i winem korali \u2013 artystyczne, r\u0119cznie robione"}]},{"@type":"WebSite","@id":"https:\/\/cornelliastudio.pl\/#website","url":"https:\/\/cornelliastudio.pl\/","name":"Cornellia Studio","description":"Bi\u017cuteria artystyczna, hand made","publisher":{"@id":"https:\/\/cornelliastudio.pl\/#organization"},"potentialAction":[{"@type":"SearchAction","target":{"@type":"EntryPoint","urlTemplate":"https:\/\/cornelliastudio.pl\/?s={search_term_string}"},"query-input":{"@type":"PropertyValueSpecification","valueRequired":true,"valueName":"search_term_string"}}],"inLanguage":"en-GB"},{"@type":"Organization","@id":"https:\/\/cornelliastudio.pl\/#organization","name":"Cornellia Studio","url":"https:\/\/cornelliastudio.pl\/","logo":{"@type":"ImageObject","inLanguage":"en-GB","@id":"https:\/\/cornelliastudio.pl\/#\/schema\/logo\/image\/","url":"https:\/\/cornelliastudio.pl\/wp-content\/uploads\/2025\/10\/Cornellia-Studio-logo.png","contentUrl":"https:\/\/cornelliastudio.pl\/wp-content\/uploads\/2025\/10\/Cornellia-Studio-logo.png","width":1563,"height":1563,"caption":"Cornellia Studio"},"image":{"@id":"https:\/\/cornelliastudio.pl\/#\/schema\/logo\/image\/"}}]}},"uagb_featured_image_src":{"full":["https:\/\/cornelliastudio.pl\/wp-content\/uploads\/2025\/11\/20250417_181909-1-scaled.jpg",2560,2560,false],"thumbnail":["https:\/\/cornelliastudio.pl\/wp-content\/uploads\/2025\/11\/20250417_181909-1-150x150.jpg",150,150,true],"medium":["https:\/\/cornelliastudio.pl\/wp-content\/uploads\/2025\/11\/20250417_181909-1-300x300.jpg",300,300,true],"medium_large":["https:\/\/cornelliastudio.pl\/wp-content\/uploads\/2025\/11\/20250417_181909-1-768x768.jpg",768,768,true],"large":["https:\/\/cornelliastudio.pl\/wp-content\/uploads\/2025\/11\/20250417_181909-1-1024x1024.jpg",1024,1024,true],"1536x1536":["https:\/\/cornelliastudio.pl\/wp-content\/uploads\/2025\/11\/20250417_181909-1-1536x1536.jpg",1536,1536,true],"2048x2048":["https:\/\/cornelliastudio.pl\/wp-content\/uploads\/2025\/11\/20250417_181909-1-2048x2048.jpg",2048,2048,true],"trp-custom-language-flag":["https:\/\/cornelliastudio.pl\/wp-content\/uploads\/2025\/11\/20250417_181909-1-scaled.jpg",12,12,false],"woocommerce_thumbnail":["https:\/\/cornelliastudio.pl\/wp-content\/uploads\/2025\/11\/20250417_181909-1-300x300.jpg",300,300,true],"woocommerce_single":["https:\/\/cornelliastudio.pl\/wp-content\/uploads\/2025\/11\/20250417_181909-1-600x600.jpg",600,600,true],"woocommerce_gallery_thumbnail":["https:\/\/cornelliastudio.pl\/wp-content\/uploads\/2025\/11\/20250417_181909-1-100x100.jpg",100,100,true]},"uagb_author_info":{"display_name":"Administrator","author_link":"https:\/\/cornelliastudio.pl\/en\/author\/"},"uagb_comment_info":0,"uagb_excerpt":"Kolczyki artystyczne z burgundy lampwork \u2013 srebro 925, elegancja i moc koloru D\u0142ugie, artystyczne kolczyki ze srebra 925 zdobione burgundowymi koralikami lampwork i drobnymi tubami czerwonego korala. Eleganckie, wyraziste i pe\u0142ne ruchu \u2014 unikatowy akcent dla kobiet kochaj\u0105cych oryginaln\u0105 bi\u017cuteri\u0119 handmade.","_links":{"self":[{"href":"https:\/\/cornelliastudio.pl\/en\/wp-json\/wp\/v2\/product\/2029","targetHints":{"allow":["GET"]}}],"collection":[{"href":"https:\/\/cornelliastudio.pl\/en\/wp-json\/wp\/v2\/product"}],"about":[{"href":"https:\/\/cornelliastudio.pl\/en\/wp-json\/wp\/v2\/types\/product"}],"replies":[{"embeddable":true,"href":"https:\/\/cornelliastudio.pl\/en\/wp-json\/wp\/v2\/comments?post=2029"}],"wp:featuredmedia":[{"embeddable":true,"href":"https:\/\/cornelliastudio.pl\/en\/wp-json\/wp\/v2\/media\/2442"}],"wp:attachment":[{"href":"https:\/\/cornelliastudio.pl\/en\/wp-json\/wp\/v2\/media?parent=2029"}],"wp:term":[{"taxonomy":"product_brand","embeddable":true,"href":"https:\/\/cornelliastudio.pl\/en\/wp-json\/wp\/v2\/product_brand?post=2029"},{"taxonomy":"product_cat","embeddable":true,"href":"https:\/\/cornelliastudio.pl\/en\/wp-json\/wp\/v2\/product_cat?post=2029"},{"taxonomy":"product_tag","embeddable":true,"href":"https:\/\/cornelliastudio.pl\/en\/wp-json\/wp\/v2\/product_tag?post=2029"}],"curies":[{"name":"wp","href":"https:\/\/api.w.org\/{rel}","templated":true}]}}