{"id":2028,"date":"2025-11-25T17:58:13","date_gmt":"2025-11-25T16:58:13","guid":{"rendered":"https:\/\/cornelliastudio.pl\/produkt\/kolczyki-z-turkusem-minimalistyczne-srebro-925\/"},"modified":"2026-01-03T15:39:56","modified_gmt":"2026-01-03T14:39:56","slug":"kolczyki-z-turkusem-minimalistyczne-srebro-925","status":"publish","type":"product","link":"https:\/\/cornelliastudio.pl\/en\/product\/kolczyki-z-turkusem-minimalistyczne-srebro-925\/","title":{"rendered":"Airy long 925 sterling silver earrings with red coral"},"content":{"rendered":"<h2 data-start=\"50\" data-end=\"331\"><strong>Long 925 sterling silver earrings with red coral<\/strong><\/h2>\n<p data-start=\"50\" data-end=\"331\">Minimalist, airy earrings handcrafted from <strong data-start=\"104\" data-end=\"124\">925 sterling silver<\/strong>, adorned with intensely red 6 mm coral beads. Gently curved, slender silver elements give the jewelry a sense of lightness and move beautifully with every motion, creating a delicate, feminine effect.<\/p>\n<p data-start=\"333\" data-end=\"518\">The combination of silver and red coral adds character to the earrings, making them perfect for everyday wear as well as a standout accent for elegant outfits.<\/p>\n<h2 data-start=\"520\" data-end=\"537\"><strong data-start=\"524\" data-end=\"537\">Materials:<\/strong><\/h2>\n<ul data-start=\"538\" data-end=\"653\">\n<li data-start=\"538\" data-end=\"587\">\n<p data-start=\"540\" data-end=\"587\">925 sterling silver (hand-formed elements)<\/p>\n<\/li>\n<li data-start=\"588\" data-end=\"621\">\n<p data-start=\"590\" data-end=\"621\">natural red coral, 6 mm<\/p>\n<\/li>\n<li data-start=\"622\" data-end=\"653\">\n<p data-start=\"624\" data-end=\"653\">clasp: stud post with a ball<\/p>\n<\/li>\n<\/ul>\n<h2 data-start=\"655\" data-end=\"670\"><strong data-start=\"659\" data-end=\"670\">Dimensions<\/strong><\/h2>\n<ul data-start=\"671\" data-end=\"737\">\n<li data-start=\"671\" data-end=\"707\">\n<p data-start=\"673\" data-end=\"707\"><strong data-start=\"673\" data-end=\"695\">Total length:<\/strong> 45mm<\/p>\n<\/li>\n<li data-start=\"708\" data-end=\"737\">\n<p data-start=\"710\" data-end=\"737\"><strong data-start=\"710\" data-end=\"730\">coral size:<\/strong> 6 mm<\/p>\n<\/li>\n<\/ul>\n<h2 data-start=\"739\" data-end=\"761\"><strong data-start=\"743\" data-end=\"761\">Product Details<\/strong><\/h2>\n<ul data-start=\"762\" data-end=\"911\">\n<li data-start=\"762\" data-end=\"786\">\n<p data-start=\"764\" data-end=\"786\">lightweight, airy form<\/p>\n<\/li>\n<li data-start=\"787\" data-end=\"823\">\n<p data-start=\"789\" data-end=\"823\">elegant, minimalist style<\/p>\n<\/li>\n<li data-start=\"824\" data-end=\"858\">\n<p data-start=\"826\" data-end=\"858\">bold color accent<\/p>\n<\/li>\n<li data-start=\"859\" data-end=\"881\">\n<p data-start=\"861\" data-end=\"881\">perfect as a gift<\/p>\n<\/li>\n<\/ul>","protected":false},"excerpt":{"rendered":"<h2>Delicate, long 925 sterling silver earrings with 6 mm red coral \u2014 lightweight, sensual, and full of color.\nPerfect as a subtle accent for any outfit.<\/h2>\n<p>Airy, long 925 sterling silver earrings with 6 mm red coral.\nLightweight, elegant, and handcrafted.<\/p>","protected":false},"featured_media":2400,"comment_status":"open","ping_status":"closed","template":"","meta":{"_uag_custom_page_level_css":"","site-sidebar-layout":"default","site-content-layout":"","ast-site-content-layout":"default","site-content-style":"default","site-sidebar-style":"default","ast-global-header-display":"","ast-banner-title-visibility":"","ast-main-header-display":"","ast-hfb-above-header-display":"","ast-hfb-below-header-display":"","ast-hfb-mobile-header-display":"","site-post-title":"","ast-breadcrumbs-content":"","ast-featured-img":"","footer-sml-layout":"","ast-disable-related-posts":"","theme-transparent-header-meta":"default","adv-header-id-meta":"","stick-header-meta":"","header-above-stick-meta":"","header-main-stick-meta":"","header-below-stick-meta":"","astra-migrate-meta-layouts":"set","ast-page-background-enabled":"default","ast-page-background-meta":{"desktop":{"background-color":"var(--ast-global-color-4)","background-image":"","background-repeat":"repeat","background-position":"center center","background-size":"auto","background-attachment":"scroll","background-type":"","background-media":"","overlay-type":"","overlay-color":"","overlay-opacity":"","overlay-gradient":""},"tablet":{"background-color":"","background-image":"","background-repeat":"repeat","background-position":"center center","background-size":"auto","background-attachment":"scroll","background-type":"","background-media":"","overlay-type":"","overlay-color":"","overlay-opacity":"","overlay-gradient":""},"mobile":{"background-color":"","background-image":"","background-repeat":"repeat","background-position":"center center","background-size":"auto","background-attachment":"scroll","background-type":"","background-media":"","overlay-type":"","overlay-color":"","overlay-opacity":"","overlay-gradient":""}},"ast-content-background-meta":{"desktop":{"background-color":"var(--ast-global-color-5)","background-image":"","background-repeat":"repeat","background-position":"center center","background-size":"auto","background-attachment":"scroll","background-type":"","background-media":"","overlay-type":"","overlay-color":"","overlay-opacity":"","overlay-gradient":""},"tablet":{"background-color":"var(--ast-global-color-5)","background-image":"","background-repeat":"repeat","background-position":"center center","background-size":"auto","background-attachment":"scroll","background-type":"","background-media":"","overlay-type":"","overlay-color":"","overlay-opacity":"","overlay-gradient":""},"mobile":{"background-color":"var(--ast-global-color-5)","background-image":"","background-repeat":"repeat","background-position":"center center","background-size":"auto","background-attachment":"scroll","background-type":"","background-media":"","overlay-type":"","overlay-color":"","overlay-opacity":"","overlay-gradient":""}}},"product_brand":[201],"product_cat":[30,28,31],"product_tag":[],"class_list":{"0":"post-2028","1":"product","2":"type-product","3":"status-publish","4":"has-post-thumbnail","6":"product_brand-cornellia-studio","7":"product_cat-bestsellery","8":"product_cat-kolczyki","9":"product_cat-nowosci","10":"desktop-align-left","11":"tablet-align-left","12":"mobile-align-left","14":"first","15":"instock","16":"taxable","17":"shipping-taxable","18":"purchasable","19":"product-type-simple"},"yoast_head":"<!-- This site is optimized with the Yoast SEO plugin v27.4 - https:\/\/yoast.com\/product\/yoast-seo-wordpress\/ -->\n<title>Zwiewne d\u0142ugie kolczyki ze srebra 925 z czerwonym koralem - Cornellia Studio<\/title>\n<meta name=\"robots\" content=\"index, follow, max-snippet:-1, max-image-preview:large, max-video-preview:-1\" \/>\n<link rel=\"canonical\" href=\"https:\/\/cornelliastudio.pl\/en\/product\/kolczyki-z-turkusem-minimalistyczne-srebro-925\/\" \/>\n<meta property=\"og:locale\" content=\"en_GB\" \/>\n<meta property=\"og:type\" content=\"article\" \/>\n<meta property=\"og:title\" content=\"Zwiewne d\u0142ugie kolczyki ze srebra 925 z czerwonym koralem - Cornellia Studio\" \/>\n<meta property=\"og:description\" content=\"Delikatne, d\u0142ugie kolczyki ze srebra 925 z czerwonym koralem 6 mm \u2014 lekkie, zmys\u0142owe i pe\u0142ne koloru. Idealne jako subtelny akcent ka\u017cdej stylizacji. Zwiewne, d\u0142ugie kolczyki ze srebra 925 z czerwonym koralem 6 mm. Lekkie, eleganckie i r\u0119cznie wykonane\" \/>\n<meta property=\"og:url\" content=\"https:\/\/cornelliastudio.pl\/en\/product\/kolczyki-z-turkusem-minimalistyczne-srebro-925\/\" \/>\n<meta property=\"og:site_name\" content=\"Cornellia Studio\" \/>\n<meta property=\"article:modified_time\" content=\"2026-01-03T14:39:56+00:00\" \/>\n<meta property=\"og:image\" content=\"https:\/\/cornelliastudio.pl\/wp-content\/uploads\/2025\/11\/20250417_151632-scaled.jpg\" \/>\n\t<meta property=\"og:image:width\" content=\"2560\" \/>\n\t<meta property=\"og:image:height\" content=\"2560\" \/>\n\t<meta property=\"og:image:type\" content=\"image\/jpeg\" \/>\n<meta name=\"twitter:card\" content=\"summary_large_image\" \/>\n<meta name=\"twitter:label1\" content=\"Estimated reading time\" \/>\n\t<meta name=\"twitter:data1\" content=\"1 minute\" \/>\n<script type=\"application\/ld+json\" class=\"yoast-schema-graph\">{\"@context\":\"https:\\\/\\\/schema.org\",\"@graph\":[{\"@type\":\"WebPage\",\"@id\":\"https:\\\/\\\/cornelliastudio.pl\\\/produkt\\\/kolczyki-z-turkusem-minimalistyczne-srebro-925\\\/\",\"url\":\"https:\\\/\\\/cornelliastudio.pl\\\/produkt\\\/kolczyki-z-turkusem-minimalistyczne-srebro-925\\\/\",\"name\":\"Zwiewne d\u0142ugie kolczyki ze srebra 925 z czerwonym koralem - Cornellia Studio\",\"isPartOf\":{\"@id\":\"https:\\\/\\\/cornelliastudio.pl\\\/#website\"},\"primaryImageOfPage\":{\"@id\":\"https:\\\/\\\/cornelliastudio.pl\\\/produkt\\\/kolczyki-z-turkusem-minimalistyczne-srebro-925\\\/#primaryimage\"},\"image\":{\"@id\":\"https:\\\/\\\/cornelliastudio.pl\\\/produkt\\\/kolczyki-z-turkusem-minimalistyczne-srebro-925\\\/#primaryimage\"},\"thumbnailUrl\":\"https:\\\/\\\/cornelliastudio.pl\\\/wp-content\\\/uploads\\\/2025\\\/11\\\/20250417_151632-scaled.jpg\",\"datePublished\":\"2025-11-25T16:58:13+00:00\",\"dateModified\":\"2026-01-03T14:39:56+00:00\",\"breadcrumb\":{\"@id\":\"https:\\\/\\\/cornelliastudio.pl\\\/produkt\\\/kolczyki-z-turkusem-minimalistyczne-srebro-925\\\/#breadcrumb\"},\"inLanguage\":\"en-GB\",\"potentialAction\":[{\"@type\":\"ReadAction\",\"target\":[\"https:\\\/\\\/cornelliastudio.pl\\\/produkt\\\/kolczyki-z-turkusem-minimalistyczne-srebro-925\\\/\"]}]},{\"@type\":\"ImageObject\",\"inLanguage\":\"en-GB\",\"@id\":\"https:\\\/\\\/cornelliastudio.pl\\\/produkt\\\/kolczyki-z-turkusem-minimalistyczne-srebro-925\\\/#primaryimage\",\"url\":\"https:\\\/\\\/cornelliastudio.pl\\\/wp-content\\\/uploads\\\/2025\\\/11\\\/20250417_151632-scaled.jpg\",\"contentUrl\":\"https:\\\/\\\/cornelliastudio.pl\\\/wp-content\\\/uploads\\\/2025\\\/11\\\/20250417_151632-scaled.jpg\",\"width\":2560,\"height\":2560},{\"@type\":\"BreadcrumbList\",\"@id\":\"https:\\\/\\\/cornelliastudio.pl\\\/produkt\\\/kolczyki-z-turkusem-minimalistyczne-srebro-925\\\/#breadcrumb\",\"itemListElement\":[{\"@type\":\"ListItem\",\"position\":1,\"name\":\"Strona g\u0142\u00f3wna\",\"item\":\"https:\\\/\\\/cornelliastudio.pl\\\/\"},{\"@type\":\"ListItem\",\"position\":2,\"name\":\"Sklep\",\"item\":\"https:\\\/\\\/cornelliastudio.pl\\\/sklep\\\/\"},{\"@type\":\"ListItem\",\"position\":3,\"name\":\"Zwiewne d\u0142ugie kolczyki ze srebra 925 z czerwonym koralem\"}]},{\"@type\":\"WebSite\",\"@id\":\"https:\\\/\\\/cornelliastudio.pl\\\/#website\",\"url\":\"https:\\\/\\\/cornelliastudio.pl\\\/\",\"name\":\"Cornellia Studio\",\"description\":\"Bi\u017cuteria artystyczna, hand made\",\"publisher\":{\"@id\":\"https:\\\/\\\/cornelliastudio.pl\\\/#organization\"},\"potentialAction\":[{\"@type\":\"SearchAction\",\"target\":{\"@type\":\"EntryPoint\",\"urlTemplate\":\"https:\\\/\\\/cornelliastudio.pl\\\/?s={search_term_string}\"},\"query-input\":{\"@type\":\"PropertyValueSpecification\",\"valueRequired\":true,\"valueName\":\"search_term_string\"}}],\"inLanguage\":\"en-GB\"},{\"@type\":\"Organization\",\"@id\":\"https:\\\/\\\/cornelliastudio.pl\\\/#organization\",\"name\":\"Cornellia Studio\",\"url\":\"https:\\\/\\\/cornelliastudio.pl\\\/\",\"logo\":{\"@type\":\"ImageObject\",\"inLanguage\":\"en-GB\",\"@id\":\"https:\\\/\\\/cornelliastudio.pl\\\/#\\\/schema\\\/logo\\\/image\\\/\",\"url\":\"https:\\\/\\\/cornelliastudio.pl\\\/wp-content\\\/uploads\\\/2025\\\/10\\\/Cornellia-Studio-logo.png\",\"contentUrl\":\"https:\\\/\\\/cornelliastudio.pl\\\/wp-content\\\/uploads\\\/2025\\\/10\\\/Cornellia-Studio-logo.png\",\"width\":1563,\"height\":1563,\"caption\":\"Cornellia Studio\"},\"image\":{\"@id\":\"https:\\\/\\\/cornelliastudio.pl\\\/#\\\/schema\\\/logo\\\/image\\\/\"}}]}<\/script>\n<!-- \/ Yoast SEO plugin. -->","yoast_head_json":{"title":"Zwiewne d\u0142ugie kolczyki ze srebra 925 z czerwonym koralem - Cornellia Studio","robots":{"index":"index","follow":"follow","max-snippet":"max-snippet:-1","max-image-preview":"max-image-preview:large","max-video-preview":"max-video-preview:-1"},"canonical":"https:\/\/cornelliastudio.pl\/en\/product\/kolczyki-z-turkusem-minimalistyczne-srebro-925\/","og_locale":"en_GB","og_type":"article","og_title":"Zwiewne d\u0142ugie kolczyki ze srebra 925 z czerwonym koralem - Cornellia Studio","og_description":"Delikatne, d\u0142ugie kolczyki ze srebra 925 z czerwonym koralem 6 mm \u2014 lekkie, zmys\u0142owe i pe\u0142ne koloru. Idealne jako subtelny akcent ka\u017cdej stylizacji. Zwiewne, d\u0142ugie kolczyki ze srebra 925 z czerwonym koralem 6 mm. Lekkie, eleganckie i r\u0119cznie wykonane","og_url":"https:\/\/cornelliastudio.pl\/en\/product\/kolczyki-z-turkusem-minimalistyczne-srebro-925\/","og_site_name":"Cornellia Studio","article_modified_time":"2026-01-03T14:39:56+00:00","og_image":[{"width":2560,"height":2560,"url":"https:\/\/cornelliastudio.pl\/wp-content\/uploads\/2025\/11\/20250417_151632-scaled.jpg","type":"image\/jpeg"}],"twitter_card":"summary_large_image","twitter_misc":{"Estimated reading time":"1 minute"},"schema":{"@context":"https:\/\/schema.org","@graph":[{"@type":"WebPage","@id":"https:\/\/cornelliastudio.pl\/produkt\/kolczyki-z-turkusem-minimalistyczne-srebro-925\/","url":"https:\/\/cornelliastudio.pl\/produkt\/kolczyki-z-turkusem-minimalistyczne-srebro-925\/","name":"Zwiewne d\u0142ugie kolczyki ze srebra 925 z czerwonym koralem - Cornellia Studio","isPartOf":{"@id":"https:\/\/cornelliastudio.pl\/#website"},"primaryImageOfPage":{"@id":"https:\/\/cornelliastudio.pl\/produkt\/kolczyki-z-turkusem-minimalistyczne-srebro-925\/#primaryimage"},"image":{"@id":"https:\/\/cornelliastudio.pl\/produkt\/kolczyki-z-turkusem-minimalistyczne-srebro-925\/#primaryimage"},"thumbnailUrl":"https:\/\/cornelliastudio.pl\/wp-content\/uploads\/2025\/11\/20250417_151632-scaled.jpg","datePublished":"2025-11-25T16:58:13+00:00","dateModified":"2026-01-03T14:39:56+00:00","breadcrumb":{"@id":"https:\/\/cornelliastudio.pl\/produkt\/kolczyki-z-turkusem-minimalistyczne-srebro-925\/#breadcrumb"},"inLanguage":"en-GB","potentialAction":[{"@type":"ReadAction","target":["https:\/\/cornelliastudio.pl\/produkt\/kolczyki-z-turkusem-minimalistyczne-srebro-925\/"]}]},{"@type":"ImageObject","inLanguage":"en-GB","@id":"https:\/\/cornelliastudio.pl\/produkt\/kolczyki-z-turkusem-minimalistyczne-srebro-925\/#primaryimage","url":"https:\/\/cornelliastudio.pl\/wp-content\/uploads\/2025\/11\/20250417_151632-scaled.jpg","contentUrl":"https:\/\/cornelliastudio.pl\/wp-content\/uploads\/2025\/11\/20250417_151632-scaled.jpg","width":2560,"height":2560},{"@type":"BreadcrumbList","@id":"https:\/\/cornelliastudio.pl\/produkt\/kolczyki-z-turkusem-minimalistyczne-srebro-925\/#breadcrumb","itemListElement":[{"@type":"ListItem","position":1,"name":"Strona g\u0142\u00f3wna","item":"https:\/\/cornelliastudio.pl\/"},{"@type":"ListItem","position":2,"name":"Sklep","item":"https:\/\/cornelliastudio.pl\/sklep\/"},{"@type":"ListItem","position":3,"name":"Zwiewne d\u0142ugie kolczyki ze srebra 925 z czerwonym koralem"}]},{"@type":"WebSite","@id":"https:\/\/cornelliastudio.pl\/#website","url":"https:\/\/cornelliastudio.pl\/","name":"Cornellia Studio","description":"Bi\u017cuteria artystyczna, hand made","publisher":{"@id":"https:\/\/cornelliastudio.pl\/#organization"},"potentialAction":[{"@type":"SearchAction","target":{"@type":"EntryPoint","urlTemplate":"https:\/\/cornelliastudio.pl\/?s={search_term_string}"},"query-input":{"@type":"PropertyValueSpecification","valueRequired":true,"valueName":"search_term_string"}}],"inLanguage":"en-GB"},{"@type":"Organization","@id":"https:\/\/cornelliastudio.pl\/#organization","name":"Cornellia Studio","url":"https:\/\/cornelliastudio.pl\/","logo":{"@type":"ImageObject","inLanguage":"en-GB","@id":"https:\/\/cornelliastudio.pl\/#\/schema\/logo\/image\/","url":"https:\/\/cornelliastudio.pl\/wp-content\/uploads\/2025\/10\/Cornellia-Studio-logo.png","contentUrl":"https:\/\/cornelliastudio.pl\/wp-content\/uploads\/2025\/10\/Cornellia-Studio-logo.png","width":1563,"height":1563,"caption":"Cornellia Studio"},"image":{"@id":"https:\/\/cornelliastudio.pl\/#\/schema\/logo\/image\/"}}]}},"uagb_featured_image_src":{"full":["https:\/\/cornelliastudio.pl\/wp-content\/uploads\/2025\/11\/20250417_151632-scaled.jpg",2560,2560,false],"thumbnail":["https:\/\/cornelliastudio.pl\/wp-content\/uploads\/2025\/11\/20250417_151632-150x150.jpg",150,150,true],"medium":["https:\/\/cornelliastudio.pl\/wp-content\/uploads\/2025\/11\/20250417_151632-300x300.jpg",300,300,true],"medium_large":["https:\/\/cornelliastudio.pl\/wp-content\/uploads\/2025\/11\/20250417_151632-768x768.jpg",768,768,true],"large":["https:\/\/cornelliastudio.pl\/wp-content\/uploads\/2025\/11\/20250417_151632-1024x1024.jpg",1024,1024,true],"1536x1536":["https:\/\/cornelliastudio.pl\/wp-content\/uploads\/2025\/11\/20250417_151632-1536x1536.jpg",1536,1536,true],"2048x2048":["https:\/\/cornelliastudio.pl\/wp-content\/uploads\/2025\/11\/20250417_151632-2048x2048.jpg",2048,2048,true],"trp-custom-language-flag":["https:\/\/cornelliastudio.pl\/wp-content\/uploads\/2025\/11\/20250417_151632-scaled.jpg",12,12,false],"woocommerce_thumbnail":["https:\/\/cornelliastudio.pl\/wp-content\/uploads\/2025\/11\/20250417_151632-300x300.jpg",300,300,true],"woocommerce_single":["https:\/\/cornelliastudio.pl\/wp-content\/uploads\/2025\/11\/20250417_151632-600x600.jpg",600,600,true],"woocommerce_gallery_thumbnail":["https:\/\/cornelliastudio.pl\/wp-content\/uploads\/2025\/11\/20250417_151632-100x100.jpg",100,100,true]},"uagb_author_info":{"display_name":"Administrator","author_link":"https:\/\/cornelliastudio.pl\/en\/author\/"},"uagb_comment_info":0,"uagb_excerpt":"Delikatne, d\u0142ugie kolczyki ze srebra 925 z czerwonym koralem 6 mm \u2014 lekkie, zmys\u0142owe i pe\u0142ne koloru. Idealne jako subtelny akcent ka\u017cdej stylizacji. Zwiewne, d\u0142ugie kolczyki ze srebra 925 z czerwonym koralem 6 mm. Lekkie, eleganckie i r\u0119cznie wykonane","_links":{"self":[{"href":"https:\/\/cornelliastudio.pl\/en\/wp-json\/wp\/v2\/product\/2028","targetHints":{"allow":["GET"]}}],"collection":[{"href":"https:\/\/cornelliastudio.pl\/en\/wp-json\/wp\/v2\/product"}],"about":[{"href":"https:\/\/cornelliastudio.pl\/en\/wp-json\/wp\/v2\/types\/product"}],"replies":[{"embeddable":true,"href":"https:\/\/cornelliastudio.pl\/en\/wp-json\/wp\/v2\/comments?post=2028"}],"wp:featuredmedia":[{"embeddable":true,"href":"https:\/\/cornelliastudio.pl\/en\/wp-json\/wp\/v2\/media\/2400"}],"wp:attachment":[{"href":"https:\/\/cornelliastudio.pl\/en\/wp-json\/wp\/v2\/media?parent=2028"}],"wp:term":[{"taxonomy":"product_brand","embeddable":true,"href":"https:\/\/cornelliastudio.pl\/en\/wp-json\/wp\/v2\/product_brand?post=2028"},{"taxonomy":"product_cat","embeddable":true,"href":"https:\/\/cornelliastudio.pl\/en\/wp-json\/wp\/v2\/product_cat?post=2028"},{"taxonomy":"product_tag","embeddable":true,"href":"https:\/\/cornelliastudio.pl\/en\/wp-json\/wp\/v2\/product_tag?post=2028"}],"curies":[{"name":"wp","href":"https:\/\/api.w.org\/{rel}","templated":true}]}}