{"id":2027,"date":"2025-11-25T17:58:12","date_gmt":"2025-11-25T16:58:12","guid":{"rendered":"https:\/\/cornelliastudio.pl\/produkt\/artystyczne-kolczyki-lampwork-srebro-925-zielone-szklane-koraliki-recznie-wykonana-bizuteria-ze-szkla\/"},"modified":"2026-01-02T14:46:02","modified_gmt":"2026-01-02T13:46:02","slug":"artystyczne-kolczyki-lampwork-srebro-925-zielone-szklane-koraliki-recznie-wykonana-bizuteria-ze-szkla","status":"publish","type":"product","link":"https:\/\/cornelliastudio.pl\/en\/product\/artystyczne-kolczyki-lampwork-srebro-925-zielone-szklane-koraliki-recznie-wykonana-bizuteria-ze-szkla\/","title":{"rendered":"Sterling silver earrings with lapis lazuli \u2013 elegant long earrings with an ultramarine tube | Artistic 925 jewelry"},"content":{"rendered":"<h2 data-start=\"314\" data-end=\"657\">Exclusive sterling silver earrings with lapis lazuli \u2013 elegant long earrings with a natural tube-shaped stone | Handmade 925<\/h2>\n<p data-start=\"314\" data-end=\"657\">Handcrafted 925 sterling silver earrings with natural lapis lazuli in the form of a slender tube are designed for women who love bold, artistic jewelry.\nThe intense ultramarine hue combined with minimalist silver elements creates an elegant, timeless duo\u2014perfect for a creative soul with an eye for beauty.<\/p>\n<p data-start=\"659\" data-end=\"899\">The earrings are lightweight, comfortable, and beautifully elongate the neckline.\nClassic hinged clasps ensure comfort and secure wear.\nEach pair is created in a small jewelry studio \u2014 a truly one-of-a-kind piece, made with passion.<\/p>\n<h2 data-start=\"901\" data-end=\"928\"><strong data-start=\"905\" data-end=\"928\">Product details:<\/strong><\/h2>\n<ul data-start=\"929\" data-end=\"1341\">\n<li data-start=\"929\" data-end=\"963\">\n<p data-start=\"931\" data-end=\"963\"><strong data-start=\"931\" data-end=\"944\">Material:<\/strong> 925  sterling silver<\/p>\n<\/li>\n<li data-start=\"964\" data-end=\"1016\">\n<p data-start=\"966\" data-end=\"1016\"><strong data-start=\"966\" data-end=\"977\">Stone:<\/strong> natural lapis lazuli \u2013 ultramarine<\/p>\n<\/li>\n<li data-start=\"1017\" data-end=\"1072\">\n<p data-start=\"1019\" data-end=\"1072\"><strong data-start=\"1019\" data-end=\"1040\">Stone size:<\/strong> approx. <strong data-start=\"1045\" data-end=\"1058\">14 \u00d7 6 mm<\/strong> (ball\u2013tube)<\/p>\n<\/li>\n<li data-start=\"1073\" data-end=\"1119\">\n<p data-start=\"1075\" data-end=\"1119\"><strong data-start=\"1075\" data-end=\"1094\">Ring diameter:<\/strong> 925 sterling silver \u2013 <strong data-start=\"1108\" data-end=\"1117\">14 mm<\/strong><\/p>\n<\/li>\n<li data-start=\"1120\" data-end=\"1170\">\n<p data-start=\"1122\" data-end=\"1170\"><strong data-start=\"1122\" data-end=\"1154\">Total length of earrings:<\/strong> approx. <strong data-start=\"1159\" data-end=\"1168\">50 mm<\/strong><\/p>\n<\/li>\n<li data-start=\"1171\" data-end=\"1229\">\n<p data-start=\"1173\" data-end=\"1229\"><strong data-start=\"1173\" data-end=\"1186\">Closure:<\/strong> classic English-style hinged clasps<\/p>\n<\/li>\n<li data-start=\"1230\" data-end=\"1294\">\n<p data-start=\"1232\" data-end=\"1294\"><strong data-start=\"1232\" data-end=\"1241\">Style:<\/strong> Classic, elegant, artistic, minimalist<\/p>\n<\/li>\n<li data-start=\"1295\" data-end=\"1341\">\n<p data-start=\"1297\" data-end=\"1341\"><strong data-start=\"1297\" data-end=\"1313\">Finish:<\/strong> handmade, one-of-a-kind jewelry<\/p>\n<\/li>\n<\/ul>\n<p data-start=\"1343\" data-end=\"1499\">An ideal choice for women who love intense colors, natural stones, and artistic craftsmanship.\nPerfect for everyday wear as well as evening styling.<\/p>","protected":false},"excerpt":{"rendered":"<h2 data-start=\"298\" data-end=\"500\">Sterling silver earrings with lapis lazuli<\/h2>\n<p data-start=\"298\" data-end=\"500\">Discover the beauty of deep ultramarine in a unique form \u2014 these handcrafted 925 sterling silver earrings are designed for women who love elegance, minimalism, and natural stones with strong energy.<\/p>\n<p data-start=\"502\" data-end=\"726\">G\u0142\u00f3wn\u0105 ozdob\u0105 kolczyk\u00f3w s\u0105 naturalne kamienie <strong data-start=\"548\" data-end=\"564\">lapis lazuli<\/strong> In the form of slender tubes \u2014 intensely blue, subtly shimmering with golden flecks of pyrite.\nA stone associated with wisdom, calm, and inner harmony.<\/p>\n<p data-start=\"728\" data-end=\"944\">The design is completed by <strong data-start=\"746\" data-end=\"768\">925 sterling silver hoops<\/strong> with a modern character, adding lightness and elegance to the composition.\nThe overall design creates a timeless piece of jewelry, perfect for both everyday wear and evening looks.<\/p>\n<p data-start=\"946\" data-end=\"1057\">The earrings are suspended on comfortable  fastenings <strong data-start=\"998\" data-end=\"1014\">English-style clasps<\/strong>, ensuring secure wear.<\/p>","protected":false},"featured_media":2513,"comment_status":"open","ping_status":"closed","template":"","meta":{"_uag_custom_page_level_css":"","site-sidebar-layout":"default","site-content-layout":"","ast-site-content-layout":"default","site-content-style":"default","site-sidebar-style":"default","ast-global-header-display":"","ast-banner-title-visibility":"","ast-main-header-display":"","ast-hfb-above-header-display":"","ast-hfb-below-header-display":"","ast-hfb-mobile-header-display":"","site-post-title":"","ast-breadcrumbs-content":"","ast-featured-img":"","footer-sml-layout":"","ast-disable-related-posts":"","theme-transparent-header-meta":"default","adv-header-id-meta":"","stick-header-meta":"","header-above-stick-meta":"","header-main-stick-meta":"","header-below-stick-meta":"","astra-migrate-meta-layouts":"set","ast-page-background-enabled":"default","ast-page-background-meta":{"desktop":{"background-color":"var(--ast-global-color-4)","background-image":"","background-repeat":"repeat","background-position":"center center","background-size":"auto","background-attachment":"scroll","background-type":"","background-media":"","overlay-type":"","overlay-color":"","overlay-opacity":"","overlay-gradient":""},"tablet":{"background-color":"","background-image":"","background-repeat":"repeat","background-position":"center center","background-size":"auto","background-attachment":"scroll","background-type":"","background-media":"","overlay-type":"","overlay-color":"","overlay-opacity":"","overlay-gradient":""},"mobile":{"background-color":"","background-image":"","background-repeat":"repeat","background-position":"center center","background-size":"auto","background-attachment":"scroll","background-type":"","background-media":"","overlay-type":"","overlay-color":"","overlay-opacity":"","overlay-gradient":""}},"ast-content-background-meta":{"desktop":{"background-color":"var(--ast-global-color-5)","background-image":"","background-repeat":"repeat","background-position":"center center","background-size":"auto","background-attachment":"scroll","background-type":"","background-media":"","overlay-type":"","overlay-color":"","overlay-opacity":"","overlay-gradient":""},"tablet":{"background-color":"var(--ast-global-color-5)","background-image":"","background-repeat":"repeat","background-position":"center center","background-size":"auto","background-attachment":"scroll","background-type":"","background-media":"","overlay-type":"","overlay-color":"","overlay-opacity":"","overlay-gradient":""},"mobile":{"background-color":"var(--ast-global-color-5)","background-image":"","background-repeat":"repeat","background-position":"center center","background-size":"auto","background-attachment":"scroll","background-type":"","background-media":"","overlay-type":"","overlay-color":"","overlay-opacity":"","overlay-gradient":""}}},"product_brand":[201],"product_cat":[30,28,31],"product_tag":[297,277,402,263,325,210,365,409,405,371,192,187,410,315,214],"class_list":{"0":"post-2027","1":"product","2":"type-product","3":"status-publish","4":"has-post-thumbnail","6":"product_brand-cornellia-studio","7":"product_cat-bestsellery","8":"product_cat-kolczyki","9":"product_cat-nowosci","10":"product_tag-bizuteria-srebrna","11":"product_tag-bizuteria-z-naturalnych-kamieni","12":"product_tag-dlugie-kolczyki-srebrne","13":"product_tag-eleganckie-kolczyki","14":"product_tag-klasyczna-bizuteria","15":"product_tag-kolczyki-handmade","16":"product_tag-kolczyki-srebrne-925","17":"product_tag-kolczyki-ultramaryna","18":"product_tag-kolczyki-wiszace-925","19":"product_tag-kolczyki-z-lapis-lazuli","20":"product_tag-naturalne-kamienie","21":"product_tag-prezent-dla-niej","22":"product_tag-prezent-dla-niej-bizuteria","23":"product_tag-prezent-urodzinowy","24":"product_tag-wyjatkowy-prezent","25":"desktop-align-left","26":"tablet-align-left","27":"mobile-align-left","29":"first","30":"onbackorder","31":"taxable","32":"shipping-taxable","33":"purchasable","34":"product-type-simple"},"yoast_head":"<!-- This site is optimized with the Yoast SEO plugin v27.4 - https:\/\/yoast.com\/product\/yoast-seo-wordpress\/ -->\n<title>Srebrne kolczyki z lapis lazuli \u2013 eleganckie d\u0142ugie kolczyki z ultramarynow\u0105 tub\u0105 | Bi\u017cuteria artystyczna 925 - Cornellia Studio<\/title>\n<meta name=\"robots\" content=\"index, follow, max-snippet:-1, max-image-preview:large, max-video-preview:-1\" \/>\n<link rel=\"canonical\" href=\"https:\/\/cornelliastudio.pl\/en\/product\/artystyczne-kolczyki-lampwork-srebro-925-zielone-szklane-koraliki-recznie-wykonana-bizuteria-ze-szkla\/\" \/>\n<meta property=\"og:locale\" content=\"en_GB\" \/>\n<meta property=\"og:type\" content=\"article\" \/>\n<meta property=\"og:title\" content=\"Srebrne kolczyki z lapis lazuli \u2013 eleganckie d\u0142ugie kolczyki z ultramarynow\u0105 tub\u0105 | Bi\u017cuteria artystyczna 925 - Cornellia Studio\" \/>\n<meta property=\"og:description\" content=\"Srebrne kolczyki z lapis lazuli Odkryj pi\u0119kno g\u0142\u0119bokiej ultramaryny w wyj\u0105tkowej formie \u2013 te r\u0119cznie wykonane kolczyki ze srebra 925 to bi\u017cuteria dla kobiet, kt\u00f3re kochaj\u0105 elegancj\u0119, minimalizm i naturalne kamienie o silnej energii. G\u0142\u00f3wn\u0105 ozdob\u0105 kolczyk\u00f3w s\u0105 naturalne kamienie lapis lazuli w formie smuk\u0142ych tub \u2013 intensywnie niebieskie, subtelnie po\u0142yskuj\u0105ce z\u0142otymi drobinkami pirytu. To kamie\u0144 kojarzony z m\u0105dro\u015bci\u0105, spokojem i wewn\u0119trzn\u0105 harmoni\u0105. Design dope\u0142niaj\u0105 srebrne okr\u0119gi 925 o nowoczesnym charakterze, kt\u00f3re dodaj\u0105 kompozycji lekko\u015bci i elegancji. Ca\u0142o\u015b\u0107 tworzy bi\u017cuteri\u0119 ponadczasow\u0105, doskona\u0142\u0105 zar\u00f3wno na co dzie\u0144, jak i do wieczorowych stylizacji. Kolczyki s\u0105 zawieszone na wygodnych zapi\u0119ciach typu angielskiego, kt\u00f3re zapewniaj\u0105 bezpiecze\u0144stwo noszenia.\" \/>\n<meta property=\"og:url\" content=\"https:\/\/cornelliastudio.pl\/en\/product\/artystyczne-kolczyki-lampwork-srebro-925-zielone-szklane-koraliki-recznie-wykonana-bizuteria-ze-szkla\/\" \/>\n<meta property=\"og:site_name\" content=\"Cornellia Studio\" \/>\n<meta property=\"article:modified_time\" content=\"2026-01-02T13:46:02+00:00\" \/>\n<meta property=\"og:image\" content=\"https:\/\/cornelliastudio.pl\/wp-content\/uploads\/2025\/11\/20251010_095332-scaled.jpg\" \/>\n\t<meta property=\"og:image:width\" content=\"2560\" \/>\n\t<meta property=\"og:image:height\" content=\"2560\" \/>\n\t<meta property=\"og:image:type\" content=\"image\/jpeg\" \/>\n<meta name=\"twitter:card\" content=\"summary_large_image\" \/>\n<meta name=\"twitter:label1\" content=\"Estimated reading time\" \/>\n\t<meta name=\"twitter:data1\" content=\"2 minutes\" \/>\n<script type=\"application\/ld+json\" class=\"yoast-schema-graph\">{\"@context\":\"https:\\\/\\\/schema.org\",\"@graph\":[{\"@type\":\"WebPage\",\"@id\":\"https:\\\/\\\/cornelliastudio.pl\\\/produkt\\\/artystyczne-kolczyki-lampwork-srebro-925-zielone-szklane-koraliki-recznie-wykonana-bizuteria-ze-szkla\\\/\",\"url\":\"https:\\\/\\\/cornelliastudio.pl\\\/produkt\\\/artystyczne-kolczyki-lampwork-srebro-925-zielone-szklane-koraliki-recznie-wykonana-bizuteria-ze-szkla\\\/\",\"name\":\"Srebrne kolczyki z lapis lazuli \u2013 eleganckie d\u0142ugie kolczyki z ultramarynow\u0105 tub\u0105 | Bi\u017cuteria artystyczna 925 - Cornellia Studio\",\"isPartOf\":{\"@id\":\"https:\\\/\\\/cornelliastudio.pl\\\/#website\"},\"primaryImageOfPage\":{\"@id\":\"https:\\\/\\\/cornelliastudio.pl\\\/produkt\\\/artystyczne-kolczyki-lampwork-srebro-925-zielone-szklane-koraliki-recznie-wykonana-bizuteria-ze-szkla\\\/#primaryimage\"},\"image\":{\"@id\":\"https:\\\/\\\/cornelliastudio.pl\\\/produkt\\\/artystyczne-kolczyki-lampwork-srebro-925-zielone-szklane-koraliki-recznie-wykonana-bizuteria-ze-szkla\\\/#primaryimage\"},\"thumbnailUrl\":\"https:\\\/\\\/cornelliastudio.pl\\\/wp-content\\\/uploads\\\/2025\\\/11\\\/20251010_095332-scaled.jpg\",\"datePublished\":\"2025-11-25T16:58:12+00:00\",\"dateModified\":\"2026-01-02T13:46:02+00:00\",\"breadcrumb\":{\"@id\":\"https:\\\/\\\/cornelliastudio.pl\\\/produkt\\\/artystyczne-kolczyki-lampwork-srebro-925-zielone-szklane-koraliki-recznie-wykonana-bizuteria-ze-szkla\\\/#breadcrumb\"},\"inLanguage\":\"en-GB\",\"potentialAction\":[{\"@type\":\"ReadAction\",\"target\":[\"https:\\\/\\\/cornelliastudio.pl\\\/produkt\\\/artystyczne-kolczyki-lampwork-srebro-925-zielone-szklane-koraliki-recznie-wykonana-bizuteria-ze-szkla\\\/\"]}]},{\"@type\":\"ImageObject\",\"inLanguage\":\"en-GB\",\"@id\":\"https:\\\/\\\/cornelliastudio.pl\\\/produkt\\\/artystyczne-kolczyki-lampwork-srebro-925-zielone-szklane-koraliki-recznie-wykonana-bizuteria-ze-szkla\\\/#primaryimage\",\"url\":\"https:\\\/\\\/cornelliastudio.pl\\\/wp-content\\\/uploads\\\/2025\\\/11\\\/20251010_095332-scaled.jpg\",\"contentUrl\":\"https:\\\/\\\/cornelliastudio.pl\\\/wp-content\\\/uploads\\\/2025\\\/11\\\/20251010_095332-scaled.jpg\",\"width\":2560,\"height\":2560},{\"@type\":\"BreadcrumbList\",\"@id\":\"https:\\\/\\\/cornelliastudio.pl\\\/produkt\\\/artystyczne-kolczyki-lampwork-srebro-925-zielone-szklane-koraliki-recznie-wykonana-bizuteria-ze-szkla\\\/#breadcrumb\",\"itemListElement\":[{\"@type\":\"ListItem\",\"position\":1,\"name\":\"Strona g\u0142\u00f3wna\",\"item\":\"https:\\\/\\\/cornelliastudio.pl\\\/\"},{\"@type\":\"ListItem\",\"position\":2,\"name\":\"Sklep\",\"item\":\"https:\\\/\\\/cornelliastudio.pl\\\/sklep\\\/\"},{\"@type\":\"ListItem\",\"position\":3,\"name\":\"Srebrne kolczyki z lapis lazuli \u2013 eleganckie d\u0142ugie kolczyki z ultramarynow\u0105 tub\u0105 | Bi\u017cuteria artystyczna 925\"}]},{\"@type\":\"WebSite\",\"@id\":\"https:\\\/\\\/cornelliastudio.pl\\\/#website\",\"url\":\"https:\\\/\\\/cornelliastudio.pl\\\/\",\"name\":\"Cornellia Studio\",\"description\":\"Bi\u017cuteria artystyczna, hand made\",\"publisher\":{\"@id\":\"https:\\\/\\\/cornelliastudio.pl\\\/#organization\"},\"potentialAction\":[{\"@type\":\"SearchAction\",\"target\":{\"@type\":\"EntryPoint\",\"urlTemplate\":\"https:\\\/\\\/cornelliastudio.pl\\\/?s={search_term_string}\"},\"query-input\":{\"@type\":\"PropertyValueSpecification\",\"valueRequired\":true,\"valueName\":\"search_term_string\"}}],\"inLanguage\":\"en-GB\"},{\"@type\":\"Organization\",\"@id\":\"https:\\\/\\\/cornelliastudio.pl\\\/#organization\",\"name\":\"Cornellia Studio\",\"url\":\"https:\\\/\\\/cornelliastudio.pl\\\/\",\"logo\":{\"@type\":\"ImageObject\",\"inLanguage\":\"en-GB\",\"@id\":\"https:\\\/\\\/cornelliastudio.pl\\\/#\\\/schema\\\/logo\\\/image\\\/\",\"url\":\"https:\\\/\\\/cornelliastudio.pl\\\/wp-content\\\/uploads\\\/2025\\\/10\\\/Cornellia-Studio-logo.png\",\"contentUrl\":\"https:\\\/\\\/cornelliastudio.pl\\\/wp-content\\\/uploads\\\/2025\\\/10\\\/Cornellia-Studio-logo.png\",\"width\":1563,\"height\":1563,\"caption\":\"Cornellia Studio\"},\"image\":{\"@id\":\"https:\\\/\\\/cornelliastudio.pl\\\/#\\\/schema\\\/logo\\\/image\\\/\"}}]}<\/script>\n<!-- \/ Yoast SEO plugin. -->","yoast_head_json":{"title":"Srebrne kolczyki z lapis lazuli \u2013 eleganckie d\u0142ugie kolczyki z ultramarynow\u0105 tub\u0105 | Bi\u017cuteria artystyczna 925 - Cornellia Studio","robots":{"index":"index","follow":"follow","max-snippet":"max-snippet:-1","max-image-preview":"max-image-preview:large","max-video-preview":"max-video-preview:-1"},"canonical":"https:\/\/cornelliastudio.pl\/en\/product\/artystyczne-kolczyki-lampwork-srebro-925-zielone-szklane-koraliki-recznie-wykonana-bizuteria-ze-szkla\/","og_locale":"en_GB","og_type":"article","og_title":"Srebrne kolczyki z lapis lazuli \u2013 eleganckie d\u0142ugie kolczyki z ultramarynow\u0105 tub\u0105 | Bi\u017cuteria artystyczna 925 - Cornellia Studio","og_description":"Srebrne kolczyki z lapis lazuli Odkryj pi\u0119kno g\u0142\u0119bokiej ultramaryny w wyj\u0105tkowej formie \u2013 te r\u0119cznie wykonane kolczyki ze srebra 925 to bi\u017cuteria dla kobiet, kt\u00f3re kochaj\u0105 elegancj\u0119, minimalizm i naturalne kamienie o silnej energii. G\u0142\u00f3wn\u0105 ozdob\u0105 kolczyk\u00f3w s\u0105 naturalne kamienie lapis lazuli w formie smuk\u0142ych tub \u2013 intensywnie niebieskie, subtelnie po\u0142yskuj\u0105ce z\u0142otymi drobinkami pirytu. To kamie\u0144 kojarzony z m\u0105dro\u015bci\u0105, spokojem i wewn\u0119trzn\u0105 harmoni\u0105. Design dope\u0142niaj\u0105 srebrne okr\u0119gi 925 o nowoczesnym charakterze, kt\u00f3re dodaj\u0105 kompozycji lekko\u015bci i elegancji. Ca\u0142o\u015b\u0107 tworzy bi\u017cuteri\u0119 ponadczasow\u0105, doskona\u0142\u0105 zar\u00f3wno na co dzie\u0144, jak i do wieczorowych stylizacji. Kolczyki s\u0105 zawieszone na wygodnych zapi\u0119ciach typu angielskiego, kt\u00f3re zapewniaj\u0105 bezpiecze\u0144stwo noszenia.","og_url":"https:\/\/cornelliastudio.pl\/en\/product\/artystyczne-kolczyki-lampwork-srebro-925-zielone-szklane-koraliki-recznie-wykonana-bizuteria-ze-szkla\/","og_site_name":"Cornellia Studio","article_modified_time":"2026-01-02T13:46:02+00:00","og_image":[{"width":2560,"height":2560,"url":"https:\/\/cornelliastudio.pl\/wp-content\/uploads\/2025\/11\/20251010_095332-scaled.jpg","type":"image\/jpeg"}],"twitter_card":"summary_large_image","twitter_misc":{"Estimated reading time":"2 minutes"},"schema":{"@context":"https:\/\/schema.org","@graph":[{"@type":"WebPage","@id":"https:\/\/cornelliastudio.pl\/produkt\/artystyczne-kolczyki-lampwork-srebro-925-zielone-szklane-koraliki-recznie-wykonana-bizuteria-ze-szkla\/","url":"https:\/\/cornelliastudio.pl\/produkt\/artystyczne-kolczyki-lampwork-srebro-925-zielone-szklane-koraliki-recznie-wykonana-bizuteria-ze-szkla\/","name":"Srebrne kolczyki z lapis lazuli \u2013 eleganckie d\u0142ugie kolczyki z ultramarynow\u0105 tub\u0105 | Bi\u017cuteria artystyczna 925 - Cornellia Studio","isPartOf":{"@id":"https:\/\/cornelliastudio.pl\/#website"},"primaryImageOfPage":{"@id":"https:\/\/cornelliastudio.pl\/produkt\/artystyczne-kolczyki-lampwork-srebro-925-zielone-szklane-koraliki-recznie-wykonana-bizuteria-ze-szkla\/#primaryimage"},"image":{"@id":"https:\/\/cornelliastudio.pl\/produkt\/artystyczne-kolczyki-lampwork-srebro-925-zielone-szklane-koraliki-recznie-wykonana-bizuteria-ze-szkla\/#primaryimage"},"thumbnailUrl":"https:\/\/cornelliastudio.pl\/wp-content\/uploads\/2025\/11\/20251010_095332-scaled.jpg","datePublished":"2025-11-25T16:58:12+00:00","dateModified":"2026-01-02T13:46:02+00:00","breadcrumb":{"@id":"https:\/\/cornelliastudio.pl\/produkt\/artystyczne-kolczyki-lampwork-srebro-925-zielone-szklane-koraliki-recznie-wykonana-bizuteria-ze-szkla\/#breadcrumb"},"inLanguage":"en-GB","potentialAction":[{"@type":"ReadAction","target":["https:\/\/cornelliastudio.pl\/produkt\/artystyczne-kolczyki-lampwork-srebro-925-zielone-szklane-koraliki-recznie-wykonana-bizuteria-ze-szkla\/"]}]},{"@type":"ImageObject","inLanguage":"en-GB","@id":"https:\/\/cornelliastudio.pl\/produkt\/artystyczne-kolczyki-lampwork-srebro-925-zielone-szklane-koraliki-recznie-wykonana-bizuteria-ze-szkla\/#primaryimage","url":"https:\/\/cornelliastudio.pl\/wp-content\/uploads\/2025\/11\/20251010_095332-scaled.jpg","contentUrl":"https:\/\/cornelliastudio.pl\/wp-content\/uploads\/2025\/11\/20251010_095332-scaled.jpg","width":2560,"height":2560},{"@type":"BreadcrumbList","@id":"https:\/\/cornelliastudio.pl\/produkt\/artystyczne-kolczyki-lampwork-srebro-925-zielone-szklane-koraliki-recznie-wykonana-bizuteria-ze-szkla\/#breadcrumb","itemListElement":[{"@type":"ListItem","position":1,"name":"Strona g\u0142\u00f3wna","item":"https:\/\/cornelliastudio.pl\/"},{"@type":"ListItem","position":2,"name":"Sklep","item":"https:\/\/cornelliastudio.pl\/sklep\/"},{"@type":"ListItem","position":3,"name":"Srebrne kolczyki z lapis lazuli \u2013 eleganckie d\u0142ugie kolczyki z ultramarynow\u0105 tub\u0105 | Bi\u017cuteria artystyczna 925"}]},{"@type":"WebSite","@id":"https:\/\/cornelliastudio.pl\/#website","url":"https:\/\/cornelliastudio.pl\/","name":"Cornellia Studio","description":"Bi\u017cuteria artystyczna, hand made","publisher":{"@id":"https:\/\/cornelliastudio.pl\/#organization"},"potentialAction":[{"@type":"SearchAction","target":{"@type":"EntryPoint","urlTemplate":"https:\/\/cornelliastudio.pl\/?s={search_term_string}"},"query-input":{"@type":"PropertyValueSpecification","valueRequired":true,"valueName":"search_term_string"}}],"inLanguage":"en-GB"},{"@type":"Organization","@id":"https:\/\/cornelliastudio.pl\/#organization","name":"Cornellia Studio","url":"https:\/\/cornelliastudio.pl\/","logo":{"@type":"ImageObject","inLanguage":"en-GB","@id":"https:\/\/cornelliastudio.pl\/#\/schema\/logo\/image\/","url":"https:\/\/cornelliastudio.pl\/wp-content\/uploads\/2025\/10\/Cornellia-Studio-logo.png","contentUrl":"https:\/\/cornelliastudio.pl\/wp-content\/uploads\/2025\/10\/Cornellia-Studio-logo.png","width":1563,"height":1563,"caption":"Cornellia Studio"},"image":{"@id":"https:\/\/cornelliastudio.pl\/#\/schema\/logo\/image\/"}}]}},"uagb_featured_image_src":{"full":["https:\/\/cornelliastudio.pl\/wp-content\/uploads\/2025\/11\/20251010_095332-scaled.jpg",2560,2560,false],"thumbnail":["https:\/\/cornelliastudio.pl\/wp-content\/uploads\/2025\/11\/20251010_095332-150x150.jpg",150,150,true],"medium":["https:\/\/cornelliastudio.pl\/wp-content\/uploads\/2025\/11\/20251010_095332-300x300.jpg",300,300,true],"medium_large":["https:\/\/cornelliastudio.pl\/wp-content\/uploads\/2025\/11\/20251010_095332-768x768.jpg",768,768,true],"large":["https:\/\/cornelliastudio.pl\/wp-content\/uploads\/2025\/11\/20251010_095332-1024x1024.jpg",1024,1024,true],"1536x1536":["https:\/\/cornelliastudio.pl\/wp-content\/uploads\/2025\/11\/20251010_095332-1536x1536.jpg",1536,1536,true],"2048x2048":["https:\/\/cornelliastudio.pl\/wp-content\/uploads\/2025\/11\/20251010_095332-2048x2048.jpg",2048,2048,true],"trp-custom-language-flag":["https:\/\/cornelliastudio.pl\/wp-content\/uploads\/2025\/11\/20251010_095332-scaled.jpg",12,12,false],"woocommerce_thumbnail":["https:\/\/cornelliastudio.pl\/wp-content\/uploads\/2025\/11\/20251010_095332-300x300.jpg",300,300,true],"woocommerce_single":["https:\/\/cornelliastudio.pl\/wp-content\/uploads\/2025\/11\/20251010_095332-600x600.jpg",600,600,true],"woocommerce_gallery_thumbnail":["https:\/\/cornelliastudio.pl\/wp-content\/uploads\/2025\/11\/20251010_095332-100x100.jpg",100,100,true]},"uagb_author_info":{"display_name":"Administrator","author_link":"https:\/\/cornelliastudio.pl\/en\/author\/"},"uagb_comment_info":0,"uagb_excerpt":"Srebrne kolczyki z lapis lazuli Odkryj pi\u0119kno g\u0142\u0119bokiej ultramaryny w wyj\u0105tkowej formie \u2013 te r\u0119cznie wykonane kolczyki ze srebra 925 to bi\u017cuteria dla kobiet, kt\u00f3re kochaj\u0105 elegancj\u0119, minimalizm i naturalne kamienie o silnej energii. G\u0142\u00f3wn\u0105 ozdob\u0105 kolczyk\u00f3w s\u0105 naturalne kamienie lapis lazuli w formie smuk\u0142ych tub \u2013 intensywnie niebieskie, subtelnie po\u0142yskuj\u0105ce z\u0142otymi drobinkami pirytu. To&hellip;","_links":{"self":[{"href":"https:\/\/cornelliastudio.pl\/en\/wp-json\/wp\/v2\/product\/2027","targetHints":{"allow":["GET"]}}],"collection":[{"href":"https:\/\/cornelliastudio.pl\/en\/wp-json\/wp\/v2\/product"}],"about":[{"href":"https:\/\/cornelliastudio.pl\/en\/wp-json\/wp\/v2\/types\/product"}],"replies":[{"embeddable":true,"href":"https:\/\/cornelliastudio.pl\/en\/wp-json\/wp\/v2\/comments?post=2027"}],"wp:featuredmedia":[{"embeddable":true,"href":"https:\/\/cornelliastudio.pl\/en\/wp-json\/wp\/v2\/media\/2513"}],"wp:attachment":[{"href":"https:\/\/cornelliastudio.pl\/en\/wp-json\/wp\/v2\/media?parent=2027"}],"wp:term":[{"taxonomy":"product_brand","embeddable":true,"href":"https:\/\/cornelliastudio.pl\/en\/wp-json\/wp\/v2\/product_brand?post=2027"},{"taxonomy":"product_cat","embeddable":true,"href":"https:\/\/cornelliastudio.pl\/en\/wp-json\/wp\/v2\/product_cat?post=2027"},{"taxonomy":"product_tag","embeddable":true,"href":"https:\/\/cornelliastudio.pl\/en\/wp-json\/wp\/v2\/product_tag?post=2027"}],"curies":[{"name":"wp","href":"https:\/\/api.w.org\/{rel}","templated":true}]}}