{"id":328,"date":"2025-10-21T11:52:23","date_gmt":"2025-10-21T09:52:23","guid":{"rendered":"https:\/\/cornelliastudio.pl\/about\/"},"modified":"2026-01-21T09:46:52","modified_gmt":"2026-01-21T08:46:52","slug":"o-mnie","status":"publish","type":"page","link":"https:\/\/cornelliastudio.pl\/en\/o-mnie\/","title":{"rendered":"About Me"},"content":{"rendered":"<div class=\"wp-block-uagb-container uagb-block-2ff557b3 alignfull uagb-is-root-container\"><div class=\"uagb-container-inner-blocks-wrap\">\n<div class=\"wp-block-uagb-advanced-heading uagb-block-834bc74a\"><h1 class=\"uagb-heading-text\">Unique Jewelry<\/h1><p class=\"uagb-desc-text translation-block\"><strong>Cornellia Studio<\/strong>\u00a0is a space where modernity meets subtle simplicity. I create handmade jewelry - light, delicate, and full of natural harmony. My inspiration comes spontaneously from the surrounding nature, which delights with its diversity of forms, structures, textures, and colors.<\/p><\/div>\n<\/div><\/div>\n\n\n\n<div class=\"wp-block-uagb-container uagb-block-c69ea5a4 alignfull uagb-is-root-container\"><div class=\"uagb-container-inner-blocks-wrap\">\n<div class=\"wp-block-uagb-image uagb-block-e2e4b39d wp-block-uagb-image--layout-default wp-block-uagb-image--effect-static wp-block-uagb-image--align-none\"><figure class=\"wp-block-uagb-image__figure\"><img decoding=\"async\" srcset=\"https:\/\/cornelliastudio.pl\/wp-content\/uploads\/2025\/10\/about1-1024x341.jpg ,https:\/\/cornelliastudio.pl\/wp-content\/uploads\/2025\/10\/about1-scaled.jpg 780w, https:\/\/cornelliastudio.pl\/wp-content\/uploads\/2025\/10\/about1-scaled.jpg 360w\" sizes=\"auto, (max-width: 480px) 150px\" src=\"https:\/\/cornelliastudio.pl\/wp-content\/uploads\/2025\/10\/about1-1024x341.jpg\" alt=\"\" class=\"uag-image-1713\" width=\"1024\" height=\"341\" title=\"About\" loading=\"lazy\" role=\"img\"\/><\/figure><\/div>\n<\/div><\/div>\n\n\n\n<div class=\"wp-block-uagb-container uagb-block-569d153c alignfull uagb-is-root-container\"><div class=\"uagb-container-inner-blocks-wrap\">\n<div class=\"wp-block-uagb-container uagb-layout-grid uagb-block-08bcd5b3 alignfull uagb-is-root-container\"><div class=\"uagb-container-inner-blocks-wrap\">\n<div class=\"wp-block-uagb-image alignleft uagb-block-85bc0136 wp-block-uagb-image--layout-default wp-block-uagb-image--effect-static wp-block-uagb-image--align-left\"><figure class=\"wp-block-uagb-image__figure\"><img decoding=\"async\" srcset=\"https:\/\/cornelliastudio.pl\/wp-content\/uploads\/2025\/10\/about2-1024x1024.jpg ,https:\/\/cornelliastudio.pl\/wp-content\/uploads\/2025\/10\/about2.jpg 780w, https:\/\/cornelliastudio.pl\/wp-content\/uploads\/2025\/10\/about2.jpg 360w\" sizes=\"auto, (max-width: 480px) 150px\" src=\"https:\/\/cornelliastudio.pl\/wp-content\/uploads\/2025\/10\/about2-1024x1024.jpg\" alt=\"\" class=\"uag-image-1714\" width=\"500\" height=\"1024\" title=\"About\" loading=\"lazy\" role=\"img\"\/><\/figure><\/div>\n\n\n\n<div class=\"wp-block-uagb-info-box uagb-block-229f40af uagb-infobox__content-wrap  uagb-infobox-icon-above-title uagb-infobox-image-valign-top\"><div class=\"uagb-ifb-content\"><div class=\"uagb-ifb-title-wrap\"><h2 class=\"uagb-ifb-title\">About Cornellia Studio<\/h2><\/div><p class=\"uagb-ifb-desc translation-block\">I love the creative process - it is what makes each collection unique, and its outcomes often surprise even me. My work is defined by a minimalist character, clean forms, and subtle accents that draw the eye.\nI am particularly inspired by layering, the play of lengths, and delicate color contrasts, which come together to create unexpected yet striking compositions.\n<\/br><\/br>\nEach piece of jewelry is personally crafted by me using traditional goldsmithing techniques. My designs begin with a piece of silver wire or sheet - cut, shaped, textured, and soldered - before reaching their final, hand-finished form.\nI work exclusively with the highest-quality materials because I believe true beauty lies in attention to every detail.<\/p><\/div><\/div>\n<\/div><\/div>\n\n\n\n<div class=\"wp-block-uagb-container uagb-layout-flex uagb-block-9d5f4720 alignfull uagb-is-root-container\"><div class=\"uagb-container-inner-blocks-wrap\">\n<div class=\"wp-block-uagb-container uagb-block-4cd0912d\">\n<div class=\"wp-block-uagb-info-box uagb-block-e5a06a9b uagb-infobox__content-wrap  uagb-infobox-icon-above-title uagb-infobox-image-valign-top\"><div class=\"uagb-ifb-content\"><div class=\"uagb-ifb-title-wrap\"><h2 class=\"uagb-ifb-title\">Jewelry with a Soul<\/h2><\/div><p class=\"uagb-ifb-desc translation-block\"><strong>Cornellia Studio<\/strong>\u00a0is the fulfillment of a dream - the opportunity to work in my own atelier, surrounded by nature and close to my family. It is a place where a passion for metal becomes functional art, and jewelry becomes an everyday companion to life\u2019s most beautiful moments.<\/p><\/div><\/div>\n<\/div>\n\n\n\n<div class=\"wp-block-uagb-image alignright uagb-block-9dc3bcaa wp-block-uagb-image--layout-default wp-block-uagb-image--effect-static wp-block-uagb-image--align-right\"><figure class=\"wp-block-uagb-image__figure\"><img decoding=\"async\" srcset=\"https:\/\/cornelliastudio.pl\/wp-content\/uploads\/2025\/10\/20250924_145521.jpg ,https:\/\/cornelliastudio.pl\/wp-content\/uploads\/2025\/10\/20250924_145521.jpg 780w, https:\/\/cornelliastudio.pl\/wp-content\/uploads\/2025\/10\/20250924_145521.jpg 360w\" sizes=\"auto, (max-width: 480px) 150px\" src=\"https:\/\/cornelliastudio.pl\/wp-content\/uploads\/2025\/10\/20250924_145521.jpg\" alt=\"\" class=\"uag-image-1857\" width=\"486\" height=\"497\" title=\"Jewelry with a Soul\" loading=\"lazy\" role=\"img\"\/><\/figure><\/div>\n<\/div><\/div>\n<\/div><\/div>\n\n\n\n<div class=\"wp-block-uagb-container uagb-block-1fc74e82 alignfull uagb-is-root-container\">\n<div class=\"wp-block-uagb-info-box uagb-block-6f4011ff uagb-infobox__content-wrap  uagb-infobox_cta-type-all uagb-infobox-icon-above-title uagb-infobox-image-valign-top\"><a href=\"https:\/\/www.instagram.com\/cornellia_studio\/\" class=\"uagb-infobox-link-wrap uagb-infbox__link-to-all\" target=\"_blank\" aria-label=\"Infobox Link\" rel=\"noopener noreferrer\" onclick=\"return true;\"><\/a><div class=\"uagb-ifb-content\"><div class=\"uagb-ifb-icon-wrap\"><svg xmlns=\"https:\/\/www.w3.org\/2000\/svg\" viewbox=\"0 0 448 512\"><path d=\"M224.1 141c-63.6 0-114.9 51.3-114.9 114.9s51.3 114.9 114.9 114.9S339 319.5 339 255.9 287.7 141 224.1 141zm0 189.6c-41.1 0-74.7-33.5-74.7-74.7s33.5-74.7 74.7-74.7 74.7 33.5 74.7 74.7-33.6 74.7-74.7 74.7zm146.4-194.3c0 14.9-12 26.8-26.8 26.8-14.9 0-26.8-12-26.8-26.8s12-26.8 26.8-26.8 26.8 12 26.8 26.8zm76.1 27.2c-1.7-35.9-9.9-67.7-36.2-93.9-26.2-26.2-58-34.4-93.9-36.2-37-2.1-147.9-2.1-184.9 0-35.8 1.7-67.6 9.9-93.9 36.1s-34.4 58-36.2 93.9c-2.1 37-2.1 147.9 0 184.9 1.7 35.9 9.9 67.7 36.2 93.9s58 34.4 93.9 36.2c37 2.1 147.9 2.1 184.9 0 35.9-1.7 67.7-9.9 93.9-36.2 26.2-26.2 34.4-58 36.2-93.9 2.1-37 2.1-147.8 0-184.8zM398.8 388c-7.8 19.6-22.9 34.7-42.6 42.6-29.5 11.7-99.5 9-132.1 9s-102.7 2.6-132.1-9c-19.6-7.8-34.7-22.9-42.6-42.6-11.7-29.5-9-99.5-9-132.1s-2.6-102.7 9-132.1c7.8-19.6 22.9-34.7 42.6-42.6 29.5-11.7 99.5-9 132.1-9s102.7-2.6 132.1 9c19.6 7.8 34.7 22.9 42.6 42.6 11.7 29.5 9 99.5 9 132.1s2.7 102.7-9 132.1z\"><\/path><\/svg><\/div><div class=\"uagb-ifb-title-wrap\"><h3 class=\"uagb-ifb-title\">Follow @cornellia_studio<\/h3><\/div><p class=\"uagb-ifb-desc\">Crafted from 925 sterling silver and natural gemstones. Handmade jewelry inspired by nature<\/p><div class=\"uagb-ifb-button-wrapper wp-block-button\"><\/div><\/div><\/div>\n\n\n\n<div class=\"wp-block-uagb-image uagb-block-cb4ed534 wp-block-uagb-image--layout-default wp-block-uagb-image--effect-static wp-block-uagb-image--align-none\"><figure class=\"wp-block-uagb-image__figure\"><img decoding=\"async\" srcset=\"https:\/\/cornelliastudio.pl\/wp-content\/uploads\/2025\/10\/instafeed-image.jpg ,https:\/\/cornelliastudio.pl\/wp-content\/uploads\/2025\/10\/instafeed-image.jpg 780w, https:\/\/cornelliastudio.pl\/wp-content\/uploads\/2025\/10\/instafeed-image.jpg 360w\" sizes=\"auto, (max-width: 480px) 150px\" src=\"https:\/\/cornelliastudio.pl\/wp-content\/uploads\/2025\/10\/instafeed-image.jpg\" alt=\"\" class=\"uag-image-1717\" width=\"1920\" height=\"384\" title=\"Instagram @cornellia_studio\" loading=\"lazy\" role=\"img\"\/><\/figure><\/div>\n<\/div>","protected":false},"excerpt":{"rendered":"<p>Unikatowa bi\u017cuteria Cornellia Studio&nbsp;to przestrze\u0144, w&nbsp;kt\u00f3rej nowoczesno\u015b\u0107 spotyka&nbsp;si\u0119 z&nbsp;subteln\u0105 prostot\u0105. Tworz\u0119 bi\u017cuteri\u0119 handmade \u2013 lekk\u0105, delikatn\u0105 i&nbsp;pe\u0142n\u0105 naturalnej harmonii. Inspiracj\u0119 czerpi\u0119 spontanicznie z&nbsp;otaczaj\u0105cej mnie natury, kt\u00f3ra&nbsp;zachwyca r\u00f3\u017cnorodno\u015bci\u0105 form, struktur, faktur i&nbsp;barw.<\/p>","protected":false},"author":1,"featured_media":0,"parent":0,"menu_order":30,"comment_status":"closed","ping_status":"closed","template":"","meta":{"_uag_custom_page_level_css":"","site-sidebar-layout":"no-sidebar","site-content-layout":"plain-container","ast-site-content-layout":"normal-width-container","site-content-style":"unboxed","site-sidebar-style":"unboxed","ast-global-header-display":"","ast-banner-title-visibility":"","ast-main-header-display":"","ast-hfb-above-header-display":"","ast-hfb-below-header-display":"","ast-hfb-mobile-header-display":"","site-post-title":"disabled","ast-breadcrumbs-content":"","ast-featured-img":"disabled","footer-sml-layout":"","ast-disable-related-posts":"","theme-transparent-header-meta":"default","adv-header-id-meta":"","stick-header-meta":"","header-above-stick-meta":"","header-main-stick-meta":"","header-below-stick-meta":"","astra-migrate-meta-layouts":"set","ast-page-background-enabled":"default","ast-page-background-meta":{"desktop":{"background-color":"var(--ast-global-color-4)","background-image":"","background-repeat":"repeat","background-position":"center center","background-size":"auto","background-attachment":"scroll","background-type":"","background-media":"","overlay-type":"","overlay-color":"","overlay-opacity":"","overlay-gradient":""},"tablet":{"background-color":"","background-image":"","background-repeat":"repeat","background-position":"center center","background-size":"auto","background-attachment":"scroll","background-type":"","background-media":"","overlay-type":"","overlay-color":"","overlay-opacity":"","overlay-gradient":""},"mobile":{"background-color":"","background-image":"","background-repeat":"repeat","background-position":"center center","background-size":"auto","background-attachment":"scroll","background-type":"","background-media":"","overlay-type":"","overlay-color":"","overlay-opacity":"","overlay-gradient":""}},"ast-content-background-meta":{"desktop":{"background-color":"var(--ast-global-color-5)","background-image":"","background-repeat":"repeat","background-position":"center center","background-size":"auto","background-attachment":"scroll","background-type":"","background-media":"","overlay-type":"","overlay-color":"","overlay-opacity":"","overlay-gradient":""},"tablet":{"background-color":"var(--ast-global-color-5)","background-image":"","background-repeat":"repeat","background-position":"center center","background-size":"auto","background-attachment":"scroll","background-type":"","background-media":"","overlay-type":"","overlay-color":"","overlay-opacity":"","overlay-gradient":""},"mobile":{"background-color":"var(--ast-global-color-5)","background-image":"","background-repeat":"repeat","background-position":"center center","background-size":"auto","background-attachment":"scroll","background-type":"","background-media":"","overlay-type":"","overlay-color":"","overlay-opacity":"","overlay-gradient":""}},"footnotes":""},"class_list":["post-328","page","type-page","status-publish","hentry"],"yoast_head":"<!-- This site is optimized with the Yoast SEO plugin v27.4 - https:\/\/yoast.com\/product\/yoast-seo-wordpress\/ -->\n<title>O mnie - Cornellia Studio<\/title>\n<meta name=\"description\" content=\"Tworz\u0119 bi\u017cuteri\u0119 handmade \u2013 lekk\u0105, delikatn\u0105 i\u00a0pe\u0142n\u0105 harmonii. Inspiracj\u0119 czerpi\u0119 z\u00a0otaczaj\u0105cej natury, kt\u00f3ra\u00a0zachwyca r\u00f3\u017cnorodno\u015bci\u0105\" \/>\n<meta name=\"robots\" content=\"index, follow, max-snippet:-1, max-image-preview:large, max-video-preview:-1\" \/>\n<link rel=\"canonical\" href=\"https:\/\/cornelliastudio.pl\/en\/o-mnie\/\" \/>\n<meta property=\"og:locale\" content=\"en_GB\" \/>\n<meta property=\"og:type\" content=\"article\" \/>\n<meta property=\"og:title\" content=\"O mnie - Cornellia Studio\" \/>\n<meta property=\"og:description\" content=\"Tworz\u0119 bi\u017cuteri\u0119 handmade \u2013 lekk\u0105, delikatn\u0105 i\u00a0pe\u0142n\u0105 harmonii. Inspiracj\u0119 czerpi\u0119 z\u00a0otaczaj\u0105cej natury, kt\u00f3ra\u00a0zachwyca r\u00f3\u017cnorodno\u015bci\u0105\" \/>\n<meta property=\"og:url\" content=\"https:\/\/cornelliastudio.pl\/en\/o-mnie\/\" \/>\n<meta property=\"og:site_name\" content=\"Cornellia Studio\" \/>\n<meta property=\"article:modified_time\" content=\"2026-01-21T08:46:52+00:00\" \/>\n<meta property=\"og:image\" content=\"https:\/\/cornelliastudio.pl\/wp-content\/uploads\/2025\/10\/about1-1024x341.jpg\" \/>\n<meta name=\"twitter:card\" content=\"summary_large_image\" \/>\n<meta name=\"twitter:label1\" content=\"Estimated reading time\" \/>\n\t<meta name=\"twitter:data1\" content=\"2 minutes\" \/>\n<script type=\"application\/ld+json\" class=\"yoast-schema-graph\">{\"@context\":\"https:\\\/\\\/schema.org\",\"@graph\":[{\"@type\":\"WebPage\",\"@id\":\"https:\\\/\\\/cornelliastudio.pl\\\/o-mnie\\\/\",\"url\":\"https:\\\/\\\/cornelliastudio.pl\\\/o-mnie\\\/\",\"name\":\"O mnie - Cornellia Studio\",\"isPartOf\":{\"@id\":\"https:\\\/\\\/cornelliastudio.pl\\\/#website\"},\"primaryImageOfPage\":{\"@id\":\"https:\\\/\\\/cornelliastudio.pl\\\/o-mnie\\\/#primaryimage\"},\"image\":{\"@id\":\"https:\\\/\\\/cornelliastudio.pl\\\/o-mnie\\\/#primaryimage\"},\"thumbnailUrl\":\"https:\\\/\\\/cornelliastudio.pl\\\/wp-content\\\/uploads\\\/2025\\\/10\\\/about1-1024x341.jpg\",\"datePublished\":\"2025-10-21T09:52:23+00:00\",\"dateModified\":\"2026-01-21T08:46:52+00:00\",\"description\":\"Tworz\u0119 bi\u017cuteri\u0119 handmade \u2013 lekk\u0105, delikatn\u0105 i\u00a0pe\u0142n\u0105 harmonii. Inspiracj\u0119 czerpi\u0119 z\u00a0otaczaj\u0105cej natury, kt\u00f3ra\u00a0zachwyca r\u00f3\u017cnorodno\u015bci\u0105\",\"breadcrumb\":{\"@id\":\"https:\\\/\\\/cornelliastudio.pl\\\/o-mnie\\\/#breadcrumb\"},\"inLanguage\":\"en-GB\",\"potentialAction\":[{\"@type\":\"ReadAction\",\"target\":[\"https:\\\/\\\/cornelliastudio.pl\\\/o-mnie\\\/\"]}]},{\"@type\":\"ImageObject\",\"inLanguage\":\"en-GB\",\"@id\":\"https:\\\/\\\/cornelliastudio.pl\\\/o-mnie\\\/#primaryimage\",\"url\":\"https:\\\/\\\/cornelliastudio.pl\\\/wp-content\\\/uploads\\\/2025\\\/10\\\/about1-1024x341.jpg\",\"contentUrl\":\"https:\\\/\\\/cornelliastudio.pl\\\/wp-content\\\/uploads\\\/2025\\\/10\\\/about1-1024x341.jpg\"},{\"@type\":\"BreadcrumbList\",\"@id\":\"https:\\\/\\\/cornelliastudio.pl\\\/o-mnie\\\/#breadcrumb\",\"itemListElement\":[{\"@type\":\"ListItem\",\"position\":1,\"name\":\"Strona g\u0142\u00f3wna\",\"item\":\"https:\\\/\\\/cornelliastudio.pl\\\/\"},{\"@type\":\"ListItem\",\"position\":2,\"name\":\"O mnie\"}]},{\"@type\":\"WebSite\",\"@id\":\"https:\\\/\\\/cornelliastudio.pl\\\/#website\",\"url\":\"https:\\\/\\\/cornelliastudio.pl\\\/\",\"name\":\"Cornellia Studio\",\"description\":\"Bi\u017cuteria artystyczna, hand made\",\"publisher\":{\"@id\":\"https:\\\/\\\/cornelliastudio.pl\\\/#organization\"},\"potentialAction\":[{\"@type\":\"SearchAction\",\"target\":{\"@type\":\"EntryPoint\",\"urlTemplate\":\"https:\\\/\\\/cornelliastudio.pl\\\/?s={search_term_string}\"},\"query-input\":{\"@type\":\"PropertyValueSpecification\",\"valueRequired\":true,\"valueName\":\"search_term_string\"}}],\"inLanguage\":\"en-GB\"},{\"@type\":\"Organization\",\"@id\":\"https:\\\/\\\/cornelliastudio.pl\\\/#organization\",\"name\":\"Cornellia Studio\",\"url\":\"https:\\\/\\\/cornelliastudio.pl\\\/\",\"logo\":{\"@type\":\"ImageObject\",\"inLanguage\":\"en-GB\",\"@id\":\"https:\\\/\\\/cornelliastudio.pl\\\/#\\\/schema\\\/logo\\\/image\\\/\",\"url\":\"https:\\\/\\\/cornelliastudio.pl\\\/wp-content\\\/uploads\\\/2025\\\/10\\\/Cornellia-Studio-logo.png\",\"contentUrl\":\"https:\\\/\\\/cornelliastudio.pl\\\/wp-content\\\/uploads\\\/2025\\\/10\\\/Cornellia-Studio-logo.png\",\"width\":1563,\"height\":1563,\"caption\":\"Cornellia Studio\"},\"image\":{\"@id\":\"https:\\\/\\\/cornelliastudio.pl\\\/#\\\/schema\\\/logo\\\/image\\\/\"}}]}<\/script>\n<!-- \/ Yoast SEO plugin. -->","yoast_head_json":{"title":"O mnie - Cornellia Studio","description":"Tworz\u0119 bi\u017cuteri\u0119 handmade \u2013 lekk\u0105, delikatn\u0105 i\u00a0pe\u0142n\u0105 harmonii. Inspiracj\u0119 czerpi\u0119 z\u00a0otaczaj\u0105cej natury, kt\u00f3ra\u00a0zachwyca r\u00f3\u017cnorodno\u015bci\u0105","robots":{"index":"index","follow":"follow","max-snippet":"max-snippet:-1","max-image-preview":"max-image-preview:large","max-video-preview":"max-video-preview:-1"},"canonical":"https:\/\/cornelliastudio.pl\/en\/o-mnie\/","og_locale":"en_GB","og_type":"article","og_title":"O mnie - Cornellia Studio","og_description":"Tworz\u0119 bi\u017cuteri\u0119 handmade \u2013 lekk\u0105, delikatn\u0105 i\u00a0pe\u0142n\u0105 harmonii. Inspiracj\u0119 czerpi\u0119 z\u00a0otaczaj\u0105cej natury, kt\u00f3ra\u00a0zachwyca r\u00f3\u017cnorodno\u015bci\u0105","og_url":"https:\/\/cornelliastudio.pl\/en\/o-mnie\/","og_site_name":"Cornellia Studio","article_modified_time":"2026-01-21T08:46:52+00:00","og_image":[{"url":"https:\/\/cornelliastudio.pl\/wp-content\/uploads\/2025\/10\/about1-1024x341.jpg","type":"","width":"","height":""}],"twitter_card":"summary_large_image","twitter_misc":{"Estimated reading time":"2 minutes"},"schema":{"@context":"https:\/\/schema.org","@graph":[{"@type":"WebPage","@id":"https:\/\/cornelliastudio.pl\/o-mnie\/","url":"https:\/\/cornelliastudio.pl\/o-mnie\/","name":"O mnie - Cornellia Studio","isPartOf":{"@id":"https:\/\/cornelliastudio.pl\/#website"},"primaryImageOfPage":{"@id":"https:\/\/cornelliastudio.pl\/o-mnie\/#primaryimage"},"image":{"@id":"https:\/\/cornelliastudio.pl\/o-mnie\/#primaryimage"},"thumbnailUrl":"https:\/\/cornelliastudio.pl\/wp-content\/uploads\/2025\/10\/about1-1024x341.jpg","datePublished":"2025-10-21T09:52:23+00:00","dateModified":"2026-01-21T08:46:52+00:00","description":"Tworz\u0119 bi\u017cuteri\u0119 handmade \u2013 lekk\u0105, delikatn\u0105 i\u00a0pe\u0142n\u0105 harmonii. Inspiracj\u0119 czerpi\u0119 z\u00a0otaczaj\u0105cej natury, kt\u00f3ra\u00a0zachwyca r\u00f3\u017cnorodno\u015bci\u0105","breadcrumb":{"@id":"https:\/\/cornelliastudio.pl\/o-mnie\/#breadcrumb"},"inLanguage":"en-GB","potentialAction":[{"@type":"ReadAction","target":["https:\/\/cornelliastudio.pl\/o-mnie\/"]}]},{"@type":"ImageObject","inLanguage":"en-GB","@id":"https:\/\/cornelliastudio.pl\/o-mnie\/#primaryimage","url":"https:\/\/cornelliastudio.pl\/wp-content\/uploads\/2025\/10\/about1-1024x341.jpg","contentUrl":"https:\/\/cornelliastudio.pl\/wp-content\/uploads\/2025\/10\/about1-1024x341.jpg"},{"@type":"BreadcrumbList","@id":"https:\/\/cornelliastudio.pl\/o-mnie\/#breadcrumb","itemListElement":[{"@type":"ListItem","position":1,"name":"Strona g\u0142\u00f3wna","item":"https:\/\/cornelliastudio.pl\/"},{"@type":"ListItem","position":2,"name":"O mnie"}]},{"@type":"WebSite","@id":"https:\/\/cornelliastudio.pl\/#website","url":"https:\/\/cornelliastudio.pl\/","name":"Cornellia Studio","description":"Bi\u017cuteria artystyczna, hand made","publisher":{"@id":"https:\/\/cornelliastudio.pl\/#organization"},"potentialAction":[{"@type":"SearchAction","target":{"@type":"EntryPoint","urlTemplate":"https:\/\/cornelliastudio.pl\/?s={search_term_string}"},"query-input":{"@type":"PropertyValueSpecification","valueRequired":true,"valueName":"search_term_string"}}],"inLanguage":"en-GB"},{"@type":"Organization","@id":"https:\/\/cornelliastudio.pl\/#organization","name":"Cornellia Studio","url":"https:\/\/cornelliastudio.pl\/","logo":{"@type":"ImageObject","inLanguage":"en-GB","@id":"https:\/\/cornelliastudio.pl\/#\/schema\/logo\/image\/","url":"https:\/\/cornelliastudio.pl\/wp-content\/uploads\/2025\/10\/Cornellia-Studio-logo.png","contentUrl":"https:\/\/cornelliastudio.pl\/wp-content\/uploads\/2025\/10\/Cornellia-Studio-logo.png","width":1563,"height":1563,"caption":"Cornellia Studio"},"image":{"@id":"https:\/\/cornelliastudio.pl\/#\/schema\/logo\/image\/"}}]}},"uagb_featured_image_src":{"full":false,"thumbnail":false,"medium":false,"medium_large":false,"large":false,"1536x1536":false,"2048x2048":false,"trp-custom-language-flag":false,"woocommerce_thumbnail":false,"woocommerce_single":false,"woocommerce_gallery_thumbnail":false},"uagb_author_info":{"display_name":"Administrator","author_link":"https:\/\/cornelliastudio.pl\/en\/author\/andrzej-876765432\/"},"uagb_comment_info":0,"uagb_excerpt":"Unikatowa bi\u017cuteria Cornellia Studio&nbsp;to przestrze\u0144, w&nbsp;kt\u00f3rej nowoczesno\u015b\u0107 spotyka&nbsp;si\u0119 z&nbsp;subteln\u0105 prostot\u0105. Tworz\u0119 bi\u017cuteri\u0119 handmade \u2013 lekk\u0105, delikatn\u0105 i&nbsp;pe\u0142n\u0105 naturalnej harmonii. Inspiracj\u0119 czerpi\u0119 spontanicznie z&nbsp;otaczaj\u0105cej mnie natury, kt\u00f3ra&nbsp;zachwyca r\u00f3\u017cnorodno\u015bci\u0105 form, struktur, faktur i&nbsp;barw.","_links":{"self":[{"href":"https:\/\/cornelliastudio.pl\/en\/wp-json\/wp\/v2\/pages\/328","targetHints":{"allow":["GET"]}}],"collection":[{"href":"https:\/\/cornelliastudio.pl\/en\/wp-json\/wp\/v2\/pages"}],"about":[{"href":"https:\/\/cornelliastudio.pl\/en\/wp-json\/wp\/v2\/types\/page"}],"author":[{"embeddable":true,"href":"https:\/\/cornelliastudio.pl\/en\/wp-json\/wp\/v2\/users\/1"}],"replies":[{"embeddable":true,"href":"https:\/\/cornelliastudio.pl\/en\/wp-json\/wp\/v2\/comments?post=328"}],"version-history":[{"count":14,"href":"https:\/\/cornelliastudio.pl\/en\/wp-json\/wp\/v2\/pages\/328\/revisions"}],"predecessor-version":[{"id":3218,"href":"https:\/\/cornelliastudio.pl\/en\/wp-json\/wp\/v2\/pages\/328\/revisions\/3218"}],"wp:attachment":[{"href":"https:\/\/cornelliastudio.pl\/en\/wp-json\/wp\/v2\/media?parent=328"}],"curies":[{"name":"wp","href":"https:\/\/api.w.org\/{rel}","templated":true}]}}