{"id":1941,"date":"2025-11-12T19:50:34","date_gmt":"2025-11-12T18:50:34","guid":{"rendered":"https:\/\/cornelliastudio.pl\/?page_id=1941"},"modified":"2025-11-12T19:54:20","modified_gmt":"2025-11-12T18:54:20","slug":"formularz-odstapienia-od-umowy-zawartej-na-odleglosc","status":"publish","type":"page","link":"https:\/\/cornelliastudio.pl\/en\/formularz-odstapienia-od-umowy-zawartej-na-odleglosc\/","title":{"rendered":"Withdrawal from Distance Contract Form"},"content":{"rendered":"<h2 class=\"wp-block-heading\"><strong>FORMULARZ ODST\u0104PIENIA OD UMOWY&nbsp;<\/strong><\/h2>\n\n\n\n<h2 class=\"wp-block-heading\"><strong>ZAWARTEJ NA ODLEG\u0141O\u015a\u0106<\/strong><\/h2>\n\n\n\n<p><em>(wz\u00f3r zgodny z za\u0142\u0105cznikiem nr 2 do ustawy z dnia 30 maja 2014 r. o prawach konsumenta)<\/em><\/p>\n\n\n\n<p><strong>Cornellia Studio Katarzyna Szulczewska<\/strong><br>Adres: ul. Gwia\u017adzista 21\/99, 01-650 Warszawa<br>E-mail: szulczewska.kasia@gmail.com<br><\/p>\n\n\n\n<p><strong>Ja \u2026\u2026\u2026\u2026\u2026\u2026\u2026\u2026\u2026\u2026\u2026\u2026\u2026\u2026\u2026\u2026\u2026\u2026&#8230;<\/strong><em>&nbsp;niniejszym informuj\u0119\/informujemy(<\/em><strong>) o moim odst\u0105pieniu od umowy sprzeda\u017cy nast\u0119puj\u0105cych rzeczy \/ umowy dostawy nast\u0119puj\u0105cych rzeczy \/ umowy o \u015bwiadczenie nast\u0119puj\u0105cej us\u0142ugi(*)<\/strong>:<\/p>\n\n\n\n<p>&#8230;&#8230;&#8230;&#8230;&#8230;&#8230;&#8230;&#8230;&#8230;&#8230;&#8230;&#8230;&#8230;&#8230;&#8230;&#8230;&#8230;&#8230;&#8230;&#8230;&#8230;&#8230;&#8230;&#8230;&#8230;&#8230;&#8230;&#8230;&#8230;&#8230;&#8230;&#8230;&#8230;&#8230;&#8230;&#8230;&#8230;&#8230;&#8230;&#8230;.<br>&#8230;&#8230;&#8230;&#8230;&#8230;&#8230;&#8230;&#8230;&#8230;&#8230;&#8230;&#8230;&#8230;&#8230;&#8230;&#8230;&#8230;&#8230;&#8230;&#8230;&#8230;&#8230;&#8230;&#8230;&#8230;&#8230;&#8230;&#8230;&#8230;&#8230;&#8230;&#8230;&#8230;&#8230;&#8230;&#8230;&#8230;&#8230;&#8230;&#8230;.<\/p>\n\n\n\n<p><strong>Data zawarcia umowy \/ odbioru(<\/strong>): &#8230;&#8230;&#8230;&#8230;&#8230;&#8230;&#8230;&#8230;&#8230;&#8230;&#8230;&#8230;&#8230;&#8230;&#8230;&#8230;&#8230;&#8230;<\/p>\n\n\n\n<p><strong>Imi\u0119 i nazwisko konsumenta(-\u00f3w):<\/strong><br>&#8230;&#8230;&#8230;&#8230;&#8230;&#8230;&#8230;&#8230;&#8230;&#8230;&#8230;&#8230;&#8230;&#8230;&#8230;&#8230;&#8230;&#8230;&#8230;&#8230;&#8230;&#8230;&#8230;&#8230;&#8230;&#8230;&#8230;&#8230;&#8230;&#8230;&#8230;&#8230;&#8230;&#8230;&#8230;&#8230;&#8230;&#8230;&#8230;&#8230;.<\/p>\n\n\n\n<p><strong>Adres konsumenta(-\u00f3w):<\/strong><br>&#8230;&#8230;&#8230;&#8230;&#8230;&#8230;&#8230;&#8230;&#8230;&#8230;&#8230;&#8230;&#8230;&#8230;&#8230;&#8230;&#8230;&#8230;&#8230;&#8230;&#8230;&#8230;&#8230;&#8230;&#8230;&#8230;&#8230;&#8230;&#8230;&#8230;&#8230;&#8230;&#8230;&#8230;&#8230;&#8230;&#8230;&#8230;&#8230;&#8230;.<\/p>\n\n\n\n<p><strong>Numer zam\u00f3wienia:<\/strong>&nbsp;&#8230;&#8230;&#8230;&#8230;&#8230;&#8230;&#8230;&#8230;&#8230;&#8230;&#8230;&#8230;&#8230;&#8230;&#8230;&#8230;&#8230;&#8230;<\/p>\n\n\n\n<p><strong>Numer rachunku bankowego do zwrotu \u015brodk\u00f3w:<\/strong><br>&#8230;&#8230;&#8230;&#8230;&#8230;&#8230;&#8230;&#8230;&#8230;&#8230;&#8230;&#8230;&#8230;&#8230;&#8230;&#8230;&#8230;&#8230;&#8230;&#8230;&#8230;&#8230;&#8230;&#8230;&#8230;&#8230;&#8230;&#8230;&#8230;&#8230;&#8230;&#8230;&#8230;&#8230;&#8230;&#8230;&#8230;&#8230;&#8230;&#8230;.<\/p>\n\n\n\n<p><strong>Podpis konsumenta(-\u00f3w)<\/strong><br>(tylko je\u017celi formularz jest przesy\u0142any w wersji papierowej):<br>&#8230;&#8230;&#8230;&#8230;&#8230;&#8230;&#8230;&#8230;&#8230;&#8230;&#8230;&#8230;&#8230;&#8230;&#8230;&#8230;&#8230;&#8230;&#8230;&#8230;&#8230;&#8230;&#8230;&#8230;&#8230;&#8230;&#8230;&#8230;&#8230;&#8230;&#8230;&#8230;&#8230;&#8230;&#8230;&#8230;&#8230;&#8230;&#8230;&#8230;.<\/p>\n\n\n\n<p><strong>Data:<\/strong>&nbsp;&#8230;&#8230;&#8230;&#8230;&#8230;&#8230;&#8230;&#8230;&#8230;&#8230;&#8230;&#8230;&#8230;&#8230;&#8230;&#8230;&#8230;&#8230;<\/p>\n\n\n\n<p>(*) niepotrzebne skre\u015bli\u0107<\/p>\n\n\n\n<div class=\"wp-block-uagb-container uagb-block-ca354d39 default uagb-is-root-container\">\n<div data-wp-interactive=\"core\/file\" class=\"wp-block-file\"><object data-wp-bind--hidden=\"!state.hasPdfPreview\" hidden class=\"wp-block-file__embed\" data=\"https:\/\/cornelliastudio.pl\/wp-content\/uploads\/2025\/11\/Formularz-odstapienia-od-umowy.pdf\" type=\"application\/pdf\" style=\"width:100%;height:400px\" aria-label=\"Embed of Formularz odst\u0105pienia od umowy.pdf.\"><\/object><a id=\"wp-block-file--media-3d83b941-bdde-4200-99e7-2397d78e1f0c\" href=\"https:\/\/cornelliastudio.pl\/wp-content\/uploads\/2025\/11\/Formularz-odstapienia-od-umowy.pdf\" target=\"_blank\" rel=\"noreferrer noopener\">Formularz odst\u0105pienia od umowy.pdf<\/a><a href=\"https:\/\/cornelliastudio.pl\/wp-content\/uploads\/2025\/11\/Formularz-odstapienia-od-umowy.pdf\" class=\"wp-block-file__button wp-element-button\" download aria-describedby=\"wp-block-file--media-3d83b941-bdde-4200-99e7-2397d78e1f0c\">Pobierz<\/a><\/div>\n<\/div>","protected":false},"excerpt":{"rendered":"<p>FORMULARZ ODST\u0104PIENIA OD UMOWY&nbsp; ZAWARTEJ NA ODLEG\u0141O\u015a\u0106 (wz\u00f3r zgodny z za\u0142\u0105cznikiem nr 2 do ustawy z dnia 30 maja 2014 r. o prawach konsumenta) Cornellia Studio Katarzyna SzulczewskaAdres: ul. Gwia\u017adzista 21\/99, 01-650 WarszawaE-mail: szulczewska.kasia@gmail.com Ja \u2026\u2026\u2026\u2026\u2026\u2026\u2026\u2026\u2026\u2026\u2026\u2026\u2026\u2026\u2026\u2026\u2026\u2026&#8230;&nbsp;niniejszym informuj\u0119\/informujemy() o moim odst\u0105pieniu od umowy sprzeda\u017cy nast\u0119puj\u0105cych rzeczy \/ umowy dostawy nast\u0119puj\u0105cych rzeczy \/ umowy o \u015bwiadczenie nast\u0119puj\u0105cej [&hellip;]<\/p>\n","protected":false},"author":1,"featured_media":0,"parent":0,"menu_order":82,"comment_status":"closed","ping_status":"closed","template":"","meta":{"_uag_custom_page_level_css":"","site-sidebar-layout":"default","site-content-layout":"","ast-site-content-layout":"default","site-content-style":"default","site-sidebar-style":"default","ast-global-header-display":"","ast-banner-title-visibility":"","ast-main-header-display":"","ast-hfb-above-header-display":"","ast-hfb-below-header-display":"","ast-hfb-mobile-header-display":"","site-post-title":"disabled","ast-breadcrumbs-content":"","ast-featured-img":"","footer-sml-layout":"","ast-disable-related-posts":"","theme-transparent-header-meta":"","adv-header-id-meta":"","stick-header-meta":"","header-above-stick-meta":"","header-main-stick-meta":"","header-below-stick-meta":"","astra-migrate-meta-layouts":"set","ast-page-background-enabled":"default","ast-page-background-meta":{"desktop":{"background-color":"var(--ast-global-color-4)","background-image":"","background-repeat":"repeat","background-position":"center center","background-size":"auto","background-attachment":"scroll","background-type":"","background-media":"","overlay-type":"","overlay-color":"","overlay-opacity":"","overlay-gradient":""},"tablet":{"background-color":"","background-image":"","background-repeat":"repeat","background-position":"center center","background-size":"auto","background-attachment":"scroll","background-type":"","background-media":"","overlay-type":"","overlay-color":"","overlay-opacity":"","overlay-gradient":""},"mobile":{"background-color":"","background-image":"","background-repeat":"repeat","background-position":"center center","background-size":"auto","background-attachment":"scroll","background-type":"","background-media":"","overlay-type":"","overlay-color":"","overlay-opacity":"","overlay-gradient":""}},"ast-content-background-meta":{"desktop":{"background-color":"var(--ast-global-color-5)","background-image":"","background-repeat":"repeat","background-position":"center center","background-size":"auto","background-attachment":"scroll","background-type":"","background-media":"","overlay-type":"","overlay-color":"","overlay-opacity":"","overlay-gradient":""},"tablet":{"background-color":"var(--ast-global-color-5)","background-image":"","background-repeat":"repeat","background-position":"center center","background-size":"auto","background-attachment":"scroll","background-type":"","background-media":"","overlay-type":"","overlay-color":"","overlay-opacity":"","overlay-gradient":""},"mobile":{"background-color":"var(--ast-global-color-5)","background-image":"","background-repeat":"repeat","background-position":"center center","background-size":"auto","background-attachment":"scroll","background-type":"","background-media":"","overlay-type":"","overlay-color":"","overlay-opacity":"","overlay-gradient":""}},"footnotes":""},"class_list":["post-1941","page","type-page","status-publish","hentry"],"yoast_head":"<!-- This site is optimized with the Yoast SEO plugin v27.4 - https:\/\/yoast.com\/product\/yoast-seo-wordpress\/ -->\n<title>Formularz odst\u0105pienia od umowy zawartej na odleg\u0142o\u015b\u0107 - Cornellia Studio<\/title>\n<meta name=\"robots\" content=\"index, follow, max-snippet:-1, max-image-preview:large, max-video-preview:-1\" \/>\n<link rel=\"canonical\" href=\"https:\/\/cornelliastudio.pl\/en\/formularz-odstapienia-od-umowy-zawartej-na-odleglosc\/\" \/>\n<meta property=\"og:locale\" content=\"en_GB\" \/>\n<meta property=\"og:type\" content=\"article\" \/>\n<meta property=\"og:title\" content=\"Formularz odst\u0105pienia od umowy zawartej na odleg\u0142o\u015b\u0107 - Cornellia Studio\" \/>\n<meta property=\"og:description\" content=\"FORMULARZ ODST\u0104PIENIA OD UMOWY&nbsp; ZAWARTEJ NA ODLEG\u0141O\u015a\u0106 (wz\u00f3r zgodny z za\u0142\u0105cznikiem nr 2 do ustawy z dnia 30 maja 2014 r. o prawach konsumenta) Cornellia Studio Katarzyna SzulczewskaAdres: ul. Gwia\u017adzista 21\/99, 01-650 WarszawaE-mail: szulczewska.kasia@gmail.com Ja \u2026\u2026\u2026\u2026\u2026\u2026\u2026\u2026\u2026\u2026\u2026\u2026\u2026\u2026\u2026\u2026\u2026\u2026&#8230;&nbsp;niniejszym informuj\u0119\/informujemy() o moim odst\u0105pieniu od umowy sprzeda\u017cy nast\u0119puj\u0105cych rzeczy \/ umowy dostawy nast\u0119puj\u0105cych rzeczy \/ umowy o \u015bwiadczenie nast\u0119puj\u0105cej [&hellip;]\" \/>\n<meta property=\"og:url\" content=\"https:\/\/cornelliastudio.pl\/en\/formularz-odstapienia-od-umowy-zawartej-na-odleglosc\/\" \/>\n<meta property=\"og:site_name\" content=\"Cornellia Studio\" \/>\n<meta property=\"article:modified_time\" content=\"2025-11-12T18:54:20+00:00\" \/>\n<meta name=\"twitter:card\" content=\"summary_large_image\" \/>\n<meta name=\"twitter:label1\" content=\"Estimated reading time\" \/>\n\t<meta name=\"twitter:data1\" content=\"1 minute\" \/>\n<script type=\"application\/ld+json\" class=\"yoast-schema-graph\">{\"@context\":\"https:\\\/\\\/schema.org\",\"@graph\":[{\"@type\":\"WebPage\",\"@id\":\"https:\\\/\\\/cornelliastudio.pl\\\/formularz-odstapienia-od-umowy-zawartej-na-odleglosc\\\/\",\"url\":\"https:\\\/\\\/cornelliastudio.pl\\\/formularz-odstapienia-od-umowy-zawartej-na-odleglosc\\\/\",\"name\":\"Formularz odst\u0105pienia od umowy zawartej na odleg\u0142o\u015b\u0107 - Cornellia Studio\",\"isPartOf\":{\"@id\":\"https:\\\/\\\/cornelliastudio.pl\\\/#website\"},\"datePublished\":\"2025-11-12T18:50:34+00:00\",\"dateModified\":\"2025-11-12T18:54:20+00:00\",\"breadcrumb\":{\"@id\":\"https:\\\/\\\/cornelliastudio.pl\\\/formularz-odstapienia-od-umowy-zawartej-na-odleglosc\\\/#breadcrumb\"},\"inLanguage\":\"en-GB\",\"potentialAction\":[{\"@type\":\"ReadAction\",\"target\":[\"https:\\\/\\\/cornelliastudio.pl\\\/formularz-odstapienia-od-umowy-zawartej-na-odleglosc\\\/\"]}]},{\"@type\":\"BreadcrumbList\",\"@id\":\"https:\\\/\\\/cornelliastudio.pl\\\/formularz-odstapienia-od-umowy-zawartej-na-odleglosc\\\/#breadcrumb\",\"itemListElement\":[{\"@type\":\"ListItem\",\"position\":1,\"name\":\"Strona g\u0142\u00f3wna\",\"item\":\"https:\\\/\\\/cornelliastudio.pl\\\/\"},{\"@type\":\"ListItem\",\"position\":2,\"name\":\"Formularz odst\u0105pienia od umowy zawartej na odleg\u0142o\u015b\u0107\"}]},{\"@type\":\"WebSite\",\"@id\":\"https:\\\/\\\/cornelliastudio.pl\\\/#website\",\"url\":\"https:\\\/\\\/cornelliastudio.pl\\\/\",\"name\":\"Cornellia Studio\",\"description\":\"Bi\u017cuteria artystyczna, hand made\",\"publisher\":{\"@id\":\"https:\\\/\\\/cornelliastudio.pl\\\/#organization\"},\"potentialAction\":[{\"@type\":\"SearchAction\",\"target\":{\"@type\":\"EntryPoint\",\"urlTemplate\":\"https:\\\/\\\/cornelliastudio.pl\\\/?s={search_term_string}\"},\"query-input\":{\"@type\":\"PropertyValueSpecification\",\"valueRequired\":true,\"valueName\":\"search_term_string\"}}],\"inLanguage\":\"en-GB\"},{\"@type\":\"Organization\",\"@id\":\"https:\\\/\\\/cornelliastudio.pl\\\/#organization\",\"name\":\"Cornellia Studio\",\"url\":\"https:\\\/\\\/cornelliastudio.pl\\\/\",\"logo\":{\"@type\":\"ImageObject\",\"inLanguage\":\"en-GB\",\"@id\":\"https:\\\/\\\/cornelliastudio.pl\\\/#\\\/schema\\\/logo\\\/image\\\/\",\"url\":\"https:\\\/\\\/cornelliastudio.pl\\\/wp-content\\\/uploads\\\/2025\\\/10\\\/Cornellia-Studio-logo.png\",\"contentUrl\":\"https:\\\/\\\/cornelliastudio.pl\\\/wp-content\\\/uploads\\\/2025\\\/10\\\/Cornellia-Studio-logo.png\",\"width\":1563,\"height\":1563,\"caption\":\"Cornellia Studio\"},\"image\":{\"@id\":\"https:\\\/\\\/cornelliastudio.pl\\\/#\\\/schema\\\/logo\\\/image\\\/\"}}]}<\/script>\n<!-- \/ Yoast SEO plugin. -->","yoast_head_json":{"title":"Formularz odst\u0105pienia od umowy zawartej na odleg\u0142o\u015b\u0107 - Cornellia Studio","robots":{"index":"index","follow":"follow","max-snippet":"max-snippet:-1","max-image-preview":"max-image-preview:large","max-video-preview":"max-video-preview:-1"},"canonical":"https:\/\/cornelliastudio.pl\/en\/formularz-odstapienia-od-umowy-zawartej-na-odleglosc\/","og_locale":"en_GB","og_type":"article","og_title":"Formularz odst\u0105pienia od umowy zawartej na odleg\u0142o\u015b\u0107 - Cornellia Studio","og_description":"FORMULARZ ODST\u0104PIENIA OD UMOWY&nbsp; ZAWARTEJ NA ODLEG\u0141O\u015a\u0106 (wz\u00f3r zgodny z za\u0142\u0105cznikiem nr 2 do ustawy z dnia 30 maja 2014 r. o prawach konsumenta) Cornellia Studio Katarzyna SzulczewskaAdres: ul. Gwia\u017adzista 21\/99, 01-650 WarszawaE-mail: szulczewska.kasia@gmail.com Ja \u2026\u2026\u2026\u2026\u2026\u2026\u2026\u2026\u2026\u2026\u2026\u2026\u2026\u2026\u2026\u2026\u2026\u2026&#8230;&nbsp;niniejszym informuj\u0119\/informujemy() o moim odst\u0105pieniu od umowy sprzeda\u017cy nast\u0119puj\u0105cych rzeczy \/ umowy dostawy nast\u0119puj\u0105cych rzeczy \/ umowy o \u015bwiadczenie nast\u0119puj\u0105cej [&hellip;]","og_url":"https:\/\/cornelliastudio.pl\/en\/formularz-odstapienia-od-umowy-zawartej-na-odleglosc\/","og_site_name":"Cornellia Studio","article_modified_time":"2025-11-12T18:54:20+00:00","twitter_card":"summary_large_image","twitter_misc":{"Estimated reading time":"1 minute"},"schema":{"@context":"https:\/\/schema.org","@graph":[{"@type":"WebPage","@id":"https:\/\/cornelliastudio.pl\/formularz-odstapienia-od-umowy-zawartej-na-odleglosc\/","url":"https:\/\/cornelliastudio.pl\/formularz-odstapienia-od-umowy-zawartej-na-odleglosc\/","name":"Formularz odst\u0105pienia od umowy zawartej na odleg\u0142o\u015b\u0107 - Cornellia Studio","isPartOf":{"@id":"https:\/\/cornelliastudio.pl\/#website"},"datePublished":"2025-11-12T18:50:34+00:00","dateModified":"2025-11-12T18:54:20+00:00","breadcrumb":{"@id":"https:\/\/cornelliastudio.pl\/formularz-odstapienia-od-umowy-zawartej-na-odleglosc\/#breadcrumb"},"inLanguage":"en-GB","potentialAction":[{"@type":"ReadAction","target":["https:\/\/cornelliastudio.pl\/formularz-odstapienia-od-umowy-zawartej-na-odleglosc\/"]}]},{"@type":"BreadcrumbList","@id":"https:\/\/cornelliastudio.pl\/formularz-odstapienia-od-umowy-zawartej-na-odleglosc\/#breadcrumb","itemListElement":[{"@type":"ListItem","position":1,"name":"Strona g\u0142\u00f3wna","item":"https:\/\/cornelliastudio.pl\/"},{"@type":"ListItem","position":2,"name":"Formularz odst\u0105pienia od umowy zawartej na odleg\u0142o\u015b\u0107"}]},{"@type":"WebSite","@id":"https:\/\/cornelliastudio.pl\/#website","url":"https:\/\/cornelliastudio.pl\/","name":"Cornellia Studio","description":"Bi\u017cuteria artystyczna, hand made","publisher":{"@id":"https:\/\/cornelliastudio.pl\/#organization"},"potentialAction":[{"@type":"SearchAction","target":{"@type":"EntryPoint","urlTemplate":"https:\/\/cornelliastudio.pl\/?s={search_term_string}"},"query-input":{"@type":"PropertyValueSpecification","valueRequired":true,"valueName":"search_term_string"}}],"inLanguage":"en-GB"},{"@type":"Organization","@id":"https:\/\/cornelliastudio.pl\/#organization","name":"Cornellia Studio","url":"https:\/\/cornelliastudio.pl\/","logo":{"@type":"ImageObject","inLanguage":"en-GB","@id":"https:\/\/cornelliastudio.pl\/#\/schema\/logo\/image\/","url":"https:\/\/cornelliastudio.pl\/wp-content\/uploads\/2025\/10\/Cornellia-Studio-logo.png","contentUrl":"https:\/\/cornelliastudio.pl\/wp-content\/uploads\/2025\/10\/Cornellia-Studio-logo.png","width":1563,"height":1563,"caption":"Cornellia Studio"},"image":{"@id":"https:\/\/cornelliastudio.pl\/#\/schema\/logo\/image\/"}}]}},"uagb_featured_image_src":{"full":false,"thumbnail":false,"medium":false,"medium_large":false,"large":false,"1536x1536":false,"2048x2048":false,"trp-custom-language-flag":false,"woocommerce_thumbnail":false,"woocommerce_single":false,"woocommerce_gallery_thumbnail":false},"uagb_author_info":{"display_name":"Administrator","author_link":"https:\/\/cornelliastudio.pl\/en\/author\/andrzej-876765432\/"},"uagb_comment_info":0,"uagb_excerpt":"FORMULARZ ODST\u0104PIENIA OD UMOWY&nbsp; ZAWARTEJ NA ODLEG\u0141O\u015a\u0106 (wz\u00f3r zgodny z za\u0142\u0105cznikiem nr 2 do ustawy z dnia 30 maja 2014 r. o prawach konsumenta) Cornellia Studio Katarzyna SzulczewskaAdres: ul. Gwia\u017adzista 21\/99, 01-650 WarszawaE-mail: szulczewska.kasia@gmail.com Ja \u2026\u2026\u2026\u2026\u2026\u2026\u2026\u2026\u2026\u2026\u2026\u2026\u2026\u2026\u2026\u2026\u2026\u2026&#8230;&nbsp;niniejszym informuj\u0119\/informujemy() o moim odst\u0105pieniu od umowy sprzeda\u017cy nast\u0119puj\u0105cych rzeczy \/ umowy dostawy nast\u0119puj\u0105cych rzeczy \/ umowy o \u015bwiadczenie nast\u0119puj\u0105cej&hellip;","_links":{"self":[{"href":"https:\/\/cornelliastudio.pl\/en\/wp-json\/wp\/v2\/pages\/1941","targetHints":{"allow":["GET"]}}],"collection":[{"href":"https:\/\/cornelliastudio.pl\/en\/wp-json\/wp\/v2\/pages"}],"about":[{"href":"https:\/\/cornelliastudio.pl\/en\/wp-json\/wp\/v2\/types\/page"}],"author":[{"embeddable":true,"href":"https:\/\/cornelliastudio.pl\/en\/wp-json\/wp\/v2\/users\/1"}],"replies":[{"embeddable":true,"href":"https:\/\/cornelliastudio.pl\/en\/wp-json\/wp\/v2\/comments?post=1941"}],"version-history":[{"count":5,"href":"https:\/\/cornelliastudio.pl\/en\/wp-json\/wp\/v2\/pages\/1941\/revisions"}],"predecessor-version":[{"id":1948,"href":"https:\/\/cornelliastudio.pl\/en\/wp-json\/wp\/v2\/pages\/1941\/revisions\/1948"}],"wp:attachment":[{"href":"https:\/\/cornelliastudio.pl\/en\/wp-json\/wp\/v2\/media?parent=1941"}],"curies":[{"name":"wp","href":"https:\/\/api.w.org\/{rel}","templated":true}]}}